{"id":49911,"date":"2026-03-04T10:33:04","date_gmt":"2026-03-04T10:33:04","guid":{"rendered":"https:\/\/amannforg.com\/?post_type=product&#038;p=49911"},"modified":"2026-03-07T16:30:24","modified_gmt":"2026-03-07T16:30:24","slug":"netgear-nighthawk-tri-band-wifi-7-router-rs300-sicherheitsfunktionen-be9300-wlan-geschwindigkeit-bis-zu-93-gbit-s-deckt-bis-zu-185-m2-100-gerate-ab-25-gb-internet","status":"publish","type":"product","link":"https:\/\/amannforg.com\/de\/produkt\/netgear-nighthawk-tri-band-wifi-7-router-rs300-sicherheitsfunktionen-be9300-wlan-geschwindigkeit-bis-zu-93-gbit-s-deckt-bis-zu-185-m2-100-gerate-ab-25-gb-internet\/","title":{"rendered":"NETGEAR Nighthawk Tri-Band WiFi 7 Router (RS300) \u2013 Sicherheitsfunktionen, BE9300 WLAN-Geschwindigkeit (bis zu 9,3 Gbit\/s) \u2013 deckt bis zu 185 m2, 100 Ger\u00e4te ab \u2013 2,5 GB Internetanschluss"},"content":{"rendered":"<p class=\"mb-l\">\n<div class=\"titlepage\">\n<h2 class=\"text-h3 mb-l\">Netgear Nighthawk RS300 WiFi 7 Tri-Band Router<\/h2>\n<\/div>\n<p class=\"mb-l\">Nutzen Sie die Leistung von WiFi 7 f\u00fcr Geschwindigkeiten von bis zu 9,3 Gbit\/s, 2,4-mal schneller als WiFi 6, und 320 MHz Hochleistungskan\u00e4le f\u00fcr bis zu 100 Ger\u00e4te. Der Nighthawk\u00ae RS300 WiFi 7 Tri-Band-Router bietet 3 WiFi-B\u00e4nder, darunter das ultraschnelle 6-GHz-Band f\u00fcr Spitzenleistung mit weniger St\u00f6rungen durch benachbarte Netzwerke. Das Hochleistungsantennendesign bietet eine WiFi-Abdeckung von bis zu 230 m\u00b2, und Sie k\u00f6nnen Ihre anspruchsvollen Ger\u00e4te an die beiden 2,5-Gigabit- und zwei 1-Gigabit-LAN-Ports f\u00fcr ultraschnelle kabelgebundene Geschwindigkeit anschlie\u00dfen. Genie\u00dfen Sie das Beste aus 4K\/8K-Videostreaming, Gaming, Videokonferenzen, Sicherheitssystemen und Smart-Home-Ger\u00e4ten der n\u00e4chsten Generation.<\/p>\n<p class=\"mb-l\">\n<div class=\"titlepage\">\n<h2 class=\"text-h3 mb-l\">WiFi 7 vom Marktf\u00fchrer f\u00fcr WiFi-Innovation<\/h2>\n<\/div>\n<p class=\"mb-l\">Nighthawk WiFi 7 basiert auf \u00fcber 25 Jahren bahnbrechender Innovation und wurde gem\u00e4\u00df den anspruchsvollen Qualit\u00e4tsstandards von NETGEAR pr\u00e4zise entwickelt, damit Sie alle Vorteile von WiFi 7 genie\u00dfen k\u00f6nnen.<\/p>\n<p class=\"mb-l\">\n<div class=\"titlepage\">\n<h2 class=\"text-h3 mb-l\">Superschnelles WiFi<\/h2>\n<\/div>\n<p class=\"mb-l\">Superschnelles WiFi 7 mit Geschwindigkeiten von bis zu 9,3 Gbit\/s f\u00fcr Gaming, reibungsloses Streaming, Videokonferenzen und Unterhaltung.<\/p>\n<p class=\"mb-l\">\n<div class=\"titlepage\">\n<h2 class=\"text-h3 mb-l\">Mehr Kapazit\u00e4t f\u00fcr datenintensive Aktivit\u00e4ten<\/h2>\n<\/div>\n<p class=\"mb-l\">Schlie\u00dfen Sie bis zu 100 Ger\u00e4te an, z. B. Ihre Sicherheitskameras, Smart-Home-Ger\u00e4te und Lautsprecher, und genie\u00dfen Sie 4K\/8K-Videostreaming, Online-Gaming und Videokonferenzen.<\/p>\n<p class=\"mb-l\">\n<div class=\"titlepage\">\n<h2 class=\"text-h3 mb-l\">Multi-Gig-Geschwindigkeiten mit 2,5-GbE-Internetanschluss<\/h2>\n<\/div>\n<p class=\"mb-l\">Nutzen Sie den 2,5-Gigabit-Internetanschluss f\u00fcr Kabel- und Glasfasertarife mit bis zu 2,5 Gbit\/s2. Kompatibel mit jedem Internetdienstanbieter.<\/p>\n<p class=\"mb-l\">\n<div class=\"titlepage\">\n<h2 class=\"text-h3 mb-l\">2,5-GbE-Kabelanschluss und mehr<\/h2>\n<\/div>\n<p class=\"mb-l\">Schlie\u00dfen Sie kabelgebundene Ger\u00e4te an, um die Leistung \u00fcber zwei 2,5-Gbps-Ethernet-LAN-Anschl\u00fcsse und zwei 1-Gbps-Ethernet-LAN-Anschl\u00fcsse zu verbessern.<\/p>\n<p class=\"mb-l\">\n<div class=\"titlepage\">\n<h2 class=\"text-h3 mb-l\">Lightspeed-Leistung<\/h2>\n<\/div>\n<p class=\"mb-l\">6-GHz-WLAN-Band 1 bietet eine zus\u00e4tzliche Hochgeschwindigkeitsautobahn f\u00fcr verbesserte Leistung.<\/p>\n<p class=\"mb-l\">\n<div class=\"titlepage\">\n<h2 class=\"text-h3 mb-l\">Umfangreiche Abdeckung<\/h2>\n<\/div>\n<p class=\"mb-l\">Ultrastarkes Antennenarray bietet eine Abdeckung von bis zu 230 m\u00b2.<\/p>\n<p class=\"mb-l\">\n<div class=\"titlepage\">\n<h2 class=\"text-h3 mb-l\">Nighthawk\u00ae-App<\/h2>\n<\/div>\n<p class=\"mb-l\">Richten Sie Ihren Router ganz einfach ein, verwalten Sie Ihr Netzwerk von \u00fcberall aus, pausieren Sie das Internet auf Ihren verbundenen Ger\u00e4ten, f\u00fchren Sie einen schnellen Internet-Geschwindigkeitstest durch, verfolgen Sie Ihre Internet-Datennutzung, richten Sie separate Gastnetzwerke ein und mehr.<\/p>\n<p class=\"mb-l\">\n<div class=\"titlepage\">\n<h2 class=\"text-h3 mb-l\">Umfassende Funktionen<\/h2>\n<\/div>\n<p class=\"mb-l\">Verwenden Sie 3.0 USB, um Dateien mit allen verbundenen Ger\u00e4ten zu teilen, verwenden Sie das VPN f\u00fcr den sicheren Fernzugriff auf Ihr Heimnetzwerk und mehr.<\/p>\n<div class=\"titlepage\">\n<h2 class=\"text-h3 mb-l\">Technische Daten<\/h2>\n<\/div>\n<p class=\"mb-l\">WiFi 7 BE9300 Router Tri-Band WiFi<\/p>\n<p class=\"mb-l\">2,4 GHz (2&#215;2), 0,7 Gbps, 40 MHz, 4K-QAM<\/p>\n<p class=\"mb-l\">5 GHz (2&#215;2), 2,9 Gbps, 160 MHz, 4K-QAM<\/p>\n<p class=\"mb-l\">6 GHz (2&#215;2), 5,8 Gbps, 320 MHz, 4K-QAM<\/p>\n<p class=\"mb-l\">MU-MIMO-f\u00e4hig f\u00fcr gleichzeitiges Daten-Streaming<\/p>\n<p class=\"mb-l\">Uplink &amp; Downlink OFDMA4 f\u00fcr verbesserte Kapazit\u00e4t und Effizienz<\/p>\n<p class=\"mb-l\">Antennen: Vier (4) leistungsstarke interne Antennen und Hochleistungsverst\u00e4rker Speicher \u2013 512 MB NAND-Flash und 2 GB RAM<\/p>\n<p class=\"mb-l\">Leistungsstarker Quad-Core-Prozessor mit 2,0 GHz<\/p>\n<p class=\"mb-l\">Anschl\u00fcsse:<\/p>\n<p class=\"mb-l\">Ein (1) 2,5 Gbps Internet-Anschluss<\/p>\n<p class=\"mb-l\">Zwei (2) 2,5 Gbps Ethernet-LAN-Anschl\u00fcsse<\/p>\n<p class=\"mb-l\">Zwei (2) 10\/100\/1000 Mbit\/s Gigabit-Ethernet-LAN Anschl\u00fcsse<\/p>\n<p class=\"mb-l\">Ein (1) USB 3.0-Anschluss<\/p>\n<p class=\"mb-l\">\n<div class=\"titlepage\">\n<h2 class=\"text-h3 mb-l\">Systemvoraussetzungen<\/h2>\n<\/div>\n<p class=\"mb-l\">Breitband-Internetdienst (DSL\/Kabel\/Glasfaser\/Satellit)<\/p>\n<p class=\"mb-l\">Ein DSL-\/Kabel-\/Glasfaser-\/Satellitenmodem mit einem RJ45-Anschluss<\/p>\n<p class=\"mb-l\">Android\u00ae-Telefone, iPhones\u00ae oder Computer mit Ethernet- oder WLAN- Verbindung<\/p>\n<p class=\"mb-l\">\n<div class=\"titlepage\">\n<h2 class=\"text-h3 mb-l\">Lieferumfang<\/h2>\n<\/div>\n<p class=\"mb-l\">Ein (1) WiFi 7 Tri-Band-Router (RS300)<\/p>\n<p class=\"mb-l\">Ein (1) 2 m Ethernet-Kabel<\/p>\n<p class=\"mb-l\">Ein (1) 12 V\/3,5 A Netzteil<\/p>\n<p class=\"mb-l\">Kurzanleitung<\/p>\n<li class=\"mb-m\">\n<div class=\"flex flex-col m:flex-row gap-s m:gap-xl\">\n<div class=\"text-h3 min-w-[244px] max-w-[244px]\">Lieferumfang<\/div>\n<div class=\"flex flex-col gap-s\"><span class=\"\"><\/p>\n<ul class=\"flex flex-col gap-s\">\n<li class=\"ml-3xs pl-[15px] relative before:absolute before:w-[8px] before:h-[8px] before:bg-dark before:top-[8px] before:left-0 before:rounded-full\">Netzkabel <\/li>\n<li class=\"ml-3xs pl-[15px] relative before:absolute before:w-[8px] before:h-[8px] before:bg-dark before:top-[8px] before:left-0 before:rounded-full\">Netzadapter<\/li>\n<li class=\"ml-3xs pl-[15px] relative before:absolute before:w-[8px] before:h-[8px] before:bg-dark before:top-[8px] before:left-0 before:rounded-full\">Software<\/li>\n<\/ul>\n<p><\/span><\/div>\n<\/div>\n<\/li>\n<li class=\"mb-m\">\n<div class=\"flex flex-col m:flex-row gap-s m:gap-xl\">\n<div class=\"text-h3 min-w-[244px] max-w-[244px]\">Anzahl USB-A<\/div>\n<div class=\"flex flex-col gap-s\"><span class=\"\"><\/p>\n<ul class=\"flex flex-col gap-s\">\n<li class=\"ml-3xs pl-[15px] relative before:absolute before:w-[8px] before:h-[8px] before:bg-dark before:top-[8px] before:left-0 before:rounded-full\">2 St<\/li>\n<\/ul>\n<p><\/span><\/div>\n<\/div>\n<\/li>\n<li class=\"mb-m\">\n<div class=\"flex flex-col m:flex-row gap-s m:gap-xl\">\n<div class=\"text-h3 min-w-[244px] max-w-[244px]\">Abmessungen \/ Gewicht<\/div>\n<div class=\"flex flex-col gap-s\"><span class=\"\"><\/p>\n<ul class=\"flex flex-col gap-s\">\n<li class=\"ml-3xs pl-[15px] relative before:absolute before:w-[8px] before:h-[8px] before:bg-dark before:top-[8px] before:left-0 before:rounded-full\">Breite: 150 mm<\/li>\n<li class=\"ml-3xs pl-[15px] relative before:absolute before:w-[8px] before:h-[8px] before:bg-dark before:top-[8px] before:left-0 before:rounded-full\">H\u00f6he: 249 mm<\/li>\n<li class=\"ml-3xs pl-[15px] relative before:absolute before:w-[8px] before:h-[8px] before:bg-dark before:top-[8px] before:left-0 before:rounded-full\">Tiefe: 101.6 mm<\/li>\n<li class=\"ml-3xs pl-[15px] relative before:absolute before:w-[8px] before:h-[8px] before:bg-dark before:top-[8px] before:left-0 before:rounded-full\">Gewicht: 0.950 kg<\/li>\n<\/ul>\n<p><\/span><\/div>\n<\/div>\n<\/li>\n<li class=\"mb-m\">\n<div class=\"flex flex-col m:flex-row gap-s m:gap-xl\">\n<div class=\"text-h3 min-w-[244px] max-w-[244px]\">Netzwerk<\/div>\n<div class=\"flex flex-col gap-s\"><span class=\"\"><\/p>\n<ul class=\"flex flex-col gap-s\">\n<li class=\"ml-3xs pl-[15px] relative before:absolute before:w-[8px] before:h-[8px] before:bg-dark before:top-[8px] before:left-0 before:rounded-full\">Gesamtzahl RJ45-Ports: 2<\/li>\n<li class=\"ml-3xs pl-[15px] relative before:absolute before:w-[8px] before:h-[8px] before:bg-dark before:top-[8px] before:left-0 before:rounded-full\">Anzahl 2.5 GB LAN Ports (2.5 Gbit\/s): 2 St<\/li>\n<li class=\"ml-3xs pl-[15px] relative before:absolute before:w-[8px] before:h-[8px] before:bg-dark before:top-[8px] before:left-0 before:rounded-full\">Anzahl WAN-Anschl\u00fcsse: 1 St<\/li>\n<\/ul>\n<p><\/span><\/div>\n<\/div>\n<\/li>\n<li class=\"mb-m\">\n<div class=\"flex flex-col m:flex-row gap-s m:gap-xl\">\n<div class=\"text-h3 min-w-[244px] max-w-[244px]\">Kabellose Konnektivit\u00e4t<\/div>\n<div class=\"flex flex-col gap-s\"><span class=\"\"><\/p>\n<ul class=\"flex flex-col gap-s\">\n<li class=\"ml-3xs pl-[15px] relative before:absolute before:w-[8px] before:h-[8px] before:bg-dark before:top-[8px] before:left-0 before:rounded-full\">WLAN Standard: Wi-Fi 7<\/li>\n<li class=\"ml-3xs pl-[15px] relative before:absolute before:w-[8px] before:h-[8px] before:bg-dark before:top-[8px] before:left-0 before:rounded-full\">\u00dcbertragungsgeschwindigkeit: 5760 MBit\/s<\/li>\n<li class=\"ml-3xs pl-[15px] relative before:absolute before:w-[8px] before:h-[8px] before:bg-dark before:top-[8px] before:left-0 before:rounded-full\">WLAN Frequenzband: <\/li>\n<div class=\"itemizedlist\">\n<ul class=\"flex flex-col gap-s\">\n<li class=\"ml-3xs pl-[15px] relative before:absolute before:w-[8px] before:h-[8px] before:bg-dark before:top-[8px] before:left-0 before:rounded-full\">2,4 GHz<\/li>\n<li class=\"ml-3xs pl-[15px] relative before:absolute before:w-[8px] before:h-[8px] before:bg-dark before:top-[8px] before:left-0 before:rounded-full\">5 GHz<\/li>\n<li class=\"ml-3xs pl-[15px] relative before:absolute before:w-[8px] before:h-[8px] before:bg-dark before:top-[8px] before:left-0 before:rounded-full\">6 GHz<\/li>\n<\/ul>\n<\/div>\n<li class=\"ml-3xs pl-[15px] relative before:absolute before:w-[8px] before:h-[8px] before:bg-dark before:top-[8px] before:left-0 before:rounded-full\">Antennen: Intern<\/li>\n<li class=\"ml-3xs pl-[15px] relative before:absolute before:w-[8px] before:h-[8px] before:bg-dark before:top-[8px] before:left-0 before:rounded-full\">Anzahl Antennen: 4 St<\/li>\n<\/ul>\n<p><\/span><\/div>\n<\/div>\n<\/li>\n<li class=\"mb-m\">\n<div class=\"flex flex-col m:flex-row gap-s m:gap-xl\">\n<div class=\"text-h3 min-w-[244px] max-w-[244px]\">Farbe<\/div>\n<div class=\"flex flex-col gap-s\"><span class=\"\"><\/p>\n<ul class=\"flex flex-col gap-s\">\n<li class=\"ml-3xs pl-[15px] relative before:absolute before:w-[8px] before:h-[8px] before:bg-dark before:top-[8px] before:left-0 before:rounded-full\">Schwarz<\/li>\n<\/ul>\n<p><\/span><\/div>\n<\/div>\n<\/li>\n","protected":false},"excerpt":{"rendered":"<li class=\"bullet-list-item\"> WLAN N\/A mit N\/A-Modem<\/li>\n<li class=\"bullet-list-item\">Wi-Fi 7 (bis zu 5760 MBit\/s)<\/li>\n<li class=\"bullet-list-item\">1x WAN, 2x 2.5GB-LAN, N\/Ax USB<\/li>\n<li class=\"bullet-list-item\">Lieferumfang: Netzkabel , Netzadapter, Software<\/li>\n<p> Herstellernummer RS300-100EUS<\/p>","protected":false},"featured_media":49912,"comment_status":"open","ping_status":"closed","template":"","meta":{"_monsterinsights_skip_tracking":false,"_monsterinsights_sitenote_active":false,"_monsterinsights_sitenote_note":"","_monsterinsights_sitenote_category":0,"_uf_show_specific_survey":0,"_uf_disable_surveys":false},"product_brand":[],"product_cat":[508],"product_tag":[],"models":[],"years":[],"class_list":{"0":"post-49911","1":"product","2":"type-product","3":"status-publish","4":"has-post-thumbnail","6":"product_cat-netzwerk","8":"first","9":"instock","10":"sale","11":"shipping-taxable","12":"purchasable","13":"product-type-simple"},"aioseo_notices":[],"acf":[],"_links":{"self":[{"href":"https:\/\/amannforg.com\/de\/wp-json\/wp\/v2\/product\/49911","targetHints":{"allow":["GET"]}}],"collection":[{"href":"https:\/\/amannforg.com\/de\/wp-json\/wp\/v2\/product"}],"about":[{"href":"https:\/\/amannforg.com\/de\/wp-json\/wp\/v2\/types\/product"}],"replies":[{"embeddable":true,"href":"https:\/\/amannforg.com\/de\/wp-json\/wp\/v2\/comments?post=49911"}],"version-history":[{"count":1,"href":"https:\/\/amannforg.com\/de\/wp-json\/wp\/v2\/product\/49911\/revisions"}],"predecessor-version":[{"id":58242,"href":"https:\/\/amannforg.com\/de\/wp-json\/wp\/v2\/product\/49911\/revisions\/58242"}],"wp:featuredmedia":[{"embeddable":true,"href":"https:\/\/amannforg.com\/de\/wp-json\/wp\/v2\/media\/49912"}],"wp:attachment":[{"href":"https:\/\/amannforg.com\/de\/wp-json\/wp\/v2\/media?parent=49911"}],"wp:term":[{"taxonomy":"product_brand","embeddable":true,"href":"https:\/\/amannforg.com\/de\/wp-json\/wp\/v2\/product_brand?post=49911"},{"taxonomy":"product_cat","embeddable":true,"href":"https:\/\/amannforg.com\/de\/wp-json\/wp\/v2\/product_cat?post=49911"},{"taxonomy":"product_tag","embeddable":true,"href":"https:\/\/amannforg.com\/de\/wp-json\/wp\/v2\/product_tag?post=49911"},{"taxonomy":"models","embeddable":true,"href":"https:\/\/amannforg.com\/de\/wp-json\/wp\/v2\/models?post=49911"},{"taxonomy":"years","embeddable":true,"href":"https:\/\/amannforg.com\/de\/wp-json\/wp\/v2\/years?post=49911"}],"curies":[{"name":"wp","href":"https:\/\/api.w.org\/{rel}","templated":true}]}}