{"id":50097,"date":"2026-03-04T23:37:16","date_gmt":"2026-03-04T23:37:16","guid":{"rendered":"https:\/\/amannforg.com\/?post_type=product&#038;p=50097"},"modified":"2026-03-07T16:30:25","modified_gmt":"2026-03-07T16:30:25","slug":"netgear-av-line-m4250-12m2xf-managed-switch","status":"publish","type":"product","link":"https:\/\/amannforg.com\/de\/produkt\/netgear-av-line-m4250-12m2xf-managed-switch\/","title":{"rendered":"Netgear AV Line M4250-12M2XF Managed Switch"},"content":{"rendered":"<div class=\"article\">\n<div class=\"titlepage\">\n<h2 class=\"text-h3 mb-l\">Netgear AV-Line M4250 &#8211; LEISTUNGSSTARKE AV-SWITCHES EINFACH GEMACHT<\/h2>\n<\/div>\n<p class=\"mb-l\">Switching f\u00fcr 1G AV over IP mit nach hinten gerichteten Ports f\u00fcr eine saubere Integration in AV-Racks. Vorkonfiguriert f\u00fcr sofort einsatzbare Funktionalit\u00e4t!<\/p>\n<div class=\"itemizedlist\">\n<ul class=\"bullet-list\">\n<li class=\"bullet-list-item\">\n<p class=\"mb-l\"> <span class=\"bold\">Bahnbrechende AV-GUI:<\/span> Eine vereinfachte Benutzeroberfl\u00e4che erleichtert die Zuweisung von Konfigurationsprofilen zu jedem Port. <\/p>\n<\/li>\n<li class=\"bullet-list-item\">\n<p class=\"mb-l\"> <span class=\"bold\">Multicast im Handumdrehen:<\/span> NETGEAR IGMP Plus\u2122 bietet Multicast-Funktionalit\u00e4t sofort f\u00fcr die meisten AV \u00fcber IP-Anwendungen. <\/p>\n<\/li>\n<li class=\"bullet-list-item\">\n<p class=\"mb-l\"> <span class=\"bold\">Schlankes, leises Design: <\/span>Weniger L\u00fcfter-Rauschen und Montagewinkel f\u00fcr die Montage unter dem Tisch oder an der Wand im Lieferumfang enthalten. <\/p>\n<\/li>\n<li class=\"bullet-list-item\">\n<p class=\"mb-l\"> <span class=\"bold\">Automatische Konfiguration: <\/span>Automatische Verbindung mit anderen M4250 (und M4300) Switches. <\/p>\n<\/li>\n<\/ul>\n<\/div>\n<div class=\"formalpara\">\n<div class=\"titlepage\">\n<h2 class=\"text-h3 mb-l\">SCHNELLE, EINFACHE KONFIGURATION F\u00dcR AV-PROFIS<\/h2>\n<\/div>\n<p class=\"mb-l\">Eine optimierte Nutzeroberfl\u00e4che erm\u00f6glicht die Zuweisung von werkseitigen AV-Standardeinstellungen oder benutzerdefinierten AV-Profilen zu einzelnen Ports mit nur wenigen Klicks.<\/p>\n<\/p><\/div>\n<div class=\"formalpara\">\n<div class=\"titlepage\">\n<h2 class=\"text-h3 mb-l\">KONZENTRIEREN SIE SICH AUF DIE VERANSTALTUNG, NICHT AUF DEN L\u00dcFTERL\u00c4RM<\/h2>\n<\/div>\n<p class=\"mb-l\">Die meisten Modelle verf\u00fcgen \u00fcber einen leisen Modus, der das L\u00fcfter-Rauschen erheblich reduziert, und einige Modelle sind sogar l\u00fcfterlos.<\/p>\n<\/p><\/div>\n<div class=\"formalpara\">\n<div class=\"titlepage\">\n<h2 class=\"text-h3 mb-l\">ENTWICKELT F\u00dcR AV-OVER-IP OUT-OF-THE-BOX<\/h2>\n<\/div>\n<p class=\"mb-l\">Mit dem integrierten NETGEAR IGMP Plus\u2122 ist f\u00fcr eine einwandfreie Video-over-IP-\u00dcbertragung nur wenig bis gar keine Einrichtung erforderlich. Aktivieren Sie Multicasting sofort nach dem Auspacken.<\/p>\n<\/p><\/div>\n<div class=\"formalpara\">\n<div class=\"titlepage\">\n<h2 class=\"text-h3 mb-l\">RAFFINIERTES DESIGN BIETET FLEXIBILIT\u00c4T BEI DER MONTAGE<\/h2>\n<\/div>\n<p class=\"mb-l\">An der Vorderseite des Switch befindet sich der Status der Anschlussaktivit\u00e4t, w\u00e4hrend sich die Kabel an der R\u00fcckseite befinden. Universelle Montageoptionen erm\u00f6glichen die VESA-Montage oder in Standard-Racks.<\/p>\n<\/p><\/div>\n<\/p><\/div>\n<li class=\"mb-m\">\n<div class=\"flex flex-col m:flex-row gap-s m:gap-xl\">\n<div class=\"text-h3 min-w-[244px] max-w-[244px]\">Netzwerk<\/div>\n<div class=\"flex flex-col gap-s\"><span class=\"\"><\/p>\n<ul class=\"flex flex-col gap-s\">\n<li class=\"ml-3xs pl-[15px] relative before:absolute before:w-[8px] before:h-[8px] before:bg-dark before:top-[8px] before:left-0 before:rounded-full\">Gesamtzahl RJ45-Ports: 12<\/li>\n<li class=\"ml-3xs pl-[15px] relative before:absolute before:w-[8px] before:h-[8px] before:bg-dark before:top-[8px] before:left-0 before:rounded-full\">Anzahl 2.5 GB LAN Ports (2.5 Gbit\/s): 12 St<\/li>\n<li class=\"ml-3xs pl-[15px] relative before:absolute before:w-[8px] before:h-[8px] before:bg-dark before:top-[8px] before:left-0 before:rounded-full\">Anzahl SFP+ Ports (10 Gbit\/s): 2 St<\/li>\n<li class=\"ml-3xs pl-[15px] relative before:absolute before:w-[8px] before:h-[8px] before:bg-dark before:top-[8px] before:left-0 before:rounded-full\">Gesamtzahl PoE Ports: 0<\/li>\n<li class=\"ml-3xs pl-[15px] relative before:absolute before:w-[8px] before:h-[8px] before:bg-dark before:top-[8px] before:left-0 before:rounded-full\">Verwaltung: Managed<\/li>\n<li class=\"ml-3xs pl-[15px] relative before:absolute before:w-[8px] before:h-[8px] before:bg-dark before:top-[8px] before:left-0 before:rounded-full\">Switch Funktionalit\u00e4t: Smart<\/li>\n<li class=\"ml-3xs pl-[15px] relative before:absolute before:w-[8px] before:h-[8px] before:bg-dark before:top-[8px] before:left-0 before:rounded-full\">Switch-Bauform: Rack<\/li>\n<li class=\"ml-3xs pl-[15px] relative before:absolute before:w-[8px] before:h-[8px] before:bg-dark before:top-[8px] before:left-0 before:rounded-full\">K\u00fchlung: aktiv<\/li>\n<\/ul>\n<p><\/span><\/div>\n<\/div>\n<\/li>\n<li class=\"mb-m\">\n<div class=\"flex flex-col m:flex-row gap-s m:gap-xl\">\n<div class=\"text-h3 min-w-[244px] max-w-[244px]\">Montage \/ Halterung<\/div>\n<div class=\"flex flex-col gap-s\"><span class=\"\"><\/p>\n<ul class=\"flex flex-col gap-s\">\n<li class=\"ml-3xs pl-[15px] relative before:absolute before:w-[8px] before:h-[8px] before:bg-dark before:top-[8px] before:left-0 before:rounded-full\">Montage-Winkel<\/li>\n<\/ul>\n<p><\/span><\/div>\n<\/div>\n<\/li>\n<li class=\"mb-m\">\n<div class=\"flex flex-col m:flex-row gap-s m:gap-xl\">\n<div class=\"text-h3 min-w-[244px] max-w-[244px]\">Farbe \/ Material<\/div>\n<div class=\"flex flex-col gap-s\"><span class=\"\"><\/p>\n<ul class=\"flex flex-col gap-s\">\n<li class=\"ml-3xs pl-[15px] relative before:absolute before:w-[8px] before:h-[8px] before:bg-dark before:top-[8px] before:left-0 before:rounded-full\">Farbe: Dunkelgrau<\/li>\n<li class=\"ml-3xs pl-[15px] relative before:absolute before:w-[8px] before:h-[8px] before:bg-dark before:top-[8px] before:left-0 before:rounded-full\">Material: Metall<\/li>\n<\/ul>\n<p><\/span><\/div>\n<\/div>\n<\/li>\n<li class=\"mb-m\">\n<div class=\"flex flex-col m:flex-row gap-s m:gap-xl\">\n<div class=\"text-h3 min-w-[244px] max-w-[244px]\">Abmessungen \/ Gewicht<\/div>\n<div class=\"flex flex-col gap-s\"><span class=\"\"><\/p>\n<ul class=\"flex flex-col gap-s\">\n<li class=\"ml-3xs pl-[15px] relative before:absolute before:w-[8px] before:h-[8px] before:bg-dark before:top-[8px] before:left-0 before:rounded-full\">Breite: 440 mm<\/li>\n<li class=\"ml-3xs pl-[15px] relative before:absolute before:w-[8px] before:h-[8px] before:bg-dark before:top-[8px] before:left-0 before:rounded-full\">H\u00f6he: 43.2 mm<\/li>\n<li class=\"ml-3xs pl-[15px] relative before:absolute before:w-[8px] before:h-[8px] before:bg-dark before:top-[8px] before:left-0 before:rounded-full\">Tiefe: 100 mm<\/li>\n<li class=\"ml-3xs pl-[15px] relative before:absolute before:w-[8px] before:h-[8px] before:bg-dark before:top-[8px] before:left-0 before:rounded-full\">Gewicht: 1.74 kg<\/li>\n<\/ul>\n<p><\/span><\/div>\n<\/div>\n<\/li>\n","protected":false},"excerpt":{"rendered":"<li class=\"bullet-list-item\">Smart Managed Switch<\/li>\n<li class=\"bullet-list-item\">12 RJ45-Ports (12x 2.5G-LAN)<\/li>\n<li class=\"bullet-list-item\">Zus\u00e4tzliche Ports: 2x SFP+<\/li>\n<li class=\"bullet-list-item\">K\u00fchlung: aktiv, Rack-Kompatibel (1HE), inkl. Montage-Winkel<\/li>\n<p> Herstellernummer MSM4214X-100EUS<\/p>","protected":false},"featured_media":50098,"comment_status":"open","ping_status":"closed","template":"","meta":{"_monsterinsights_skip_tracking":false,"_monsterinsights_sitenote_active":false,"_monsterinsights_sitenote_note":"","_monsterinsights_sitenote_category":0,"_uf_show_specific_survey":0,"_uf_disable_surveys":false},"product_brand":[],"product_cat":[508],"product_tag":[],"models":[],"years":[],"class_list":{"0":"post-50097","1":"product","2":"type-product","3":"status-publish","4":"has-post-thumbnail","6":"product_cat-netzwerk","8":"first","9":"instock","10":"sale","11":"shipping-taxable","12":"purchasable","13":"product-type-simple"},"aioseo_notices":[],"acf":[],"_links":{"self":[{"href":"https:\/\/amannforg.com\/de\/wp-json\/wp\/v2\/product\/50097","targetHints":{"allow":["GET"]}}],"collection":[{"href":"https:\/\/amannforg.com\/de\/wp-json\/wp\/v2\/product"}],"about":[{"href":"https:\/\/amannforg.com\/de\/wp-json\/wp\/v2\/types\/product"}],"replies":[{"embeddable":true,"href":"https:\/\/amannforg.com\/de\/wp-json\/wp\/v2\/comments?post=50097"}],"version-history":[{"count":1,"href":"https:\/\/amannforg.com\/de\/wp-json\/wp\/v2\/product\/50097\/revisions"}],"predecessor-version":[{"id":58251,"href":"https:\/\/amannforg.com\/de\/wp-json\/wp\/v2\/product\/50097\/revisions\/58251"}],"wp:featuredmedia":[{"embeddable":true,"href":"https:\/\/amannforg.com\/de\/wp-json\/wp\/v2\/media\/50098"}],"wp:attachment":[{"href":"https:\/\/amannforg.com\/de\/wp-json\/wp\/v2\/media?parent=50097"}],"wp:term":[{"taxonomy":"product_brand","embeddable":true,"href":"https:\/\/amannforg.com\/de\/wp-json\/wp\/v2\/product_brand?post=50097"},{"taxonomy":"product_cat","embeddable":true,"href":"https:\/\/amannforg.com\/de\/wp-json\/wp\/v2\/product_cat?post=50097"},{"taxonomy":"product_tag","embeddable":true,"href":"https:\/\/amannforg.com\/de\/wp-json\/wp\/v2\/product_tag?post=50097"},{"taxonomy":"models","embeddable":true,"href":"https:\/\/amannforg.com\/de\/wp-json\/wp\/v2\/models?post=50097"},{"taxonomy":"years","embeddable":true,"href":"https:\/\/amannforg.com\/de\/wp-json\/wp\/v2\/years?post=50097"}],"curies":[{"name":"wp","href":"https:\/\/api.w.org\/{rel}","templated":true}]}}