{"id":50422,"date":"2026-03-11T13:44:27","date_gmt":"2026-03-11T13:44:27","guid":{"rendered":"https:\/\/amannforg.com\/?post_type=product&#038;p=50422"},"modified":"2026-03-11T14:21:53","modified_gmt":"2026-03-11T14:21:53","slug":"jura-ono-ea-espressomaschinen-schwarz","status":"publish","type":"product","link":"https:\/\/amannforg.com\/de\/produkt\/jura-ono-ea-espressomaschinen-schwarz\/","title":{"rendered":"Jura ONO EA Espressomaschinen schwarz"},"content":{"rendered":"<div>\n<h4>Jura ONO EA: Der bewusste Barista-Moment f\u00fcr Kaffeeliebhaber<\/h4>\n<h4>Nachhaltiger Genuss, Tasse f\u00fcr Tasse<\/h4>\n<p>Die Jura ONO EA ist eine innovative Eintassen-Kaffeemaschine, die sich an alle richtet, die Wert auf exzellenten Kaffeegenuss, Nachhaltigkeit und ein bewusstes Zubereitungserlebnis legen. Sie verzichtet bewusst auf Kapseln oder Pads und erm\u00f6glicht Ihnen die freie Wahl des frisch gemahlenen Kaffeepulvers. So bleiben Sie unabh\u00e4ngig von Marken und reduzieren unn\u00f6tigen Verpackungsabfall. Der anfallende Kaffeesatz ist ein reines Naturprodukt und eignet sich hervorragend zum Kompostieren.<\/p>\n<h4>Ihr pers\u00f6nlicher Barista-Moment<\/h4>\n<p>Mit der ONO wird die Kaffeezubereitung zu einem zelebrierten Ritual. Durch die intuitive Bedienung mittels Kurbel und Hebel erleben Sie einen bewussten Barista-Moment, der die Vorfreude auf den Kaffee steigert. Sie geben das Kaffeepulver in den Schacht, bet\u00e4tigen die Kurbel zum Verdichten und den Hebel zur Br\u00fchung \u2013 ein einzigartiges Erlebnis f\u00fcr echte Kaffeeliebhaber.<\/p>\n<h4>Perfekter Kaffee und Espresso<\/h4>\n<p>Trotz des manuellen Elements liefert die Jura ONO EA konstant erstklassige Kaffee- und Espressoqualit\u00e4t. Dank modernster Br\u00fchtechnologie aus dem Hause JURA, einer variablen Br\u00fcheinheit (7 \u2013 14 g) und einer Hochleistungspumpe mit 15 bar wird jede Tasse mit der gew\u00fcnschten Intensit\u00e4t zubereitet. Die Kaffeewassermenge ist individuell einstell- und programmierbar, und intelligentes Vorheizen sorgt f\u00fcr optimale Br\u00fchtemperaturen.<\/p>\n<h4>Intelligente Funktionen und einfache Pflege<\/h4>\n<ul>\n<li>**Symboldisplay und 3 Tasten:** F\u00fcr eine einfache und intuitive Bedienung.<\/li>\n<li>**H\u00f6henverstellbarer Kaffeeauslauf:** Passt sich verschiedenen Tassengr\u00f6\u00dfen an (bis 105 mm).<\/li>\n<li>**Intelligentes Wassersystem (I.W.S.):** Kompatibel mit der CLARIS Smart+ Filterpatrone f\u00fcr optimale Wasserqualit\u00e4t und Ger\u00e4teschutz.<\/li>\n<li>**Integrierte Sp\u00fcl-, Reinigungs- und Entkalkungsprogramme:** Sorgen f\u00fcr eine einfache Pflege und Hygiene.<\/li>\n<li>**Energiesparmodus (E.S.M.<\/li>\n<\/ul>\n<h4>Technische Details<\/h4>\n<ul>\n<li>Produktart: Eintassen-Kaffeemaschine<\/li>\n<li>Marke: Jura<\/li>\n<li>Modell: ONO EA (Artikelnummer 15505)<\/li>\n<li>Spezialit\u00e4ten: Espresso, Kaffee<\/li>\n<li>Variable Br\u00fcheinheit: 7 \u2013 14 g<\/li>\n<li>Pumpendruck: 15 bar<\/li>\n<li>Wasserbeh\u00e4lter-Volumen: 0,95 l<\/li>\n<li>Kaffeesatzbeh\u00e4lter (Portionen): ca. 6<\/li>\n<li>Spannung \/ Nennleistung: 230 V \/ 1450 W<\/li>\n<li>Stromst\u00e4rke: 10 A<\/li>\n<li>Stand-by-Leistung: 0,2 W<\/li>\n<li>Ma\u00dfe (B \u00d7 H \u00d7 T): 24,3 \u00d7 32,0 \u00d7 46,1 cm<\/li>\n<li>Gewicht: ca. 4,75 kg<\/li>\n<li>Farbe: Coffee Black<\/li>\n<\/ul>\n<h4>Fazit<\/h4>\n<p>Die Jura ONO EA ist mehr als nur eine Kaffeemaschine \u2013 sie ist ein Statement f\u00fcr bewussten Kaffeegenuss. Sie bietet die perfekte Kombination aus modernster Technologie, nachhaltiger Zubereitung und einem einzigartigen Barista-Erlebnis, das jede Tasse zu einem besonderen Moment macht.<\/p>\n<h3>Technische Details<\/h3>\n<p> Maximale Kopfh\u00f6he: 10,5 cm <\/p>\n<h3>Leistung<\/h3>\n<p> AC-Eingangsspannung: 220-240 V Stromverbrauch (Standby): 0,2 W Leistung: 1450 W Stromst\u00e4rke :10 A <\/p>\n<h3>Gewicht &amp; Abmessungen<\/h3>\n<p> Breite: 243 mm Tiefe: 461 mm Gewicht: 4,75 kg H\u00f6he: 320 mm <\/p>\n<h3>Leistung<\/h3>\n<p> Br\u00fchkammerbereich: 7 &#8211; 14 g Variable Br\u00fchkammer: Y Typ der Kaffeemaschine: Manuell Wassertankinhalt: 0,95 l Gemahlener Kaffeetankinhalt: 6 Tassen li &gt;Eingebautes Mahlwerk:Nein Heizsystem:Thermoblock Maximaler Betriebsdruck:15 bar Sp\u00fclmaschinenfeste Teile:Ja Beh\u00e4lter f\u00fcr gebr\u00fchten Kaffee: Tasse Einstellbare Kaffeest\u00e4rke: Ja Ger\u00e4teplatzierung: Arbeitsplatte Kaffeeeinf\u00fcllart: Gemahlener Kaffee Hei\u00dfwassersystem: Ja li&gt; Kapazit\u00e4t in Tassen: 1 Tassen Produkttyp: Espressomaschine <\/p>\n<h3>Verpackungsdetails<\/h3>\n<ul>\n<li> Menge pro Packung: 1 St\u00fcck<\/li>\n<\/ul>\n<h3>Ergonomie<\/h3>\n<p><\/p>\n<ul>\n<li> Produktfarbe: Schwarz Farbname: Coffee Black (EA) Kabell\u00e4nge: 1,2 m Steuerung Typ: Tasten Eingebautes Display: Nein<\/li>\n<\/ul>\n<h3>Kochfunktionen &amp; Programme<\/h3>\n<p> Cappuccino zubereiten:Nein Kaffee zubereiten:Ja Anzahl Programme:2 Espresso zubereiten:Ja <\/p>\n<h3>Nachhaltigkeit<\/h3>\n<p>Die JURA Ono Espressomaschine Schwarz ist ein schlankes und elegantes Kleinger\u00e4t, das den Komfort einer professionellen Kaffeemaschine in Ihr Zuhause bringt. Diese kompakte Kaffeemaschine eignet sich perfekt f\u00fcr kleine K\u00fcchen oder B\u00fcros und bietet dennoch die volle Bandbreite an Espressozubereitungsm\u00f6glichkeiten.Auf Knopfdruck kann die JURA Ono eine Vielzahl von Espressogetr\u00e4nken zubereiten, darunter Espresso, Cappuccino und Latte Macchiato. Mit ihrer fortschrittlichen Technologie und den hochwertigen Komponenten sorgt diese Kaffeemaschine daf\u00fcr, dass jede Tasse Kaffee perfekt zubereitet wird. Das eingebaute Mahlwerk erm\u00f6glicht die Verwendung von frisch gemahlenen Kaffeebohnen f\u00fcr maximalen Geschmack, w\u00e4hrend der Milchaufsch\u00e4umer f\u00fcr den perfekten Schaum auf Ihrem Cappuccino sorgt.Das elegante schwarze Design der JURA Ono Espressomaschine verleiht jeder K\u00fcchentheke einen Hauch von Eleganz. Dank ihrer kompakten Gr\u00f6\u00dfe l\u00e4sst sie sich bei Nichtgebrauch leicht verstauen, doch ihre leistungsstarken Br\u00fchfunktionen machen sie zu einem herausragenden Ger\u00e4t f\u00fcr jeden Kaffeeliebhaber. Genie\u00dfen Sie Espressogetr\u00e4nke in Caf\u00e9-Qualit\u00e4t bequem zu Hause mit der JURA Ono Espressomaschine.<\/p>\n<p>Espresso<br \/>\nKaffee<\/p>\n<p>Jura 15505 Freestanding Coffee Machine ONO Coffee Black<\/p>\n<p>Jura ONO &#8211; Kaffeemaschine &#8211; 15 bar &#8211; Coffee Black<\/p><\/div>\n<p> , <!----><!----><\/p>\n<section aria-label=\"Produktdaten\">\n<dl class=\"pdp-attribute-list\"><!--[--><\/p>\n<div class=\"pdp-attribute-list__item--single-row pdp-attribute-list__item\">\n<dt data-test=\"attribute-list-title\" class=\"pdp-attribute-list__title\">Breite<\/dt>\n<dd class=\"pdp-attribute-list__values\" data-test=\"attribute-list-values\"><!--[--><\/p>\n<div data-test-item_text=\"24.3 cm\" class=\"pdp-attribute-list__value\">\n<div class=\"pdp-attribute-list__item-text\">\n<div>24.3 cm<\/div>\n<\/div>\n<\/div>\n<p><!--]--><\/dd>\n<\/div>\n<div class=\"pdp-attribute-list__item--single-row pdp-attribute-list__item\">\n<dt data-test=\"attribute-list-title\" class=\"pdp-attribute-list__title\">Lieferumfang<\/dt>\n<dd class=\"pdp-attribute-list__values\" data-test=\"attribute-list-values\"><!--[--><\/p>\n<div data-test-item_text=\"1 \u00d7 Kaffeemaschine\" class=\"pdp-attribute-list__value\">\n<div class=\"pdp-attribute-list__item-text\">\n<div>1 \u00d7 Kaffeemaschine<\/div>\n<\/div>\n<\/div>\n<p><!--]--><\/dd>\n<\/div>\n<div class=\"pdp-attribute-list__item--single-row pdp-attribute-list__item\">\n<dt data-test=\"attribute-list-title\" class=\"pdp-attribute-list__title\">Gewicht<\/dt>\n<dd class=\"pdp-attribute-list__values\" data-test=\"attribute-list-values\"><!--[--><\/p>\n<div data-test-item_text=\"4.75 kg\" class=\"pdp-attribute-list__value\">\n<div class=\"pdp-attribute-list__item-text\">\n<div>4.75 kg<\/div>\n<\/div>\n<\/div>\n<p><!--]--><\/dd>\n<\/div>\n<div class=\"pdp-attribute-list__item--single-row pdp-attribute-list__item\">\n<dt data-test=\"attribute-list-title\" class=\"pdp-attribute-list__title\">H\u00f6he<\/dt>\n<dd class=\"pdp-attribute-list__values\" data-test=\"attribute-list-values\"><!--[--><\/p>\n<div data-test-item_text=\"32 cm\" class=\"pdp-attribute-list__value\">\n<div class=\"pdp-attribute-list__item-text\">\n<div>32 cm<\/div>\n<\/div>\n<\/div>\n<p><!--]--><\/dd>\n<\/div>\n<div class=\"pdp-attribute-list__item--single-row pdp-attribute-list__item\">\n<dt data-test=\"attribute-list-title\" class=\"pdp-attribute-list__title\">L\u00e4nge<\/dt>\n<dd class=\"pdp-attribute-list__values\" data-test=\"attribute-list-values\"><!--[--><\/p>\n<div data-test-item_text=\"46.1 cm\" class=\"pdp-attribute-list__value\">\n<div class=\"pdp-attribute-list__item-text\">\n<div>46.1 cm<\/div>\n<\/div>\n<\/div>\n<p><!--]--><\/dd>\n<\/div>\n<div class=\"pdp-attribute-list__item--single-row pdp-attribute-list__item\">\n<dt data-test=\"attribute-list-title\" class=\"pdp-attribute-list__title\">Hersteller<\/dt>\n<dd class=\"pdp-attribute-list__values\" data-test=\"attribute-list-values\"><!--[--><\/p>\n<div data-test-item_text=\"Jura\" class=\"pdp-attribute-list__value\"><a class=\"rd-link rd-link--primary pdp-attribute-list__link\" href=\"https:\/\/www.kaufland.de\/m\/jura\/~51772\/\"><!--[--><!--]--><span class=\"rd-link__text\"><!--[--><\/p>\n<div><span>Jura<\/span><\/div>\n<p><!--]--><\/span><!----><\/a><\/div>\n<p><!--]--><\/dd>\n<\/div>\n<div class=\"pdp-attribute-list__item--single-row pdp-attribute-list__item\">\n<dt data-test=\"attribute-list-title\" class=\"pdp-attribute-list__title\">Leistung<\/dt>\n<dd class=\"pdp-attribute-list__values\" data-test=\"attribute-list-values\"><!--[--><\/p>\n<div data-test-item_text=\"1450 W\" class=\"pdp-attribute-list__value\">\n<div class=\"pdp-attribute-list__item-text\">\n<div>1450 W<\/div>\n<\/div>\n<\/div>\n<p><!--]--><\/dd>\n<\/div>\n<div class=\"pdp-attribute-list__item--single-row pdp-attribute-list__item\">\n<dt data-test=\"attribute-list-title\" class=\"pdp-attribute-list__title\">2-Tassen Funktion<\/dt>\n<dd class=\"pdp-attribute-list__values\" data-test=\"attribute-list-values\"><!--[--><\/p>\n<div data-test-item_text=\"Nein\" class=\"pdp-attribute-list__value\">\n<div class=\"pdp-attribute-list__item-text\">\n<div>Nein<\/div>\n<\/div>\n<\/div>\n<p><!--]--><\/dd>\n<\/div>\n<div class=\"pdp-attribute-list__item--single-row pdp-attribute-list__item\">\n<dt data-test=\"attribute-list-title\" class=\"pdp-attribute-list__title\">Farbe<\/dt>\n<dd class=\"pdp-attribute-list__values\" data-test=\"attribute-list-values\"><!--[--><\/p>\n<div data-test-item_text=\"Schwarz\" class=\"pdp-attribute-list__value\">\n<div class=\"pdp-attribute-list__item-text\">\n<div>Schwarz<\/div>\n<\/div>\n<\/div>\n<p><!--]--><\/dd>\n<\/div>\n<div class=\"pdp-attribute-list__item--single-row pdp-attribute-list__item\">\n<dt data-test=\"attribute-list-title\" class=\"pdp-attribute-list__title\">Herstellernummer<\/dt>\n<dd class=\"pdp-attribute-list__values\" data-test=\"attribute-list-values\"><!--[--><\/p>\n<div data-test-item_text=\"15505\" class=\"pdp-attribute-list__value\">\n<div class=\"pdp-attribute-list__item-text\">\n<div>15505<\/div>\n<\/div>\n<\/div>\n<p><!--]--><\/dd>\n<\/div>\n<div class=\"pdp-attribute-list__item--single-row pdp-attribute-list__item\">\n<dt data-test=\"attribute-list-title\" class=\"pdp-attribute-list__title\">EAN<\/dt>\n<dd class=\"pdp-attribute-list__values\" data-test=\"attribute-list-values\"><!--[--><\/p>\n<div data-test-item_text=\"7610917155057\" class=\"pdp-attribute-list__value\">\n<div class=\"pdp-attribute-list__item-text\">\n<div>7610917155057<\/div>\n<\/div>\n<\/div>\n<p><!--]--><\/dd>\n<\/div>\n<p><!--]--><\/dl>\n<\/section>\n","protected":false},"excerpt":{"rendered":"<p>, <\/p>\n<dt data-test=\"attribute-list-title\" class=\"pdp-attribute-list__title\">EAN<\/dt>\n<dd class=\"pdp-attribute-list__values\" data-test=\"attribute-list-values\"><!--[--><\/p>\n<div data-test-item_text=\"7610917155057\" class=\"pdp-attribute-list__value\">\n<div class=\"pdp-attribute-list__item-text\">\n<div>7610917155057<\/div>\n<\/div>\n<\/div>\n<p><!--]--><\/dd>\n<p>, <\/p>\n<dt data-test=\"attribute-list-title\" class=\"pdp-attribute-list__title\">Hersteller<\/dt>\n<dd class=\"pdp-attribute-list__values\" data-test=\"attribute-list-values\"><!--[--><\/p>\n<div data-test-item_text=\"Jura\" class=\"pdp-attribute-list__value\"><a class=\"rd-link rd-link--primary pdp-attribute-list__link\" href=\"https:\/\/www.kaufland.de\/m\/jura\/~51772\/\"><!--[--><!--]--><span class=\"rd-link__text\"><!--[--><\/p>\n<div><span>Jura<\/span><\/div>\n<p><!--]--><\/span><!----><\/a><\/div>\n<p><!--]--><\/dd>\n","protected":false},"featured_media":58726,"comment_status":"open","ping_status":"closed","template":"","meta":{"_monsterinsights_skip_tracking":false,"_monsterinsights_sitenote_active":false,"_monsterinsights_sitenote_note":"","_monsterinsights_sitenote_category":0,"_uf_show_specific_survey":0,"_uf_disable_surveys":false},"product_brand":[],"product_cat":[504],"product_tag":[],"models":[],"years":[],"class_list":{"0":"post-50422","1":"product","2":"type-product","3":"status-publish","4":"has-post-thumbnail","6":"product_cat-kuchenkleingerate","8":"first","9":"instock","10":"sale","11":"shipping-taxable","12":"purchasable","13":"product-type-simple"},"aioseo_notices":[],"acf":[],"_links":{"self":[{"href":"https:\/\/amannforg.com\/de\/wp-json\/wp\/v2\/product\/50422","targetHints":{"allow":["GET"]}}],"collection":[{"href":"https:\/\/amannforg.com\/de\/wp-json\/wp\/v2\/product"}],"about":[{"href":"https:\/\/amannforg.com\/de\/wp-json\/wp\/v2\/types\/product"}],"replies":[{"embeddable":true,"href":"https:\/\/amannforg.com\/de\/wp-json\/wp\/v2\/comments?post=50422"}],"version-history":[{"count":1,"href":"https:\/\/amannforg.com\/de\/wp-json\/wp\/v2\/product\/50422\/revisions"}],"predecessor-version":[{"id":58736,"href":"https:\/\/amannforg.com\/de\/wp-json\/wp\/v2\/product\/50422\/revisions\/58736"}],"wp:featuredmedia":[{"embeddable":true,"href":"https:\/\/amannforg.com\/de\/wp-json\/wp\/v2\/media\/58726"}],"wp:attachment":[{"href":"https:\/\/amannforg.com\/de\/wp-json\/wp\/v2\/media?parent=50422"}],"wp:term":[{"taxonomy":"product_brand","embeddable":true,"href":"https:\/\/amannforg.com\/de\/wp-json\/wp\/v2\/product_brand?post=50422"},{"taxonomy":"product_cat","embeddable":true,"href":"https:\/\/amannforg.com\/de\/wp-json\/wp\/v2\/product_cat?post=50422"},{"taxonomy":"product_tag","embeddable":true,"href":"https:\/\/amannforg.com\/de\/wp-json\/wp\/v2\/product_tag?post=50422"},{"taxonomy":"models","embeddable":true,"href":"https:\/\/amannforg.com\/de\/wp-json\/wp\/v2\/models?post=50422"},{"taxonomy":"years","embeddable":true,"href":"https:\/\/amannforg.com\/de\/wp-json\/wp\/v2\/years?post=50422"}],"curies":[{"name":"wp","href":"https:\/\/api.w.org\/{rel}","templated":true}]}}