{"id":55854,"date":"2026-03-05T02:13:12","date_gmt":"2026-03-05T02:13:12","guid":{"rendered":"https:\/\/amannforg.com\/?post_type=product&#038;p=55854"},"modified":"2026-03-11T14:21:54","modified_gmt":"2026-03-11T14:21:54","slug":"asus-rog-ryuo-iv-slc-360-argb-weis-komplettwasserkuhlung-fur-cpus","status":"publish","type":"product","link":"https:\/\/amannforg.com\/de\/produkt\/asus-rog-ryuo-iv-slc-360-argb-weis-komplettwasserkuhlung-fur-cpus\/","title":{"rendered":"ASUS ROG RYUO IV SLC 360 ARGB wei\u00df Komplettwasserk\u00fchlung f\u00fcr CPUs"},"content":{"rendered":"<div class=\"titlepage\">\n<h2 class=\"text-h3 mb-l\">ASUS ROG Ryuo IV SLC 360 ARGB<\/h2>\n<\/div>\n<p class=\"mb-l\">Die ROG Ryuo IV SLC 360 ARGB mit verk\u00fcrzten Schl\u00e4uchen sorgt f\u00fcr eine besonders klare \u00c4sthetik, das bewegliche, gebogene 6,67-Zoll-AMOLED-Display unterst\u00fctzt 3D-Videos, die mit blo\u00dfem Auge betrachtet werden k\u00f6nnen, oder zeigt benutzerdefinierte Systeminformationen an, und die vormontierten, in Reihe geschalteten ARGB-L\u00fcfter mit Front- und Seitenbeleuchtung sind ein echter Blickfang.\u202f<\/p>\n<div class=\"itemizedlist\">\n<ul class=\"bullet-list\">\n<li class=\"bullet-list-item\">Bewegliches, gebogenes 6,67-Zoll-AMOLED-Display unterst\u00fctzt Naked-Eye-3D-Videos oder individuelle Systeminformationen\u202f<\/li>\n<li class=\"bullet-list-item\">Vormontierte, Daisy-Chain-ARGB-L\u00fcfter mit Front- und Seitenbeleuchtung\u202f<\/li>\n<li class=\"bullet-list-item\">Verk\u00fcrzte Schl\u00e4uche sorgen f\u00fcr einen sauberen, \u00e4sthetischen Look<\/li>\n<\/ul>\n<\/div>\n<p class=\"mb-l\">Die ROG Ryuo IV SLC 360 ARGB verf\u00fcgt \u00fcber ein 6,67-Zoll-AMOLED-Display, das eine intuitive Steuerung \u00fcber eine spezielle Software erm\u00f6glicht, um 3D-Videos, benutzerdefinierte Inhalte oder Hardware-Informationen reibungslos anzuzeigen. Das innovative Design des gebogenen Bildschirms durchbricht die Grenzen zwischen dem Virtuellen und dem Realen. Die k\u00fcrzeren 200-mm-Schl\u00e4uche und das verschiebbare LCD-Panel vermindern au\u00dferdem die Behinderung der Komponenten und maximieren das visuelle Erlebnis. Die leistungsstarke Pumpe und die ROG ARGB-L\u00fcfter sorgen f\u00fcr eine stabile K\u00fchlleistung f\u00fcr CPUs, einschlie\u00dflich der AMD Ryzen\u2122 9000er Serie und Intel\u00ae Core\u2122 Ultra Prozessoren.<\/p>\n<p class=\"mb-l\">2.5-SLOT-DESIGN<\/p>\n<p class=\"mb-l\">Die ROG Ryuo IV SLC 360 ARGB ist mit einer leistungsstarken Pumpe ausgestattet, die daf\u00fcr sorgt, dass die CPU auch bei hoher Arbeitslast optimale Betriebstemperaturen beibeh\u00e4lt.<\/p>\n<p class=\"mb-l\">6,67&#8243; 2K AMOLED<\/p>\n<p class=\"mb-l\">Der 6,67 Zoll gro\u00dfe, gebogene 2K-AMOLED-Bildschirm bietet ein hochaufl\u00f6sendes, farbenfrohes Display, das das ultimative visuelle Erlebnis bietet.<\/p>\n<li class=\"mb-m\">\n<div class=\"flex flex-col m:flex-row gap-s m:gap-xl\">\n<div class=\"text-h3 min-w-[244px] max-w-[244px]\">CPU Sockel<\/div>\n<div class=\"flex flex-col gap-s\"><span class=\"ml-3xs pl-[15px] relative before:absolute before:w-[8px] before:h-[8px] before:bg-dark before:top-[8px] before:left-0 before:rounded-full\">Intel : 1851, 1700<\/span><span class=\"ml-3xs pl-[15px] relative before:absolute before:w-[8px] before:h-[8px] before:bg-dark before:top-[8px] before:left-0 before:rounded-full\">AMD: AM5, AM4<\/span><\/div>\n<\/div>\n<\/li>\n<li class=\"mb-m\">\n<div class=\"flex flex-col m:flex-row gap-s m:gap-xl\">\n<div class=\"text-h3 min-w-[244px] max-w-[244px]\">Abmessungen<\/div>\n<div class=\"flex flex-col gap-s\"><span class=\"ml-3xs pl-[15px] relative before:absolute before:w-[8px] before:h-[8px] before:bg-dark before:top-[8px] before:left-0 before:rounded-full\">Pumpe: 80 x 80 x 45 mm<\/span><span class=\"ml-3xs pl-[15px] relative before:absolute before:w-[8px] before:h-[8px] before:bg-dark before:top-[8px] before:left-0 before:rounded-full\">Radiator: 399.5 mm x 120 mm x 30 mm<\/span><\/div>\n<\/div>\n<\/li>\n<li class=\"mb-m\">\n<div class=\"flex flex-col m:flex-row gap-s m:gap-xl\">\n<div class=\"text-h3 min-w-[244px] max-w-[244px]\">Technische Daten<\/div>\n<div class=\"flex flex-col gap-s\"><span class=\"ml-3xs pl-[15px] relative before:absolute before:w-[8px] before:h-[8px] before:bg-dark before:top-[8px] before:left-0 before:rounded-full\">Fan Speed: 0 ~ 2800 RPM +\/- 10 %<\/span><span class=\"ml-3xs pl-[15px] relative before:absolute before:w-[8px] before:h-[8px] before:bg-dark before:top-[8px] before:left-0 before:rounded-full\">Fan Static Pressure: 5.15 mmH2O<\/span><span class=\"ml-3xs pl-[15px] relative before:absolute before:w-[8px] before:h-[8px] before:bg-dark before:top-[8px] before:left-0 before:rounded-full\">Fan Air Flow: 89,73 CFM<\/span><span class=\"ml-3xs pl-[15px] relative before:absolute before:w-[8px] before:h-[8px] before:bg-dark before:top-[8px] before:left-0 before:rounded-full\">Fan Noise: 36 dB(A)<\/span><\/div>\n<\/div>\n<\/li>\n<li class=\"mb-m\">\n<div class=\"flex flex-col m:flex-row gap-s m:gap-xl\">\n<div class=\"text-h3 min-w-[244px] max-w-[244px]\">L\u00fcftergr\u00f6\u00dfe<\/div>\n<div class=\"flex flex-col gap-s\"><span class=\"ml-3xs pl-[15px] relative before:absolute before:w-[8px] before:h-[8px] before:bg-dark before:top-[8px] before:left-0 before:rounded-full\">3x 120 mm<\/span><\/div>\n<\/div>\n<\/li>\n<li class=\"mb-m\">\n<div class=\"flex flex-col m:flex-row gap-s m:gap-xl\">\n<div class=\"text-h3 min-w-[244px] max-w-[244px]\">Besonderheiten<\/div>\n<div class=\"flex flex-col gap-s\"><span class=\"ml-3xs pl-[15px] relative before:absolute before:w-[8px] before:h-[8px] before:bg-dark before:top-[8px] before:left-0 before:rounded-full\">AMOLED Display: 6,67 &#8220;<\/span><span class=\"ml-3xs pl-[15px] relative before:absolute before:w-[8px] before:h-[8px] before:bg-dark before:top-[8px] before:left-0 before:rounded-full\">AURA Sync Support: Yes<\/span><\/div>\n<\/div>\n<\/li>\n","protected":false},"excerpt":{"rendered":"<li class=\"bullet-list-item\">Komplettwasserk\u00fchlung mit 360 mm Radiator<\/li>\n<li class=\"bullet-list-item\">Intel\u00ae LGA 1851, 1700, AMD AM5, AM4\u200b<\/li>\n<li class=\"bullet-list-item\">AMOLED Display 6,67 &#8221; Full Color OLED<\/li>\n<li class=\"bullet-list-item\">89,73 CFM, 36dB(A), 5,15 mm H\u00b2O, 0-2.800 U\/Min, 4-pin PWM<\/li>\n<li class=\"bullet-list-item\">AURA Sync Unterst\u00fctzung<\/li>\n<p> Herstellernummer 90RC0152-B0EAY0<\/p>","protected":false},"featured_media":55855,"comment_status":"open","ping_status":"closed","template":"","meta":{"_monsterinsights_skip_tracking":false,"_monsterinsights_sitenote_active":false,"_monsterinsights_sitenote_note":"","_monsterinsights_sitenote_category":0,"_uf_show_specific_survey":0,"_uf_disable_surveys":false},"product_brand":[],"product_cat":[512],"product_tag":[],"models":[],"years":[],"class_list":{"0":"post-55854","1":"product","2":"type-product","3":"status-publish","4":"has-post-thumbnail","6":"product_cat-komponenten","8":"first","9":"instock","10":"sale","11":"shipping-taxable","12":"purchasable","13":"product-type-simple"},"aioseo_notices":[],"acf":[],"_links":{"self":[{"href":"https:\/\/amannforg.com\/de\/wp-json\/wp\/v2\/product\/55854","targetHints":{"allow":["GET"]}}],"collection":[{"href":"https:\/\/amannforg.com\/de\/wp-json\/wp\/v2\/product"}],"about":[{"href":"https:\/\/amannforg.com\/de\/wp-json\/wp\/v2\/types\/product"}],"replies":[{"embeddable":true,"href":"https:\/\/amannforg.com\/de\/wp-json\/wp\/v2\/comments?post=55854"}],"version-history":[{"count":1,"href":"https:\/\/amannforg.com\/de\/wp-json\/wp\/v2\/product\/55854\/revisions"}],"predecessor-version":[{"id":58355,"href":"https:\/\/amannforg.com\/de\/wp-json\/wp\/v2\/product\/55854\/revisions\/58355"}],"wp:featuredmedia":[{"embeddable":true,"href":"https:\/\/amannforg.com\/de\/wp-json\/wp\/v2\/media\/55855"}],"wp:attachment":[{"href":"https:\/\/amannforg.com\/de\/wp-json\/wp\/v2\/media?parent=55854"}],"wp:term":[{"taxonomy":"product_brand","embeddable":true,"href":"https:\/\/amannforg.com\/de\/wp-json\/wp\/v2\/product_brand?post=55854"},{"taxonomy":"product_cat","embeddable":true,"href":"https:\/\/amannforg.com\/de\/wp-json\/wp\/v2\/product_cat?post=55854"},{"taxonomy":"product_tag","embeddable":true,"href":"https:\/\/amannforg.com\/de\/wp-json\/wp\/v2\/product_tag?post=55854"},{"taxonomy":"models","embeddable":true,"href":"https:\/\/amannforg.com\/de\/wp-json\/wp\/v2\/models?post=55854"},{"taxonomy":"years","embeddable":true,"href":"https:\/\/amannforg.com\/de\/wp-json\/wp\/v2\/years?post=55854"}],"curies":[{"name":"wp","href":"https:\/\/api.w.org\/{rel}","templated":true}]}}