{"id":57150,"date":"2026-03-05T02:41:24","date_gmt":"2026-03-05T02:41:24","guid":{"rendered":"https:\/\/amannforg.com\/?post_type=product&#038;p=57150"},"modified":"2026-03-11T14:21:54","modified_gmt":"2026-03-11T14:21:54","slug":"schubladencontainer-rollen-579x800-kunststoffpl-1-materials-alu-grun-weis","status":"publish","type":"product","link":"https:\/\/amannforg.com\/de\/produkt\/schubladencontainer-rollen-579x800-kunststoffpl-1-materials-alu-grun-weis\/","title":{"rendered":"Schubladencontainer, Rollen, 579&#215;800, Kunststoffpl., 1 Materials., alu\/gr\u00fcn\/wei\u00df"},"content":{"rendered":"<div class=\"article\">\n<p class=\"mb-l\">Schubladencontainer mit Rollen, HxT 579 x 800 mm, Kunststoffplatte, 1 Materialschub, 1 H\u00e4ngeregistratur, wei\u00dfaluminium \/ gelbgr\u00fcn \/ wei\u00df. Anlieferung = montiert. H\u00f6he = 579 mm. Breite = 417 mm. Tiefe = 800 mm. Utensilienschub = ja. Anzahl H\u00e4ngeregistratursch\u00fcbe = 1 St\u00fcck. Auszug H\u00e4ngeregistratur = Vollauszug. Innenma\u00dfe H\u00e4ngeregistratur HxBxT = 280x330x685 mm. Anzahl Materialsch\u00fcbe = 1 St\u00fcck. Auszug Materialschub = 75%. Innenma\u00dfe Materialschub HxBxT = 130x330x685 mm. Produkttyp = Rollcontainer. Material = Stahl, pulverbeschichtet. Korpusfarbe = wei\u00dfaluminium RAL 9006. Korpusst\u00e4rke = 0.75 mm. Schubladenmaterial = Stahlblech. Schubladenfarbe = gelbgr\u00fcn RAL 6018. Schubladentraglast = 18 kg. Schubladen-Anzahl\/Gr\u00f6\u00dfe = 1 Stk HxBxT 130x330x685 mm, 1 Stk HxBxT 280x330x685 mm. Schubladenf\u00fchrung = mit kugelgelagerten Teleskopausz\u00fcgen. Eigenschaft = verschlie\u00dfbar, Auszugsperre. Radausstattung = 4 Rollen, davon 2 feststellbar. Raddurchmesser = 35 mm. Plattenst\u00e4rke = 19 mm. Hochwertige Schubladenf\u00fchrung mit Selbsteinzug und D\u00e4mpfung. Alle Ausf\u00fchrungen mit Utensilienschub. Materialsch\u00fcbe 75%, H\u00e4ngeregistraturen 100% ausziehbar. Schubladen mit Griffrinnen auf beiden Seiten und geschlossenem Boden. Hochwertige F\u00fchrungen mit Selbsteinzug und D\u00e4mpfung. Auszugssperre und Drehzylinderschloss, verschiedenschlie\u00dfend. Stabiler, verschwei\u00dfter Stahlblechkorpus mit hochwertiger Einbrennlackierung. Abdeckplatte melaminharzbeschichtet 19 mm mit ABS-Umleimer. 1 Materialschub, 1 H\u00e4ngeregistratur, kleine Schublade mit Teilauszug, gro\u00dfe Schublade mit Vollauszug. Montierte Anlieferung.<\/p>\n<\/p><\/div>\n<li class=\"mb-m\">\n<div class=\"flex flex-col m:flex-row gap-s m:gap-xl\">\n<div class=\"text-h3 min-w-[244px] max-w-[244px]\">Ger\u00e4tetyp<\/div>\n<div class=\"flex flex-col gap-s\"><span class=\"ml-3xs pl-[15px] relative before:absolute before:w-[8px] before:h-[8px] before:bg-dark before:top-[8px] before:left-0 before:rounded-full\">Rollcontainer<\/span><\/div>\n<\/div>\n<\/li>\n","protected":false},"excerpt":{"rendered":"<li class=\"bullet-list-item\">Hochwertige Schubladenf\u00fchrung mit Selbsteinzug und D\u00e4mpfung.<\/li>\n<li class=\"bullet-list-item\">Alle Ausf\u00fchrungen mit Utensilienschub.<\/li>\n<li class=\"bullet-list-item\">Materialsch\u00fcbe 75%, H\u00e4ngeregistraturen 100% ausziehbar.<\/li>\n<p> Herstellernummer 791005CP<\/p>","protected":false},"featured_media":57175,"comment_status":"open","ping_status":"closed","template":"","meta":{"_monsterinsights_skip_tracking":false,"_monsterinsights_sitenote_active":false,"_monsterinsights_sitenote_note":"","_monsterinsights_sitenote_category":0,"_uf_show_specific_survey":0,"_uf_disable_surveys":false},"product_brand":[],"product_cat":[514],"product_tag":[],"models":[],"years":[],"class_list":{"0":"post-57150","1":"product","2":"type-product","3":"status-publish","4":"has-post-thumbnail","6":"product_cat-buromobel","8":"first","9":"instock","10":"sale","11":"shipping-taxable","12":"purchasable","13":"product-type-simple"},"aioseo_notices":[],"acf":[],"_links":{"self":[{"href":"https:\/\/amannforg.com\/de\/wp-json\/wp\/v2\/product\/57150","targetHints":{"allow":["GET"]}}],"collection":[{"href":"https:\/\/amannforg.com\/de\/wp-json\/wp\/v2\/product"}],"about":[{"href":"https:\/\/amannforg.com\/de\/wp-json\/wp\/v2\/types\/product"}],"replies":[{"embeddable":true,"href":"https:\/\/amannforg.com\/de\/wp-json\/wp\/v2\/comments?post=57150"}],"version-history":[{"count":1,"href":"https:\/\/amannforg.com\/de\/wp-json\/wp\/v2\/product\/57150\/revisions"}],"predecessor-version":[{"id":58393,"href":"https:\/\/amannforg.com\/de\/wp-json\/wp\/v2\/product\/57150\/revisions\/58393"}],"wp:featuredmedia":[{"embeddable":true,"href":"https:\/\/amannforg.com\/de\/wp-json\/wp\/v2\/media\/57175"}],"wp:attachment":[{"href":"https:\/\/amannforg.com\/de\/wp-json\/wp\/v2\/media?parent=57150"}],"wp:term":[{"taxonomy":"product_brand","embeddable":true,"href":"https:\/\/amannforg.com\/de\/wp-json\/wp\/v2\/product_brand?post=57150"},{"taxonomy":"product_cat","embeddable":true,"href":"https:\/\/amannforg.com\/de\/wp-json\/wp\/v2\/product_cat?post=57150"},{"taxonomy":"product_tag","embeddable":true,"href":"https:\/\/amannforg.com\/de\/wp-json\/wp\/v2\/product_tag?post=57150"},{"taxonomy":"models","embeddable":true,"href":"https:\/\/amannforg.com\/de\/wp-json\/wp\/v2\/models?post=57150"},{"taxonomy":"years","embeddable":true,"href":"https:\/\/amannforg.com\/de\/wp-json\/wp\/v2\/years?post=57150"}],"curies":[{"name":"wp","href":"https:\/\/api.w.org\/{rel}","templated":true}]}}