{"id":58033,"date":"2026-03-04T00:07:40","date_gmt":"2026-03-04T00:07:40","guid":{"rendered":"https:\/\/amannforg.com\/?post_type=product&#038;p=58033"},"modified":"2026-03-07T16:30:01","modified_gmt":"2026-03-07T16:30:01","slug":"dyson-bp04-purifier-bigquiet-formaldehyde-luftreiniger-nachtblau-gold","status":"publish","type":"product","link":"https:\/\/amannforg.com\/de\/produkt\/dyson-bp04-purifier-bigquiet-formaldehyde-luftreiniger-nachtblau-gold\/","title":{"rendered":"Dyson BP04 Purifier Big+Quiet Formaldehyde Luftreiniger Nachtblau\/ Gold"},"content":{"rendered":"<div class=\"titlepage\">\n<h2 class=\"text-h3 mb-l\">Dyson BP04 Dyson Purifier Big+Quiet Formaldehyde<\/h2>\n<\/div>\n<p class=\"mb-l\">Dysons bislang leisester, leistungsst\u00e4rkster Luftreiniger<\/p>\n<p class=\"mb-l\">Dank eines akustisch optimierten Motorgeh\u00e4uses liegt die Lautst\u00e4rke bei maximaler Luftstromgeschwindigkeit bei nur 56dBA.<\/p>\n<p class=\"mb-l\">\n<div class=\"titlepage\">\n<h2 class=\"text-h3 mb-l\">Features<\/h2>\n<\/div>\n<p class=\"mb-l\">Luftstromgeschwindigkeiten 1 bis 10<\/p>\n<p class=\"mb-l\">Drehbewegung\/Neigung 0 Grad, 25 Grad, 50 Grad<\/p>\n<p class=\"mb-l\">Integriertes LED-Display Ja<\/p>\n<p class=\"mb-l\">Sleep-Timer-Intervalle 30 min\/1\/2\/4\/8 h \/ 1-8 Std.<\/p>\n<p class=\"mb-l\">Standby-Energieverbrauch  0,5 W<\/p>\n<p class=\"mb-l\">Leistung Ger\u00e4t  50 W<\/p>\n<p class=\"mb-l\">Luftstrom bei max. Einstellung 87 l\/s<\/p>\n<p class=\"mb-l\">Gemessener Schallpegel (max.)56 dBa<\/p>\n<p class=\"mb-l\">Filter HEPA-13 \/ Aktivkohlefilter<\/p>\n<p class=\"mb-l\">Filterlebensdauer 5 Jahre (12 h Nutzung\/Tag) 3<\/p>\n<p class=\"mb-l\">\n<div class=\"titlepage\">\n<h2 class=\"text-h3 mb-l\">NO\u2082 Filtration<\/h2>\n<\/div>\n<p class=\"mb-l\">Entfernt Gase und Ger\u00fcche\u00b3 sowie 3-mal mehr NO\u2082.\u2074<\/p>\n<p class=\"mb-l\">\n<div class=\"titlepage\">\n<h2 class=\"text-h3 mb-l\">Erkennt<\/h2>\n<\/div>\n<p class=\"mb-l\">Ein integriertes Sensorsystem interagiert mit einem speziellen Algorithmus und erstellt Berichte in Echtzeit<\/p>\n<p class=\"mb-l\">\n<div class=\"titlepage\">\n<h2 class=\"text-h3 mb-l\">Entfernt<\/h2>\n<\/div>\n<p class=\"mb-l\">Entfernt Allergene und 99,95 % der ultrafeinen Partikel aus der Luft.1 Zersetzt kontinuierlich Formaldehyd.2 Verteilt Verteilt gereinigte Luft mit einer Reichweite von \u00fcber 10 Metern\u2013 ideal f\u00fcr gro\u00dfe R\u00e4ume.3 Und ist besonders leise.<\/p>\n<p class=\"mb-l\">\n<div class=\"titlepage\">\n<h2 class=\"text-h3 mb-l\">Verteilt<\/h2>\n<\/div>\n<p class=\"mb-l\">HEPA-gereinigte Luft in bis zu 100 m2 gro\u00dfen R\u00e4umen.3<\/p>\n<p class=\"mb-l\">\n<div class=\"titlepage\">\n<h2 class=\"text-h3 mb-l\">Vollst\u00e4ndige Versiegelung nach HEPA-13 Standard<\/h2>\n<\/div>\n<p class=\"mb-l\">Nicht nur der Filter, sondern das ganze Ger\u00e4t erf\u00fcllt den HEPA-13 Standard4. Was in das Ger\u00e4t gelangt, bleibt dortauch.<\/p>\n<p class=\"mb-l\">\n<div class=\"titlepage\">\n<h2 class=\"text-h3 mb-l\">Nachtmodus<\/h2>\n<\/div>\n<p class=\"mb-l\">\u00dcberwacht die Luftqualit\u00e4t und reinigt die Luft bei reduzierter Lautst\u00e4rke und mit gedimmtem Display.<\/p>\n<p class=\"mb-l\">\n<div class=\"titlepage\">\n<h2 class=\"text-h3 mb-l\">App-Steuerung mit der MyDyson App 5<\/h2>\n<\/div>\n<p class=\"mb-l\">Informationen zu Luftreinigung, Filterlebensdauer, Fernbedienung und weitere Funktionen. Die Raum-luftqualit\u00e4tkann von unterwegs kontrolliert werden.<\/p>\n<p class=\"mb-l\">\n<div class=\"titlepage\">\n<h2 class=\"text-h3 mb-l\">Lieferumfang<\/h2>\n<\/div>\n<p class=\"mb-l\">L\u00fcftreiniger<\/p>\n<p class=\"mb-l\">Fernbedienung<\/p>\n<p class=\"mb-l\"><sup>1Getestet auf Filtrationseffizienz (EN1822, ISO29364) bei 0,1 Mikrometer. 2Test des gesamten Ger\u00e4ts basiert auf dem kumulativen Formaldehyd-Reinmassetest(Cumulative Clean Mass, CCM) gem\u00e4\u00df GB\/T 18801-2022 mit kontinuierlicher Einblasung, bis der Formaldehyd-CADR-Wert (Clean Air Delivery Rate) einPlateau erreicht. Ergebnisse k\u00f6nnen in der Praxis abweichen. 3 Die Effizienz in einem bis zu 100 m2 (10 m x 10 m) gro\u00dfen Raum wurde mittels einer numerischenStr\u00f6mungssimulation bewiesen, mit dem Luftreiniger in einer Ecke des Raums, bei der das Ger\u00e4t bei maximaler Luftstromeinstellung und horizontalerLuftverteilung eine vollst\u00e4ndige Reinigungsleistung der Raumluft mit einer Reichweite von 10 Metern erzielen konnte. Die Projektionsdistanz wurde anhand voninternen Tests f\u00fcr die Reichweite des Luftstroms bei maximaler Luftstromeinstellung gemessen. Die Ergebnisse k\u00f6nnen unter realen Bedingungen abweichen.4Erzeugung von Partikeln durch DEHS-\u00d6l gem\u00e4\u00df EN1822 in einer Testkammer gem\u00e4\u00df ASTM F3150. Im MAX-Modus von IBR Laboratories (USA) aufFiltereffizienz \u00fcber 99,95 % getestet. 5Erfordert ein Ger\u00e4t, das die App ausf\u00fchren kann und Bluetooth 4.0 unterst\u00fctzt, sowie eine Internetverbindung \u00fcber 2,4-GHz- oder 5-GHz-WLAN oder \u00fcber mobile Daten. Um zu erfahren, ob die App kompatibel ist, suchen Sie bitte im iOS App Store oder im Google Play Store nach\u201eDyson Link\u201c. Es k\u00f6nnen die Standardtarife f\u00fcr Daten- und Nachrichtendienste gelten. Die Wortmarke Bluetooth\u00ae und die Logos sind eingetrageneWarenzeichen der Bluetooth SIG, Inc. und jede Verwendung dieser Warenzeichen von Dyson erfolgt unter einer Lizenzvereinbarung.<\/sup><\/p>\n<li class=\"mb-m\">\n<div class=\"flex flex-col m:flex-row gap-s m:gap-xl\">\n<div class=\"text-h3 min-w-[244px] max-w-[244px]\">Lieferumfang<\/div>\n<div class=\"flex flex-col gap-s\"><span class=\"\"><\/p>\n<ul class=\"flex flex-col gap-s\">\n<li class=\"ml-3xs pl-[15px] relative before:absolute before:w-[8px] before:h-[8px] before:bg-dark before:top-[8px] before:left-0 before:rounded-full\">Fernbedienung<\/li>\n<\/ul>\n<p><\/span><\/div>\n<\/div>\n<\/li>\n<li class=\"mb-m\">\n<div class=\"flex flex-col m:flex-row gap-s m:gap-xl\">\n<div class=\"text-h3 min-w-[244px] max-w-[244px]\">K\u00fchlen \/ Heizen<\/div>\n<div class=\"flex flex-col gap-s\"><span class=\"\"><\/p>\n<ul class=\"flex flex-col gap-s\">\n<li class=\"ml-3xs pl-[15px] relative before:absolute before:w-[8px] before:h-[8px] before:bg-dark before:top-[8px] before:left-0 before:rounded-full\">Typ: Klimageraet<\/li>\n<li class=\"ml-3xs pl-[15px] relative before:absolute before:w-[8px] before:h-[8px] before:bg-dark before:top-[8px] before:left-0 before:rounded-full\">Filterstufen: 10 St<\/li>\n<li class=\"ml-3xs pl-[15px] relative before:absolute before:w-[8px] before:h-[8px] before:bg-dark before:top-[8px] before:left-0 before:rounded-full\">Filtersystem: Hepa-Filter<\/li>\n<li class=\"ml-3xs pl-[15px] relative before:absolute before:w-[8px] before:h-[8px] before:bg-dark before:top-[8px] before:left-0 before:rounded-full\">Geschwindigkeitsstufen: 10 St<\/li>\n<\/ul>\n<p><\/span><\/div>\n<\/div>\n<\/li>\n<li class=\"mb-m\">\n<div class=\"flex flex-col m:flex-row gap-s m:gap-xl\">\n<div class=\"text-h3 min-w-[244px] max-w-[244px]\">Farbe \/ Material<\/div>\n<div class=\"flex flex-col gap-s\"><span class=\"\"><\/p>\n<ul class=\"flex flex-col gap-s\">\n<li class=\"ml-3xs pl-[15px] relative before:absolute before:w-[8px] before:h-[8px] before:bg-dark before:top-[8px] before:left-0 before:rounded-full\">Farbe: Blau<\/li>\n<li class=\"ml-3xs pl-[15px] relative before:absolute before:w-[8px] before:h-[8px] before:bg-dark before:top-[8px] before:left-0 before:rounded-full\">Material: Kunststoff<\/li>\n<\/ul>\n<p><\/span><\/div>\n<\/div>\n<\/li>\n<li class=\"mb-m\">\n<div class=\"flex flex-col m:flex-row gap-s m:gap-xl\">\n<div class=\"text-h3 min-w-[244px] max-w-[244px]\">Abmessungen \/ Gewicht<\/div>\n<div class=\"flex flex-col gap-s\"><span class=\"\"><\/p>\n<ul class=\"flex flex-col gap-s\">\n<li class=\"ml-3xs pl-[15px] relative before:absolute before:w-[8px] before:h-[8px] before:bg-dark before:top-[8px] before:left-0 before:rounded-full\">Breite: 415 mm<\/li>\n<li class=\"ml-3xs pl-[15px] relative before:absolute before:w-[8px] before:h-[8px] before:bg-dark before:top-[8px] before:left-0 before:rounded-full\">H\u00f6he: 830 mm<\/li>\n<li class=\"ml-3xs pl-[15px] relative before:absolute before:w-[8px] before:h-[8px] before:bg-dark before:top-[8px] before:left-0 before:rounded-full\">Tiefe: 434 mm<\/li>\n<li class=\"ml-3xs pl-[15px] relative before:absolute before:w-[8px] before:h-[8px] before:bg-dark before:top-[8px] before:left-0 before:rounded-full\">Gewicht: 11.90 kg<\/li>\n<li class=\"ml-3xs pl-[15px] relative before:absolute before:w-[8px] before:h-[8px] before:bg-dark before:top-[8px] before:left-0 before:rounded-full\">Kabell\u00e4nge: 1800 mm<\/li>\n<\/ul>\n<p><\/span><\/div>\n<\/div>\n<\/li>\n<li class=\"mb-m\">\n<div class=\"flex flex-col m:flex-row gap-s m:gap-xl\">\n<div class=\"text-h3 min-w-[244px] max-w-[244px]\">Betriebsger\u00e4usch (innen)<\/div>\n<div class=\"flex flex-col gap-s\"><span class=\"\"><\/p>\n<ul class=\"flex flex-col gap-s\">\n<li class=\"ml-3xs pl-[15px] relative before:absolute before:w-[8px] before:h-[8px] before:bg-dark before:top-[8px] before:left-0 before:rounded-full\">56 dB<\/li>\n<\/ul>\n<p><\/span><\/div>\n<\/div>\n<\/li>\n","protected":false},"excerpt":{"rendered":"<li class=\"bullet-list-item\">Typ: Klimageraet; K\u00fchlleistung:  kW<\/li>\n<li class=\"bullet-list-item\">Farbe: Blau, Lieferumfang: Fernbedienung<\/li>\n<li class=\"bullet-list-item\">Geschwindigkeitsstufen: 10<\/li>\n<p> Herstellernummer 410624-01<\/p>","protected":false},"featured_media":42414,"comment_status":"open","ping_status":"closed","template":"","meta":{"_monsterinsights_skip_tracking":false,"_monsterinsights_sitenote_active":false,"_monsterinsights_sitenote_note":"","_monsterinsights_sitenote_category":0,"_uf_show_specific_survey":0,"_uf_disable_surveys":false},"product_brand":[],"product_cat":[371],"product_tag":[],"models":[],"years":[],"class_list":{"0":"post-58033","1":"product","2":"type-product","3":"status-publish","4":"has-post-thumbnail","6":"product_cat-raumklima-zeit","8":"first","9":"instock","10":"sale","11":"shipping-taxable","12":"purchasable","13":"product-type-simple"},"aioseo_notices":[],"acf":[],"_links":{"self":[{"href":"https:\/\/amannforg.com\/de\/wp-json\/wp\/v2\/product\/58033","targetHints":{"allow":["GET"]}}],"collection":[{"href":"https:\/\/amannforg.com\/de\/wp-json\/wp\/v2\/product"}],"about":[{"href":"https:\/\/amannforg.com\/de\/wp-json\/wp\/v2\/types\/product"}],"replies":[{"embeddable":true,"href":"https:\/\/amannforg.com\/de\/wp-json\/wp\/v2\/comments?post=58033"}],"version-history":[{"count":1,"href":"https:\/\/amannforg.com\/de\/wp-json\/wp\/v2\/product\/58033\/revisions"}],"predecessor-version":[{"id":58034,"href":"https:\/\/amannforg.com\/de\/wp-json\/wp\/v2\/product\/58033\/revisions\/58034"}],"wp:featuredmedia":[{"embeddable":true,"href":"https:\/\/amannforg.com\/de\/wp-json\/wp\/v2\/media\/42414"}],"wp:attachment":[{"href":"https:\/\/amannforg.com\/de\/wp-json\/wp\/v2\/media?parent=58033"}],"wp:term":[{"taxonomy":"product_brand","embeddable":true,"href":"https:\/\/amannforg.com\/de\/wp-json\/wp\/v2\/product_brand?post=58033"},{"taxonomy":"product_cat","embeddable":true,"href":"https:\/\/amannforg.com\/de\/wp-json\/wp\/v2\/product_cat?post=58033"},{"taxonomy":"product_tag","embeddable":true,"href":"https:\/\/amannforg.com\/de\/wp-json\/wp\/v2\/product_tag?post=58033"},{"taxonomy":"models","embeddable":true,"href":"https:\/\/amannforg.com\/de\/wp-json\/wp\/v2\/models?post=58033"},{"taxonomy":"years","embeddable":true,"href":"https:\/\/amannforg.com\/de\/wp-json\/wp\/v2\/years?post=58033"}],"curies":[{"name":"wp","href":"https:\/\/api.w.org\/{rel}","templated":true}]}}