{"id":58049,"date":"2026-03-04T00:11:14","date_gmt":"2026-03-04T00:11:14","guid":{"rendered":"https:\/\/amannforg.com\/?post_type=product&#038;p=58049"},"modified":"2026-03-13T11:44:23","modified_gmt":"2026-03-13T11:44:23","slug":"meaco-dry-arete-two-25l-luftentfeuchter-luftreiniger-schwarz","status":"publish","type":"product","link":"https:\/\/amannforg.com\/de\/produkt\/meaco-dry-arete-two-25l-luftentfeuchter-luftreiniger-schwarz\/","title":{"rendered":"Meaco Dry Arete Two 25L Luftentfeuchter \/ Luftreiniger Schwarz"},"content":{"rendered":"<div class=\"titlepage\">\n<h2 class=\"text-h3 mb-l\">Meaco Dry Arete\u00ae Two 25L Luftentfeuchter \/ Luftreiniger<\/h2>\n<\/div>\n<p>Erstklassiger Luftentfeuchter f\u00fcr kleinere R\u00e4umlichkeiten Arete\u00ae Two wurde nach dem Erfolg der beliebten Arete\u00ae-One-Reihe.Leise, stilvoll und zweifache Funktionsweise<\/p>\n<div class=\"itemizedlist\">\n<ul class=\"bullet-list\">\n<li class=\"bullet-list-item\">Neu: Steuerung per App<\/li>\n<li class=\"bullet-list-item\">Neu und einzigartige LCD-Display gibt Ihnen mehr Kontrolle<\/li>\n<li class=\"bullet-list-item\">Entwickelt mithilfe der R\u00fcckmeldungen von \u00fcber 2000 Kunden<\/li>\n<li class=\"bullet-list-item\">Hybridmodell: Luftentfeuchter und Luftreiniger in einem intelligenten Geh\u00e4use<\/li>\n<li class=\"bullet-list-item\">Extrem leiser Betrieb, f\u00fcr Ruhe und gesunde Luft in Ihrem ZuhausIdeal f\u00fcr Wohnungen, Studios, kleinere H\u00e4user, Einzelzimmer und kleine B\u00fcro<\/li>\n<li class=\"bullet-list-item\">Perfekt f\u00fcr Schimmel, Kondenswasser und Feuchtr\u00e4ume, f\u00fcr R\u00e4ume bis 90 m\u00b2<\/li>\n<li class=\"bullet-list-item\">Integrierter HEPA-Filter f\u00fcr medizinische Zwecke und sauberere, ges\u00fcndere Luft<\/li>\n<li class=\"bullet-list-item\">Freistehend, mit Rollen zum einfachen Bewegen<\/li>\n<\/ul>\n<\/div>\n<p>F\u00fcr eine fortschrittliche Luftentfeuchtung und niedrige Betriebskosten ist der Arete\u00ae Two 25L perfekt f\u00fcr gro\u00dfe Wohnungen oder H\u00e4user mit mehr als 4 Zimmern sowie f\u00fcr Garagen, Boote und Wohnwagen. In Fortf\u00fchrung des Erfolgs der renommierten Arete\u00ae One-Serie bieten wir jetzt eine Reihe neuer Funktionen f\u00fcr eine m\u00fchelose Luftentfeuchtung, darunter das komplett neue Premium-LCD-Display, das Informationen auf einen Blick bietet.Alles eine Frage der TechnikDer Arete\u00ae Two wurde von unserem Team in Gro\u00dfbritannien speziell f\u00fcr das europ\u00e4ische Klima entwickelt und verf\u00fcgt \u00fcber ein einzigartiges Lauflicht-Display, das den aktuellen Modus, die Luftfeuchtigkeit, die Zielfeuchtigkeit, den Ein\/Aus-Timer und mehr anzeigt.Alle wichtigen Informationen werden auf einen Blick dargestellt, sodass Sie sich nicht mehr durch die Schaltfl\u00e4chen klicken m\u00fcssen, um die Zielfeuchtigkeit zu \u00fcberpr\u00fcfen.Unter seinem schlichten Geh\u00e4use arbeitet der Arete\u00ae Two mit fortschrittlichen Gleichstrommotoren, die eine 80 Prozent h\u00f6here Leistung und eine zus\u00e4tzliche Geschwindigkeitsstufe bieten. Trotz dieser Leistungssteigerung bleibt der Energieverbrauch effizient und die Ger\u00e4uschentwicklung minimal.Eine hohe Effizienz und niedrige Betriebskosten waren bei der Entwicklung der gesamten Arete\u00ae-Produktreihe entscheidend und Arete\u00ae Two bildet da keine Ausnahme. Er ist sogar noch effizienter als sein Vorg\u00e4nger, der Arete\u00aeOne, denn der Betrieb von Arete\u00ae Two 25L kostet nur 9 Cent pro Stunde.Kombinierte Luftreiniger-FunktionenDer Arete\u00ae Two ist nicht nur ein Luftentfeuchter, sondern auch ein kombinierter Luftreiniger. Mit einem kostenlosen HEPA-Filter der Klasse H13 f\u00fcr medizinische Zwecke und einem Staubfilter reinigt er die Luft und entfeuchtet gleichzeitig die Raumluft, um eine ges\u00fcndere Umgebung zu schaffen.F\u00fcr eine vielseitige Verwendbarkeit verf\u00fcgen die Arete\u00ae Two-Luftentfeuchter \u00fcber einen unabh\u00e4ngigen Luftreinigungsmodus. Bei dieser unauff\u00e4lligen Funktion passiert die Luft den HEPA-Filter, was ideal ist, um saisonale Allergien wie Heuschnupfen zu bek\u00e4mpfen, ohne die Luftfeuchtigkeit zu ver\u00e4ndern. Diese Vielseitigkeit macht die Arete\u00ae-Luftentfeuchter das ganze Jahr \u00fcber zu einer gro\u00dfartigen Wahl.Mehr zu Ersatzteilen f\u00fcr Luftentfeuchter, einschlie\u00dflich HEPA- und Kohlefilter, finden Sie hier.  <\/p>\n<li class=\"mb-m\">\n<div class=\"flex flex-col m:flex-row gap-s m:gap-xl\">\n<div class=\"text-h3 min-w-[244px] max-w-[244px]\">Lieferumfang<\/div>\n<div class=\"flex flex-col gap-s\"><span class=\"\"><\/p>\n<ul class=\"flex flex-col gap-s\">\n<li class=\"ml-3xs pl-[15px] relative before:absolute before:w-[8px] before:h-[8px] before:bg-dark before:top-[8px] before:left-0 before:rounded-full\">Handbuch<\/li>\n<\/ul>\n<p><\/span><\/div>\n<\/div>\n<\/li>\n<li class=\"mb-m\">\n<div class=\"flex flex-col m:flex-row gap-s m:gap-xl\">\n<div class=\"text-h3 min-w-[244px] max-w-[244px]\">K\u00fchlen \/ Heizen<\/div>\n<div class=\"flex flex-col gap-s\"><span class=\"\"><\/p>\n<ul class=\"flex flex-col gap-s\">\n<li class=\"ml-3xs pl-[15px] relative before:absolute before:w-[8px] before:h-[8px] before:bg-dark before:top-[8px] before:left-0 before:rounded-full\">Typ: Luftreiniger<\/li>\n<li class=\"ml-3xs pl-[15px] relative before:absolute before:w-[8px] before:h-[8px] before:bg-dark before:top-[8px] before:left-0 before:rounded-full\">Filtersystem: Hepa-Filter<\/li>\n<li class=\"ml-3xs pl-[15px] relative before:absolute before:w-[8px] before:h-[8px] before:bg-dark before:top-[8px] before:left-0 before:rounded-full\">Max. Raumgr\u00f6\u00dfe: 90 m\u00b2<\/li>\n<\/ul>\n<p><\/span><\/div>\n<\/div>\n<\/li>\n<li class=\"mb-m\">\n<div class=\"flex flex-col m:flex-row gap-s m:gap-xl\">\n<div class=\"text-h3 min-w-[244px] max-w-[244px]\">Farbe \/ Material<\/div>\n<div class=\"flex flex-col gap-s\"><span class=\"\"><\/p>\n<ul class=\"flex flex-col gap-s\">\n<li class=\"ml-3xs pl-[15px] relative before:absolute before:w-[8px] before:h-[8px] before:bg-dark before:top-[8px] before:left-0 before:rounded-full\">Farbbezeichnung (Hersteller): Schwarz<\/li>\n<li class=\"ml-3xs pl-[15px] relative before:absolute before:w-[8px] before:h-[8px] before:bg-dark before:top-[8px] before:left-0 before:rounded-full\">Farbe: Schwarz<\/li>\n<li class=\"ml-3xs pl-[15px] relative before:absolute before:w-[8px] before:h-[8px] before:bg-dark before:top-[8px] before:left-0 before:rounded-full\">Material: Kunststoff<\/li>\n<\/ul>\n<p><\/span><\/div>\n<\/div>\n<\/li>\n<li class=\"mb-m\">\n<div class=\"flex flex-col m:flex-row gap-s m:gap-xl\">\n<div class=\"text-h3 min-w-[244px] max-w-[244px]\">Wassertankvolumen<\/div>\n<div class=\"flex flex-col gap-s\"><span class=\"\"><\/p>\n<ul class=\"flex flex-col gap-s\">\n<li class=\"ml-3xs pl-[15px] relative before:absolute before:w-[8px] before:h-[8px] before:bg-dark before:top-[8px] before:left-0 before:rounded-full\">4.8 l<\/li>\n<\/ul>\n<p><\/span><\/div>\n<\/div>\n<\/li>\n<li class=\"mb-m\">\n<div class=\"flex flex-col m:flex-row gap-s m:gap-xl\">\n<div class=\"text-h3 min-w-[244px] max-w-[244px]\">Leistung<\/div>\n<div class=\"flex flex-col gap-s\"><span class=\"\"><\/p>\n<ul class=\"flex flex-col gap-s\">\n<li class=\"ml-3xs pl-[15px] relative before:absolute before:w-[8px] before:h-[8px] before:bg-dark before:top-[8px] before:left-0 before:rounded-full\">250 W<\/li>\n<\/ul>\n<p><\/span><\/div>\n<\/div>\n<\/li>\n<li class=\"mb-m\">\n<div class=\"flex flex-col m:flex-row gap-s m:gap-xl\">\n<div class=\"text-h3 min-w-[244px] max-w-[244px]\">Abmessungen \/ Gewicht<\/div>\n<div class=\"flex flex-col gap-s\"><span class=\"\"><\/p>\n<ul class=\"flex flex-col gap-s\">\n<li class=\"ml-3xs pl-[15px] relative before:absolute before:w-[8px] before:h-[8px] before:bg-dark before:top-[8px] before:left-0 before:rounded-full\">Breite: 366 mm<\/li>\n<li class=\"ml-3xs pl-[15px] relative before:absolute before:w-[8px] before:h-[8px] before:bg-dark before:top-[8px] before:left-0 before:rounded-full\">H\u00f6he: 618 mm<\/li>\n<li class=\"ml-3xs pl-[15px] relative before:absolute before:w-[8px] before:h-[8px] before:bg-dark before:top-[8px] before:left-0 before:rounded-full\">Tiefe: 272 mm<\/li>\n<li class=\"ml-3xs pl-[15px] relative before:absolute before:w-[8px] before:h-[8px] before:bg-dark before:top-[8px] before:left-0 before:rounded-full\">Gewicht: 16.1 kg<\/li>\n<\/ul>\n<p><\/span><\/div>\n<\/div>\n<\/li>\n<li class=\"mb-m\">\n<div class=\"flex flex-col m:flex-row gap-s m:gap-xl\">\n<div class=\"text-h3 min-w-[244px] max-w-[244px]\">Betriebsger\u00e4usch (innen)<\/div>\n<div class=\"flex flex-col gap-s\"><span class=\"\"><\/p>\n<ul class=\"flex flex-col gap-s\">\n<li class=\"ml-3xs pl-[15px] relative before:absolute before:w-[8px] before:h-[8px] before:bg-dark before:top-[8px] before:left-0 before:rounded-full\">50 dB<\/li>\n<\/ul>\n<p><\/span><\/div>\n<\/div>\n<\/li>\n","protected":false},"excerpt":{"rendered":"<li class=\"bullet-list-item\">Typ: Luftreiniger; Leistung: 250W<\/li>\n<li class=\"bullet-list-item\">Farbe: Schwarz, Lieferumfang: Handbuch<\/li>\n<p> Herstellernummer MeacoDryArete2-25LEU<\/p>","protected":false},"featured_media":42752,"comment_status":"open","ping_status":"closed","template":"","meta":{"_monsterinsights_skip_tracking":false,"_monsterinsights_sitenote_active":false,"_monsterinsights_sitenote_note":"","_monsterinsights_sitenote_category":0,"_uf_show_specific_survey":0,"_uf_disable_surveys":false},"product_brand":[],"product_cat":[371],"product_tag":[],"models":[],"years":[],"class_list":{"0":"post-58049","1":"product","2":"type-product","3":"status-publish","4":"has-post-thumbnail","6":"product_cat-raumklima-zeit","8":"first","9":"instock","10":"sale","11":"featured","12":"shipping-taxable","13":"purchasable","14":"product-type-simple"},"aioseo_notices":[],"acf":[],"_links":{"self":[{"href":"https:\/\/amannforg.com\/de\/wp-json\/wp\/v2\/product\/58049","targetHints":{"allow":["GET"]}}],"collection":[{"href":"https:\/\/amannforg.com\/de\/wp-json\/wp\/v2\/product"}],"about":[{"href":"https:\/\/amannforg.com\/de\/wp-json\/wp\/v2\/types\/product"}],"replies":[{"embeddable":true,"href":"https:\/\/amannforg.com\/de\/wp-json\/wp\/v2\/comments?post=58049"}],"version-history":[{"count":1,"href":"https:\/\/amannforg.com\/de\/wp-json\/wp\/v2\/product\/58049\/revisions"}],"predecessor-version":[{"id":58050,"href":"https:\/\/amannforg.com\/de\/wp-json\/wp\/v2\/product\/58049\/revisions\/58050"}],"wp:featuredmedia":[{"embeddable":true,"href":"https:\/\/amannforg.com\/de\/wp-json\/wp\/v2\/media\/42752"}],"wp:attachment":[{"href":"https:\/\/amannforg.com\/de\/wp-json\/wp\/v2\/media?parent=58049"}],"wp:term":[{"taxonomy":"product_brand","embeddable":true,"href":"https:\/\/amannforg.com\/de\/wp-json\/wp\/v2\/product_brand?post=58049"},{"taxonomy":"product_cat","embeddable":true,"href":"https:\/\/amannforg.com\/de\/wp-json\/wp\/v2\/product_cat?post=58049"},{"taxonomy":"product_tag","embeddable":true,"href":"https:\/\/amannforg.com\/de\/wp-json\/wp\/v2\/product_tag?post=58049"},{"taxonomy":"models","embeddable":true,"href":"https:\/\/amannforg.com\/de\/wp-json\/wp\/v2\/models?post=58049"},{"taxonomy":"years","embeddable":true,"href":"https:\/\/amannforg.com\/de\/wp-json\/wp\/v2\/years?post=58049"}],"curies":[{"name":"wp","href":"https:\/\/api.w.org\/{rel}","templated":true}]}}