{"id":58053,"date":"2026-03-04T00:11:20","date_gmt":"2026-03-04T00:11:20","guid":{"rendered":"https:\/\/amannforg.com\/?post_type=product&#038;p=58053"},"modified":"2026-03-13T11:44:21","modified_gmt":"2026-03-13T11:44:21","slug":"meaco-dry-arete-one-25l-luftentfeuchter-luftreiniger-schwarz","status":"publish","type":"product","link":"https:\/\/amannforg.com\/de\/produkt\/meaco-dry-arete-one-25l-luftentfeuchter-luftreiniger-schwarz\/","title":{"rendered":"Meaco Dry Arete One 25L Luftentfeuchter \/ Luftreiniger Schwarz"},"content":{"rendered":"<div class=\"titlepage\">\n<h2 class=\"text-h3 mb-l\">Meaco Dry Arete\u00ae One 25L Luftentfeuchter \/ Luftreiniger<\/h2>\n<\/div>\n<div class=\"itemizedlist\">\n<ul class=\"bullet-list\">\n<li class=\"bullet-list-item\">Konzipiert f\u00fcr Ihren Alltag und optimiert f\u00fcr das deutsche Klima<\/li>\n<li class=\"bullet-list-item\">Die neue L\u00f6sung zur Bek\u00e4mpfung von Kondensation, Schimmel und Feuchtigkeit<\/li>\n<li class=\"bullet-list-item\">Geeignet f\u00fcr gro\u00dfe, unbeheizte KellerSaubere Luft f\u00fcr Sie und Ihre Familie mit einem HEPA-Filter der Klasse H13<\/li>\n<li class=\"bullet-list-item\">Automatische Entleerung &#8211; \u00fcberlassen Sie Arete die Arbeit<\/li>\n<li class=\"bullet-list-item\">Geeignet f\u00fcr R\u00e4ume bis zu 90 m\u00b2<\/li>\n<\/ul>\n<\/div>\n<p>Die Spitzenklasse der LuftentfeuchterEntdecken Sie die neueste Entwicklung unter den Luftentfeuchtern: die neuen Arete-Reihe. Dieses Sortiment befindet sich seit f\u00fcnf Jahren in der Entwicklung. Unser engagiertes Entwicklerteam in Gro\u00dfbritannien hat mit mehr als 2000 Kunden eng zusammengearbeitet, um herauszufinden, was genau den perfekten Luftentfeuchter ausmacht.Wir haben den Namen Arete gew\u00e4hlt, weil sie in jeder Hinsicht die griechische G\u00f6ttin der Vortrefflichkeit ist. Diese Eigenschaft war unser Ziel f\u00fcr diese neue Produktreihe &#8211; und wir sind der Meinung, es erreicht zu haben. Mit Liebe zum Detail und ausf\u00fchrlichen Tests und Probel\u00e4ufen haben wir einen Luftentfeuchter entwickelt, von dem wir glauben, dass er perfekt ist.Es handelt sich um unser bisher energieeffizientestes Luftentfeuchter-Sortiment. Arete ist sehr leise und mit einer Vielzahl von besonderen Funktionen verbessert der Luftentfeuchter die Wohnqualit\u00e4t mit Leichtigkeit. Wenn Sie Probleme mit Kondensation, Feuchtigkeit, Schimmel oder hoher Luftfeuchtigkeit haben, ist Arete die L\u00f6sung &#8211; ob f\u00fcr Ihr Zuhause, Ihren Wintergarten, Ihre Garage, Ihr Boot, Ihre unbeheizter Keller, Ihren Wohnwagen oder Ihre Werkstatt, f\u00fcr R\u00e4ume bis zu 90 m\u00b2.Arete als Teil Ihres ZuhausesDie R\u00fcckmeldungen unserer Kunden haben deutlich gemacht, dass Luftentfeuchter Teil der h\u00e4uslichen Einrichtung sind. Nicht nur das Aussehen ist also wichtig, sondern auch, dass der Luftentfeuchter nicht im Weg herumsteht. Arete ist nicht nur stilvoll gestaltet, sondern auch sehr praktisch. Der Luftentfeuchter l\u00e4sst sich b\u00fcndig an die Wand stellen und wir haben ihn mit Standbeinen versehen, die ihm etwas das Aussehen eines M\u00f6belst\u00fccks verleihen. Die Rollen sind versteckt.Pssst&#8230; der leiseste LuftentfeuchterEines der wichtigsten Erkenntnisse aus allen R\u00fcckmeldungen unserer Kunden war es, zu erfahren, wo sie ihr Ger\u00e4t aufstellen. Bei vielen Menschen befindet sich der Luftentfeuchter in der N\u00e4he des Schlafzimmers, daher ist es offensichtlich wichtig, den Ger\u00e4uschpegel niedrig zu halten. Nach dem Erfolg unserer sehr leisen ABC-Serie haben wir uns darauf konzentriert, Arete leiser zu gestalten, ohne dadurch andere Funktionen zu beeintr\u00e4chtigen. \u00dcber 18 Monate haben wir verschiedene L\u00f6sungswege ausprobiert und getestet, um die leisesten Luftentfeuchter zu entwickeln, die wir je hergestellt haben. Tats\u00e4chlich ist Arete mit 40 dB doppelt so leise wie der Branchenstandard.Einfachheit ist der Schl\u00fcsselDas Bedienfeld von Arete ist einfach zu bedienen und bietet Ihnen vollst\u00e4ndige Kontrolle. Mit gro\u00dfen Tasten f\u00fcr die am h\u00e4ufigsten verwendeten Funktionen k\u00f6nnen Sie das Ger\u00e4t mit einem einzigen Tastendruck steuern &#8211; insbesondere bei der intelligenten Feuchtigkeitsregelung und dem intelligenten W\u00e4schemodus. Eine unkomplizierte und effiziente Bedienung &#8211; genau das, was Sie brauchen.Ungest\u00f6rt schlafen mit unserem NachtmodusWir haben herausgefunden, dass viele Ger\u00e4te einen Nachtmodus haben. Aber der geht oft mit einem nervigen Licht und Tastenger\u00e4uschen einher. Unser Nachtmodus ist anders. Alle Lampen erl\u00f6schen, die L\u00fcftergeschwindigkeit wird heruntergefahren, um in den leisesten Modus zu wechseln, und der Luftentfeuchter gibt keine unerw\u00fcnschten Ger\u00e4usche von sich. Und dank der Kindersicherung m\u00fcssen Sie sich keine Sorgen machen, dass der Nachtmodus &#8211; oder ein anderer Modus &#8211; versehentlich deaktiviert wird.Der Nachtmodus von Arete ist nicht nur f\u00fcr die Nacht gedacht, sondern eignet sich immer dann, wenn der Luftentfeuchter so leise wie m\u00f6glich arbeiten soll.Beh\u00e4lter entleeren leicht gemachtWir wissen, dass Ihre h\u00e4ufigste T\u00e4tigkeit im Umgang mit dem Luftentfeuchter das Entleeren des Wasserbeh\u00e4lters ist. Deshalb wollten wir sicherstellen, dass das ohne gro\u00dfen Aufwand und ohne Wasser zu versch\u00fctten einfach zu bewerkstelligen ist.Arete verf\u00fcgt \u00fcber einen gro\u00dfen 4,8-Liter-Beh\u00e4lter. Ihn aus dem Ger\u00e4t herauszunehmen und zum Waschbecken oder zum Entleeren zu transportieren, musste daher unkompliziert sein. Deshalb haben wir untersucht, wie andere Beh\u00e4lter entfernt werden und wie sich der Vorgang ergonomisch am besten gestalten l\u00e4sst.Daher nahmen wir die zentrale Idee f\u00fcr die Gestaltung des Wasserbeh\u00e4lters und des Geh\u00e4uses von Arete. Links und rechts vom Beh\u00e4lter befinden sich zwei gro\u00dfe Aussparungen, die Ihre Finger wie von selbst ertasten. Dadurch k\u00f6nnen Sie den Beh\u00e4lter gut anpacken und ihn sanft herausziehen, um ihn auf den Boden zu stellen. Mit einem eingebauten Tragegriff kann er problemlos getragen und geleert werden. Als zus\u00e4tzliches Designmerkmal haben wir das Ger\u00e4t links und rechts mit einem Ausfluss versehen, sodass Sie den Beh\u00e4lter nicht drehen oder ihre H\u00e4nde wechseln m\u00fcssen, um das Wasser zu entleeren.Was ist mit dem kontinuierlichen Abfluss?Um die Auswirkungen auf die Umwelt zu verringern, legen wir seit einigen Jahren unseren Luftentfeuchtern keine kostenlosen Abflussschl\u00e4uche mehr bei. Stattdessen verf\u00fcgt Arete \u00fcber einen Schlauchadapter, mit dem Sie einen herk\u00f6mmlichen Gartenschlauch an das Ger\u00e4t anschlie\u00dfen k\u00f6nnen, um einen kontinuierlichen Abfluss zu gew\u00e4hrleisten. Das hilft uns allen, den Plastikm\u00fcll zu reduzieren und erleichtert Ihnen die Nutzung.Reine Luft in Ihrem ZuhauseUns war wichtig, dass Arete das ganze Jahr \u00fcber n\u00fctzlich ist. Daher kommt jeder Luftentfeuchter von Arete One mit einem HEPA-Filter der Klasse H13. Dies ist ein Filter f\u00fcr medizinische Zwecke, der die Luft w\u00e4hrend der Entfeuchtung reinigt. Mit dem Filter kann der Luftentfeuchter in den w\u00e4rmeren Monaten auch als eigenst\u00e4ndiger Reiniger verwendet werden.  <\/p>\n<li class=\"mb-m\">\n<div class=\"flex flex-col m:flex-row gap-s m:gap-xl\">\n<div class=\"text-h3 min-w-[244px] max-w-[244px]\">Lieferumfang<\/div>\n<div class=\"flex flex-col gap-s\"><span class=\"\"><\/p>\n<ul class=\"flex flex-col gap-s\">\n<li class=\"ml-3xs pl-[15px] relative before:absolute before:w-[8px] before:h-[8px] before:bg-dark before:top-[8px] before:left-0 before:rounded-full\">Handbuch<\/li>\n<\/ul>\n<p><\/span><\/div>\n<\/div>\n<\/li>\n<li class=\"mb-m\">\n<div class=\"flex flex-col m:flex-row gap-s m:gap-xl\">\n<div class=\"text-h3 min-w-[244px] max-w-[244px]\">K\u00fchlen \/ Heizen<\/div>\n<div class=\"flex flex-col gap-s\"><span class=\"\"><\/p>\n<ul class=\"flex flex-col gap-s\">\n<li class=\"ml-3xs pl-[15px] relative before:absolute before:w-[8px] before:h-[8px] before:bg-dark before:top-[8px] before:left-0 before:rounded-full\">Typ: Luftreiniger<\/li>\n<li class=\"ml-3xs pl-[15px] relative before:absolute before:w-[8px] before:h-[8px] before:bg-dark before:top-[8px] before:left-0 before:rounded-full\">Filtersystem: Hepa-Filter<\/li>\n<li class=\"ml-3xs pl-[15px] relative before:absolute before:w-[8px] before:h-[8px] before:bg-dark before:top-[8px] before:left-0 before:rounded-full\">Max. Raumgr\u00f6\u00dfe: 90 m\u00b2<\/li>\n<\/ul>\n<p><\/span><\/div>\n<\/div>\n<\/li>\n<li class=\"mb-m\">\n<div class=\"flex flex-col m:flex-row gap-s m:gap-xl\">\n<div class=\"text-h3 min-w-[244px] max-w-[244px]\">Leistung<\/div>\n<div class=\"flex flex-col gap-s\"><span class=\"\"><\/p>\n<ul class=\"flex flex-col gap-s\">\n<li class=\"ml-3xs pl-[15px] relative before:absolute before:w-[8px] before:h-[8px] before:bg-dark before:top-[8px] before:left-0 before:rounded-full\">267 W<\/li>\n<\/ul>\n<p><\/span><\/div>\n<\/div>\n<\/li>\n<li class=\"mb-m\">\n<div class=\"flex flex-col m:flex-row gap-s m:gap-xl\">\n<div class=\"text-h3 min-w-[244px] max-w-[244px]\">Wassertankvolumen<\/div>\n<div class=\"flex flex-col gap-s\"><span class=\"\"><\/p>\n<ul class=\"flex flex-col gap-s\">\n<li class=\"ml-3xs pl-[15px] relative before:absolute before:w-[8px] before:h-[8px] before:bg-dark before:top-[8px] before:left-0 before:rounded-full\">4.8 l<\/li>\n<\/ul>\n<p><\/span><\/div>\n<\/div>\n<\/li>\n<li class=\"mb-m\">\n<div class=\"flex flex-col m:flex-row gap-s m:gap-xl\">\n<div class=\"text-h3 min-w-[244px] max-w-[244px]\">Farbe \/ Material<\/div>\n<div class=\"flex flex-col gap-s\"><span class=\"\"><\/p>\n<ul class=\"flex flex-col gap-s\">\n<li class=\"ml-3xs pl-[15px] relative before:absolute before:w-[8px] before:h-[8px] before:bg-dark before:top-[8px] before:left-0 before:rounded-full\">Farbbezeichnung (Hersteller): Schwarz<\/li>\n<li class=\"ml-3xs pl-[15px] relative before:absolute before:w-[8px] before:h-[8px] before:bg-dark before:top-[8px] before:left-0 before:rounded-full\">Farbe: Schwarz<\/li>\n<li class=\"ml-3xs pl-[15px] relative before:absolute before:w-[8px] before:h-[8px] before:bg-dark before:top-[8px] before:left-0 before:rounded-full\">Material: Kunststoff<\/li>\n<\/ul>\n<p><\/span><\/div>\n<\/div>\n<\/li>\n<li class=\"mb-m\">\n<div class=\"flex flex-col m:flex-row gap-s m:gap-xl\">\n<div class=\"text-h3 min-w-[244px] max-w-[244px]\">Abmessungen \/ Gewicht<\/div>\n<div class=\"flex flex-col gap-s\"><span class=\"\"><\/p>\n<ul class=\"flex flex-col gap-s\">\n<li class=\"ml-3xs pl-[15px] relative before:absolute before:w-[8px] before:h-[8px] before:bg-dark before:top-[8px] before:left-0 before:rounded-full\">Breite: 366 mm<\/li>\n<li class=\"ml-3xs pl-[15px] relative before:absolute before:w-[8px] before:h-[8px] before:bg-dark before:top-[8px] before:left-0 before:rounded-full\">H\u00f6he: 618 mm<\/li>\n<li class=\"ml-3xs pl-[15px] relative before:absolute before:w-[8px] before:h-[8px] before:bg-dark before:top-[8px] before:left-0 before:rounded-full\">Tiefe: 272 mm<\/li>\n<li class=\"ml-3xs pl-[15px] relative before:absolute before:w-[8px] before:h-[8px] before:bg-dark before:top-[8px] before:left-0 before:rounded-full\">Gewicht: 16 kg<\/li>\n<\/ul>\n<p><\/span><\/div>\n<\/div>\n<\/li>\n<li class=\"mb-m\">\n<div class=\"flex flex-col m:flex-row gap-s m:gap-xl\">\n<div class=\"text-h3 min-w-[244px] max-w-[244px]\">Betriebsger\u00e4usch (innen)<\/div>\n<div class=\"flex flex-col gap-s\"><span class=\"\"><\/p>\n<ul class=\"flex flex-col gap-s\">\n<li class=\"ml-3xs pl-[15px] relative before:absolute before:w-[8px] before:h-[8px] before:bg-dark before:top-[8px] before:left-0 before:rounded-full\">42 dB<\/li>\n<\/ul>\n<p><\/span><\/div>\n<\/div>\n<\/li>\n","protected":false},"excerpt":{"rendered":"<li class=\"bullet-list-item\">Typ: Luftreiniger; Leistung: 267W<\/li>\n<li class=\"bullet-list-item\">Farbe: Schwarz, Lieferumfang: Handbuch<\/li>\n<p> Herstellernummer MeacoDryArete1-25LEU<\/p>","protected":false},"featured_media":42918,"comment_status":"open","ping_status":"closed","template":"","meta":{"_monsterinsights_skip_tracking":false,"_monsterinsights_sitenote_active":false,"_monsterinsights_sitenote_note":"","_monsterinsights_sitenote_category":0,"_uf_show_specific_survey":0,"_uf_disable_surveys":false},"product_brand":[],"product_cat":[371],"product_tag":[],"models":[],"years":[],"class_list":{"0":"post-58053","1":"product","2":"type-product","3":"status-publish","4":"has-post-thumbnail","6":"product_cat-raumklima-zeit","8":"first","9":"instock","10":"sale","11":"featured","12":"shipping-taxable","13":"purchasable","14":"product-type-simple"},"aioseo_notices":[],"acf":[],"_links":{"self":[{"href":"https:\/\/amannforg.com\/de\/wp-json\/wp\/v2\/product\/58053","targetHints":{"allow":["GET"]}}],"collection":[{"href":"https:\/\/amannforg.com\/de\/wp-json\/wp\/v2\/product"}],"about":[{"href":"https:\/\/amannforg.com\/de\/wp-json\/wp\/v2\/types\/product"}],"replies":[{"embeddable":true,"href":"https:\/\/amannforg.com\/de\/wp-json\/wp\/v2\/comments?post=58053"}],"version-history":[{"count":1,"href":"https:\/\/amannforg.com\/de\/wp-json\/wp\/v2\/product\/58053\/revisions"}],"predecessor-version":[{"id":58054,"href":"https:\/\/amannforg.com\/de\/wp-json\/wp\/v2\/product\/58053\/revisions\/58054"}],"wp:featuredmedia":[{"embeddable":true,"href":"https:\/\/amannforg.com\/de\/wp-json\/wp\/v2\/media\/42918"}],"wp:attachment":[{"href":"https:\/\/amannforg.com\/de\/wp-json\/wp\/v2\/media?parent=58053"}],"wp:term":[{"taxonomy":"product_brand","embeddable":true,"href":"https:\/\/amannforg.com\/de\/wp-json\/wp\/v2\/product_brand?post=58053"},{"taxonomy":"product_cat","embeddable":true,"href":"https:\/\/amannforg.com\/de\/wp-json\/wp\/v2\/product_cat?post=58053"},{"taxonomy":"product_tag","embeddable":true,"href":"https:\/\/amannforg.com\/de\/wp-json\/wp\/v2\/product_tag?post=58053"},{"taxonomy":"models","embeddable":true,"href":"https:\/\/amannforg.com\/de\/wp-json\/wp\/v2\/models?post=58053"},{"taxonomy":"years","embeddable":true,"href":"https:\/\/amannforg.com\/de\/wp-json\/wp\/v2\/years?post=58053"}],"curies":[{"name":"wp","href":"https:\/\/api.w.org\/{rel}","templated":true}]}}