{"id":58071,"date":"2026-03-04T00:14:02","date_gmt":"2026-03-04T00:14:02","guid":{"rendered":"https:\/\/amannforg.com\/?post_type=product&#038;p=58071"},"modified":"2026-03-07T16:30:04","modified_gmt":"2026-03-07T16:30:04","slug":"dometic-cfx2-28-tragbare-kompressor-kuhlbox-28-l-blau","status":"publish","type":"product","link":"https:\/\/amannforg.com\/de\/produkt\/dometic-cfx2-28-tragbare-kompressor-kuhlbox-28-l-blau\/","title":{"rendered":"Dometic CFX2 28 Tragbare Kompressor-K\u00fchlbox 28 l blau"},"content":{"rendered":"<p class=\"mb-l\">\n<div class=\"titlepage\">\n<h2 class=\"text-h3 mb-l\">Dometic CFX2 28 Tragbare Kompressor-K\u00fchlbox 28 l<\/h2>\n<\/div>\n<p class=\"mb-l\">Mit dieser zuverl\u00e4ssigen, elektrischen K\u00fchlbox k\u00f6nnen Sie mehr von Ihren Lieblingsspeisen und -getr\u00e4nken mitnehmen, egal wohin die Reise geht. Durch ihr stabiles Design ist sie ideal f\u00fcr Outdoor-Abenteuer. Diese kleine elektrische K\u00fchlbox verf\u00fcgt \u00fcber eine Smartphone-App zur Steuerung der Innentemperatur, ergonomische, klappbare Griffe zum Tragen und ein digitales Display. Damit ist sie perfekt f\u00fcr Ihr n\u00e4chstes Wochenendabenteuer.<\/p>\n<p class=\"mb-l\">\n<div class=\"titlepage\">\n<h2 class=\"text-h3 mb-l\">Der ideale K\u00fchlbox-Begleiter<\/h2>\n<\/div>\n<p class=\"mb-l\">Die perfekte elektrische K\u00fchlbox f\u00fcr Wochenendausfl\u00fcge. Die energieeffiziente elektrische K\u00fchlbox Dometic CFX2 28 wird mit AC (110\u2013140 V) oder DC (12 Volt \/ 24 Volt) betrieben und kann ganz einfach \u00fcber eine Smartphone-App gesteuert werden. Ihr stabiles Design mit verst\u00e4rkten Ecken ist wie geschaffen f\u00fcr unwegsames Gel\u00e4nde. Gleichzeitig sch\u00fctzt das 3-stufige dynamische Batterieschutzsystem die Autobatterien vor \u00fcberm\u00e4\u00dfiger Entladung. Au\u00dferdem erm\u00f6glicht der funktionale Ablassstopfen eine schnelle und einfache Reinigung. Machen Sie sich bereit f\u00fcr Ihr n\u00e4chstes Wochenendabenteuer mit dieser kleinen elektrischen K\u00fchlbox. Sie ist die perfekte L\u00f6sung, um Lebensmittel frisch zu halten und Ihr Outdoor-Erlebnis noch angenehmer zu machen.<\/p>\n<p class=\"mb-l\">\n<div class=\"titlepage\">\n<h2 class=\"text-h3 mb-l\">Features<\/h2>\n<\/div>\n<p class=\"mb-l\">Platz f\u00fcr bis zu 42 330-ml-Dosen oder vier 1,5-l-Flaschen<\/p>\n<p class=\"mb-l\">Die Temperatur kann zwischen +20 und -22 \u00b0C eingestellt werden<\/p>\n<p class=\"mb-l\">Leistungsstarker und effizienter Kompressor mit Drehzahlregulierung<\/p>\n<p class=\"mb-l\">Anschluss an 12\/24 V DC sowie an 100\u2013240 V AC<\/p>\n<p class=\"mb-l\">Stabiles Design mit verst\u00e4rkten Ecken, Edelstahlscharnieren und einem stabilen abnehmbaren Deckel<\/p>\n<p class=\"mb-l\">Digitalanzeige zur bequemen Temperatureinstellung mit Display-Dimmfunktion und USB-Anschluss<\/p>\n<p class=\"mb-l\">Bequemes Steuern der K\u00fchlbox \u00fcber Ihr Smartphone<\/p>\n<p class=\"mb-l\">Ergonomische, klappbare Griffe<\/p>\n<p class=\"mb-l\">Sch\u00fctzt die Fahrzeugbatterie vor zu starker Entladung<\/p>\n<p class=\"mb-l\">Unterteilter Innenraum mit herausnehmbarem Korb f\u00fcr optimale Organisation<\/p>\n<li class=\"mb-m\">\n<div class=\"flex flex-col m:flex-row gap-s m:gap-xl\">\n<div class=\"text-h3 min-w-[244px] max-w-[244px]\">Bauform<\/div>\n<div class=\"flex flex-col gap-s\"><span class=\"\"><\/p>\n<ul class=\"flex flex-col gap-s\">\n<li class=\"ml-3xs pl-[15px] relative before:absolute before:w-[8px] before:h-[8px] before:bg-dark before:top-[8px] before:left-0 before:rounded-full\">Mobilger\u00e4t<\/li>\n<\/ul>\n<p><\/span><\/div>\n<\/div>\n<\/li>\n<li class=\"mb-m\">\n<div class=\"flex flex-col m:flex-row gap-s m:gap-xl\">\n<div class=\"text-h3 min-w-[244px] max-w-[244px]\">K\u00fchlger\u00e4te<\/div>\n<div class=\"flex flex-col gap-s\"><span class=\"\"><\/p>\n<ul class=\"flex flex-col gap-s\">\n<li class=\"ml-3xs pl-[15px] relative before:absolute before:w-[8px] before:h-[8px] before:bg-dark before:top-[8px] before:left-0 before:rounded-full\">Nutzinhalt gesamt: 28 l<\/li>\n<li class=\"ml-3xs pl-[15px] relative before:absolute before:w-[8px] before:h-[8px] before:bg-dark before:top-[8px] before:left-0 before:rounded-full\">Nutzinhalt K\u00fchlbereich: 28 l<\/li>\n<li class=\"ml-3xs pl-[15px] relative before:absolute before:w-[8px] before:h-[8px] before:bg-dark before:top-[8px] before:left-0 before:rounded-full\">K\u00fchltechnologie: Kompressor<\/li>\n<\/ul>\n<p><\/span><\/div>\n<\/div>\n<\/li>\n<li class=\"mb-m\">\n<div class=\"flex flex-col m:flex-row gap-s m:gap-xl\">\n<div class=\"text-h3 min-w-[244px] max-w-[244px]\">Farbe<\/div>\n<div class=\"flex flex-col gap-s\"><span class=\"\"><\/p>\n<ul class=\"flex flex-col gap-s\">\n<li class=\"ml-3xs pl-[15px] relative before:absolute before:w-[8px] before:h-[8px] before:bg-dark before:top-[8px] before:left-0 before:rounded-full\">Blau<\/li>\n<\/ul>\n<p><\/span><\/div>\n<\/div>\n<\/li>\n<li class=\"mb-m\">\n<div class=\"flex flex-col m:flex-row gap-s m:gap-xl\">\n<div class=\"text-h3 min-w-[244px] max-w-[244px]\">Energieversorgung<\/div>\n<div class=\"flex flex-col gap-s\"><span class=\"\"><\/p>\n<ul class=\"flex flex-col gap-s\">\n<li class=\"ml-3xs pl-[15px] relative before:absolute before:w-[8px] before:h-[8px] before:bg-dark before:top-[8px] before:left-0 before:rounded-full\">Jahresverbrauch: 32 kWh<\/li>\n<li class=\"ml-3xs pl-[15px] relative before:absolute before:w-[8px] before:h-[8px] before:bg-dark before:top-[8px] before:left-0 before:rounded-full\">Netzstrom: 100 V &#8211; 240 V<\/li>\n<\/ul>\n<p><\/span><\/div>\n<\/div>\n<\/li>\n<li class=\"mb-m\">\n<div class=\"flex flex-col m:flex-row gap-s m:gap-xl\">\n<div class=\"text-h3 min-w-[244px] max-w-[244px]\">Abmessungen \/ Gewicht<\/div>\n<div class=\"flex flex-col gap-s\"><span class=\"\"><\/p>\n<ul class=\"flex flex-col gap-s\">\n<li class=\"ml-3xs pl-[15px] relative before:absolute before:w-[8px] before:h-[8px] before:bg-dark before:top-[8px] before:left-0 before:rounded-full\">Breite: 600 mm<\/li>\n<li class=\"ml-3xs pl-[15px] relative before:absolute before:w-[8px] before:h-[8px] before:bg-dark before:top-[8px] before:left-0 before:rounded-full\">H\u00f6he: 427 mm<\/li>\n<li class=\"ml-3xs pl-[15px] relative before:absolute before:w-[8px] before:h-[8px] before:bg-dark before:top-[8px] before:left-0 before:rounded-full\">Tiefe: 345 mm<\/li>\n<li class=\"ml-3xs pl-[15px] relative before:absolute before:w-[8px] before:h-[8px] before:bg-dark before:top-[8px] before:left-0 before:rounded-full\">Gewicht: 13.5 kg<\/li>\n<\/ul>\n<p><\/span><\/div>\n<\/div>\n<\/li>\n<li class=\"mb-m\">\n<div class=\"flex flex-col m:flex-row gap-s m:gap-xl\">\n<div class=\"text-h3 min-w-[244px] max-w-[244px]\">Zertifikate \/ Garantie<\/div>\n<div class=\"flex flex-col gap-s\"><span class=\"\"><\/p>\n<ul class=\"flex flex-col gap-s\">\n<li class=\"ml-3xs pl-[15px] relative before:absolute before:w-[8px] before:h-[8px] before:bg-dark before:top-[8px] before:left-0 before:rounded-full\">Energieeffizienzklasse: B<\/li>\n<li class=\"ml-3xs pl-[15px] relative before:absolute before:w-[8px] before:h-[8px] before:bg-dark before:top-[8px] before:left-0 before:rounded-full\">Klimaklasse: N<\/li>\n<\/ul>\n<p><\/span><\/div>\n<\/div>\n<\/li>\n<li class=\"mb-m\">\n<div class=\"flex flex-col m:flex-row gap-s m:gap-xl\">\n<div class=\"text-h3 min-w-[244px] max-w-[244px]\">Ger\u00e4uschentwicklung<\/div>\n<div class=\"flex flex-col gap-s\"><span class=\"\"><\/p>\n<ul class=\"flex flex-col gap-s\">\n<li class=\"ml-3xs pl-[15px] relative before:absolute before:w-[8px] before:h-[8px] before:bg-dark before:top-[8px] before:left-0 before:rounded-full\">42 dB<\/li>\n<\/ul>\n<p><\/span><\/div>\n<\/div>\n<\/li>\n","protected":false},"excerpt":{"rendered":"<li class=\"bullet-list-item\">Energieeffizienzklasse: B<\/li>\n<li class=\"bullet-list-item\"> Nutzinhalt gesamt: 28;  K\u00fchltechnologie Kompressor  <\/li>\n<li class=\"bullet-list-item\">Ger\u00e4uschemission: 42 dB ;  Jahresverbrauch: 32 kWh <\/li>\n<p> Herstellernummer 97000150815<\/p>","protected":false},"featured_media":46658,"comment_status":"open","ping_status":"closed","template":"","meta":{"_monsterinsights_skip_tracking":false,"_monsterinsights_sitenote_active":false,"_monsterinsights_sitenote_note":"","_monsterinsights_sitenote_category":0,"_uf_show_specific_survey":0,"_uf_disable_surveys":false},"product_brand":[],"product_cat":[503],"product_tag":[],"models":[],"years":[],"class_list":{"0":"post-58071","1":"product","2":"type-product","3":"status-publish","4":"has-post-thumbnail","6":"product_cat-kuhlen-gefrieren","8":"first","9":"instock","10":"sale","11":"shipping-taxable","12":"purchasable","13":"product-type-simple"},"aioseo_notices":[],"acf":[],"_links":{"self":[{"href":"https:\/\/amannforg.com\/de\/wp-json\/wp\/v2\/product\/58071","targetHints":{"allow":["GET"]}}],"collection":[{"href":"https:\/\/amannforg.com\/de\/wp-json\/wp\/v2\/product"}],"about":[{"href":"https:\/\/amannforg.com\/de\/wp-json\/wp\/v2\/types\/product"}],"replies":[{"embeddable":true,"href":"https:\/\/amannforg.com\/de\/wp-json\/wp\/v2\/comments?post=58071"}],"version-history":[{"count":1,"href":"https:\/\/amannforg.com\/de\/wp-json\/wp\/v2\/product\/58071\/revisions"}],"predecessor-version":[{"id":58072,"href":"https:\/\/amannforg.com\/de\/wp-json\/wp\/v2\/product\/58071\/revisions\/58072"}],"wp:featuredmedia":[{"embeddable":true,"href":"https:\/\/amannforg.com\/de\/wp-json\/wp\/v2\/media\/46658"}],"wp:attachment":[{"href":"https:\/\/amannforg.com\/de\/wp-json\/wp\/v2\/media?parent=58071"}],"wp:term":[{"taxonomy":"product_brand","embeddable":true,"href":"https:\/\/amannforg.com\/de\/wp-json\/wp\/v2\/product_brand?post=58071"},{"taxonomy":"product_cat","embeddable":true,"href":"https:\/\/amannforg.com\/de\/wp-json\/wp\/v2\/product_cat?post=58071"},{"taxonomy":"product_tag","embeddable":true,"href":"https:\/\/amannforg.com\/de\/wp-json\/wp\/v2\/product_tag?post=58071"},{"taxonomy":"models","embeddable":true,"href":"https:\/\/amannforg.com\/de\/wp-json\/wp\/v2\/models?post=58071"},{"taxonomy":"years","embeddable":true,"href":"https:\/\/amannforg.com\/de\/wp-json\/wp\/v2\/years?post=58071"}],"curies":[{"name":"wp","href":"https:\/\/api.w.org\/{rel}","templated":true}]}}