{"id":58075,"date":"2026-03-04T00:14:13","date_gmt":"2026-03-04T00:14:13","guid":{"rendered":"https:\/\/amannforg.com\/?post_type=product&#038;p=58075"},"modified":"2026-03-07T16:30:05","modified_gmt":"2026-03-07T16:30:05","slug":"bosch-kgn39vict-serie-4-freistehende-kuhl-gefrier-kombination","status":"publish","type":"product","link":"https:\/\/amannforg.com\/de\/produkt\/bosch-kgn39vict-serie-4-freistehende-kuhl-gefrier-kombination\/","title":{"rendered":"Bosch KGN39VICT Serie 4 Freistehende K\u00fchl-Gefrier-Kombination"},"content":{"rendered":"<p class=\"mb-l\">\n<div class=\"titlepage\">\n<h2 class=\"text-h3 mb-l\">Bosch KGN39VICT  Serie 4 Freistehende K\u00fchl-Gefrier-Kombination<\/h2>\n<\/div>\n<p class=\"mb-l\">\n<div class=\"titlepage\">\n<h2 class=\"text-h3 mb-l\">Extra viel Platz f\u00fcr deine frischen Lebensmittel.<\/h2>\n<\/div>\n<p class=\"mb-l\">Das ger\u00e4umige VitaFresh XXL System ist ideal f\u00fcr die Aufbewahrung deiner frischen Lebensmittel. Es h\u00e4lt die Temperatur f\u00fcr Fleisch und Fisch niedrig, w\u00e4hrend eine luftfeuchtigkeitsregulierte Schublade dein Obst und Gem\u00fcse frisch h\u00e4lt.<\/p>\n<p class=\"mb-l\">\n<div class=\"titlepage\">\n<h2 class=\"text-h3 mb-l\">Der K\u00fchlschrank mit konstanter Temperatur.<\/h2>\n<\/div>\n<p class=\"mb-l\">Eine ungleichm\u00e4\u00dfige K\u00fchlung im K\u00fchlschrank kann den Geschmack und die Haltbarkeit deiner Lebensmittel stark beeintr\u00e4chtigen. Dank der Hochglanz-R\u00fcckwand mit Multi Airflow werden Feuchtigkeit und Temperatur gleichm\u00e4\u00dfig im gesamten K\u00fchlbereich verteilt, von den T\u00fcrf\u00e4chern bis in die hintersten Ecken, damit deine Lebensmittel l\u00e4nger haltbar bleiben.<\/p>\n<p class=\"mb-l\">\n<div class=\"titlepage\">\n<h2 class=\"text-h3 mb-l\">Nie wieder abtauen, keine Tropfen an der R\u00fcckwand des K\u00fchlschranks.<\/h2>\n<\/div>\n<p class=\"mb-l\">Mit der Total No Frost-Technologie musst du deinen Gefrierschrank nie wieder abtauen. Sie entzieht Feuchtigkeit und h\u00e4lt die Luft im Ger\u00e4t trocken, um das Entstehen von Frost an den W\u00e4nden und deinen Lebensmitteln zu verhindern. Dies gilt auch f\u00fcr den K\u00fchlschrankbereich. Verabschiede dich von Wassertr\u00f6pfchen und Eisbildung an der R\u00fcckwand. Dadurch sparst du nicht nur den Aufwand des Abtauens und Reinigens, sondern machst dein Ger\u00e4t auch energieeffizienter.<\/p>\n<p class=\"mb-l\">\n<div class=\"titlepage\">\n<h2 class=\"text-h3 mb-l\">Der K\u00fchlschrank, der \u00fcberall passt.<\/h2>\n<\/div>\n<p class=\"mb-l\">Platziere deinen K\u00fchlschrank genau da, wo er hin soll. Andere standardm\u00e4\u00dfig erh\u00e4ltliche K\u00fchl-Gefrier-Modelle ben\u00f6tigen ca. 10 cm Abstand an den Seiten, um die T\u00fcren und Schubladen \u00f6ffnen zu k\u00f6nnen. Dank Perfect Fit k\u00f6nnen unsere freistehenden K\u00fchl-Gefrier-Kombinationen direkt an der Wand und neben anderen M\u00f6beln platziert werden. Die Breite des K\u00fchlschranks entspricht der Gr\u00f6\u00dfe der ben\u00f6tigten Nische.<\/p>\n<p class=\"mb-l\">\n<div class=\"titlepage\">\n<h2 class=\"text-h3 mb-l\">Deine Lebensmittel im Blick behalten.<\/h2>\n<\/div>\n<p class=\"mb-l\">Die LED-Beleuchtung hilft, alles im K\u00fchlschrank im Blick zu behalten. Die langlebigen, energiesparenden LEDs tauchen den Innenraum automatisch in ein brillantes wei\u00dfes Licht. Die voll integrierten LED-Lichtquellen sorgen f\u00fcr eine angenehm helle, gleichm\u00e4\u00dfige und blendfreie Ausleuchtung des Innenraums. Nie wieder etwas \u00fcbersehen.<\/p>\n<p class=\"mb-l\">\n<div class=\"titlepage\">\n<h2 class=\"text-h3 mb-l\">Zwei separate K\u00fchlkreisl\u00e4ufe, f\u00fcr schnelles K\u00fchlen.<\/h2>\n<\/div>\n<p class=\"mb-l\">Bei Ger\u00e4ten mit getrennten K\u00fchlkreisl\u00e4ufen k\u00f6nnen die K\u00fchl- und Gefrierbereiche einzeln gesteuert werden, um eine schnellere K\u00fchlung zu erreichen. Mit den benutzerfreundlichen elektronischen Steuerungen k\u00f6nnen die Temperaturen individuell eingestellt werden.<\/p>\n<p class=\"mb-l\">\n<div class=\"titlepage\">\n<h2 class=\"text-h3 mb-l\">Der K\u00fchlschrank, der wei\u00df, wie man cool bleibt.<\/h2>\n<\/div>\n<p class=\"mb-l\">Aktiviere vor dem Einkaufen die Super Cooling-Funktion, um die Temperatur im K\u00fchlschrank f\u00fcr kurze Zeit zu senken, damit die frischen Eink\u00e4ufe auf der richtigen Temperatur bleiben. Die Temperatur wird per Knopfdruck abgesenkt (mindestens 2\u00b0C). Um unn\u00f6tigen Stromverbrauch zu vermeiden, schaltet die Funktion nach ca. 6 Stunden automatisch zur\u00fcck.<\/p>\n<p class=\"mb-l\">\n<div class=\"titlepage\">\n<h2 class=\"text-h3 mb-l\">Stabile Temperaturregelung und effiziente Leistung.<\/h2>\n<\/div>\n<p class=\"mb-l\">Diese intelligente Technologie passt die K\u00fchlschranktemperatur kontinuierlich an die Innen- und Au\u00dfentemperaturbedingungen an. Sie l\u00e4uft immer mit der optimalen Geschwindigkeit und h\u00e4lt die K\u00fchlschranktemperatur auf sehr effiziente Weise stabil.<\/p>\n<li class=\"mb-m\">\n<div class=\"flex flex-col m:flex-row gap-s m:gap-xl\">\n<div class=\"text-h3 min-w-[244px] max-w-[244px]\">Bauart<\/div>\n<div class=\"flex flex-col gap-s\"><span class=\"\"><\/p>\n<ul class=\"flex flex-col gap-s\">\n<li class=\"ml-3xs pl-[15px] relative before:absolute before:w-[8px] before:h-[8px] before:bg-dark before:top-[8px] before:left-0 before:rounded-full\">Standger\u00e4t<\/li>\n<\/ul>\n<p><\/span><\/div>\n<\/div>\n<\/li>\n<li class=\"mb-m\">\n<div class=\"flex flex-col m:flex-row gap-s m:gap-xl\">\n<div class=\"text-h3 min-w-[244px] max-w-[244px]\">K\u00fchlger\u00e4te<\/div>\n<div class=\"flex flex-col gap-s\"><span class=\"\"><\/p>\n<ul class=\"flex flex-col gap-s\">\n<li class=\"ml-3xs pl-[15px] relative before:absolute before:w-[8px] before:h-[8px] before:bg-dark before:top-[8px] before:left-0 before:rounded-full\">Nutzinhalt gesamt: 363 l<\/li>\n<li class=\"ml-3xs pl-[15px] relative before:absolute before:w-[8px] before:h-[8px] before:bg-dark before:top-[8px] before:left-0 before:rounded-full\">Nutzinhalt K\u00fchlbereich: 260 l<\/li>\n<li class=\"ml-3xs pl-[15px] relative before:absolute before:w-[8px] before:h-[8px] before:bg-dark before:top-[8px] before:left-0 before:rounded-full\">Nutzinhalt Gefrierbereich: 103 l<\/li>\n<li class=\"ml-3xs pl-[15px] relative before:absolute before:w-[8px] before:h-[8px] before:bg-dark before:top-[8px] before:left-0 before:rounded-full\">Frostschutz: NoFrost<\/li>\n<li class=\"ml-3xs pl-[15px] relative before:absolute before:w-[8px] before:h-[8px] before:bg-dark before:top-[8px] before:left-0 before:rounded-full\">T\u00fcrsystem: T\u00fcranschlag wechselbar<\/li>\n<li class=\"ml-3xs pl-[15px] relative before:absolute before:w-[8px] before:h-[8px] before:bg-dark before:top-[8px] before:left-0 before:rounded-full\">Lagerzeit bei St\u00f6rung: 15 h<\/li>\n<\/ul>\n<p><\/span><\/div>\n<\/div>\n<\/li>\n<li class=\"mb-m\">\n<div class=\"flex flex-col m:flex-row gap-s m:gap-xl\">\n<div class=\"text-h3 min-w-[244px] max-w-[244px]\">Jahresverbrauch<\/div>\n<div class=\"flex flex-col gap-s\"><span class=\"\"><\/p>\n<ul class=\"flex flex-col gap-s\">\n<li class=\"ml-3xs pl-[15px] relative before:absolute before:w-[8px] before:h-[8px] before:bg-dark before:top-[8px] before:left-0 before:rounded-full\">162 kWh<\/li>\n<\/ul>\n<p><\/span><\/div>\n<\/div>\n<\/li>\n<li class=\"mb-m\">\n<div class=\"flex flex-col m:flex-row gap-s m:gap-xl\">\n<div class=\"text-h3 min-w-[244px] max-w-[244px]\">Farbe \/ Material<\/div>\n<div class=\"flex flex-col gap-s\"><span class=\"\"><\/p>\n<ul class=\"flex flex-col gap-s\">\n<li class=\"ml-3xs pl-[15px] relative before:absolute before:w-[8px] before:h-[8px] before:bg-dark before:top-[8px] before:left-0 before:rounded-full\">Farbe: Silber<\/li>\n<li class=\"ml-3xs pl-[15px] relative before:absolute before:w-[8px] before:h-[8px] before:bg-dark before:top-[8px] before:left-0 before:rounded-full\">Frontmaterial: Edelstahl<\/li>\n<\/ul>\n<p><\/span><\/div>\n<\/div>\n<\/li>\n<li class=\"mb-m\">\n<div class=\"flex flex-col m:flex-row gap-s m:gap-xl\">\n<div class=\"text-h3 min-w-[244px] max-w-[244px]\">Abmessungen \/ Gewicht<\/div>\n<div class=\"flex flex-col gap-s\"><span class=\"\"><\/p>\n<ul class=\"flex flex-col gap-s\">\n<li class=\"ml-3xs pl-[15px] relative before:absolute before:w-[8px] before:h-[8px] before:bg-dark before:top-[8px] before:left-0 before:rounded-full\">Breite: 600 mm<\/li>\n<li class=\"ml-3xs pl-[15px] relative before:absolute before:w-[8px] before:h-[8px] before:bg-dark before:top-[8px] before:left-0 before:rounded-full\">H\u00f6he: 2030 mm<\/li>\n<li class=\"ml-3xs pl-[15px] relative before:absolute before:w-[8px] before:h-[8px] before:bg-dark before:top-[8px] before:left-0 before:rounded-full\">Tiefe: 665 mm<\/li>\n<li class=\"ml-3xs pl-[15px] relative before:absolute before:w-[8px] before:h-[8px] before:bg-dark before:top-[8px] before:left-0 before:rounded-full\">Gewicht: 63.7 kg<\/li>\n<\/ul>\n<p><\/span><\/div>\n<\/div>\n<\/li>\n<li class=\"mb-m\">\n<div class=\"flex flex-col m:flex-row gap-s m:gap-xl\">\n<div class=\"text-h3 min-w-[244px] max-w-[244px]\">Energieeffizienzklasse<\/div>\n<div class=\"flex flex-col gap-s\"><span class=\"\"><\/p>\n<ul class=\"flex flex-col gap-s\">\n<li class=\"ml-3xs pl-[15px] relative before:absolute before:w-[8px] before:h-[8px] before:bg-dark before:top-[8px] before:left-0 before:rounded-full\">C<\/li>\n<\/ul>\n<p><\/span><\/div>\n<\/div>\n<\/li>\n<li class=\"mb-m\">\n<div class=\"flex flex-col m:flex-row gap-s m:gap-xl\">\n<div class=\"text-h3 min-w-[244px] max-w-[244px]\">Ger\u00e4uschentwicklung<\/div>\n<div class=\"flex flex-col gap-s\"><span class=\"\"><\/p>\n<ul class=\"flex flex-col gap-s\">\n<li class=\"ml-3xs pl-[15px] relative before:absolute before:w-[8px] before:h-[8px] before:bg-dark before:top-[8px] before:left-0 before:rounded-full\">35 dB<\/li>\n<\/ul>\n<p><\/span><\/div>\n<\/div>\n<\/li>\n","protected":false},"excerpt":{"rendered":"<li class=\"bullet-list-item\">Energieeffizienzklasse: C<\/li>\n<li class=\"bullet-list-item\">Kapazit\u00e4t K\u00fchlen: 260 l, Kapazit\u00e4t Gefrieren: 103 l<\/li>\n<li class=\"bullet-list-item\">T\u00fcranschlag wechselbar, Edelstahl-Front<\/li>\n<li class=\"bullet-list-item\">Standger\u00e4t, Ma\u00dfe: B 60 cm x H 203 cm x T 66.5 cm<\/li>\n<p> Herstellernummer KGN39VICT<\/p>","protected":false},"featured_media":46671,"comment_status":"open","ping_status":"closed","template":"","meta":{"_monsterinsights_skip_tracking":false,"_monsterinsights_sitenote_active":false,"_monsterinsights_sitenote_note":"","_monsterinsights_sitenote_category":0,"_uf_show_specific_survey":0,"_uf_disable_surveys":false},"product_brand":[],"product_cat":[503],"product_tag":[],"models":[],"years":[],"class_list":{"0":"post-58075","1":"product","2":"type-product","3":"status-publish","4":"has-post-thumbnail","6":"product_cat-kuhlen-gefrieren","8":"first","9":"instock","10":"sale","11":"shipping-taxable","12":"purchasable","13":"product-type-simple"},"aioseo_notices":[],"acf":[],"_links":{"self":[{"href":"https:\/\/amannforg.com\/de\/wp-json\/wp\/v2\/product\/58075","targetHints":{"allow":["GET"]}}],"collection":[{"href":"https:\/\/amannforg.com\/de\/wp-json\/wp\/v2\/product"}],"about":[{"href":"https:\/\/amannforg.com\/de\/wp-json\/wp\/v2\/types\/product"}],"replies":[{"embeddable":true,"href":"https:\/\/amannforg.com\/de\/wp-json\/wp\/v2\/comments?post=58075"}],"version-history":[{"count":1,"href":"https:\/\/amannforg.com\/de\/wp-json\/wp\/v2\/product\/58075\/revisions"}],"predecessor-version":[{"id":58076,"href":"https:\/\/amannforg.com\/de\/wp-json\/wp\/v2\/product\/58075\/revisions\/58076"}],"wp:featuredmedia":[{"embeddable":true,"href":"https:\/\/amannforg.com\/de\/wp-json\/wp\/v2\/media\/46671"}],"wp:attachment":[{"href":"https:\/\/amannforg.com\/de\/wp-json\/wp\/v2\/media?parent=58075"}],"wp:term":[{"taxonomy":"product_brand","embeddable":true,"href":"https:\/\/amannforg.com\/de\/wp-json\/wp\/v2\/product_brand?post=58075"},{"taxonomy":"product_cat","embeddable":true,"href":"https:\/\/amannforg.com\/de\/wp-json\/wp\/v2\/product_cat?post=58075"},{"taxonomy":"product_tag","embeddable":true,"href":"https:\/\/amannforg.com\/de\/wp-json\/wp\/v2\/product_tag?post=58075"},{"taxonomy":"models","embeddable":true,"href":"https:\/\/amannforg.com\/de\/wp-json\/wp\/v2\/models?post=58075"},{"taxonomy":"years","embeddable":true,"href":"https:\/\/amannforg.com\/de\/wp-json\/wp\/v2\/years?post=58075"}],"curies":[{"name":"wp","href":"https:\/\/api.w.org\/{rel}","templated":true}]}}