{"id":58088,"date":"2026-03-04T00:15:13","date_gmt":"2026-03-04T00:15:13","guid":{"rendered":"https:\/\/amannforg.com\/?post_type=product&#038;p=58088"},"modified":"2026-03-07T16:30:06","modified_gmt":"2026-03-07T16:30:06","slug":"dometic-cff-45-kompressor-kuhlbox-38l-12-24v-100-240v","status":"publish","type":"product","link":"https:\/\/amannforg.com\/de\/produkt\/dometic-cff-45-kompressor-kuhlbox-38l-12-24v-100-240v\/","title":{"rendered":"Dometic CFF 45 Kompressor-K\u00fchlbox 38l 12\/24V; 100-240V"},"content":{"rendered":"<div class=\"article\">\n<div class=\"titlepage\">\n<h2 class=\"text-h3 mb-l\">Dometic CFF 45<\/h2>\n<\/div>\n<div class=\"formalpara\">\n<div class=\"titlepage\">\n<h2 class=\"text-h3 mb-l\">Tragbare Kompressork\u00fchlbox, 38 l<\/h2>\n<\/div>\n<p class=\"mb-l\">Dometics vielseitiger Neuzugang in der Reihe der tragbaren K\u00fchlboxen mit Stromanschluss. Mit seinem stilvollen Design, dem doppelten Scharnierdeckel und der effizienten Innenaufteilung ist er f\u00fcr alle Arten von Outdoor-Enthusiasten geeignet. Die hervorragende Isolierung der CFF 45 sorgt f\u00fcr sehr hohe K\u00fchlleistung.<\/p>\n<\/p><\/div>\n<div class=\"formalpara\">\n<div class=\"titlepage\">\n<h2 class=\"text-h3 mb-l\">Features:<\/h2>\n<\/div>\n<p class=\"mb-l\">\n<div class=\"itemizedlist\">\n<ul class=\"bullet-list\">\n<li class=\"bullet-list-item\">\n<p class=\"mb-l\">Temperaturbereich: +20 \u00b0C bis -18 \u00b0C<\/p>\n<\/li>\n<li class=\"bullet-list-item\">\n<p class=\"mb-l\">44 l Nutzinhalt f\u00fcr komfortables K\u00fchlen<\/p>\n<\/li>\n<li class=\"bullet-list-item\">\n<p class=\"mb-l\">Energieeffizient durch doppelseitigen Deckel<\/p>\n<\/li>\n<li class=\"bullet-list-item\">\n<p class=\"mb-l\">Leichter Zugang &#8211; Beidseitig zu \u00f6ffnender Deckel<\/p>\n<\/li>\n<li class=\"bullet-list-item\">\n<p class=\"mb-l\">Passend f\u00fcr aufrecht stehende 1-l-Flaschen<\/p>\n<\/li>\n<li class=\"bullet-list-item\">\n<p class=\"mb-l\">Hervorragende Isolierung f\u00fcr hohe K\u00fchl-\/Gefrierleistung und Energieeffizienz<\/p>\n<\/li>\n<li class=\"bullet-list-item\">\n<p class=\"mb-l\">Robustes und kompaktes Design, extrem guter Tragekomfort<\/p>\n<\/li>\n<li class=\"bullet-list-item\">\n<p class=\"mb-l\">LED-Lampe: Energieeffiziente LED-Innenbeleuchtung<\/p>\n<\/li>\n<\/ul>\n<\/div>\n<\/p><\/div>\n<div class=\"formalpara\">\n<div class=\"titlepage\">\n<h2 class=\"text-h3 mb-l\">Innovativer beidseitig zu \u00f6ffnender Deckel<\/h2>\n<\/div>\n<p class=\"mb-l\">Die CFF 45 bietet das Wesentliche: ger\u00e4umiges Fassungsverm\u00f6gen, erstklassige Isolierung und attraktives Design. Dometic entwickelte die CFF 45 so, dass sie neben effizientem Stauraum auch mit einem innovativen beidseitig zu \u00f6ffnenden Deckel ausgestattet ist. Damit ist diese K\u00fchlbox immer leicht zug\u00e4nglich \u2013 besonders hilfreich bei beengtem Platzangebot in Wohnmobilen oder Booten. Die unter 19kg schwere Box ist die ideale Kombination von mobiler Flexibilit\u00e4t und herausragender K\u00fchlleistung. Abenteurer werden die neuen mit Glasfaser verst\u00e4rkten Nylon- und Stahlgriffe lieben, deren Tragekomfort und Robustheit nicht nur bei erstmaliger Verwendung Freude bereiten.<\/p>\n<\/p><\/div>\n<div class=\"formalpara\">\n<div class=\"titlepage\">\n<h2 class=\"text-h3 mb-l\">Spezifikationen:<\/h2>\n<\/div>\n<p class=\"mb-l\">\n<div class=\"itemizedlist\">\n<ul class=\"bullet-list\">\n<li class=\"bullet-list-item\">\n<p class=\"mb-l\">Nutzinhalt: 44 Liter<\/p>\n<\/li>\n<li class=\"bullet-list-item\">\n<p class=\"mb-l\">Das energieeffiziente Design erm\u00f6glicht rasches und effizientes K\u00fchlen und Gefrieren \u2013 sogar bei extrem hohen Au\u00dfentemperaturen<\/p>\n<\/li>\n<li class=\"bullet-list-item\">\n<p class=\"mb-l\">Gefriertauglichkeit bis \u221218 \u00b0C<\/p>\n<\/li>\n<li class=\"bullet-list-item\">\n<p class=\"mb-l\">Sie halten eine Innentemperatur von -18 \u00b0C bei Umgebungstemperaturen von bis zu +32 \u00b0C.<\/p>\n<\/li>\n<\/ul>\n<\/div>\n<\/p><\/div>\n<div class=\"formalpara\">\n<div class=\"titlepage\">\n<h2 class=\"text-h3 mb-l\">Ideale Verbindung von Mobilit\u00e4t und herausragender K\u00fchl-\/Gefrierleistung<\/h2>\n<\/div>\n<p class=\"mb-l\">Die CFF 45 wiegt weniger als 19 kg, hat einen gro\u00dfen Nutzinhalt von 38 Litern und bietet eines der besten Preis-Leistungs-Verh\u00e4ltnisse aller Dometic K\u00fchlboxen. Als besonderer Vorzug der Dometic CFF 45 sorgt die spezielle Ausf\u00fchrung des K\u00fchl-Gefrierraums f\u00fcr gleichm\u00e4\u00dfigere Temperaturverteilung. Zusammen mit der gro\u00dfz\u00fcgigen Isolierung f\u00fchrt dies zu einem geringen Stromverbrauch und damit zu einer geringen Belastung der Fahrzeugbatterie. Die Dometic CFF 45 ist also die ideale Wahl f\u00fcr echte Outdoor-Abenteuer.<\/p>\n<\/p><\/div>\n<\/p><\/div>\n<li class=\"mb-m\">\n<div class=\"flex flex-col m:flex-row gap-s m:gap-xl\">\n<div class=\"text-h3 min-w-[244px] max-w-[244px]\">Energieeffizienzklasse<\/div>\n<div class=\"flex flex-col gap-s\"><span class=\"ml-3xs pl-[15px] relative before:absolute before:w-[8px] before:h-[8px] before:bg-dark before:top-[8px] before:left-0 before:rounded-full\">C auf einer Skala von A (h\u00f6chste Effizienz) bis G (geringste Effizienz)<\/span><\/div>\n<\/div>\n<\/li>\n<li class=\"mb-m\">\n<div class=\"flex flex-col m:flex-row gap-s m:gap-xl\">\n<div class=\"text-h3 min-w-[244px] max-w-[244px]\">Sicherheit<\/div>\n<div class=\"flex flex-col gap-s\"><\/div>\n<\/div>\n<\/li>\n<li class=\"mb-m\">\n<div class=\"flex flex-col m:flex-row gap-s m:gap-xl\">\n<div class=\"text-h3 min-w-[244px] max-w-[244px]\">Typ<\/div>\n<div class=\"flex flex-col gap-s\"><span class=\"ml-3xs pl-[15px] relative before:absolute before:w-[8px] before:h-[8px] before:bg-dark before:top-[8px] before:left-0 before:rounded-full\">K\u00fchlbox<\/span><\/div>\n<\/div>\n<\/li>\n<li class=\"mb-m\">\n<div class=\"flex flex-col m:flex-row gap-s m:gap-xl\">\n<div class=\"text-h3 min-w-[244px] max-w-[244px]\">Bauform<\/div>\n<div class=\"flex flex-col gap-s\"><span class=\"ml-3xs pl-[15px] relative before:absolute before:w-[8px] before:h-[8px] before:bg-dark before:top-[8px] before:left-0 before:rounded-full\">Mobilger\u00e4t<\/span><\/div>\n<\/div>\n<\/li>\n<li class=\"mb-m\">\n<div class=\"flex flex-col m:flex-row gap-s m:gap-xl\">\n<div class=\"text-h3 min-w-[244px] max-w-[244px]\">Farbe<\/div>\n<div class=\"flex flex-col gap-s\"><span class=\"ml-3xs pl-[15px] relative before:absolute before:w-[8px] before:h-[8px] before:bg-dark before:top-[8px] before:left-0 before:rounded-full\">Grau<\/span><span class=\"ml-3xs pl-[15px] relative before:absolute before:w-[8px] before:h-[8px] before:bg-dark before:top-[8px] before:left-0 before:rounded-full\">Seitenw\u00e4nde in: Grau<\/span><\/div>\n<\/div>\n<\/li>\n<li class=\"mb-m\">\n<div class=\"flex flex-col m:flex-row gap-s m:gap-xl\">\n<div class=\"text-h3 min-w-[244px] max-w-[244px]\">Energieverbrauch<\/div>\n<div class=\"flex flex-col gap-s\"><span class=\"ml-3xs pl-[15px] relative before:absolute before:w-[8px] before:h-[8px] before:bg-dark before:top-[8px] before:left-0 before:rounded-full\">48kWh \/ Jahr<\/span><\/div>\n<\/div>\n<\/li>\n<li class=\"mb-m\">\n<div class=\"flex flex-col m:flex-row gap-s m:gap-xl\">\n<div class=\"text-h3 min-w-[244px] max-w-[244px]\">Klimaklasse<\/div>\n<div class=\"flex flex-col gap-s\"><span class=\"ml-3xs pl-[15px] relative before:absolute before:w-[8px] before:h-[8px] before:bg-dark before:top-[8px] before:left-0 before:rounded-full\">N-T (geeignet f\u00fcr Umgebungstemperaturen von +16 \u00b0C bis +43 \u00b0C)<\/span><\/div>\n<\/div>\n<\/li>\n<li class=\"mb-m\">\n<div class=\"flex flex-col m:flex-row gap-s m:gap-xl\">\n<div class=\"text-h3 min-w-[244px] max-w-[244px]\">Nutzinhalt<\/div>\n<div class=\"flex flex-col gap-s\"><span class=\"ml-3xs pl-[15px] relative before:absolute before:w-[8px] before:h-[8px] before:bg-dark before:top-[8px] before:left-0 before:rounded-full\">44 Liter Gesamt<\/span><span class=\"ml-3xs pl-[15px] relative before:absolute before:w-[8px] before:h-[8px] before:bg-dark before:top-[8px] before:left-0 before:rounded-full\">44 Liter K\u00fchlen<\/span><\/div>\n<\/div>\n<\/li>\n<li class=\"mb-m\">\n<div class=\"flex flex-col m:flex-row gap-s m:gap-xl\">\n<div class=\"text-h3 min-w-[244px] max-w-[244px]\">Ger\u00e4uschemission<\/div>\n<div class=\"flex flex-col gap-s\"><span class=\"ml-3xs pl-[15px] relative before:absolute before:w-[8px] before:h-[8px] before:bg-dark before:top-[8px] before:left-0 before:rounded-full\">47 dB(A) re 1pW<\/span><\/div>\n<\/div>\n<\/li>\n<li class=\"mb-m\">\n<div class=\"flex flex-col m:flex-row gap-s m:gap-xl\">\n<div class=\"text-h3 min-w-[244px] max-w-[244px]\">K\u00fchltechnik<\/div>\n<div class=\"flex flex-col gap-s\"><span class=\"ml-3xs pl-[15px] relative before:absolute before:w-[8px] before:h-[8px] before:bg-dark before:top-[8px] before:left-0 before:rounded-full\">Kompressortechnik<\/span><\/div>\n<\/div>\n<\/li>\n<li class=\"mb-m\">\n<div class=\"flex flex-col m:flex-row gap-s m:gap-xl\">\n<div class=\"text-h3 min-w-[244px] max-w-[244px]\">Abmessungen<\/div>\n<div class=\"flex flex-col gap-s\"><span class=\"ml-3xs pl-[15px] relative before:absolute before:w-[8px] before:h-[8px] before:bg-dark before:top-[8px] before:left-0 before:rounded-full\">Ger\u00e4tema\u00dfe:<\/span><span class=\"ml-3xs pl-[15px] relative before:absolute before:w-[8px] before:h-[8px] before:bg-dark before:top-[8px] before:left-0 before:rounded-full\">47,5 cm x 39,8 cm x 71,5 cm (H x B x T)<\/span><\/div>\n<\/div>\n<\/li>\n<li class=\"mb-m\">\n<div class=\"flex flex-col m:flex-row gap-s m:gap-xl\">\n<div class=\"text-h3 min-w-[244px] max-w-[244px]\">Gewicht<\/div>\n<div class=\"flex flex-col gap-s\"><span class=\"ml-3xs pl-[15px] relative before:absolute before:w-[8px] before:h-[8px] before:bg-dark before:top-[8px] before:left-0 before:rounded-full\">18,6 kg<\/span><\/div>\n<\/div>\n<\/li>\n","protected":false},"excerpt":{"rendered":"<li class=\"bullet-list-item\">Energieeffizienzklasse: C<\/li>\n<li class=\"bullet-list-item\">Energieverbrauch ca.: 48kWh \/ Jahr<\/li>\n<li class=\"bullet-list-item\">Nutzinhalt: 44 Liter K\u00fchlen <\/li>\n<li class=\"bullet-list-item\">Ger\u00e4uschemission: 47 dB (A) re 1pW<\/li>\n<li class=\"bullet-list-item\">Ma\u00dfe: 47,5 cm x 39,8 cm x 71,5 cm (HxBxT)<\/li>\n<p> Herstellernummer 9600012977<\/p>","protected":false},"featured_media":46708,"comment_status":"open","ping_status":"closed","template":"","meta":{"_monsterinsights_skip_tracking":false,"_monsterinsights_sitenote_active":false,"_monsterinsights_sitenote_note":"","_monsterinsights_sitenote_category":0,"_uf_show_specific_survey":0,"_uf_disable_surveys":false},"product_brand":[],"product_cat":[503],"product_tag":[],"models":[],"years":[],"class_list":{"0":"post-58088","1":"product","2":"type-product","3":"status-publish","4":"has-post-thumbnail","6":"product_cat-kuhlen-gefrieren","8":"first","9":"instock","10":"sale","11":"shipping-taxable","12":"purchasable","13":"product-type-simple"},"aioseo_notices":[],"acf":[],"_links":{"self":[{"href":"https:\/\/amannforg.com\/de\/wp-json\/wp\/v2\/product\/58088","targetHints":{"allow":["GET"]}}],"collection":[{"href":"https:\/\/amannforg.com\/de\/wp-json\/wp\/v2\/product"}],"about":[{"href":"https:\/\/amannforg.com\/de\/wp-json\/wp\/v2\/types\/product"}],"replies":[{"embeddable":true,"href":"https:\/\/amannforg.com\/de\/wp-json\/wp\/v2\/comments?post=58088"}],"version-history":[{"count":1,"href":"https:\/\/amannforg.com\/de\/wp-json\/wp\/v2\/product\/58088\/revisions"}],"predecessor-version":[{"id":58089,"href":"https:\/\/amannforg.com\/de\/wp-json\/wp\/v2\/product\/58088\/revisions\/58089"}],"wp:featuredmedia":[{"embeddable":true,"href":"https:\/\/amannforg.com\/de\/wp-json\/wp\/v2\/media\/46708"}],"wp:attachment":[{"href":"https:\/\/amannforg.com\/de\/wp-json\/wp\/v2\/media?parent=58088"}],"wp:term":[{"taxonomy":"product_brand","embeddable":true,"href":"https:\/\/amannforg.com\/de\/wp-json\/wp\/v2\/product_brand?post=58088"},{"taxonomy":"product_cat","embeddable":true,"href":"https:\/\/amannforg.com\/de\/wp-json\/wp\/v2\/product_cat?post=58088"},{"taxonomy":"product_tag","embeddable":true,"href":"https:\/\/amannforg.com\/de\/wp-json\/wp\/v2\/product_tag?post=58088"},{"taxonomy":"models","embeddable":true,"href":"https:\/\/amannforg.com\/de\/wp-json\/wp\/v2\/models?post=58088"},{"taxonomy":"years","embeddable":true,"href":"https:\/\/amannforg.com\/de\/wp-json\/wp\/v2\/years?post=58088"}],"curies":[{"name":"wp","href":"https:\/\/api.w.org\/{rel}","templated":true}]}}