{"id":58090,"date":"2026-03-04T00:15:16","date_gmt":"2026-03-04T00:15:16","guid":{"rendered":"https:\/\/amannforg.com\/?post_type=product&#038;p=58090"},"modified":"2026-03-07T16:30:06","modified_gmt":"2026-03-07T16:30:06","slug":"dometic-combicool-acx3-30-30mb-absorberkuhlbox-33l-12-230v-gas","status":"publish","type":"product","link":"https:\/\/amannforg.com\/de\/produkt\/dometic-combicool-acx3-30-30mb-absorberkuhlbox-33l-12-230v-gas\/","title":{"rendered":"Dometic CombiCool ACX3 30 30mb Absorberk\u00fchlbox 33L 12\/230V\/Gas"},"content":{"rendered":"<div class=\"article\">\n<div class=\"titlepage\">\n<h2 class=\"text-h3 mb-l\">Dometic CombiCool ACX3 30 30mb Absorberk\u00fchlbox 33L 12V\/230V\/Gas<\/h2>\n<\/div>\n<div class=\"formalpara\">\n<div class=\"titlepage\">\n<h2 class=\"text-h3 mb-l\">Typischer Einsatzbereich: Panamerikana<\/h2>\n<\/div><\/div>\n<p class=\"mb-l\">Vollkommen unabh\u00e4ngig sind Sie mit den ACX-K\u00fchlboxen auf Ihrem Weg von Feuerland nach Alaska. Ob im Auto mit 12 V Gleichstrom, auf dem Campingplatz mit 230 V Wechselstrom oder in der Atacama mit Gasbetrieb &#8211; dieser K\u00fchlbox geht nie der Saft aus.<\/p>\n<div class=\"formalpara\">\n<div class=\"titlepage\">\n<h2 class=\"text-h3 mb-l\">K\u00dcHLEN, WO IMMER SIE WOLLEN!<\/h2>\n<\/div><\/div>\n<p class=\"mb-l\">Sie haben den Traumort f\u00fcr Ihren Ausflug gefunden, erreichen ihn aber nicht mit dem Fahrzeug und einen Netzanschluss gibt es erst recht nicht. Keine Sorge! Unsere Dometic CombiCool ACX Absorberk\u00fchlboxen sorgen f\u00fcr absolute Freiheit bei der Wahl des Picknickorts. Sie laufen auf 12 V Gleichstrom im Fahrzeug und 230 V Wechselstrom zu Hause oder auf dem Campingplatz. An ganz entlegenen Orten stellen Sie einfach auf Gas um. Die ACX 40 G ist sogar noch vielseitiger und kann mit herk\u00f6mmlichen Gaskartuschen betrieben werden. Alle drei ACX-Modelle k\u00fchlen bis 30 \u00b0C unter Umgebungstemperatur. Ein weiterer Pluspunkt, den die Modelle der ACX-Familie gemeinsam haben, ist das elegante Aluminiumgeh\u00e4use mit dem unverwechselbaren Deckel.<\/p>\n<div class=\"itemizedlist\">\n<ul class=\"bullet-list\">\n<li class=\"bullet-list-item\">\n<p class=\"mb-l\">Mit Gas, 12 V Gleichstrom und 230 V Wechselstrom zu betreiben \u2013 garantierte Energieversorgung f\u00fcr maximale Freiheit!<\/p>\n<\/li>\n<li class=\"bullet-list-item\">\n<p class=\"mb-l\">Absolut leiser Betrieb vermeidet jede Ger\u00e4uschbel\u00e4stigung<\/p>\n<\/li>\n<li class=\"bullet-list-item\">\n<p class=\"mb-l\">attraktives Design<\/p>\n<\/li>\n<li class=\"bullet-list-item\">\n<p class=\"mb-l\">Mit Eisw\u00fcrfelschale<\/p>\n<\/li>\n<li class=\"bullet-list-item\">\n<p class=\"mb-l\">K\u00fchlung bis zu 30 \u00b0C unter Umgebungstemperatur<\/p>\n<\/li>\n<li class=\"bullet-list-item\">\n<p class=\"mb-l\">Robustes Geh\u00e4use und Platz f\u00fcr maximal 53 Dosen oder acht aufrecht stehende 1,5-l-Flaschen<\/p>\n<\/li>\n<li class=\"bullet-list-item\">\n<p class=\"mb-l\">Dreistufige Regulierung der Flamme bei Gasbetrieb, Thermostatregulierung im 230 V-Betrieb<\/p>\n<\/li>\n<\/ul>\n<\/div>\n<div class=\"formalpara\">\n<div class=\"titlepage\">\n<h2 class=\"text-h3 mb-l\">DAS IST FREIHEIT: ERFRISCHENDE K\u00dcHLE, WO IMMER SIE M\u00d6CHTEN<\/h2>\n<\/div><\/div>\n<p class=\"mb-l\">Mit der Dometic CombiCool ACX3 30 werden Sie die Weite der Landstra\u00dfe noch viel mehr zu sch\u00e4tzen lernen. Im Fahrzeug wird sie mit 12 V Gleichstrom betrieben, daheim und am Campingplatz hingegen mit 230 V Wechselstrom. An ganz entlegenen Orten stellen Sie einfach auf Gas um. Die K\u00fchlbox mit ihrem attraktiven Deckel \u00fcberzeugt durch ansprechendes und robustes Design. Sie ist absolut ger\u00e4uscharm und bleibt dezent im Hintergrund! Im Verdampfer ist Platz f\u00fcr eine Eisw\u00fcrfelschale (im Preis inbegriffen).<\/p>\n<div class=\"itemizedlist\">\n<ul class=\"bullet-list\">\n<li class=\"bullet-list-item\">\n<p class=\"mb-l\">Nutzinhalt: Platz f\u00fcr 1,5-l-Flaschen<\/p>\n<\/li>\n<li class=\"bullet-list-item\">\n<p class=\"mb-l\">Robustes Geh\u00e4use: Stabile Ausf\u00fchrung mit praktischen Details<\/p>\n<\/li>\n<li class=\"bullet-list-item\">\n<p class=\"mb-l\">Elegantes Design: Hochwertige Oberfl\u00e4che mit attraktiver Optik<\/p>\n<\/li>\n<li class=\"bullet-list-item\">\n<p class=\"mb-l\">Integrierte Griffe: Eleganter Look und hohe Benutzerfreundlichkeit<\/p>\n<\/li>\n<li class=\"bullet-list-item\">\n<p class=\"mb-l\">Inklusive Eisw\u00fcrfelschale: Mit der mitgelieferten Eisw\u00fcrfelschale k\u00f6nnen Sie selbst nach Bedarf Eisw\u00fcrfel machen<\/p>\n<\/li>\n<li class=\"bullet-list-item\">\n<p class=\"mb-l\">Betrieb mit 12\/230 V oder Gas: Die K\u00fchlbox kann an 12 V DC, 230 V AC oder mit Gas betrieben werden<\/p>\n<\/li>\n<\/ul>\n<\/div><\/div>\n<li class=\"mb-m\">\n<div class=\"flex flex-col m:flex-row gap-s m:gap-xl\">\n<div class=\"text-h3 min-w-[244px] max-w-[244px]\">Sicherheit<\/div>\n<div class=\"flex flex-col gap-s\"><\/div>\n<\/div>\n<\/li>\n<li class=\"mb-m\">\n<div class=\"flex flex-col m:flex-row gap-s m:gap-xl\">\n<div class=\"text-h3 min-w-[244px] max-w-[244px]\">Typ<\/div>\n<div class=\"flex flex-col gap-s\"><span class=\"ml-3xs pl-[15px] relative before:absolute before:w-[8px] before:h-[8px] before:bg-dark before:top-[8px] before:left-0 before:rounded-full\">K\u00fchlbox<\/span><\/div>\n<\/div>\n<\/li>\n<li class=\"mb-m\">\n<div class=\"flex flex-col m:flex-row gap-s m:gap-xl\">\n<div class=\"text-h3 min-w-[244px] max-w-[244px]\">Bauform<\/div>\n<div class=\"flex flex-col gap-s\"><span class=\"ml-3xs pl-[15px] relative before:absolute before:w-[8px] before:h-[8px] before:bg-dark before:top-[8px] before:left-0 before:rounded-full\">Mobilger\u00e4t<\/span><\/div>\n<\/div>\n<\/li>\n<li class=\"mb-m\">\n<div class=\"flex flex-col m:flex-row gap-s m:gap-xl\">\n<div class=\"text-h3 min-w-[244px] max-w-[244px]\">Farbe<\/div>\n<div class=\"flex flex-col gap-s\"><span class=\"ml-3xs pl-[15px] relative before:absolute before:w-[8px] before:h-[8px] before:bg-dark before:top-[8px] before:left-0 before:rounded-full\">Silber<\/span><span class=\"ml-3xs pl-[15px] relative before:absolute before:w-[8px] before:h-[8px] before:bg-dark before:top-[8px] before:left-0 before:rounded-full\">Seitenw\u00e4nde in: Silber<\/span><\/div>\n<\/div>\n<\/li>\n<li class=\"mb-m\">\n<div class=\"flex flex-col m:flex-row gap-s m:gap-xl\">\n<div class=\"text-h3 min-w-[244px] max-w-[244px]\">Energieverbrauch<\/div>\n<div class=\"flex flex-col gap-s\"><span class=\"ml-3xs pl-[15px] relative before:absolute before:w-[8px] before:h-[8px] before:bg-dark before:top-[8px] before:left-0 before:rounded-full\">Eingangsspannung (AC) 230 V<\/span><span class=\"ml-3xs pl-[15px] relative before:absolute before:w-[8px] before:h-[8px] before:bg-dark before:top-[8px] before:left-0 before:rounded-full\">Eingangsspannung (DC) 12 V<\/span><span class=\"ml-3xs pl-[15px] relative before:absolute before:w-[8px] before:h-[8px] before:bg-dark before:top-[8px] before:left-0 before:rounded-full\">Nenneingangsstrom (AC) 0,33 A<\/span><span class=\"ml-3xs pl-[15px] relative before:absolute before:w-[8px] before:h-[8px] before:bg-dark before:top-[8px] before:left-0 before:rounded-full\">Nenneingangsstrom (DC) 6,25 A<\/span><span class=\"ml-3xs pl-[15px] relative before:absolute before:w-[8px] before:h-[8px] before:bg-dark before:top-[8px] before:left-0 before:rounded-full\">Nenneingangsleistung (AC) 75 W<\/span><span class=\"ml-3xs pl-[15px] relative before:absolute before:w-[8px] before:h-[8px] before:bg-dark before:top-[8px] before:left-0 before:rounded-full\">Nenneingangsleistung (DC) 75 W<\/span><span class=\"ml-3xs pl-[15px] relative before:absolute before:w-[8px] before:h-[8px] before:bg-dark before:top-[8px] before:left-0 before:rounded-full\">Ger\u00e4uschemission (EN60704-1 &amp; 60704-2-14) 0.00 dB(A)<\/span><span class=\"ml-3xs pl-[15px] relative before:absolute before:w-[8px] before:h-[8px] before:bg-dark before:top-[8px] before:left-0 before:rounded-full\">Noise Class EU20192016 A<\/span><\/div>\n<\/div>\n<\/li>\n<li class=\"mb-m\">\n<div class=\"flex flex-col m:flex-row gap-s m:gap-xl\">\n<div class=\"text-h3 min-w-[244px] max-w-[244px]\">Klimaklasse<\/div>\n<div class=\"flex flex-col gap-s\"><span class=\"ml-3xs pl-[15px] relative before:absolute before:w-[8px] before:h-[8px] before:bg-dark before:top-[8px] before:left-0 before:rounded-full\">N (geeignet f\u00fcr Umgebungstemperaturen von +16 \u00b0C bis +32 \u00b0C)<\/span><\/div>\n<\/div>\n<\/li>\n<li class=\"mb-m\">\n<div class=\"flex flex-col m:flex-row gap-s m:gap-xl\">\n<div class=\"text-h3 min-w-[244px] max-w-[244px]\">Nutzinhalt<\/div>\n<div class=\"flex flex-col gap-s\"><span class=\"ml-3xs pl-[15px] relative before:absolute before:w-[8px] before:h-[8px] before:bg-dark before:top-[8px] before:left-0 before:rounded-full\">33 Liter Gesamt<\/span><\/div>\n<\/div>\n<\/li>\n<li class=\"mb-m\">\n<div class=\"flex flex-col m:flex-row gap-s m:gap-xl\">\n<div class=\"text-h3 min-w-[244px] max-w-[244px]\">K\u00fchltechnik<\/div>\n<div class=\"flex flex-col gap-s\"><span class=\"ml-3xs pl-[15px] relative before:absolute before:w-[8px] before:h-[8px] before:bg-dark before:top-[8px] before:left-0 before:rounded-full\">K\u00fchltechnik: Absorbertechnik (30 mbar)<\/span><\/div>\n<\/div>\n<\/li>\n<li class=\"mb-m\">\n<div class=\"flex flex-col m:flex-row gap-s m:gap-xl\">\n<div class=\"text-h3 min-w-[244px] max-w-[244px]\">Abmessungen<\/div>\n<div class=\"flex flex-col gap-s\"><span class=\"ml-3xs pl-[15px] relative before:absolute before:w-[8px] before:h-[8px] before:bg-dark before:top-[8px] before:left-0 before:rounded-full\">Ger\u00e4tema\u00dfe:<\/span><span class=\"ml-3xs pl-[15px] relative before:absolute before:w-[8px] before:h-[8px] before:bg-dark before:top-[8px] before:left-0 before:rounded-full\">44,2 cm x 50 cm x 42 cm (H x B x T)<\/span><\/div>\n<\/div>\n<\/li>\n<li class=\"mb-m\">\n<div class=\"flex flex-col m:flex-row gap-s m:gap-xl\">\n<div class=\"text-h3 min-w-[244px] max-w-[244px]\">Gewicht<\/div>\n<div class=\"flex flex-col gap-s\"><span class=\"ml-3xs pl-[15px] relative before:absolute before:w-[8px] before:h-[8px] before:bg-dark before:top-[8px] before:left-0 before:rounded-full\">14 kg<\/span><\/div>\n<\/div>\n<\/li>\n<li class=\"mb-m\">\n<div class=\"flex flex-col m:flex-row gap-s m:gap-xl\">\n<div class=\"text-h3 min-w-[244px] max-w-[244px]\">Herstellergarantie<\/div>\n<div class=\"flex flex-col gap-s\"><span class=\"ml-3xs pl-[15px] relative before:absolute before:w-[8px] before:h-[8px] before:bg-dark before:top-[8px] before:left-0 before:rounded-full\">Weitere Informationen zum Service, Support und zu den Garantiebedingungen des Herstellers finden Sie <a class=\"ulink\" href=\"https:\/\/www.cyberport.de\/hersteller\" target=\"_blank\">hier<\/a><\/span><\/div>\n<\/div>\n<\/li>\n","protected":false},"excerpt":{"rendered":"<li class=\"bullet-list-item\">Anschl\u00fcsse: 12 V DC \/ 230 V AC, Betrieb mit Gas m\u00f6glich<\/li>\n<li class=\"bullet-list-item\">Temperaturbereich: bis zu 30 \u00b0C unter Umgebungstemperatur<\/li>\n<li class=\"bullet-list-item\">K\u00fchltechnik: Absorbertechnik 30mbar<\/li>\n<li class=\"bullet-list-item\">Ma\u00dfe: 44,2 cm x 50 cm x 42 cm (HxBxT)<\/li>\n<li class=\"bullet-list-item\">Mit Eisw\u00fcrfelschale<\/li>\n<p> Herstellernummer 9600028413<\/p>","protected":false},"featured_media":46715,"comment_status":"open","ping_status":"closed","template":"","meta":{"_monsterinsights_skip_tracking":false,"_monsterinsights_sitenote_active":false,"_monsterinsights_sitenote_note":"","_monsterinsights_sitenote_category":0,"_uf_show_specific_survey":0,"_uf_disable_surveys":false},"product_brand":[],"product_cat":[503],"product_tag":[],"models":[],"years":[],"class_list":{"0":"post-58090","1":"product","2":"type-product","3":"status-publish","4":"has-post-thumbnail","6":"product_cat-kuhlen-gefrieren","8":"first","9":"instock","10":"sale","11":"shipping-taxable","12":"purchasable","13":"product-type-simple"},"aioseo_notices":[],"acf":[],"_links":{"self":[{"href":"https:\/\/amannforg.com\/de\/wp-json\/wp\/v2\/product\/58090","targetHints":{"allow":["GET"]}}],"collection":[{"href":"https:\/\/amannforg.com\/de\/wp-json\/wp\/v2\/product"}],"about":[{"href":"https:\/\/amannforg.com\/de\/wp-json\/wp\/v2\/types\/product"}],"replies":[{"embeddable":true,"href":"https:\/\/amannforg.com\/de\/wp-json\/wp\/v2\/comments?post=58090"}],"version-history":[{"count":1,"href":"https:\/\/amannforg.com\/de\/wp-json\/wp\/v2\/product\/58090\/revisions"}],"predecessor-version":[{"id":58091,"href":"https:\/\/amannforg.com\/de\/wp-json\/wp\/v2\/product\/58090\/revisions\/58091"}],"wp:featuredmedia":[{"embeddable":true,"href":"https:\/\/amannforg.com\/de\/wp-json\/wp\/v2\/media\/46715"}],"wp:attachment":[{"href":"https:\/\/amannforg.com\/de\/wp-json\/wp\/v2\/media?parent=58090"}],"wp:term":[{"taxonomy":"product_brand","embeddable":true,"href":"https:\/\/amannforg.com\/de\/wp-json\/wp\/v2\/product_brand?post=58090"},{"taxonomy":"product_cat","embeddable":true,"href":"https:\/\/amannforg.com\/de\/wp-json\/wp\/v2\/product_cat?post=58090"},{"taxonomy":"product_tag","embeddable":true,"href":"https:\/\/amannforg.com\/de\/wp-json\/wp\/v2\/product_tag?post=58090"},{"taxonomy":"models","embeddable":true,"href":"https:\/\/amannforg.com\/de\/wp-json\/wp\/v2\/models?post=58090"},{"taxonomy":"years","embeddable":true,"href":"https:\/\/amannforg.com\/de\/wp-json\/wp\/v2\/years?post=58090"}],"curies":[{"name":"wp","href":"https:\/\/api.w.org\/{rel}","templated":true}]}}