{"id":58096,"date":"2026-03-04T00:15:25","date_gmt":"2026-03-04T00:15:25","guid":{"rendered":"https:\/\/amannforg.com\/?post_type=product&#038;p=58096"},"modified":"2026-03-07T16:30:07","modified_gmt":"2026-03-07T16:30:07","slug":"siemens-ki86nadd0-iq500-einbau-kuhl-gefrier-kombination","status":"publish","type":"product","link":"https:\/\/amannforg.com\/de\/produkt\/siemens-ki86nadd0-iq500-einbau-kuhl-gefrier-kombination\/","title":{"rendered":"Siemens KI86NADD0 iQ500 Einbau-K\u00fchl-Gefrier-Kombination"},"content":{"rendered":"<p class=\"mb-l\">\n<div class=\"titlepage\">\n<h2 class=\"text-h3 mb-l\">Siemens KI86NADD0 iQ500 Einbau-K\u00fchl-Gefrier-Kombination<\/h2>\n<\/div>\n<p class=\"mb-l\">Einbau-K\u00fchl-Gefrierkombination mit hyperFresh 0\u00b0, um Obst und Gem\u00fcse l\u00e4nger frisch zu halten, sowie LED-Leuchten und freezerLight f\u00fcr eine brillante Ausleuchtung des K\u00fchl- und Gefrierraumes.<\/p>\n<div class=\"itemizedlist\">\n<ul class=\"bullet-list\">\n<li class=\"bullet-list-item\">noFrost: nie wieder abtauen.<\/li>\n<li class=\"bullet-list-item\">hyperFresh 0\u00b0C: mehr Platz f\u00fcr Obst und Gem\u00fcse. Und eine besonders kalte Umgebung f\u00fcr Fisch und Fleisch.<\/li>\n<li class=\"bullet-list-item\">autoAirflow: optimale Luftzirkulation und gleichm\u00e4\u00dfige K\u00fchlung auf allen Ebenen f\u00fcr l\u00e4ngere Frische.<\/li>\n<li class=\"bullet-list-item\">T\u00fcralarm: damit die T\u00fcr geschlossen und K\u00e4lte drinnen bleibt.<\/li>\n<li class=\"bullet-list-item\">Made in Germany: ein Versprechen f\u00fcr Spitzenqualit\u00e4t, modernstes Design und innovative Funktionen.<\/li>\n<\/ul>\n<\/div>\n<p class=\"mb-l\">\n<div class=\"titlepage\">\n<h2 class=\"text-h3 mb-l\">noFrost<\/h2>\n<\/div>\n<p class=\"mb-l\">So bleibt dein Gefrierfach frostfrei.<\/p>\n<p class=\"mb-l\">Du musst dein Gefrierfach nie wieder abtauen, damit dein Gefriergut einwandfrei bleibt und dein Ger\u00e4t energieeffizient l\u00e4uft. Das noFrost-System h\u00e4lt die Luft trocken, indem es ihr Feuchtigkeit entzieht. Das verhindert die Bildung von Eis an den Innenw\u00e4nden des Ger\u00e4ts oder von Reif auf den Lebensmitteln \u2013 und Abtauen wird \u00fcberfl\u00fcssig. Dadurch sparst du nicht nur Aufwand, sondern auch Energie, denn ein frostfreies Gefrierfach arbeitet effizienter.<\/p>\n<p class=\"mb-l\">\n<div class=\"titlepage\">\n<h2 class=\"text-h3 mb-l\">hyperFresh 0\u00b0C<\/h2>\n<\/div>\n<p class=\"mb-l\">Mehr Platz und mehr Frische.<\/p>\n<p class=\"mb-l\">Feature IconGen\u00fcgend Platz f\u00fcr all dein Obst und Gem\u00fcse. Und eine separate Schublade mit optimierter Kaltluftzufuhr f\u00fcr Fisch und Fleisch, die deine Lebensmittel l\u00e4nger in Topform h\u00e4lt. Mehr Platz und ideale Lagerbedingungen in einem einzigen System.<\/p>\n<p class=\"mb-l\">\n<div class=\"titlepage\">\n<h2 class=\"text-h3 mb-l\">autoAirflow<\/h2>\n<\/div>\n<p class=\"mb-l\">Gleichm\u00e4\u00dfige K\u00fchlung f\u00fcr l\u00e4ngere Frische<\/p>\n<p class=\"mb-l\">Feature IconM\u00f6chtest du Lebensmittel auf allen Ebenen deines K\u00fchlschranks l\u00e4nger frisch halten?Das geht mit autoAirflow ganz einfach: Das System zirkuliert die Luft im K\u00fchlschrank gleichm\u00e4\u00dfig und sorgt damit f\u00fcr eine konstante Temperatur auf allen Ebenen. Lebensmittel k\u00fchlen so schneller herunter und bleiben l\u00e4nger lecker und frisch.<\/p>\n<p class=\"mb-l\">\n<div class=\"titlepage\">\n<h2 class=\"text-h3 mb-l\">T\u00fcralarm<\/h2>\n<\/div>\n<p class=\"mb-l\">Damit die K\u00e4lte drinnen bleibt.<\/p>\n<p class=\"mb-l\">Feature IconVergisst du manchmal, den K\u00fchlschrank zuzumachen? Oder schaust du manchmal einfach etwas l\u00e4nger hinein? Wenn die T\u00fcr zu lange offen bleibt, gibt der T\u00fcralarm Bescheid: Er erinnert dich daran, den K\u00fchlschrank zu schlie\u00dfen, damit nicht unn\u00f6tig K\u00e4lte und damit Energie verschwendet wird. Wenn dein Ger\u00e4t \u00fcber Home Connect verf\u00fcgt, wirst du auch \u00fcber die Home-Connect-App benachrichtigt.<\/p>\n<p class=\"mb-l\">\n<div class=\"titlepage\">\n<h2 class=\"text-h3 mb-l\">Made in Germany<\/h2>\n<\/div>\n<p class=\"mb-l\">Made in Germany \u2013 unser Qualit\u00e4tsversprechen.<\/p>\n<p class=\"mb-l\">Du erwartest von Hausger\u00e4ten Qualit\u00e4t, auf die du dich verlassen kannst? Wir versprechen dir Spitzenqualit\u00e4t Made in Germany: Unsere K\u00fchl- und Gefrierschr\u00e4nke vereinen hochwertige Materialien, innovative Funktionen, handwerklich perfekte Details, erstklassige K\u00fchlkomponenten und modernstes Design. Damit du dich jahrelang darauf verlassen kannst, dass alles immer gut gek\u00fchlt bleibt.<\/p>\n<p class=\"mb-l\">\n<div class=\"titlepage\">\n<h2 class=\"text-h3 mb-l\">LED-Licht<\/h2>\n<\/div>\n<p class=\"mb-l\">Auf einen Blick sehen, was im K\u00fchlschrank ist.<\/p>\n<p class=\"mb-l\">Feature IconDas eingebaute LED-Licht sorgt f\u00fcr eine gleichm\u00e4\u00dfige Ausleuchtung, sodass du direkt siehst, was du Gutes im K\u00fchlschrank hast. Die Positionierung der LEDs im vorderen Bereich des K\u00fchlschranks sorgt daf\u00fcr, dass Lebensmittel nichts verdunkeln. Noch besser: Die LEDs sind langlebig und energieeffizient.<\/p>\n<p class=\"mb-l\">\n<div class=\"titlepage\">\n<h2 class=\"text-h3 mb-l\">softClosing-T\u00fcr<\/h2>\n<\/div>\n<p class=\"mb-l\">Immer eine geschlossene K\u00fchlschrankt\u00fcr.<\/p>\n<p class=\"mb-l\">Wie oft hast du schon fast vergessen, die K\u00fchlschrankt\u00fcr zu schlie\u00dfen? Oder dir Sorgen gemacht, dass die Flaschen wackeln, wenn du sie mit zu viel Kraft schlie\u00dft? Mit dem softClosing-T\u00fcrsystem geh\u00f6ren diese Sorgen der Vergangenheit an. Wenn die T\u00fcr in einem Winkel von 20\u00b0 oder weniger ge\u00f6ffnet ist, schlie\u00dft sie sich automatisch und sanft. So hast du die Gewissheit, dass deine K\u00fchlschrankt\u00fcr immer richtig geschlossen ist und deine Flaschen nicht mehr wackeln.<\/p>\n<p class=\"mb-l\">\n<div class=\"titlepage\">\n<h2 class=\"text-h3 mb-l\">superK\u00fchlen<\/h2>\n<\/div>\n<p class=\"mb-l\">Kurzzeitige Temperaturabsenkung zum Abk\u00fchlen von Lebensmitteln.<\/p>\n<p class=\"mb-l\">Feature IconMit superK\u00fchlen kannst du die Temperatur deines K\u00fchlschranks f\u00fcr eine bestimmte Zeit senken, um frische Lebensmittel schnell herunterzuk\u00fchlen. Damit wird ein unerw\u00fcnschter Temperaturanstieg der bereits gek\u00fchlten Lebensmittel verhindert.<\/p>\n<p class=\"mb-l\">\n<div class=\"titlepage\">\n<h2 class=\"text-h3 mb-l\">superGefrieren<\/h2>\n<\/div>\n<p class=\"mb-l\">Schneller einfrieren, besser aufbewahren.<\/p>\n<p class=\"mb-l\">Du hast deinen Wocheneinkauf erledigt und m\u00f6chtest, dass deine tiefgek\u00fchlten Lebensmittel deine bereits eingefrorenen Waren nicht beeintr\u00e4chtigen? Mit superGefrieren k\u00fchlt dein Gefrierfach auf seine Minimaltemperatur herunter, so dass deine neu hinzugef\u00fcgten Lebensmittel schnell gefrieren und bereits gefrorene Lebensmittel gefroren bleiben. Idealerweise aktivierst du superGefrieren 4 bis 6 Stunden, bevor du mit deinen gro\u00dfen T\u00fcten nach Hause kommst. Mit der Home Connect App senkt superGefrieren die Temperatur kurzzeitig, um deine Lebensmittel schneller einzufrieren, w\u00e4hrend du noch unterwegs bist. Das ist leistungsstarkes Gefrieren auf Knopfdruck.<\/p>\n<p class=\"mb-l\">\n<div class=\"titlepage\">\n<h2 class=\"text-h3 mb-l\">safetyGlas-Ablagen<\/h2>\n<\/div>\n<p class=\"mb-l\">Bruchsichere und leicht zu reinigende Glasablagen.<\/p>\n<p class=\"mb-l\">Feature IconAlle Glasablagen bestehen aus extrastarkem, reinigungsfreundlichem Sicherheitsglas. F\u00e4llt mal etwas um, wird die versch\u00fcttete Fl\u00fcssigkeit einged\u00e4mmt und l\u00e4uft nicht durch den gesamten K\u00fchlraum.<\/p>\n<li class=\"mb-m\">\n<div class=\"flex flex-col m:flex-row gap-s m:gap-xl\">\n<div class=\"text-h3 min-w-[244px] max-w-[244px]\">Bauart<\/div>\n<div class=\"flex flex-col gap-s\"><span class=\"\"><\/p>\n<ul class=\"flex flex-col gap-s\">\n<li class=\"ml-3xs pl-[15px] relative before:absolute before:w-[8px] before:h-[8px] before:bg-dark before:top-[8px] before:left-0 before:rounded-full\">Einbau<\/li>\n<\/ul>\n<p><\/span><\/div>\n<\/div>\n<\/li>\n<li class=\"mb-m\">\n<div class=\"flex flex-col m:flex-row gap-s m:gap-xl\">\n<div class=\"text-h3 min-w-[244px] max-w-[244px]\">K\u00fchlger\u00e4te<\/div>\n<div class=\"flex flex-col gap-s\"><span class=\"\"><\/p>\n<ul class=\"flex flex-col gap-s\">\n<li class=\"ml-3xs pl-[15px] relative before:absolute before:w-[8px] before:h-[8px] before:bg-dark before:top-[8px] before:left-0 before:rounded-full\">Nutzinhalt gesamt: 260 l<\/li>\n<li class=\"ml-3xs pl-[15px] relative before:absolute before:w-[8px] before:h-[8px] before:bg-dark before:top-[8px] before:left-0 before:rounded-full\">Nutzinhalt K\u00fchlbereich: 184 l<\/li>\n<li class=\"ml-3xs pl-[15px] relative before:absolute before:w-[8px] before:h-[8px] before:bg-dark before:top-[8px] before:left-0 before:rounded-full\">Nutzinhalt Gefrierbereich: 76 l<\/li>\n<li class=\"ml-3xs pl-[15px] relative before:absolute before:w-[8px] before:h-[8px] before:bg-dark before:top-[8px] before:left-0 before:rounded-full\">Frostschutz: NoFrost<\/li>\n<li class=\"ml-3xs pl-[15px] relative before:absolute before:w-[8px] before:h-[8px] before:bg-dark before:top-[8px] before:left-0 before:rounded-full\">T\u00fcrsystem: T\u00fcranschlag wechselbar<\/li>\n<\/ul>\n<p><\/span><\/div>\n<\/div>\n<\/li>\n<li class=\"mb-m\">\n<div class=\"flex flex-col m:flex-row gap-s m:gap-xl\">\n<div class=\"text-h3 min-w-[244px] max-w-[244px]\">Sonderma\u00dfe<\/div>\n<div class=\"flex flex-col gap-s\"><span class=\"\"><\/p>\n<ul class=\"flex flex-col gap-s\">\n<li class=\"ml-3xs pl-[15px] relative before:absolute before:w-[8px] before:h-[8px] before:bg-dark before:top-[8px] before:left-0 before:rounded-full\">Nischen-Breite: 560 mm<\/li>\n<li class=\"ml-3xs pl-[15px] relative before:absolute before:w-[8px] before:h-[8px] before:bg-dark before:top-[8px] before:left-0 before:rounded-full\">Nischen-H\u00f6he: 1775 mm<\/li>\n<li class=\"ml-3xs pl-[15px] relative before:absolute before:w-[8px] before:h-[8px] before:bg-dark before:top-[8px] before:left-0 before:rounded-full\">Nischen-Tiefe: 550 mm<\/li>\n<\/ul>\n<p><\/span><\/div>\n<\/div>\n<\/li>\n<li class=\"mb-m\">\n<div class=\"flex flex-col m:flex-row gap-s m:gap-xl\">\n<div class=\"text-h3 min-w-[244px] max-w-[244px]\">Jahresverbrauch<\/div>\n<div class=\"flex flex-col gap-s\"><span class=\"\"><\/p>\n<ul class=\"flex flex-col gap-s\">\n<li class=\"ml-3xs pl-[15px] relative before:absolute before:w-[8px] before:h-[8px] before:bg-dark before:top-[8px] before:left-0 before:rounded-full\">186 kWh<\/li>\n<\/ul>\n<p><\/span><\/div>\n<\/div>\n<\/li>\n<li class=\"mb-m\">\n<div class=\"flex flex-col m:flex-row gap-s m:gap-xl\">\n<div class=\"text-h3 min-w-[244px] max-w-[244px]\">Farbe<\/div>\n<div class=\"flex flex-col gap-s\"><span class=\"\"><\/p>\n<ul class=\"flex flex-col gap-s\">\n<li class=\"ml-3xs pl-[15px] relative before:absolute before:w-[8px] before:h-[8px] before:bg-dark before:top-[8px] before:left-0 before:rounded-full\">Wei\u00df<\/li>\n<\/ul>\n<p><\/span><\/div>\n<\/div>\n<\/li>\n<li class=\"mb-m\">\n<div class=\"flex flex-col m:flex-row gap-s m:gap-xl\">\n<div class=\"text-h3 min-w-[244px] max-w-[244px]\">Abmessungen \/ Gewicht<\/div>\n<div class=\"flex flex-col gap-s\"><span class=\"\"><\/p>\n<ul class=\"flex flex-col gap-s\">\n<li class=\"ml-3xs pl-[15px] relative before:absolute before:w-[8px] before:h-[8px] before:bg-dark before:top-[8px] before:left-0 before:rounded-full\">Breite: 558 mm<\/li>\n<li class=\"ml-3xs pl-[15px] relative before:absolute before:w-[8px] before:h-[8px] before:bg-dark before:top-[8px] before:left-0 before:rounded-full\">H\u00f6he: 1772 mm<\/li>\n<li class=\"ml-3xs pl-[15px] relative before:absolute before:w-[8px] before:h-[8px] before:bg-dark before:top-[8px] before:left-0 before:rounded-full\">Tiefe: 548 mm<\/li>\n<li class=\"ml-3xs pl-[15px] relative before:absolute before:w-[8px] before:h-[8px] before:bg-dark before:top-[8px] before:left-0 before:rounded-full\">Gewicht: 58.2 kg<\/li>\n<\/ul>\n<p><\/span><\/div>\n<\/div>\n<\/li>\n<li class=\"mb-m\">\n<div class=\"flex flex-col m:flex-row gap-s m:gap-xl\">\n<div class=\"text-h3 min-w-[244px] max-w-[244px]\">Energieeffizienzklasse<\/div>\n<div class=\"flex flex-col gap-s\"><span class=\"\"><\/p>\n<ul class=\"flex flex-col gap-s\">\n<li class=\"ml-3xs pl-[15px] relative before:absolute before:w-[8px] before:h-[8px] before:bg-dark before:top-[8px] before:left-0 before:rounded-full\">D<\/li>\n<\/ul>\n<p><\/span><\/div>\n<\/div>\n<\/li>\n<li class=\"mb-m\">\n<div class=\"flex flex-col m:flex-row gap-s m:gap-xl\">\n<div class=\"text-h3 min-w-[244px] max-w-[244px]\">Ger\u00e4uschentwicklung<\/div>\n<div class=\"flex flex-col gap-s\"><span class=\"\"><\/p>\n<ul class=\"flex flex-col gap-s\">\n<li class=\"ml-3xs pl-[15px] relative before:absolute before:w-[8px] before:h-[8px] before:bg-dark before:top-[8px] before:left-0 before:rounded-full\">35 dB<\/li>\n<\/ul>\n<p><\/span><\/div>\n<\/div>\n<\/li>\n","protected":false},"excerpt":{"rendered":"<li class=\"bullet-list-item\">Energieeffizienzklasse: D<\/li>\n<li class=\"bullet-list-item\">Kapazit\u00e4t K\u00fchlen: 184 l, Kapazit\u00e4t Gefrieren: 76 l<\/li>\n<li class=\"bullet-list-item\">T\u00fcranschlag wechselbar<\/li>\n<li class=\"bullet-list-item\">Einbau (ohne M\u00f6belfront), Nischenma\u00df: B 56 cm x H 177.5 cm x H 55 cm<\/li>\n<p> Herstellernummer KI86NADD0<\/p>","protected":false},"featured_media":46736,"comment_status":"open","ping_status":"closed","template":"","meta":{"_monsterinsights_skip_tracking":false,"_monsterinsights_sitenote_active":false,"_monsterinsights_sitenote_note":"","_monsterinsights_sitenote_category":0,"_uf_show_specific_survey":0,"_uf_disable_surveys":false},"product_brand":[],"product_cat":[503],"product_tag":[],"models":[],"years":[],"class_list":{"0":"post-58096","1":"product","2":"type-product","3":"status-publish","4":"has-post-thumbnail","6":"product_cat-kuhlen-gefrieren","8":"first","9":"instock","10":"sale","11":"shipping-taxable","12":"purchasable","13":"product-type-simple"},"aioseo_notices":[],"acf":[],"_links":{"self":[{"href":"https:\/\/amannforg.com\/de\/wp-json\/wp\/v2\/product\/58096","targetHints":{"allow":["GET"]}}],"collection":[{"href":"https:\/\/amannforg.com\/de\/wp-json\/wp\/v2\/product"}],"about":[{"href":"https:\/\/amannforg.com\/de\/wp-json\/wp\/v2\/types\/product"}],"replies":[{"embeddable":true,"href":"https:\/\/amannforg.com\/de\/wp-json\/wp\/v2\/comments?post=58096"}],"version-history":[{"count":1,"href":"https:\/\/amannforg.com\/de\/wp-json\/wp\/v2\/product\/58096\/revisions"}],"predecessor-version":[{"id":58097,"href":"https:\/\/amannforg.com\/de\/wp-json\/wp\/v2\/product\/58096\/revisions\/58097"}],"wp:featuredmedia":[{"embeddable":true,"href":"https:\/\/amannforg.com\/de\/wp-json\/wp\/v2\/media\/46736"}],"wp:attachment":[{"href":"https:\/\/amannforg.com\/de\/wp-json\/wp\/v2\/media?parent=58096"}],"wp:term":[{"taxonomy":"product_brand","embeddable":true,"href":"https:\/\/amannforg.com\/de\/wp-json\/wp\/v2\/product_brand?post=58096"},{"taxonomy":"product_cat","embeddable":true,"href":"https:\/\/amannforg.com\/de\/wp-json\/wp\/v2\/product_cat?post=58096"},{"taxonomy":"product_tag","embeddable":true,"href":"https:\/\/amannforg.com\/de\/wp-json\/wp\/v2\/product_tag?post=58096"},{"taxonomy":"models","embeddable":true,"href":"https:\/\/amannforg.com\/de\/wp-json\/wp\/v2\/models?post=58096"},{"taxonomy":"years","embeddable":true,"href":"https:\/\/amannforg.com\/de\/wp-json\/wp\/v2\/years?post=58096"}],"curies":[{"name":"wp","href":"https:\/\/api.w.org\/{rel}","templated":true}]}}