{"id":58098,"date":"2026-03-04T00:15:27","date_gmt":"2026-03-04T00:15:27","guid":{"rendered":"https:\/\/amannforg.com\/?post_type=product&#038;p=58098"},"modified":"2026-03-07T16:30:07","modified_gmt":"2026-03-07T16:30:07","slug":"siemens-ki86sade0-iq500-einbau-kuhl-gefrier-kombination","status":"publish","type":"product","link":"https:\/\/amannforg.com\/de\/produkt\/siemens-ki86sade0-iq500-einbau-kuhl-gefrier-kombination\/","title":{"rendered":"Siemens KI86SADE0 iQ500 Einbau-K\u00fchl-Gefrier-Kombination"},"content":{"rendered":"<p class=\"mb-l\">\n<div class=\"titlepage\">\n<h2 class=\"text-h3 mb-l\">Siemens KI86SADE0 iQ500 Einbau-K\u00fchl-Gefrier-Kombination<\/h2>\n<\/div>\n<p class=\"mb-l\">Einbau-K\u00fchl-Gefrier-Kombination mit lowFrost-Technik und mit hyperFresh plus Box, um Obst und Gem\u00fcse bis zu 2x l\u00e4nger frisch zu halten.<\/p>\n<div class=\"itemizedlist\">\n<ul class=\"bullet-list\">\n<li class=\"bullet-list-item\">hyperFresh Plus: l\u00e4ngere Frische f\u00fcr Obst und Gem\u00fcse.<\/li>\n<li class=\"bullet-list-item\">lowFrost: spare Energie und Aufwand beim Abtauen durch weniger Eisbildung.<\/li>\n<li class=\"bullet-list-item\">LED-Licht: schneller \u00dcberblick \u00fcber den Inhalt deines K\u00fchlschranks dank heller, gleichm\u00e4\u00dfiger Ausleuchtung.<\/li>\n<li class=\"bullet-list-item\">bigBox: zus\u00e4tzlicher Platz f\u00fcr gro\u00dfes Gefriergut.<\/li>\n<li class=\"bullet-list-item\">softClosing: deine K\u00fchlschrankt\u00fcr ist immer ordentlich geschlossen.<\/li>\n<\/ul>\n<\/div>\n<p class=\"mb-l\">\n<div class=\"titlepage\">\n<h2 class=\"text-h3 mb-l\">lowFrost<\/h2>\n<\/div>\n<p class=\"mb-l\">Spare Energie und Aufwand beim Abtauen.<\/p>\n<p class=\"mb-l\">Die lowFrost-Technologie mit ihrem speziellen Verdampfer reduziert die Eisbildung auf ein Minimum. Das wenige Eis, das sich bildet, wird gleichm\u00e4\u00dfig verteilt, was das Abtauen schnell und einfach macht und den Energieverbrauch deines K\u00fchlschranks niedrig h\u00e4lt. Minimiere den Aufwand beim Abtauens mit lowFrost.<\/p>\n<p class=\"mb-l\">\n<div class=\"titlepage\">\n<h2 class=\"text-h3 mb-l\">hyperFresh 0\u00b0C<\/h2>\n<\/div>\n<p class=\"mb-l\">Mehr Platz und mehr Frische.<\/p>\n<p class=\"mb-l\">Feature IconGen\u00fcgend Platz f\u00fcr all dein Obst und Gem\u00fcse. Und eine separate Schublade mit optimierter Kaltluftzufuhr f\u00fcr Fisch und Fleisch, die deine Lebensmittel l\u00e4nger in Topform h\u00e4lt. Mehr Platz und ideale Lagerbedingungen in einem einzigen System.<\/p>\n<p class=\"mb-l\">\n<div class=\"titlepage\">\n<h2 class=\"text-h3 mb-l\">LED-Licht<\/h2>\n<\/div>\n<p class=\"mb-l\">Auf einen Blick sehen, was im K\u00fchlschrank ist.<\/p>\n<p class=\"mb-l\">Feature IconDas eingebaute LED-Licht sorgt f\u00fcr eine gleichm\u00e4\u00dfige Ausleuchtung, sodass du direkt siehst, was du Gutes im K\u00fchlschrank hast. Die Positionierung der LEDs im vorderen Bereich des K\u00fchlschranks sorgt daf\u00fcr, dass Lebensmittel nichts verdunkeln. Noch besser: Die LEDs sind langlebig und energieeffizient.<\/p>\n<p class=\"mb-l\">\n<div class=\"titlepage\">\n<h2 class=\"text-h3 mb-l\">bigBox<\/h2>\n<\/div>\n<p class=\"mb-l\">Gen\u00fcgend Platz f\u00fcr gro\u00dfes Gefriergut.<\/p>\n<p class=\"mb-l\">Hast du manchmal das Gef\u00fchl, dass du mit deinem Gefrierschrank Tetris spielst und versuchst, alles unterzubringen? Dann ist die bigBox genau das Richtige f\u00fcr dich. Es handelt sich um eine extra hohe Gefriergutschublade, in der sich Gefriergutbeh\u00e4lter oder gro\u00dfe Tiefk\u00fchlprodukte wie Pizzen praktisch stapeln lassen. Egal, was eingefroren werden soll, die bigBox bietet den n\u00f6tigen Platz.<\/p>\n<p class=\"mb-l\">\n<div class=\"titlepage\">\n<h2 class=\"text-h3 mb-l\">softClosing-T\u00fcr<\/h2>\n<\/div>\n<p class=\"mb-l\">Immer eine geschlossene K\u00fchlschrankt\u00fcr.<\/p>\n<p class=\"mb-l\">Wie oft hast du schon fast vergessen, die K\u00fchlschrankt\u00fcr zu schlie\u00dfen? Oder dir Sorgen gemacht, dass die Flaschen wackeln, wenn du sie mit zu viel Kraft schlie\u00dft? Mit dem softClosing-T\u00fcrsystem geh\u00f6ren diese Sorgen der Vergangenheit an. Wenn die T\u00fcr in einem Winkel von 20\u00b0 oder weniger ge\u00f6ffnet ist, schlie\u00dft sie sich automatisch und sanft. So hast du die Gewissheit, dass deine K\u00fchlschrankt\u00fcr immer richtig geschlossen ist und deine Flaschen nicht mehr wackeln.<\/p>\n<p class=\"mb-l\">\n<div class=\"titlepage\">\n<h2 class=\"text-h3 mb-l\">easyAccess Glasablagen<\/h2>\n<\/div>\n<p class=\"mb-l\">Verschiebbare Glasablagen erleichtern das Hineinlegen und Entnehmen von Lebensmitteln.<\/p>\n<p class=\"mb-l\">Dank der easyAccess Glasablagen hast du deine Lebensmittel bestens im Blick und in griffbereit. F\u00fcr mehr Komfort beim Verstauen und Entnehmen von Lebensmitteln lassen sich die Glasablagen auf Profilschienen bis zur Mitte herausziehen. Auch voll beladene Ablagen gleiten leichtg\u00e4ngig und kippsicher. Die rahmenlosen Ablagen bestehen aus hochwertigem, robusten Glas. So hast du einen optimalen \u00dcberblick und nichts bleibt verborgen.<\/p>\n<p class=\"mb-l\">\n<div class=\"titlepage\">\n<h2 class=\"text-h3 mb-l\">superK\u00fchlen<\/h2>\n<\/div>\n<p class=\"mb-l\">Kurzzeitige Temperaturabsenkung zum Abk\u00fchlen von Lebensmitteln.<\/p>\n<p class=\"mb-l\">Feature IconMit superK\u00fchlen kannst du die Temperatur deines K\u00fchlschranks f\u00fcr eine bestimmte Zeit senken, um frische Lebensmittel schnell herunterzuk\u00fchlen. Damit wird ein unerw\u00fcnschter Temperaturanstieg der bereits gek\u00fchlten Lebensmittel verhindert.<\/p>\n<p class=\"mb-l\">\n<div class=\"titlepage\">\n<h2 class=\"text-h3 mb-l\">varioZone<\/h2>\n<\/div>\n<p class=\"mb-l\">Passe das Gefrierfach an deine Bed\u00fcrfnisse an.<\/p>\n<p class=\"mb-l\">Mit varioZone kannst du Schubladen und die Glasablagen zwischen den Schubladen nach Bedarf entfernen. Die flexible Einteilung deines Gefrierfachs macht es zu deinem individuellen Lagerraum f\u00fcr Gefriergut.<\/p>\n<p class=\"mb-l\">\n<div class=\"titlepage\">\n<h2 class=\"text-h3 mb-l\">varioShelf<\/h2>\n<\/div>\n<p class=\"mb-l\">Mehr Lebensmittel lagern durch flexible Anordnung.<\/p>\n<p class=\"mb-l\">Von der gro\u00dfen Flasche bis zum kleinen Joghurtbecher &#8211; jedes Lebensmittel hat seinen Platz im K\u00fchlschrank. Das varioShelf bietet eine clevere L\u00f6sung: Wenn du mehr Platz ben\u00f6tigst, schiebe einfach die vordere H\u00e4lfte der Ablage unter die hintere H\u00e4lfte. So verdoppeln sich die Ablagem\u00f6glichkeiten im Handumdrehen und du kannst deinen K\u00fchlschrank flexibel an deine Bed\u00fcrfnisse anpassen. Jetzt kannst du problemlos Platz f\u00fcr spontane Lebensmittellieferungen oder Partyreste schaffen.<\/p>\n<p class=\"mb-l\">\n<div class=\"titlepage\">\n<h2 class=\"text-h3 mb-l\">safetyGlas-Ablagen<\/h2>\n<\/div>\n<p class=\"mb-l\">Bruchsichere und leicht zu reinigende Glasablagen.<\/p>\n<p class=\"mb-l\">Feature IconAlle Glasablagen bestehen aus extrastarkem, reinigungsfreundlichem Sicherheitsglas. F\u00e4llt mal etwas um, wird die versch\u00fcttete Fl\u00fcssigkeit einged\u00e4mmt und l\u00e4uft nicht durch den gesamten K\u00fchlraum.<\/p>\n<p class=\"mb-l\">\n<div class=\"titlepage\">\n<h2 class=\"text-h3 mb-l\">softClosing T\u00fcr<\/h2>\n<\/div>\n<p class=\"mb-l\">Sanftes Schlie\u00dfen mit der SoftClosing T\u00fcr.<\/p>\n<p class=\"mb-l\">Dein K\u00fchlschrank schlie\u00dft automatisch und sanft, wenn sie in einem Winkel von 20\u00b0 oder weniger ge\u00f6ffnet ist. So wird dein K\u00fchlschrank schonend und leise geschlossen.<\/p>\n<li class=\"mb-m\">\n<div class=\"flex flex-col m:flex-row gap-s m:gap-xl\">\n<div class=\"text-h3 min-w-[244px] max-w-[244px]\">Bauart<\/div>\n<div class=\"flex flex-col gap-s\"><span class=\"\"><\/p>\n<ul class=\"flex flex-col gap-s\">\n<li class=\"ml-3xs pl-[15px] relative before:absolute before:w-[8px] before:h-[8px] before:bg-dark before:top-[8px] before:left-0 before:rounded-full\">Einbau<\/li>\n<\/ul>\n<p><\/span><\/div>\n<\/div>\n<\/li>\n<li class=\"mb-m\">\n<div class=\"flex flex-col m:flex-row gap-s m:gap-xl\">\n<div class=\"text-h3 min-w-[244px] max-w-[244px]\">K\u00fchlger\u00e4te<\/div>\n<div class=\"flex flex-col gap-s\"><span class=\"\"><\/p>\n<ul class=\"flex flex-col gap-s\">\n<li class=\"ml-3xs pl-[15px] relative before:absolute before:w-[8px] before:h-[8px] before:bg-dark before:top-[8px] before:left-0 before:rounded-full\">Nutzinhalt gesamt: 266 l<\/li>\n<li class=\"ml-3xs pl-[15px] relative before:absolute before:w-[8px] before:h-[8px] before:bg-dark before:top-[8px] before:left-0 before:rounded-full\">Nutzinhalt K\u00fchlbereich: 192 l<\/li>\n<li class=\"ml-3xs pl-[15px] relative before:absolute before:w-[8px] before:h-[8px] before:bg-dark before:top-[8px] before:left-0 before:rounded-full\">Nutzinhalt Gefrierbereich: 74 l<\/li>\n<li class=\"ml-3xs pl-[15px] relative before:absolute before:w-[8px] before:h-[8px] before:bg-dark before:top-[8px] before:left-0 before:rounded-full\">Frostschutz: LowFrost<\/li>\n<li class=\"ml-3xs pl-[15px] relative before:absolute before:w-[8px] before:h-[8px] before:bg-dark before:top-[8px] before:left-0 before:rounded-full\">T\u00fcrsystem: T\u00fcranschlag wechselbar<\/li>\n<\/ul>\n<p><\/span><\/div>\n<\/div>\n<\/li>\n<li class=\"mb-m\">\n<div class=\"flex flex-col m:flex-row gap-s m:gap-xl\">\n<div class=\"text-h3 min-w-[244px] max-w-[244px]\">Sonderma\u00dfe<\/div>\n<div class=\"flex flex-col gap-s\"><span class=\"\"><\/p>\n<ul class=\"flex flex-col gap-s\">\n<li class=\"ml-3xs pl-[15px] relative before:absolute before:w-[8px] before:h-[8px] before:bg-dark before:top-[8px] before:left-0 before:rounded-full\">Nischen-Breite: 560 mm<\/li>\n<li class=\"ml-3xs pl-[15px] relative before:absolute before:w-[8px] before:h-[8px] before:bg-dark before:top-[8px] before:left-0 before:rounded-full\">Nischen-H\u00f6he: 1775 mm<\/li>\n<li class=\"ml-3xs pl-[15px] relative before:absolute before:w-[8px] before:h-[8px] before:bg-dark before:top-[8px] before:left-0 before:rounded-full\">Nischen-Tiefe: 550 mm<\/li>\n<\/ul>\n<p><\/span><\/div>\n<\/div>\n<\/li>\n<li class=\"mb-m\">\n<div class=\"flex flex-col m:flex-row gap-s m:gap-xl\">\n<div class=\"text-h3 min-w-[244px] max-w-[244px]\">Jahresverbrauch<\/div>\n<div class=\"flex flex-col gap-s\"><span class=\"\"><\/p>\n<ul class=\"flex flex-col gap-s\">\n<li class=\"ml-3xs pl-[15px] relative before:absolute before:w-[8px] before:h-[8px] before:bg-dark before:top-[8px] before:left-0 before:rounded-full\">219 kWh<\/li>\n<\/ul>\n<p><\/span><\/div>\n<\/div>\n<\/li>\n<li class=\"mb-m\">\n<div class=\"flex flex-col m:flex-row gap-s m:gap-xl\">\n<div class=\"text-h3 min-w-[244px] max-w-[244px]\">Farbe<\/div>\n<div class=\"flex flex-col gap-s\"><span class=\"\"><\/p>\n<ul class=\"flex flex-col gap-s\">\n<li class=\"ml-3xs pl-[15px] relative before:absolute before:w-[8px] before:h-[8px] before:bg-dark before:top-[8px] before:left-0 before:rounded-full\">Wei\u00df<\/li>\n<\/ul>\n<p><\/span><\/div>\n<\/div>\n<\/li>\n<li class=\"mb-m\">\n<div class=\"flex flex-col m:flex-row gap-s m:gap-xl\">\n<div class=\"text-h3 min-w-[244px] max-w-[244px]\">Abmessungen \/ Gewicht<\/div>\n<div class=\"flex flex-col gap-s\"><span class=\"\"><\/p>\n<ul class=\"flex flex-col gap-s\">\n<li class=\"ml-3xs pl-[15px] relative before:absolute before:w-[8px] before:h-[8px] before:bg-dark before:top-[8px] before:left-0 before:rounded-full\">Breite: 558 mm<\/li>\n<li class=\"ml-3xs pl-[15px] relative before:absolute before:w-[8px] before:h-[8px] before:bg-dark before:top-[8px] before:left-0 before:rounded-full\">H\u00f6he: 1772 mm<\/li>\n<li class=\"ml-3xs pl-[15px] relative before:absolute before:w-[8px] before:h-[8px] before:bg-dark before:top-[8px] before:left-0 before:rounded-full\">Tiefe: 545 mm<\/li>\n<li class=\"ml-3xs pl-[15px] relative before:absolute before:w-[8px] before:h-[8px] before:bg-dark before:top-[8px] before:left-0 before:rounded-full\">Gewicht: 64 kg<\/li>\n<\/ul>\n<p><\/span><\/div>\n<\/div>\n<\/li>\n<li class=\"mb-m\">\n<div class=\"flex flex-col m:flex-row gap-s m:gap-xl\">\n<div class=\"text-h3 min-w-[244px] max-w-[244px]\">Energieeffizienzklasse<\/div>\n<div class=\"flex flex-col gap-s\"><span class=\"\"><\/p>\n<ul class=\"flex flex-col gap-s\">\n<li class=\"ml-3xs pl-[15px] relative before:absolute before:w-[8px] before:h-[8px] before:bg-dark before:top-[8px] before:left-0 before:rounded-full\">E<\/li>\n<\/ul>\n<p><\/span><\/div>\n<\/div>\n<\/li>\n<li class=\"mb-m\">\n<div class=\"flex flex-col m:flex-row gap-s m:gap-xl\">\n<div class=\"text-h3 min-w-[244px] max-w-[244px]\">Ger\u00e4uschentwicklung<\/div>\n<div class=\"flex flex-col gap-s\"><span class=\"\"><\/p>\n<ul class=\"flex flex-col gap-s\">\n<li class=\"ml-3xs pl-[15px] relative before:absolute before:w-[8px] before:h-[8px] before:bg-dark before:top-[8px] before:left-0 before:rounded-full\">36 dB<\/li>\n<\/ul>\n<p><\/span><\/div>\n<\/div>\n<\/li>\n","protected":false},"excerpt":{"rendered":"<li class=\"bullet-list-item\">Energieeffizienzklasse: E<\/li>\n<li class=\"bullet-list-item\">Kapazit\u00e4t K\u00fchlen: 192 l, Kapazit\u00e4t Gefrieren: 74 l<\/li>\n<li class=\"bullet-list-item\">T\u00fcranschlag wechselbar<\/li>\n<li class=\"bullet-list-item\">Einbau (ohne M\u00f6belfront), Nischenma\u00df: B 56 cm x H 177.5 cm x H 55 cm<\/li>\n<p> Herstellernummer KI86SADE0<\/p>","protected":false},"featured_media":46743,"comment_status":"open","ping_status":"closed","template":"","meta":{"_monsterinsights_skip_tracking":false,"_monsterinsights_sitenote_active":false,"_monsterinsights_sitenote_note":"","_monsterinsights_sitenote_category":0,"_uf_show_specific_survey":0,"_uf_disable_surveys":false},"product_brand":[],"product_cat":[503],"product_tag":[],"models":[],"years":[],"class_list":{"0":"post-58098","1":"product","2":"type-product","3":"status-publish","4":"has-post-thumbnail","6":"product_cat-kuhlen-gefrieren","8":"first","9":"instock","10":"sale","11":"shipping-taxable","12":"purchasable","13":"product-type-simple"},"aioseo_notices":[],"acf":[],"_links":{"self":[{"href":"https:\/\/amannforg.com\/de\/wp-json\/wp\/v2\/product\/58098","targetHints":{"allow":["GET"]}}],"collection":[{"href":"https:\/\/amannforg.com\/de\/wp-json\/wp\/v2\/product"}],"about":[{"href":"https:\/\/amannforg.com\/de\/wp-json\/wp\/v2\/types\/product"}],"replies":[{"embeddable":true,"href":"https:\/\/amannforg.com\/de\/wp-json\/wp\/v2\/comments?post=58098"}],"version-history":[{"count":1,"href":"https:\/\/amannforg.com\/de\/wp-json\/wp\/v2\/product\/58098\/revisions"}],"predecessor-version":[{"id":58099,"href":"https:\/\/amannforg.com\/de\/wp-json\/wp\/v2\/product\/58098\/revisions\/58099"}],"wp:featuredmedia":[{"embeddable":true,"href":"https:\/\/amannforg.com\/de\/wp-json\/wp\/v2\/media\/46743"}],"wp:attachment":[{"href":"https:\/\/amannforg.com\/de\/wp-json\/wp\/v2\/media?parent=58098"}],"wp:term":[{"taxonomy":"product_brand","embeddable":true,"href":"https:\/\/amannforg.com\/de\/wp-json\/wp\/v2\/product_brand?post=58098"},{"taxonomy":"product_cat","embeddable":true,"href":"https:\/\/amannforg.com\/de\/wp-json\/wp\/v2\/product_cat?post=58098"},{"taxonomy":"product_tag","embeddable":true,"href":"https:\/\/amannforg.com\/de\/wp-json\/wp\/v2\/product_tag?post=58098"},{"taxonomy":"models","embeddable":true,"href":"https:\/\/amannforg.com\/de\/wp-json\/wp\/v2\/models?post=58098"},{"taxonomy":"years","embeddable":true,"href":"https:\/\/amannforg.com\/de\/wp-json\/wp\/v2\/years?post=58098"}],"curies":[{"name":"wp","href":"https:\/\/api.w.org\/{rel}","templated":true}]}}