{"id":58102,"date":"2026-03-04T00:15:33","date_gmt":"2026-03-04T00:15:33","guid":{"rendered":"https:\/\/amannforg.com\/?post_type=product&#038;p=58102"},"modified":"2026-03-07T16:30:08","modified_gmt":"2026-03-07T16:30:08","slug":"siemens-ki81rvfe0-iq300-einbau-kuhlschrank","status":"publish","type":"product","link":"https:\/\/amannforg.com\/de\/produkt\/siemens-ki81rvfe0-iq300-einbau-kuhlschrank\/","title":{"rendered":"Siemens KI81RVFE0 iQ300 Einbau-K\u00fchlschrank"},"content":{"rendered":"<p class=\"mb-l\">\n<div class=\"titlepage\">\n<h2 class=\"text-h3 mb-l\">Siemens KI81RVFE0 iQ300 Einbau-K\u00fchlschrank<\/h2>\n<\/div>\n<p class=\"mb-l\">Der Einbauk\u00fchlschrank mit Fresh-Schublade f\u00fcr Obst und Gem\u00fcse, Schnellk\u00fchlfunktion und heller LED-Beleuchtung bietet eine ideale Aufbewahrung.<\/p>\n<div class=\"itemizedlist\">\n<ul class=\"bullet-list\">\n<li class=\"bullet-list-item\">LED-Licht: schneller \u00dcberblick \u00fcber den Inhalt deines K\u00fchlschranks dank heller, gleichm\u00e4\u00dfiger Ausleuchtung.<\/li>\n<li class=\"bullet-list-item\">bottleRack: Flaschen sicher und griffbereit aufbewahren.<\/li>\n<li class=\"bullet-list-item\">T\u00fcralarm: damit die T\u00fcr geschlossen und K\u00e4lte drinnen bleibt.<\/li>\n<li class=\"bullet-list-item\">Made in Germany: ein Versprechen f\u00fcr Spitzenqualit\u00e4t, modernstes Design und innovative Funktionen.<\/li>\n<li class=\"bullet-list-item\">Ger\u00e4usch-Effizienzklasse B: die leisen Ger\u00e4te sind nicht lauter als raschelndes Laub.<\/li>\n<\/ul>\n<\/div>\n<p class=\"mb-l\">\n<div class=\"titlepage\">\n<h2 class=\"text-h3 mb-l\">LED-Licht<\/h2>\n<\/div>\n<p class=\"mb-l\">Auf einen Blick sehen, was im K\u00fchlschrank ist.<\/p>\n<p class=\"mb-l\">Feature IconDas eingebaute LED-Licht sorgt f\u00fcr eine gleichm\u00e4\u00dfige Ausleuchtung, sodass du direkt siehst, was du Gutes im K\u00fchlschrank hast. Die Positionierung der LEDs im vorderen Bereich des K\u00fchlschranks sorgt daf\u00fcr, dass Lebensmittel nichts verdunkeln. Noch besser: Die LEDs sind langlebig und energieeffizient.<\/p>\n<p class=\"mb-l\">\n<div class=\"titlepage\">\n<h2 class=\"text-h3 mb-l\">bottleRack<\/h2>\n<\/div>\n<p class=\"mb-l\">Optimale Flaschenaufbewahrung.<\/p>\n<p class=\"mb-l\">Feature IconMit unserem bottleRack bekommst du ein spezielles Regal zur Aufbewahrung von Flaschen. Lagere gro\u00dfe und kleine Flaschen sowie Dosen im K\u00fchlschrank, ohne dass sie darin umherrollen oder klappern. In den praktischen, separaten Regalelementen sind deine Flaschen leicht greifbar und gleichzeitig sicher verstaut.<\/p>\n<p class=\"mb-l\">\n<div class=\"titlepage\">\n<h2 class=\"text-h3 mb-l\">T\u00fcralarm<\/h2>\n<\/div>\n<p class=\"mb-l\">Damit die K\u00e4lte drinnen bleibt.<\/p>\n<p class=\"mb-l\">Feature IconVergisst du manchmal, den K\u00fchlschrank zuzumachen? Oder schaust du manchmal einfach etwas l\u00e4nger hinein? Wenn die T\u00fcr zu lange offen bleibt, gibt der T\u00fcralarm Bescheid: Er erinnert dich daran, den K\u00fchlschrank zu schlie\u00dfen, damit nicht unn\u00f6tig K\u00e4lte und damit Energie verschwendet wird. Wenn dein Ger\u00e4t \u00fcber Home Connect verf\u00fcgt, wirst du auch \u00fcber die Home-Connect-App benachrichtigt.<\/p>\n<p class=\"mb-l\">\n<div class=\"titlepage\">\n<h2 class=\"text-h3 mb-l\">Made in Germany<\/h2>\n<\/div>\n<p class=\"mb-l\">Made in Germany \u2013 unser Qualit\u00e4tsversprechen.<\/p>\n<p class=\"mb-l\">Du erwartest von Hausger\u00e4ten Qualit\u00e4t, auf die du dich verlassen kannst? Wir versprechen dir Spitzenqualit\u00e4t Made in Germany: Unsere K\u00fchl- und Gefrierschr\u00e4nke vereinen hochwertige Materialien, innovative Funktionen, handwerklich perfekte Details, erstklassige K\u00fchlkomponenten und modernstes Design. Damit du dich jahrelang darauf verlassen kannst, dass alles immer gut gek\u00fchlt bleibt.<\/p>\n<p class=\"mb-l\">\n<div class=\"titlepage\">\n<h2 class=\"text-h3 mb-l\">Ger\u00e4usch-Effizienzklasse B<\/h2>\n<\/div>\n<p class=\"mb-l\">K\u00fchlen kann so leise sein.<\/p>\n<p class=\"mb-l\">Du willst einen K\u00fchlschrank, der Bestleistung bringt, ohne dass du es merkst? Bei unseren Ger\u00e4ten mit der Ger\u00e4usch-Effizienzklasse B merkst du nicht, dass sie da sind. Mit Werten zwischen 30 und 35 dB ist der Ger\u00e4uschpegel vergleichbar mit dem Rascheln von Laub, so dass du in deinem Alltag nicht gest\u00f6rt wirst.<\/p>\n<p class=\"mb-l\">\n<div class=\"titlepage\">\n<h2 class=\"text-h3 mb-l\">superK\u00fchlen<\/h2>\n<\/div>\n<p class=\"mb-l\">Kurzzeitige Temperaturabsenkung zum Abk\u00fchlen von Lebensmitteln.<\/p>\n<p class=\"mb-l\">Feature IconMit superK\u00fchlen kannst du die Temperatur deines K\u00fchlschranks f\u00fcr eine bestimmte Zeit senken, um frische Lebensmittel schnell herunterzuk\u00fchlen. Damit wird ein unerw\u00fcnschter Temperaturanstieg der bereits gek\u00fchlten Lebensmittel verhindert.<\/p>\n<p class=\"mb-l\">\n<div class=\"titlepage\">\n<h2 class=\"text-h3 mb-l\">safetyGlas-Ablagen<\/h2>\n<\/div>\n<p class=\"mb-l\">Bruchsichere und leicht zu reinigende Glasablagen.<\/p>\n<p class=\"mb-l\">Feature IconAlle Glasablagen bestehen aus extrastarkem, reinigungsfreundlichem Sicherheitsglas. F\u00e4llt mal etwas um, wird die versch\u00fcttete Fl\u00fcssigkeit einged\u00e4mmt und l\u00e4uft nicht durch den gesamten K\u00fchlraum.<\/p>\n<p class=\"mb-l\">\n<div class=\"titlepage\">\n<h2 class=\"text-h3 mb-l\">15 Jahre Verf\u00fcgbarkeit der Ersatzteile<\/h2>\n<\/div>\n<p class=\"mb-l\">Langlebigkeit dank Ersatzteilverf\u00fcgbarkeit.<\/p>\n<p class=\"mb-l\">Wir legen gro\u00dfen Wert auf die Langlebigkeit deiner Hausger\u00e4te. Deswegen sind die Ersatzteile f\u00fcr unsere Gro\u00dfger\u00e4te in der Regel bis zu 15 Jahre vorr\u00e4tig. Sollte also doch mal etwas passieren, sind wir an deiner Seite und liefern dir die n\u00f6tigen Ersatzteile, um dein Hausger\u00e4t wieder funktionsf\u00e4hig zu machen. Dabei geht es uns um mehr, als nur eine Reparatur. Wir wollen sicherstellen, dass deine Hausger\u00e4te mit dir Schritt halten und dich als zuverl\u00e4ssige Partner lange durch den Alltag begleiten.<\/p>\n<p class=\"mb-l\">\n<div class=\"titlepage\">\n<h2 class=\"text-h3 mb-l\">Elektronische Temperaturregelung<\/h2>\n<\/div>\n<p class=\"mb-l\">Das Einstellen der Temperatur war noch nie so einfach.<\/p>\n<p class=\"mb-l\">Feature IconM\u00f6chtest du sicher sein, dass dein K\u00fchlschrank die richtige Temperatur hat &#8211; und vielleicht sogar ab und zu die Temperatur anpassen? Mit der elektronischen Temperaturregelung ist die Einstellung der Zieltemperatur so einfach wie nie. Und dank der digitalen Anzeige hast du die eingestellte Temperatur immer im Blick. Wenn dein Ger\u00e4t mit Home Connect ausgestattet ist, kannst du sie sogar von unterwegs \u00fcber die Home Connect App einstellen.<\/p>\n<p class=\"mb-l\">\n<div class=\"titlepage\">\n<h2 class=\"text-h3 mb-l\">Intelligenter Inverter-Kompressor<\/h2>\n<\/div>\n<p class=\"mb-l\">Stabiler Wirkungsgrad bei geringem Ger\u00e4uschpegel und Energieverbrauch.<\/p>\n<p class=\"mb-l\">Feature IconDer intelligente Inverter-Kompressor passt die Temperatur des K\u00fchlschranks an die Innen- und Aussentemperaturbedingungen an. Er l\u00e4uft stets mit der optimalen Geschwindigkeit, um die Lebensmittel bei optimaler Temperatur zu halten und eine stabile und effiziente Leistung zu erbringen.<\/p>\n<li class=\"mb-m\">\n<div class=\"flex flex-col m:flex-row gap-s m:gap-xl\">\n<div class=\"text-h3 min-w-[244px] max-w-[244px]\">Bauart<\/div>\n<div class=\"flex flex-col gap-s\"><span class=\"\"><\/p>\n<ul class=\"flex flex-col gap-s\">\n<li class=\"ml-3xs pl-[15px] relative before:absolute before:w-[8px] before:h-[8px] before:bg-dark before:top-[8px] before:left-0 before:rounded-full\">Einbau<\/li>\n<\/ul>\n<p><\/span><\/div>\n<\/div>\n<\/li>\n<li class=\"mb-m\">\n<div class=\"flex flex-col m:flex-row gap-s m:gap-xl\">\n<div class=\"text-h3 min-w-[244px] max-w-[244px]\">K\u00fchlger\u00e4te<\/div>\n<div class=\"flex flex-col gap-s\"><span class=\"\"><\/p>\n<ul class=\"flex flex-col gap-s\">\n<li class=\"ml-3xs pl-[15px] relative before:absolute before:w-[8px] before:h-[8px] before:bg-dark before:top-[8px] before:left-0 before:rounded-full\">Nutzinhalt gesamt: 310 l<\/li>\n<li class=\"ml-3xs pl-[15px] relative before:absolute before:w-[8px] before:h-[8px] before:bg-dark before:top-[8px] before:left-0 before:rounded-full\">Nutzinhalt K\u00fchlbereich: 310 l<\/li>\n<li class=\"ml-3xs pl-[15px] relative before:absolute before:w-[8px] before:h-[8px] before:bg-dark before:top-[8px] before:left-0 before:rounded-full\">T\u00fcrsystem: T\u00fcranschlag wechselbar<\/li>\n<\/ul>\n<p><\/span><\/div>\n<\/div>\n<\/li>\n<li class=\"mb-m\">\n<div class=\"flex flex-col m:flex-row gap-s m:gap-xl\">\n<div class=\"text-h3 min-w-[244px] max-w-[244px]\">Sonderma\u00dfe<\/div>\n<div class=\"flex flex-col gap-s\"><span class=\"\"><\/p>\n<ul class=\"flex flex-col gap-s\">\n<li class=\"ml-3xs pl-[15px] relative before:absolute before:w-[8px] before:h-[8px] before:bg-dark before:top-[8px] before:left-0 before:rounded-full\">Nischen-Breite: 560 mm<\/li>\n<li class=\"ml-3xs pl-[15px] relative before:absolute before:w-[8px] before:h-[8px] before:bg-dark before:top-[8px] before:left-0 before:rounded-full\">Nischen-H\u00f6he: 1775 mm<\/li>\n<li class=\"ml-3xs pl-[15px] relative before:absolute before:w-[8px] before:h-[8px] before:bg-dark before:top-[8px] before:left-0 before:rounded-full\">Nischen-Tiefe: 550 mm<\/li>\n<\/ul>\n<p><\/span><\/div>\n<\/div>\n<\/li>\n<li class=\"mb-m\">\n<div class=\"flex flex-col m:flex-row gap-s m:gap-xl\">\n<div class=\"text-h3 min-w-[244px] max-w-[244px]\">Jahresverbrauch<\/div>\n<div class=\"flex flex-col gap-s\"><span class=\"\"><\/p>\n<ul class=\"flex flex-col gap-s\">\n<li class=\"ml-3xs pl-[15px] relative before:absolute before:w-[8px] before:h-[8px] before:bg-dark before:top-[8px] before:left-0 before:rounded-full\">114 kWh<\/li>\n<\/ul>\n<p><\/span><\/div>\n<\/div>\n<\/li>\n<li class=\"mb-m\">\n<div class=\"flex flex-col m:flex-row gap-s m:gap-xl\">\n<div class=\"text-h3 min-w-[244px] max-w-[244px]\">Farbe<\/div>\n<div class=\"flex flex-col gap-s\"><span class=\"\"><\/p>\n<ul class=\"flex flex-col gap-s\">\n<li class=\"ml-3xs pl-[15px] relative before:absolute before:w-[8px] before:h-[8px] before:bg-dark before:top-[8px] before:left-0 before:rounded-full\">Wei\u00df<\/li>\n<\/ul>\n<p><\/span><\/div>\n<\/div>\n<\/li>\n<li class=\"mb-m\">\n<div class=\"flex flex-col m:flex-row gap-s m:gap-xl\">\n<div class=\"text-h3 min-w-[244px] max-w-[244px]\">Abmessungen \/ Gewicht<\/div>\n<div class=\"flex flex-col gap-s\"><span class=\"\"><\/p>\n<ul class=\"flex flex-col gap-s\">\n<li class=\"ml-3xs pl-[15px] relative before:absolute before:w-[8px] before:h-[8px] before:bg-dark before:top-[8px] before:left-0 before:rounded-full\">Breite: 541 mm<\/li>\n<li class=\"ml-3xs pl-[15px] relative before:absolute before:w-[8px] before:h-[8px] before:bg-dark before:top-[8px] before:left-0 before:rounded-full\">H\u00f6he: 1772 mm<\/li>\n<li class=\"ml-3xs pl-[15px] relative before:absolute before:w-[8px] before:h-[8px] before:bg-dark before:top-[8px] before:left-0 before:rounded-full\">Tiefe: 548 mm<\/li>\n<li class=\"ml-3xs pl-[15px] relative before:absolute before:w-[8px] before:h-[8px] before:bg-dark before:top-[8px] before:left-0 before:rounded-full\">Gewicht: 53.2 kg<\/li>\n<\/ul>\n<p><\/span><\/div>\n<\/div>\n<\/li>\n<li class=\"mb-m\">\n<div class=\"flex flex-col m:flex-row gap-s m:gap-xl\">\n<div class=\"text-h3 min-w-[244px] max-w-[244px]\">Energieeffizienzklasse<\/div>\n<div class=\"flex flex-col gap-s\"><span class=\"\"><\/p>\n<ul class=\"flex flex-col gap-s\">\n<li class=\"ml-3xs pl-[15px] relative before:absolute before:w-[8px] before:h-[8px] before:bg-dark before:top-[8px] before:left-0 before:rounded-full\">E<\/li>\n<\/ul>\n<p><\/span><\/div>\n<\/div>\n<\/li>\n<li class=\"mb-m\">\n<div class=\"flex flex-col m:flex-row gap-s m:gap-xl\">\n<div class=\"text-h3 min-w-[244px] max-w-[244px]\">Ger\u00e4uschentwicklung<\/div>\n<div class=\"flex flex-col gap-s\"><span class=\"\"><\/p>\n<ul class=\"flex flex-col gap-s\">\n<li class=\"ml-3xs pl-[15px] relative before:absolute before:w-[8px] before:h-[8px] before:bg-dark before:top-[8px] before:left-0 before:rounded-full\">35 dB<\/li>\n<\/ul>\n<p><\/span><\/div>\n<\/div>\n<\/li>\n","protected":false},"excerpt":{"rendered":"<li class=\"bullet-list-item\">Energieeffizienzklasse: E<\/li>\n<li class=\"bullet-list-item\">Kapazit\u00e4t K\u00fchlen: 310 l<\/li>\n<li class=\"bullet-list-item\">T\u00fcranschlag wechselbar<\/li>\n<li class=\"bullet-list-item\">Einbau (ohne M\u00f6belfront), Nischenma\u00df: B 56 cm x H 177.5 cm x H 55 cm<\/li>\n<p> Herstellernummer KI81RVFE0<\/p>","protected":false},"featured_media":46757,"comment_status":"open","ping_status":"closed","template":"","meta":{"_monsterinsights_skip_tracking":false,"_monsterinsights_sitenote_active":false,"_monsterinsights_sitenote_note":"","_monsterinsights_sitenote_category":0,"_uf_show_specific_survey":0,"_uf_disable_surveys":false},"product_brand":[],"product_cat":[503],"product_tag":[],"models":[],"years":[],"class_list":{"0":"post-58102","1":"product","2":"type-product","3":"status-publish","4":"has-post-thumbnail","6":"product_cat-kuhlen-gefrieren","8":"first","9":"instock","10":"sale","11":"shipping-taxable","12":"purchasable","13":"product-type-simple"},"aioseo_notices":[],"acf":[],"_links":{"self":[{"href":"https:\/\/amannforg.com\/de\/wp-json\/wp\/v2\/product\/58102","targetHints":{"allow":["GET"]}}],"collection":[{"href":"https:\/\/amannforg.com\/de\/wp-json\/wp\/v2\/product"}],"about":[{"href":"https:\/\/amannforg.com\/de\/wp-json\/wp\/v2\/types\/product"}],"replies":[{"embeddable":true,"href":"https:\/\/amannforg.com\/de\/wp-json\/wp\/v2\/comments?post=58102"}],"version-history":[{"count":1,"href":"https:\/\/amannforg.com\/de\/wp-json\/wp\/v2\/product\/58102\/revisions"}],"predecessor-version":[{"id":58103,"href":"https:\/\/amannforg.com\/de\/wp-json\/wp\/v2\/product\/58102\/revisions\/58103"}],"wp:featuredmedia":[{"embeddable":true,"href":"https:\/\/amannforg.com\/de\/wp-json\/wp\/v2\/media\/46757"}],"wp:attachment":[{"href":"https:\/\/amannforg.com\/de\/wp-json\/wp\/v2\/media?parent=58102"}],"wp:term":[{"taxonomy":"product_brand","embeddable":true,"href":"https:\/\/amannforg.com\/de\/wp-json\/wp\/v2\/product_brand?post=58102"},{"taxonomy":"product_cat","embeddable":true,"href":"https:\/\/amannforg.com\/de\/wp-json\/wp\/v2\/product_cat?post=58102"},{"taxonomy":"product_tag","embeddable":true,"href":"https:\/\/amannforg.com\/de\/wp-json\/wp\/v2\/product_tag?post=58102"},{"taxonomy":"models","embeddable":true,"href":"https:\/\/amannforg.com\/de\/wp-json\/wp\/v2\/models?post=58102"},{"taxonomy":"years","embeddable":true,"href":"https:\/\/amannforg.com\/de\/wp-json\/wp\/v2\/years?post=58102"}],"curies":[{"name":"wp","href":"https:\/\/api.w.org\/{rel}","templated":true}]}}