{"id":58190,"date":"2026-03-04T08:01:40","date_gmt":"2026-03-04T08:01:40","guid":{"rendered":"https:\/\/amannforg.com\/?post_type=product&#038;p=58190"},"modified":"2026-03-07T16:30:18","modified_gmt":"2026-03-07T16:30:18","slug":"hp-prodesk-4-tower-g1i-core-ultra-7-265-16gb-512gb-ssd-windows-11-pro-9h7m5et","status":"publish","type":"product","link":"https:\/\/amannforg.com\/de\/produkt\/hp-prodesk-4-tower-g1i-core-ultra-7-265-16gb-512gb-ssd-windows-11-pro-9h7m5et\/","title":{"rendered":"HP ProDesk 4 Tower G1i Core Ultra 7 265 16GB\/512GB SSD Windows 11 Pro 9H7M5ET"},"content":{"rendered":"<p class=\"mb-l\">\n<div class=\"titlepage\">\n<h2 class=\"text-h3 mb-l\">HP ProDesk 4 Tower G1i Core Ultra 7 265 16GB\/512GB SSD Windows 11 Pro 9H7M5ET<\/h2>\n<\/div>\n<p class=\"mb-l\">\n<div class=\"titlepage\">\n<h2 class=\"text-h3 mb-l\">HP empfiehlt Windows 11 Pro f\u00fcr Unternehmen<\/h2>\n<\/div>\n<p class=\"mb-l\">Arbeiten Sie \u00fcberall ohne Leistungs- oder Sicherheitseinbu\u00dfen \u2013 mit Windows 11 und den Technologien von HP f\u00fcr Zusammenarbeit, Sicherheit und Konnektivit\u00e4t. Fassen Sie Inhalte zusammen und schreiben Sie sie um, erhalten Sie relevante Inhaltsempfehlungen und bleiben Sie mit Microsoft Copilot organisiert.1<\/p>\n<p class=\"mb-l\">\n<div class=\"titlepage\">\n<h2 class=\"text-h3 mb-l\">Sorgenfreies Surfen<\/h2>\n<\/div>\n<p class=\"mb-l\">Sch\u00fctzen Sie Ihren PC vor Websites, schreibgesch\u00fctzten Microsoft Office- und PDF-Anh\u00e4ngen, Malware, Ransomware und Viren mit der hardwaregest\u00fctzten Sicherheit von HP Sure Click.4<\/p>\n<p class=\"mb-l\">\n<div class=\"titlepage\">\n<h2 class=\"text-h3 mb-l\">HP Sure Sense<\/h2>\n<\/div>\n<p class=\"mb-l\">Malware entwickelt sich schnell weiter und kann von herk\u00f6mmlichen Virenschutzprogrammen h\u00e4ufig nicht entdeckt werden. Sch\u00fctzen Sie Ihren PC mit HP Sure Sense vor noch v\u00f6llig unbekannten Angriffen. HP Sure Sense kombiniert f\u00fcr einen au\u00dfergew\u00f6hnlichen Schutz Verhaltensanalysen mit fortschrittlichen KI-Techniken.7<\/p>\n<p class=\"mb-l\">\n<div class=\"titlepage\">\n<h2 class=\"text-h3 mb-l\">Beschleunigen Sie die Grundlagen der IT-Verwaltung<\/h2>\n<\/div>\n<p class=\"mb-l\">Reduzieren Sie Ausfallzeiten und Gesamtbetriebskosten Ihrer HP PCs mit dem HP Manageability Integration Kit. Diese L\u00f6sung tr\u00e4gt dazu bei, die Image-Erstellung zu beschleunigen und die routinem\u00e4\u00dfige Verwaltung von Hardware-, BIOS-, Sicherheits- und Software-Updates zu vereinfachen.8<\/p>\n<p class=\"mb-l\">\n<div class=\"titlepage\">\n<h2 class=\"text-h3 mb-l\">Tools f\u00fcr eine reibungslose Performance<\/h2>\n<\/div>\n<p class=\"mb-l\">Sorgen Sie f\u00fcr eine optimale Performance und steigern Sie die Effizienz mit einer Intel\u00ae Core\u2122 Ultra CPU2 und 13 TOPS NPU.3<\/p>\n<p class=\"mb-l\">\n<div class=\"titlepage\">\n<h2 class=\"text-h3 mb-l\">Modulare Optionen f\u00fcr Wachstum<\/h2>\n<\/div>\n<p class=\"mb-l\">Steigern Sie die Leistung mit flexiblen Speicher- und Arbeitsspeicheroptionen und erweitern Sie die Funktionalit\u00e4t mit mehreren USB-Anschl\u00fcssen.<\/p>\n<p class=\"mb-l\">\n<div class=\"titlepage\">\n<h2 class=\"text-h3 mb-l\">Durch HP Wolf Security gesch\u00fctzt<\/h2>\n<\/div>\n<p class=\"mb-l\">HP Wolf Security for Business bildet eine hardwaregest\u00fctzte, durchgehend verf\u00fcgbare und robuste Verteidigung.5<\/p>\n<p class=\"mb-l\">\n<div class=\"titlepage\">\n<h2 class=\"text-h3 mb-l\">Helfen Sie mit, unsere gemeinsame Zukunft zu sch\u00fctzen<\/h2>\n<\/div>\n<p class=\"mb-l\">Dieser HP ProDesk 4 Tower G1i besteht zu 100 % aus papierbasierten HP Verpackungen aus recycelten oder zertifiziert nachhaltigen Quellen.6<\/p>\n<p class=\"mb-l\"><i>1 Nicht alle Funktionen stehen in allen Editionen oder Versionen von Windows zur Verf\u00fcgung. Das System erfordert ggf. aktualisierte und\/oder separat erworbene Hardware, Treiber, Software oder ein BIOS-Update, damit die Funktionen von Windows vollst\u00e4ndig genutzt werden k\u00f6nnen. Windows 11 wird automatisch aktualisiert, das Windows-Update ist stets aktiviert. Es fallen ggf. ISP-Geb\u00fchren an und es m\u00fcssen im Laufe der Zeit ggf. zus\u00e4tzliche Anforderungen f\u00fcr Updates erf\u00fcllt werden. Siehe http:\/\/www.windows.com. Microsoft Copilot erfordert Windows 11. F\u00fcr einige Funktionen ist eine NPU erforderlich. Der zeitliche Ablauf und die Verf\u00fcgbarkeit sind von Microsoft abh\u00e4ngig und variieren je nach Markt und Ger\u00e4t. Zum Anmelden ist ein Microsoft-Konto erforderlich. Wenn Copilot nicht verf\u00fcgbar ist, f\u00fchrt das Bet\u00e4tigen der Copilot-Taste zur Suchmaschine Bing. Siehe http:\/\/aka.ms\/WindowsAIFeatures.<\/i><\/p>\n<p class=\"mb-l\"><i>2 Die Multi-Core-Technologie dient zur Verbesserung der Leistung bestimmter Software-Produkte. Die Verwendung dieser Technologie bringt nicht zwangsl\u00e4ufig Vorteile f\u00fcr jeden Kunden und jede Softwareanwendung. Leistung und Taktfrequenz variieren je nach Anwendungsworkload und der Hardware- und Softwarekonfiguration. Die Nummerierung, Marke und\/oder Benennung von Intel ist kein Ma\u00df f\u00fcr h\u00f6here Leistung.<\/i><\/p>\n<p class=\"mb-l\"><i>3 Funktionen und Software, f\u00fcr die eine NPU erforderlich ist, erfordern m\u00f6glicherweise den Kauf, ein Abonnement oder die Aktivierung durch einen Software- oder Plattformanbieter, und Software von Drittanbietern kann spezifische Konfigurations- oder Kompatibilit\u00e4tsanforderungen haben. Die Leistung variiert je nach Verwendung, Konfiguration und anderen Faktoren.<\/i><\/p>\n<p class=\"mb-l\"><i>4 HP Sure Click erfordert Windows 10 oder h\u00f6her. Ausf\u00fchrliche Informationen finden Sie unter: https:\/\/bit.ly\/2PrLT6A_SureClick.<\/i><\/p>\n<p class=\"mb-l\"><i>5 HP Wolf Security for Business erfordert Windows 10, Windows 11 Pro oder h\u00f6her, umfasst diverse Sicherheitsfunktionen von HP und ist auf HP Pro, Elite, Workstation und RPOS Produkten verf\u00fcgbar. Die enthaltenen Sicherheitsfunktionen finden Sie in den Produktdetails.<\/i><\/p>\n<p class=\"mb-l\"><i>7 HP Sure Sense ist auf ausgew\u00e4hlten HP PCs mit Windows 10 Pro, Windows 10 Enterprise, Windows 11 Pro oder Windows 11 Enterprise verf\u00fcgbar.<\/i><\/p>\n<p class=\"mb-l\"><i>8 Das HP Manageability Integration Kit kann unter http:\/\/www.hp.com\/go\/clientmanagement heruntergeladen werden.<\/i><\/p>\n<li class=\"mb-m\">\n<div class=\"flex flex-col m:flex-row gap-s m:gap-xl\">\n<div class=\"text-h3 min-w-[244px] max-w-[244px]\">KI<\/div>\n<div class=\"flex flex-col gap-s\"><span class=\"\"><\/p>\n<ul class=\"flex flex-col gap-s\">\n<li class=\"ml-3xs pl-[15px] relative before:absolute before:w-[8px] before:h-[8px] before:bg-dark before:top-[8px] before:left-0 before:rounded-full\">Neuralprozessor Hersteller: Intel<\/li>\n<li class=\"ml-3xs pl-[15px] relative before:absolute before:w-[8px] before:h-[8px] before:bg-dark before:top-[8px] before:left-0 before:rounded-full\">Neuralprozessor Modell: AI Boost<\/li>\n<li class=\"ml-3xs pl-[15px] relative before:absolute before:w-[8px] before:h-[8px] before:bg-dark before:top-[8px] before:left-0 before:rounded-full\">NPU-Leistung (TOPS): 13<\/li>\n<\/ul>\n<p><\/span><\/div>\n<\/div>\n<\/li>\n<li class=\"mb-m\">\n<div class=\"flex flex-col m:flex-row gap-s m:gap-xl\">\n<div class=\"text-h3 min-w-[244px] max-w-[244px]\">Audio<\/div>\n<div class=\"flex flex-col gap-s\"><span class=\"\"><\/p>\n<ul class=\"flex flex-col gap-s\">\n<li class=\"ml-3xs pl-[15px] relative before:absolute before:w-[8px] before:h-[8px] before:bg-dark before:top-[8px] before:left-0 before:rounded-full\">Typ: Realtek ALC3252<\/li>\n<li class=\"ml-3xs pl-[15px] relative before:absolute before:w-[8px] before:h-[8px] before:bg-dark before:top-[8px] before:left-0 before:rounded-full\">Audio-Chipsatz: Realtec Audio Codec<\/li>\n<\/ul>\n<p><\/span><\/div>\n<\/div>\n<\/li>\n<li class=\"mb-m\">\n<div class=\"flex flex-col m:flex-row gap-s m:gap-xl\">\n<div class=\"text-h3 min-w-[244px] max-w-[244px]\">Bauform<\/div>\n<div class=\"flex flex-col gap-s\"><span class=\"\"><\/p>\n<ul class=\"flex flex-col gap-s\">\n<li class=\"ml-3xs pl-[15px] relative before:absolute before:w-[8px] before:h-[8px] before:bg-dark before:top-[8px] before:left-0 before:rounded-full\">Tower<\/li>\n<\/ul>\n<p><\/span><\/div>\n<\/div>\n<\/li>\n<li class=\"mb-m\">\n<div class=\"flex flex-col m:flex-row gap-s m:gap-xl\">\n<div class=\"text-h3 min-w-[244px] max-w-[244px]\">Produktserie<\/div>\n<div class=\"flex flex-col gap-s\"><span class=\"\"><\/p>\n<ul class=\"flex flex-col gap-s\">\n<li class=\"ml-3xs pl-[15px] relative before:absolute before:w-[8px] before:h-[8px] before:bg-dark before:top-[8px] before:left-0 before:rounded-full\">ProDesk<\/li>\n<\/ul>\n<p><\/span><\/div>\n<\/div>\n<\/li>\n<li class=\"mb-m\">\n<div class=\"flex flex-col m:flex-row gap-s m:gap-xl\">\n<div class=\"text-h3 min-w-[244px] max-w-[244px]\">Anzahl GB-LAN Ports (1000 Mbit\/s)<\/div>\n<div class=\"flex flex-col gap-s\"><span class=\"\"><\/p>\n<ul class=\"flex flex-col gap-s\">\n<li class=\"ml-3xs pl-[15px] relative before:absolute before:w-[8px] before:h-[8px] before:bg-dark before:top-[8px] before:left-0 before:rounded-full\">1 St<\/li>\n<\/ul>\n<p><\/span><\/div>\n<\/div>\n<\/li>\n<li class=\"mb-m\">\n<div class=\"flex flex-col m:flex-row gap-s m:gap-xl\">\n<div class=\"text-h3 min-w-[244px] max-w-[244px]\">Eingabeger\u00e4te<\/div>\n<div class=\"flex flex-col gap-s\"><span class=\"\"><\/p>\n<ul class=\"flex flex-col gap-s\">\n<li class=\"ml-3xs pl-[15px] relative before:absolute before:w-[8px] before:h-[8px] before:bg-dark before:top-[8px] before:left-0 before:rounded-full\">kabelgebundene Tastatur<\/li>\n<\/ul>\n<p><\/span><\/div>\n<\/div>\n<\/li>\n<li class=\"mb-m\">\n<div class=\"flex flex-col m:flex-row gap-s m:gap-xl\">\n<div class=\"text-h3 min-w-[244px] max-w-[244px]\">Einsatzbereich<\/div>\n<div class=\"flex flex-col gap-s\"><span class=\"\"><\/p>\n<ul class=\"flex flex-col gap-s\">\n<li class=\"ml-3xs pl-[15px] relative before:absolute before:w-[8px] before:h-[8px] before:bg-dark before:top-[8px] before:left-0 before:rounded-full\">Einsatzbereich: Office<\/li>\n<li class=\"ml-3xs pl-[15px] relative before:absolute before:w-[8px] before:h-[8px] before:bg-dark before:top-[8px] before:left-0 before:rounded-full\">Einsatzgebiet: Office<\/li>\n<\/ul>\n<p><\/span><\/div>\n<\/div>\n<\/li>\n<li class=\"mb-m\">\n<div class=\"flex flex-col m:flex-row gap-s m:gap-xl\">\n<div class=\"text-h3 min-w-[244px] max-w-[244px]\">Farbe<\/div>\n<div class=\"flex flex-col gap-s\"><span class=\"\"><\/p>\n<ul class=\"flex flex-col gap-s\">\n<li class=\"ml-3xs pl-[15px] relative before:absolute before:w-[8px] before:h-[8px] before:bg-dark before:top-[8px] before:left-0 before:rounded-full\">Schwarz<\/li>\n<\/ul>\n<p><\/span><\/div>\n<\/div>\n<\/li>\n<li class=\"mb-m\">\n<div class=\"flex flex-col m:flex-row gap-s m:gap-xl\">\n<div class=\"text-h3 min-w-[244px] max-w-[244px]\">Leistung<\/div>\n<div class=\"flex flex-col gap-s\"><span class=\"\"><\/p>\n<ul class=\"flex flex-col gap-s\">\n<li class=\"ml-3xs pl-[15px] relative before:absolute before:w-[8px] before:h-[8px] before:bg-dark before:top-[8px] before:left-0 before:rounded-full\">280 W<\/li>\n<\/ul>\n<p><\/span><\/div>\n<\/div>\n<\/li>\n<li class=\"mb-m\">\n<div class=\"flex flex-col m:flex-row gap-s m:gap-xl\">\n<div class=\"text-h3 min-w-[244px] max-w-[244px]\">externe Anschl\u00fcsse<\/div>\n<div class=\"flex flex-col gap-s\"><span class=\"\"><\/p>\n<ul class=\"flex flex-col gap-s\">\n<li class=\"ml-3xs pl-[15px] relative before:absolute before:w-[8px] before:h-[8px] before:bg-dark before:top-[8px] before:left-0 before:rounded-full\">Anzahl Displayport: 1 St<\/li>\n<li class=\"ml-3xs pl-[15px] relative before:absolute before:w-[8px] before:h-[8px] before:bg-dark before:top-[8px] before:left-0 before:rounded-full\">Anzahl HDMI: 1 St<\/li>\n<li class=\"ml-3xs pl-[15px] relative before:absolute before:w-[8px] before:h-[8px] before:bg-dark before:top-[8px] before:left-0 before:rounded-full\">HDMI-Standard: HDMI 2.1<\/li>\n<li class=\"ml-3xs pl-[15px] relative before:absolute before:w-[8px] before:h-[8px] before:bg-dark before:top-[8px] before:left-0 before:rounded-full\">Anzahl USB 2.0: 3 St<\/li>\n<li class=\"ml-3xs pl-[15px] relative before:absolute before:w-[8px] before:h-[8px] before:bg-dark before:top-[8px] before:left-0 before:rounded-full\">Anzahl USB 3.0: 2 St<\/li>\n<li class=\"ml-3xs pl-[15px] relative before:absolute before:w-[8px] before:h-[8px] before:bg-dark before:top-[8px] before:left-0 before:rounded-full\">Anzahl USB 3.1: 4 St<\/li>\n<li class=\"ml-3xs pl-[15px] relative before:absolute before:w-[8px] before:h-[8px] before:bg-dark before:top-[8px] before:left-0 before:rounded-full\">Anzahl USB 3.2: 4 St<\/li>\n<li class=\"ml-3xs pl-[15px] relative before:absolute before:w-[8px] before:h-[8px] before:bg-dark before:top-[8px] before:left-0 before:rounded-full\">Anzahl USB-C: 1 St<\/li>\n<li class=\"ml-3xs pl-[15px] relative before:absolute before:w-[8px] before:h-[8px] before:bg-dark before:top-[8px] before:left-0 before:rounded-full\">Audio-Eing\u00e4nge: Mic-In<\/li>\n<li class=\"ml-3xs pl-[15px] relative before:absolute before:w-[8px] before:h-[8px] before:bg-dark before:top-[8px] before:left-0 before:rounded-full\">Audio-Ausg\u00e4nge: Audio Out<\/li>\n<li class=\"ml-3xs pl-[15px] relative before:absolute before:w-[8px] before:h-[8px] before:bg-dark before:top-[8px] before:left-0 before:rounded-full\">ext. Anschl\u00fcsse: <\/li>\n<div class=\"itemizedlist\">\n<ul class=\"flex flex-col gap-s\">\n<li class=\"ml-3xs pl-[15px] relative before:absolute before:w-[8px] before:h-[8px] before:bg-dark before:top-[8px] before:left-0 before:rounded-full\">1000 Mbit\/s<\/li>\n<li class=\"ml-3xs pl-[15px] relative before:absolute before:w-[8px] before:h-[8px] before:bg-dark before:top-[8px] before:left-0 before:rounded-full\">Ethernet<\/li>\n<li class=\"ml-3xs pl-[15px] relative before:absolute before:w-[8px] before:h-[8px] before:bg-dark before:top-[8px] before:left-0 before:rounded-full\">Displayport<\/li>\n<li class=\"ml-3xs pl-[15px] relative before:absolute before:w-[8px] before:h-[8px] before:bg-dark before:top-[8px] before:left-0 before:rounded-full\">Mic-In<\/li>\n<\/ul>\n<\/div>\n<\/ul>\n<p><\/span><\/div>\n<\/div>\n<\/li>\n<li class=\"mb-m\">\n<div class=\"flex flex-col m:flex-row gap-s m:gap-xl\">\n<div class=\"text-h3 min-w-[244px] max-w-[244px]\">Anzahl Festplatten<\/div>\n<div class=\"flex flex-col gap-s\"><span class=\"\"><\/p>\n<ul class=\"flex flex-col gap-s\">\n<li class=\"ml-3xs pl-[15px] relative before:absolute before:w-[8px] before:h-[8px] before:bg-dark before:top-[8px] before:left-0 before:rounded-full\">1 St<\/li>\n<\/ul>\n<p><\/span><\/div>\n<\/div>\n<\/li>\n<li class=\"mb-m\">\n<div class=\"flex flex-col m:flex-row gap-s m:gap-xl\">\n<div class=\"text-h3 min-w-[244px] max-w-[244px]\">Abmessungen \/ Gewicht<\/div>\n<div class=\"flex flex-col gap-s\"><span class=\"\"><\/p>\n<ul class=\"flex flex-col gap-s\">\n<li class=\"ml-3xs pl-[15px] relative before:absolute before:w-[8px] before:h-[8px] before:bg-dark before:top-[8px] before:left-0 before:rounded-full\">Breite: 155 mm<\/li>\n<li class=\"ml-3xs pl-[15px] relative before:absolute before:w-[8px] before:h-[8px] before:bg-dark before:top-[8px] before:left-0 before:rounded-full\">H\u00f6he: 337 mm<\/li>\n<li class=\"ml-3xs pl-[15px] relative before:absolute before:w-[8px] before:h-[8px] before:bg-dark before:top-[8px] before:left-0 before:rounded-full\">Tiefe: 308 mm<\/li>\n<li class=\"ml-3xs pl-[15px] relative before:absolute before:w-[8px] before:h-[8px] before:bg-dark before:top-[8px] before:left-0 before:rounded-full\">Gewicht: 5.58 kg<\/li>\n<\/ul>\n<p><\/span><\/div>\n<\/div>\n<\/li>\n<li class=\"mb-m\">\n<div class=\"flex flex-col m:flex-row gap-s m:gap-xl\">\n<div class=\"text-h3 min-w-[244px] max-w-[244px]\">Arbeitsspeicher (RAM)<\/div>\n<div class=\"flex flex-col gap-s\"><span class=\"\"><\/p>\n<ul class=\"flex flex-col gap-s\">\n<li class=\"ml-3xs pl-[15px] relative before:absolute before:w-[8px] before:h-[8px] before:bg-dark before:top-[8px] before:left-0 before:rounded-full\">Arbeitsspeicher in GB: 16 GB<\/li>\n<li class=\"ml-3xs pl-[15px] relative before:absolute before:w-[8px] before:h-[8px] before:bg-dark before:top-[8px] before:left-0 before:rounded-full\">maximaler Arbeitsspeicher: 128 GB<\/li>\n<li class=\"ml-3xs pl-[15px] relative before:absolute before:w-[8px] before:h-[8px] before:bg-dark before:top-[8px] before:left-0 before:rounded-full\">RAM-Steckpl\u00e4tze frei: 3 St<\/li>\n<li class=\"ml-3xs pl-[15px] relative before:absolute before:w-[8px] before:h-[8px] before:bg-dark before:top-[8px] before:left-0 before:rounded-full\">RAM-Steckpl\u00e4tze gesamt: 4 St<\/li>\n<li class=\"ml-3xs pl-[15px] relative before:absolute before:w-[8px] before:h-[8px] before:bg-dark before:top-[8px] before:left-0 before:rounded-full\">Arbeitsspeicher-Typ: DDR5-5600<\/li>\n<li class=\"ml-3xs pl-[15px] relative before:absolute before:w-[8px] before:h-[8px] before:bg-dark before:top-[8px] before:left-0 before:rounded-full\">Arbeitspeicher-Taktung: 5600 MHz<\/li>\n<\/ul>\n<p><\/span><\/div>\n<\/div>\n<\/li>\n<li class=\"mb-m\">\n<div class=\"flex flex-col m:flex-row gap-s m:gap-xl\">\n<div class=\"text-h3 min-w-[244px] max-w-[244px]\">Formfaktor<\/div>\n<div class=\"flex flex-col gap-s\"><span class=\"\"><\/p>\n<ul class=\"flex flex-col gap-s\">\n<li class=\"ml-3xs pl-[15px] relative before:absolute before:w-[8px] before:h-[8px] before:bg-dark before:top-[8px] before:left-0 before:rounded-full\">Tower<\/li>\n<\/ul>\n<p><\/span><\/div>\n<\/div>\n<\/li>\n<li class=\"mb-m\">\n<div class=\"flex flex-col m:flex-row gap-s m:gap-xl\">\n<div class=\"text-h3 min-w-[244px] max-w-[244px]\">Prozessor<\/div>\n<div class=\"flex flex-col gap-s\"><span class=\"\"><\/p>\n<ul class=\"flex flex-col gap-s\">\n<li class=\"ml-3xs pl-[15px] relative before:absolute before:w-[8px] before:h-[8px] before:bg-dark before:top-[8px] before:left-0 before:rounded-full\">Prozessorhersteller: Intel<\/li>\n<li class=\"ml-3xs pl-[15px] relative before:absolute before:w-[8px] before:h-[8px] before:bg-dark before:top-[8px] before:left-0 before:rounded-full\">Prozessormodell: Core Ultra 7<\/li>\n<li class=\"ml-3xs pl-[15px] relative before:absolute before:w-[8px] before:h-[8px] before:bg-dark before:top-[8px] before:left-0 before:rounded-full\">Prozessortyp: 265<\/li>\n<li class=\"ml-3xs pl-[15px] relative before:absolute before:w-[8px] before:h-[8px] before:bg-dark before:top-[8px] before:left-0 before:rounded-full\">Kerne (gesamt): 20 St<\/li>\n<li class=\"ml-3xs pl-[15px] relative before:absolute before:w-[8px] before:h-[8px] before:bg-dark before:top-[8px] before:left-0 before:rounded-full\">Minimaler Takt: 1.80 GHz<\/li>\n<li class=\"ml-3xs pl-[15px] relative before:absolute before:w-[8px] before:h-[8px] before:bg-dark before:top-[8px] before:left-0 before:rounded-full\">Maximaler Takt: 5.20 GHz<\/li>\n<li class=\"ml-3xs pl-[15px] relative before:absolute before:w-[8px] before:h-[8px] before:bg-dark before:top-[8px] before:left-0 before:rounded-full\">Performance-Kerne: 12<\/li>\n<li class=\"ml-3xs pl-[15px] relative before:absolute before:w-[8px] before:h-[8px] before:bg-dark before:top-[8px] before:left-0 before:rounded-full\">Basistakt Performance-Kerne: 1.80 GHz<\/li>\n<li class=\"ml-3xs pl-[15px] relative before:absolute before:w-[8px] before:h-[8px] before:bg-dark before:top-[8px] before:left-0 before:rounded-full\">Maximaltakt Performance-Kerne: 2.40 GHz<\/li>\n<li class=\"ml-3xs pl-[15px] relative before:absolute before:w-[8px] before:h-[8px] before:bg-dark before:top-[8px] before:left-0 before:rounded-full\">Effizienz-Kerne: 8<\/li>\n<li class=\"ml-3xs pl-[15px] relative before:absolute before:w-[8px] before:h-[8px] before:bg-dark before:top-[8px] before:left-0 before:rounded-full\">Basistakt Effizienz-Kerne: 2.90 GHz<\/li>\n<li class=\"ml-3xs pl-[15px] relative before:absolute before:w-[8px] before:h-[8px] before:bg-dark before:top-[8px] before:left-0 before:rounded-full\">Maximaltakt Effizienz-Kerne: 4.40 GHz<\/li>\n<li class=\"ml-3xs pl-[15px] relative before:absolute before:w-[8px] before:h-[8px] before:bg-dark before:top-[8px] before:left-0 before:rounded-full\">TDP: 65 W<\/li>\n<li class=\"ml-3xs pl-[15px] relative before:absolute before:w-[8px] before:h-[8px] before:bg-dark before:top-[8px] before:left-0 before:rounded-full\">Level-2-Cache: 36 MB<\/li>\n<li class=\"ml-3xs pl-[15px] relative before:absolute before:w-[8px] before:h-[8px] before:bg-dark before:top-[8px] before:left-0 before:rounded-full\">Level-3-Cache: 30 MB<\/li>\n<li class=\"ml-3xs pl-[15px] relative before:absolute before:w-[8px] before:h-[8px] before:bg-dark before:top-[8px] before:left-0 before:rounded-full\">Cache: 30 MB<\/li>\n<\/ul>\n<p><\/span><\/div>\n<\/div>\n<\/li>\n<li class=\"mb-m\">\n<div class=\"flex flex-col m:flex-row gap-s m:gap-xl\">\n<div class=\"text-h3 min-w-[244px] max-w-[244px]\">Speicher<\/div>\n<div class=\"flex flex-col gap-s\"><span class=\"\"><\/p>\n<ul class=\"flex flex-col gap-s\">\n<li class=\"ml-3xs pl-[15px] relative before:absolute before:w-[8px] before:h-[8px] before:bg-dark before:top-[8px] before:left-0 before:rounded-full\">Bauart: SSD<\/li>\n<li class=\"ml-3xs pl-[15px] relative before:absolute before:w-[8px] before:h-[8px] before:bg-dark before:top-[8px] before:left-0 before:rounded-full\">Gesamtkapazit\u00e4t Massenspeicher: 512 GB<\/li>\n<\/ul>\n<p><\/span><\/div>\n<\/div>\n<\/li>\n<li class=\"mb-m\">\n<div class=\"flex flex-col m:flex-row gap-s m:gap-xl\">\n<div class=\"text-h3 min-w-[244px] max-w-[244px]\">Grafik<\/div>\n<div class=\"flex flex-col gap-s\"><span class=\"\"><\/p>\n<ul class=\"flex flex-col gap-s\">\n<li class=\"ml-3xs pl-[15px] relative before:absolute before:w-[8px] before:h-[8px] before:bg-dark before:top-[8px] before:left-0 before:rounded-full\">Grafikchiphersteller: Intel<\/li>\n<li class=\"ml-3xs pl-[15px] relative before:absolute before:w-[8px] before:h-[8px] before:bg-dark before:top-[8px] before:left-0 before:rounded-full\">Grafikchip: Intel\u00ae Graphics<\/li>\n<li class=\"ml-3xs pl-[15px] relative before:absolute before:w-[8px] before:h-[8px] before:bg-dark before:top-[8px] before:left-0 before:rounded-full\">Grafiktyp: Shared<\/li>\n<\/ul>\n<p><\/span><\/div>\n<\/div>\n<\/li>\n<li class=\"mb-m\">\n<div class=\"flex flex-col m:flex-row gap-s m:gap-xl\">\n<div class=\"text-h3 min-w-[244px] max-w-[244px]\">Betriebssystem<\/div>\n<div class=\"flex flex-col gap-s\"><span class=\"\"><\/p>\n<ul class=\"flex flex-col gap-s\">\n<li class=\"ml-3xs pl-[15px] relative before:absolute before:w-[8px] before:h-[8px] before:bg-dark before:top-[8px] before:left-0 before:rounded-full\">Betriebssystemversion: 64 Bit<\/li>\n<li class=\"ml-3xs pl-[15px] relative before:absolute before:w-[8px] before:h-[8px] before:bg-dark before:top-[8px] before:left-0 before:rounded-full\">Betriebssystem: Windows 11 Professional<\/li>\n<\/ul>\n<p><\/span><\/div>\n<\/div>\n<\/li>\n","protected":false},"excerpt":{"rendered":"<li class=\"bullet-list-item\">Intel Core Ultra 7 265 Prozessor (bis zu 5.2GHz); 20 Kerne<\/li>\n<li class=\"bullet-list-item\">16 GB RAM, 512 GB SSD <\/li>\n<li class=\"bullet-list-item\">Intel Intel\u00ae Graphics (Shared Memory), 1 x HDMI, 2 x USB3.0, 4 x USB3.1<\/li>\n<li class=\"bullet-list-item\"> Formfaktor: Tower ; <\/li>\n<li class=\"bullet-list-item\">Windows 11 Professional, 64 Bit<\/li>\n<p> Herstellernummer 9H7M5ET#ABD<\/p>","protected":false},"featured_media":48038,"comment_status":"open","ping_status":"closed","template":"","meta":{"_monsterinsights_skip_tracking":false,"_monsterinsights_sitenote_active":false,"_monsterinsights_sitenote_note":"","_monsterinsights_sitenote_category":0,"_uf_show_specific_survey":0,"_uf_disable_surveys":false},"product_brand":[],"product_cat":[506],"product_tag":[],"models":[],"years":[],"class_list":{"0":"post-58190","1":"product","2":"type-product","3":"status-publish","4":"has-post-thumbnail","6":"product_cat-pc-systeme","8":"first","9":"instock","10":"sale","11":"shipping-taxable","12":"purchasable","13":"product-type-simple"},"aioseo_notices":[],"acf":[],"_links":{"self":[{"href":"https:\/\/amannforg.com\/de\/wp-json\/wp\/v2\/product\/58190","targetHints":{"allow":["GET"]}}],"collection":[{"href":"https:\/\/amannforg.com\/de\/wp-json\/wp\/v2\/product"}],"about":[{"href":"https:\/\/amannforg.com\/de\/wp-json\/wp\/v2\/types\/product"}],"replies":[{"embeddable":true,"href":"https:\/\/amannforg.com\/de\/wp-json\/wp\/v2\/comments?post=58190"}],"version-history":[{"count":1,"href":"https:\/\/amannforg.com\/de\/wp-json\/wp\/v2\/product\/58190\/revisions"}],"predecessor-version":[{"id":58191,"href":"https:\/\/amannforg.com\/de\/wp-json\/wp\/v2\/product\/58190\/revisions\/58191"}],"wp:featuredmedia":[{"embeddable":true,"href":"https:\/\/amannforg.com\/de\/wp-json\/wp\/v2\/media\/48038"}],"wp:attachment":[{"href":"https:\/\/amannforg.com\/de\/wp-json\/wp\/v2\/media?parent=58190"}],"wp:term":[{"taxonomy":"product_brand","embeddable":true,"href":"https:\/\/amannforg.com\/de\/wp-json\/wp\/v2\/product_brand?post=58190"},{"taxonomy":"product_cat","embeddable":true,"href":"https:\/\/amannforg.com\/de\/wp-json\/wp\/v2\/product_cat?post=58190"},{"taxonomy":"product_tag","embeddable":true,"href":"https:\/\/amannforg.com\/de\/wp-json\/wp\/v2\/product_tag?post=58190"},{"taxonomy":"models","embeddable":true,"href":"https:\/\/amannforg.com\/de\/wp-json\/wp\/v2\/models?post=58190"},{"taxonomy":"years","embeddable":true,"href":"https:\/\/amannforg.com\/de\/wp-json\/wp\/v2\/years?post=58190"}],"curies":[{"name":"wp","href":"https:\/\/api.w.org\/{rel}","templated":true}]}}