{"id":58214,"date":"2026-03-04T08:02:43","date_gmt":"2026-03-04T08:02:43","guid":{"rendered":"https:\/\/amannforg.com\/?post_type=product&#038;p=58214"},"modified":"2026-03-07T16:30:20","modified_gmt":"2026-03-07T16:30:20","slug":"64gb-2x32gb-corsair-vengeance-ddr5-5200-ram-cl40-ram-speicher-kit","status":"publish","type":"product","link":"https:\/\/amannforg.com\/de\/produkt\/64gb-2x32gb-corsair-vengeance-ddr5-5200-ram-cl40-ram-speicher-kit\/","title":{"rendered":"64GB (2x32GB) Corsair Vengeance DDR5-5200 RAM CL40 RAM Speicher Kit"},"content":{"rendered":"<div class=\"article\">\n<p class=\"mb-l\">Der f\u00fcr Intel Mainboards optimierte CORSAIR VENGEANCE DDR5 bietet die h\u00f6heren Frequenzen und gr\u00f6\u00dferen Kapazit\u00e4ten der DDR5-Technologie in einem hochwertigen, kompakten Modul, das zu Ihrem System passt. Streng selektierte Speicherchips mit Leistungen im hohen Frequenzbereich erm\u00f6glichen bei Ihrem PC ein schnelleres Verarbeiten, Rendern und Puffern als je zuvor, mit Onboard-Spannungsregulierung f\u00fcr einfache, pr\u00e4zise kontrollierte \u00dcbertaktung. Die CORSAIR iCUE Software sorgt f\u00fcr Echtzeit-Frequenz\u00fcberwachung, Onboard-Spannungsregulierung und Intel XMP 3.0-Profilanpassung. Ein auff\u00e4lliger Heatspreader aus massivem Aluminium h\u00e4lt Ihren Arbeitsspeicher k\u00fchl und stellt gleichzeitig eine breite Kompatibilit\u00e4t mit einer Vielzahl von Mainboards und CPU-K\u00fchlern sicher. Mit einer begrenzten Garantie \u00fcber die Produktlebensdauer, die Ihnen jahrelange Zuverl\u00e4ssigkeit zusichert, setzt der VENGEANCE DDR5 ein langj\u00e4hriges Erbe im Bereich leistungsstarker Arbeitsspeicher fort.<\/p>\n<p class=\"mb-l\">Erleben Sie beispiellose Performance: Mit dem DDR5-Arbeitsspeicher heben Sie Ihr System auf eine neue Stufe und profitieren von noch schnelleren Frequenzen, gr\u00f6\u00dferen Kapazit\u00e4ten und besserer Performance als bei vorherigen Generationen.<\/p>\n<p class=\"mb-l\">Noch mehr, noch schneller: Moderne CPUs verf\u00fcgen \u00fcber immer mehr Kerne, und dank des unglaublich schnellen DDR5 gelangen die Daten schnell zu Ihrer High-End-CPU \u2013 wodurch ein beispiellos schnelles Verarbeiten, Rendern und Puffern erm\u00f6glicht wird.<\/p>\n<p class=\"mb-l\">Onboard-Spannungsregelung: Mit der CORSAIR iCUE Software wird eine einfachere, feiner abgestimmte und stabilere \u00dcbertaktung erm\u00f6glicht als mit Mainboard-Steuerungen fr\u00fcherer Generationen.<\/p>\n<p class=\"mb-l\">Anpassbare Intel XMP 3.0-Profile: Gestalten Sie Ihre eigenen XMP-Profile \u00fcber iCUE und speichern Sie sie, um die Performance je nach Anwendung oder Aufgabe anzupassen und f\u00fcr maximale Effizienz zu sorgen.<\/p>\n<p class=\"mb-l\">Funktionsreiche CORSAIR iCUE Software: Bietet Frequenzmessungen in Echtzeit, Onboard-<\/p>\n<p class=\"mb-l\">Spannungsregelung und benutzerdefinierte XMP-Profile.<\/p>\n<p class=\"mb-l\">Kompakter Formfaktor: Durch die niedrige Bauh\u00f6he ist breite Kompatibilit\u00e4t mit nahezu jedem DDR5-Build gegeben.<\/p>\n<p class=\"mb-l\">Handverlesene, streng selektierte Speicherchips: Stellen gleichbleibende Hochfrequenz-Spitzenleistungen mit Optionen f\u00fcr aggressives Timing sicher.<\/p>\n<p class=\"mb-l\">Heatspreader aus massivem Aluminium: Der Heatspreader im eleganten VENGEANCE-Look harmoniert mit dem Design moderner Systeme und leitet effektiv Abw\u00e4rme von Ihrem Arbeitsspeicher ab.<\/p>\n<p class=\"mb-l\">Hochleistungs-PCB: Garantiert Signalqualit\u00e4t und -stabilit\u00e4t f\u00fcr ein erstklassiges <\/p>\n<p class=\"mb-l\">\u00dcbertaktungspotenzial.<\/p>\n<p class=\"mb-l\">Optimiert f\u00fcr die neuesten Intel-DDR5-Mainboards: F\u00fcr umfassende Kompatibilit\u00e4t mit den neuesten Mainboards.<\/p>\n<p class=\"mb-l\">Begrenzte Garantie \u00fcber die Produktlebensdauer: Verschafft Ihnen absolute Sorgenfreiheit.<\/p>\n<\/p><\/div>\n<li class=\"mb-m\">\n<div class=\"flex flex-col m:flex-row gap-s m:gap-xl\">\n<div class=\"text-h3 min-w-[244px] max-w-[244px]\">Gesamtkapazit\u00e4t<\/div>\n<div class=\"flex flex-col gap-s\"><span class=\"ml-3xs pl-[15px] relative before:absolute before:w-[8px] before:h-[8px] before:bg-dark before:top-[8px] before:left-0 before:rounded-full\">32 GB<\/span><\/div>\n<\/div>\n<\/li>\n<li class=\"mb-m\">\n<div class=\"flex flex-col m:flex-row gap-s m:gap-xl\">\n<div class=\"text-h3 min-w-[244px] max-w-[244px]\">Module<\/div>\n<div class=\"flex flex-col gap-s\"><span class=\"ml-3xs pl-[15px] relative before:absolute before:w-[8px] before:h-[8px] before:bg-dark before:top-[8px] before:left-0 before:rounded-full\">2 St\u00fcck<\/span><\/div>\n<\/div>\n<\/li>\n<li class=\"mb-m\">\n<div class=\"flex flex-col m:flex-row gap-s m:gap-xl\">\n<div class=\"text-h3 min-w-[244px] max-w-[244px]\">Speichertechnologie<\/div>\n<div class=\"flex flex-col gap-s\"><span class=\"ml-3xs pl-[15px] relative before:absolute before:w-[8px] before:h-[8px] before:bg-dark before:top-[8px] before:left-0 before:rounded-full\">DDR5-RAM<\/span><\/div>\n<\/div>\n<\/li>\n<li class=\"mb-m\">\n<div class=\"flex flex-col m:flex-row gap-s m:gap-xl\">\n<div class=\"text-h3 min-w-[244px] max-w-[244px]\">Geschwindigkeit<\/div>\n<div class=\"flex flex-col gap-s\"><span class=\"ml-3xs pl-[15px] relative before:absolute before:w-[8px] before:h-[8px] before:bg-dark before:top-[8px] before:left-0 before:rounded-full\">5200 MHz<\/span><\/div>\n<\/div>\n<\/li>\n<li class=\"mb-m\">\n<div class=\"flex flex-col m:flex-row gap-s m:gap-xl\">\n<div class=\"text-h3 min-w-[244px] max-w-[244px]\">Timings<\/div>\n<div class=\"flex flex-col gap-s\"><span class=\"ml-3xs pl-[15px] relative before:absolute before:w-[8px] before:h-[8px] before:bg-dark before:top-[8px] before:left-0 before:rounded-full\">CAS Latency (CL) CL40-40-40-77<\/span><\/div>\n<\/div>\n<\/li>\n<li class=\"mb-m\">\n<div class=\"flex flex-col m:flex-row gap-s m:gap-xl\">\n<div class=\"text-h3 min-w-[244px] max-w-[244px]\">ECC-Unterst\u00fctzung<\/div>\n<div class=\"flex flex-col gap-s\"><span class=\"ml-3xs pl-[15px] relative before:absolute before:w-[8px] before:h-[8px] before:bg-dark before:top-[8px] before:left-0 before:rounded-full\">nein<\/span><\/div>\n<\/div>\n<\/li>\n<li class=\"mb-m\">\n<div class=\"flex flex-col m:flex-row gap-s m:gap-xl\">\n<div class=\"text-h3 min-w-[244px] max-w-[244px]\">Registered<\/div>\n<div class=\"flex flex-col gap-s\"><span class=\"ml-3xs pl-[15px] relative before:absolute before:w-[8px] before:h-[8px] before:bg-dark before:top-[8px] before:left-0 before:rounded-full\">nein<\/span><\/div>\n<\/div>\n<\/li>\n<li class=\"mb-m\">\n<div class=\"flex flex-col m:flex-row gap-s m:gap-xl\">\n<div class=\"text-h3 min-w-[244px] max-w-[244px]\">Anschluss<\/div>\n<div class=\"flex flex-col gap-s\"><span class=\"ml-3xs pl-[15px] relative before:absolute before:w-[8px] before:h-[8px] before:bg-dark before:top-[8px] before:left-0 before:rounded-full\">288-pin<\/span><\/div>\n<\/div>\n<\/li>\n<li class=\"mb-m\">\n<div class=\"flex flex-col m:flex-row gap-s m:gap-xl\">\n<div class=\"text-h3 min-w-[244px] max-w-[244px]\">Spannung<\/div>\n<div class=\"flex flex-col gap-s\"><span class=\"ml-3xs pl-[15px] relative before:absolute before:w-[8px] before:h-[8px] before:bg-dark before:top-[8px] before:left-0 before:rounded-full\">1,25 Volt<\/span><\/div>\n<\/div>\n<\/li>\n<li class=\"mb-m\">\n<div class=\"flex flex-col m:flex-row gap-s m:gap-xl\">\n<div class=\"text-h3 min-w-[244px] max-w-[244px]\">Besonderheiten<\/div>\n<div class=\"flex flex-col gap-s\"><span class=\"ml-3xs pl-[15px] relative before:absolute before:w-[8px] before:h-[8px] before:bg-dark before:top-[8px] before:left-0 before:rounded-full\">Overclocking Module<\/span><\/div>\n<\/div>\n<\/li>\n","protected":false},"excerpt":{"rendered":"<li class=\"bullet-list-item\">64 GB (RAM-Module: 2 St\u00fcck)<\/li>\n<li class=\"bullet-list-item\">DDR5-RAM 5200 MHz  <\/li>\n<li class=\"bullet-list-item\">CAS Latency (CL) 40<\/li>\n<li class=\"bullet-list-item\">Anschluss:288-pin, Spannung:1,1 Volt<\/li>\n<li class=\"bullet-list-item\">Besonderheiten: Overclocking Module<\/li>\n<p> Herstellernummer CMK64GX5M2B5200C40<\/p>","protected":false},"featured_media":48123,"comment_status":"open","ping_status":"closed","template":"","meta":{"_monsterinsights_skip_tracking":false,"_monsterinsights_sitenote_active":false,"_monsterinsights_sitenote_note":"","_monsterinsights_sitenote_category":0,"_uf_show_specific_survey":0,"_uf_disable_surveys":false},"product_brand":[],"product_cat":[506],"product_tag":[],"models":[],"years":[],"class_list":{"0":"post-58214","1":"product","2":"type-product","3":"status-publish","4":"has-post-thumbnail","6":"product_cat-pc-systeme","8":"first","9":"instock","10":"sale","11":"shipping-taxable","12":"purchasable","13":"product-type-simple"},"aioseo_notices":[],"acf":[],"_links":{"self":[{"href":"https:\/\/amannforg.com\/de\/wp-json\/wp\/v2\/product\/58214","targetHints":{"allow":["GET"]}}],"collection":[{"href":"https:\/\/amannforg.com\/de\/wp-json\/wp\/v2\/product"}],"about":[{"href":"https:\/\/amannforg.com\/de\/wp-json\/wp\/v2\/types\/product"}],"replies":[{"embeddable":true,"href":"https:\/\/amannforg.com\/de\/wp-json\/wp\/v2\/comments?post=58214"}],"version-history":[{"count":1,"href":"https:\/\/amannforg.com\/de\/wp-json\/wp\/v2\/product\/58214\/revisions"}],"predecessor-version":[{"id":58215,"href":"https:\/\/amannforg.com\/de\/wp-json\/wp\/v2\/product\/58214\/revisions\/58215"}],"wp:featuredmedia":[{"embeddable":true,"href":"https:\/\/amannforg.com\/de\/wp-json\/wp\/v2\/media\/48123"}],"wp:attachment":[{"href":"https:\/\/amannforg.com\/de\/wp-json\/wp\/v2\/media?parent=58214"}],"wp:term":[{"taxonomy":"product_brand","embeddable":true,"href":"https:\/\/amannforg.com\/de\/wp-json\/wp\/v2\/product_brand?post=58214"},{"taxonomy":"product_cat","embeddable":true,"href":"https:\/\/amannforg.com\/de\/wp-json\/wp\/v2\/product_cat?post=58214"},{"taxonomy":"product_tag","embeddable":true,"href":"https:\/\/amannforg.com\/de\/wp-json\/wp\/v2\/product_tag?post=58214"},{"taxonomy":"models","embeddable":true,"href":"https:\/\/amannforg.com\/de\/wp-json\/wp\/v2\/models?post=58214"},{"taxonomy":"years","embeddable":true,"href":"https:\/\/amannforg.com\/de\/wp-json\/wp\/v2\/years?post=58214"}],"curies":[{"name":"wp","href":"https:\/\/api.w.org\/{rel}","templated":true}]}}