{"id":58216,"date":"2026-03-04T09:36:54","date_gmt":"2026-03-04T09:36:54","guid":{"rendered":"https:\/\/amannforg.com\/?post_type=product&#038;p=58216"},"modified":"2026-03-07T16:30:21","modified_gmt":"2026-03-07T16:30:21","slug":"patriot-viper-steel-ddr4-64gb-2x32gb-3200mhz-cl16-xmp","status":"publish","type":"product","link":"https:\/\/amannforg.com\/de\/produkt\/patriot-viper-steel-ddr4-64gb-2x32gb-3200mhz-cl16-xmp\/","title":{"rendered":"Patriot VIPER STEEL DDR4 64GB (2X32GB) 3200MHz, CL16, XMP"},"content":{"rendered":"<div class=\"titlepage\">\n<h2 class=\"text-h3 mb-l\">Patriot VIPER STEEL<\/h2>\n<\/div>\n<p>Die Viper Steel-Speichermodule von Patriot sind auf h\u00f6chste Leistung ausgelegt. Unser Viper Steel DDR4-Speicher wurde f\u00fcr die neuesten Intel\u00ae- und AMD\u2122-Plattformen entwickelt und bietet optimale Leistung und Stabilit\u00e4t f\u00fcr anspruchsvollste Computerumgebungen. Der Viper Steel-Speicher nutzt einen speziell entwickelten Hochleistungs-Aluminium-Hitzeschild f\u00fcr eine elegante Stahloptik in jedem Motherboard.Der Viper Steel-Speicher gew\u00e4hrleistet selbst bei anspruchsvollsten Anwendungen eine absolut zuverl\u00e4ssige Leistung. Die Viper Steel DDR4-Speichermodule von Patriot werden aus hochwertigsten Materialien gefertigt und von Hand auf Systemkompatibilit\u00e4t gepr\u00fcft. Der Viper Steel DDR4 UDIMM-Speicher von Patriot ist mit Geschwindigkeiten von 3.000 MT\/s bis 4.400 MT\/s und XMP 2.0-Unterst\u00fctzung erh\u00e4ltlich. SODIMM-Geschwindigkeiten werden von 2.400 MT\/s bis 3.200 MT\/s angeboten. Jedes Modul wird zur Qualit\u00e4tssicherung strengen Handtests unterzogen.Features<\/p>\n<div class=\"itemizedlist\">\n<ul class=\"bullet-list\">\n<li class=\"bullet-list-item\">Ausf\u00fchrung: Gunmetalgraue Seitenteile mit diamantgeschliffenem Viper-Logo \/ Schwarze Oberseite<\/li>\n<li class=\"bullet-list-item\">Aluminium-K\u00fchlk\u00f6rper mit einzigartigem Designelement<\/li>\n<li class=\"bullet-list-item\">Kompatibilit\u00e4t: Getestet auf den neuesten Intel Premium-\/High-End-Plattformen und i7-Prozessoren<\/li>\n<\/ul>\n<\/div>\n<li class=\"mb-m\">\n<div class=\"flex flex-col m:flex-row gap-s m:gap-xl\">\n<div class=\"text-h3 min-w-[244px] max-w-[244px]\">Speicher<\/div>\n<div class=\"flex flex-col gap-s\"><span class=\"\"><\/p>\n<ul class=\"flex flex-col gap-s\">\n<li class=\"ml-3xs pl-[15px] relative before:absolute before:w-[8px] before:h-[8px] before:bg-dark before:top-[8px] before:left-0 before:rounded-full\">Speicherbauart: 288-pin<\/li>\n<li class=\"ml-3xs pl-[15px] relative before:absolute before:w-[8px] before:h-[8px] before:bg-dark before:top-[8px] before:left-0 before:rounded-full\">Speicherkan\u00e4le: Dual Channel<\/li>\n<\/ul>\n<p><\/span><\/div>\n<\/div>\n<\/li>\n<li class=\"mb-m\">\n<div class=\"flex flex-col m:flex-row gap-s m:gap-xl\">\n<div class=\"text-h3 min-w-[244px] max-w-[244px]\">Arbeitsspeicher (RAM)<\/div>\n<div class=\"flex flex-col gap-s\"><span class=\"\"><\/p>\n<ul class=\"flex flex-col gap-s\">\n<li class=\"ml-3xs pl-[15px] relative before:absolute before:w-[8px] before:h-[8px] before:bg-dark before:top-[8px] before:left-0 before:rounded-full\">Arbeitsspeicher in GB: 64 GB<\/li>\n<li class=\"ml-3xs pl-[15px] relative before:absolute before:w-[8px] before:h-[8px] before:bg-dark before:top-[8px] before:left-0 before:rounded-full\">Anzahl Module: 2 St<\/li>\n<li class=\"ml-3xs pl-[15px] relative before:absolute before:w-[8px] before:h-[8px] before:bg-dark before:top-[8px] before:left-0 before:rounded-full\">Kapazit\u00e4t je Modul: 32 GB<\/li>\n<li class=\"ml-3xs pl-[15px] relative before:absolute before:w-[8px] before:h-[8px] before:bg-dark before:top-[8px] before:left-0 before:rounded-full\">Arbeitsspeicher-Typ: DDR4<\/li>\n<li class=\"ml-3xs pl-[15px] relative before:absolute before:w-[8px] before:h-[8px] before:bg-dark before:top-[8px] before:left-0 before:rounded-full\">PIN Anzahl: 288 PIN<\/li>\n<li class=\"ml-3xs pl-[15px] relative before:absolute before:w-[8px] before:h-[8px] before:bg-dark before:top-[8px] before:left-0 before:rounded-full\">Arbeitspeicher-Taktung: 3200 MHz<\/li>\n<li class=\"ml-3xs pl-[15px] relative before:absolute before:w-[8px] before:h-[8px] before:bg-dark before:top-[8px] before:left-0 before:rounded-full\">Speicherspannung: 1.35 V<\/li>\n<li class=\"ml-3xs pl-[15px] relative before:absolute before:w-[8px] before:h-[8px] before:bg-dark before:top-[8px] before:left-0 before:rounded-full\">CAS Latenz: CAS Latency (CL) 16<\/li>\n<\/ul>\n<p><\/span><\/div>\n<\/div>\n<\/li>\n","protected":false},"excerpt":{"rendered":"<li class=\"bullet-list-item\">DDR4, 3200 MHz<\/li>\n<li class=\"bullet-list-item\">64 GB,  Module: 2<\/li>\n<li class=\"bullet-list-item\">CAS Latency (CL) 16<\/li>\n<li class=\"bullet-list-item\">Anschluss: 288-pin<\/li>\n<li class=\"bullet-list-item\">Intel XMP 2.0 Support<\/li>\n<p> Herstellernummer PVS464G320C6K<\/p>","protected":false},"featured_media":48130,"comment_status":"open","ping_status":"closed","template":"","meta":{"_monsterinsights_skip_tracking":false,"_monsterinsights_sitenote_active":false,"_monsterinsights_sitenote_note":"","_monsterinsights_sitenote_category":0,"_uf_show_specific_survey":0,"_uf_disable_surveys":false},"product_brand":[],"product_cat":[506],"product_tag":[],"models":[],"years":[],"class_list":{"0":"post-58216","1":"product","2":"type-product","3":"status-publish","4":"has-post-thumbnail","6":"product_cat-pc-systeme","8":"first","9":"instock","10":"sale","11":"shipping-taxable","12":"purchasable","13":"product-type-simple"},"aioseo_notices":[],"acf":[],"_links":{"self":[{"href":"https:\/\/amannforg.com\/de\/wp-json\/wp\/v2\/product\/58216","targetHints":{"allow":["GET"]}}],"collection":[{"href":"https:\/\/amannforg.com\/de\/wp-json\/wp\/v2\/product"}],"about":[{"href":"https:\/\/amannforg.com\/de\/wp-json\/wp\/v2\/types\/product"}],"replies":[{"embeddable":true,"href":"https:\/\/amannforg.com\/de\/wp-json\/wp\/v2\/comments?post=58216"}],"version-history":[{"count":1,"href":"https:\/\/amannforg.com\/de\/wp-json\/wp\/v2\/product\/58216\/revisions"}],"predecessor-version":[{"id":58217,"href":"https:\/\/amannforg.com\/de\/wp-json\/wp\/v2\/product\/58216\/revisions\/58217"}],"wp:featuredmedia":[{"embeddable":true,"href":"https:\/\/amannforg.com\/de\/wp-json\/wp\/v2\/media\/48130"}],"wp:attachment":[{"href":"https:\/\/amannforg.com\/de\/wp-json\/wp\/v2\/media?parent=58216"}],"wp:term":[{"taxonomy":"product_brand","embeddable":true,"href":"https:\/\/amannforg.com\/de\/wp-json\/wp\/v2\/product_brand?post=58216"},{"taxonomy":"product_cat","embeddable":true,"href":"https:\/\/amannforg.com\/de\/wp-json\/wp\/v2\/product_cat?post=58216"},{"taxonomy":"product_tag","embeddable":true,"href":"https:\/\/amannforg.com\/de\/wp-json\/wp\/v2\/product_tag?post=58216"},{"taxonomy":"models","embeddable":true,"href":"https:\/\/amannforg.com\/de\/wp-json\/wp\/v2\/models?post=58216"},{"taxonomy":"years","embeddable":true,"href":"https:\/\/amannforg.com\/de\/wp-json\/wp\/v2\/years?post=58216"}],"curies":[{"name":"wp","href":"https:\/\/api.w.org\/{rel}","templated":true}]}}