{"id":58254,"date":"2026-03-04T23:37:35","date_gmt":"2026-03-04T23:37:35","guid":{"rendered":"https:\/\/amannforg.com\/?post_type=product&#038;p=58254"},"modified":"2026-03-07T16:30:26","modified_gmt":"2026-03-07T16:30:26","slug":"zyxel-xgs1935-52-gigabit-smart-switch-48x-rj-45-4x-sfp","status":"publish","type":"product","link":"https:\/\/amannforg.com\/de\/produkt\/zyxel-xgs1935-52-gigabit-smart-switch-48x-rj-45-4x-sfp\/","title":{"rendered":"ZyXEL XGS1935-52 Gigabit Smart Switch, 48x RJ-45, 4x SFP+"},"content":{"rendered":"<div class=\"titlepage\">\n<h2 class=\"text-h3 mb-l\">Zyxel XGS1935 52-Port Intelligent Managed Switch<\/h2>\n<\/div>\n<p>10GbE-Uplink-Switch zu einem vern\u00fcnftigen PreisMit Gigabit-Konnektivit\u00e4t und vier 10GbE-Uplinks ist die XGS1935-Serie eine ideale Option f\u00fcr alle, die grundlegende Funktionen, eine einfachere Verwaltung und einen g\u00fcnstigeren Preis ben\u00f6tigen, um ihr Netzwerk aufzur\u00fcsten und die Netzwerkeffizienz f\u00fcr eine kontinuierliche Unternehmensproduktivit\u00e4t sicherzustellen.Verwalten Sie es auf Ihre WeiseDank der Unterst\u00fctzung von NebulaFlex k\u00f6nnen Sie ganz einfach zwischen dem Standalone-Modus und unserer lizenzfreien Cloud-Management-Plattform Nebula wechseln. Nebula bietet sowohl eine intuitive Weboberfl\u00e4che als auch eine mobile App, um die Installation und Verwaltung Ihres Netzwerks zu vereinfachen, ohne dass zus\u00e4tzliche Kosten f\u00fcr einen Software- oder Hardware-Controller anfallen.Web-verwaltet mit erweiterten FunktionenSie k\u00f6nnen erweiterte Funktionen wie statisches Routing, VLAN, QoS, IGMP Snooping, Link Aggregation, IPv6 und DoS-Pr\u00e4vention \u00fcber einen intuitiven integrierten webbasierten Browser konfigurieren und verwalten. Dar\u00fcber hinaus vermeidet der intuitive Schritt-f\u00fcr-Schritt-Assistent mehrere komplizierte Konfigurationsseiten und erm\u00f6glicht eine schnelle Einrichtung mit wenigen Klicks innerhalb weniger Minuten.Intelligente Stromversorgung f\u00fcr mehr Ger\u00e4teDie PoE-Modelle XGS1935-28HP und XGS1935-52HP verf\u00fcgen \u00fcber kompakte Abmessungen und unterst\u00fctzen PoE+ mit 30 W pro Port, was sie ideal f\u00fcr dichte PoE-Bereitstellungen macht. Mit einem hohen Leistungsbudget von 375 W k\u00f6nnen sie die Anforderungen von Ger\u00e4ten mit hohem Stromverbrauch erf\u00fcllen. Dar\u00fcber hinaus verbessert der Stromverbrauchsmodus die Budgeteffizienz f\u00fcr einen besseren ROI, so dass mehr PD-Ger\u00e4te innerhalb des Systems angeschlossen werden k\u00f6nnen.Leiser und zuverl\u00e4ssiger BetriebDiese Serie ist mit einem intelligenten L\u00fcfter ausgestattet, der die Geschwindigkeit automatisch an die Ger\u00e4tetemperatur anpasst und einen nahezu ger\u00e4uschlosen Betrieb und eine stabile Verbindung f\u00fcr Ihre t\u00e4gliche Arbeit bietet.Mit der Natur im Hinterkopf gebautDie XGS1935-Serie ist mit einem kompakteren Geh\u00e4use ausgestattet, das im Vergleich zur vorherigen XGS1930-Serie bis zu 36 % weniger Platz und bis zu 22 % weniger Gewicht ben\u00f6tigt. Das Ergebnis dieser Bem\u00fchungen ist eine 48%ige Steigerung der Einheiten pro Palette und eine geringere CO2-Bilanz.  <\/p>\n<li class=\"mb-m\">\n<div class=\"flex flex-col m:flex-row gap-s m:gap-xl\">\n<div class=\"text-h3 min-w-[244px] max-w-[244px]\">Netzwerk<\/div>\n<div class=\"flex flex-col gap-s\"><span class=\"\"><\/p>\n<ul class=\"flex flex-col gap-s\">\n<li class=\"ml-3xs pl-[15px] relative before:absolute before:w-[8px] before:h-[8px] before:bg-dark before:top-[8px] before:left-0 before:rounded-full\">Gesamtzahl RJ45-Ports: 48<\/li>\n<li class=\"ml-3xs pl-[15px] relative before:absolute before:w-[8px] before:h-[8px] before:bg-dark before:top-[8px] before:left-0 before:rounded-full\">Anzahl GB-LAN Ports (1000 Mbit\/s): 48 St<\/li>\n<li class=\"ml-3xs pl-[15px] relative before:absolute before:w-[8px] before:h-[8px] before:bg-dark before:top-[8px] before:left-0 before:rounded-full\">Anzahl SFP+ Ports (10 Gbit\/s): 4 St<\/li>\n<li class=\"ml-3xs pl-[15px] relative before:absolute before:w-[8px] before:h-[8px] before:bg-dark before:top-[8px] before:left-0 before:rounded-full\">Gesamtzahl PoE Ports: 0<\/li>\n<li class=\"ml-3xs pl-[15px] relative before:absolute before:w-[8px] before:h-[8px] before:bg-dark before:top-[8px] before:left-0 before:rounded-full\">Verwaltung: Managed<\/li>\n<li class=\"ml-3xs pl-[15px] relative before:absolute before:w-[8px] before:h-[8px] before:bg-dark before:top-[8px] before:left-0 before:rounded-full\">Switch-Bauform: Rack<\/li>\n<li class=\"ml-3xs pl-[15px] relative before:absolute before:w-[8px] before:h-[8px] before:bg-dark before:top-[8px] before:left-0 before:rounded-full\">K\u00fchlung: aktiv<\/li>\n<\/ul>\n<p><\/span><\/div>\n<\/div>\n<\/li>\n<li class=\"mb-m\">\n<div class=\"flex flex-col m:flex-row gap-s m:gap-xl\">\n<div class=\"text-h3 min-w-[244px] max-w-[244px]\">Farbe<\/div>\n<div class=\"flex flex-col gap-s\"><span class=\"\"><\/p>\n<ul class=\"flex flex-col gap-s\">\n<li class=\"ml-3xs pl-[15px] relative before:absolute before:w-[8px] before:h-[8px] before:bg-dark before:top-[8px] before:left-0 before:rounded-full\">Schwarz<\/li>\n<\/ul>\n<p><\/span><\/div>\n<\/div>\n<\/li>\n<li class=\"mb-m\">\n<div class=\"flex flex-col m:flex-row gap-s m:gap-xl\">\n<div class=\"text-h3 min-w-[244px] max-w-[244px]\">Abmessungen \/ Gewicht<\/div>\n<div class=\"flex flex-col gap-s\"><span class=\"\"><\/p>\n<ul class=\"flex flex-col gap-s\">\n<li class=\"ml-3xs pl-[15px] relative before:absolute before:w-[8px] before:h-[8px] before:bg-dark before:top-[8px] before:left-0 before:rounded-full\">Breite: 440 mm<\/li>\n<li class=\"ml-3xs pl-[15px] relative before:absolute before:w-[8px] before:h-[8px] before:bg-dark before:top-[8px] before:left-0 before:rounded-full\">H\u00f6he: 43 mm<\/li>\n<li class=\"ml-3xs pl-[15px] relative before:absolute before:w-[8px] before:h-[8px] before:bg-dark before:top-[8px] before:left-0 before:rounded-full\">Tiefe: 270 mm<\/li>\n<li class=\"ml-3xs pl-[15px] relative before:absolute before:w-[8px] before:h-[8px] before:bg-dark before:top-[8px] before:left-0 before:rounded-full\">Gewicht: 3.70 kg<\/li>\n<\/ul>\n<p><\/span><\/div>\n<\/div>\n<\/li>\n","protected":false},"excerpt":{"rendered":"<li class=\"bullet-list-item\">Managed Switch<\/li>\n<li class=\"bullet-list-item\">48 RJ45-Ports (48x GB-LAN)<\/li>\n<li class=\"bullet-list-item\">Zus\u00e4tzliche Ports: 4x SFP+<\/li>\n<li class=\"bullet-list-item\">K\u00fchlung: aktiv<\/li>\n<p> Herstellernummer Zyxel XGS1935-52<\/p>","protected":false},"featured_media":50116,"comment_status":"open","ping_status":"closed","template":"","meta":{"_monsterinsights_skip_tracking":false,"_monsterinsights_sitenote_active":false,"_monsterinsights_sitenote_note":"","_monsterinsights_sitenote_category":0,"_uf_show_specific_survey":0,"_uf_disable_surveys":false},"product_brand":[],"product_cat":[508],"product_tag":[],"models":[],"years":[],"class_list":{"0":"post-58254","1":"product","2":"type-product","3":"status-publish","4":"has-post-thumbnail","6":"product_cat-netzwerk","8":"first","9":"instock","10":"sale","11":"shipping-taxable","12":"purchasable","13":"product-type-simple"},"aioseo_notices":[],"acf":[],"_links":{"self":[{"href":"https:\/\/amannforg.com\/de\/wp-json\/wp\/v2\/product\/58254","targetHints":{"allow":["GET"]}}],"collection":[{"href":"https:\/\/amannforg.com\/de\/wp-json\/wp\/v2\/product"}],"about":[{"href":"https:\/\/amannforg.com\/de\/wp-json\/wp\/v2\/types\/product"}],"replies":[{"embeddable":true,"href":"https:\/\/amannforg.com\/de\/wp-json\/wp\/v2\/comments?post=58254"}],"version-history":[{"count":1,"href":"https:\/\/amannforg.com\/de\/wp-json\/wp\/v2\/product\/58254\/revisions"}],"predecessor-version":[{"id":58255,"href":"https:\/\/amannforg.com\/de\/wp-json\/wp\/v2\/product\/58254\/revisions\/58255"}],"wp:featuredmedia":[{"embeddable":true,"href":"https:\/\/amannforg.com\/de\/wp-json\/wp\/v2\/media\/50116"}],"wp:attachment":[{"href":"https:\/\/amannforg.com\/de\/wp-json\/wp\/v2\/media?parent=58254"}],"wp:term":[{"taxonomy":"product_brand","embeddable":true,"href":"https:\/\/amannforg.com\/de\/wp-json\/wp\/v2\/product_brand?post=58254"},{"taxonomy":"product_cat","embeddable":true,"href":"https:\/\/amannforg.com\/de\/wp-json\/wp\/v2\/product_cat?post=58254"},{"taxonomy":"product_tag","embeddable":true,"href":"https:\/\/amannforg.com\/de\/wp-json\/wp\/v2\/product_tag?post=58254"},{"taxonomy":"models","embeddable":true,"href":"https:\/\/amannforg.com\/de\/wp-json\/wp\/v2\/models?post=58254"},{"taxonomy":"years","embeddable":true,"href":"https:\/\/amannforg.com\/de\/wp-json\/wp\/v2\/years?post=58254"}],"curies":[{"name":"wp","href":"https:\/\/api.w.org\/{rel}","templated":true}]}}