{"id":58320,"date":"2026-03-05T00:29:08","date_gmt":"2026-03-05T00:29:08","guid":{"rendered":"https:\/\/amannforg.com\/?post_type=product&#038;p=58320"},"modified":"2026-03-07T16:30:33","modified_gmt":"2026-03-07T16:30:33","slug":"ugreen-nasync-dh4300-plus-nas-system-4-bay-eu-24tb-inkl-4x-toshiba-nas-hdd-n300-6tb","status":"publish","type":"product","link":"https:\/\/amannforg.com\/de\/produkt\/ugreen-nasync-dh4300-plus-nas-system-4-bay-eu-24tb-inkl-4x-toshiba-nas-hdd-n300-6tb\/","title":{"rendered":"UGREEN NASync DH4300 Plus NAS System 4-Bay EU 24TB inkl. 4x Toshiba NAS HDD N300 \u2013 6TB"},"content":{"rendered":"<p class=\"mb-l\">\n<div class=\"titlepage\">\n<h2 class=\"text-h3 mb-l\">Bundle UGREEN NASync DH4300 Plus NAS System 4-Bay EU 24TB inkl. 4x Toshiba NAS HDD N300 \u2013 6TB<\/h2>\n<\/div>\n<p class=\"mb-l\">Der DH4300 Plus bietet einfachen, zuverl\u00e4ssigen Speicher mit hoher Kapazit\u00e4t f\u00fcr Familien und den privaten Gebrauch. Mit seiner leistungsstarken Hardware, einer benutzerfreundlichen Oberfl\u00e4che und einem mitgelieferten 1 Meter langen HDMI-Kabel ist er eine kluge Wahl f\u00fcr NAS-Einsteiger, die eine leistungsstarke und dennoch leicht zug\u00e4ngliche Speicherl\u00f6sung f\u00fcr zu Hause suchen.<\/p>\n<p>Wir bieten das NaSync DH4300 Plus auch im Bundle mit Seagate und WD-Festplatten an.<\/p>\n<div class=\"titlepage\">\n<h2 class=\"text-h3 mb-l\">Features:<\/h2>\n<\/div>\n<div class=\"itemizedlist\">\n<ul class=\"bullet-list\">\n<li class=\"bullet-list-item\">Au\u00dfergew\u00f6hnlicher Wert: Speichern Sie bis zu 120 TB mit starker Leistung zu einem erschwinglichen Preis.<\/li>\n<li class=\"bullet-list-item\">KI-gest\u00fctzte Vielseitigkeit: Ihr All-in-One-Familienalbum, Medienzentrum und Smart-Home-Workstation.<\/li>\n<li class=\"bullet-list-item\">Erweiterter Datenschutz: Sch\u00fctzen Sie Ihre Dateien mit professionellen Sicherheitsfunktionen.<\/li>\n<li class=\"bullet-list-item\">Anf\u00e4ngerfreundliche Einrichtung: Schnelle Installation, benutzerfreundliches UGOS-Betriebssystem und NFC f\u00fcr einfachen Zugriff.<\/li>\n<li class=\"bullet-list-item\">High-Definition-Streaming: Inklusive 1 m langem HDMI-Kabel f\u00fcr nahtlose Multimedia-Wiedergabe.<\/li>\n<li class=\"bullet-list-item\">Zuverl\u00e4ssiger Support: Sorgenfreier Besitz dank umfassendem Kundendienst.<\/li>\n<li class=\"bullet-list-item\">Flexible Konnektivit\u00e4t: 4K-HDMI-Ausgang, 2,5-GbE-Netzwerkanschl\u00fcsse und mehrere Erweiterungsoptionen.<\/li>\n<li class=\"bullet-list-item\">Reibungslose Leistung: Achtkernprozessor, 8 GB RAM und leise K\u00fchlung f\u00fcr reibungslose Arbeitsabl\u00e4ufe.<\/li>\n<\/ul>\n<\/div>\n<div class=\"titlepage\">\n<h2 class=\"text-h3 mb-l\">Unglaublich viel Speicherplatz<\/h2>\n<\/div>\n<p class=\"mb-l\">Mit bis zu 120 TB Gesamtkapazit\u00e4t auf vier Slots hast du genug Platz f\u00fcr all deine Daten. Das entspricht bis zu 41 Millionen Fotos, \u00fcber 125 Millionen Dateien oder mehr als 80.000 Full-HD-Filmen \u2013 genug, um dein ganz pers\u00f6nliches Medienarchiv aufzubauen.<\/p>\n<div class=\"titlepage\">\n<h2 class=\"text-h3 mb-l\">Maximale Datensicherheit<\/h2>\n<\/div>\n<p class=\"mb-l\">Deine Privatsph\u00e4re ist gesch\u00fctzt: TLS\/SSL, RSA und AES-Verschl\u00fcsselung sorgen f\u00fcr h\u00f6chste Sicherheit bei der Daten\u00fcbertragung. So bleiben deine Dateien vertraulich und vor unbefugtem Zugriff sicher \u2013 egal, ob zu Hause oder unterwegs.<\/p>\n<div class=\"titlepage\">\n<h2 class=\"text-h3 mb-l\">Einfach und intuitiv<\/h2>\n<\/div>\n<p class=\"mb-l\">Das UGOS Pro Betriebssystem bietet eine \u00fcbersichtliche Benutzeroberfl\u00e4che mit klaren Anleitungen. Auch ohne NAS-Erfahrung kannst du sofort loslegen \u2013 im Gegensatz zu komplexeren Systemen wie Synology oder QNAP.<\/p>\n<div class=\"titlepage\">\n<h2 class=\"text-h3 mb-l\">Komfortable Extras f\u00fcr den Alltag<\/h2>\n<\/div>\n<p class=\"mb-l\">NFC Quick Connect: Schnell einrichten, verbinden und zwischen Ger\u00e4ten wechseln.<\/p>\n<p class=\"mb-l\">AI Fotoalbum: Gesichter, Orte oder Texte automatisch erkennen, Dubletten bereinigen und Ordnung im Fotoarchiv schaffen.<\/p>\n<p class=\"mb-l\">All-in-One UGREEN App: Filme, Fotos und Musik einfach verwalten \u2013 egal ob auf Smartphone, Tablet, PC oder direkt am Fernseher.<\/p>\n<div class=\"titlepage\">\n<h2 class=\"text-h3 mb-l\">Leistung, die \u00fcberzeugt<\/h2>\n<\/div>\n<p class=\"mb-l\">Im Inneren arbeitet ein leistungsstarker Acht-Kern-Prozessor (RK3588C, 2,4 GHz) zusammen mit 8 GB RAM \u2013 deutlich st\u00e4rker als viele Konkurrenzmodelle. Das bedeutet: ruckelfreies Multitasking, fl\u00fcssige Videobearbeitung und schnelles Datenmanagement. Dank 2.5GbE Netzwerkport erreichst du \u00dcbertragungsgeschwindigkeiten von bis zu 312,5 MB\/s \u2013 ein Terabyte ist so in etwa einer Stunde \u00fcbertragen.<\/p>\n<div class=\"titlepage\">\n<h2 class=\"text-h3 mb-l\">Multimedia-Erlebnis pur<\/h2>\n<\/div>\n<p class=\"mb-l\">Dank 4K HDMI-Output verbindest du den DH4300 Plus direkt mit deinem Fernseher oder Monitor und genie\u00dft Filme und Videos in bester Qualit\u00e4t \u2013 ganz ohne komplizierte Einrichtung.<\/p>\n<div class=\"titlepage\">\n<h2 class=\"text-h3 mb-l\">Durchdacht und zuverl\u00e4ssig<\/h2>\n<\/div>\n<div class=\"itemizedlist\">\n<ul class=\"bullet-list\">\n<li class=\"bullet-list-item\">Werkzeuglose Festplatteninstallation \u2013 Festplatten einfach einschieben, fertig.<\/li>\n<li class=\"bullet-list-item\">Leiser Hydraulik-L\u00fcfter \u2013 sch\u00fctzt vor \u00dcberhitzung, ohne st\u00f6rende Ger\u00e4usche.<\/li>\n<li class=\"bullet-list-item\">Umfangreicher Support: regelm\u00e4\u00dfige Sicherheitsupdates und 24\/7 Kundenservice per Hotline, Chat oder E-Mail.<\/li>\n<\/ul>\n<\/div>\n<li class=\"mb-m\">\n<div class=\"flex flex-col m:flex-row gap-s m:gap-xl\">\n<div class=\"text-h3 min-w-[244px] max-w-[244px]\">Bauform<\/div>\n<div class=\"flex flex-col gap-s\"><span class=\"\"><\/p>\n<ul class=\"flex flex-col gap-s\">\n<li class=\"ml-3xs pl-[15px] relative before:absolute before:w-[8px] before:h-[8px] before:bg-dark before:top-[8px] before:left-0 before:rounded-full\">Bauform: Desktop<\/li>\n<li class=\"ml-3xs pl-[15px] relative before:absolute before:w-[8px] before:h-[8px] before:bg-dark before:top-[8px] before:left-0 before:rounded-full\">HDD Bundle: NAS-HDD-Bundle<\/li>\n<\/ul>\n<p><\/span><\/div>\n<\/div>\n<\/li>\n<li class=\"mb-m\">\n<div class=\"flex flex-col m:flex-row gap-s m:gap-xl\">\n<div class=\"text-h3 min-w-[244px] max-w-[244px]\">Gesamtkapazit\u00e4t Massenspeicher<\/div>\n<div class=\"flex flex-col gap-s\"><span class=\"\"><\/p>\n<ul class=\"flex flex-col gap-s\">\n<li class=\"ml-3xs pl-[15px] relative before:absolute before:w-[8px] before:h-[8px] before:bg-dark before:top-[8px] before:left-0 before:rounded-full\">24576 GB<\/li>\n<\/ul>\n<p><\/span><\/div>\n<\/div>\n<\/li>\n<li class=\"mb-m\">\n<div class=\"flex flex-col m:flex-row gap-s m:gap-xl\">\n<div class=\"text-h3 min-w-[244px] max-w-[244px]\">Anzahl 2.5 GB LAN Ports (2.5 Gbit\/s)<\/div>\n<div class=\"flex flex-col gap-s\"><span class=\"\"><\/p>\n<ul class=\"flex flex-col gap-s\">\n<li class=\"ml-3xs pl-[15px] relative before:absolute before:w-[8px] before:h-[8px] before:bg-dark before:top-[8px] before:left-0 before:rounded-full\">1 St<\/li>\n<\/ul>\n<p><\/span><\/div>\n<\/div>\n<\/li>\n<li class=\"mb-m\">\n<div class=\"flex flex-col m:flex-row gap-s m:gap-xl\">\n<div class=\"text-h3 min-w-[244px] max-w-[244px]\">Prozessor<\/div>\n<div class=\"flex flex-col gap-s\"><span class=\"\"><\/p>\n<ul class=\"flex flex-col gap-s\">\n<li class=\"ml-3xs pl-[15px] relative before:absolute before:w-[8px] before:h-[8px] before:bg-dark before:top-[8px] before:left-0 before:rounded-full\">Prozessorhersteller: Rockchip<\/li>\n<li class=\"ml-3xs pl-[15px] relative before:absolute before:w-[8px] before:h-[8px] before:bg-dark before:top-[8px] before:left-0 before:rounded-full\">Prozessormodell: RK<\/li>\n<li class=\"ml-3xs pl-[15px] relative before:absolute before:w-[8px] before:h-[8px] before:bg-dark before:top-[8px] before:left-0 before:rounded-full\">Prozessortyp: 3588C<\/li>\n<li class=\"ml-3xs pl-[15px] relative before:absolute before:w-[8px] before:h-[8px] before:bg-dark before:top-[8px] before:left-0 before:rounded-full\">Kerne (gesamt): 8 St<\/li>\n<li class=\"ml-3xs pl-[15px] relative before:absolute before:w-[8px] before:h-[8px] before:bg-dark before:top-[8px] before:left-0 before:rounded-full\">Minimaler Takt: 2.4 GHz<\/li>\n<\/ul>\n<p><\/span><\/div>\n<\/div>\n<\/li>\n<li class=\"mb-m\">\n<div class=\"flex flex-col m:flex-row gap-s m:gap-xl\">\n<div class=\"text-h3 min-w-[244px] max-w-[244px]\">Anwendungsgebiet<\/div>\n<div class=\"flex flex-col gap-s\"><span class=\"\"><\/p>\n<ul class=\"flex flex-col gap-s\">\n<li class=\"ml-3xs pl-[15px] relative before:absolute before:w-[8px] before:h-[8px] before:bg-dark before:top-[8px] before:left-0 before:rounded-full\">Home<\/li>\n<\/ul>\n<p><\/span><\/div>\n<\/div>\n<\/li>\n<li class=\"mb-m\">\n<div class=\"flex flex-col m:flex-row gap-s m:gap-xl\">\n<div class=\"text-h3 min-w-[244px] max-w-[244px]\">Betriebssystem<\/div>\n<div class=\"flex flex-col gap-s\"><span class=\"\"><\/p>\n<ul class=\"flex flex-col gap-s\">\n<li class=\"ml-3xs pl-[15px] relative before:absolute before:w-[8px] before:h-[8px] before:bg-dark before:top-[8px] before:left-0 before:rounded-full\">UGOS Pro<\/li>\n<\/ul>\n<p><\/span><\/div>\n<\/div>\n<\/li>\n<li class=\"mb-m\">\n<div class=\"flex flex-col m:flex-row gap-s m:gap-xl\">\n<div class=\"text-h3 min-w-[244px] max-w-[244px]\">interne Anschl\u00fcsse<\/div>\n<div class=\"flex flex-col gap-s\"><span class=\"\"><\/p>\n<ul class=\"flex flex-col gap-s\">\n<li class=\"ml-3xs pl-[15px] relative before:absolute before:w-[8px] before:h-[8px] before:bg-dark before:top-[8px] before:left-0 before:rounded-full\">int. Anschl\u00fcsse: SATA600<\/li>\n<li class=\"ml-3xs pl-[15px] relative before:absolute before:w-[8px] before:h-[8px] before:bg-dark before:top-[8px] before:left-0 before:rounded-full\">Anzahl Einsch\u00fcbe intern: 4 St<\/li>\n<li class=\"ml-3xs pl-[15px] relative before:absolute before:w-[8px] before:h-[8px] before:bg-dark before:top-[8px] before:left-0 before:rounded-full\">Anzahl Einsch\u00fcbe 3,5&#8243; intern: 4 St<\/li>\n<li class=\"ml-3xs pl-[15px] relative before:absolute before:w-[8px] before:h-[8px] before:bg-dark before:top-[8px] before:left-0 before:rounded-full\">Einschubgr\u00f6\u00dfen: 3,5&#8243;<\/li>\n<\/ul>\n<p><\/span><\/div>\n<\/div>\n<\/li>\n<li class=\"mb-m\">\n<div class=\"flex flex-col m:flex-row gap-s m:gap-xl\">\n<div class=\"text-h3 min-w-[244px] max-w-[244px]\">externe Anschl\u00fcsse<\/div>\n<div class=\"flex flex-col gap-s\"><span class=\"\"><\/p>\n<ul class=\"flex flex-col gap-s\">\n<li class=\"ml-3xs pl-[15px] relative before:absolute before:w-[8px] before:h-[8px] before:bg-dark before:top-[8px] before:left-0 before:rounded-full\">Anzahl HDMI: 1 St<\/li>\n<li class=\"ml-3xs pl-[15px] relative before:absolute before:w-[8px] before:h-[8px] before:bg-dark before:top-[8px] before:left-0 before:rounded-full\">HDMI-Standard: HDMI 2.0<\/li>\n<li class=\"ml-3xs pl-[15px] relative before:absolute before:w-[8px] before:h-[8px] before:bg-dark before:top-[8px] before:left-0 before:rounded-full\">USB-Typ: <\/li>\n<div class=\"itemizedlist\">\n<ul class=\"flex flex-col gap-s\">\n<li class=\"ml-3xs pl-[15px] relative before:absolute before:w-[8px] before:h-[8px] before:bg-dark before:top-[8px] before:left-0 before:rounded-full\">USB 3.2 Gen 2<\/li>\n<li class=\"ml-3xs pl-[15px] relative before:absolute before:w-[8px] before:h-[8px] before:bg-dark before:top-[8px] before:left-0 before:rounded-full\">USB 3.2 Gen 1<\/li>\n<\/ul>\n<\/div>\n<li class=\"ml-3xs pl-[15px] relative before:absolute before:w-[8px] before:h-[8px] before:bg-dark before:top-[8px] before:left-0 before:rounded-full\">Anzahl USB 2.0: 2 St<\/li>\n<li class=\"ml-3xs pl-[15px] relative before:absolute before:w-[8px] before:h-[8px] before:bg-dark before:top-[8px] before:left-0 before:rounded-full\">Anzahl USB 3.2: 3 St<\/li>\n<li class=\"ml-3xs pl-[15px] relative before:absolute before:w-[8px] before:h-[8px] before:bg-dark before:top-[8px] before:left-0 before:rounded-full\">Anzahl USB-C: 1 St<\/li>\n<li class=\"ml-3xs pl-[15px] relative before:absolute before:w-[8px] before:h-[8px] before:bg-dark before:top-[8px] before:left-0 before:rounded-full\">ext. Anschl\u00fcsse: <\/li>\n<div class=\"itemizedlist\">\n<ul class=\"flex flex-col gap-s\">\n<li class=\"ml-3xs pl-[15px] relative before:absolute before:w-[8px] before:h-[8px] before:bg-dark before:top-[8px] before:left-0 before:rounded-full\">USB-A<\/li>\n<li class=\"ml-3xs pl-[15px] relative before:absolute before:w-[8px] before:h-[8px] before:bg-dark before:top-[8px] before:left-0 before:rounded-full\">LAN<\/li>\n<li class=\"ml-3xs pl-[15px] relative before:absolute before:w-[8px] before:h-[8px] before:bg-dark before:top-[8px] before:left-0 before:rounded-full\">USB-C<\/li>\n<li class=\"ml-3xs pl-[15px] relative before:absolute before:w-[8px] before:h-[8px] before:bg-dark before:top-[8px] before:left-0 before:rounded-full\">HDMI<\/li>\n<\/ul>\n<\/div>\n<\/ul>\n<p><\/span><\/div>\n<\/div>\n<\/li>\n<li class=\"mb-m\">\n<div class=\"flex flex-col m:flex-row gap-s m:gap-xl\">\n<div class=\"text-h3 min-w-[244px] max-w-[244px]\">Abmessungen \/ Gewicht<\/div>\n<div class=\"flex flex-col gap-s\"><span class=\"\"><\/p>\n<ul class=\"flex flex-col gap-s\">\n<li class=\"ml-3xs pl-[15px] relative before:absolute before:w-[8px] before:h-[8px] before:bg-dark before:top-[8px] before:left-0 before:rounded-full\">Breite: 155 mm<\/li>\n<li class=\"ml-3xs pl-[15px] relative before:absolute before:w-[8px] before:h-[8px] before:bg-dark before:top-[8px] before:left-0 before:rounded-full\">H\u00f6he: 215.7 mm<\/li>\n<li class=\"ml-3xs pl-[15px] relative before:absolute before:w-[8px] before:h-[8px] before:bg-dark before:top-[8px] before:left-0 before:rounded-full\">Tiefe: 155 mm<\/li>\n<\/ul>\n<p><\/span><\/div>\n<\/div>\n<\/li>\n<li class=\"mb-m\">\n<div class=\"flex flex-col m:flex-row gap-s m:gap-xl\">\n<div class=\"text-h3 min-w-[244px] max-w-[244px]\">Arbeitsspeicher (RAM)<\/div>\n<div class=\"flex flex-col gap-s\"><span class=\"\"><\/p>\n<ul class=\"flex flex-col gap-s\">\n<li class=\"ml-3xs pl-[15px] relative before:absolute before:w-[8px] before:h-[8px] before:bg-dark before:top-[8px] before:left-0 before:rounded-full\">Arbeitsspeicher in GB: 8 GB<\/li>\n<li class=\"ml-3xs pl-[15px] relative before:absolute before:w-[8px] before:h-[8px] before:bg-dark before:top-[8px] before:left-0 before:rounded-full\">maximaler Arbeitsspeicher: 8 GB<\/li>\n<li class=\"ml-3xs pl-[15px] relative before:absolute before:w-[8px] before:h-[8px] before:bg-dark before:top-[8px] before:left-0 before:rounded-full\">RAM-Steckpl\u00e4tze gesamt: 1 St<\/li>\n<li class=\"ml-3xs pl-[15px] relative before:absolute before:w-[8px] before:h-[8px] before:bg-dark before:top-[8px] before:left-0 before:rounded-full\">Arbeitsspeicher-Typ: LPDDR4X<\/li>\n<\/ul>\n<p><\/span><\/div>\n<\/div>\n<\/li>\n<li class=\"mb-m\">\n<div class=\"flex flex-col m:flex-row gap-s m:gap-xl\">\n<div class=\"text-h3 min-w-[244px] max-w-[244px]\">Technische Eigenschaften<\/div>\n<div class=\"flex flex-col gap-s\"><span class=\"\"><\/p>\n<ul class=\"flex flex-col gap-s\">\n<li class=\"ml-3xs pl-[15px] relative before:absolute before:w-[8px] before:h-[8px] before:bg-dark before:top-[8px] before:left-0 before:rounded-full\">RAID Level: <\/li>\n<div class=\"itemizedlist\">\n<ul class=\"flex flex-col gap-s\">\n<li class=\"ml-3xs pl-[15px] relative before:absolute before:w-[8px] before:h-[8px] before:bg-dark before:top-[8px] before:left-0 before:rounded-full\">RAID 1<\/li>\n<li class=\"ml-3xs pl-[15px] relative before:absolute before:w-[8px] before:h-[8px] before:bg-dark before:top-[8px] before:left-0 before:rounded-full\">RAID 0<\/li>\n<li class=\"ml-3xs pl-[15px] relative before:absolute before:w-[8px] before:h-[8px] before:bg-dark before:top-[8px] before:left-0 before:rounded-full\">RAID 5<\/li>\n<li class=\"ml-3xs pl-[15px] relative before:absolute before:w-[8px] before:h-[8px] before:bg-dark before:top-[8px] before:left-0 before:rounded-full\">RAID 6<\/li>\n<li class=\"ml-3xs pl-[15px] relative before:absolute before:w-[8px] before:h-[8px] before:bg-dark before:top-[8px] before:left-0 before:rounded-full\">RAID 10<\/li>\n<\/ul>\n<\/div>\n<li class=\"ml-3xs pl-[15px] relative before:absolute before:w-[8px] before:h-[8px] before:bg-dark before:top-[8px] before:left-0 before:rounded-full\">Kompatibilit\u00e4t: <\/li>\n<div class=\"itemizedlist\">\n<ul class=\"flex flex-col gap-s\">\n<li class=\"ml-3xs pl-[15px] relative before:absolute before:w-[8px] before:h-[8px] before:bg-dark before:top-[8px] before:left-0 before:rounded-full\">Windows<\/li>\n<li class=\"ml-3xs pl-[15px] relative before:absolute before:w-[8px] before:h-[8px] before:bg-dark before:top-[8px] before:left-0 before:rounded-full\">Mac<\/li>\n<li class=\"ml-3xs pl-[15px] relative before:absolute before:w-[8px] before:h-[8px] before:bg-dark before:top-[8px] before:left-0 before:rounded-full\">Android<\/li>\n<\/ul>\n<\/div>\n<\/ul>\n<p><\/span><\/div>\n<\/div>\n<\/li>\n","protected":false},"excerpt":{"rendered":"<li class=\"bullet-list-item\">2.4GHz Rockchip RK 3588C; 8 Kern-Prozessor<\/li>\n<li class=\"bullet-list-item\">8GB LPDDR4X RAM<\/li>\n<li class=\"bullet-list-item\">4x 2,5&#8243; und 3,5&#8243;,<\/li>\n<li class=\"bullet-list-item\">1x 2,5 Gbit LAN; <\/li>\n<li class=\"bullet-list-item\">Bauform: Desktop<\/li>\n<p> Herstellernummer 3F57-007+4&#215;3411-025<\/p>","protected":false},"featured_media":52724,"comment_status":"open","ping_status":"closed","template":"","meta":{"_monsterinsights_skip_tracking":false,"_monsterinsights_sitenote_active":false,"_monsterinsights_sitenote_note":"","_monsterinsights_sitenote_category":0,"_uf_show_specific_survey":0,"_uf_disable_surveys":false},"product_brand":[],"product_cat":[509],"product_tag":[],"models":[],"years":[],"class_list":{"0":"post-58320","1":"product","2":"type-product","3":"status-publish","4":"has-post-thumbnail","6":"product_cat-nas-das","8":"first","9":"instock","10":"sale","11":"shipping-taxable","12":"purchasable","13":"product-type-simple"},"aioseo_notices":[],"acf":[],"_links":{"self":[{"href":"https:\/\/amannforg.com\/de\/wp-json\/wp\/v2\/product\/58320","targetHints":{"allow":["GET"]}}],"collection":[{"href":"https:\/\/amannforg.com\/de\/wp-json\/wp\/v2\/product"}],"about":[{"href":"https:\/\/amannforg.com\/de\/wp-json\/wp\/v2\/types\/product"}],"replies":[{"embeddable":true,"href":"https:\/\/amannforg.com\/de\/wp-json\/wp\/v2\/comments?post=58320"}],"version-history":[{"count":1,"href":"https:\/\/amannforg.com\/de\/wp-json\/wp\/v2\/product\/58320\/revisions"}],"predecessor-version":[{"id":58321,"href":"https:\/\/amannforg.com\/de\/wp-json\/wp\/v2\/product\/58320\/revisions\/58321"}],"wp:featuredmedia":[{"embeddable":true,"href":"https:\/\/amannforg.com\/de\/wp-json\/wp\/v2\/media\/52724"}],"wp:attachment":[{"href":"https:\/\/amannforg.com\/de\/wp-json\/wp\/v2\/media?parent=58320"}],"wp:term":[{"taxonomy":"product_brand","embeddable":true,"href":"https:\/\/amannforg.com\/de\/wp-json\/wp\/v2\/product_brand?post=58320"},{"taxonomy":"product_cat","embeddable":true,"href":"https:\/\/amannforg.com\/de\/wp-json\/wp\/v2\/product_cat?post=58320"},{"taxonomy":"product_tag","embeddable":true,"href":"https:\/\/amannforg.com\/de\/wp-json\/wp\/v2\/product_tag?post=58320"},{"taxonomy":"models","embeddable":true,"href":"https:\/\/amannforg.com\/de\/wp-json\/wp\/v2\/models?post=58320"},{"taxonomy":"years","embeddable":true,"href":"https:\/\/amannforg.com\/de\/wp-json\/wp\/v2\/years?post=58320"}],"curies":[{"name":"wp","href":"https:\/\/api.w.org\/{rel}","templated":true}]}}