{"id":58803,"date":"2026-03-12T17:26:47","date_gmt":"2026-03-12T17:26:47","guid":{"rendered":"https:\/\/amannforg.com\/?post_type=product&#038;p=58803"},"modified":"2026-03-13T11:21:02","modified_gmt":"2026-03-13T11:21:02","slug":"chocotemper-icb-tecnologie-55-kg","status":"publish","type":"product","link":"https:\/\/amannforg.com\/de\/produkt\/chocotemper-icb-tecnologie-55-kg\/","title":{"rendered":"Chocotemper ICB Tecnologie \u2013 5,5 kg"},"content":{"rendered":"<p>Leistung<br \/>\n1,1 kW<br \/>\nStromversorgung<br \/>\nGewicht<br \/>\n52 kg<br \/>\nZustand des F\u00f6rderbandes<br \/>\nNeu<br \/>\nTankinhalt<br \/>\n5,5 kg<br \/>\nR\u00fctteltisch<br \/>\nNein<\/p>","protected":false},"excerpt":{"rendered":"<p>Robuste Edelstahlkonstruktion.<\/p>\n<p>Zwei unabh\u00e4ngige Motoren: einer f\u00fcr die F\u00f6rderschnecke und einer f\u00fcr das R\u00fchrwerk.<\/p>\n<p>Herausnehmbare Edelstahlf\u00f6rderschnecke f\u00fcr einfache Reinigung und schnellen Schokoladenwechsel.<\/p>\n<p>Der Schokoladenfluss l\u00e4sst sich per Fu\u00dfpedal steuern.<\/p>\n<p>Touchscreen-Bedienfeld mit verschiedenen Optionen:<\/p>\n<p>&#8211; Automatische Dosierung f\u00fcr pr\u00e4zise Schokoladenabgabe.<\/p>\n<p>&#8211; Nachtmodus: H\u00e4lt die Schokolade geschmolzen und reduziert so den Konsum \u00fcber Nacht.<\/p>\n<p>&#8211; Gegenl\u00e4ufige F\u00f6rderschnecke: Ideal zum Reinigen und Entleeren des Auslaufs.<\/p>","protected":false},"featured_media":58804,"comment_status":"open","ping_status":"closed","template":"","meta":{"_monsterinsights_skip_tracking":false,"_monsterinsights_sitenote_active":false,"_monsterinsights_sitenote_note":"","_monsterinsights_sitenote_category":0,"_uf_show_specific_survey":0,"_uf_disable_surveys":false},"product_brand":[],"product_cat":[524],"product_tag":[],"models":[],"years":[],"class_list":{"0":"post-58803","1":"product","2":"type-product","3":"status-publish","4":"has-post-thumbnail","6":"product_cat-maschine","8":"first","9":"instock","10":"sale","11":"featured","12":"shipping-taxable","13":"purchasable","14":"product-type-simple"},"aioseo_notices":[],"acf":[],"_links":{"self":[{"href":"https:\/\/amannforg.com\/de\/wp-json\/wp\/v2\/product\/58803","targetHints":{"allow":["GET"]}}],"collection":[{"href":"https:\/\/amannforg.com\/de\/wp-json\/wp\/v2\/product"}],"about":[{"href":"https:\/\/amannforg.com\/de\/wp-json\/wp\/v2\/types\/product"}],"replies":[{"embeddable":true,"href":"https:\/\/amannforg.com\/de\/wp-json\/wp\/v2\/comments?post=58803"}],"version-history":[{"count":1,"href":"https:\/\/amannforg.com\/de\/wp-json\/wp\/v2\/product\/58803\/revisions"}],"predecessor-version":[{"id":58805,"href":"https:\/\/amannforg.com\/de\/wp-json\/wp\/v2\/product\/58803\/revisions\/58805"}],"wp:featuredmedia":[{"embeddable":true,"href":"https:\/\/amannforg.com\/de\/wp-json\/wp\/v2\/media\/58804"}],"wp:attachment":[{"href":"https:\/\/amannforg.com\/de\/wp-json\/wp\/v2\/media?parent=58803"}],"wp:term":[{"taxonomy":"product_brand","embeddable":true,"href":"https:\/\/amannforg.com\/de\/wp-json\/wp\/v2\/product_brand?post=58803"},{"taxonomy":"product_cat","embeddable":true,"href":"https:\/\/amannforg.com\/de\/wp-json\/wp\/v2\/product_cat?post=58803"},{"taxonomy":"product_tag","embeddable":true,"href":"https:\/\/amannforg.com\/de\/wp-json\/wp\/v2\/product_tag?post=58803"},{"taxonomy":"models","embeddable":true,"href":"https:\/\/amannforg.com\/de\/wp-json\/wp\/v2\/models?post=58803"},{"taxonomy":"years","embeddable":true,"href":"https:\/\/amannforg.com\/de\/wp-json\/wp\/v2\/years?post=58803"}],"curies":[{"name":"wp","href":"https:\/\/api.w.org\/{rel}","templated":true}]}}