{"id":58806,"date":"2026-03-12T17:30:38","date_gmt":"2026-03-12T17:30:38","guid":{"rendered":"https:\/\/amannforg.com\/?post_type=product&#038;p=58806"},"modified":"2026-03-13T11:19:12","modified_gmt":"2026-03-13T11:19:12","slug":"matfer-bourgeat-alphamix-2-8l-profi-mixer","status":"publish","type":"product","link":"https:\/\/amannforg.com\/de\/produkt\/matfer-bourgeat-alphamix-2-8l-profi-mixer\/","title":{"rendered":"Matfer Bourgeat alphamix 2 8L Profi-Mixer"},"content":{"rendered":"<p>Produktart<br \/>\nMixer<br \/>\nMarke<br \/>\nMatfer<br \/>\nModell<br \/>\nAlphamix 2<br \/>\nAu\u00dfenma\u00dfe<br \/>\n310 x 460 x 400 mm<br \/>\nZustand<br \/>\nNeu<\/p>","protected":false},"excerpt":{"rendered":"<p>Vielseitiger Profi-Mixer mit Hochleistungsmotor<\/p>\n<p>Hochleistungs-Asynchronmotor f\u00fcr erh\u00f6hte Zuverl\u00e4ssigkeit und Langlebigkeit, optimal auf das Sch\u00fcsselvolumen abgestimmt<\/p>\n<p>Praktisches und gut lesbares Bedienfeld an der Vorderseite des Deckels<\/p>\n<p>Polierter Metallrahmen f\u00fcr hervorragende Stabilit\u00e4t und einfache Wartung<\/p>\n<p>9 Geschwindigkeitsstufen f\u00fcr pr\u00e4zises Arbeiten und konstante Drehzahl<\/p>\n<p>Neigbarer R\u00fchrkopf mit Verriegelungsmechanismus in ge\u00f6ffneter Position f\u00fcr einfaches Anbringen und Abnehmen der Zubeh\u00f6rteile sowie patentiertes, einfaches und sicheres Sch\u00fcsselverriegelungssystem<\/p>\n<p>7,8-Liter-Edelstahlsch\u00fcssel mit ergonomischem Griff und gew\u00f6lbtem Boden, ideal f\u00fcr die Verarbeitung kleinster Mengen und effizientes Kneten<\/p>\n<p>Zubeh\u00f6r: Edelstahl-Schneebesen, R\u00fchrbesen und Knethaken<\/p>\n<p>Ideal f\u00fcr den intensiven Einsatz in Konditoreien, Catering-Unternehmen, Restaurants und kleineren Betrieben<\/p>\n<p>Schnell und effizient: Kneten, Schlagen und Mischen von bis zu 4 kg Teig (60 % Feuchtigkeitsgehalt) in Rekordzeit<\/p>\n<p>Schlagen von bis zu 16 Eiwei\u00df. Verarbeiten von 500 g Eiern in Rekordzeit<\/p>\n<p>Kann Mit dem Knethaken lassen sich bis zu 1,5 kg weiche Butter optimal verkneten. Die spezielle Form des Knethakens sorgt daf\u00fcr, dass die Mischung wieder in die Mitte der Sch\u00fcssel zur\u00fcckgef\u00fchrt wird.<\/p>\n<p>Patentierter Spiralknethaken f\u00fcr optimales Kneten von bis zu 4 kg Brotteig.<\/p>\n<p>Dank des abgerundeten Sch\u00fcsselbodens und der Form der Aufs\u00e4tze auch bei kleinen Mengen effizient.<\/p>\n<p>Entspricht der CE-Norm EN 454 f\u00fcr K\u00fcchenmaschinen.<\/p>","protected":false},"featured_media":58807,"comment_status":"open","ping_status":"closed","template":"","meta":{"_monsterinsights_skip_tracking":false,"_monsterinsights_sitenote_active":false,"_monsterinsights_sitenote_note":"","_monsterinsights_sitenote_category":0,"_uf_show_specific_survey":0,"_uf_disable_surveys":false},"product_brand":[],"product_cat":[524],"product_tag":[],"models":[],"years":[],"class_list":{"0":"post-58806","1":"product","2":"type-product","3":"status-publish","4":"has-post-thumbnail","6":"product_cat-maschine","8":"first","9":"instock","10":"sale","11":"featured","12":"shipping-taxable","13":"purchasable","14":"product-type-simple"},"aioseo_notices":[],"acf":[],"_links":{"self":[{"href":"https:\/\/amannforg.com\/de\/wp-json\/wp\/v2\/product\/58806","targetHints":{"allow":["GET"]}}],"collection":[{"href":"https:\/\/amannforg.com\/de\/wp-json\/wp\/v2\/product"}],"about":[{"href":"https:\/\/amannforg.com\/de\/wp-json\/wp\/v2\/types\/product"}],"replies":[{"embeddable":true,"href":"https:\/\/amannforg.com\/de\/wp-json\/wp\/v2\/comments?post=58806"}],"version-history":[{"count":1,"href":"https:\/\/amannforg.com\/de\/wp-json\/wp\/v2\/product\/58806\/revisions"}],"predecessor-version":[{"id":58808,"href":"https:\/\/amannforg.com\/de\/wp-json\/wp\/v2\/product\/58806\/revisions\/58808"}],"wp:featuredmedia":[{"embeddable":true,"href":"https:\/\/amannforg.com\/de\/wp-json\/wp\/v2\/media\/58807"}],"wp:attachment":[{"href":"https:\/\/amannforg.com\/de\/wp-json\/wp\/v2\/media?parent=58806"}],"wp:term":[{"taxonomy":"product_brand","embeddable":true,"href":"https:\/\/amannforg.com\/de\/wp-json\/wp\/v2\/product_brand?post=58806"},{"taxonomy":"product_cat","embeddable":true,"href":"https:\/\/amannforg.com\/de\/wp-json\/wp\/v2\/product_cat?post=58806"},{"taxonomy":"product_tag","embeddable":true,"href":"https:\/\/amannforg.com\/de\/wp-json\/wp\/v2\/product_tag?post=58806"},{"taxonomy":"models","embeddable":true,"href":"https:\/\/amannforg.com\/de\/wp-json\/wp\/v2\/models?post=58806"},{"taxonomy":"years","embeddable":true,"href":"https:\/\/amannforg.com\/de\/wp-json\/wp\/v2\/years?post=58806"}],"curies":[{"name":"wp","href":"https:\/\/api.w.org\/{rel}","templated":true}]}}