{"id":58826,"date":"2026-03-12T18:22:29","date_gmt":"2026-03-12T18:22:29","guid":{"rendered":"https:\/\/amannforg.com\/?post_type=product&#038;p=58826"},"modified":"2026-03-13T11:20:41","modified_gmt":"2026-03-13T11:20:41","slug":"dreame-h15-pro-heat-akku-stielstaubsauger-bodenreinigung-85c","status":"publish","type":"product","link":"https:\/\/amannforg.com\/de\/produkt\/dreame-h15-pro-heat-akku-stielstaubsauger-bodenreinigung-85c\/","title":{"rendered":"DREAME H15 Pro Heat Akku-Stielstaubsauger, Bodenreinigung 85\u00b0C"},"content":{"rendered":"<p>Marke: DREAME<br \/>\nProduktname: DREAME H15 Pro Heat Akku-Stielstaubsauger, Bodenreinigung bis 85 \u00b0C, KI-gest\u00fctzter, l\u00fcckenloser Reinigungsroboterarm, 22 kPa, 5 Minuten Trocknungszeit bei 90 \u00b0C<br \/>\nKategorie: Stielstaubsauger<\/p>","protected":false},"excerpt":{"rendered":"<p>Tiefenreinigung mit 85 \u00b0C warmem Wasser \u2013 kein Verheddern mehr. Das 85 \u00b0C warme Wasser-Bodenreinigungssystem erhitzt die B\u00fcrste auf 55 \u00b0C f\u00fcr eine effektive Tiefenreinigung. Einzigartige Wasserausl\u00e4sse sp\u00fclen die B\u00fcrste rundum (360\u00b0). Der robuste TangleCut-Schaber entfernt Haare f\u00fcr eine optimale, unterbrechungsfreie und verhedderungsfreie Reinigung. Dreifache Kantenabdeckung f\u00fcr die Reinigung jeder Ecke. Der KI-optimierte Roboterarm mit GapFree-Technologie: Sein innovativer Schaber l\u00e4sst keine Stelle aus. Die Doppelkantenb\u00fcrste bietet eine dreifache Kantenabdeckung f\u00fcr die effektive Reinigung schwer zug\u00e4nglicher Ecken und Kanten. Automatische Navigation f\u00fcr schwer erreichbare Bereiche. Dank des autonomen GlideWheel-Systems bietet der H15 Pro Heat eine automatische 180\u00b0-Flachreinigung, die eine freih\u00e4ndige Bewegung des Staubsaugers und eine bessere Reinigung schwieriger Bereiche erm\u00f6glicht. Steuern Sie den Staubsauger bequem per App \u2013 egal, wo Sie sich befinden. Schluss mit Flecken: Ultrastarke Saugkraft und Hei\u00dfwasserreinigung. Die Saugkraft des H15 Pro Heat von 22.000 Pa entfernt m\u00fchelos hartn\u00e4ckigen Schmutz, selbst aus kleinsten Ecken. Hei\u00dfwassermodus: Tiefenreinigung f\u00fcr 20 Minuten.<\/p>","protected":false},"featured_media":58827,"comment_status":"open","ping_status":"closed","template":"","meta":{"_monsterinsights_skip_tracking":false,"_monsterinsights_sitenote_active":false,"_monsterinsights_sitenote_note":"","_monsterinsights_sitenote_category":0,"_uf_show_specific_survey":0,"_uf_disable_surveys":false},"product_brand":[],"product_cat":[524],"product_tag":[],"models":[],"years":[],"class_list":{"0":"post-58826","1":"product","2":"type-product","3":"status-publish","4":"has-post-thumbnail","6":"product_cat-maschine","8":"first","9":"instock","10":"sale","11":"featured","12":"shipping-taxable","13":"purchasable","14":"product-type-simple"},"aioseo_notices":[],"acf":[],"_links":{"self":[{"href":"https:\/\/amannforg.com\/de\/wp-json\/wp\/v2\/product\/58826","targetHints":{"allow":["GET"]}}],"collection":[{"href":"https:\/\/amannforg.com\/de\/wp-json\/wp\/v2\/product"}],"about":[{"href":"https:\/\/amannforg.com\/de\/wp-json\/wp\/v2\/types\/product"}],"replies":[{"embeddable":true,"href":"https:\/\/amannforg.com\/de\/wp-json\/wp\/v2\/comments?post=58826"}],"version-history":[{"count":1,"href":"https:\/\/amannforg.com\/de\/wp-json\/wp\/v2\/product\/58826\/revisions"}],"predecessor-version":[{"id":58828,"href":"https:\/\/amannforg.com\/de\/wp-json\/wp\/v2\/product\/58826\/revisions\/58828"}],"wp:featuredmedia":[{"embeddable":true,"href":"https:\/\/amannforg.com\/de\/wp-json\/wp\/v2\/media\/58827"}],"wp:attachment":[{"href":"https:\/\/amannforg.com\/de\/wp-json\/wp\/v2\/media?parent=58826"}],"wp:term":[{"taxonomy":"product_brand","embeddable":true,"href":"https:\/\/amannforg.com\/de\/wp-json\/wp\/v2\/product_brand?post=58826"},{"taxonomy":"product_cat","embeddable":true,"href":"https:\/\/amannforg.com\/de\/wp-json\/wp\/v2\/product_cat?post=58826"},{"taxonomy":"product_tag","embeddable":true,"href":"https:\/\/amannforg.com\/de\/wp-json\/wp\/v2\/product_tag?post=58826"},{"taxonomy":"models","embeddable":true,"href":"https:\/\/amannforg.com\/de\/wp-json\/wp\/v2\/models?post=58826"},{"taxonomy":"years","embeddable":true,"href":"https:\/\/amannforg.com\/de\/wp-json\/wp\/v2\/years?post=58826"}],"curies":[{"name":"wp","href":"https:\/\/api.w.org\/{rel}","templated":true}]}}