{"id":58829,"date":"2026-03-12T18:27:51","date_gmt":"2026-03-12T18:27:51","guid":{"rendered":"https:\/\/amannforg.com\/?post_type=product&#038;p=58829"},"modified":"2026-03-13T11:20:49","modified_gmt":"2026-03-13T11:20:49","slug":"temperiermaschine-24-kg-temperierte-schokolade-400-v-620-x-900-x-1540-h-mm","status":"publish","type":"product","link":"https:\/\/amannforg.com\/de\/produkt\/temperiermaschine-24-kg-temperierte-schokolade-400-v-620-x-900-x-1540-h-mm\/","title":{"rendered":"Temperiermaschine \u2013 24 kg temperierte Schokolade \u2013 400 V \u2013 620 x 900 x 1540 (H) mm"},"content":{"rendered":"<p>Produktinformationen \u201eTemperiermaschine \u2013 24 kg temperierte Schokolade \u2013 400 V \u2013 620 x 900 x 1540 (H) mm\u201c<br \/>\nTemperiermaschine | 24 kg temperierte Schokolade | 400 V | 620 x 900 x 1540 (H) mm<br \/>\nDie Chocotemper Temperiermaschine mit 24 kg Kapazit\u00e4t ist ideal f\u00fcr die einfache Schokoladenherstellung. Sie wurde speziell f\u00fcr Konditoreien und Chocolatiers entwickelt. Dank des Touchscreens ist die Maschine besonders benutzerfreundlich und erm\u00f6glicht die schnelle Navigation durch die verf\u00fcgbaren Programme.<\/p>","protected":false},"excerpt":{"rendered":"<p>Kapazit\u00e4t: 24 kg<br \/>\nSpannung: 380\/400 V<br \/>\nLeistung: 3,0 kW<br \/>\nGewicht: 185 kg<br \/>\nAbmessungen: 620 x 900 x 1540 (H) mm<br \/>\nEdelstahlkonstruktion<br \/>\nElektronisches Fu\u00dfpedal zur Regulierung des Schokoladenflusses<br \/>\nStandby-Modus zum Halten der Schokolade fl\u00fcssig<\/p>\n<p>Optional: Diese Maschine kann mit einer zus\u00e4tzlichen beheizten\/vibratorischen Tischplatte f\u00fcr noch bessere Schokoladenkreationen ausgestattet werden. Ein Temperierband zur Herstellung von Pralinen ist ebenfalls optional erh\u00e4ltlich.<\/p>","protected":false},"featured_media":58830,"comment_status":"open","ping_status":"closed","template":"","meta":{"_monsterinsights_skip_tracking":false,"_monsterinsights_sitenote_active":false,"_monsterinsights_sitenote_note":"","_monsterinsights_sitenote_category":0,"_uf_show_specific_survey":0,"_uf_disable_surveys":false},"product_brand":[],"product_cat":[524],"product_tag":[],"models":[],"years":[],"class_list":{"0":"post-58829","1":"product","2":"type-product","3":"status-publish","4":"has-post-thumbnail","6":"product_cat-maschine","8":"first","9":"instock","10":"sale","11":"featured","12":"shipping-taxable","13":"purchasable","14":"product-type-simple"},"aioseo_notices":[],"acf":[],"_links":{"self":[{"href":"https:\/\/amannforg.com\/de\/wp-json\/wp\/v2\/product\/58829","targetHints":{"allow":["GET"]}}],"collection":[{"href":"https:\/\/amannforg.com\/de\/wp-json\/wp\/v2\/product"}],"about":[{"href":"https:\/\/amannforg.com\/de\/wp-json\/wp\/v2\/types\/product"}],"replies":[{"embeddable":true,"href":"https:\/\/amannforg.com\/de\/wp-json\/wp\/v2\/comments?post=58829"}],"version-history":[{"count":1,"href":"https:\/\/amannforg.com\/de\/wp-json\/wp\/v2\/product\/58829\/revisions"}],"predecessor-version":[{"id":58831,"href":"https:\/\/amannforg.com\/de\/wp-json\/wp\/v2\/product\/58829\/revisions\/58831"}],"wp:featuredmedia":[{"embeddable":true,"href":"https:\/\/amannforg.com\/de\/wp-json\/wp\/v2\/media\/58830"}],"wp:attachment":[{"href":"https:\/\/amannforg.com\/de\/wp-json\/wp\/v2\/media?parent=58829"}],"wp:term":[{"taxonomy":"product_brand","embeddable":true,"href":"https:\/\/amannforg.com\/de\/wp-json\/wp\/v2\/product_brand?post=58829"},{"taxonomy":"product_cat","embeddable":true,"href":"https:\/\/amannforg.com\/de\/wp-json\/wp\/v2\/product_cat?post=58829"},{"taxonomy":"product_tag","embeddable":true,"href":"https:\/\/amannforg.com\/de\/wp-json\/wp\/v2\/product_tag?post=58829"},{"taxonomy":"models","embeddable":true,"href":"https:\/\/amannforg.com\/de\/wp-json\/wp\/v2\/models?post=58829"},{"taxonomy":"years","embeddable":true,"href":"https:\/\/amannforg.com\/de\/wp-json\/wp\/v2\/years?post=58829"}],"curies":[{"name":"wp","href":"https:\/\/api.w.org\/{rel}","templated":true}]}}