{"id":58837,"date":"2026-03-13T09:54:45","date_gmt":"2026-03-13T09:54:45","guid":{"rendered":"https:\/\/amannforg.com\/?post_type=product&#038;p=58837"},"modified":"2026-03-13T11:20:47","modified_gmt":"2026-03-13T11:20:47","slug":"multifunktionale-kuchenmaschine-kitchen-aid-artisan-puderrosa-48-liter-1000-watt","status":"publish","type":"product","link":"https:\/\/amannforg.com\/de\/produkt\/multifunktionale-kuchenmaschine-kitchen-aid-artisan-puderrosa-48-liter-1000-watt\/","title":{"rendered":"Multifunktionale K\u00fcchenmaschine \u2013 KITCHEN AID \u2013 ARTISAN \u2013 Puderrosa \u2013 4,8 Liter \u2013 1000 Watt"},"content":{"rendered":"<p>Marke: KITCHEN AID<br \/>\nProduktname: Multifunktions-Standmixer \u2013 KITCHEN AID \u2013 ARTISAN \u2013 Puderrosa \u2013 4,8 Liter \u2013 1000 Watt<br \/>\nKategorie: K\u00fcchenmaschine<\/p>","protected":false},"excerpt":{"rendered":"<p>Diese in Ohio, USA, aus Metallguss gefertigte und von Hand montierte Multifunktions-K\u00fcchenmaschine ist elegant, langlebig, leicht zu reinigen und einfach zu bedienen. KitchenAid verleiht ihrem ikonischen Design jedes Jahr mit trendigen neuen Farben frischen Wind. Die Produktpalette umfasst eine au\u00dfergew\u00f6hnliche Auswahl an Premiumfarben, die jede K\u00fcche perfekt erg\u00e4nzen und aufwerten. Dank des zeitlosen, anpassungsf\u00e4higen und hochwertigen Designs unserer Multifunktions-K\u00fcchenmaschine entdecken Sie fantastische kulinarische Gen\u00fcsse direkt in Ihrer eigenen K\u00fcche. Dieser einzigartige und vielseitige K\u00fcchenhelfer garantiert optimale Ergebnisse dank herausragender Funktionen, eines Geh\u00e4uses aus Metallguss und einer speziellen Zubeh\u00f6rnabe f\u00fcr eine breite Palette an Aufs\u00e4tzen. Die planetarische R\u00fchrbewegung, bei der sich der R\u00fchrbesen beim Schlagen in die eine und anschlie\u00dfend in die entgegengesetzte Richtung dreht, bef\u00f6rdert die Zutaten in die Mitte der R\u00fchrsch\u00fcssel. Die 10 Geschwindigkeitsstufen sorgen f\u00fcr Schnelligkeit, gleichm\u00e4\u00dfige Konsistenz und Pr\u00e4zision. Der im R\u00fchrkopf integrierte Direktantriebsmotor treibt die Zubeh\u00f6rteile direkt an, die an der vielseitigen Zubeh\u00f6rnabe befestigt werden k\u00f6nnen. Mit diesem Ger\u00e4t k\u00f6nnen Sie Fleisch hacken, Gem\u00fcse schneiden, Nudeln ausrollen oder schneiden, pressen, schneiden, p\u00fcrieren und vieles mehr! Die robuste und stabile Multifunktions-K\u00fcchenmaschine schl\u00e4gt, r\u00fchrt, mixt, knetet und p\u00fcriert selbst die monotonsten und m\u00fchsamsten Aufgaben m\u00fchelos und elegant. Zahlreiches Standardzubeh\u00f6r (Schneebesen, Flachr\u00fchrer, Flachr\u00fchrer mit flexibler Kante, Knethaken, 4,8-l- und 3-l-Sch\u00fcssel, Ausgie\u00dfdeckel) und optionales Zubeh\u00f6r lassen sich einfach an der K\u00fcchenmaschine befestigen.<\/p>","protected":false},"featured_media":58838,"comment_status":"open","ping_status":"closed","template":"","meta":{"_monsterinsights_skip_tracking":false,"_monsterinsights_sitenote_active":false,"_monsterinsights_sitenote_note":"","_monsterinsights_sitenote_category":0,"_uf_show_specific_survey":0,"_uf_disable_surveys":false},"product_brand":[],"product_cat":[524],"product_tag":[],"models":[],"years":[],"class_list":{"0":"post-58837","1":"product","2":"type-product","3":"status-publish","4":"has-post-thumbnail","6":"product_cat-maschine","8":"first","9":"instock","10":"sale","11":"featured","12":"shipping-taxable","13":"purchasable","14":"product-type-simple"},"aioseo_notices":[],"acf":[],"_links":{"self":[{"href":"https:\/\/amannforg.com\/de\/wp-json\/wp\/v2\/product\/58837","targetHints":{"allow":["GET"]}}],"collection":[{"href":"https:\/\/amannforg.com\/de\/wp-json\/wp\/v2\/product"}],"about":[{"href":"https:\/\/amannforg.com\/de\/wp-json\/wp\/v2\/types\/product"}],"replies":[{"embeddable":true,"href":"https:\/\/amannforg.com\/de\/wp-json\/wp\/v2\/comments?post=58837"}],"version-history":[{"count":1,"href":"https:\/\/amannforg.com\/de\/wp-json\/wp\/v2\/product\/58837\/revisions"}],"predecessor-version":[{"id":58840,"href":"https:\/\/amannforg.com\/de\/wp-json\/wp\/v2\/product\/58837\/revisions\/58840"}],"wp:featuredmedia":[{"embeddable":true,"href":"https:\/\/amannforg.com\/de\/wp-json\/wp\/v2\/media\/58838"}],"wp:attachment":[{"href":"https:\/\/amannforg.com\/de\/wp-json\/wp\/v2\/media?parent=58837"}],"wp:term":[{"taxonomy":"product_brand","embeddable":true,"href":"https:\/\/amannforg.com\/de\/wp-json\/wp\/v2\/product_brand?post=58837"},{"taxonomy":"product_cat","embeddable":true,"href":"https:\/\/amannforg.com\/de\/wp-json\/wp\/v2\/product_cat?post=58837"},{"taxonomy":"product_tag","embeddable":true,"href":"https:\/\/amannforg.com\/de\/wp-json\/wp\/v2\/product_tag?post=58837"},{"taxonomy":"models","embeddable":true,"href":"https:\/\/amannforg.com\/de\/wp-json\/wp\/v2\/models?post=58837"},{"taxonomy":"years","embeddable":true,"href":"https:\/\/amannforg.com\/de\/wp-json\/wp\/v2\/years?post=58837"}],"curies":[{"name":"wp","href":"https:\/\/api.w.org\/{rel}","templated":true}]}}