{"id":58886,"date":"2026-03-13T10:46:01","date_gmt":"2026-03-13T10:46:01","guid":{"rendered":"https:\/\/amannforg.com\/?post_type=product&#038;p=58886"},"modified":"2026-03-13T11:19:18","modified_gmt":"2026-03-13T11:19:18","slug":"apple-iphone-17-pro-256-gb-tiefblau","status":"publish","type":"product","link":"https:\/\/amannforg.com\/de\/produkt\/apple-iphone-17-pro-256-gb-tiefblau\/","title":{"rendered":"APPLE iPhone 17 Pro 256 GB Tiefblau"},"content":{"rendered":"<p>Marke: APPLE<br \/>\nProduktname: APPLE iPhone 17 Pro 256 GB Tiefblau<br \/>\nKategorie: Smartphone<\/p>\n<p>Bildschirmgr\u00f6\u00dfe: 6,3 Zoll<br \/>\nSensoraufl\u00f6sung: 48 MP<br \/>\nSpeicherkapazit\u00e4t: 256 GB<br \/>\nInterner Speicher: 256 GB<\/p>","protected":false},"excerpt":{"rendered":"<p>Marke: APPLE Produktname: APPLE iPhone 17 Pro 256 GB Tiefblau Kategorie: Smartphone Bildschirmgr\u00f6\u00dfe: 6,3 Zoll Sensoraufl\u00f6sung: 48 MP Speicherkapazit\u00e4t: 256 GB Interner Speicher: 256 GB<\/p>","protected":false},"featured_media":58887,"comment_status":"open","ping_status":"closed","template":"","meta":{"_monsterinsights_skip_tracking":false,"_monsterinsights_sitenote_active":false,"_monsterinsights_sitenote_note":"","_monsterinsights_sitenote_category":0,"_uf_show_specific_survey":0,"_uf_disable_surveys":false},"product_brand":[],"product_cat":[369],"product_tag":[],"models":[],"years":[],"class_list":{"0":"post-58886","1":"product","2":"type-product","3":"status-publish","4":"has-post-thumbnail","6":"product_cat-apple-iphone","8":"first","9":"instock","10":"sale","11":"featured","12":"shipping-taxable","13":"purchasable","14":"product-type-simple"},"aioseo_notices":[],"acf":[],"_links":{"self":[{"href":"https:\/\/amannforg.com\/de\/wp-json\/wp\/v2\/product\/58886","targetHints":{"allow":["GET"]}}],"collection":[{"href":"https:\/\/amannforg.com\/de\/wp-json\/wp\/v2\/product"}],"about":[{"href":"https:\/\/amannforg.com\/de\/wp-json\/wp\/v2\/types\/product"}],"replies":[{"embeddable":true,"href":"https:\/\/amannforg.com\/de\/wp-json\/wp\/v2\/comments?post=58886"}],"version-history":[{"count":1,"href":"https:\/\/amannforg.com\/de\/wp-json\/wp\/v2\/product\/58886\/revisions"}],"predecessor-version":[{"id":58892,"href":"https:\/\/amannforg.com\/de\/wp-json\/wp\/v2\/product\/58886\/revisions\/58892"}],"wp:featuredmedia":[{"embeddable":true,"href":"https:\/\/amannforg.com\/de\/wp-json\/wp\/v2\/media\/58887"}],"wp:attachment":[{"href":"https:\/\/amannforg.com\/de\/wp-json\/wp\/v2\/media?parent=58886"}],"wp:term":[{"taxonomy":"product_brand","embeddable":true,"href":"https:\/\/amannforg.com\/de\/wp-json\/wp\/v2\/product_brand?post=58886"},{"taxonomy":"product_cat","embeddable":true,"href":"https:\/\/amannforg.com\/de\/wp-json\/wp\/v2\/product_cat?post=58886"},{"taxonomy":"product_tag","embeddable":true,"href":"https:\/\/amannforg.com\/de\/wp-json\/wp\/v2\/product_tag?post=58886"},{"taxonomy":"models","embeddable":true,"href":"https:\/\/amannforg.com\/de\/wp-json\/wp\/v2\/models?post=58886"},{"taxonomy":"years","embeddable":true,"href":"https:\/\/amannforg.com\/de\/wp-json\/wp\/v2\/years?post=58886"}],"curies":[{"name":"wp","href":"https:\/\/api.w.org\/{rel}","templated":true}]}}