{"id":18111,"date":"2026-02-28T11:12:31","date_gmt":"2026-02-28T11:12:31","guid":{"rendered":"https:\/\/amannforg.com\/?post_type=product&#038;p=18111"},"modified":"2026-03-07T16:25:03","modified_gmt":"2026-03-07T16:25:03","slug":"xiaomi-redmi-pad-pro-5g-wifi-6-128gb-graphite-gray-android-tablet-eu","status":"publish","type":"product","link":"https:\/\/amannforg.com\/fr\/produit\/xiaomi-redmi-pad-pro-5g-wifi-6-128gb-graphite-gray-android-tablet-eu\/","title":{"rendered":"Xiaomi Redmi Pad Pro 5G WiFi 6\/128GB graphite gray Android Tablet EU"},"content":{"rendered":"<div class=\"itemizedlist\">\n<ul class=\"bullet-list\">\n<li class=\"bullet-list-item\">Gro\u00dfes und immersives 12,1&#8243; 2,5K Augenschutzdisplay<\/li>\n<li class=\"bullet-list-item\">Lass deiner Fantasie freien Lauf<\/li>\n<li class=\"bullet-list-item\">Xiaomi HyperOS bietet ein Anzeigeerlebnis der Spitzenklasse<\/li>\n<li class=\"bullet-list-item\">Mobile Plattform Snapdragon\u00ae 7s Gen 2 mit effizienter Leistung<\/li>\n<li class=\"bullet-list-item\">Gro\u00dfes Akkuvolumen von 10.000mAh<\/li>\n<\/ul>\n<\/div>\n<p class=\"mb-l\">\n<div class=\"titlepage\">\n<h2 class=\"text-h3 mb-l\">12,1&#8243; 2,5K besonders klares Display<\/h2>\n<\/div>\n<p class=\"mb-l\">Professioneller augenschonender Bildschirm<\/p>\n<p class=\"mb-l\">Ob beim Lesen, Spielen oder Filmeschauen: Genie\u00dfe ein komfortableres Gro\u00dfbilderlebnis mit einem 12,1-Zoll-Display der Spitzenklasse und einem klassischen Bildformat von 16:10, egal ob beim Lesen, Spielen oder Filmeschauen. Mit einer extrem klaren WQHD+Aufl\u00f6sung mit 2,5K und 249ppi bietet das Display professionelle Leistung und kristallklare Detailgenauigkeit.<\/p>\n<p class=\"mb-l\">\n<div class=\"titlepage\">\n<h2 class=\"text-h3 mb-l\">120Hz AdaptiveSync<\/h2>\n<\/div>\n<p class=\"mb-l\">Hohe Bildwiederholrate und Helligkeit Fl\u00fcssigeres Benutzererlebnis<\/p>\n<p class=\"mb-l\">Mit einer adaptiven Bildwiederholrate von 120Hz und einer maximalen Helligkeit von 600cd\/m\u00b2 bietet das Display unterbrechungsfreie und stabile Bilder. Egal, ob du Sportveranstaltungen anschaust oder schnelle Spiele spielst.<\/p>\n<p class=\"mb-l\">\n<div class=\"titlepage\">\n<h2 class=\"text-h3 mb-l\">Dreifache Zertifizierung durch T\u00dcV Rheinland<\/h2>\n<\/div>\n<p class=\"mb-l\">Vollst\u00e4ndige DC-Dimmung<\/p>\n<p class=\"mb-l\">Keine stroboskopischen Effekte, um deine Augen besser zu sch\u00fctzen<\/p>\n<p class=\"mb-l\">Geringer Blaulichtanteil auf Hardware-Ebene<\/p>\n<p class=\"mb-l\">Leistungsstarker Blaulichtfilter zum Schutz deiner Augen<\/p>\n<p class=\"mb-l\">Erkennt die Umgebungsfarbtemperatur<\/p>\n<p class=\"mb-l\">Duale Erkennung der Farbtemperatur und Beleuchtungsst\u00e4rke<\/p>\n<p class=\"mb-l\">Besonders lange Akkulaufzeit von 10.000mAh mit bis zu 33,9 Tagen Standby nach einer vollst\u00e4ndigen Ladung<\/p>\n<p class=\"mb-l\">Dank der langen Akkulaufzeit genie\u00dft du B\u00fccher, Videos und Spiele \u2013 egal bei welchen Umgebungsbedingungen \u2013 ohne dir Sorgen um den Ladestand machen zu m\u00fcssen.<\/p>\n<p class=\"mb-l\">\n<div class=\"titlepage\">\n<h2 class=\"text-h3 mb-l\">Mobile Plattform Snapdragon\u00ae 7s Gen 2: Effizient und vielseitig<\/h2>\n<\/div>\n<p class=\"mb-l\">Der Prozessor ist mit 4-nm-Prozesstechnologie der Spitzenklasse ausgestattet, was eine verbesserte Leistung und einen geringeren Stromverbrauch erm\u00f6glicht. Er erf\u00fcllt all deine Bed\u00fcrfnisse in Bezug auf Arbeit oder Freizeit sofort und kann mehrere Aufgaben gleichzeitig bew\u00e4ltigen.<\/p>\n<p class=\"mb-l\">\n<div class=\"titlepage\">\n<h2 class=\"text-h3 mb-l\">Vier Lautsprecher mit Dolby Atmos: Wie ein Kino im Taschenformat<\/h2>\n<\/div>\n<p class=\"mb-l\">Ein immersives audiovisuelles Erlebnis<\/p>\n<p class=\"mb-l\">Mit vier Stereo-Lautsprechern, die Dolby Atmos unterst\u00fctzen und dem neu optimierten Dolby Vision bietet das Redmi Pad Pro dir ein atemberaubendes Kinoerlebnis mit hervorragender Klangqualit\u00e4t, lebensechten Bildern und Schock-Effekten wie auf der Kinoleinwand.<\/p>\n<p class=\"mb-l\">\n<div class=\"titlepage\">\n<h2 class=\"text-h3 mb-l\">Xiaomi HyperOS Ein professionelles Erlebnis<\/h2>\n<\/div>\n<p class=\"mb-l\">Das erste Redmi Pad, auf dem Xiaomi HyperOS vorinstalliert ist Eine neue Welt der \u00fcbergangslosen Interkonnektivit\u00e4t<\/p>\n<p class=\"mb-l\">\n<div class=\"titlepage\">\n<h2 class=\"text-h3 mb-l\">Netzwerk-Synchronisierung<\/h2>\n<\/div>\n<p class=\"mb-l\">Wenn keine WLAN-Signale in der N\u00e4he verf\u00fcgbar sind, kann das Tablet mit einem Klick eine Verbindung zum Hotspot deines Telefons herstellen. Du musst keinen Hotspot aktivieren und kein Passwort eingeben<\/p>\n<p class=\"mb-l\">\n<div class=\"titlepage\">\n<h2 class=\"text-h3 mb-l\">Startbildschirm+<\/h2>\n<\/div>\n<p class=\"mb-l\">Wenn diese Funktion \u00fcber dasselbe Xiaomi Konto aktiviert ist, kannst du Push-Nachrichten empfangen, Anrufe annehmen und die Apps deines Smartphones auf dem Tablet anzeigen. Die Freigabe von Dateien oder Bildern erfolgt sofort und einfach per Drag &amp; Drop.<\/p>\n<p class=\"mb-l\">\n<div class=\"titlepage\">\n<h2 class=\"text-h3 mb-l\">Ger\u00e4te\u00fcbergreifende Kamerasteuerung in App (Notizen)<\/h2>\n<\/div>\n<p class=\"mb-l\">Die Notizen-App auf einem Tablet kann direkt auf die Kamera des Smartphones zugreifen, um Fotos zu machen und sie in den Inhalt der Notizen einzuf\u00fcgen*.<\/p>\n<p class=\"mb-l\">\n<div class=\"titlepage\">\n<h2 class=\"text-h3 mb-l\">Gemeinsame Zwischenablage<\/h2>\n<\/div>\n<p class=\"mb-l\">Texte und Bilder k\u00f6nnen nahtlos von einem Ger\u00e4t kopiert und auf dem anderen eingef\u00fcgt werden, als bef\u00e4nden sie sich auf demselben Ger\u00e4t*.<\/p>\n<div class=\"titlepage\">\n<h2 class=\"text-h3 mb-l\">Unibody-Design aus Metall f\u00fcr einen hochwertigen Look<\/h2>\n<\/div>\n<p>Das neu \u00fcberarbeitete Unibody-Design aus Metall f\u00fchlt sich glatt an und sorgt f\u00fcr einen hochwertigen Look. Das Dual-Ring-Deco-Kameradesign verbirgt auf intelligente Weise die Antenne und sorgt f\u00fcr ein schlichtes und elegantes Erscheinungsbild.  <\/p>\n<li class=\"mb-m\">\n<div class=\"flex flex-col m:flex-row gap-s m:gap-xl\">\n<div class=\"text-h3 min-w-[244px] max-w-[244px]\">Anzahl Lautsprecher<\/div>\n<div class=\"flex flex-col gap-s\"><span class=\"\"><\/p>\n<ul class=\"flex flex-col gap-s\">\n<li class=\"ml-3xs pl-[15px] relative before:absolute before:w-[8px] before:h-[8px] before:bg-dark before:top-[8px] before:left-0 before:rounded-full\">4 St<\/li>\n<\/ul>\n<p><\/span><\/div>\n<\/div>\n<\/li>\n<li class=\"mb-m\">\n<div class=\"flex flex-col m:flex-row gap-s m:gap-xl\">\n<div class=\"text-h3 min-w-[244px] max-w-[244px]\">Energieversorgung<\/div>\n<div class=\"flex flex-col gap-s\"><span class=\"\"><\/p>\n<ul class=\"flex flex-col gap-s\">\n<li class=\"ml-3xs pl-[15px] relative before:absolute before:w-[8px] before:h-[8px] before:bg-dark before:top-[8px] before:left-0 before:rounded-full\">Strom-\/ Ladeanschluss: USB-C<\/li>\n<li class=\"ml-3xs pl-[15px] relative before:absolute before:w-[8px] before:h-[8px] before:bg-dark before:top-[8px] before:left-0 before:rounded-full\">Besonderheiten: Schnelladefunktion<\/li>\n<li class=\"ml-3xs pl-[15px] relative before:absolute before:w-[8px] before:h-[8px] before:bg-dark before:top-[8px] before:left-0 before:rounded-full\">Akku-\/ Batterietyp: fest verbaut<\/li>\n<li class=\"ml-3xs pl-[15px] relative before:absolute before:w-[8px] before:h-[8px] before:bg-dark before:top-[8px] before:left-0 before:rounded-full\">Akku \/ Batteriechemie: Lithium-Ionen<\/li>\n<li class=\"ml-3xs pl-[15px] relative before:absolute before:w-[8px] before:h-[8px] before:bg-dark before:top-[8px] before:left-0 before:rounded-full\">Akku-\/ Batterie-Kapazit\u00e4t in mAh: 10000 mAh<\/li>\n<li class=\"ml-3xs pl-[15px] relative before:absolute before:w-[8px] before:h-[8px] before:bg-dark before:top-[8px] before:left-0 before:rounded-full\">Akku-Eigenschaften: fest verbaut<\/li>\n<li class=\"ml-3xs pl-[15px] relative before:absolute before:w-[8px] before:h-[8px] before:bg-dark before:top-[8px] before:left-0 before:rounded-full\">Ladefunktionen: Quick Charge<\/li>\n<\/ul>\n<p><\/span><\/div>\n<\/div>\n<\/li>\n<li class=\"mb-m\">\n<div class=\"flex flex-col m:flex-row gap-s m:gap-xl\">\n<div class=\"text-h3 min-w-[244px] max-w-[244px]\">Arbeitsspeicher in GB<\/div>\n<div class=\"flex flex-col gap-s\"><span class=\"\"><\/p>\n<ul class=\"flex flex-col gap-s\">\n<li class=\"ml-3xs pl-[15px] relative before:absolute before:w-[8px] before:h-[8px] before:bg-dark before:top-[8px] before:left-0 before:rounded-full\">6 GB<\/li>\n<\/ul>\n<p><\/span><\/div>\n<\/div>\n<\/li>\n<li class=\"mb-m\">\n<div class=\"flex flex-col m:flex-row gap-s m:gap-xl\">\n<div class=\"text-h3 min-w-[244px] max-w-[244px]\">Display<\/div>\n<div class=\"flex flex-col gap-s\"><span class=\"\"><\/p>\n<ul class=\"flex flex-col gap-s\">\n<li class=\"ml-3xs pl-[15px] relative before:absolute before:w-[8px] before:h-[8px] before:bg-dark before:top-[8px] before:left-0 before:rounded-full\">Displaygr\u00f6\u00dfe in cm: 30.7 cm<\/li>\n<li class=\"ml-3xs pl-[15px] relative before:absolute before:w-[8px] before:h-[8px] before:bg-dark before:top-[8px] before:left-0 before:rounded-full\">Displaygr\u00f6\u00dfe in Zoll: 12.1 Zoll<\/li>\n<li class=\"ml-3xs pl-[15px] relative before:absolute before:w-[8px] before:h-[8px] before:bg-dark before:top-[8px] before:left-0 before:rounded-full\">Aufl\u00f6sung: 2560 x 1600<\/li>\n<li class=\"ml-3xs pl-[15px] relative before:absolute before:w-[8px] before:h-[8px] before:bg-dark before:top-[8px] before:left-0 before:rounded-full\">Bildformat: 16:10<\/li>\n<li class=\"ml-3xs pl-[15px] relative before:absolute before:w-[8px] before:h-[8px] before:bg-dark before:top-[8px] before:left-0 before:rounded-full\">Frequenz: 120 Hz<\/li>\n<li class=\"ml-3xs pl-[15px] relative before:absolute before:w-[8px] before:h-[8px] before:bg-dark before:top-[8px] before:left-0 before:rounded-full\">Helligkeit: 500 Nit<\/li>\n<li class=\"ml-3xs pl-[15px] relative before:absolute before:w-[8px] before:h-[8px] before:bg-dark before:top-[8px] before:left-0 before:rounded-full\">Eingabem\u00f6glichkeiten: Touch<\/li>\n<\/ul>\n<p><\/span><\/div>\n<\/div>\n<\/li>\n<li class=\"mb-m\">\n<div class=\"flex flex-col m:flex-row gap-s m:gap-xl\">\n<div class=\"text-h3 min-w-[244px] max-w-[244px]\">Speicher<\/div>\n<div class=\"flex flex-col gap-s\"><span class=\"\"><\/p>\n<ul class=\"flex flex-col gap-s\">\n<li class=\"ml-3xs pl-[15px] relative before:absolute before:w-[8px] before:h-[8px] before:bg-dark before:top-[8px] before:left-0 before:rounded-full\">interner Speicher: 128 GB<\/li>\n<li class=\"ml-3xs pl-[15px] relative before:absolute before:w-[8px] before:h-[8px] before:bg-dark before:top-[8px] before:left-0 before:rounded-full\">max. Speichererweiterung: 1500 GB<\/li>\n<\/ul>\n<p><\/span><\/div>\n<\/div>\n<\/li>\n<li class=\"mb-m\">\n<div class=\"flex flex-col m:flex-row gap-s m:gap-xl\">\n<div class=\"text-h3 min-w-[244px] max-w-[244px]\">Prozessor<\/div>\n<div class=\"flex flex-col gap-s\"><span class=\"\"><\/p>\n<ul class=\"flex flex-col gap-s\">\n<li class=\"ml-3xs pl-[15px] relative before:absolute before:w-[8px] before:h-[8px] before:bg-dark before:top-[8px] before:left-0 before:rounded-full\">Prozessorhersteller: Qualcomm<\/li>\n<li class=\"ml-3xs pl-[15px] relative before:absolute before:w-[8px] before:h-[8px] before:bg-dark before:top-[8px] before:left-0 before:rounded-full\">Prozessormodell: Snapdragon<\/li>\n<li class=\"ml-3xs pl-[15px] relative before:absolute before:w-[8px] before:h-[8px] before:bg-dark before:top-[8px] before:left-0 before:rounded-full\">Prozessortyp: 7s Gen 2<\/li>\n<li class=\"ml-3xs pl-[15px] relative before:absolute before:w-[8px] before:h-[8px] before:bg-dark before:top-[8px] before:left-0 before:rounded-full\">Kerne (gesamt): 8 St<\/li>\n<li class=\"ml-3xs pl-[15px] relative before:absolute before:w-[8px] before:h-[8px] before:bg-dark before:top-[8px] before:left-0 before:rounded-full\">Minimaler Takt: 2.40 GHz<\/li>\n<li class=\"ml-3xs pl-[15px] relative before:absolute before:w-[8px] before:h-[8px] before:bg-dark before:top-[8px] before:left-0 before:rounded-full\">Prozessor-Eigenschaften: 64-bit-Architektur<\/li>\n<\/ul>\n<p><\/span><\/div>\n<\/div>\n<\/li>\n<li class=\"mb-m\">\n<div class=\"flex flex-col m:flex-row gap-s m:gap-xl\">\n<div class=\"text-h3 min-w-[244px] max-w-[244px]\">Grafikchip<\/div>\n<div class=\"flex flex-col gap-s\"><span class=\"\"><\/p>\n<ul class=\"flex flex-col gap-s\">\n<li class=\"ml-3xs pl-[15px] relative before:absolute before:w-[8px] before:h-[8px] before:bg-dark before:top-[8px] before:left-0 before:rounded-full\">Adreno<\/li>\n<\/ul>\n<p><\/span><\/div>\n<\/div>\n<\/li>\n<li class=\"mb-m\">\n<div class=\"flex flex-col m:flex-row gap-s m:gap-xl\">\n<div class=\"text-h3 min-w-[244px] max-w-[244px]\">Betriebssystem<\/div>\n<div class=\"flex flex-col gap-s\"><span class=\"\"><\/p>\n<ul class=\"flex flex-col gap-s\">\n<li class=\"ml-3xs pl-[15px] relative before:absolute before:w-[8px] before:h-[8px] before:bg-dark before:top-[8px] before:left-0 before:rounded-full\">Betriebssystemversion: 14.0<\/li>\n<li class=\"ml-3xs pl-[15px] relative before:absolute before:w-[8px] before:h-[8px] before:bg-dark before:top-[8px] before:left-0 before:rounded-full\">Betriebssystem: Android<\/li>\n<\/ul>\n<p><\/span><\/div>\n<\/div>\n<\/li>\n<li class=\"mb-m\">\n<div class=\"flex flex-col m:flex-row gap-s m:gap-xl\">\n<div class=\"text-h3 min-w-[244px] max-w-[244px]\">Video \/ Kamera<\/div>\n<div class=\"flex flex-col gap-s\"><span class=\"\"><\/p>\n<ul class=\"flex flex-col gap-s\">\n<li class=\"ml-3xs pl-[15px] relative before:absolute before:w-[8px] before:h-[8px] before:bg-dark before:top-[8px] before:left-0 before:rounded-full\">Aufl\u00f6sung Hauptkamera: 8 MP<\/li>\n<li class=\"ml-3xs pl-[15px] relative before:absolute before:w-[8px] before:h-[8px] before:bg-dark before:top-[8px] before:left-0 before:rounded-full\">Frontkamera: 8 MP<\/li>\n<\/ul>\n<p><\/span><\/div>\n<\/div>\n<\/li>\n<li class=\"mb-m\">\n<div class=\"flex flex-col m:flex-row gap-s m:gap-xl\">\n<div class=\"text-h3 min-w-[244px] max-w-[244px]\">Kabellose Konnektivit\u00e4t<\/div>\n<div class=\"flex flex-col gap-s\"><span class=\"\"><\/p>\n<ul class=\"flex flex-col gap-s\">\n<li class=\"ml-3xs pl-[15px] relative before:absolute before:w-[8px] before:h-[8px] before:bg-dark before:top-[8px] before:left-0 before:rounded-full\">Kabellose \u00dcbertragungsm\u00f6glichkeiten: <\/li>\n<div class=\"itemizedlist\">\n<ul class=\"flex flex-col gap-s\">\n<li class=\"ml-3xs pl-[15px] relative before:absolute before:w-[8px] before:h-[8px] before:bg-dark before:top-[8px] before:left-0 before:rounded-full\">Bluetooth<\/li>\n<li class=\"ml-3xs pl-[15px] relative before:absolute before:w-[8px] before:h-[8px] before:bg-dark before:top-[8px] before:left-0 before:rounded-full\">WLAN<\/li>\n<\/ul>\n<\/div>\n<li class=\"ml-3xs pl-[15px] relative before:absolute before:w-[8px] before:h-[8px] before:bg-dark before:top-[8px] before:left-0 before:rounded-full\">Mobilfunkstandard: 5G<\/li>\n<li class=\"ml-3xs pl-[15px] relative before:absolute before:w-[8px] before:h-[8px] before:bg-dark before:top-[8px] before:left-0 before:rounded-full\">WLAN Standard: Wi-Fi 6<\/li>\n<li class=\"ml-3xs pl-[15px] relative before:absolute before:w-[8px] before:h-[8px] before:bg-dark before:top-[8px] before:left-0 before:rounded-full\">WLAN Frequenzband: <\/li>\n<div class=\"itemizedlist\">\n<ul class=\"flex flex-col gap-s\">\n<li class=\"ml-3xs pl-[15px] relative before:absolute before:w-[8px] before:h-[8px] before:bg-dark before:top-[8px] before:left-0 before:rounded-full\">2,4 GHz<\/li>\n<li class=\"ml-3xs pl-[15px] relative before:absolute before:w-[8px] before:h-[8px] before:bg-dark before:top-[8px] before:left-0 before:rounded-full\">5 GHz<\/li>\n<\/ul>\n<\/div>\n<li class=\"ml-3xs pl-[15px] relative before:absolute before:w-[8px] before:h-[8px] before:bg-dark before:top-[8px] before:left-0 before:rounded-full\">Bluetooth Typ: 5.2<\/li>\n<\/ul>\n<p><\/span><\/div>\n<\/div>\n<\/li>\n<li class=\"mb-m\">\n<div class=\"flex flex-col m:flex-row gap-s m:gap-xl\">\n<div class=\"text-h3 min-w-[244px] max-w-[244px]\">externe Anschl\u00fcsse<\/div>\n<div class=\"flex flex-col gap-s\"><span class=\"\"><\/p>\n<ul class=\"flex flex-col gap-s\">\n<li class=\"ml-3xs pl-[15px] relative before:absolute before:w-[8px] before:h-[8px] before:bg-dark before:top-[8px] before:left-0 before:rounded-full\">Anzahl USB-C: 1 St<\/li>\n<li class=\"ml-3xs pl-[15px] relative before:absolute before:w-[8px] before:h-[8px] before:bg-dark before:top-[8px] before:left-0 before:rounded-full\">ext. Anschl\u00fcsse: 3,5 mm Klinke<\/li>\n<\/ul>\n<p><\/span><\/div>\n<\/div>\n<\/li>\n<li class=\"mb-m\">\n<div class=\"flex flex-col m:flex-row gap-s m:gap-xl\">\n<div class=\"text-h3 min-w-[244px] max-w-[244px]\">Farbe \/ Material<\/div>\n<div class=\"flex flex-col gap-s\"><span class=\"\"><\/p>\n<ul class=\"flex flex-col gap-s\">\n<li class=\"ml-3xs pl-[15px] relative before:absolute before:w-[8px] before:h-[8px] before:bg-dark before:top-[8px] before:left-0 before:rounded-full\">Farbbezeichnung (Hersteller): Mint Green<\/li>\n<li class=\"ml-3xs pl-[15px] relative before:absolute before:w-[8px] before:h-[8px] before:bg-dark before:top-[8px] before:left-0 before:rounded-full\">Farbe: Grau<\/li>\n<\/ul>\n<p><\/span><\/div>\n<\/div>\n<\/li>\n<li class=\"mb-m\">\n<div class=\"flex flex-col m:flex-row gap-s m:gap-xl\">\n<div class=\"text-h3 min-w-[244px] max-w-[244px]\">Abmessungen \/ Gewicht<\/div>\n<div class=\"flex flex-col gap-s\"><span class=\"\"><\/p>\n<ul class=\"flex flex-col gap-s\">\n<li class=\"ml-3xs pl-[15px] relative before:absolute before:w-[8px] before:h-[8px] before:bg-dark before:top-[8px] before:left-0 before:rounded-full\">Breite: 181.85 mm<\/li>\n<li class=\"ml-3xs pl-[15px] relative before:absolute before:w-[8px] before:h-[8px] before:bg-dark before:top-[8px] before:left-0 before:rounded-full\">H\u00f6he: 280 mm<\/li>\n<li class=\"ml-3xs pl-[15px] relative before:absolute before:w-[8px] before:h-[8px] before:bg-dark before:top-[8px] before:left-0 before:rounded-full\">Tiefe: 75.2 mm<\/li>\n<li class=\"ml-3xs pl-[15px] relative before:absolute before:w-[8px] before:h-[8px] before:bg-dark before:top-[8px] before:left-0 before:rounded-full\">Gewicht: 0.57 kg<\/li>\n<\/ul>\n<p><\/span><\/div>\n<\/div>\n<\/li>\n<li class=\"mb-m\">\n<div class=\"flex flex-col m:flex-row gap-s m:gap-xl\">\n<div class=\"text-h3 min-w-[244px] max-w-[244px]\">Produkteigenschaften<\/div>\n<div class=\"flex flex-col gap-s\"><span class=\"\"><\/p>\n<ul class=\"flex flex-col gap-s\">\n<li class=\"ml-3xs pl-[15px] relative before:absolute before:w-[8px] before:h-[8px] before:bg-dark before:top-[8px] before:left-0 before:rounded-full\">Detachable<\/li>\n<\/ul>\n<p><\/span><\/div>\n<\/div>\n<\/li>\n","protected":false},"excerpt":{"rendered":"<li class=\"bullet-list-item\">30.7 cm (12.1 Zoll)  Display (2560 x 1600, 120 Hz)<\/li>\n<li class=\"bullet-list-item\">Qualcomm 7s Gen 2 Prozessor (8-Core, bis 2.40 GHz), 6 GB RAM<\/li>\n<li class=\"bullet-list-item\">128 GB interner Speicher<\/li>\n<li class=\"bullet-list-item\">8 MP Hauptkamera, 8 MP Frontkamera<\/li>\n<li class=\"bullet-list-item\">5G, WLAN Wi-Fi 6, BT 5.2<\/li>\n<p> Herstellernummer VHU4835EU<\/p>","protected":false},"featured_media":43847,"comment_status":"open","ping_status":"closed","template":"","meta":{"_monsterinsights_skip_tracking":false,"_monsterinsights_sitenote_active":false,"_monsterinsights_sitenote_note":"","_monsterinsights_sitenote_category":0,"_uf_show_specific_survey":0,"_uf_disable_surveys":false},"product_brand":[],"product_cat":[450],"product_tag":[],"models":[],"years":[],"class_list":{"0":"post-18111","1":"product","2":"type-product","3":"status-publish","4":"has-post-thumbnail","6":"product_cat-tablets","8":"first","9":"instock","10":"sale","11":"shipping-taxable","12":"purchasable","13":"product-type-simple"},"aioseo_notices":[],"acf":[],"_links":{"self":[{"href":"https:\/\/amannforg.com\/fr\/wp-json\/wp\/v2\/product\/18111","targetHints":{"allow":["GET"]}}],"collection":[{"href":"https:\/\/amannforg.com\/fr\/wp-json\/wp\/v2\/product"}],"about":[{"href":"https:\/\/amannforg.com\/fr\/wp-json\/wp\/v2\/types\/product"}],"replies":[{"embeddable":true,"href":"https:\/\/amannforg.com\/fr\/wp-json\/wp\/v2\/comments?post=18111"}],"version-history":[{"count":1,"href":"https:\/\/amannforg.com\/fr\/wp-json\/wp\/v2\/product\/18111\/revisions"}],"predecessor-version":[{"id":57450,"href":"https:\/\/amannforg.com\/fr\/wp-json\/wp\/v2\/product\/18111\/revisions\/57450"}],"wp:featuredmedia":[{"embeddable":true,"href":"https:\/\/amannforg.com\/fr\/wp-json\/wp\/v2\/media\/43847"}],"wp:attachment":[{"href":"https:\/\/amannforg.com\/fr\/wp-json\/wp\/v2\/media?parent=18111"}],"wp:term":[{"taxonomy":"product_brand","embeddable":true,"href":"https:\/\/amannforg.com\/fr\/wp-json\/wp\/v2\/product_brand?post=18111"},{"taxonomy":"product_cat","embeddable":true,"href":"https:\/\/amannforg.com\/fr\/wp-json\/wp\/v2\/product_cat?post=18111"},{"taxonomy":"product_tag","embeddable":true,"href":"https:\/\/amannforg.com\/fr\/wp-json\/wp\/v2\/product_tag?post=18111"},{"taxonomy":"models","embeddable":true,"href":"https:\/\/amannforg.com\/fr\/wp-json\/wp\/v2\/models?post=18111"},{"taxonomy":"years","embeddable":true,"href":"https:\/\/amannforg.com\/fr\/wp-json\/wp\/v2\/years?post=18111"}],"curies":[{"name":"wp","href":"https:\/\/api.w.org\/{rel}","templated":true}]}}