{"id":18272,"date":"2026-02-28T11:13:06","date_gmt":"2026-02-28T11:13:06","guid":{"rendered":"https:\/\/amannforg.com\/?post_type=product&#038;p=18272"},"modified":"2026-03-07T16:25:09","modified_gmt":"2026-03-07T16:25:09","slug":"lenovo-legion-tab-tb321fu-12-256gb-wifi-schwarz-android-14-88-tablet","status":"publish","type":"product","link":"https:\/\/amannforg.com\/fr\/produit\/lenovo-legion-tab-tb321fu-12-256gb-wifi-schwarz-android-14-88-tablet\/","title":{"rendered":"Lenovo Legion Tab TB321FU 12\/256GB WiFi schwarz Android 14, 8,8&#8243;-Tablet"},"content":{"rendered":"<div class=\"titlepage\">\n<h2 class=\"text-h3 mb-l\">\u00dcberragendes, mobiles Gaming<\/h2>\n<\/div>\n<p class=\"mb-l\">\n<div class=\"article\">\n<div class=\"formalpara\"> <\/div>\n<\/div>\n<p class=\"mb-l\">Mit diesem Gaming-Tablet, das f\u00fcr vollst\u00e4ndige Immersion und totale Dominanz entwickelt wurde, k\u00f6nnen Sie mobiles Gaming auf die n\u00e4chste Stufe bringen.<\/p>\n<div class=\"itemizedlist\">\n<ul class=\"bullet-list\">\n<li class=\"bullet-list-item\">Verbessertes Gaming mit einem 8,8\u2033 PureSight-Display und einer Bildwiederholrate von 165 Hz<\/li>\n<li class=\"bullet-list-item\">Mit Snapdragon\u00ae 8 Gen 3 und Legion ColdFront-K\u00fchlung k\u00f6nnen Sie immense Leistung entfalten<\/li>\n<li class=\"bullet-list-item\">Verbessern Sie das Gameplay mit Stereosound, haptischem Feedback und Legion Space-Software<\/li>\n<\/ul>\n<\/div>\n<div class=\"titlepage\">\n<h2 class=\"text-h3 mb-l\">Gaming, das Konsolen blass aussehen l\u00e4sst<\/h2>\n<\/div>\n<p class=\"mb-l\">Erleben Sie unerbittliches Gaming mit dem Snapdragon\u00ae 8 Gen 3, der f\u00fcr atemberaubenden Realismus \u00fcber Elite Gaming-Technologie mit Raytracing verf\u00fcgt. Genie\u00dfen Sie ultrafl\u00fcssige 165 FPS und verz\u00f6gerungsfreie Grafik. So wird Ihr Tablet in Ihrer Tasche zu einem leistungsstarken Gaming-Ger\u00e4t.<\/p>\n<div class=\"titlepage\">\n<h2 class=\"text-h3 mb-l\">Grenzenlose Unterhaltung<\/h2>\n<\/div>\n<p class=\"mb-l\">Das Lenovo Legion Tab Gen 3 l\u00e4uft auf Android\u2122 14, das w\u00e4hrend seiner Lebensdauer drei Betriebssystem-Upgrades erhalten wird, und Google Play, damit Spiele mehr Spa\u00df machen und nicht so schnell veralten. Wenn Sie jedes Spiel der Welt an jedem Ort der Welt spielen k\u00f6nnen, ist unbegrenzter Spa\u00df vorprogrammiert. <\/p>\n<div class=\"titlepage\">\n<h2 class=\"text-h3 mb-l\">PURESIGHT-DISPLAY<\/h2>\n<\/div>\n<p>Fl\u00fcssiger spielen mit mehr Helligkeit<\/p>\n<div class=\"titlepage\">\n<h2 class=\"text-h3 mb-l\">Scharfe Aufl\u00f6sung<\/h2>\n<\/div>\n<p class=\"mb-l\">Mit der gestochen scharfen 2,5K-Aufl\u00f6sung (2560 x 1600 Pixel) des 8,8\u2033 PureSight-Displays erleben Sie gestochen scharfe, lebendige Bilder. Erleben Sie jedes Detail in einem lebensechten Spiel. Mit einem beeindruckenden Display-Geh\u00e4use-Verh\u00e4ltnis von 87,8 % werden Sie noch tiefer in die Action hineingezogen.<\/p>\n<div class=\"titlepage\">\n<h2 class=\"text-h3 mb-l\">Ruckelfreie Grafik <\/h2>\n<\/div>\n<p class=\"mb-l\">Sp\u00fcren Sie den Nervenkitzel mit einer Bildwiederholrate von 165 Hz, die jedes Wischen und jede Bewegung blitzschnell umsetzt. Perfekt f\u00fcr diese Gaming-Momente, in denen es auf alles ankommt, mit einer Touch Sample Rate von 165 Hz f\u00fcr ultra-fl\u00fcssiges Gameplay und maximale Reaktionschnelligkeit.<\/p>\n<div class=\"titlepage\">\n<h2 class=\"text-h3 mb-l\">Die Arena zum Leuchten bringen<\/h2>\n<\/div>\n<p class=\"mb-l\">Genie\u00dfen Sie lebendige Bilder mit einer Helligkeit von 500 cd\/m\u00b2 f\u00fcr hohe Klarheit, wobei im HBM-Modus f\u00fcr sonnige Umgebungen auf einen Wert von 900 cd\/m\u00b2 erh\u00f6ht werden kann. Das Display sorgt daf\u00fcr, dass jede Farbe vollkommen lebendig erscheint und Sie zu Hause oder unterwegs ganz in das jeweilige Erlebnis eintauchen k\u00f6nnen.<\/p>\n<div class=\"titlepage\">\n<h2 class=\"text-h3 mb-l\">Eiskalte Leistung in Ihren H\u00e4nden<\/h2>\n<\/div>\n<p class=\"mb-l\">Erleben Sie thermische Meisterleistung mit dem fortschrittlichen K\u00fchlsystem des Legion Tabs. Eine 14 % gr\u00f6\u00dfere ColdFront-Dampfkammer im Vergleich zur Vorg\u00e4ngerversion und eine 3D-W\u00e4rmeableitungsstruktur halten die warme Luft von den Fingern fern, sodass es auch bei l\u00e4ngerem Spielen nicht zu hitzig wird. Spielen Sie l\u00e4nger, bleiben Sie cool und liefern Sie jedes Mal Spitzenleistung.<\/p>\n<div class=\"titlepage\">\n<h2 class=\"text-h3 mb-l\">Vollmetalldesign<\/h2>\n<\/div>\n<p class=\"mb-l\">Entdecken Sie die exquisite Verarbeitung des Legion Tab. Das mit 7,79 mm superschlanke Vollmetalldesign zieht nicht nur alle Blicke auf sich, sondern bietet auch optimale Griffigkeit, was es bez\u00fcglich Stil und Funktionalit\u00e4t zum ultimativen Gamer-Accessoire macht.<\/p>\n<div class=\"titlepage\">\n<h2 class=\"text-h3 mb-l\">Schlank, leicht und tragbar<\/h2>\n<\/div>\n<p class=\"mb-l\">Das Legion Tab ist mit einem Gewicht von nur 350 g sehr handlich. Leicht und perfekt dimensioniert f\u00fcr l\u00e4ngere Gaming-Sessions, ist es der ideale Begleiter f\u00fcr unterwegs.<\/p>\n<div class=\"titlepage\">\n<h2 class=\"text-h3 mb-l\">Zwei USB-C-Anschl\u00fcsse und Bypass-Laden<\/h2>\n<\/div>\n<p class=\"mb-l\">Mit den zwei USB-C-Anschl\u00fcssen des Legion Tab bleiben Sie immer verbunden. Egal ob es sich um Ihre Ausr\u00fcstung oder eine Emulationsstation handelt: Mit Bypass-Laden k\u00f6nnen Sie bequem anschlie\u00dfen und aufladen, wodurch Konnektivit\u00e4t v\u00f6llig neu definiert wird.<\/p>\n<div class=\"titlepage\">\n<h2 class=\"text-h3 mb-l\">Kameras auf der Vorder- und R\u00fcckseite<\/h2>\n<\/div>\n<p class=\"mb-l\">Mit der RGB-Kamera auf der Vorder- und R\u00fcckseite des Legion Tab k\u00f6nnen Sie scharfe Aufnahmen machen und streamen. Die Kameras sind perfekt f\u00fcr Videoanrufe, Streams und Fotos und sorgen in jedem Moment f\u00fcr scharfe, lebendige Bilder.<\/p>\n<div class=\"titlepage\">\n<h2 class=\"text-h3 mb-l\">HOHE MOBILE LEISTUNG<\/h2>\n<\/div>\n<p>\u00dcberall auf Gewinnerkurs<\/p>\n<div class=\"titlepage\">\n<h2 class=\"text-h3 mb-l\">Am Ball bleiben<\/h2>\n<\/div>\n<p class=\"mb-l\">Mit dem 6550-mAh-Akku des Legion Tab k\u00f6nnen Sie noch l\u00e4nger spielen. Profitieren Sie im Standby-Zustand von tagelanger Akkulaufzeit und 68-W-Schnellladen, damit Sie schnell wieder in Aktion treten k\u00f6nnen.<\/p>\n<div class=\"titlepage\">\n<h2 class=\"text-h3 mb-l\">Profitieren Sie von Leistung der n\u00e4chsten Generation<\/h2>\n<\/div>\n<p class=\"mb-l\">Dank LPDDR5X RAM, UFS 4.0 und Snapdragon 8 Gen 3 erleben Sie bis zu 13 % h\u00f6here Geschwindigkeiten. Spielen Sie l\u00e4nger bei weniger Energieverbrauch und dank der Legion ColdFront-Dampfkammer-Technologie bleiben Sie auch unter Druck ganz cool.<\/p>\n<div class=\"titlepage\">\n<h2 class=\"text-h3 mb-l\">Einstecken, weiterspielen<\/h2>\n<\/div>\n<p class=\"mb-l\">Wi-Fi 7 und Bluetooth\u2122 5.4 sorgen f\u00fcr hohe Geschwindigkeiten und eine nahtlose Kopplung, damit Sie immer verbunden sind. Smart Connect verwandelt Ihr Tablet f\u00fcr m\u00fcheloses Multitasking au\u00dferdem in einen zweiten Bildschirm.<\/p>\n<div class=\"titlepage\">\n<h2 class=\"text-h3 mb-l\">Sound sp\u00fcren, Action h\u00f6ren<\/h2>\n<\/div>\n<p class=\"mb-l\">Mit der Dual X Achsenhaptik und dem Stereoklang von superlinearen Lautsprechern k\u00f6nnen Sie sich voll und ganz auf das Spiel konzentrieren. Zwei Mikrofone mit Ger\u00e4uschunterdr\u00fcckung sorgen f\u00fcr kristallklare Kommunikation, w\u00e4hrend Dolby Atmos\u00ae Sie in Kino-Sound einh\u00fcllt.  <\/p>\n<div class=\"titlepage\">\n<h2 class=\"text-h3 mb-l\">Mit Legion Space spielen Sie nach Ihren eigenen Regeln<\/h2>\n<\/div>\n<p class=\"mb-l\">Mit Legion Space k\u00f6nnen Sie von jedem Ort aus auf Ihre Lieblings-Games zugreifen, damit Sie \u00fcberall in die Action einsteigen k\u00f6nnen.<\/p>\n<div class=\"titlepage\">\n<h2 class=\"text-h3 mb-l\">LEGION \u00d6KOSYSTEM<\/h2>\n<\/div>\n<p>Optimieren Sie Ihr Gaming-\u00d6kosystem<\/p>\n<p class=\"mb-l\">Schaffen Sie nahtlose Verbindungen innerhalb des Lenovo Legion-\u00d6kosystems mit dem Legion Tab in Kombination mit Lenovo Smart Connect. Dadurch k\u00f6nnen Sie Ihren Content m\u00fchelos zwischen Ihrem Legion Tab und Ihrem Notebook oder Desktop-PC transferieren. Das Legion Tab l\u00e4sst sich mit Legion-Monitoren, -Headsets und vielem mehr integrieren und passt problemlos in einen Legion-Rucksack \u2013 perfekt f\u00fcr den Unterricht und auf Reisen. Optimieren Sie Ihr Gaming mit harmonischen Ger\u00e4tesynergien.<\/p>\n<div class=\"titlepage\">\n<h2 class=\"text-h3 mb-l\">GLAUBW\u00dcRDIGKEIT UND ZUSAMMENARBEIT<\/h2>\n<\/div>\n<p>Nachhaltigkeit<\/p>\n<p class=\"mb-l\">Unser Ziel ist es, smartere Technologien anzubieten, die eine bessere und nachhaltigere Zukunft f\u00fcr unsere Kunden, Communitys und den Planeten schaffen. Deshalb verfolgen wir branchenf\u00fchrende Labels und Zertifizierungen, die unser Engagement f\u00fcr Nachhaltigkeit im Produktdesign belegen. Gemeinsam k\u00f6nnen wir eine smartere Zukunft f\u00fcr alle schaffen.<\/p>\n<li class=\"mb-m\">\n<div class=\"flex flex-col m:flex-row gap-s m:gap-xl\">\n<div class=\"text-h3 min-w-[244px] max-w-[244px]\">Anzahl Lautsprecher<\/div>\n<div class=\"flex flex-col gap-s\"><span class=\"\"><\/p>\n<ul class=\"flex flex-col gap-s\">\n<li class=\"ml-3xs pl-[15px] relative before:absolute before:w-[8px] before:h-[8px] before:bg-dark before:top-[8px] before:left-0 before:rounded-full\">2 St<\/li>\n<\/ul>\n<p><\/span><\/div>\n<\/div>\n<\/li>\n<li class=\"mb-m\">\n<div class=\"flex flex-col m:flex-row gap-s m:gap-xl\">\n<div class=\"text-h3 min-w-[244px] max-w-[244px]\">Energieversorgung<\/div>\n<div class=\"flex flex-col gap-s\"><span class=\"\"><\/p>\n<ul class=\"flex flex-col gap-s\">\n<li class=\"ml-3xs pl-[15px] relative before:absolute before:w-[8px] before:h-[8px] before:bg-dark before:top-[8px] before:left-0 before:rounded-full\">Strom-\/ Ladeanschluss: USB-C<\/li>\n<li class=\"ml-3xs pl-[15px] relative before:absolute before:w-[8px] before:h-[8px] before:bg-dark before:top-[8px] before:left-0 before:rounded-full\">Akku-\/ Batterietyp: fest verbaut<\/li>\n<li class=\"ml-3xs pl-[15px] relative before:absolute before:w-[8px] before:h-[8px] before:bg-dark before:top-[8px] before:left-0 before:rounded-full\">Akku-\/ Batterie-Kapazit\u00e4t in mAh: 6550 mAh<\/li>\n<li class=\"ml-3xs pl-[15px] relative before:absolute before:w-[8px] before:h-[8px] before:bg-dark before:top-[8px] before:left-0 before:rounded-full\">Minimal unterst\u00fctzte Ladeleistung: 15 W<\/li>\n<li class=\"ml-3xs pl-[15px] relative before:absolute before:w-[8px] before:h-[8px] before:bg-dark before:top-[8px] before:left-0 before:rounded-full\">Maximal unterst\u00fctze Ladeleistung: 50 W<\/li>\n<li class=\"ml-3xs pl-[15px] relative before:absolute before:w-[8px] before:h-[8px] before:bg-dark before:top-[8px] before:left-0 before:rounded-full\">Unterst\u00fctzt USB-PD (Power Delivery): USB PD<\/li>\n<li class=\"ml-3xs pl-[15px] relative before:absolute before:w-[8px] before:h-[8px] before:bg-dark before:top-[8px] before:left-0 before:rounded-full\">Akku-Eigenschaften: fest verbaut<\/li>\n<\/ul>\n<p><\/span><\/div>\n<\/div>\n<\/li>\n<li class=\"mb-m\">\n<div class=\"flex flex-col m:flex-row gap-s m:gap-xl\">\n<div class=\"text-h3 min-w-[244px] max-w-[244px]\">Arbeitsspeicher in GB<\/div>\n<div class=\"flex flex-col gap-s\"><span class=\"\"><\/p>\n<ul class=\"flex flex-col gap-s\">\n<li class=\"ml-3xs pl-[15px] relative before:absolute before:w-[8px] before:h-[8px] before:bg-dark before:top-[8px] before:left-0 before:rounded-full\">12 GB<\/li>\n<\/ul>\n<p><\/span><\/div>\n<\/div>\n<\/li>\n<li class=\"mb-m\">\n<div class=\"flex flex-col m:flex-row gap-s m:gap-xl\">\n<div class=\"text-h3 min-w-[244px] max-w-[244px]\">Display<\/div>\n<div class=\"flex flex-col gap-s\"><span class=\"\"><\/p>\n<ul class=\"flex flex-col gap-s\">\n<li class=\"ml-3xs pl-[15px] relative before:absolute before:w-[8px] before:h-[8px] before:bg-dark before:top-[8px] before:left-0 before:rounded-full\">Displaygr\u00f6\u00dfe in cm: 22.35 cm<\/li>\n<li class=\"ml-3xs pl-[15px] relative before:absolute before:w-[8px] before:h-[8px] before:bg-dark before:top-[8px] before:left-0 before:rounded-full\">Displaygr\u00f6\u00dfe in Zoll: 8.8 Zoll<\/li>\n<li class=\"ml-3xs pl-[15px] relative before:absolute before:w-[8px] before:h-[8px] before:bg-dark before:top-[8px] before:left-0 before:rounded-full\">Aufl\u00f6sung: 2560 x 1600<\/li>\n<li class=\"ml-3xs pl-[15px] relative before:absolute before:w-[8px] before:h-[8px] before:bg-dark before:top-[8px] before:left-0 before:rounded-full\">Displaytechnologie: IPS<\/li>\n<li class=\"ml-3xs pl-[15px] relative before:absolute before:w-[8px] before:h-[8px] before:bg-dark before:top-[8px] before:left-0 before:rounded-full\">Hintergrundbeleuchtung: LED<\/li>\n<li class=\"ml-3xs pl-[15px] relative before:absolute before:w-[8px] before:h-[8px] before:bg-dark before:top-[8px] before:left-0 before:rounded-full\">Displayoberfl\u00e4che: gl\u00e4nzend<\/li>\n<li class=\"ml-3xs pl-[15px] relative before:absolute before:w-[8px] before:h-[8px] before:bg-dark before:top-[8px] before:left-0 before:rounded-full\">Frequenz: 165 Hz<\/li>\n<li class=\"ml-3xs pl-[15px] relative before:absolute before:w-[8px] before:h-[8px] before:bg-dark before:top-[8px] before:left-0 before:rounded-full\">Helligkeit: 900 Nit<\/li>\n<li class=\"ml-3xs pl-[15px] relative before:absolute before:w-[8px] before:h-[8px] before:bg-dark before:top-[8px] before:left-0 before:rounded-full\">Eingabem\u00f6glichkeiten: Touch<\/li>\n<\/ul>\n<p><\/span><\/div>\n<\/div>\n<\/li>\n<li class=\"mb-m\">\n<div class=\"flex flex-col m:flex-row gap-s m:gap-xl\">\n<div class=\"text-h3 min-w-[244px] max-w-[244px]\">interner Speicher<\/div>\n<div class=\"flex flex-col gap-s\"><span class=\"\"><\/p>\n<ul class=\"flex flex-col gap-s\">\n<li class=\"ml-3xs pl-[15px] relative before:absolute before:w-[8px] before:h-[8px] before:bg-dark before:top-[8px] before:left-0 before:rounded-full\">256 GB<\/li>\n<\/ul>\n<p><\/span><\/div>\n<\/div>\n<\/li>\n<li class=\"mb-m\">\n<div class=\"flex flex-col m:flex-row gap-s m:gap-xl\">\n<div class=\"text-h3 min-w-[244px] max-w-[244px]\">Prozessor<\/div>\n<div class=\"flex flex-col gap-s\"><span class=\"\"><\/p>\n<ul class=\"flex flex-col gap-s\">\n<li class=\"ml-3xs pl-[15px] relative before:absolute before:w-[8px] before:h-[8px] before:bg-dark before:top-[8px] before:left-0 before:rounded-full\">Prozessorhersteller: Qualcomm<\/li>\n<li class=\"ml-3xs pl-[15px] relative before:absolute before:w-[8px] before:h-[8px] before:bg-dark before:top-[8px] before:left-0 before:rounded-full\">Prozessormodell: Snapdragon<\/li>\n<li class=\"ml-3xs pl-[15px] relative before:absolute before:w-[8px] before:h-[8px] before:bg-dark before:top-[8px] before:left-0 before:rounded-full\">Prozessortyp: 8 Gen 3<\/li>\n<li class=\"ml-3xs pl-[15px] relative before:absolute before:w-[8px] before:h-[8px] before:bg-dark before:top-[8px] before:left-0 before:rounded-full\">Kerne (gesamt): 8 St<\/li>\n<li class=\"ml-3xs pl-[15px] relative before:absolute before:w-[8px] before:h-[8px] before:bg-dark before:top-[8px] before:left-0 before:rounded-full\">Minimaler Takt: 3.4 GHz<\/li>\n<li class=\"ml-3xs pl-[15px] relative before:absolute before:w-[8px] before:h-[8px] before:bg-dark before:top-[8px] before:left-0 before:rounded-full\">Prozessor-Eigenschaften: 64-bit-Architektur<\/li>\n<\/ul>\n<p><\/span><\/div>\n<\/div>\n<\/li>\n<li class=\"mb-m\">\n<div class=\"flex flex-col m:flex-row gap-s m:gap-xl\">\n<div class=\"text-h3 min-w-[244px] max-w-[244px]\">Betriebssystem<\/div>\n<div class=\"flex flex-col gap-s\"><span class=\"\"><\/p>\n<ul class=\"flex flex-col gap-s\">\n<li class=\"ml-3xs pl-[15px] relative before:absolute before:w-[8px] before:h-[8px] before:bg-dark before:top-[8px] before:left-0 before:rounded-full\">Betriebssystemversion: 14<\/li>\n<li class=\"ml-3xs pl-[15px] relative before:absolute before:w-[8px] before:h-[8px] before:bg-dark before:top-[8px] before:left-0 before:rounded-full\">Betriebssystem: Android<\/li>\n<\/ul>\n<p><\/span><\/div>\n<\/div>\n<\/li>\n<li class=\"mb-m\">\n<div class=\"flex flex-col m:flex-row gap-s m:gap-xl\">\n<div class=\"text-h3 min-w-[244px] max-w-[244px]\">Video \/ Kamera<\/div>\n<div class=\"flex flex-col gap-s\"><span class=\"\"><\/p>\n<ul class=\"flex flex-col gap-s\">\n<li class=\"ml-3xs pl-[15px] relative before:absolute before:w-[8px] before:h-[8px] before:bg-dark before:top-[8px] before:left-0 before:rounded-full\">Aufl\u00f6sung Hauptkamera: 13 MP<\/li>\n<li class=\"ml-3xs pl-[15px] relative before:absolute before:w-[8px] before:h-[8px] before:bg-dark before:top-[8px] before:left-0 before:rounded-full\">Frontkamera: 8 MP<\/li>\n<\/ul>\n<p><\/span><\/div>\n<\/div>\n<\/li>\n<li class=\"mb-m\">\n<div class=\"flex flex-col m:flex-row gap-s m:gap-xl\">\n<div class=\"text-h3 min-w-[244px] max-w-[244px]\">Kabellose Konnektivit\u00e4t<\/div>\n<div class=\"flex flex-col gap-s\"><span class=\"\"><\/p>\n<ul class=\"flex flex-col gap-s\">\n<li class=\"ml-3xs pl-[15px] relative before:absolute before:w-[8px] before:h-[8px] before:bg-dark before:top-[8px] before:left-0 before:rounded-full\">Kabellose \u00dcbertragungsm\u00f6glichkeiten: <\/li>\n<div class=\"itemizedlist\">\n<ul class=\"flex flex-col gap-s\">\n<li class=\"ml-3xs pl-[15px] relative before:absolute before:w-[8px] before:h-[8px] before:bg-dark before:top-[8px] before:left-0 before:rounded-full\">Bluetooth<\/li>\n<li class=\"ml-3xs pl-[15px] relative before:absolute before:w-[8px] before:h-[8px] before:bg-dark before:top-[8px] before:left-0 before:rounded-full\">WLAN<\/li>\n<\/ul>\n<\/div>\n<li class=\"ml-3xs pl-[15px] relative before:absolute before:w-[8px] before:h-[8px] before:bg-dark before:top-[8px] before:left-0 before:rounded-full\">Mobilfunkstandard: Nein<\/li>\n<li class=\"ml-3xs pl-[15px] relative before:absolute before:w-[8px] before:h-[8px] before:bg-dark before:top-[8px] before:left-0 before:rounded-full\">WLAN Standard: Wi-Fi 7<\/li>\n<li class=\"ml-3xs pl-[15px] relative before:absolute before:w-[8px] before:h-[8px] before:bg-dark before:top-[8px] before:left-0 before:rounded-full\">WLAN Frequenzband: <\/li>\n<div class=\"itemizedlist\">\n<ul class=\"flex flex-col gap-s\">\n<li class=\"ml-3xs pl-[15px] relative before:absolute before:w-[8px] before:h-[8px] before:bg-dark before:top-[8px] before:left-0 before:rounded-full\">2,4 GHz<\/li>\n<li class=\"ml-3xs pl-[15px] relative before:absolute before:w-[8px] before:h-[8px] before:bg-dark before:top-[8px] before:left-0 before:rounded-full\">5 GHz<\/li>\n<li class=\"ml-3xs pl-[15px] relative before:absolute before:w-[8px] before:h-[8px] before:bg-dark before:top-[8px] before:left-0 before:rounded-full\">6 GHz<\/li>\n<\/ul>\n<\/div>\n<li class=\"ml-3xs pl-[15px] relative before:absolute before:w-[8px] before:h-[8px] before:bg-dark before:top-[8px] before:left-0 before:rounded-full\">Bluetooth Typ: 5.4<\/li>\n<\/ul>\n<p><\/span><\/div>\n<\/div>\n<\/li>\n<li class=\"mb-m\">\n<div class=\"flex flex-col m:flex-row gap-s m:gap-xl\">\n<div class=\"text-h3 min-w-[244px] max-w-[244px]\">externe Anschl\u00fcsse<\/div>\n<div class=\"flex flex-col gap-s\"><span class=\"\"><\/p>\n<ul class=\"flex flex-col gap-s\">\n<li class=\"ml-3xs pl-[15px] relative before:absolute before:w-[8px] before:h-[8px] before:bg-dark before:top-[8px] before:left-0 before:rounded-full\">USB-Typ: <\/li>\n<div class=\"itemizedlist\">\n<ul class=\"flex flex-col gap-s\">\n<li class=\"ml-3xs pl-[15px] relative before:absolute before:w-[8px] before:h-[8px] before:bg-dark before:top-[8px] before:left-0 before:rounded-full\">USB 3.2 Gen 2<\/li>\n<li class=\"ml-3xs pl-[15px] relative before:absolute before:w-[8px] before:h-[8px] before:bg-dark before:top-[8px] before:left-0 before:rounded-full\">USB 2.0<\/li>\n<\/ul>\n<\/div>\n<li class=\"ml-3xs pl-[15px] relative before:absolute before:w-[8px] before:h-[8px] before:bg-dark before:top-[8px] before:left-0 before:rounded-full\">Anzahl USB-C: 2 St<\/li>\n<\/ul>\n<p><\/span><\/div>\n<\/div>\n<\/li>\n<li class=\"mb-m\">\n<div class=\"flex flex-col m:flex-row gap-s m:gap-xl\">\n<div class=\"text-h3 min-w-[244px] max-w-[244px]\">Farbe \/ Material<\/div>\n<div class=\"flex flex-col gap-s\"><span class=\"\"><\/p>\n<ul class=\"flex flex-col gap-s\">\n<li class=\"ml-3xs pl-[15px] relative before:absolute before:w-[8px] before:h-[8px] before:bg-dark before:top-[8px] before:left-0 before:rounded-full\">Farbbezeichnung (Hersteller): Eclipse Black<\/li>\n<li class=\"ml-3xs pl-[15px] relative before:absolute before:w-[8px] before:h-[8px] before:bg-dark before:top-[8px] before:left-0 before:rounded-full\">Geh\u00e4usematerial: Aluminium<\/li>\n<li class=\"ml-3xs pl-[15px] relative before:absolute before:w-[8px] before:h-[8px] before:bg-dark before:top-[8px] before:left-0 before:rounded-full\">Farbe: Schwarz<\/li>\n<\/ul>\n<p><\/span><\/div>\n<\/div>\n<\/li>\n<li class=\"mb-m\">\n<div class=\"flex flex-col m:flex-row gap-s m:gap-xl\">\n<div class=\"text-h3 min-w-[244px] max-w-[244px]\">Abmessungen \/ Gewicht<\/div>\n<div class=\"flex flex-col gap-s\"><span class=\"\"><\/p>\n<ul class=\"flex flex-col gap-s\">\n<li class=\"ml-3xs pl-[15px] relative before:absolute before:w-[8px] before:h-[8px] before:bg-dark before:top-[8px] before:left-0 before:rounded-full\">Breite: 129.46 mm<\/li>\n<li class=\"ml-3xs pl-[15px] relative before:absolute before:w-[8px] before:h-[8px] before:bg-dark before:top-[8px] before:left-0 before:rounded-full\">H\u00f6he: 208.54 mm<\/li>\n<li class=\"ml-3xs pl-[15px] relative before:absolute before:w-[8px] before:h-[8px] before:bg-dark before:top-[8px] before:left-0 before:rounded-full\">Tiefe: 7.79 mm<\/li>\n<li class=\"ml-3xs pl-[15px] relative before:absolute before:w-[8px] before:h-[8px] before:bg-dark before:top-[8px] before:left-0 before:rounded-full\">Gewicht: 0.35 kg<\/li>\n<\/ul>\n<p><\/span><\/div>\n<\/div>\n<\/li>\n<li class=\"mb-m\">\n<div class=\"flex flex-col m:flex-row gap-s m:gap-xl\">\n<div class=\"text-h3 min-w-[244px] max-w-[244px]\">Technische Eigenschaften<\/div>\n<div class=\"flex flex-col gap-s\"><span class=\"\"><\/p>\n<ul class=\"flex flex-col gap-s\">\n<li class=\"ml-3xs pl-[15px] relative before:absolute before:w-[8px] before:h-[8px] before:bg-dark before:top-[8px] before:left-0 before:rounded-full\">Sensoren: <\/li>\n<div class=\"itemizedlist\">\n<ul class=\"flex flex-col gap-s\">\n<li class=\"ml-3xs pl-[15px] relative before:absolute before:w-[8px] before:h-[8px] before:bg-dark before:top-[8px] before:left-0 before:rounded-full\">Beschleunigungssensor<\/li>\n<li class=\"ml-3xs pl-[15px] relative before:absolute before:w-[8px] before:h-[8px] before:bg-dark before:top-[8px] before:left-0 before:rounded-full\">Gyrosensor<\/li>\n<li class=\"ml-3xs pl-[15px] relative before:absolute before:w-[8px] before:h-[8px] before:bg-dark before:top-[8px] before:left-0 before:rounded-full\">Hall-Sensor<\/li>\n<li class=\"ml-3xs pl-[15px] relative before:absolute before:w-[8px] before:h-[8px] before:bg-dark before:top-[8px] before:left-0 before:rounded-full\">Naeherungssensor<\/li>\n<li class=\"ml-3xs pl-[15px] relative before:absolute before:w-[8px] before:h-[8px] before:bg-dark before:top-[8px] before:left-0 before:rounded-full\">Umgebungslichtsensor<\/li>\n<\/ul>\n<\/div>\n<li class=\"ml-3xs pl-[15px] relative before:absolute before:w-[8px] before:h-[8px] before:bg-dark before:top-[8px] before:left-0 before:rounded-full\">Staub-\/Wasser-Schutz: IP52<\/li>\n<\/ul>\n<p><\/span><\/div>\n<\/div>\n<\/li>\n<li class=\"mb-m\">\n<div class=\"flex flex-col m:flex-row gap-s m:gap-xl\">\n<div class=\"text-h3 min-w-[244px] max-w-[244px]\">Lieferumfang<\/div>\n<div class=\"flex flex-col gap-s\"><span class=\"\"><\/p>\n<ul class=\"flex flex-col gap-s\">\n<li class=\"ml-3xs pl-[15px] relative before:absolute before:w-[8px] before:h-[8px] before:bg-dark before:top-[8px] before:left-0 before:rounded-full\">Lieferumfang: <\/li>\n<div class=\"itemizedlist\">\n<ul class=\"flex flex-col gap-s\">\n<li class=\"ml-3xs pl-[15px] relative before:absolute before:w-[8px] before:h-[8px] before:bg-dark before:top-[8px] before:left-0 before:rounded-full\">Schutzhuelle<\/li>\n<li class=\"ml-3xs pl-[15px] relative before:absolute before:w-[8px] before:h-[8px] before:bg-dark before:top-[8px] before:left-0 before:rounded-full\">Schutzglas<\/li>\n<\/ul>\n<\/div>\n<li class=\"ml-3xs pl-[15px] relative before:absolute before:w-[8px] before:h-[8px] before:bg-dark before:top-[8px] before:left-0 before:rounded-full\">Netzteil: separat erh\u00e4ltlich<\/li>\n<\/ul>\n<p><\/span><\/div>\n<\/div>\n<\/li>\n","protected":false},"excerpt":{"rendered":"<li class=\"bullet-list-item\">22.35 cm (8.8 Zoll) IPS Display (2560 x 1600, 165 Hz)<\/li>\n<li class=\"bullet-list-item\">Qualcomm 8 Gen 3 Prozessor (8-Core, bis 3.4 GHz), 12 GB RAM<\/li>\n<li class=\"bullet-list-item\">256 GB interner Speicher<\/li>\n<li class=\"bullet-list-item\">13 MP Hauptkamera, 8 MP Frontkamera<\/li>\n<li class=\"bullet-list-item\">WLAN Wi-Fi 7, BT 5.4<\/li>\n<p> Herstellernummer ZAEF0019SE<\/p>","protected":false},"featured_media":43984,"comment_status":"open","ping_status":"closed","template":"","meta":{"_monsterinsights_skip_tracking":false,"_monsterinsights_sitenote_active":false,"_monsterinsights_sitenote_note":"","_monsterinsights_sitenote_category":0,"_uf_show_specific_survey":0,"_uf_disable_surveys":false},"product_brand":[],"product_cat":[450],"product_tag":[],"models":[],"years":[],"class_list":{"0":"post-18272","1":"product","2":"type-product","3":"status-publish","4":"has-post-thumbnail","6":"product_cat-tablets","8":"first","9":"instock","10":"sale","11":"shipping-taxable","12":"purchasable","13":"product-type-simple"},"aioseo_notices":[],"acf":[],"_links":{"self":[{"href":"https:\/\/amannforg.com\/fr\/wp-json\/wp\/v2\/product\/18272","targetHints":{"allow":["GET"]}}],"collection":[{"href":"https:\/\/amannforg.com\/fr\/wp-json\/wp\/v2\/product"}],"about":[{"href":"https:\/\/amannforg.com\/fr\/wp-json\/wp\/v2\/types\/product"}],"replies":[{"embeddable":true,"href":"https:\/\/amannforg.com\/fr\/wp-json\/wp\/v2\/comments?post=18272"}],"version-history":[{"count":1,"href":"https:\/\/amannforg.com\/fr\/wp-json\/wp\/v2\/product\/18272\/revisions"}],"predecessor-version":[{"id":57480,"href":"https:\/\/amannforg.com\/fr\/wp-json\/wp\/v2\/product\/18272\/revisions\/57480"}],"wp:featuredmedia":[{"embeddable":true,"href":"https:\/\/amannforg.com\/fr\/wp-json\/wp\/v2\/media\/43984"}],"wp:attachment":[{"href":"https:\/\/amannforg.com\/fr\/wp-json\/wp\/v2\/media?parent=18272"}],"wp:term":[{"taxonomy":"product_brand","embeddable":true,"href":"https:\/\/amannforg.com\/fr\/wp-json\/wp\/v2\/product_brand?post=18272"},{"taxonomy":"product_cat","embeddable":true,"href":"https:\/\/amannforg.com\/fr\/wp-json\/wp\/v2\/product_cat?post=18272"},{"taxonomy":"product_tag","embeddable":true,"href":"https:\/\/amannforg.com\/fr\/wp-json\/wp\/v2\/product_tag?post=18272"},{"taxonomy":"models","embeddable":true,"href":"https:\/\/amannforg.com\/fr\/wp-json\/wp\/v2\/models?post=18272"},{"taxonomy":"years","embeddable":true,"href":"https:\/\/amannforg.com\/fr\/wp-json\/wp\/v2\/years?post=18272"}],"curies":[{"name":"wp","href":"https:\/\/api.w.org\/{rel}","templated":true}]}}