{"id":21656,"date":"2026-02-28T11:41:56","date_gmt":"2026-02-28T11:41:56","guid":{"rendered":"https:\/\/amannforg.com\/?post_type=product&#038;p=21656"},"modified":"2026-03-13T11:31:29","modified_gmt":"2026-03-13T11:31:29","slug":"lenovo-thinkpad-thunderbolt-5-smart-dock-7500-8k-60hz-4k-240hz-2x-dp-1x-hdmi-2x-tb5-3x-usb-a-10gbps-2x-usb-c-2-5-gbit-lan-180w-pd-3-1-265w-netzteil","status":"publish","type":"product","link":"https:\/\/amannforg.com\/fr\/produit\/lenovo-thinkpad-thunderbolt-5-smart-dock-7500-8k-60hz-4k-240hz-2x-dp-1x-hdmi-2x-tb5-3x-usb-a-10gbps-2x-usb-c-2-5-gbit-lan-180w-pd-3-1-265w-netzteil\/","title":{"rendered":"Lenovo ThinkPad Thunderbolt 5 Smart Dock 7500 &#8211; 8K\/60Hz, 4K\/240Hz, 2x DP, 1x HDMI, 2x TB5, 3x USB-A (10Gbps) 2x USB-C, 2.5 Gbit-LAN, 180W PD 3.1, 265W Netzteil"},"content":{"rendered":"<p class=\"mb-l\">\n<div class=\"titlepage\">\n<h2 class=\"text-h3 mb-l\">Ein Dock. Unendliche M\u00f6glichkeiten.<\/h2>\n<\/div>\n<p class=\"mb-l\">Begeben Sie sich mit dem ThinkPad Thunderbolt 5 Smart Dock 7500 in eine neue \u00c4ra der Konnektivit\u00e4t und Erweiterung. Es ist das Gehirn hinter Ihrem gesamten Betrieb und verwandelt Ihren neuen Lenovo Mobile Workstation Laptop der P-Serie in eine Kraftzentrale. Es wurde entwickelt, um Ihren Arbeitsbereich zu verbessern, und kombiniert modernste Thunderbolt\u2122 5-Leistung mit nahtlosem cloudbasiertem Management und einem starken Engagement f\u00fcr Nachhaltigkeit.<\/p>\n<p class=\"mb-l\">\n<div class=\"titlepage\">\n<h2 class=\"text-h3 mb-l\">Hauptfunktionen<\/h2>\n<\/div>\n<div class=\"itemizedlist\">\n<ul class=\"bullet-list\">\n<li class=\"bullet-list-item\"><i>Vereinfachtes Cloud-Management:<\/i> Die Zeiten manueller Updates und Fehlerbehebung an jedem einzelnen Arbeitsplatz sind vorbei. Mit Lenovo Accessories Fleet Manager kann die IT-Abteilung Ger\u00e4te f\u00fcr ganze Teams \u00fcberwachen und verwalten \u2013 aus der Ferne, m\u00fchelos und in Echtzeit. Es handelt sich um eine intelligente Infrastruktur f\u00fcr die hybride Welt.<\/li>\n<li class=\"bullet-list-item\"><i>Extreme Leistung:<\/i> Thunderbolt\u2122 5 bietet eine blitzschnelle Bandbreite von bis zu 120 Gbit\/s \u2013 perfekt f\u00fcr Profis, die mehr Bildschirmfl\u00e4che und eine sch\u00e4rfere Aufl\u00f6sung ben\u00f6tigen. Betreiben Sie bis zu 3 x 8K @ 60Hz-Displays plus 1 x 4K @ 60Hz oder entscheiden Sie sich f\u00fcr eine extrem fl\u00fcssige Wiedergabe mit 2 x 4K @ 240Hz und 2 x 4K bei 120 Hz. Au\u00dferdem unterst\u00fctzt PD 3.1 bis zu 180 W.<\/li>\n<li class=\"bullet-list-item\"><i>Mit Bedacht gebaut:<\/i> Nachhaltigkeit ist kein nachtr\u00e4glicher Einfall \u2013 sie ist Teil der DNA dieses Docks. Es besteht zu 90 % aus recycelten Materialien und wird in einer Verpackung geliefert, die frei von Kunststoff und gr\u00f6\u00dftenteils recycelt ist. Damit spiegelt es den Wandel hin zu einem intelligenteren, saubereren Design wider. Es ist T\u00dcV-zertifiziert und CO2-neutral.<\/li>\n<\/ul>\n<\/div>\n<p class=\"mb-l\">\n<div class=\"titlepage\">\n<h2 class=\"text-h3 mb-l\">Inhalt<\/h2>\n<\/div>\n<div class=\"itemizedlist\">\n<ul class=\"bullet-list\">\n<li class=\"bullet-list-item\">Thunderbolt 5 Smart Dock mit integriertem 1m Thunderbolt 5-Kabel<\/li>\n<li class=\"bullet-list-item\">265-W-Netzteil<\/li>\n<li class=\"bullet-list-item\">Netzkabel<\/li>\n<li class=\"bullet-list-item\">Lenovo Zubeh\u00f6r Fleet Manager Flyer<\/li>\n<li class=\"bullet-list-item\">Einrichtungsanleitung<\/li>\n<li class=\"bullet-list-item\">Garantiekarte<\/li>\n<\/ul>\n<\/div>\n<li class=\"mb-m\">\n<div class=\"flex flex-col m:flex-row gap-s m:gap-xl\">\n<div class=\"text-h3 min-w-[244px] max-w-[244px]\">Anzahl GB-LAN Ports (1000 Mbit\/s)<\/div>\n<div class=\"flex flex-col gap-s\"><span class=\"\"><\/p>\n<ul class=\"flex flex-col gap-s\">\n<li class=\"ml-3xs pl-[15px] relative before:absolute before:w-[8px] before:h-[8px] before:bg-dark before:top-[8px] before:left-0 before:rounded-full\">1 St<\/li>\n<\/ul>\n<p><\/span><\/div>\n<\/div>\n<\/li>\n<li class=\"mb-m\">\n<div class=\"flex flex-col m:flex-row gap-s m:gap-xl\">\n<div class=\"text-h3 min-w-[244px] max-w-[244px]\">Farbe<\/div>\n<div class=\"flex flex-col gap-s\"><span class=\"\"><\/p>\n<ul class=\"flex flex-col gap-s\">\n<li class=\"ml-3xs pl-[15px] relative before:absolute before:w-[8px] before:h-[8px] before:bg-dark before:top-[8px] before:left-0 before:rounded-full\">Schwarz<\/li>\n<\/ul>\n<p><\/span><\/div>\n<\/div>\n<\/li>\n<li class=\"mb-m\">\n<div class=\"flex flex-col m:flex-row gap-s m:gap-xl\">\n<div class=\"text-h3 min-w-[244px] max-w-[244px]\">Energieversorgung<\/div>\n<div class=\"flex flex-col gap-s\"><span class=\"\"><\/p>\n<ul class=\"flex flex-col gap-s\">\n<li class=\"ml-3xs pl-[15px] relative before:absolute before:w-[8px] before:h-[8px] before:bg-dark before:top-[8px] before:left-0 before:rounded-full\">Leistung: 180 W<\/li>\n<li class=\"ml-3xs pl-[15px] relative before:absolute before:w-[8px] before:h-[8px] before:bg-dark before:top-[8px] before:left-0 before:rounded-full\">St\u00e4rke Netzteil: 265 W<\/li>\n<li class=\"ml-3xs pl-[15px] relative before:absolute before:w-[8px] before:h-[8px] before:bg-dark before:top-[8px] before:left-0 before:rounded-full\">Unterst\u00fctzt USB-PD (Power Delivery): USB PD 3.1<\/li>\n<\/ul>\n<p><\/span><\/div>\n<\/div>\n<\/li>\n<li class=\"mb-m\">\n<div class=\"flex flex-col m:flex-row gap-s m:gap-xl\">\n<div class=\"text-h3 min-w-[244px] max-w-[244px]\">externe Anschl\u00fcsse<\/div>\n<div class=\"flex flex-col gap-s\"><span class=\"\"><\/p>\n<ul class=\"flex flex-col gap-s\">\n<li class=\"ml-3xs pl-[15px] relative before:absolute before:w-[8px] before:h-[8px] before:bg-dark before:top-[8px] before:left-0 before:rounded-full\">Anzahl Displayport: 2 St<\/li>\n<li class=\"ml-3xs pl-[15px] relative before:absolute before:w-[8px] before:h-[8px] before:bg-dark before:top-[8px] before:left-0 before:rounded-full\">Anzahl HDMI: 1 St<\/li>\n<li class=\"ml-3xs pl-[15px] relative before:absolute before:w-[8px] before:h-[8px] before:bg-dark before:top-[8px] before:left-0 before:rounded-full\">Anzahl Thunderbolt 5: 2 St<\/li>\n<li class=\"ml-3xs pl-[15px] relative before:absolute before:w-[8px] before:h-[8px] before:bg-dark before:top-[8px] before:left-0 before:rounded-full\">USB-Typ: USB-C<\/li>\n<li class=\"ml-3xs pl-[15px] relative before:absolute before:w-[8px] before:h-[8px] before:bg-dark before:top-[8px] before:left-0 before:rounded-full\">Anzahl USB 3.2: 3 St<\/li>\n<li class=\"ml-3xs pl-[15px] relative before:absolute before:w-[8px] before:h-[8px] before:bg-dark before:top-[8px] before:left-0 before:rounded-full\">Anzahl USB-C: 2 St<\/li>\n<li class=\"ml-3xs pl-[15px] relative before:absolute before:w-[8px] before:h-[8px] before:bg-dark before:top-[8px] before:left-0 before:rounded-full\">ext. Anschl\u00fcsse: 3,5 mm Klinke<\/li>\n<li class=\"ml-3xs pl-[15px] relative before:absolute before:w-[8px] before:h-[8px] before:bg-dark before:top-[8px] before:left-0 before:rounded-full\">Ethernet: 2,5 Gbit\/s<\/li>\n<\/ul>\n<p><\/span><\/div>\n<\/div>\n<\/li>\n<li class=\"mb-m\">\n<div class=\"flex flex-col m:flex-row gap-s m:gap-xl\">\n<div class=\"text-h3 min-w-[244px] max-w-[244px]\">Abmessungen \/ Gewicht<\/div>\n<div class=\"flex flex-col gap-s\"><span class=\"\"><\/p>\n<ul class=\"flex flex-col gap-s\">\n<li class=\"ml-3xs pl-[15px] relative before:absolute before:w-[8px] before:h-[8px] before:bg-dark before:top-[8px] before:left-0 before:rounded-full\">Breite: 235 mm<\/li>\n<li class=\"ml-3xs pl-[15px] relative before:absolute before:w-[8px] before:h-[8px] before:bg-dark before:top-[8px] before:left-0 before:rounded-full\">H\u00f6he: 80 mm<\/li>\n<li class=\"ml-3xs pl-[15px] relative before:absolute before:w-[8px] before:h-[8px] before:bg-dark before:top-[8px] before:left-0 before:rounded-full\">Tiefe: 30 mm<\/li>\n<li class=\"ml-3xs pl-[15px] relative before:absolute before:w-[8px] before:h-[8px] before:bg-dark before:top-[8px] before:left-0 before:rounded-full\">Gewicht: 0.586 kg<\/li>\n<\/ul>\n<p><\/span><\/div>\n<\/div>\n<\/li>\n","protected":false},"excerpt":{"rendered":"<li class=\"bullet-list-item\">Inkl. Lenovo Accessories Fleet Manager (LAFM) f\u00fcr Ferndiagnosen, Updates und Steuerungsfunktionen \u2013 alles \u00fcber die Cloud<\/li>\n<li class=\"bullet-list-item\">Anschl\u00fcsse: 2x DP 1.4, 1x HDMI 2.1, 2x Thunderbolt 5, 3x USB-A 3.2 Gen2, 2x USB-C 3.2 Gen2, 2.5 Gbit-LAN, 2x Kensington Lock Slot (1x Microsaver, 1x Nanosaver), 3.5 mm Klinke<\/li>\n<li class=\"bullet-list-item\">Power Delivery 3.1 &#8211; bis zu 180W Ladeleistung, 265W Netzteil<\/li>\n<li class=\"bullet-list-item\">Abmessungen: BxHxT 235 x 80 x 30 mm<\/li>\n<li class=\"bullet-list-item\">Kompatibilit\u00e4t: Windows 10 oder h\u00f6her, macOS Sequoia, macOS Sonoma<\/li>\n<p> Herstellernummer 40BA0265EU<\/p>","protected":false},"featured_media":44233,"comment_status":"open","ping_status":"closed","template":"","meta":{"_monsterinsights_skip_tracking":false,"_monsterinsights_sitenote_active":false,"_monsterinsights_sitenote_note":"","_monsterinsights_sitenote_category":0,"_uf_show_specific_survey":0,"_uf_disable_surveys":false},"product_brand":[],"product_cat":[453],"product_tag":[],"models":[],"years":[],"class_list":{"0":"post-21656","1":"product","2":"type-product","3":"status-publish","4":"has-post-thumbnail","6":"product_cat-zubehor-notebooks","8":"first","9":"instock","10":"sale","11":"featured","12":"shipping-taxable","13":"purchasable","14":"product-type-simple"},"aioseo_notices":[],"acf":[],"_links":{"self":[{"href":"https:\/\/amannforg.com\/fr\/wp-json\/wp\/v2\/product\/21656","targetHints":{"allow":["GET"]}}],"collection":[{"href":"https:\/\/amannforg.com\/fr\/wp-json\/wp\/v2\/product"}],"about":[{"href":"https:\/\/amannforg.com\/fr\/wp-json\/wp\/v2\/types\/product"}],"replies":[{"embeddable":true,"href":"https:\/\/amannforg.com\/fr\/wp-json\/wp\/v2\/comments?post=21656"}],"version-history":[{"count":1,"href":"https:\/\/amannforg.com\/fr\/wp-json\/wp\/v2\/product\/21656\/revisions"}],"predecessor-version":[{"id":57538,"href":"https:\/\/amannforg.com\/fr\/wp-json\/wp\/v2\/product\/21656\/revisions\/57538"}],"wp:featuredmedia":[{"embeddable":true,"href":"https:\/\/amannforg.com\/fr\/wp-json\/wp\/v2\/media\/44233"}],"wp:attachment":[{"href":"https:\/\/amannforg.com\/fr\/wp-json\/wp\/v2\/media?parent=21656"}],"wp:term":[{"taxonomy":"product_brand","embeddable":true,"href":"https:\/\/amannforg.com\/fr\/wp-json\/wp\/v2\/product_brand?post=21656"},{"taxonomy":"product_cat","embeddable":true,"href":"https:\/\/amannforg.com\/fr\/wp-json\/wp\/v2\/product_cat?post=21656"},{"taxonomy":"product_tag","embeddable":true,"href":"https:\/\/amannforg.com\/fr\/wp-json\/wp\/v2\/product_tag?post=21656"},{"taxonomy":"models","embeddable":true,"href":"https:\/\/amannforg.com\/fr\/wp-json\/wp\/v2\/models?post=21656"},{"taxonomy":"years","embeddable":true,"href":"https:\/\/amannforg.com\/fr\/wp-json\/wp\/v2\/years?post=21656"}],"curies":[{"name":"wp","href":"https:\/\/api.w.org\/{rel}","templated":true}]}}