{"id":21867,"date":"2026-02-28T11:42:48","date_gmt":"2026-02-28T11:42:48","guid":{"rendered":"https:\/\/amannforg.com\/?post_type=product&#038;p=21867"},"modified":"2026-03-07T16:25:19","modified_gmt":"2026-03-07T16:25:19","slug":"owc-2tb-envoy-ultra-thunderbolt-5-80gb-s-usb4-40gb-s-portable-ssd","status":"publish","type":"product","link":"https:\/\/amannforg.com\/fr\/produit\/owc-2tb-envoy-ultra-thunderbolt-5-80gb-s-usb4-40gb-s-portable-ssd\/","title":{"rendered":"OWC 2TB Envoy Ultra Thunderbolt 5 (80Gb\/s)\/ USB4 (40Gb\/s) Portable SSD"},"content":{"rendered":"<p class=\"mb-l\">\n<div class=\"titlepage\">\n<h2 class=\"text-h3 mb-l\">Die erste und schnellste tragbare SSD <\/h2>\n<\/div>\n<p class=\"mb-l\">\n<div class=\"titlepage\">\n<h2 class=\"text-h3 mb-l\">mit Thunderbolt 5*<\/h2>\n<\/div>\n<p class=\"mb-l\"><u>*<sub>Stand Februar 2025<\/sub><\/u><\/p>\n<p class=\"mb-l\">\n<div class=\"titlepage\">\n<h2 class=\"text-h3 mb-l\">Robust. Zuverl\u00e4ssig. Revolution\u00e4r.<\/h2>\n<\/div>\n<p class=\"mb-l\">Gebaut wie ein Panzer f\u00fcr die Robustheit, die Sie \u00fcberall hin mitnehmen k\u00f6nnen. Busbetrieben mit integriertem Kabel f\u00fcr h\u00f6chsten Komfort. Umwerfende, revolution\u00e4re Geschwindigkeit in der realen Welt von \u00fcber 6000 MB\/s1,2. Envoy Ultra bietet Ihnen das Beste von allem in Ihrer Handfl\u00e4che mit der Zuverl\u00e4ssigkeit, auf die Sie sich beim bew\u00e4hrten weltweiten Marktf\u00fchrer f\u00fcr Thunderbolt-Innovationen verlassen k\u00f6nnen.<\/p>\n<p class=\"mb-l\">\n<div class=\"titlepage\">\n<h2 class=\"text-h3 mb-l\">Unverlierbares Kabel<\/h2>\n<\/div>\n<p class=\"mb-l\">(1) Thunderbolt 5 (USB-C)<\/p>\n<p class=\"mb-l\">\n<div class=\"titlepage\">\n<h2 class=\"text-h3 mb-l\">Daten\u00fcbertragungsrate (maximal)<\/h2>\n<\/div>\n<p class=\"mb-l\">Thunderbolt 5: Bis zu 80 Gbit\/s<\/p>\n<p class=\"mb-l\">USB4: Bis zu 40 Gbit\/s (oder 5000 MB\/s)<\/p>\n<p class=\"mb-l\">\n<div class=\"titlepage\">\n<h2 class=\"text-h3 mb-l\">Chipsatz \/ Controller<\/h2>\n<\/div>\n<p class=\"mb-l\">Thunderbolt: JHL9480<\/p>\n<p class=\"mb-l\">\n<div class=\"titlepage\">\n<h2 class=\"text-h3 mb-l\">Anforderungen an die Hostschnittstelle<\/h2>\n<\/div>\n<p class=\"mb-l\">Thunderbolt 5-Anschluss<\/p>\n<p class=\"mb-l\">Thunderbolt 4-Anschluss<\/p>\n<p class=\"mb-l\">Thunderbolt 3-Anschluss (nur Mac)<\/p>\n<p class=\"mb-l\">USB4-Anschluss<\/p>\n<p class=\"mb-l\">\n<div class=\"titlepage\">\n<h2 class=\"text-h3 mb-l\">Maximale Leistung und Kompatibilit\u00e4t<\/h2>\n<\/div>\n<p class=\"mb-l\">Envoy Ultra nutzt die fortschrittliche Thunderbolt 5-Technologie f\u00fcr eine doppelte Leistung, mit der Sie die interne Speichergeschwindigkeit Ihrer Maschine erreichen k\u00f6nnen. Sie beseitigen auch Engp\u00e4sse, wenn Sie das Envoy Ultra an ein Thunderbolt 3-, Thunderbolt 4- oder USB4-Ger\u00e4t anschlie\u00dfen. Schlie\u00dfen Sie einfach das integrierte Kabel des Envoy Ultra an, um maximale Leistung bei maximaler Kompatibilit\u00e4t zu genie\u00dfen.<\/p>\n<p class=\"mb-l\">\n<div class=\"titlepage\">\n<h2 class=\"text-h3 mb-l\">Ultraschnell<\/h2>\n<\/div>\n<p class=\"mb-l\">\u00dcber 6000 MB\/s1,2 \u2026 bis zu 2x schneller als Thunderbolt 4 und USB4<\/p>\n<p class=\"mb-l\">\n<div class=\"titlepage\">\n<h2 class=\"text-h3 mb-l\">Ultra Maximizer<\/h2>\n<\/div>\n<p class=\"mb-l\">Erzielt die h\u00f6chstm\u00f6gliche Geschwindigkeit von Thunderbolt 3-, Thunderbolt 4- und USB4-Ger\u00e4ten<\/p>\n<p class=\"mb-l\">\n<div class=\"titlepage\">\n<h2 class=\"text-h3 mb-l\">Ultrabereit<\/h2>\n<\/div>\n<p class=\"mb-l\">Bew\u00e4ltigen Sie ganz einfach den t\u00e4glichen Datenbedarf f\u00fcr kreative Projekte auf Profi-Niveau und passen Sie gleichzeitig die interne Speicherleistung an<\/p>\n<p class=\"mb-l\">\n<div class=\"titlepage\">\n<h2 class=\"text-h3 mb-l\">Ultrakompatibel<\/h2>\n<\/div>\n<p class=\"mb-l\">Funktioniert mit Macs, PCs, iPad Pros, Chromebooks und Surface-Ger\u00e4ten3<\/p>\n<p class=\"mb-l\">\n<div class=\"titlepage\">\n<h2 class=\"text-h3 mb-l\">Wetterfest<\/h2>\n<\/div>\n<p class=\"mb-l\">Sch\u00fctzt Daten vor Staub, St\u00fcrzen und Regenf\u00e4llen<\/p>\n<p class=\"mb-l\">\n<div class=\"titlepage\">\n<h2 class=\"text-h3 mb-l\">Extrem praktisch<\/h2>\n<\/div>\n<p class=\"mb-l\">Busbetrieben mit integriertem Thunderbolt-Kabel<\/p>\n<p class=\"mb-l\">\n<div class=\"titlepage\">\n<h2 class=\"text-h3 mb-l\">Extrem leise<\/h2>\n<\/div>\n<p class=\"mb-l\">L\u00fcfterloses, w\u00e4rmeableitendes Aluminiumdesign<\/p>\n<p class=\"mb-l\">\n<div class=\"titlepage\">\n<h2 class=\"text-h3 mb-l\">Seien Sie Ihr Bestes mit den Besten<\/h2>\n<\/div>\n<p class=\"mb-l\">Mit den besten Daten\u00fcbertragungsraten, die in einem externen Laufwerk verf\u00fcgbar sind, ist Envoy Ultra die ultimative L\u00f6sung, wenn Sie Ihr Bestes geben m\u00fcssen:<\/p>\n<p class=\"mb-l\">DITs ben\u00f6tigen ein Hochleistungs-Shuttle-Laufwerk f\u00fcr Backups.<\/p>\n<p class=\"mb-l\">Professionelle Videoeditoren, die mit Codecs mit hoher Bitrate und hohen Aufl\u00f6sungen von Kinokameras arbeiten.<\/p>\n<p class=\"mb-l\">VFX-K\u00fcnstler und Coloristen, die DPX\/EXR-Sequenzen bearbeiten.<\/p>\n<p class=\"mb-l\">Sport-, Hochzeits- und Gro\u00dfserienfotografen, die h\u00f6chste Workflow-Effizienz suchen.<\/p>\n<p class=\"mb-l\">Leistungsbegeisterte, die eine externe SSD suchen, deren Leistung dem internen Speicher entspricht.<\/p>\n<p class=\"mb-l\">Spieler, die sich schnellste Ladezeiten, verz\u00f6gerungsfreie Leistung und schnelles Teilen ihres Gameplays in sozialen Netzwerken w\u00fcnschen.<\/p>\n<p class=\"mb-l\">Stellen Sie sich die M\u00f6glichkeiten vor, wenn Sie im Vergleich zu Thunderbolt 4 und USB4 doppelt so schnell arbeiten k\u00f6nnen \u2026<\/p>\n<p class=\"mb-l\">\n<div class=\"titlepage\">\n<h2 class=\"text-h3 mb-l\">Die ganze Welt ist deine B\u00fchne<\/h2>\n<\/div>\n<p class=\"mb-l\">Produzieren Sie Ihr n\u00e4chstes Meisterwerk mit Envoy Ultra, wo immer Sie wollen. Mit dem Besten aller Welten im Bereich tragbarer Speicher \u2013 robuste Zuverl\u00e4ssigkeit, revolution\u00e4re Geschwindigkeit und enorme Kapazit\u00e4t \u2013 ist Envoy Ultra Ihr Co-Star auf der kreativen B\u00fchne, wo Ihre Leistung unvergesslich sein muss.<\/p>\n<p class=\"mb-l\">Platzieren Sie eine riesige Asset-Bibliothek auf diesem tragbaren Kraftpaket, sodass Ihnen grenzenlose Kreativit\u00e4t zur Verf\u00fcgung steht. Bearbeiten und rendern Sie hochaufl\u00f6sende Bilder und Videomaterial und \u00fcbertragen Sie sie dann mit unglaublich hoher Geschwindigkeit. Erweitern Sie den Speicher Ihres Notebooks und passen Sie es gleichzeitig an die Leistung der internen SSD an. Und wenn Sie das Envoy Ultra gemeinsam nutzen m\u00fcssen, k\u00f6nnen Sie es mit der OWC MacDrive-Software (separat erh\u00e4ltlich) problemlos austauschbar mit Macs und PCs verwenden.<\/p>\n<p class=\"mb-l\">\n<div class=\"titlepage\">\n<h2 class=\"text-h3 mb-l\">Verbessern Sie Ihr Gaming<\/h2>\n<\/div>\n<p class=\"mb-l\">Ihr Gaming wird viel mehr Spa\u00df machen, wenn Sie Ihre F\u00e4higkeiten mit Envoy Ultra auf die n\u00e4chste Stufe bringen. Tragen Sie Ihre Lieblingstitel bei sich und laden Sie sie im Handumdrehen. Lassen Sie die Verz\u00f6gerung f\u00fcr immer hinter sich. Nehmen Sie Gameplay-Videos, Screenshots und Livestreams nahezu sofort auf, bearbeiten und teilen Sie sie auf YouTube, Twitch und Facebook.<\/p>\n<p class=\"mb-l\">\n<div class=\"titlepage\">\n<h2 class=\"text-h3 mb-l\">Thunderbolt 5 ist ECHT<\/h2>\n<\/div>\n<p class=\"mb-l\">\n<div class=\"titlepage\">\n<h2 class=\"text-h3 mb-l\">Intels Thunderbolt-Technologie der n\u00e4chsten Generation<\/h2>\n<\/div>\n<p class=\"mb-l\">Mit der doppelten Gesamtbandbreite im Vergleich zu fr\u00fcheren Generationen erschlie\u00dft Thunderbolt 5 das volle Potenzial der neuesten M4 Pro- und M4 Max-Chips von Apple. Thunderbolt 5 erm\u00f6glicht Laufwerke und Hubs, die Daten nicht nur schneller, sondern auch noch mehr Daten schneller \u00fcbertragen und so Ihren Arbeitsablauf in ein Gl\u00fccksgef\u00fchl ohne Engp\u00e4sse versetzen.<\/p>\n<p class=\"mb-l\">\n<div class=\"titlepage\">\n<h2 class=\"text-h3 mb-l\">Ein faszinierender Leistungsvorteil<\/h2>\n<\/div>\n<p class=\"mb-l\">Das unverlierbare Kabel des Envoy Ultra bietet mehr als nur die M\u00f6glichkeit, immer einsatzbereit zu sein und nie nach einem Verbindungskabel suchen zu m\u00fcssen. Das gekapselte Kabel macht Envoy Ultra wasserdicht4 und erm\u00f6glicht eine gezielte Abstimmung des Flash-Speichers. Das Ergebnis ist eine robuste, handtellergro\u00dfe SSD, mit der Sie die h\u00f6chste reale Leistung und Zuverl\u00e4ssigkeit genie\u00dfen k\u00f6nnen, die ein Thunderbolt-zertifiziertes Laufwerk bietet.<\/p>\n<p class=\"mb-l\">\n<div class=\"titlepage\">\n<h2 class=\"text-h3 mb-l\">Ein faszinierender Leistungsvorteil<\/h2>\n<\/div>\n<p class=\"mb-l\">Funktioniert f\u00fcr alle OWC-Produkte werden auf der ganzen Welt wegen ihrer Benutzerfreundlichkeit und Zuverl\u00e4ssigkeit \u201eIt Just Works\u2122\u201c gesch\u00e4tzt. Envoy Ultra ist mit dem Apple File System (APFS) formatiert, sodass Sie es einfach an Ihren Mac oder Ihr iPad Pro anschlie\u00dfen und loslegen k\u00f6nnen. Machen Sie sich keine Sorgen, wenn Sie ein PC-Benutzer sind. Mit dem kostenlosen Drive Guide von OWC k\u00f6nnen Sie Ihre Festplatte in Sekundenschnelle f\u00fcr Windows neu formatieren.<\/p>\n<p class=\"mb-l\">\n<div class=\"titlepage\">\n<h2 class=\"text-h3 mb-l\">Zertifiziertes Vertrauen<\/h2>\n<\/div>\n<p class=\"mb-l\">Wie alle OWC-Speicherprodukte durchlief Envoy Ultra strenge Entwicklungstestprozesse, einschlie\u00dflich einer intensiven obligatorischen Thunderbolt-Zertifizierung. Diese \u00fcberaus fokussierte Liebe zum Detail tr\u00e4gt dazu bei, dass Sie bei der Verwendung von Envoy Ultra mit einer breiten Palette von Produkten und Marken ein garantiert konsistentes Erlebnis genie\u00dfen.<\/p>\n<p class=\"mb-l\">Dann wurde es nahezu sadistischen Umwelteinfl\u00fcssen ausgesetzt, um ihm die legend\u00e4re panzerartige Robustheit zu verleihen, auf die Profis, die auf diesem Gebiet arbeiten, ihren Ruf setzen. Als letzte Zuverl\u00e4ssigkeitsgarantie durchl\u00e4uft jedes Envoy Ultra vor dem Versand eine mehrstufige Leistungs\u00fcberpr\u00fcfung.<\/p>\n<p class=\"mb-l\">\n<div class=\"titlepage\">\n<h2 class=\"text-h3 mb-l\">Lieferumfang<\/h2>\n<\/div>\n<p class=\"mb-l\">2,0 TB OWC Envoy Ultra SSD<\/p>\n<p class=\"mb-l\">OWC Envoy Ultra Erste Schritte QR-Einsteckkarte<\/p>\n<p class=\"mb-l\">Support-Handbuch f\u00fcr OWC Envoy Ultra (digital)<\/p>\n<p class=\"mb-l\">\n<div class=\"titlepage\">\n<h2 class=\"text-h3 mb-l\">Systemvoraussetzungen<\/h2>\n<\/div>\n<p class=\"mb-l\">macOS 14.x Sonoma<\/p>\n<p class=\"mb-l\">macOS 15.x Sequoia<\/p>\n<p class=\"mb-l\">Windows 10 32-bit Edition<\/p>\n<p class=\"mb-l\">Windows 10 64-bit Edition<\/p>\n<p class=\"mb-l\">Windows Server 2019<\/p>\n<p class=\"mb-l\">Windows Server 2022<\/p>\n<p class=\"mb-l\">Windows 11<\/p>\n<p class=\"mb-l\">Linux OS<\/p>\n<p class=\"mb-l\">iPadOS 17<\/p>\n<p class=\"mb-l\">iPadOS 18<\/p>\n<p class=\"mb-l\">Chrome OS<\/p>\n<p class=\"mb-l\">\n<div class=\"titlepage\">\n<h2 class=\"text-h3 mb-l\">Andere Voraussetzungen<\/h2>\n<\/div>\n<p class=\"mb-l\">Thunderbolt 5 f\u00fcr Mac erfordert macOS 15.x oder h\u00f6her.<\/p>\n<p class=\"mb-l\">Thunderbolt 5 f\u00fcr PC erfordert Windows 11.<\/p>\n<p class=\"mb-l\">Thunderbolt 4- und USB4-Verbindungen auf einem Apple Silicon Mac erfordern macOS Version 14.x oder h\u00f6her.<\/p>\n<p class=\"mb-l\">Thunderbolt 3-Unterst\u00fctzung ist nur f\u00fcr Mac verf\u00fcgbar und erfordert macOS Version 15.x oder h\u00f6her.<\/p>\n<p class=\"mb-l\">USB4-Verbindungen f\u00fcr ein Chromebook oder Surface erfordern die neueste Version von Chrome OS.<\/p>\n<p class=\"mb-l\">Linux-Benutzer sollten die neueste Version von Ubuntu verwenden.<\/p>\n<div class=\"titlepage\">\n<h2 class=\"text-h3 mb-l\">Bitte beachten<\/h2>\n<\/div>\n<p class=\"mb-l\">Weitere abgebildete Hardware geh\u00f6rt nicht zum Lieferumfang<\/p>\n<li class=\"mb-m\">\n<div class=\"flex flex-col m:flex-row gap-s m:gap-xl\">\n<div class=\"text-h3 min-w-[244px] max-w-[244px]\">interner Speicher<\/div>\n<div class=\"flex flex-col gap-s\"><span class=\"\"><\/p>\n<ul class=\"flex flex-col gap-s\">\n<li class=\"ml-3xs pl-[15px] relative before:absolute before:w-[8px] before:h-[8px] before:bg-dark before:top-[8px] before:left-0 before:rounded-full\">2000 GB<\/li>\n<\/ul>\n<p><\/span><\/div>\n<\/div>\n<\/li>\n<li class=\"mb-m\">\n<div class=\"flex flex-col m:flex-row gap-s m:gap-xl\">\n<div class=\"text-h3 min-w-[244px] max-w-[244px]\">Farbe \/ Material<\/div>\n<div class=\"flex flex-col gap-s\"><span class=\"\"><\/p>\n<ul class=\"flex flex-col gap-s\">\n<li class=\"ml-3xs pl-[15px] relative before:absolute before:w-[8px] before:h-[8px] before:bg-dark before:top-[8px] before:left-0 before:rounded-full\">Farbe: Schwarz<\/li>\n<li class=\"ml-3xs pl-[15px] relative before:absolute before:w-[8px] before:h-[8px] before:bg-dark before:top-[8px] before:left-0 before:rounded-full\">Material: Aluminium<\/li>\n<\/ul>\n<p><\/span><\/div>\n<\/div>\n<\/li>\n<li class=\"mb-m\">\n<div class=\"flex flex-col m:flex-row gap-s m:gap-xl\">\n<div class=\"text-h3 min-w-[244px] max-w-[244px]\">externe Anschl\u00fcsse<\/div>\n<div class=\"flex flex-col gap-s\"><span class=\"\"><\/p>\n<ul class=\"flex flex-col gap-s\">\n<li class=\"ml-3xs pl-[15px] relative before:absolute before:w-[8px] before:h-[8px] before:bg-dark before:top-[8px] before:left-0 before:rounded-full\">Anzahl Thunderbolt 5: 1 St<\/li>\n<li class=\"ml-3xs pl-[15px] relative before:absolute before:w-[8px] before:h-[8px] before:bg-dark before:top-[8px] before:left-0 before:rounded-full\">USB-Typ: USB-C<\/li>\n<\/ul>\n<p><\/span><\/div>\n<\/div>\n<\/li>\n<li class=\"mb-m\">\n<div class=\"flex flex-col m:flex-row gap-s m:gap-xl\">\n<div class=\"text-h3 min-w-[244px] max-w-[244px]\">Abmessungen \/ Gewicht<\/div>\n<div class=\"flex flex-col gap-s\"><span class=\"\"><\/p>\n<ul class=\"flex flex-col gap-s\">\n<li class=\"ml-3xs pl-[15px] relative before:absolute before:w-[8px] before:h-[8px] before:bg-dark before:top-[8px] before:left-0 before:rounded-full\">Breite: 75 mm<\/li>\n<li class=\"ml-3xs pl-[15px] relative before:absolute before:w-[8px] before:h-[8px] before:bg-dark before:top-[8px] before:left-0 before:rounded-full\">H\u00f6he: 20 mm<\/li>\n<li class=\"ml-3xs pl-[15px] relative before:absolute before:w-[8px] before:h-[8px] before:bg-dark before:top-[8px] before:left-0 before:rounded-full\">Tiefe: 130 mm<\/li>\n<li class=\"ml-3xs pl-[15px] relative before:absolute before:w-[8px] before:h-[8px] before:bg-dark before:top-[8px] before:left-0 before:rounded-full\">Gewicht: 0.341 kg<\/li>\n<li class=\"ml-3xs pl-[15px] relative before:absolute before:w-[8px] before:h-[8px] before:bg-dark before:top-[8px] before:left-0 before:rounded-full\">Kabell\u00e4nge: 233 mm<\/li>\n<\/ul>\n<p><\/span><\/div>\n<\/div>\n<\/li>\n<li class=\"mb-m\">\n<div class=\"flex flex-col m:flex-row gap-s m:gap-xl\">\n<div class=\"text-h3 min-w-[244px] max-w-[244px]\">Zubeh\u00f6rkompatibilit\u00e4t<\/div>\n<div class=\"flex flex-col gap-s\"><span class=\"\"><\/p>\n<ul class=\"flex flex-col gap-s\">\n<li class=\"ml-3xs pl-[15px] relative before:absolute before:w-[8px] before:h-[8px] before:bg-dark before:top-[8px] before:left-0 before:rounded-full\">Mac<\/li>\n<\/ul>\n<p><\/span><\/div>\n<\/div>\n<\/li>\n","protected":false},"excerpt":{"rendered":"<li class=\"bullet-list-item\">Ger\u00e4tetyp: Portable SSD Festplatte, f\u00fcr: Mac<\/li>\n<li class=\"bullet-list-item\">Farbe: Schwarz<\/li>\n<p> Herstellernummer OWCTB5ENVU02<\/p>","protected":false},"featured_media":44263,"comment_status":"open","ping_status":"closed","template":"","meta":{"_monsterinsights_skip_tracking":false,"_monsterinsights_sitenote_active":false,"_monsterinsights_sitenote_note":"","_monsterinsights_sitenote_category":0,"_uf_show_specific_survey":0,"_uf_disable_surveys":false},"product_brand":[],"product_cat":[453],"product_tag":[],"models":[],"years":[],"class_list":{"0":"post-21867","1":"product","2":"type-product","3":"status-publish","4":"has-post-thumbnail","6":"product_cat-zubehor-notebooks","8":"first","9":"instock","10":"sale","11":"shipping-taxable","12":"purchasable","13":"product-type-simple"},"aioseo_notices":[],"acf":[],"_links":{"self":[{"href":"https:\/\/amannforg.com\/fr\/wp-json\/wp\/v2\/product\/21867","targetHints":{"allow":["GET"]}}],"collection":[{"href":"https:\/\/amannforg.com\/fr\/wp-json\/wp\/v2\/product"}],"about":[{"href":"https:\/\/amannforg.com\/fr\/wp-json\/wp\/v2\/types\/product"}],"replies":[{"embeddable":true,"href":"https:\/\/amannforg.com\/fr\/wp-json\/wp\/v2\/comments?post=21867"}],"version-history":[{"count":1,"href":"https:\/\/amannforg.com\/fr\/wp-json\/wp\/v2\/product\/21867\/revisions"}],"predecessor-version":[{"id":57543,"href":"https:\/\/amannforg.com\/fr\/wp-json\/wp\/v2\/product\/21867\/revisions\/57543"}],"wp:featuredmedia":[{"embeddable":true,"href":"https:\/\/amannforg.com\/fr\/wp-json\/wp\/v2\/media\/44263"}],"wp:attachment":[{"href":"https:\/\/amannforg.com\/fr\/wp-json\/wp\/v2\/media?parent=21867"}],"wp:term":[{"taxonomy":"product_brand","embeddable":true,"href":"https:\/\/amannforg.com\/fr\/wp-json\/wp\/v2\/product_brand?post=21867"},{"taxonomy":"product_cat","embeddable":true,"href":"https:\/\/amannforg.com\/fr\/wp-json\/wp\/v2\/product_cat?post=21867"},{"taxonomy":"product_tag","embeddable":true,"href":"https:\/\/amannforg.com\/fr\/wp-json\/wp\/v2\/product_tag?post=21867"},{"taxonomy":"models","embeddable":true,"href":"https:\/\/amannforg.com\/fr\/wp-json\/wp\/v2\/models?post=21867"},{"taxonomy":"years","embeddable":true,"href":"https:\/\/amannforg.com\/fr\/wp-json\/wp\/v2\/years?post=21867"}],"curies":[{"name":"wp","href":"https:\/\/api.w.org\/{rel}","templated":true}]}}