{"id":21876,"date":"2026-02-28T11:42:50","date_gmt":"2026-02-28T11:42:50","guid":{"rendered":"https:\/\/amannforg.com\/?post_type=product&#038;p=21876"},"modified":"2026-03-07T16:25:19","modified_gmt":"2026-03-07T16:25:19","slug":"owc-11-port-thunderbolt-4-go-dock-mit-eingebautem-netzeil-fur-mac-und-pc","status":"publish","type":"product","link":"https:\/\/amannforg.com\/fr\/produit\/owc-11-port-thunderbolt-4-go-dock-mit-eingebautem-netzeil-fur-mac-und-pc\/","title":{"rendered":"OWC 11-Port Thunderbolt 4 Go Dock mit eingebautem Netzeil f\u00fcr Mac und PC"},"content":{"rendered":"<div class=\"article\">\n<div class=\"titlepage\">\n<h2 class=\"text-h3 mb-l\">OWC Thunderbolt Go Dock<\/h2>\n<\/div><\/div>\n<p class=\"mb-l\">\n<div class=\"article\">Das erste Thunderbolt-Dock mit vollem Funktionsumfang ohne sperriges, schweres Netzteil, damit Sie \u00fcberall leichter hingehen k\u00f6nnen und alles mit Thunderbolt und USB-C Macs, PCs, iPads, Chromebooks und Android-Ger\u00e4ten verbinden k\u00f6nnen.<\/div>\n<\/p>\n<div class=\"titlepage\">\n<h2 class=\"text-h3 mb-l\">Eine Multi-Konnektivit\u00e4tsl\u00f6sung f\u00fcr Millionen<\/h2>\n<\/div>\n<p class=\"mb-l\">Es ist wichtig, herauszufinden oder sich zu merken, welche Schnittstelle Ihre Ger\u00e4te und Ihr Computer haben, um alles mit einem Dock nutzen zu k\u00f6nnen. Egal, ob Sie einen Thunderbolt- oder USB-C-Mac, -PC, -iPad, -Chromebook oder ein Android-Ger\u00e4t besitzen \u2013 der Host-Port des Thunderbolt Go Docks nutzt einen USB-C-Anschluss und bietet Ihnen eine Multi-Konnektivit\u00e4tsl\u00f6sung f\u00fcr Millionen von Computern und Ger\u00e4ten aus der Vergangenheit, Gegenwart und Zukunft (ja, sogar USB 4!) (1,2).<\/p>\n<p class=\"mb-l\">\n<div class=\"titlepage\">\n<h2 class=\"text-h3 mb-l\">\n<div class=\"article\">FEATURES<\/div>\n<\/h2>\n<\/div>\n<p class=\"mb-l\">Einfacher unterwegs: Das integrierte Netzteil macht schwere Netzteile \u00fcberfl\u00fcssig und erm\u00f6glicht mehr Arbeitsabl\u00e4ufe als Docks mit Bus-Stromversorgung.<\/p>\n<p class=\"mb-l\">Alles unterwegs: Ein Dock, das mit all Ihren Thunderbolt- und USB-C-Ger\u00e4ten kompatibel ist.<\/p>\n<p class=\"mb-l\">Schneller unterwegs: Verbessern Sie netzwerkbasierte Arbeitsabl\u00e4ufe und \u00fcbertragen Sie Dateien bis zu 2,5-mal schneller als mit herk\u00f6mmlichem 1GbE.<\/p>\n<p class=\"mb-l\">Energiegeladen unterwegs: Halten Sie Ihr Notebook mit bis zu 90 W Ladeleistung reisebereit.<\/p>\n<p class=\"mb-l\">\u00dcberall unterwegs: Genie\u00dfen Sie mobile Konnektivit\u00e4t mit einem robusten, w\u00e4rmeableitenden, l\u00fcfterlosen Aluminiumdesign.<\/p>\n<p class=\"mb-l\">\n<div class=\"titlepage\">\n<h2 class=\"text-h3 mb-l\">Lieferumfang<\/h2>\n<\/div>\n<p class=\"mb-l\">OWC Thunderbolt Go Dock<\/p>\n<p class=\"mb-l\">0,7 m Thunderbolt 4-Kabel (28 Zoll)<\/p>\n<p class=\"mb-l\">OWC Thunderbolt Go Dock \u2013 QR-Karte f\u00fcr den Einstieg<\/p>\n<p class=\"mb-l\">Support-Handbuch f\u00fcr OWC Thunderbolt Go Dock (digital)<\/p>\n<p class=\"mb-l\">Support-Handbuch f\u00fcr OWC Dock Ejector (digital)<\/p>\n<p class=\"mb-l\">OWC Dock Ejector f\u00fcr Mac (Download)<\/p>\n<p class=\"mb-l\">OWC Dock Ejector f\u00fcr Windows (Download)<\/p>\n<p class=\"mb-l\">Thunderbolt\u2122 Share (Support-Seite)<\/p>\n<li class=\"mb-m\">\n<div class=\"flex flex-col m:flex-row gap-s m:gap-xl\">\n<div class=\"text-h3 min-w-[244px] max-w-[244px]\">Anzahl 2.5 GB LAN Ports (2.5 Gbit\/s)<\/div>\n<div class=\"flex flex-col gap-s\"><span class=\"\"><\/p>\n<ul class=\"flex flex-col gap-s\">\n<li class=\"ml-3xs pl-[15px] relative before:absolute before:w-[8px] before:h-[8px] before:bg-dark before:top-[8px] before:left-0 before:rounded-full\">1 St<\/li>\n<\/ul>\n<p><\/span><\/div>\n<\/div>\n<\/li>\n<li class=\"mb-m\">\n<div class=\"flex flex-col m:flex-row gap-s m:gap-xl\">\n<div class=\"text-h3 min-w-[244px] max-w-[244px]\">Farbe<\/div>\n<div class=\"flex flex-col gap-s\"><span class=\"\"><\/p>\n<ul class=\"flex flex-col gap-s\">\n<li class=\"ml-3xs pl-[15px] relative before:absolute before:w-[8px] before:h-[8px] before:bg-dark before:top-[8px] before:left-0 before:rounded-full\">Silber<\/li>\n<\/ul>\n<p><\/span><\/div>\n<\/div>\n<\/li>\n<li class=\"mb-m\">\n<div class=\"flex flex-col m:flex-row gap-s m:gap-xl\">\n<div class=\"text-h3 min-w-[244px] max-w-[244px]\">externe Anschl\u00fcsse<\/div>\n<div class=\"flex flex-col gap-s\"><span class=\"\"><\/p>\n<ul class=\"flex flex-col gap-s\">\n<li class=\"ml-3xs pl-[15px] relative before:absolute before:w-[8px] before:h-[8px] before:bg-dark before:top-[8px] before:left-0 before:rounded-full\">Anzahl HDMI: 1 St<\/li>\n<li class=\"ml-3xs pl-[15px] relative before:absolute before:w-[8px] before:h-[8px] before:bg-dark before:top-[8px] before:left-0 before:rounded-full\">Anzahl Thunderbolt 4: 3 St<\/li>\n<li class=\"ml-3xs pl-[15px] relative before:absolute before:w-[8px] before:h-[8px] before:bg-dark before:top-[8px] before:left-0 before:rounded-full\">Anzahl USB 2.0: 1 St<\/li>\n<li class=\"ml-3xs pl-[15px] relative before:absolute before:w-[8px] before:h-[8px] before:bg-dark before:top-[8px] before:left-0 before:rounded-full\">Anzahl USB 3.2: 2 St<\/li>\n<li class=\"ml-3xs pl-[15px] relative before:absolute before:w-[8px] before:h-[8px] before:bg-dark before:top-[8px] before:left-0 before:rounded-full\">Anzahl USB-C: 1 St<\/li>\n<li class=\"ml-3xs pl-[15px] relative before:absolute before:w-[8px] before:h-[8px] before:bg-dark before:top-[8px] before:left-0 before:rounded-full\">Kartenleser: SDHC<\/li>\n<\/ul>\n<p><\/span><\/div>\n<\/div>\n<\/li>\n<li class=\"mb-m\">\n<div class=\"flex flex-col m:flex-row gap-s m:gap-xl\">\n<div class=\"text-h3 min-w-[244px] max-w-[244px]\">Abmessungen \/ Gewicht<\/div>\n<div class=\"flex flex-col gap-s\"><span class=\"\"><\/p>\n<ul class=\"flex flex-col gap-s\">\n<li class=\"ml-3xs pl-[15px] relative before:absolute before:w-[8px] before:h-[8px] before:bg-dark before:top-[8px] before:left-0 before:rounded-full\">Breite: 92 mm<\/li>\n<li class=\"ml-3xs pl-[15px] relative before:absolute before:w-[8px] before:h-[8px] before:bg-dark before:top-[8px] before:left-0 before:rounded-full\">H\u00f6he: 36 mm<\/li>\n<li class=\"ml-3xs pl-[15px] relative before:absolute before:w-[8px] before:h-[8px] before:bg-dark before:top-[8px] before:left-0 before:rounded-full\">Tiefe: 241 mm<\/li>\n<li class=\"ml-3xs pl-[15px] relative before:absolute before:w-[8px] before:h-[8px] before:bg-dark before:top-[8px] before:left-0 before:rounded-full\">Gewicht: 0.949 kg<\/li>\n<li class=\"ml-3xs pl-[15px] relative before:absolute before:w-[8px] before:h-[8px] before:bg-dark before:top-[8px] before:left-0 before:rounded-full\">Kabell\u00e4nge: 70 mm<\/li>\n<\/ul>\n<p><\/span><\/div>\n<\/div>\n<\/li>\n","protected":false},"excerpt":{"rendered":"<li class=\"bullet-list-item\">Dockingstation<\/li>\n<li class=\"bullet-list-item\">1x HDMI, 3x TB4, <\/li>\n<li class=\"bullet-list-item\">Kabell\u00e4nge: 70 mm LxBxH: N\/A x 92 x 36 mm<\/li>\n<p> Herstellernummer OWCTB4DKG11P<\/p>","protected":false},"featured_media":44272,"comment_status":"open","ping_status":"closed","template":"","meta":{"_monsterinsights_skip_tracking":false,"_monsterinsights_sitenote_active":false,"_monsterinsights_sitenote_note":"","_monsterinsights_sitenote_category":0,"_uf_show_specific_survey":0,"_uf_disable_surveys":false},"product_brand":[],"product_cat":[453],"product_tag":[],"models":[],"years":[],"class_list":{"0":"post-21876","1":"product","2":"type-product","3":"status-publish","4":"has-post-thumbnail","6":"product_cat-zubehor-notebooks","8":"first","9":"instock","10":"sale","11":"shipping-taxable","12":"purchasable","13":"product-type-simple"},"aioseo_notices":[],"acf":[],"_links":{"self":[{"href":"https:\/\/amannforg.com\/fr\/wp-json\/wp\/v2\/product\/21876","targetHints":{"allow":["GET"]}}],"collection":[{"href":"https:\/\/amannforg.com\/fr\/wp-json\/wp\/v2\/product"}],"about":[{"href":"https:\/\/amannforg.com\/fr\/wp-json\/wp\/v2\/types\/product"}],"replies":[{"embeddable":true,"href":"https:\/\/amannforg.com\/fr\/wp-json\/wp\/v2\/comments?post=21876"}],"version-history":[{"count":1,"href":"https:\/\/amannforg.com\/fr\/wp-json\/wp\/v2\/product\/21876\/revisions"}],"predecessor-version":[{"id":57545,"href":"https:\/\/amannforg.com\/fr\/wp-json\/wp\/v2\/product\/21876\/revisions\/57545"}],"wp:featuredmedia":[{"embeddable":true,"href":"https:\/\/amannforg.com\/fr\/wp-json\/wp\/v2\/media\/44272"}],"wp:attachment":[{"href":"https:\/\/amannforg.com\/fr\/wp-json\/wp\/v2\/media?parent=21876"}],"wp:term":[{"taxonomy":"product_brand","embeddable":true,"href":"https:\/\/amannforg.com\/fr\/wp-json\/wp\/v2\/product_brand?post=21876"},{"taxonomy":"product_cat","embeddable":true,"href":"https:\/\/amannforg.com\/fr\/wp-json\/wp\/v2\/product_cat?post=21876"},{"taxonomy":"product_tag","embeddable":true,"href":"https:\/\/amannforg.com\/fr\/wp-json\/wp\/v2\/product_tag?post=21876"},{"taxonomy":"models","embeddable":true,"href":"https:\/\/amannforg.com\/fr\/wp-json\/wp\/v2\/models?post=21876"},{"taxonomy":"years","embeddable":true,"href":"https:\/\/amannforg.com\/fr\/wp-json\/wp\/v2\/years?post=21876"}],"curies":[{"name":"wp","href":"https:\/\/api.w.org\/{rel}","templated":true}]}}