{"id":23508,"date":"2026-02-28T15:26:16","date_gmt":"2026-02-28T15:26:16","guid":{"rendered":"https:\/\/amannforg.com\/?post_type=product&#038;p=23508"},"modified":"2026-03-13T11:34:58","modified_gmt":"2026-03-13T11:34:58","slug":"apple-watch-series-11-gps-cellular-42mm-gold-titanium-gehause-mit-sport-band-light-blush-s-m","status":"publish","type":"product","link":"https:\/\/amannforg.com\/fr\/produit\/apple-watch-series-11-gps-cellular-42mm-gold-titanium-gehause-mit-sport-band-light-blush-s-m\/","title":{"rendered":"Apple Watch Series 11 GPS + Cellular 42mm Gold Titanium Geh\u00e4use mit Sport Band (light blush) &#8211; S\/M"},"content":{"rendered":"<p class=\"mb-l\">\n<div class=\"titlepage\">\n<h2 class=\"text-h3 mb-l\">Die ultimative Watch f\u00fcr deine Gesund\u00adheit.<\/h2>\n<\/div>\n<div class=\"itemizedlist\">\n<ul class=\"bullet-list\">\n<li class=\"bullet-list-item\">Die Series 11 erkennt Anzeichen f\u00fcr chronischen Bluthochdruck und benach\u00adrichtigt dich bei m\u00f6g\u00adlicher Hypertonie.1 Ab diesen Monat erh\u00e4ltlich.<\/li>\n<li class=\"bullet-list-item\">Der neue Schlafindex. Jetzt kannst du ganz einfach deinen Schlaf tracken und deine Schlafqualit\u00e4t verbessern.<\/li>\n<li class=\"bullet-list-item\">Bis zu 24 Stun\u00adden Batterie\u00adlauf\u00adzeit.2 Mach alles, was du liebst, noch l\u00e4nger.<\/li>\n<li class=\"bullet-list-item\">Ein Display aus Glas, das 2x kratzfester ist als bei der Series 10.3 Hart ist jetzt noch h\u00e4rter.<\/li>\n<li class=\"bullet-list-item\">Bleib unter\u00adwegs mit 5G bei den Ceullular-Modellen jetzt noch schneller verbunden.4 Warten war gestern.<\/li>\n<\/ul>\n<\/div>\n<p class=\"mb-l\">\n<div class=\"titlepage\">\n<h2 class=\"text-h3 mb-l\">Sieh sie dir genauer an.<\/h2>\n<\/div>\n<div class=\"itemizedlist\">\n<ul class=\"bullet-list\">\n<li class=\"bullet-list-item\">Finishes. W\u00e4hle aus sieben fas\u00adzi\u00adnie\u00adrenden Farben \u2013 darunter das neue Alu\u00adminium Space Grau.<\/li>\n<li class=\"bullet-list-item\">Schlankes Design. Die Series 11 ist die d\u00fcnnste Apple Watch und l\u00e4sst sich rund um die Uhr bequem tragen \u2013 selbst wenn du schl\u00e4fst. So kann sie helfen, deine Vital\u00adzeichen zu tracken.5<\/li>\n<li class=\"bullet-list-item\">L\u00e4ngere Batterie\u00adlauf\u00adzeit. Vollst\u00e4ndig geladen hast du bei normaler Nutzung eine Batterie\u00adlaufzeit von bis zu 24 Stun\u00adden.2 Und mit nur 15 Minuten Laden h\u00e4lt die Batterie bis zu 8 Stun\u00adden lang.6<\/li>\n<li class=\"bullet-list-item\">Fort\u00adschrittliche Sensoren. Mit inno\u00adva\u00adtiven Sensoren, wie den zwei Herz\u00adsensoren und der Temperatur\u00aderkennung am Hand\u00adgelenk, ist die Apple Watch Series 11 immer am Puls deiner Gesundheit.7<\/li>\n<li class=\"bullet-list-item\">Robustes Ion-X Display. Mit dem h\u00e4rtesten Glas der Branche hat das Display der Series 11 eine 2x bessere Kratzfestigkeit als bei der Series 10 \u2013 und ist be\u00adreit f\u00fcr alles, was kommt.3<\/li>\n<li class=\"bullet-list-item\">Wasser\u2011 und staub\u00adgesch\u00fctzt. Die Apple Watch Series 11 ist wasser\u00adge\u00adsch\u00fctzt bis zu einer Tiefe von 50 Metern8 und IP6X9 zertifiziert \u2013 perfekt f\u00fcr den Pool oder das Meer bis zu einer Tiefe von 6 Metern. Au\u00dfer\u00addem ist sie voll\u00adst\u00e4ndig vor Staub gesch\u00fctzt.<\/li>\n<li class=\"bullet-list-item\">Personali\u00adsierung. Deine Watch, deine Wahl \u2013 zeig deinen ganz eigenen Stil mit vielen unter\u00adschiedlichen Ziffer\u00adbl\u00e4ttern und einer riesigen Auswahl an Arm\u00adb\u00e4ndern in ver\u00adschie\u00addenen Farben, Styles und Materialien.<\/li>\n<\/ul>\n<\/div>\n<p class=\"mb-l\">\n<div class=\"titlepage\">\n<h2 class=\"text-h3 mb-l\">Up to date von Kopf bis Fu\u00df.<\/h2>\n<\/div>\n<p class=\"mb-l\">Je besser du informiert bist, desto besser kannst du auf dich achten. Von der EKG App bis zur Vitalzeichen App und mehr, die Apple Watch Series 11 gibt dir ein um\u00adfassenderes Bild von deiner Gesund\u00adheit, damit du immer auf dem neu\u00adesten Stand bist. Und jetzt macht die Series 11 den n\u00e4chsten gro\u00dfen Schritt bei der Herz\u00adgesund\u00adheit mit einem weg\u00adweisenden Feature \u2013 Bluthochdruck Mit\u00adteilungen.1<\/p>\n<p class=\"mb-l\">\n<div class=\"titlepage\">\n<h2 class=\"text-h3 mb-l\">Jede Bewegung z\u00e4hlt.<\/h2>\n<\/div>\n<p class=\"mb-l\">Die Apple Watch Series 11 gibt dir endlose M\u00f6glich\u00adkeiten f\u00fcr deine Work\u00adouts \u2013 ganz egal, ob du f\u00fcr einen Marathon trainierst oder Bahnen schwimmst. Sie nutzt hilf\u00adreiche Mess\u00adwerte, um jede Bewe\u00adgung zu z\u00e4hlen. So wei\u00dft du, wie du mehr aus deinen Work\u00adouts rausholst und noch smarter trainierst. Die Startlinie ist direkt an deinem Hand\u00adgelenk. Worauf wartest du noch?<\/p>\n<p class=\"mb-l\">\n<div class=\"titlepage\">\n<h2 class=\"text-h3 mb-l\">Bringt alle an den Start. Und ins Ziel.<\/h2>\n<\/div>\n<p class=\"mb-l\">Ganz gleich, was deine Laufziele sind \u2013 die Apple Watch hilft dir mit fortschritt\u00adlichen Features, sie zu erreichen. Mit der langen Batterie\u00adlaufzeit, dem pr\u00e4zisen GPS und motivierenden Features, die deine Work\u00adouts in Echt\u00adzeit tracken, beginnt deine neue Bestzeit genau hier.<\/p>\n<p class=\"mb-l\">\n<div class=\"titlepage\">\n<h2 class=\"text-h3 mb-l\">L\u00e4uft bei ihr.<\/h2>\n<\/div>\n<p class=\"mb-l\">L\u00e4ngere Batterie\u00adlauf\u00adzeit? Geht klar. Die Batterie der Apple Watch Series 11 h\u00e4lt bei normaler Nutzung bis zu 24 Stun\u00adden.2 Selbst wenn du deine Watch den ganzen Tag lang tr\u00e4gst, sorgt die l\u00e4ngere Batterie\u00adlauf\u00adzeit daf\u00fcr, dass du sie auch noch in der Nacht tragen kannst, ohne sie laden zu m\u00fcssen. So werden alle deine Gesund\u00adheitsdaten erfasst.<\/p>\n<p class=\"mb-l\">\n<div class=\"titlepage\">\n<h2 class=\"text-h3 mb-l\">Allererste Hilfe.<\/h2>\n<\/div>\n<p class=\"mb-l\">Die Apple Watch Series 11 ist voll\u00adgepackt mit inno\u00adva\u00adtiven Neuerungen f\u00fcr deine Sicher\u00adheit und f\u00fcr dich da. Sie wurde so ent\u00adwi\u00adckelt, dass sie Hilfe ruft, wenn du sie am meisten brauchst \u2013 selbst wenn dein iPhone nicht in Reich\u00adweite ist.<\/p>\n<p class=\"mb-l\"><i>Rechtliche Hinweise<\/i><\/p>\n<p class=\"mb-l\"><i>Die Apple Watch Ultra 3, Apple Watch Series 11 und die Apple Watch SE 3 erfordern ein iPhone 11 oder neuer mit iOS 26 oder neuer.<\/i><\/p>\n<p class=\"mb-l\"><i> 1. Mit Stand vom 9. September 2025 wird das Feature \u201eBluthochdruck Mit\u00adteilungen\u201c aktuell regulatorisch \u00fcberpr\u00fcft und voraus\u00adsichtlich noch diesen Monat zugelassen. Es wird dann auf der Apple Watch Series 9 und neuer sowie auf der Apple Watch Ultra 2 und neuer ver\u00adf\u00fcg\u00adbar sein. Das Feature ist nicht bestimmt zur Ver\u00adwen\u00addung durch Per\u00adsonen unter 22 Jahren, Per\u00adsonen, bei denen be\u00adreits Hypertonie diagnosti\u00adziert wurde, oder Schwangere.<\/i><\/p>\n<p class=\"mb-l\"><i>2. Die Ladekapazit\u00e4t einer Batterie f\u00fcr den ganzen Tag inklusive Schlaf\u00aderfassung basiert auf folgendem Gebrauch: 300 Dis\u00adplay-Aktivierungen durch Armheben, 90 Mit\u00adteilungen, 15 Minuten App Nutzung, 60 Minuten Training mit Musik von der Apple Watch \u00fcber Bluetooth und 6 Stun\u00adden Schlaf\u00aderfassung im Verlauf von 24 Stun\u00adden. Die Apple Watch Series 11 (GPS) Nutzung beinhaltete im gesamten 24\u2011st\u00fcndigen Test eine Bluetooth Ver\u00adbin\u00addung zum iPhone. Die Apple Watch Series 11 (GPS + Cellular) Nutzung beinhaltete im Laufe der 24 Stun\u00adden f\u00fcr ins\u00adge\u00adsamt 4 Stun\u00adden eine Ver\u00adbin\u00addung \u00fcber Mobil\u00adfunk und f\u00fcr 20 Stun\u00adden eine Bluetooth Ver\u00adbin\u00addung zum iPhone. Die Ladekapazit\u00e4t einer Batterie im Strom\u00adspar\u00admodus inklusive Schlaf\u00aderfassung basiert auf folgendem Gebrauch: 530 Dis\u00adplay-Aktivierungen durch Armheben, 160 Mit\u00adteilungen, 26 Minuten App Nutzung, 60 Minuten Training mit Musik von der Apple Watch \u00fcber Bluetooth und 6 Stun\u00adden Schlaf\u00aderfassung im Verlauf von 38 Stun\u00adden. Die Apple Watch Series 11 (GPS) Nutzung beinhaltete im gesamten 38\u2011st\u00fcndigen Test eine Bluetooth Ver\u00adbin\u00addung zum iPhone. Die Apple Watch Series 11 (GPS + Cellular) Nutzung beinhaltete im Laufe der 38 Stun\u00adden eine Ver\u00adbin\u00addung \u00fcber Mobil\u00adfunk nach Bedarf und f\u00fcr 30 Stun\u00adden eine Bluetooth Ver\u00adbin\u00addung zum iPhone. Die Tests wurden von Apple im Juli und August 2025 durch\u00adgef\u00fchrt mit Proto\u00adtypen der Apple Watch Series 11 (GPS) und der Apple Watch Series 11 (GPS + Cellular), die jeweils mit einem iPhone ver\u00adbunden waren. Alle Ger\u00e4te wurden mit Proto\u00adtypen der Soft\u00adware getestet. Die Batterie\u00adlaufzeit variiert abh\u00e4ngig von Ver\u00adwen\u00addung, Konfi\u00adgu\u00adration, Mobil\u00adfunk\u00adnetz, Signal\u00adst\u00e4rke und vielen anderen Faktoren. Die tats\u00e4ch\u00adliche Laufzeit kann variieren.<\/i><\/p>\n<p class=\"mb-l\"><i>3. Die Apple Watch Series 11 mit Ion-X Glas hat eine Keramikbeschichtung, die 2x kratzfester ist als die Series 10 mit Ion-X Glas.<\/i><\/p>\n<p class=\"mb-l\"><i>4. Datentarif erfor\u00adder\u00adlich. 5G ist in aus\u00adgew\u00e4hlten L\u00e4ndern und \u00fcber aus\u00adgew\u00e4hlte Anbieter ver\u00adf\u00fcg\u00adbar. Die Ge\u00adschwin\u00addig\u00adkeit kann je nach Stand\u00adort und Anbieter variieren. N\u00e4here Infor\u00adma\u00adtionen zur 5G Unter\u00adst\u00fct\u00adzung gibt es beim jeweiligen Mobil\u00adfunkanbieter und auf apple.com\/de\/watch\/cellular.<\/i><\/p>\n<p class=\"mb-l\"><i>5. Die Vitalzeichen App eignet sich nur zur Wellness-Nutzung und ist nicht f\u00fcr medizinische Zwecke bestimmt.<\/i><\/p>\n<p class=\"mb-l\"><i>6. Die Lade\u00addauer mit dem mitgelieferten Apple Watch magnetischen Schnell\u00adladeger\u00e4t auf USB\u2011C Kabel wurde gemessen von 0 bis 80 % und von 0 bis 100 %. Die Tests wurden von Apple im Juli und August 2025 durch\u00adgef\u00fchrt mit Proto\u00adtypen der Apple Watch Series 11 (GPS) und der Apple Watch Series 11 (GPS + Cellular), die jeweils mit einem iPhone ver\u00adbunden waren; alle Ger\u00e4te wurden mit Proto\u00adtypen der Soft\u00adware, dem Apple Watch magnetischen Schnell\u00adladeger\u00e4t auf USB\u2011C Kabel (Modell A2515) und Apple 20W USB\u2011C Power Adapter (Modell A2305) getestet. Die Tests f\u00fcr schnelles Aufladen wurden mit entladenen Apple Watch Ger\u00e4ten durch\u00adgef\u00fchrt. Die Zeiten wurden gemessen ab dem Erscheinen des Apple Logos beim Start des Ger\u00e4ts. Die Lade\u00addauer variiert abh\u00e4ngig von Netzteil, Region, Ein\u00adstel\u00adlun\u00adgen, Ausgangs\u00adladestand, Nutzung und Um\u00adge\u00adbungs\u00adbedingungen. Die tats\u00e4ch\u00adlichen Ergeb\u00adnisse k\u00f6n\u00adnen variieren.<\/i><\/p>\n<p class=\"mb-l\"><i>7. Das Feature zur Tempera\u00adtur\u00aderken\u00adnung ist nicht f\u00fcr medi\u00adzinische Zwecke bestimmt. Das Feature zur Tempera\u00adtur\u00aderken\u00adnung ist nur ver\u00adf\u00fcg\u00adbar auf der Apple Watch Series 8 und neuer, der Apple Watch SE 3 und allen Apple Watch Ultra Modellen.<\/i><\/p>\n<p class=\"mb-l\"><i>8. Die Apple Watch Series 11 ist wasser\u00adge\u00adsch\u00fctzt bis 50 Meter nach ISO Norm 22810:2010. Das bedeutet, sie ist f\u00fcr Aktivi\u00adt\u00e4ten in flachem Wasser wie Schwimmen in einem Pool oder im Meer geeignet. Die Apple Watch Series 11 sollte nicht beim Sporttauchen, Wasserski oder bei anderen Wasser\u00adaktivit\u00e4ten mit hohen Ge\u00adschwin\u00addig\u00adkeiten oder in tieferem Wasser ver\u00adwendet werden. Wasser\u00adschutz ist kein dauer\u00adhafter Zustand und kann im Laufe der Zeit abnehmen. Weitere Infos findest du unter support.apple.com\/de-de\/109522.<\/i><\/p>\n<p class=\"mb-l\"><i>9. Die Apple Watch Series 11 ist nach IP6X vor Staub gesch\u00fctzt.<\/i><\/p>\n<li class=\"mb-m\">\n<div class=\"flex flex-col m:flex-row gap-s m:gap-xl\">\n<div class=\"text-h3 min-w-[244px] max-w-[244px]\">Display<\/div>\n<div class=\"flex flex-col gap-s\"><span class=\"\"><\/p>\n<ul class=\"flex flex-col gap-s\">\n<li class=\"ml-3xs pl-[15px] relative before:absolute before:w-[8px] before:h-[8px] before:bg-dark before:top-[8px] before:left-0 before:rounded-full\">Aufl\u00f6sung: 374 x 446<\/li>\n<li class=\"ml-3xs pl-[15px] relative before:absolute before:w-[8px] before:h-[8px] before:bg-dark before:top-[8px] before:left-0 before:rounded-full\">Displaytechnologie: OLED<\/li>\n<li class=\"ml-3xs pl-[15px] relative before:absolute before:w-[8px] before:h-[8px] before:bg-dark before:top-[8px] before:left-0 before:rounded-full\">Hintergrundbeleuchtung: selbstleuchtend<\/li>\n<li class=\"ml-3xs pl-[15px] relative before:absolute before:w-[8px] before:h-[8px] before:bg-dark before:top-[8px] before:left-0 before:rounded-full\">Displayoberfl\u00e4che: gl\u00e4nzend<\/li>\n<\/ul>\n<p><\/span><\/div>\n<\/div>\n<\/li>\n<li class=\"mb-m\">\n<div class=\"flex flex-col m:flex-row gap-s m:gap-xl\">\n<div class=\"text-h3 min-w-[244px] max-w-[244px]\">Armband<\/div>\n<div class=\"flex flex-col gap-s\"><span class=\"\"><\/p>\n<ul class=\"flex flex-col gap-s\">\n<li class=\"ml-3xs pl-[15px] relative before:absolute before:w-[8px] before:h-[8px] before:bg-dark before:top-[8px] before:left-0 before:rounded-full\">Armbandart: Sportarmband<\/li>\n<li class=\"ml-3xs pl-[15px] relative before:absolute before:w-[8px] before:h-[8px] before:bg-dark before:top-[8px] before:left-0 before:rounded-full\">Armband L\u00e4nge von: 130 mm<\/li>\n<li class=\"ml-3xs pl-[15px] relative before:absolute before:w-[8px] before:h-[8px] before:bg-dark before:top-[8px] before:left-0 before:rounded-full\">Armband L\u00e4nge Max: 180 mm<\/li>\n<li class=\"ml-3xs pl-[15px] relative before:absolute before:w-[8px] before:h-[8px] before:bg-dark before:top-[8px] before:left-0 before:rounded-full\">Armbandfarbe: rosa<\/li>\n<li class=\"ml-3xs pl-[15px] relative before:absolute before:w-[8px] before:h-[8px] before:bg-dark before:top-[8px] before:left-0 before:rounded-full\">Armbandmaterial: Silikon<\/li>\n<\/ul>\n<p><\/span><\/div>\n<\/div>\n<\/li>\n<li class=\"mb-m\">\n<div class=\"flex flex-col m:flex-row gap-s m:gap-xl\">\n<div class=\"text-h3 min-w-[244px] max-w-[244px]\">Produktserie<\/div>\n<div class=\"flex flex-col gap-s\"><span class=\"\"><\/p>\n<ul class=\"flex flex-col gap-s\">\n<li class=\"ml-3xs pl-[15px] relative before:absolute before:w-[8px] before:h-[8px] before:bg-dark before:top-[8px] before:left-0 before:rounded-full\">Apple Watch Series 11<\/li>\n<\/ul>\n<p><\/span><\/div>\n<\/div>\n<\/li>\n<li class=\"mb-m\">\n<div class=\"flex flex-col m:flex-row gap-s m:gap-xl\">\n<div class=\"text-h3 min-w-[244px] max-w-[244px]\">interner Speicher<\/div>\n<div class=\"flex flex-col gap-s\"><span class=\"\"><\/p>\n<ul class=\"flex flex-col gap-s\">\n<li class=\"ml-3xs pl-[15px] relative before:absolute before:w-[8px] before:h-[8px] before:bg-dark before:top-[8px] before:left-0 before:rounded-full\">64 GB<\/li>\n<\/ul>\n<p><\/span><\/div>\n<\/div>\n<\/li>\n<li class=\"mb-m\">\n<div class=\"flex flex-col m:flex-row gap-s m:gap-xl\">\n<div class=\"text-h3 min-w-[244px] max-w-[244px]\">Prozessor<\/div>\n<div class=\"flex flex-col gap-s\"><span class=\"\"><\/p>\n<ul class=\"flex flex-col gap-s\">\n<li class=\"ml-3xs pl-[15px] relative before:absolute before:w-[8px] before:h-[8px] before:bg-dark before:top-[8px] before:left-0 before:rounded-full\">Prozessorhersteller: Apple<\/li>\n<li class=\"ml-3xs pl-[15px] relative before:absolute before:w-[8px] before:h-[8px] before:bg-dark before:top-[8px] before:left-0 before:rounded-full\">Prozessortyp: S10<\/li>\n<\/ul>\n<p><\/span><\/div>\n<\/div>\n<\/li>\n<li class=\"mb-m\">\n<div class=\"flex flex-col m:flex-row gap-s m:gap-xl\">\n<div class=\"text-h3 min-w-[244px] max-w-[244px]\">Netzteil<\/div>\n<div class=\"flex flex-col gap-s\"><span class=\"\"><\/p>\n<ul class=\"flex flex-col gap-s\">\n<li class=\"ml-3xs pl-[15px] relative before:absolute before:w-[8px] before:h-[8px] before:bg-dark before:top-[8px] before:left-0 before:rounded-full\">separat erh\u00e4ltlich<\/li>\n<\/ul>\n<p><\/span><\/div>\n<\/div>\n<\/li>\n<li class=\"mb-m\">\n<div class=\"flex flex-col m:flex-row gap-s m:gap-xl\">\n<div class=\"text-h3 min-w-[244px] max-w-[244px]\">Betriebssystem<\/div>\n<div class=\"flex flex-col gap-s\"><span class=\"\"><\/p>\n<ul class=\"flex flex-col gap-s\">\n<li class=\"ml-3xs pl-[15px] relative before:absolute before:w-[8px] before:h-[8px] before:bg-dark before:top-[8px] before:left-0 before:rounded-full\">watchOS<\/li>\n<\/ul>\n<p><\/span><\/div>\n<\/div>\n<\/li>\n<li class=\"mb-m\">\n<div class=\"flex flex-col m:flex-row gap-s m:gap-xl\">\n<div class=\"text-h3 min-w-[244px] max-w-[244px]\">Energieversorgung<\/div>\n<div class=\"flex flex-col gap-s\"><span class=\"\"><\/p>\n<ul class=\"flex flex-col gap-s\">\n<li class=\"ml-3xs pl-[15px] relative before:absolute before:w-[8px] before:h-[8px] before:bg-dark before:top-[8px] before:left-0 before:rounded-full\">Akku \/ Batteriechemie: Lithium-Ionen<\/li>\n<li class=\"ml-3xs pl-[15px] relative before:absolute before:w-[8px] before:h-[8px] before:bg-dark before:top-[8px] before:left-0 before:rounded-full\">Akku-\/Batterie-Technologie: Lithium-Ionen<\/li>\n<\/ul>\n<p><\/span><\/div>\n<\/div>\n<\/li>\n<li class=\"mb-m\">\n<div class=\"flex flex-col m:flex-row gap-s m:gap-xl\">\n<div class=\"text-h3 min-w-[244px] max-w-[244px]\">Geh\u00e4use Breite<\/div>\n<div class=\"flex flex-col gap-s\"><span class=\"\"><\/p>\n<ul class=\"flex flex-col gap-s\">\n<li class=\"ml-3xs pl-[15px] relative before:absolute before:w-[8px] before:h-[8px] before:bg-dark before:top-[8px] before:left-0 before:rounded-full\">42 mm<\/li>\n<\/ul>\n<p><\/span><\/div>\n<\/div>\n<\/li>\n<li class=\"mb-m\">\n<div class=\"flex flex-col m:flex-row gap-s m:gap-xl\">\n<div class=\"text-h3 min-w-[244px] max-w-[244px]\">Kabellose Konnektivit\u00e4t<\/div>\n<div class=\"flex flex-col gap-s\"><span class=\"\"><\/p>\n<ul class=\"flex flex-col gap-s\">\n<li class=\"ml-3xs pl-[15px] relative before:absolute before:w-[8px] before:h-[8px] before:bg-dark before:top-[8px] before:left-0 before:rounded-full\">Kabellose \u00dcbertragungsm\u00f6glichkeiten: <\/li>\n<div class=\"itemizedlist\">\n<ul class=\"flex flex-col gap-s\">\n<li class=\"ml-3xs pl-[15px] relative before:absolute before:w-[8px] before:h-[8px] before:bg-dark before:top-[8px] before:left-0 before:rounded-full\">Bluetooth<\/li>\n<li class=\"ml-3xs pl-[15px] relative before:absolute before:w-[8px] before:h-[8px] before:bg-dark before:top-[8px] before:left-0 before:rounded-full\">Mobiles Internet<\/li>\n<li class=\"ml-3xs pl-[15px] relative before:absolute before:w-[8px] before:h-[8px] before:bg-dark before:top-[8px] before:left-0 before:rounded-full\">NFC<\/li>\n<li class=\"ml-3xs pl-[15px] relative before:absolute before:w-[8px] before:h-[8px] before:bg-dark before:top-[8px] before:left-0 before:rounded-full\">WLAN<\/li>\n<\/ul>\n<\/div>\n<li class=\"ml-3xs pl-[15px] relative before:absolute before:w-[8px] before:h-[8px] before:bg-dark before:top-[8px] before:left-0 before:rounded-full\">Mobilfunkstandard: 5G<\/li>\n<li class=\"ml-3xs pl-[15px] relative before:absolute before:w-[8px] before:h-[8px] before:bg-dark before:top-[8px] before:left-0 before:rounded-full\">SIM Karte: eSim<\/li>\n<li class=\"ml-3xs pl-[15px] relative before:absolute before:w-[8px] before:h-[8px] before:bg-dark before:top-[8px] before:left-0 before:rounded-full\">WLAN Standard: Wi-Fi 4<\/li>\n<li class=\"ml-3xs pl-[15px] relative before:absolute before:w-[8px] before:h-[8px] before:bg-dark before:top-[8px] before:left-0 before:rounded-full\">Bluetooth Typ: 5.3<\/li>\n<\/ul>\n<p><\/span><\/div>\n<\/div>\n<\/li>\n<li class=\"mb-m\">\n<div class=\"flex flex-col m:flex-row gap-s m:gap-xl\">\n<div class=\"text-h3 min-w-[244px] max-w-[244px]\">Technische Eigenschaften<\/div>\n<div class=\"flex flex-col gap-s\"><span class=\"\"><\/p>\n<ul class=\"flex flex-col gap-s\">\n<li class=\"ml-3xs pl-[15px] relative before:absolute before:w-[8px] before:h-[8px] before:bg-dark before:top-[8px] before:left-0 before:rounded-full\">Ortung: <\/li>\n<div class=\"itemizedlist\">\n<ul class=\"flex flex-col gap-s\">\n<li class=\"ml-3xs pl-[15px] relative before:absolute before:w-[8px] before:h-[8px] before:bg-dark before:top-[8px] before:left-0 before:rounded-full\">Baidu<\/li>\n<li class=\"ml-3xs pl-[15px] relative before:absolute before:w-[8px] before:h-[8px] before:bg-dark before:top-[8px] before:left-0 before:rounded-full\">Galileo<\/li>\n<li class=\"ml-3xs pl-[15px] relative before:absolute before:w-[8px] before:h-[8px] before:bg-dark before:top-[8px] before:left-0 before:rounded-full\">GLONASS<\/li>\n<li class=\"ml-3xs pl-[15px] relative before:absolute before:w-[8px] before:h-[8px] before:bg-dark before:top-[8px] before:left-0 before:rounded-full\">GPS<\/li>\n<li class=\"ml-3xs pl-[15px] relative before:absolute before:w-[8px] before:h-[8px] before:bg-dark before:top-[8px] before:left-0 before:rounded-full\">QZSS<\/li>\n<\/ul>\n<\/div>\n<li class=\"ml-3xs pl-[15px] relative before:absolute before:w-[8px] before:h-[8px] before:bg-dark before:top-[8px] before:left-0 before:rounded-full\">Sensoren: <\/li>\n<div class=\"itemizedlist\">\n<ul class=\"flex flex-col gap-s\">\n<li class=\"ml-3xs pl-[15px] relative before:absolute before:w-[8px] before:h-[8px] before:bg-dark before:top-[8px] before:left-0 before:rounded-full\">Ber\u00fchrungsensor<\/li>\n<li class=\"ml-3xs pl-[15px] relative before:absolute before:w-[8px] before:h-[8px] before:bg-dark before:top-[8px] before:left-0 before:rounded-full\">Beschleunigungssensor<\/li>\n<li class=\"ml-3xs pl-[15px] relative before:absolute before:w-[8px] before:h-[8px] before:bg-dark before:top-[8px] before:left-0 before:rounded-full\">Bewegungssensor<\/li>\n<li class=\"ml-3xs pl-[15px] relative before:absolute before:w-[8px] before:h-[8px] before:bg-dark before:top-[8px] before:left-0 before:rounded-full\">elektronischer Kompass<\/li>\n<li class=\"ml-3xs pl-[15px] relative before:absolute before:w-[8px] before:h-[8px] before:bg-dark before:top-[8px] before:left-0 before:rounded-full\">Herzfrequenzsensor<\/li>\n<li class=\"ml-3xs pl-[15px] relative before:absolute before:w-[8px] before:h-[8px] before:bg-dark before:top-[8px] before:left-0 before:rounded-full\">Puls-Oxyimeter<\/li>\n<li class=\"ml-3xs pl-[15px] relative before:absolute before:w-[8px] before:h-[8px] before:bg-dark before:top-[8px] before:left-0 before:rounded-full\">Temperatursensor<\/li>\n<li class=\"ml-3xs pl-[15px] relative before:absolute before:w-[8px] before:h-[8px] before:bg-dark before:top-[8px] before:left-0 before:rounded-full\">Umgebungslichtsensor<\/li>\n<\/ul>\n<\/div>\n<li class=\"ml-3xs pl-[15px] relative before:absolute before:w-[8px] before:h-[8px] before:bg-dark before:top-[8px] before:left-0 before:rounded-full\">Wasserdichte in ATM: 5<\/li>\n<\/ul>\n<p><\/span><\/div>\n<\/div>\n<\/li>\n","protected":false},"excerpt":{"rendered":"<li class=\"bullet-list-item\">Die ultimative Watch f\u00fcr deine Gesund\u00adheit<\/li>\n<li class=\"bullet-list-item\">Mit Hypertonie-Erkennung und Schlafindex<\/li>\n<li class=\"bullet-list-item\">Geh\u00e4usematerial:  ;  Armbandmaterial: Silikon<\/li>\n<li class=\"bullet-list-item\">Geh\u00e4usefarbe:  ;  Armbandfarbe: rosa<\/li>\n<p> Herstellernummer MF8W4ZR\/A<\/p>","protected":false},"featured_media":44336,"comment_status":"open","ping_status":"closed","template":"","meta":{"_monsterinsights_skip_tracking":false,"_monsterinsights_sitenote_active":false,"_monsterinsights_sitenote_note":"","_monsterinsights_sitenote_category":0,"_uf_show_specific_survey":0,"_uf_disable_surveys":false},"product_brand":[],"product_cat":[457],"product_tag":[],"models":[],"years":[],"class_list":{"0":"post-23508","1":"product","2":"type-product","3":"status-publish","4":"has-post-thumbnail","6":"product_cat-apple-zubehor","8":"first","9":"instock","10":"sale","11":"featured","12":"shipping-taxable","13":"purchasable","14":"product-type-simple"},"aioseo_notices":[],"acf":[],"_links":{"self":[{"href":"https:\/\/amannforg.com\/fr\/wp-json\/wp\/v2\/product\/23508","targetHints":{"allow":["GET"]}}],"collection":[{"href":"https:\/\/amannforg.com\/fr\/wp-json\/wp\/v2\/product"}],"about":[{"href":"https:\/\/amannforg.com\/fr\/wp-json\/wp\/v2\/types\/product"}],"replies":[{"embeddable":true,"href":"https:\/\/amannforg.com\/fr\/wp-json\/wp\/v2\/comments?post=23508"}],"version-history":[{"count":1,"href":"https:\/\/amannforg.com\/fr\/wp-json\/wp\/v2\/product\/23508\/revisions"}],"predecessor-version":[{"id":57561,"href":"https:\/\/amannforg.com\/fr\/wp-json\/wp\/v2\/product\/23508\/revisions\/57561"}],"wp:featuredmedia":[{"embeddable":true,"href":"https:\/\/amannforg.com\/fr\/wp-json\/wp\/v2\/media\/44336"}],"wp:attachment":[{"href":"https:\/\/amannforg.com\/fr\/wp-json\/wp\/v2\/media?parent=23508"}],"wp:term":[{"taxonomy":"product_brand","embeddable":true,"href":"https:\/\/amannforg.com\/fr\/wp-json\/wp\/v2\/product_brand?post=23508"},{"taxonomy":"product_cat","embeddable":true,"href":"https:\/\/amannforg.com\/fr\/wp-json\/wp\/v2\/product_cat?post=23508"},{"taxonomy":"product_tag","embeddable":true,"href":"https:\/\/amannforg.com\/fr\/wp-json\/wp\/v2\/product_tag?post=23508"},{"taxonomy":"models","embeddable":true,"href":"https:\/\/amannforg.com\/fr\/wp-json\/wp\/v2\/models?post=23508"},{"taxonomy":"years","embeddable":true,"href":"https:\/\/amannforg.com\/fr\/wp-json\/wp\/v2\/years?post=23508"}],"curies":[{"name":"wp","href":"https:\/\/api.w.org\/{rel}","templated":true}]}}