{"id":23945,"date":"2026-02-28T15:40:29","date_gmt":"2026-02-28T15:40:29","guid":{"rendered":"https:\/\/amannforg.com\/?post_type=product&#038;p=23945"},"modified":"2026-03-07T16:25:22","modified_gmt":"2026-03-07T16:25:22","slug":"apc-easy-pdu-basic-32a-230v-30-x-iec-c13-12x-iec-c19-ausgange-verti-rack","status":"publish","type":"product","link":"https:\/\/amannforg.com\/fr\/produit\/apc-easy-pdu-basic-32a-230v-30-x-iec-c13-12x-iec-c19-ausgange-verti-rack\/","title":{"rendered":"APC Easy PDU, Basic, 32A, 230V, 30 x IEC C13 \/ 12x IEC C19 Ausg\u00e4nge, verti. Rack"},"content":{"rendered":"<div class=\"article\">\n<div class=\"titlepage\">\n<h2 class=\"text-h3 mb-l\">APC Easy PDU, Basic, 32A, 230V, 30 x IEC C13 \/ 12x IEC C19 Ausg\u00e4nge, vertikale Rack Montage<\/h2>\n<\/div>\n<p class=\"mb-l\">APC Easy Basic Rack PDU bietet eine zuverl\u00e4ssige Rack-Stromverteilung f\u00fcr Server-Racks und Netzwerk-Racks \u00fcber einen einzelnen Eingang mit mehreren Ausg\u00e4ngen, und erm\u00f6glicht die Stromverteilung von einphasigen Stromkreisen mit niedriger Stromst\u00e4rke bis hin zu dreiphasigen Stromversorgungsl\u00f6sungen mit h\u00f6herer Leistung.<\/p>\n<div class=\"formalpara\">\n<div class=\"titlepage\">\n<h2 class=\"text-h3 mb-l\">Easy Basic Rack PDUs Merkmale &amp; Vorteile <\/h2>\n<\/div><\/div>\n<div class=\"itemizedlist\">\n<ul class=\"bullet-list\">\n<li class=\"bullet-list-item\">\n<p class=\"mb-l\"> <span class=\"bold\">R\u00fccksetzbare Unterbrecher:<\/span> Erm\u00f6glicht eine rasche Wiederherstellung nach \u00dcberlastungssituationen. <\/p>\n<\/li>\n<li class=\"bullet-list-item\">\n<p class=\"mb-l\"> <span class=\"bold\">Werkzeuglose Rackmontagef\u00e4higkeiten: <\/span>Zur Montage der Server in NetShelter Racks werden keine zus\u00e4tzlichen Werkzeuge ben\u00f6tigt. Dadurch k\u00f6nnen die Ger\u00e4te schnell und komfortabel im hinteren Teil des Racks montiert werden. <\/p>\n<\/li>\n<li class=\"bullet-list-item\">\n<p class=\"mb-l\"> <span class=\"bold\">Montierung des Rack ohne \u00fcbersch\u00fcssigen Platzbedarf: <\/span>Dank der M\u00f6glichkeit, Ger\u00e4te vertikal in Geh\u00e4usen oder Racks zu montieren, wird nur wenig wertvoller Platz im Rack verbraucht. <\/p>\n<\/li>\n<li class=\"bullet-list-item\">\n<p class=\"mb-l\"> <span class=\"bold\">Kosteng\u00fcnstige Stromverteilung: <\/span>Mehrere Ausg\u00e4nge erm\u00f6glichen eine preisg\u00fcnstige Stromversorgung von Rackger\u00e4ten. <\/p>\n<\/li>\n<li class=\"bullet-list-item\">\n<p class=\"mb-l\"> <span class=\"bold\">Stromversorgung mit Einfacheingang: <\/span>\u00dcber ein Abzweig-Whip k\u00f6nnen mehrere Ger\u00e4te mit Strom versorgt werden; dies ist eine besonders praktische Art der Stromversorgung f\u00fcr Rack-Ger\u00e4te. Durch die Verwendung eines Abzweig-Whips mit Standardanschl\u00fcssen verringert sich der Zeit- und Kostenaufwand f\u00fcr die Installation. <\/p>\n<\/li>\n<li class=\"bullet-list-item\">\n<p class=\"mb-l\"> <span class=\"bold\">F\u00fcr die Rackmontage: <\/span>Modelle f\u00fcr horizontale, vertikale und werkzeuglose Montage. Stellt Stromanschl\u00fcsse dort zur Verf\u00fcgung, wo sie am dringendsten gebraucht werden in den Racks, in unmittelbarer Ger\u00e4ten\u00e4he. <\/p>\n<\/li>\n<li class=\"bullet-list-item\">\n<p class=\"mb-l\"> <span class=\"bold\">Breites Spektrum unterschiedlicher Ein- und Ausg\u00e4nge: <\/span>Verschiedene Eing\u00e4nge und Ausg\u00e4nge f\u00fcr die Verteilung von 120 V, 208 V oder 230 V Netzspannung auf mehrere Anschl\u00fcsse. Bietet Anwendern die M\u00f6glichkeit zur Anpassung an unterschiedliche Stromanforderungen. Die Ger\u00e4te unterst\u00fctzen bis zu 14,4 kW Leistung pro Abzweig-Whip. <\/p>\n<\/li>\n<\/ul>\n<\/div>\n<div class=\"formalpara\">\n<div class=\"titlepage\">\n<h2 class=\"text-h3 mb-l\">Technische Spezifikationen <\/h2>\n<\/div><\/div>\n<div class=\"itemizedlist\">\n<ul class=\"bullet-list\">\n<li class=\"bullet-list-item\">\n<p class=\"mb-l\">Main Input Voltage: 400 V 3 phases<\/p>\n<\/li>\n<li class=\"bullet-list-item\">\n<p class=\"mb-l\">Main Output Voltage: 230 V<\/p>\n<\/li>\n<li class=\"bullet-list-item\">\n<p class=\"mb-l\">Input Connection Type: IEC 60309 32 A 3P + N + PE<\/p>\n<\/li>\n<li class=\"bullet-list-item\">\n<p class=\"mb-l\">Nummer der Rack-Einheit: 0U<\/p>\n<\/li>\n<li class=\"bullet-list-item\">\n<p class=\"mb-l\">Kabell\u00e4nge: 2 m<\/p>\n<\/li>\n<li class=\"bullet-list-item\">\n<p class=\"mb-l\">gelieferte Ausr\u00fcstung: Installationsanleitung, Werkzeugloser Montagesatz, Vertikale Montageschienen<\/p>\n<\/li>\n<li class=\"bullet-list-item\">\n<p class=\"mb-l\">Anzahl von Kabeln: 1<\/p>\n<\/li>\n<li class=\"bullet-list-item\">\n<p class=\"mb-l\">Montageort: Seite<\/p>\n<\/li>\n<li class=\"bullet-list-item\">\n<p class=\"mb-l\">Montagepr\u00e4ferenz: No preference<\/p>\n<\/li>\n<li class=\"bullet-list-item\">\n<p class=\"mb-l\">Montagevariante: Schrank- und Schalttafeleinbau<\/p>\n<\/li>\n<li class=\"bullet-list-item\">\n<p class=\"mb-l\">input current limits: 32 A<\/p>\n<\/li>\n<li class=\"bullet-list-item\">\n<p class=\"mb-l\">Load capacity: 22000 VA<\/p>\n<\/li>\n<li class=\"bullet-list-item\">\n<p class=\"mb-l\">Netzwerkfrequenz: 50\/60 Hz<\/p>\n<\/li>\n<li class=\"bullet-list-item\">\n<p class=\"mb-l\">Anzahl der Eingangsanschl\u00fcsse: 1<\/p>\n<\/li>\n<li class=\"bullet-list-item\">\n<p class=\"mb-l\">Anzahl der Steckdosen: (30) IEC 60320 C13 \/ (12) IEC 60320 C19<\/p>\n<\/li>\n<li class=\"bullet-list-item\">\n<p class=\"mb-l\">Umgebungstemperatur bei Betrieb: -5\u202645 \u00b0C<\/p>\n<\/li>\n<li class=\"bullet-list-item\">\n<p class=\"mb-l\">Aufstellungsh\u00f6he: 0 &#8211; 10000 ft<\/p>\n<\/li>\n<li class=\"bullet-list-item\">\n<p class=\"mb-l\">Umgebungstemperatur bei Lagerung: -25\u202665 \u00b0C<\/p>\n<\/li>\n<li class=\"bullet-list-item\">\n<p class=\"mb-l\">Relative Feuchtigkeit bei Lagerung: 5\u202695 %<\/p>\n<\/li>\n<li class=\"bullet-list-item\">\n<p class=\"mb-l\">Aufbewahrungsh\u00f6he: 0.00\u202615000m<\/p>\n<\/li>\n<\/ul>\n<\/div><\/div>\n<li class=\"mb-m\">\n<div class=\"flex flex-col m:flex-row gap-s m:gap-xl\">\n<div class=\"text-h3 min-w-[244px] max-w-[244px]\">Ausgangsanschl\u00fcsse<\/div>\n<div class=\"flex flex-col gap-s\"><span class=\"\"><\/p>\n<div class=\"itemizedlist\">\n<ul class=\"flex flex-col gap-s\">\n<li class=\"ml-3xs pl-[15px] relative before:absolute before:w-[8px] before:h-[8px] before:bg-dark before:top-[8px] before:left-0 before:rounded-full\">Ausgangsanschl\u00fcsse: (30) IEC 60320 C13 \/ (12) IEC 60320 C19<\/li>\n<li class=\"ml-3xs pl-[15px] relative before:absolute before:w-[8px] before:h-[8px] before:bg-dark before:top-[8px] before:left-0 before:rounded-full\">Nominelle Ausgangsspannung: 230V<\/li>\n<li class=\"ml-3xs pl-[15px] relative before:absolute before:w-[8px] before:h-[8px] before:bg-dark before:top-[8px] before:left-0 before:rounded-full\">Maximum Total Current Draw: 16<\/li>\n<\/ul>\n<\/div>\n<p><\/span><\/div>\n<\/div>\n<\/li>\n<li class=\"mb-m\">\n<div class=\"flex flex-col m:flex-row gap-s m:gap-xl\">\n<div class=\"text-h3 min-w-[244px] max-w-[244px]\">Eingang<\/div>\n<div class=\"flex flex-col gap-s\"><span class=\"\"><\/p>\n<div class=\"itemizedlist\">\n<ul class=\"flex flex-col gap-s\">\n<li class=\"ml-3xs pl-[15px] relative before:absolute before:w-[8px] before:h-[8px] before:bg-dark before:top-[8px] before:left-0 before:rounded-full\">Nominelle Eingangsspannung: 400V 3PH<\/li>\n<li class=\"ml-3xs pl-[15px] relative before:absolute before:w-[8px] before:h-[8px] before:bg-dark before:top-[8px] before:left-0 before:rounded-full\">Eingangsanschlu\u00dfart: IEC 60309 32 A 3P + N + PE<\/li>\n<li class=\"ml-3xs pl-[15px] relative before:absolute before:w-[8px] before:h-[8px] before:bg-dark before:top-[8px] before:left-0 before:rounded-full\">Eingangsfrequenz: 90 &#8211; 264 V<\/li>\n<li class=\"ml-3xs pl-[15px] relative before:absolute before:w-[8px] before:h-[8px] before:bg-dark before:top-[8px] before:left-0 before:rounded-full\">Load Capacity: 22000VA<\/li>\n<li class=\"ml-3xs pl-[15px] relative before:absolute before:w-[8px] before:h-[8px] before:bg-dark before:top-[8px] before:left-0 before:rounded-full\">Maximum Input Current: 32A<\/li>\n<\/ul>\n<\/div>\n<p><\/span><\/div>\n<\/div>\n<\/li>\n<li class=\"mb-m\">\n<div class=\"flex flex-col m:flex-row gap-s m:gap-xl\">\n<div class=\"text-h3 min-w-[244px] max-w-[244px]\">Abmessungen (HxBxT)<\/div>\n<div class=\"flex flex-col gap-s\"><span class=\"\"><\/p>\n<div class=\"itemizedlist\">\n<ul class=\"flex flex-col gap-s\">\n<li class=\"ml-3xs pl-[15px] relative before:absolute before:w-[8px] before:h-[8px] before:bg-dark before:top-[8px] before:left-0 before:rounded-full\">H\u00f6he: 1794 mm<\/li>\n<li class=\"ml-3xs pl-[15px] relative before:absolute before:w-[8px] before:h-[8px] before:bg-dark before:top-[8px] before:left-0 before:rounded-full\">Breite: 62 mm<\/li>\n<li class=\"ml-3xs pl-[15px] relative before:absolute before:w-[8px] before:h-[8px] before:bg-dark before:top-[8px] before:left-0 before:rounded-full\">Tiefe: 44 mm<\/li>\n<\/ul>\n<\/div>\n<p><\/span><\/div>\n<\/div>\n<\/li>\n<li class=\"mb-m\">\n<div class=\"flex flex-col m:flex-row gap-s m:gap-xl\">\n<div class=\"text-h3 min-w-[244px] max-w-[244px]\">Umgebung<\/div>\n<div class=\"flex flex-col gap-s\"><span class=\"\"><\/p>\n<div class=\"itemizedlist\">\n<ul class=\"flex flex-col gap-s\">\n<li class=\"ml-3xs pl-[15px] relative before:absolute before:w-[8px] before:h-[8px] before:bg-dark before:top-[8px] before:left-0 before:rounded-full\">Betriebstemperaturbereich: -5 &#8211; 45 \u00b0C<\/li>\n<li class=\"ml-3xs pl-[15px] relative before:absolute before:w-[8px] before:h-[8px] before:bg-dark before:top-[8px] before:left-0 before:rounded-full\">Relative Feuchtigkeit bei Betrieb: 5 &#8211; 95 %<\/li>\n<li class=\"ml-3xs pl-[15px] relative before:absolute before:w-[8px] before:h-[8px] before:bg-dark before:top-[8px] before:left-0 before:rounded-full\">Operating Elevation: 0 &#8211; 3048Meter<\/li>\n<li class=\"ml-3xs pl-[15px] relative before:absolute before:w-[8px] before:h-[8px] before:bg-dark before:top-[8px] before:left-0 before:rounded-full\">Lagerungstemperatur: -25 &#8211; 65 \u00b0C<\/li>\n<li class=\"ml-3xs pl-[15px] relative before:absolute before:w-[8px] before:h-[8px] before:bg-dark before:top-[8px] before:left-0 before:rounded-full\">Relative Feuchtigkeit bei Lagerung: 5 &#8211; 95 %<\/li>\n<li class=\"ml-3xs pl-[15px] relative before:absolute before:w-[8px] before:h-[8px] before:bg-dark before:top-[8px] before:left-0 before:rounded-full\">Storage Elevation: 0 &#8211; 15240.00 m<\/li>\n<\/ul>\n<\/div>\n<p><\/span><\/div>\n<\/div>\n<\/li>\n<li class=\"mb-m\">\n<div class=\"flex flex-col m:flex-row gap-s m:gap-xl\">\n<div class=\"text-h3 min-w-[244px] max-w-[244px]\">Conformance<\/div>\n<div class=\"flex flex-col gap-s\"><span class=\"\"><\/p>\n<div class=\"itemizedlist\">\n<ul class=\"flex flex-col gap-s\">\n<li class=\"ml-3xs pl-[15px] relative before:absolute before:w-[8px] before:h-[8px] before:bg-dark before:top-[8px] before:left-0 before:rounded-full\">Begutachtung: CE, EAC, RCM, T\u00dcV<\/li>\n<li class=\"ml-3xs pl-[15px] relative before:absolute before:w-[8px] before:h-[8px] before:bg-dark before:top-[8px] before:left-0 before:rounded-full\">Standardgarantie: 1 Jahr Garantie f\u00fcr Reparatur\/Ersatz<\/li>\n<\/ul>\n<\/div>\n<p><\/span><\/div>\n<\/div>\n<\/li>\n<li class=\"mb-m\">\n<div class=\"flex flex-col m:flex-row gap-s m:gap-xl\">\n<div class=\"text-h3 min-w-[244px] max-w-[244px]\">Gewicht<\/div>\n<div class=\"flex flex-col gap-s\"><span class=\"ml-3xs pl-[15px] relative before:absolute before:w-[8px] before:h-[8px] before:bg-dark before:top-[8px] before:left-0 before:rounded-full\">Gewicht in kg: 6,2<\/span><\/div>\n<\/div>\n<\/li>\n<li class=\"mb-m\">\n<div class=\"flex flex-col m:flex-row gap-s m:gap-xl\">\n<div class=\"text-h3 min-w-[244px] max-w-[244px]\">Nachhaltiger Offer Status<\/div>\n<div class=\"flex flex-col gap-s\"><span class=\"ml-3xs pl-[15px] relative before:absolute before:w-[8px] before:h-[8px] before:bg-dark before:top-[8px] before:left-0 before:rounded-full\">RoHS: Konform<\/span><\/div>\n<\/div>\n<\/li>\n","protected":false},"excerpt":{"rendered":"<li class=\"bullet-list-item\">Steuerung der Stromversorgung rack-basierter IT-Ger\u00e4te<\/li>\n<li class=\"bullet-list-item\">Steckdosenleiste f\u00fcr Server- und Netzwerk-Rack-L\u00f6sungen<\/li>\n<li class=\"bullet-list-item\">Kabell\u00e4nge: 2 Meter <\/li>\n<li class=\"bullet-list-item\">Eingangsfrequenz: 90 &#8211; 264 V<\/li>\n<p> Herstellernummer EPDU1232B<\/p>","protected":false},"featured_media":0,"comment_status":"open","ping_status":"closed","template":"","meta":{"_monsterinsights_skip_tracking":false,"_monsterinsights_sitenote_active":false,"_monsterinsights_sitenote_note":"","_monsterinsights_sitenote_category":0,"_uf_show_specific_survey":0,"_uf_disable_surveys":false},"product_brand":[],"product_cat":[459],"product_tag":[],"models":[],"years":[],"class_list":{"0":"post-23945","1":"product","2":"type-product","3":"status-publish","5":"product_cat-akkus-batterien-usv","7":"first","8":"instock","9":"sale","10":"shipping-taxable","11":"purchasable","12":"product-type-simple"},"aioseo_notices":[],"acf":[],"_links":{"self":[{"href":"https:\/\/amannforg.com\/fr\/wp-json\/wp\/v2\/product\/23945","targetHints":{"allow":["GET"]}}],"collection":[{"href":"https:\/\/amannforg.com\/fr\/wp-json\/wp\/v2\/product"}],"about":[{"href":"https:\/\/amannforg.com\/fr\/wp-json\/wp\/v2\/types\/product"}],"replies":[{"embeddable":true,"href":"https:\/\/amannforg.com\/fr\/wp-json\/wp\/v2\/comments?post=23945"}],"version-history":[{"count":1,"href":"https:\/\/amannforg.com\/fr\/wp-json\/wp\/v2\/product\/23945\/revisions"}],"predecessor-version":[{"id":57567,"href":"https:\/\/amannforg.com\/fr\/wp-json\/wp\/v2\/product\/23945\/revisions\/57567"}],"wp:attachment":[{"href":"https:\/\/amannforg.com\/fr\/wp-json\/wp\/v2\/media?parent=23945"}],"wp:term":[{"taxonomy":"product_brand","embeddable":true,"href":"https:\/\/amannforg.com\/fr\/wp-json\/wp\/v2\/product_brand?post=23945"},{"taxonomy":"product_cat","embeddable":true,"href":"https:\/\/amannforg.com\/fr\/wp-json\/wp\/v2\/product_cat?post=23945"},{"taxonomy":"product_tag","embeddable":true,"href":"https:\/\/amannforg.com\/fr\/wp-json\/wp\/v2\/product_tag?post=23945"},{"taxonomy":"models","embeddable":true,"href":"https:\/\/amannforg.com\/fr\/wp-json\/wp\/v2\/models?post=23945"},{"taxonomy":"years","embeddable":true,"href":"https:\/\/amannforg.com\/fr\/wp-json\/wp\/v2\/years?post=23945"}],"curies":[{"name":"wp","href":"https:\/\/api.w.org\/{rel}","templated":true}]}}