{"id":23968,"date":"2026-02-28T15:40:38","date_gmt":"2026-02-28T15:40:38","guid":{"rendered":"https:\/\/amannforg.com\/?post_type=product&#038;p=23968"},"modified":"2026-03-07T16:25:23","modified_gmt":"2026-03-07T16:25:23","slug":"apc-smart-ups-online-srt-xbp48rm1u-li-erweiterungs-batteriemodul","status":"publish","type":"product","link":"https:\/\/amannforg.com\/fr\/produit\/apc-smart-ups-online-srt-xbp48rm1u-li-erweiterungs-batteriemodul\/","title":{"rendered":"APC Smart-UPS Online SRT XBP48RM1U-LI Erweiterungs-Batteriemodul"},"content":{"rendered":"<div class=\"article\">\n<div class=\"titlepage\">\n<h2 class=\"text-h3 mb-l\">Erweiterte Sie Ihre USV mit Batteriesystemen<\/h2>\n<\/div>\n<p class=\"mb-l\">Erweitern Sie Ihre USV um ein weiteres Batteriesysteme und erh\u00f6hen Sie so flexible die Laufzeit f\u00fcr kritische Smart-USV-Anwendungen.<\/p>\n<div class=\"itemizedlist\">\n<ul class=\"bullet-list\">\n<li class=\"bullet-list-item\">\n<p class=\"mb-l\">Kompatibel mit den Li-Ion USV Modellen der Serie Smart-UPS Online SRT<\/p>\n<\/li>\n<li class=\"bullet-list-item\">\n<p class=\"mb-l\">Beinhaltet: Schienen-Kits f\u00fcr 4 Pfosten, Kommunikationskabel, Erdungskabel, Installationsanleitung, Rack-Montage-Halterung<\/p>\n<\/li>\n<li class=\"bullet-list-item\">\n<p class=\"mb-l\">Lithium-Ionen-Batterien bieten eine doppelt so lange Lebensdauer wie eine typische Bleis\u00e4ure-Batterie und sind klein, leicht und umweltfreundlich<\/p>\n<\/li>\n<\/ul>\n<\/div>\n<div class=\"formalpara\">\n<div class=\"titlepage\">\n<h2 class=\"text-h3 mb-l\">Integriertes intelligentes Batteriemanagement<\/h2>\n<\/div>\n<p class=\"mb-l\">\n<div class=\"itemizedlist\">\n<ul class=\"bullet-list\">\n<li class=\"bullet-list-item\">\n<p class=\"mb-l\"> <span class=\"bold\">Maximale USV-Kompatibilit\u00e4t<\/span>: Getestet und zertifiziert f\u00fcr die Wiederherstellung der Leistungsf\u00e4higkeit Ihrer APC USV. Entspricht den USV-Sicherheitsbestimmungen (UL, VDE, CSA). <\/p>\n<\/li>\n<li class=\"bullet-list-item\">\n<p class=\"mb-l\"> <span class=\"bold\">Lange Lebensdauer der Batterie:<\/span> Die Batterien wurden von APC by Schneider Electric exklusiv f\u00fcr die APC USV-Systeme entwickelt und sind vollst\u00e4ndig kompatibel zum intelligenten Batteriemanagement-System. <\/p>\n<\/li>\n<li class=\"bullet-list-item\">\n<p class=\"mb-l\"> <span class=\"bold\">Vollst\u00e4ndig montiert f\u00fcr einfache Hot-Swap-Installation:<\/span> Einfache &#8220;hot-swap&#8221; Installation ohne Ausfallzeiten. <\/p>\n<\/li>\n<li class=\"bullet-list-item\">\n<p class=\"mb-l\"> <span class=\"bold\">Konfiguration f\u00fcr mehrere Batteriepakete:<\/span> Anschluss von bis zu 10 Batteriepaketen f\u00fcr erweiterte Laufzeitanwendungen (abh\u00e4ngig vom USV-Modell). <\/p>\n<\/li>\n<li class=\"bullet-list-item\">\n<p class=\"mb-l\"> <span class=\"bold\">Integriertes intelligentes Batteriemanagement: <\/span>Die integrierte \u00dcberwachung auf Zell-, Modul- und Rackebene liefert jederzeit genaue Informationen zum Batteriestatus und zur verf\u00fcgbaren Autonomiezeit. So steht eine stabile, vorhersagbare Batterieleistung f\u00fcr Netzausf\u00e4lle zur Verf\u00fcgung. <\/p>\n<\/li>\n<li class=\"bullet-list-item\">\n<p class=\"mb-l\"> <span class=\"bold\">Erwartete Batterielebensdauer: <\/span>5\u201310 Jahre (je nach Beanspruchung und Umgebungstemperatur). <\/p>\n<\/li>\n<li class=\"bullet-list-item\">\n<p class=\"mb-l\"> <span class=\"bold\">Wiederverwendbare Verpackung:<\/span> Mit klaren Hinweisen zur korrekten Entsorgung verbrauchter Batterien.Komfortabel, einfach und umweltfreundlich. <\/p>\n<\/li>\n<\/ul>\n<\/div>\n<\/p><\/div>\n<\/p><\/div>\n<li class=\"mb-m\">\n<div class=\"flex flex-col m:flex-row gap-s m:gap-xl\">\n<div class=\"text-h3 min-w-[244px] max-w-[244px]\">Produkttyp<\/div>\n<div class=\"flex flex-col gap-s\"><span class=\"ml-3xs pl-[15px] relative before:absolute before:w-[8px] before:h-[8px] before:bg-dark before:top-[8px] before:left-0 before:rounded-full\">Li-Ion Batteriemodul zum erweitern der USV-Kapazit\u00e4t<\/span><span class=\"ml-3xs pl-[15px] relative before:absolute before:w-[8px] before:h-[8px] before:bg-dark before:top-[8px] before:left-0 before:rounded-full\">Rackmontierbar (1U)<\/span><span class=\"ml-3xs pl-[15px] relative before:absolute before:w-[8px] before:h-[8px] before:bg-dark before:top-[8px] before:left-0 before:rounded-full\">48 V, 585 Wh<\/span><span class=\"ml-3xs pl-[15px] relative before:absolute before:w-[8px] before:h-[8px] before:bg-dark before:top-[8px] before:left-0 before:rounded-full\">Kompatibel mit der APC Smart-Ups Online SRT-Serie<\/span><\/div>\n<\/div>\n<\/li>\n<li class=\"mb-m\">\n<div class=\"flex flex-col m:flex-row gap-s m:gap-xl\">\n<div class=\"text-h3 min-w-[244px] max-w-[244px]\">Lieferumfang<\/div>\n<div class=\"flex flex-col gap-s\"><span class=\"ml-3xs pl-[15px] relative before:absolute before:w-[8px] before:h-[8px] before:bg-dark before:top-[8px] before:left-0 before:rounded-full\">4-Rackschienen-Bausatz<\/span><span class=\"ml-3xs pl-[15px] relative before:absolute before:w-[8px] before:h-[8px] before:bg-dark before:top-[8px] before:left-0 before:rounded-full\">Kommunikationskabel<\/span><span class=\"ml-3xs pl-[15px] relative before:absolute before:w-[8px] before:h-[8px] before:bg-dark before:top-[8px] before:left-0 before:rounded-full\">Erdungskabel<\/span><span class=\"ml-3xs pl-[15px] relative before:absolute before:w-[8px] before:h-[8px] before:bg-dark before:top-[8px] before:left-0 before:rounded-full\">Installationsanleitung<\/span><span class=\"ml-3xs pl-[15px] relative before:absolute before:w-[8px] before:h-[8px] before:bg-dark before:top-[8px] before:left-0 before:rounded-full\">Rack-Montage-Halterungen<\/span><\/div>\n<\/div>\n<\/li>\n","protected":false},"excerpt":{"rendered":"<li class=\"bullet-list-item\">Batteriemodul zur Erweiterung Ihrer APC-USV<\/li>\n<li class=\"bullet-list-item\">Kompatibel mit der Smart-UPS Online SRT-Serie<\/li>\n<li class=\"bullet-list-item\">Batterietyp: Li-Ion, 48 V, 585 Wh<\/li>\n<li class=\"bullet-list-item\">Rackf\u00e4hig (1U)<\/li>\n<li class=\"bullet-list-item\">Hot Swap Installation<\/li>\n<p> Herstellernummer XBP48RM1U-LI<\/p>","protected":false},"featured_media":44368,"comment_status":"open","ping_status":"closed","template":"","meta":{"_monsterinsights_skip_tracking":false,"_monsterinsights_sitenote_active":false,"_monsterinsights_sitenote_note":"","_monsterinsights_sitenote_category":0,"_uf_show_specific_survey":0,"_uf_disable_surveys":false},"product_brand":[],"product_cat":[459],"product_tag":[],"models":[],"years":[],"class_list":{"0":"post-23968","1":"product","2":"type-product","3":"status-publish","4":"has-post-thumbnail","6":"product_cat-akkus-batterien-usv","8":"first","9":"instock","10":"sale","11":"shipping-taxable","12":"purchasable","13":"product-type-simple"},"aioseo_notices":[],"acf":[],"_links":{"self":[{"href":"https:\/\/amannforg.com\/fr\/wp-json\/wp\/v2\/product\/23968","targetHints":{"allow":["GET"]}}],"collection":[{"href":"https:\/\/amannforg.com\/fr\/wp-json\/wp\/v2\/product"}],"about":[{"href":"https:\/\/amannforg.com\/fr\/wp-json\/wp\/v2\/types\/product"}],"replies":[{"embeddable":true,"href":"https:\/\/amannforg.com\/fr\/wp-json\/wp\/v2\/comments?post=23968"}],"version-history":[{"count":1,"href":"https:\/\/amannforg.com\/fr\/wp-json\/wp\/v2\/product\/23968\/revisions"}],"predecessor-version":[{"id":57573,"href":"https:\/\/amannforg.com\/fr\/wp-json\/wp\/v2\/product\/23968\/revisions\/57573"}],"wp:featuredmedia":[{"embeddable":true,"href":"https:\/\/amannforg.com\/fr\/wp-json\/wp\/v2\/media\/44368"}],"wp:attachment":[{"href":"https:\/\/amannforg.com\/fr\/wp-json\/wp\/v2\/media?parent=23968"}],"wp:term":[{"taxonomy":"product_brand","embeddable":true,"href":"https:\/\/amannforg.com\/fr\/wp-json\/wp\/v2\/product_brand?post=23968"},{"taxonomy":"product_cat","embeddable":true,"href":"https:\/\/amannforg.com\/fr\/wp-json\/wp\/v2\/product_cat?post=23968"},{"taxonomy":"product_tag","embeddable":true,"href":"https:\/\/amannforg.com\/fr\/wp-json\/wp\/v2\/product_tag?post=23968"},{"taxonomy":"models","embeddable":true,"href":"https:\/\/amannforg.com\/fr\/wp-json\/wp\/v2\/models?post=23968"},{"taxonomy":"years","embeddable":true,"href":"https:\/\/amannforg.com\/fr\/wp-json\/wp\/v2\/years?post=23968"}],"curies":[{"name":"wp","href":"https:\/\/api.w.org\/{rel}","templated":true}]}}