{"id":24018,"date":"2026-02-28T15:40:56","date_gmt":"2026-02-28T15:40:56","guid":{"rendered":"https:\/\/amannforg.com\/?post_type=product&#038;p=24018"},"modified":"2026-03-07T16:25:23","modified_gmt":"2026-03-07T16:25:23","slug":"apc-rack-pdu-2g-p8881-stromverteilung-16a-230v-36x-c13-6x-c19","status":"publish","type":"product","link":"https:\/\/amannforg.com\/fr\/produit\/apc-rack-pdu-2g-p8881-stromverteilung-16a-230v-36x-c13-6x-c19\/","title":{"rendered":"APC Rack PDU 2G P8881 Stromverteilung (16A\/230V, 36x C13 &#038; 6x C19)"},"content":{"rendered":"<div class=\"article\">\n<div class=\"titlepage\">\n<h2 class=\"text-h3 mb-l\">APC Metered RACK PDU AP8881 mit Messfunktion 0HE 230V 36xC13 6xC19 11kW<\/h2>\n<\/div>\n<div class=\"formalpara\">\n<div class=\"titlepage\">\n<h2 class=\"text-h3 mb-l\">Zuverl\u00e4ssige Rack-Stromverteilung<\/h2>\n<\/div>\n<p class=\"mb-l\">APC Basic Rack-PDUs bieten eine zuverl\u00e4ssige Energieverteilung im Rack mit einem Eingang und mehreren Ausg\u00e4ngen. Die PDUs eignen sich f\u00fcr einphasige, niederamperige Installationen ebenso wie f\u00fcr 3-Phasen-Installationen mit hohen Stromst\u00e4rken.<\/p>\n<\/p><\/div>\n<div class=\"itemizedlist\">\n<ul class=\"bullet-list\">\n<li class=\"bullet-list-item\">\n<p class=\"mb-l\"> <span class=\"bold\">\u00dcberwachte Rack-Stromverteilungen erm\u00f6glichen eine Echtzeit\u00fcberwachung angeschlossener Systeme: <\/span>Benutzerdefinierbare Alarme warnen vor potenzieller \u00dcberlastung von Stromkreisen, bevor es zu Ausf\u00e4llen kritischer IT-Systeme kommt. <\/p>\n<\/li>\n<li class=\"bullet-list-item\">\n<p class=\"mb-l\"> <span class=\"bold\">F\u00fcr die Rackmontage: <\/span>Modelle f\u00fcr horizontale, vertikale und werkzeuglose Montage. Stellt Stromanschl\u00fcsse dort zur Verf\u00fcgung, wo sie am dringendsten gebraucht werden in den Racks, in unmittelbarer Ger\u00e4ten\u00e4he <\/p>\n<\/li>\n<li class=\"bullet-list-item\">\n<p class=\"mb-l\"> <span class=\"bold\">Breites Spektrum unterschiedlicher: <\/span>Ein- und Ausg\u00e4nge &#8211; Verschiedene Eing\u00e4nge und Ausg\u00e4nge f\u00fcr die Verteilung von 120 V, 208 V oder 230 V Netzspannung auf mehrere Anschl\u00fcsse. <\/p>\n<\/li>\n<li class=\"bullet-list-item\">\n<p class=\"mb-l\"> <span class=\"bold\">Stromversorgung mit Einfacheingang: <\/span>\u00dcber ein Abzweig-Whip k\u00f6nnen mehrere Ger\u00e4te mit Strom versorgt werden; dies ist eine besonders praktische Art der Stromversorgung f\u00fcr Rack-Ger\u00e4te. <\/p>\n<\/li>\n<\/ul>\n<\/div>\n<p class=\"mb-l\">Wenn es darum geht maximale IT-Verf\u00fcgbarkeit sicherzustellen, verlassen sich Branchenexperten bei Serverr\u00e4umen und Netzwerkschr\u00e4nken auf Produkte von APC. Wir bieten L\u00f6sungen f\u00fcr unterbrechungsfreie Stromversorgung, Rackeinbau, Stromverteilung, K\u00fchlung und Management beliebiger Server. <\/p>\n<div class=\"itemizedlist\">\n<ul class=\"bullet-list\">\n<li class=\"bullet-list-item\">\n<p class=\"mb-l\"> <span class=\"bold\">APC Rack-Stromverteiler mit Messfunktion:<\/span> Die schaltbaren Rack-PDUs erm\u00f6glichen eine umfassende, vom Benutzer anpassbare Steuerung der Stromverteilung mit einzeln schaltbaren Ausg\u00e4ngen. <\/p>\n<\/li>\n<li class=\"bullet-list-item\">\n<p class=\"mb-l\"> <span class=\"bold\">Stromversorgung mit Einfacheingang: <\/span>\u00dcber ein Abzweig-Whip k\u00f6nnen mehrere Ger\u00e4te mit Strom versorgt werden; dies ist eine besonders praktische Art der Stromversorgung f\u00fcr Rack-Ger\u00e4te. Durch die Verwendung eines Abzweig-Whips mit Standardanschl\u00fcssen verringert sich der Zeit- und Kostenaufwand f\u00fcr die Installation. <\/p>\n<\/li>\n<li class=\"bullet-list-item\">\n<p class=\"mb-l\"> <span class=\"bold\">Breites Spektrum unterschiedlicher Ein- und Ausg\u00e4nge: <\/span>Verschiedene Eing\u00e4nge und Ausg\u00e4nge f\u00fcr die Verteilung von 120 V, 208 V oder 230 V Netzspannung auf mehrere Anschl\u00fcsse. Bietet Anwendern die M\u00f6glichkeit zur Anpassung an unterschiedliche Stromanforderungen. Die Ger\u00e4te unterst\u00fctzen bis zu 14,4 kW Leistung pro Abzweig-Whip. <\/p>\n<\/li>\n<li class=\"bullet-list-item\">\n<p class=\"mb-l\"> <span class=\"bold\">F\u00fcr die Rackmontage: <\/span>Modelle f\u00fcr horizontale, vertikale und werkzeuglose Montage. Stellt Stromanschl\u00fcsse dort zur Verf\u00fcgung, wo sie am dringendsten gebraucht werden in den Racks, in unmittelbarer Ger\u00e4ten\u00e4he. <\/p>\n<\/li>\n<li class=\"bullet-list-item\">\n<p class=\"mb-l\"> <span class=\"bold\">Alarmschwellenwerte: <\/span>Legen Sie Schwellenwerte f\u00fcr die Ausl\u00f6sung von Alarmen fest, um eine \u00dcberlastung von Stromkreisen zu vermeiden. Optische Alarme sowie Benachrichtigungen, die \u00fcber das Netzwerk verschickt werden, warnen Anwender vor potenziellen Problemen. (Hinweis: Nur erh\u00e4ltlich f\u00fcr Ger\u00e4te mit Strom\u00fcberwachungsfunktion. Informationen zur Verf\u00fcgbarkeit finden Sie in den Spezifikationen der jeweiligen Modelle.) <\/p>\n<\/li>\n<li class=\"bullet-list-item\">\n<p class=\"mb-l\"> <span class=\"bold\">Lastanzeige-LED: <\/span>Zeigt \u00dcberlast- und Alarmbedingungen an, sobald benutzerdefinierte Schwellenwerte \u00fcberschritten werden. Der Benutzer wird auf potenziell \u00fcberlastete Stromkreise hingewiesen. <\/p>\n<\/li>\n<li class=\"bullet-list-item\">\n<p class=\"mb-l\"> <span class=\"bold\">Integrierbar mit StruxureWare Data Center Expert: <\/span>Ein IT-kompatibles, skalierbares Zugangs\u00fcberwachungssystem, das kritische Alarme, Video\u00fcberwachungs- und andere wichtige Daten erfasst, strukturiert und verteilt. F\u00fcr einen einheitlichen, netzwerkweiten \u00dcberblick \u00fcber komplexe physische IT-Infrastrukturen. <\/p>\n<\/li>\n<li class=\"bullet-list-item\">\n<p class=\"mb-l\"> <span class=\"bold\">Display f\u00fcr lokale Strom\u00fcberwachung: <\/span>Die Gesamtleistungsaufnahme pro Rack-PDU wird im Display des Systems dargestellt. Das Display hilft, die \u00dcberlastung von Stromkreisen zu vermeiden; es gibt optische Warnmeldungen aus, wenn die Leistungsaufnahme sich dem Maximalwert des Abzweigs ann\u00e4hert. <\/p>\n<\/li>\n<\/ul>\n<\/div><\/div>\n<li class=\"mb-m\">\n<div class=\"flex flex-col m:flex-row gap-s m:gap-xl\">\n<div class=\"text-h3 min-w-[244px] max-w-[244px]\">Technische Spezifikationen<\/div>\n<div class=\"flex flex-col gap-s\"><span class=\"ml-3xs pl-[15px] relative before:absolute before:w-[8px] before:h-[8px] before:bg-dark before:top-[8px] before:left-0 before:rounded-full\"><span class=\"\">Anschlussart der Eing\u00e4nge<\/span><\/span><span class=\"ml-3xs pl-[15px] relative before:absolute before:w-[8px] before:h-[8px] before:bg-dark before:top-[8px] before:left-0 before:rounded-full\">IEC 60309 16 A 3-polig + N + PE<\/span><span class=\"ml-3xs pl-[15px] relative before:absolute before:w-[8px] before:h-[8px] before:bg-dark before:top-[8px] before:left-0 before:rounded-full\">IEC 60309 20 A 3-polig + N + PE<\/span><span class=\"ml-3xs pl-[15px] relative before:absolute before:w-[8px] before:h-[8px] before:bg-dark before:top-[8px] before:left-0 before:rounded-full\"><span class=\"\">Haupteingangsspannung: <\/span>400 V 3 Phasen<\/span><span class=\"ml-3xs pl-[15px] relative before:absolute before:w-[8px] before:h-[8px] before:bg-dark before:top-[8px] before:left-0 before:rounded-full\"><span class=\"\">Max. Netzstrom: <\/span>16 A<\/span><span class=\"ml-3xs pl-[15px] relative before:absolute before:w-[8px] before:h-[8px] before:bg-dark before:top-[8px] before:left-0 before:rounded-full\"><span class=\"\">Eingangsstromgrenzen: <\/span>16 A<\/span><span class=\"ml-3xs pl-[15px] relative before:absolute before:w-[8px] before:h-[8px] before:bg-dark before:top-[8px] before:left-0 before:rounded-full\"><span class=\"\">Tragf\u00e4higkeit: <\/span>11000 VA<\/span><span class=\"ml-3xs pl-[15px] relative before:absolute before:w-[8px] before:h-[8px] before:bg-dark before:top-[8px] before:left-0 before:rounded-full\"><span class=\"\">Netzwerkfrequenz: <\/span>50\/60 Hz<\/span><\/div>\n<\/div>\n<\/li>\n","protected":false},"excerpt":{"rendered":"<li class=\"bullet-list-item\">APC Metered RACK PDU AP8881<\/li>\n<li class=\"bullet-list-item\">0HE 230V 36xC13 6xC19 11kW<\/li>\n<li class=\"bullet-list-item\">mit Messfunktion<\/li>\n<p> Herstellernummer AP8881<\/p>","protected":false},"featured_media":44372,"comment_status":"open","ping_status":"closed","template":"","meta":{"_monsterinsights_skip_tracking":false,"_monsterinsights_sitenote_active":false,"_monsterinsights_sitenote_note":"","_monsterinsights_sitenote_category":0,"_uf_show_specific_survey":0,"_uf_disable_surveys":false},"product_brand":[],"product_cat":[459],"product_tag":[],"models":[],"years":[],"class_list":{"0":"post-24018","1":"product","2":"type-product","3":"status-publish","4":"has-post-thumbnail","6":"product_cat-akkus-batterien-usv","8":"first","9":"instock","10":"sale","11":"shipping-taxable","12":"purchasable","13":"product-type-simple"},"aioseo_notices":[],"acf":[],"_links":{"self":[{"href":"https:\/\/amannforg.com\/fr\/wp-json\/wp\/v2\/product\/24018","targetHints":{"allow":["GET"]}}],"collection":[{"href":"https:\/\/amannforg.com\/fr\/wp-json\/wp\/v2\/product"}],"about":[{"href":"https:\/\/amannforg.com\/fr\/wp-json\/wp\/v2\/types\/product"}],"replies":[{"embeddable":true,"href":"https:\/\/amannforg.com\/fr\/wp-json\/wp\/v2\/comments?post=24018"}],"version-history":[{"count":1,"href":"https:\/\/amannforg.com\/fr\/wp-json\/wp\/v2\/product\/24018\/revisions"}],"predecessor-version":[{"id":57574,"href":"https:\/\/amannforg.com\/fr\/wp-json\/wp\/v2\/product\/24018\/revisions\/57574"}],"wp:featuredmedia":[{"embeddable":true,"href":"https:\/\/amannforg.com\/fr\/wp-json\/wp\/v2\/media\/44372"}],"wp:attachment":[{"href":"https:\/\/amannforg.com\/fr\/wp-json\/wp\/v2\/media?parent=24018"}],"wp:term":[{"taxonomy":"product_brand","embeddable":true,"href":"https:\/\/amannforg.com\/fr\/wp-json\/wp\/v2\/product_brand?post=24018"},{"taxonomy":"product_cat","embeddable":true,"href":"https:\/\/amannforg.com\/fr\/wp-json\/wp\/v2\/product_cat?post=24018"},{"taxonomy":"product_tag","embeddable":true,"href":"https:\/\/amannforg.com\/fr\/wp-json\/wp\/v2\/product_tag?post=24018"},{"taxonomy":"models","embeddable":true,"href":"https:\/\/amannforg.com\/fr\/wp-json\/wp\/v2\/models?post=24018"},{"taxonomy":"years","embeddable":true,"href":"https:\/\/amannforg.com\/fr\/wp-json\/wp\/v2\/years?post=24018"}],"curies":[{"name":"wp","href":"https:\/\/api.w.org\/{rel}","templated":true}]}}