{"id":24022,"date":"2026-02-28T15:40:58","date_gmt":"2026-02-28T15:40:58","guid":{"rendered":"https:\/\/amannforg.com\/?post_type=product&#038;p=24022"},"modified":"2026-03-07T16:25:23","modified_gmt":"2026-03-07T16:25:23","slug":"apc-smart-ups-srt1500xli-1500va-6xc13-smartslot-uberspannungsschutz","status":"publish","type":"product","link":"https:\/\/amannforg.com\/fr\/produit\/apc-smart-ups-srt1500xli-1500va-6xc13-smartslot-uberspannungsschutz\/","title":{"rendered":"APC Smart UPS SRT1500XLI, 1500VA, 6xC13, SmartSlot, \u00dcberspannungsschutz"},"content":{"rendered":"<div class=\"article\">\n<div class=\"titlepage\">\n<h2 class=\"text-h3 mb-l\">APC Smart-UPS SRT 1500 VA Rack Mount 230V (SRT1500XLI)<\/h2>\n<\/div>\n<p class=\"mb-l\">Hochleistungs-USV-Systeme mit Doppelwandler-Online-Technologie und skalierbarer Autonomiezeit<\/p>\n<div class=\"formalpara\">\n<div class=\"titlepage\">\n<h2 class=\"text-h3 mb-l\">Eigenschaften<\/h2>\n<\/div>\n<p class=\"mb-l\">\n<div class=\"itemizedlist\">\n<ul class=\"bullet-list\">\n<li class=\"bullet-list-item\">\n<p class=\"mb-l\">Input Connection Type IEC 60320 C14<\/p>\n<\/li>\n<li class=\"bullet-list-item\">\n<p class=\"mb-l\">Output connection type 6 IEC 60320 C13<\/p>\n<\/li>\n<\/ul>\n<\/div>\n<\/p><\/div>\n<div class=\"formalpara\">\n<div class=\"titlepage\">\n<h2 class=\"text-h3 mb-l\">Hauptmerkmale<\/h2>\n<\/div>\n<p class=\"mb-l\">\n<div class=\"itemizedlist\">\n<ul class=\"bullet-list\">\n<li class=\"bullet-list-item\">\n<p class=\"mb-l\">Haupteingangsspannung: 230 V<\/p>\n<\/li>\n<li class=\"bullet-list-item\">\n<p class=\"mb-l\">Weitere Eingangsspannung: 220 V\/ 240 V<\/p>\n<\/li>\n<li class=\"bullet-list-item\">\n<p class=\"mb-l\">Hauptausgangsspannung: 230 V<\/p>\n<\/li>\n<li class=\"bullet-list-item\">\n<p class=\"mb-l\">Weitere Ausgangsspannung: 220 V\/ 240 V<\/p>\n<\/li>\n<li class=\"bullet-list-item\">\n<p class=\"mb-l\">Nennleistung in W: 1500 W<\/p>\n<\/li>\n<li class=\"bullet-list-item\">\n<p class=\"mb-l\">Nennleistung in VA: 1500 VA<\/p>\n<\/li>\n<li class=\"bullet-list-item\">\n<p class=\"mb-l\">Input Connection Type: IEC 60320 C14<\/p>\n<\/li>\n<li class=\"bullet-list-item\">\n<p class=\"mb-l\">Output connection type: 6 IEC 60320 C13<\/p>\n<\/li>\n<li class=\"bullet-list-item\">\n<p class=\"mb-l\">Kabell\u00e4nge: 1,83 m<\/p>\n<\/li>\n<li class=\"bullet-list-item\">\n<p class=\"mb-l\">Anzahl der Kabel: 1<\/p>\n<\/li>\n<li class=\"bullet-list-item\">\n<p class=\"mb-l\">Batterietyp: Bleis\u00e4urebatterie<\/p>\n<\/li>\n<\/ul>\n<\/div>\n<\/p><\/div>\n<div class=\"formalpara\">\n<div class=\"titlepage\">\n<h2 class=\"text-h3 mb-l\">Technische Daten<\/h2>\n<\/div>\n<p class=\"mb-l\">Ausgang<\/p>\n<\/p><\/div>\n<div class=\"itemizedlist\">\n<ul class=\"bullet-list\">\n<li class=\"bullet-list-item\">\n<p class=\"mb-l\">Maximal konfigurierbare<\/p>\n<\/li>\n<li class=\"bullet-list-item\">\n<p class=\"mb-l\">Leistung (Watt): 1500 W<\/p>\n<\/li>\n<li class=\"bullet-list-item\">\n<p class=\"mb-l\">Oberschwingungen Weniger als 2 %<\/p>\n<\/li>\n<li class=\"bullet-list-item\">\n<p class=\"mb-l\">Ausgangsfrequenz 50\/60 Hz +\/- 3 Hz synchronisiert<\/p>\n<\/li>\n<li class=\"bullet-list-item\">\n<p class=\"mb-l\">Scheitelfaktor 3:1<\/p>\n<\/li>\n<li class=\"bullet-list-item\">\n<p class=\"mb-l\">Topologie Online-Doppelwandlung<\/p>\n<\/li>\n<li class=\"bullet-list-item\">\n<p class=\"mb-l\">Wellentyp Sinuswelle<\/p>\n<\/li>\n<li class=\"bullet-list-item\">\n<p class=\"mb-l\">Bypass-Art Integrierter bypass<\/p>\n<\/li>\n<li class=\"bullet-list-item\">\n<p class=\"mb-l\">Maximal konfigurierbare<\/p>\n<\/li>\n<li class=\"bullet-list-item\">\n<p class=\"mb-l\">Leistung in VA: 1500 VA<\/p>\n<\/li>\n<\/ul>\n<\/div>\n<p class=\"mb-l\">Eingang<\/p>\n<div class=\"itemizedlist\">\n<ul class=\"bullet-list\">\n<li class=\"bullet-list-item\">\n<p class=\"mb-l\">Netzwerkfrequenz 40\u201370 Hz Auto-Erfassung<\/p>\n<\/li>\n<li class=\"bullet-list-item\">\n<p class=\"mb-l\">Eingangsspannungsgrenzen 100 &#8211; 275 V<\/p>\n<\/li>\n<\/ul>\n<\/div>\n<p class=\"mb-l\">Batterien und \u00dcberbr\u00fcckungszeit<\/p>\n<div class=\"itemizedlist\">\n<ul class=\"bullet-list\">\n<li class=\"bullet-list-item\">\n<p class=\"mb-l\">Vorinstallierte Batterien 1<\/p>\n<\/li>\n<li class=\"bullet-list-item\">\n<p class=\"mb-l\">Leere Batteriesch\u00e4chte 0<\/p>\n<\/li>\n<li class=\"bullet-list-item\">\n<p class=\"mb-l\">Typische Ladedauer 3 h<\/p>\n<\/li>\n<li class=\"bullet-list-item\">\n<p class=\"mb-l\">Batteriespannung 48V<\/p>\n<\/li>\n<li class=\"bullet-list-item\">\n<p class=\"mb-l\">Ladekapazit\u00e4t der Batterie<\/p>\n<\/li>\n<li class=\"bullet-list-item\">\n<p class=\"mb-l\">(Watt) ist hier die Ladeeinheit<\/p>\n<\/li>\n<li class=\"bullet-list-item\">\n<p class=\"mb-l\">gemeint?<\/p>\n<\/li>\n<li class=\"bullet-list-item\">\n<p class=\"mb-l\">108 W rated<\/p>\n<\/li>\n<li class=\"bullet-list-item\">\n<p class=\"mb-l\">Batterieleistung in VAH 324 VAh Laufzeit<\/p>\n<\/li>\n<li class=\"bullet-list-item\">\n<p class=\"mb-l\">Batterielebensdauer 3&#8230;5 Jahre<\/p>\n<\/li>\n<li class=\"bullet-list-item\">\n<p class=\"mb-l\">Ersatzbatterie APCRBC155<\/p>\n<\/li>\n<li class=\"bullet-list-item\">\n<p class=\"mb-l\">Batterie-Option SRT48BP 1 972 VAh<\/p>\n<\/li>\n<li class=\"bullet-list-item\">\n<p class=\"mb-l\">SRT48BP 2 1620 VAh<\/p>\n<\/li>\n<li class=\"bullet-list-item\">\n<p class=\"mb-l\">SRT48BP 3 2268 VAh<\/p>\n<\/li>\n<li class=\"bullet-list-item\">\n<p class=\"mb-l\">SRT48BP 4 2916 VAh<\/p>\n<\/li>\n<li class=\"bullet-list-item\">\n<p class=\"mb-l\">SRT48BP 5 3564 VAh<\/p>\n<\/li>\n<li class=\"bullet-list-item\">\n<p class=\"mb-l\">SRT48BP 6 4212 VAh<\/p>\n<\/li>\n<li class=\"bullet-list-item\">\n<p class=\"mb-l\">SRT48BP 8 5508 VAh<\/p>\n<\/li>\n<li class=\"bullet-list-item\">\n<p class=\"mb-l\">SRT48BP 10 6804 VAh<\/p>\n<\/li>\n<li class=\"bullet-list-item\">\n<p class=\"mb-l\">Extendable Run Time 1<\/p>\n<\/li>\n<\/ul>\n<\/div>\n<p class=\"mb-l\">Kommunikation &amp; Management<\/p>\n<div class=\"itemizedlist\">\n<ul class=\"bullet-list\">\n<li class=\"bullet-list-item\">\n<p class=\"mb-l\">Freie Steckpl\u00e4tze 1<\/p>\n<\/li>\n<li class=\"bullet-list-item\">\n<p class=\"mb-l\">Alarm Audible and visible alarms : prioritized by severity<\/p>\n<\/li>\n<li class=\"bullet-list-item\">\n<p class=\"mb-l\">Notfall Ausschaltung (EPO) Ja<\/p>\n<\/li>\n<\/ul>\n<\/div>\n<p class=\"mb-l\">Abmessungen<\/p>\n<div class=\"itemizedlist\">\n<ul class=\"bullet-list\">\n<li class=\"bullet-list-item\">\n<p class=\"mb-l\">H\u00f6he 43,2 cm<\/p>\n<\/li>\n<li class=\"bullet-list-item\">\n<p class=\"mb-l\">Breite 8,5 cm<\/p>\n<\/li>\n<li class=\"bullet-list-item\">\n<p class=\"mb-l\">Tiefe 50,5 cm<\/p>\n<\/li>\n<li class=\"bullet-list-item\">\n<p class=\"mb-l\">Produktgewicht 20,5 kg<\/p>\n<\/li>\n<\/ul>\n<\/div>\n<div class=\"formalpara\">\n<div class=\"titlepage\">\n<h2 class=\"text-h3 mb-l\">Lieferumfang<\/h2>\n<\/div>\n<p class=\"mb-l\">\n<div class=\"itemizedlist\">\n<ul class=\"bullet-list\">\n<li class=\"bullet-list-item\">\n<p class=\"mb-l\">CD mit Software<\/p>\n<\/li>\n<li class=\"bullet-list-item\">\n<p class=\"mb-l\">Kommunikationskabel<\/p>\n<\/li>\n<li class=\"bullet-list-item\">\n<p class=\"mb-l\">Dokumentations-CD<\/p>\n<\/li>\n<li class=\"bullet-list-item\">\n<p class=\"mb-l\">Installationsanleitung<\/p>\n<\/li>\n<li class=\"bullet-list-item\">\n<p class=\"mb-l\">Abnehmbare St\u00fctzf\u00fc\u00dfe<\/p>\n<\/li>\n<li class=\"bullet-list-item\">\n<p class=\"mb-l\">USB-Kabel<\/p>\n<\/li>\n<li class=\"bullet-list-item\">\n<p class=\"mb-l\">Garantiekarte<\/p>\n<\/li>\n<\/ul>\n<\/div>\n<\/p><\/div>\n<\/p><\/div>\n<li class=\"mb-m\">\n<div class=\"flex flex-col m:flex-row gap-s m:gap-xl\">\n<div class=\"text-h3 min-w-[244px] max-w-[244px]\">Ausg\u00e4nge<\/div>\n<div class=\"flex flex-col gap-s\"><span class=\"ml-3xs pl-[15px] relative before:absolute before:w-[8px] before:h-[8px] before:bg-dark before:top-[8px] before:left-0 before:rounded-full\">6 Kaltger\u00e4te-Steckdose(n)<\/span><span class=\"ml-3xs pl-[15px] relative before:absolute before:w-[8px] before:h-[8px] before:bg-dark before:top-[8px] before:left-0 before:rounded-full\">1 batteriegepufferte Steckdose(n)<\/span><\/div>\n<\/div>\n<\/li>\n<li class=\"mb-m\">\n<div class=\"flex flex-col m:flex-row gap-s m:gap-xl\">\n<div class=\"text-h3 min-w-[244px] max-w-[244px]\">Leistung<\/div>\n<div class=\"flex flex-col gap-s\"><span class=\"ml-3xs pl-[15px] relative before:absolute before:w-[8px] before:h-[8px] before:bg-dark before:top-[8px] before:left-0 before:rounded-full\">Nennleistung: 1500 W<\/span><span class=\"ml-3xs pl-[15px] relative before:absolute before:w-[8px] before:h-[8px] before:bg-dark before:top-[8px] before:left-0 before:rounded-full\">Scheinleistung: 1500 VA<\/span><\/div>\n<\/div>\n<\/li>\n<li class=\"mb-m\">\n<div class=\"flex flex-col m:flex-row gap-s m:gap-xl\">\n<div class=\"text-h3 min-w-[244px] max-w-[244px]\">Spannung<\/div>\n<div class=\"flex flex-col gap-s\"><span class=\"ml-3xs pl-[15px] relative before:absolute before:w-[8px] before:h-[8px] before:bg-dark before:top-[8px] before:left-0 before:rounded-full\">Nennleistung in W 1500 W<\/span><span class=\"ml-3xs pl-[15px] relative before:absolute before:w-[8px] before:h-[8px] before:bg-dark before:top-[8px] before:left-0 before:rounded-full\">Nennleistung in VA 1500 VA<\/span><\/div>\n<\/div>\n<\/li>\n<li class=\"mb-m\">\n<div class=\"flex flex-col m:flex-row gap-s m:gap-xl\">\n<div class=\"text-h3 min-w-[244px] max-w-[244px]\">Batterietype<\/div>\n<div class=\"flex flex-col gap-s\"><span class=\"ml-3xs pl-[15px] relative before:absolute before:w-[8px] before:h-[8px] before:bg-dark before:top-[8px] before:left-0 before:rounded-full\">Batterietyp: Bleis\u00e4urebatterie<\/span><\/div>\n<\/div>\n<\/li>\n<li class=\"mb-m\">\n<div class=\"flex flex-col m:flex-row gap-s m:gap-xl\">\n<div class=\"text-h3 min-w-[244px] max-w-[244px]\">optische\/akustische Anzeigen<\/div>\n<div class=\"flex flex-col gap-s\"><span class=\"ml-3xs pl-[15px] relative before:absolute before:w-[8px] before:h-[8px] before:bg-dark before:top-[8px] before:left-0 before:rounded-full\">LED-Status-Anzeige mit Balkendiagrammen f\u00fcr Last und Batterie sowie Anzeige von Betrieb, Batteriebetrieb, Batteriewechsel, \u00dcberlast und \u00dcberbr\u00fcckung<\/span><span class=\"ml-3xs pl-[15px] relative before:absolute before:w-[8px] before:h-[8px] before:bg-dark before:top-[8px] before:left-0 before:rounded-full\">Steuerungspanel: Alarm bei Batteriebetrieb, Alarm bei fast verbrauchter Batterie, konstanter Alarmton bei \u00dcberlast<\/span><\/div>\n<\/div>\n<\/li>\n<li class=\"mb-m\">\n<div class=\"flex flex-col m:flex-row gap-s m:gap-xl\">\n<div class=\"text-h3 min-w-[244px] max-w-[244px]\">Schnittstellen<\/div>\n<div class=\"flex flex-col gap-s\"><span class=\"ml-3xs pl-[15px] relative before:absolute before:w-[8px] before:h-[8px] before:bg-dark before:top-[8px] before:left-0 before:rounded-full\">USB, seriell (RJ-45)<\/span><\/div>\n<\/div>\n<\/li>\n<li class=\"mb-m\">\n<div class=\"flex flex-col m:flex-row gap-s m:gap-xl\">\n<div class=\"text-h3 min-w-[244px] max-w-[244px]\">Gewicht<\/div>\n<div class=\"flex flex-col gap-s\"><span class=\"ml-3xs pl-[15px] relative before:absolute before:w-[8px] before:h-[8px] before:bg-dark before:top-[8px] before:left-0 before:rounded-full\">Gewicht in kg: k.A.<\/span><\/div>\n<\/div>\n<\/li>\n<li class=\"mb-m\">\n<div class=\"flex flex-col m:flex-row gap-s m:gap-xl\">\n<div class=\"text-h3 min-w-[244px] max-w-[244px]\">mitgelliefertes Zubeh\u00f6r<\/div>\n<div class=\"flex flex-col gap-s\"><span class=\"\"><\/p>\n<div class=\"itemizedlist\">\n<ul class=\"flex flex-col gap-s\">\n<li class=\"ml-3xs pl-[15px] relative before:absolute before:w-[8px] before:h-[8px] before:bg-dark before:top-[8px] before:left-0 before:rounded-full\">CD mit Software<\/li>\n<li class=\"ml-3xs pl-[15px] relative before:absolute before:w-[8px] before:h-[8px] before:bg-dark before:top-[8px] before:left-0 before:rounded-full\">Kommunikationskabel<\/li>\n<li class=\"ml-3xs pl-[15px] relative before:absolute before:w-[8px] before:h-[8px] before:bg-dark before:top-[8px] before:left-0 before:rounded-full\">Dokumentations-CD<\/li>\n<li class=\"ml-3xs pl-[15px] relative before:absolute before:w-[8px] before:h-[8px] before:bg-dark before:top-[8px] before:left-0 before:rounded-full\">Installationsanleitung<\/li>\n<li class=\"ml-3xs pl-[15px] relative before:absolute before:w-[8px] before:h-[8px] before:bg-dark before:top-[8px] before:left-0 before:rounded-full\">Abnehmbare St\u00fctzf\u00fc\u00dfe<\/li>\n<li class=\"ml-3xs pl-[15px] relative before:absolute before:w-[8px] before:h-[8px] before:bg-dark before:top-[8px] before:left-0 before:rounded-full\">USB-Kabel<\/li>\n<li class=\"ml-3xs pl-[15px] relative before:absolute before:w-[8px] before:h-[8px] before:bg-dark before:top-[8px] before:left-0 before:rounded-full\">Garantiekarte<\/li>\n<\/ul>\n<\/div>\n<p><\/span><\/div>\n<\/div>\n<\/li>\n<li class=\"mb-m\">\n<div class=\"flex flex-col m:flex-row gap-s m:gap-xl\">\n<div class=\"text-h3 min-w-[244px] max-w-[244px]\">Herstellergarantie<\/div>\n<div class=\"flex flex-col gap-s\"><span class=\"ml-3xs pl-[15px] relative before:absolute before:w-[8px] before:h-[8px] before:bg-dark before:top-[8px] before:left-0 before:rounded-full\">3 Jahre Reparatur oder Ersatz (au\u00dfer Batterie) und 2 Jahre f\u00fcr Batterien<\/span><\/div>\n<\/div>\n<\/li>\n","protected":false},"excerpt":{"rendered":"<li class=\"bullet-list-item\">APC Smart-UPS SRT 1500 VA<\/li>\n<li class=\"bullet-list-item\">Rack Mount f\u00e4hig<\/li>\n<li class=\"bullet-list-item\">Maximal konfigurierbare Leistung (Watt): 1500 Watt \/ 1500 VA<\/li>\n<li class=\"bullet-list-item\">Autonomiezeit: 14.2min (50%), 5.2min (100%), Ladedauer: 3h <\/li>\n<p> Herstellernummer SRT1500XLI<\/p>","protected":false},"featured_media":44376,"comment_status":"open","ping_status":"closed","template":"","meta":{"_monsterinsights_skip_tracking":false,"_monsterinsights_sitenote_active":false,"_monsterinsights_sitenote_note":"","_monsterinsights_sitenote_category":0,"_uf_show_specific_survey":0,"_uf_disable_surveys":false},"product_brand":[],"product_cat":[459],"product_tag":[],"models":[],"years":[],"class_list":{"0":"post-24022","1":"product","2":"type-product","3":"status-publish","4":"has-post-thumbnail","6":"product_cat-akkus-batterien-usv","8":"first","9":"instock","10":"sale","11":"shipping-taxable","12":"purchasable","13":"product-type-simple"},"aioseo_notices":[],"acf":[],"_links":{"self":[{"href":"https:\/\/amannforg.com\/fr\/wp-json\/wp\/v2\/product\/24022","targetHints":{"allow":["GET"]}}],"collection":[{"href":"https:\/\/amannforg.com\/fr\/wp-json\/wp\/v2\/product"}],"about":[{"href":"https:\/\/amannforg.com\/fr\/wp-json\/wp\/v2\/types\/product"}],"replies":[{"embeddable":true,"href":"https:\/\/amannforg.com\/fr\/wp-json\/wp\/v2\/comments?post=24022"}],"version-history":[{"count":1,"href":"https:\/\/amannforg.com\/fr\/wp-json\/wp\/v2\/product\/24022\/revisions"}],"predecessor-version":[{"id":57575,"href":"https:\/\/amannforg.com\/fr\/wp-json\/wp\/v2\/product\/24022\/revisions\/57575"}],"wp:featuredmedia":[{"embeddable":true,"href":"https:\/\/amannforg.com\/fr\/wp-json\/wp\/v2\/media\/44376"}],"wp:attachment":[{"href":"https:\/\/amannforg.com\/fr\/wp-json\/wp\/v2\/media?parent=24022"}],"wp:term":[{"taxonomy":"product_brand","embeddable":true,"href":"https:\/\/amannforg.com\/fr\/wp-json\/wp\/v2\/product_brand?post=24022"},{"taxonomy":"product_cat","embeddable":true,"href":"https:\/\/amannforg.com\/fr\/wp-json\/wp\/v2\/product_cat?post=24022"},{"taxonomy":"product_tag","embeddable":true,"href":"https:\/\/amannforg.com\/fr\/wp-json\/wp\/v2\/product_tag?post=24022"},{"taxonomy":"models","embeddable":true,"href":"https:\/\/amannforg.com\/fr\/wp-json\/wp\/v2\/models?post=24022"},{"taxonomy":"years","embeddable":true,"href":"https:\/\/amannforg.com\/fr\/wp-json\/wp\/v2\/years?post=24022"}],"curies":[{"name":"wp","href":"https:\/\/api.w.org\/{rel}","templated":true}]}}