{"id":24028,"date":"2026-02-28T15:40:59","date_gmt":"2026-02-28T15:40:59","guid":{"rendered":"https:\/\/amannforg.com\/?post_type=product&#038;p=24028"},"modified":"2026-03-07T16:25:24","modified_gmt":"2026-03-07T16:25:24","slug":"apc-rbc118-usv-ersatzbatterie","status":"publish","type":"product","link":"https:\/\/amannforg.com\/fr\/produit\/apc-rbc118-usv-ersatzbatterie\/","title":{"rendered":"APC RBC118 USV-Ersatzbatterie"},"content":{"rendered":"<div class=\"article\">\n<div class=\"titlepage\">\n<h2 class=\"text-h3 mb-l\">APC Ersatzbatterie Nr. 118 (APCRBC118)<\/h2>\n<\/div>\n<p class=\"mb-l\">Die Original APC Ersatzbatterie (RBC) ist auf 100%-ige Kompatibilit\u00e4t mit der jeweiligen APC USV getestet und zertifiziert. Diese Blei-S\u00e4ure-RBC hat eine Lebensdauer von drei bis f\u00fcnf Jahren. Dies bietet eine zuverl\u00e4ssige Unterst\u00fctzung und verl\u00e4ngert die Nutzungsdauer Ihrer USV. Die APC RBC wird komplett montiert und einsatzbereit geliefert.<\/p>\n<\/p><\/div>\n<li class=\"mb-m\">\n<div class=\"flex flex-col m:flex-row gap-s m:gap-xl\">\n<div class=\"text-h3 min-w-[244px] max-w-[244px]\">Allgemein<\/div>\n<div class=\"flex flex-col gap-s\"><span class=\"\"><\/p>\n<div class=\"itemizedlist\">\n<ul class=\"flex flex-col gap-s\">\n<li class=\"ml-3xs pl-[15px] relative before:absolute before:w-[8px] before:h-[8px] before:bg-dark before:top-[8px] before:left-0 before:rounded-full\">Produkt- oder Komponententyp: Ersatz-Batteriekassette<\/li>\n<li class=\"ml-3xs pl-[15px] relative before:absolute before:w-[8px] before:h-[8px] before:bg-dark before:top-[8px] before:left-0 before:rounded-full\">Batterietyp: Bleis\u00e4urebatterie<\/li>\n<li class=\"ml-3xs pl-[15px] relative before:absolute before:w-[8px] before:h-[8px] before:bg-dark before:top-[8px] before:left-0 before:rounded-full\">geliefertes Zubeh\u00f6r: Alle erforderlichen Anschl\u00fcsse, Batterie-Recycling-Handbuch, Installationsanleitung, Wiederverwendbare Verpackung<\/li>\n<\/ul>\n<\/div>\n<p><\/span><\/div>\n<\/div>\n<\/li>\n","protected":false},"excerpt":{"rendered":"<li class=\"bullet-list-item\">Ersatz-Batteriekassette<\/li>\n<li class=\"bullet-list-item\">Bleis\u00e4urebatterie<\/li>\n<li class=\"bullet-list-item\">Montage: Gekapselte Batteriekassette<\/li>\n<li class=\"bullet-list-item\">Gewicht:  22,27 kg<\/li>\n<p> Herstellernummer APCRBC118<\/p>","protected":false},"featured_media":0,"comment_status":"open","ping_status":"closed","template":"","meta":{"_monsterinsights_skip_tracking":false,"_monsterinsights_sitenote_active":false,"_monsterinsights_sitenote_note":"","_monsterinsights_sitenote_category":0,"_uf_show_specific_survey":0,"_uf_disable_surveys":false},"product_brand":[],"product_cat":[459],"product_tag":[],"models":[],"years":[],"class_list":{"0":"post-24028","1":"product","2":"type-product","3":"status-publish","5":"product_cat-akkus-batterien-usv","7":"first","8":"instock","9":"sale","10":"shipping-taxable","11":"purchasable","12":"product-type-simple"},"aioseo_notices":[],"acf":[],"_links":{"self":[{"href":"https:\/\/amannforg.com\/fr\/wp-json\/wp\/v2\/product\/24028","targetHints":{"allow":["GET"]}}],"collection":[{"href":"https:\/\/amannforg.com\/fr\/wp-json\/wp\/v2\/product"}],"about":[{"href":"https:\/\/amannforg.com\/fr\/wp-json\/wp\/v2\/types\/product"}],"replies":[{"embeddable":true,"href":"https:\/\/amannforg.com\/fr\/wp-json\/wp\/v2\/comments?post=24028"}],"version-history":[{"count":1,"href":"https:\/\/amannforg.com\/fr\/wp-json\/wp\/v2\/product\/24028\/revisions"}],"predecessor-version":[{"id":57576,"href":"https:\/\/amannforg.com\/fr\/wp-json\/wp\/v2\/product\/24028\/revisions\/57576"}],"wp:attachment":[{"href":"https:\/\/amannforg.com\/fr\/wp-json\/wp\/v2\/media?parent=24028"}],"wp:term":[{"taxonomy":"product_brand","embeddable":true,"href":"https:\/\/amannforg.com\/fr\/wp-json\/wp\/v2\/product_brand?post=24028"},{"taxonomy":"product_cat","embeddable":true,"href":"https:\/\/amannforg.com\/fr\/wp-json\/wp\/v2\/product_cat?post=24028"},{"taxonomy":"product_tag","embeddable":true,"href":"https:\/\/amannforg.com\/fr\/wp-json\/wp\/v2\/product_tag?post=24028"},{"taxonomy":"models","embeddable":true,"href":"https:\/\/amannforg.com\/fr\/wp-json\/wp\/v2\/models?post=24028"},{"taxonomy":"years","embeddable":true,"href":"https:\/\/amannforg.com\/fr\/wp-json\/wp\/v2\/years?post=24028"}],"curies":[{"name":"wp","href":"https:\/\/api.w.org\/{rel}","templated":true}]}}