{"id":24029,"date":"2026-02-28T15:40:59","date_gmt":"2026-02-28T15:40:59","guid":{"rendered":"https:\/\/amannforg.com\/?post_type=product&#038;p=24029"},"modified":"2026-03-07T16:25:24","modified_gmt":"2026-03-07T16:25:24","slug":"apc-smart-ups-x-smx750inc-750va-rack-8x-c13-display-nmc-uberspannungsschutz","status":"publish","type":"product","link":"https:\/\/amannforg.com\/fr\/produit\/apc-smart-ups-x-smx750inc-750va-rack-8x-c13-display-nmc-uberspannungsschutz\/","title":{"rendered":"APC Smart UPS X SMX750INC, 750VA, Rack, 8x C13, Display, NMC, \u00dcberspannungsschutz"},"content":{"rendered":"<div class=\"article\">\n<div class=\"titlepage\">\n<h2 class=\"text-h3 mb-l\">APC Smart-UPS X 750VA Tower\/Rack &#8211; USV (in Rack montierbar\/extern)<\/h2>\n<\/div>\n<p class=\"mb-l\"> <span class=\"bold\">Diese APC Smart-UPS wurde f\u00fcr IT-Manager oder Netzwerkadministratoren entwickelt, um die Betriebszeit, den Datentransfer und die Kontinuit\u00e4t w\u00e4hrend l\u00e4ngerer Stromausf\u00e4lle aufrechtzuerhalten. Die interaktive 2HE-Rack\/Tower-USV mit 750 VA liefert reine Sinuswellenleistung, um kritische Elektronik bei Stromausf\u00e4llen zu unterst\u00fctzen.<\/span> <\/p>\n<p class=\"mb-l\">Das SMX wird mit einem IEC 320 C14 Eingang, 8x IEC 320 C13 Ausg\u00e4ngen und 2x IEC \u00dcberbr\u00fcckungskabel geliefert. Die USV verf\u00fcgt \u00fcber eine vorinstallierte Netzwerkmanagementkarte f\u00fcr die netzwerkbasierte \u00dcberwachung und Verwaltung der USV.<\/p>\n<p class=\"mb-l\">Die Smart-UPS ist mit PowerChute Network Shutdown ausgestattet, das ein sanftes Herunterfahren von physischen Servern, virtuellen Maschinen und HCI-Clustern erm\u00f6glicht. Diese unterbrechungsfreie Stromversorgung kann an EcoStruxure IT oder an zentralisierte Managementplattformen von Drittanbietern angeschlossen werden.<\/p>\n<p class=\"mb-l\">Die SMX UPS hat eine 3-Jahres-Garantie und die eingebaute Blei-S\u00e4ure-Batterie hat eine 2-Jahres-Garantie. Diese ist mit einer speziellen, vom Benutzer austauschbaren Batterie kompatibel, und die APC-Ersatzbatteriekassette hilft dabei, die USV-Leistung auf die urspr\u00fcnglichen Spezifikationen zur\u00fcckzubringen. The Smart-UPS comes with a pair of tower-mounting stabilizing feet and rack-mounting brackets. Es wird mit dem APC-Temperatursensor AP9335T zur Temperatur\u00fcberwachung geliefert.<\/p>\n<\/p><\/div>\n<li class=\"mb-m\">\n<div class=\"flex flex-col m:flex-row gap-s m:gap-xl\">\n<div class=\"text-h3 min-w-[244px] max-w-[244px]\">\u00dcberbr\u00fcckungszeitraum<\/div>\n<div class=\"flex flex-col gap-s\"><span class=\"ml-3xs pl-[15px] relative before:absolute before:w-[8px] before:h-[8px] before:bg-dark before:top-[8px] before:left-0 before:rounded-full\">\u00dcberbr\u00fcckungszeit: 14 Min. 14 Sek. bei 600W (Bsp.)<\/span><\/div>\n<\/div>\n<\/li>\n<li class=\"mb-m\">\n<div class=\"flex flex-col m:flex-row gap-s m:gap-xl\">\n<div class=\"text-h3 min-w-[244px] max-w-[244px]\">Ausg\u00e4nge<\/div>\n<div class=\"flex flex-col gap-s\"><span class=\"ml-3xs pl-[15px] relative before:absolute before:w-[8px] before:h-[8px] before:bg-dark before:top-[8px] before:left-0 before:rounded-full\">8 SchuKo-Steckdose(n)<\/span><\/div>\n<\/div>\n<\/li>\n<li class=\"mb-m\">\n<div class=\"flex flex-col m:flex-row gap-s m:gap-xl\">\n<div class=\"text-h3 min-w-[244px] max-w-[244px]\">Abmessungen (HxBxT)<\/div>\n<div class=\"flex flex-col gap-s\"><span class=\"ml-3xs pl-[15px] relative before:absolute before:w-[8px] before:h-[8px] before:bg-dark before:top-[8px] before:left-0 before:rounded-full\">H\u00f6he: 89 mm<\/span><span class=\"ml-3xs pl-[15px] relative before:absolute before:w-[8px] before:h-[8px] before:bg-dark before:top-[8px] before:left-0 before:rounded-full\">Breite: 432 mm<\/span><span class=\"ml-3xs pl-[15px] relative before:absolute before:w-[8px] before:h-[8px] before:bg-dark before:top-[8px] before:left-0 before:rounded-full\">Tiefe: 490 mm<\/span><\/div>\n<\/div>\n<\/li>\n<li class=\"mb-m\">\n<div class=\"flex flex-col m:flex-row gap-s m:gap-xl\">\n<div class=\"text-h3 min-w-[244px] max-w-[244px]\">Gewicht<\/div>\n<div class=\"flex flex-col gap-s\"><span class=\"ml-3xs pl-[15px] relative before:absolute before:w-[8px] before:h-[8px] before:bg-dark before:top-[8px] before:left-0 before:rounded-full\">Gewicht: 22 kg<\/span><\/div>\n<\/div>\n<\/li>\n<li class=\"mb-m\">\n<div class=\"flex flex-col m:flex-row gap-s m:gap-xl\">\n<div class=\"text-h3 min-w-[244px] max-w-[244px]\">Anschl\u00fcsse<\/div>\n<div class=\"flex flex-col gap-s\"><span class=\"\"><\/p>\n<div class=\"itemizedlist\">\n<ul class=\"flex flex-col gap-s\">\n<li class=\"ml-3xs pl-[15px] relative before:absolute before:w-[8px] before:h-[8px] before:bg-dark before:top-[8px] before:left-0 before:rounded-full\">8 IEC 320 C13 (Ausgang)<\/li>\n<li class=\"ml-3xs pl-[15px] relative before:absolute before:w-[8px] before:h-[8px] before:bg-dark before:top-[8px] before:left-0 before:rounded-full\">2 IEC-Steckbr\u00fccken (Ausgang)<\/li>\n<li class=\"ml-3xs pl-[15px] relative before:absolute before:w-[8px] before:h-[8px] before:bg-dark before:top-[8px] before:left-0 before:rounded-full\">IEC 320 C14 (Eingang)<\/li>\n<\/ul>\n<\/div>\n<p><\/span><\/div>\n<\/div>\n<\/li>\n<li class=\"mb-m\">\n<div class=\"flex flex-col m:flex-row gap-s m:gap-xl\">\n<div class=\"text-h3 min-w-[244px] max-w-[244px]\">Leistung<\/div>\n<div class=\"flex flex-col gap-s\"><span class=\"ml-3xs pl-[15px] relative before:absolute before:w-[8px] before:h-[8px] before:bg-dark before:top-[8px] before:left-0 before:rounded-full\">Nennleistung: 600 W<\/span><span class=\"ml-3xs pl-[15px] relative before:absolute before:w-[8px] before:h-[8px] before:bg-dark before:top-[8px] before:left-0 before:rounded-full\">Scheinleistung: 750 VA<\/span><\/div>\n<\/div>\n<\/li>\n<li class=\"mb-m\">\n<div class=\"flex flex-col m:flex-row gap-s m:gap-xl\">\n<div class=\"text-h3 min-w-[244px] max-w-[244px]\">Zubeh\u00f6r im Lieferumfang<\/div>\n<div class=\"flex flex-col gap-s\"><span class=\"ml-3xs pl-[15px] relative before:absolute before:w-[8px] before:h-[8px] before:bg-dark before:top-[8px] before:left-0 before:rounded-full\">CD mit Software<\/span><span class=\"ml-3xs pl-[15px] relative before:absolute before:w-[8px] before:h-[8px] before:bg-dark before:top-[8px] before:left-0 before:rounded-full\">Dokumentations-CD<\/span><span class=\"ml-3xs pl-[15px] relative before:absolute before:w-[8px] before:h-[8px] before:bg-dark before:top-[8px] before:left-0 before:rounded-full\">Installationsanleitung<\/span><span class=\"ml-3xs pl-[15px] relative before:absolute before:w-[8px] before:h-[8px] before:bg-dark before:top-[8px] before:left-0 before:rounded-full\">Rack-Montage-Halterungen<\/span><span class=\"ml-3xs pl-[15px] relative before:absolute before:w-[8px] before:h-[8px] before:bg-dark before:top-[8px] before:left-0 before:rounded-full\">Smart UPS Signalisierungskabel RS-232<\/span><span class=\"ml-3xs pl-[15px] relative before:absolute before:w-[8px] before:h-[8px] before:bg-dark before:top-[8px] before:left-0 before:rounded-full\">Temperaturf\u00fchler<\/span><span class=\"ml-3xs pl-[15px] relative before:absolute before:w-[8px] before:h-[8px] before:bg-dark before:top-[8px] before:left-0 before:rounded-full\">USB-Kabel<\/span><\/div>\n<\/div>\n<\/li>\n","protected":false},"excerpt":{"rendered":"<li class=\"bullet-list-item\">Haupteingangsspannung 230V<\/li>\n<li class=\"bullet-list-item\">Nennleistung: 750 VA<\/li>\n<li class=\"bullet-list-item\">IEC 320 C14 (Eingang)<\/li>\n<li class=\"bullet-list-item\">8x IEC 320 C13, 2x IEC-Steckbr\u00fccken (Ausg\u00e4nge)<\/li>\n<li class=\"bullet-list-item\">Anzahl der Rack-Einheiten: 2U<\/li>\n<p> Herstellernummer SMX750INC<\/p>","protected":false},"featured_media":44383,"comment_status":"open","ping_status":"closed","template":"","meta":{"_monsterinsights_skip_tracking":false,"_monsterinsights_sitenote_active":false,"_monsterinsights_sitenote_note":"","_monsterinsights_sitenote_category":0,"_uf_show_specific_survey":0,"_uf_disable_surveys":false},"product_brand":[],"product_cat":[459],"product_tag":[],"models":[],"years":[],"class_list":{"0":"post-24029","1":"product","2":"type-product","3":"status-publish","4":"has-post-thumbnail","6":"product_cat-akkus-batterien-usv","8":"first","9":"instock","10":"sale","11":"shipping-taxable","12":"purchasable","13":"product-type-simple"},"aioseo_notices":[],"acf":[],"_links":{"self":[{"href":"https:\/\/amannforg.com\/fr\/wp-json\/wp\/v2\/product\/24029","targetHints":{"allow":["GET"]}}],"collection":[{"href":"https:\/\/amannforg.com\/fr\/wp-json\/wp\/v2\/product"}],"about":[{"href":"https:\/\/amannforg.com\/fr\/wp-json\/wp\/v2\/types\/product"}],"replies":[{"embeddable":true,"href":"https:\/\/amannforg.com\/fr\/wp-json\/wp\/v2\/comments?post=24029"}],"version-history":[{"count":1,"href":"https:\/\/amannforg.com\/fr\/wp-json\/wp\/v2\/product\/24029\/revisions"}],"predecessor-version":[{"id":57577,"href":"https:\/\/amannforg.com\/fr\/wp-json\/wp\/v2\/product\/24029\/revisions\/57577"}],"wp:featuredmedia":[{"embeddable":true,"href":"https:\/\/amannforg.com\/fr\/wp-json\/wp\/v2\/media\/44383"}],"wp:attachment":[{"href":"https:\/\/amannforg.com\/fr\/wp-json\/wp\/v2\/media?parent=24029"}],"wp:term":[{"taxonomy":"product_brand","embeddable":true,"href":"https:\/\/amannforg.com\/fr\/wp-json\/wp\/v2\/product_brand?post=24029"},{"taxonomy":"product_cat","embeddable":true,"href":"https:\/\/amannforg.com\/fr\/wp-json\/wp\/v2\/product_cat?post=24029"},{"taxonomy":"product_tag","embeddable":true,"href":"https:\/\/amannforg.com\/fr\/wp-json\/wp\/v2\/product_tag?post=24029"},{"taxonomy":"models","embeddable":true,"href":"https:\/\/amannforg.com\/fr\/wp-json\/wp\/v2\/models?post=24029"},{"taxonomy":"years","embeddable":true,"href":"https:\/\/amannforg.com\/fr\/wp-json\/wp\/v2\/years?post=24029"}],"curies":[{"name":"wp","href":"https:\/\/api.w.org\/{rel}","templated":true}]}}