{"id":24059,"date":"2026-02-28T15:41:10","date_gmt":"2026-02-28T15:41:10","guid":{"rendered":"https:\/\/amannforg.com\/?post_type=product&#038;p=24059"},"modified":"2026-03-07T16:25:24","modified_gmt":"2026-03-07T16:25:24","slug":"apc-netshelter-sx-ar3150-server-rack-gehause-42he-750x1070mm-schwarz","status":"publish","type":"product","link":"https:\/\/amannforg.com\/fr\/produit\/apc-netshelter-sx-ar3150-server-rack-gehause-42he-750x1070mm-schwarz\/","title":{"rendered":"APC NetShelter SX-AR3150 Server Rack Geh\u00e4use 42HE 750x1070mm, schwarz"},"content":{"rendered":"<div class=\"article\">\n<div class=\"titlepage\">\n<h2 class=\"text-h3 mb-l\">APC NetShelter SX AR3150<\/h2>\n<\/div>\n<p class=\"mb-l\">Die APC NetShelter SX Rack-Geh\u00e4usel\u00f6sung der n\u00e4chsten Generation, beruht auf 10 Jahren Kundenerfahrungen und wird aktuellen Trends auf dem IT-Markt zu Server- und Netzwerkanwendungen mit hoher Leistungsdichte gerecht. Bei NetShelter SX wurde vor allem K\u00fchlung, Stromverteilung, Kabelmanagement und Umgebungs\u00fcberwachung ber\u00fccksichtigt; es stellt eine zuverl\u00e4ssige Umgebung zur Rackmontage f\u00fcr betriebskritische Ger\u00e4te dar.<\/p>\n<div class=\"itemizedlist\">\n<ul class=\"bullet-list\">\n<li class=\"bullet-list-item\">\n<p class=\"mb-l\"> <span class=\"bold\">Standardgeh\u00e4use f\u00fcr Server mit niedriger bis mittlerer Leistungsdichte sowie f\u00fcr Netzwerkanwendungen:<\/span> Die geringe Breite optimiert die Fl\u00e4chennutzung im Datenzentrum. Die H\u00f6he von 42 HE ist so bemessen, dass sich das Geh\u00e4use problemlos durch T\u00fcr\u00f6ffnungen rollen l\u00e4sst <\/p>\n<\/li>\n<li class=\"bullet-list-item\">\n<p class=\"mb-l\"> <span class=\"bold\">Perforierte Vorder- und Hintert\u00fcren bieten eine umfassende Bel\u00fcftung f\u00fcr Server und Netzwerkger\u00e4te:<\/span> Der perforierte Bereich der Vordert\u00fcr ist mit einem abgerundeten Profil optimiert, um eine gr\u00f6\u00dfere Oberfl\u00e4che zu bieten und um eine h\u00f6here Perforierungsabdeckung und eine h\u00f6here Perforierungsrate zu erm\u00f6glichen <\/p>\n<\/li>\n<li class=\"bullet-list-item\">\n<p class=\"mb-l\"> <span class=\"bold\">Dank der geteilten r\u00fcckseitigen T\u00fcren wird die Grundfl\u00e4che optimal ausgenutzt:<\/span> Der Abstand vom Geh\u00e4use zur Wand oder zu anderen Ger\u00e4ten muss nur 11 Zoll (279 mm) betragen, damit sich die T\u00fcren weiterhin \u00f6ffnen lassen. <\/p>\n<\/li>\n<li class=\"bullet-list-item\">\n<p class=\"mb-l\"> <span class=\"bold\">Umgebungsschutzklasse: <\/span>IP20 <\/p>\n<\/li>\n<li class=\"bullet-list-item\">\n<p class=\"mb-l\"> <span class=\"bold\">Die Geh\u00e4use werden standardm\u00e4\u00dfig mit Stellf\u00fc\u00dfen und Rollen versandt: <\/span>Die Stellf\u00fc\u00dfe lassen sich anhand eines Schraubendrehers oder Bohrers schnell anpassen, wodurch das Erfordernis des Zugriffs auf die Geh\u00e4useunterseite mit einem Schl\u00fcssel entf\u00e4llt <\/p>\n<\/li>\n<li class=\"bullet-list-item\">\n<p class=\"mb-l\"> <span class=\"bold\">Standardgeh\u00e4use f\u00fcr Server: <\/span>Mit niedriger bis mittlerer Leistungsdichte sowie f\u00fcr Netzwerkanwendungen. Die geringe Breite optimiert die Fl\u00e4chennutzung im Rechenzentrum. <\/p>\n<\/li>\n<li class=\"bullet-list-item\">\n<p class=\"mb-l\"> <span class=\"bold\">Kompatibel zu Rack-Systemen von Schneider Electric:<\/span> Die Kompatibilit\u00e4t zu zahlreichen Rack-Zubeh\u00f6roptionen von Schneider Electric erm\u00f6glicht den Aufbau eines kompletten Rack-Systems. <\/p>\n<\/li>\n<li class=\"bullet-list-item\">\n<p class=\"mb-l\"> <span class=\"bold\">Integriert mit InfraStruXure-Produkten: <\/span>Die L\u00f6sungen von Schneider Electric f\u00fcr K\u00fchlung, Stromverteilung und Kabelmanagement sind auf die entsprechenden IT-Racks abgestimmt und erm\u00f6glichen so die Konfiguration eines Komplettsystems zur Unterst\u00fctzung der Infrastruktur. <\/p>\n<\/li>\n<li class=\"bullet-list-item\">\n<p class=\"mb-l\"> <span class=\"bold\">Verk\u00e4ufer-neutrale EIA-310 19-Zoll-Rackmontagekompatibilit\u00e4t:<\/span> Herstellerneutrale Montagevorrichtungen f\u00fcr die Kompatibilit\u00e4t mit allen EIA-310-konformen 19-Zoll-Systemen. <\/p>\n<\/li>\n<li class=\"bullet-list-item\">\n<p class=\"mb-l\"> <span class=\"bold\">Optimiert f\u00fcr Kabelf\u00fchrungssysteme mit hoher Kapazit\u00e4t: <\/span>NetShelter-SX-Geh\u00e4use werden f\u00fcr die Verwendung mit Kabelf\u00fchrungssystemen mit hoher Kapazit\u00e4t optimiert, die an Montageschienen f\u00fcr die Ausr\u00fcstung im Innern der Geh\u00e4use befestigt werden und sich an die U-R\u00e4ume f\u00fcr die Ausr\u00fcstungsmontage anpassen und Kan\u00e4le f\u00fcr die Kabelverlegung und das Routing bereit stellen. <\/p>\n<\/li>\n<li class=\"bullet-list-item\">\n<p class=\"mb-l\"> <span class=\"bold\">Integrierte elektrische Erdung: <\/span>Die obere Abdeckplatte, die Seitenw\u00e4nde sowie die vorderen und hintere T\u00fcren sind \u00fcber den Geh\u00e4userahmen geerdet. F\u00fcr die externe Erdung befinden sich acht zus\u00e4tzliche Erdungsanschl\u00fcsse am Rahmen. <\/p>\n<\/li>\n<li class=\"bullet-list-item\">\n<p class=\"mb-l\"> <span class=\"bold\">Schnell abnehmbare T\u00fcren: <\/span>Die Vordert\u00fcr kann auf der rechten oder linken Seite angeschlagen und auch gegen die r\u00fcckw\u00e4rtigen T\u00fcren ausgetauscht werden. Ein besonderes Befestigungssystem erm\u00f6glicht die unkomplizierte Abnahme der T\u00fcren nach oben. <\/p>\n<\/li>\n<\/ul>\n<\/div><\/div>\n<li class=\"mb-m\">\n<div class=\"flex flex-col m:flex-row gap-s m:gap-xl\">\n<div class=\"text-h3 min-w-[244px] max-w-[244px]\">Abmessungen<\/div>\n<div class=\"flex flex-col gap-s\"><span class=\"ml-3xs pl-[15px] relative before:absolute before:w-[8px] before:h-[8px] before:bg-dark before:top-[8px] before:left-0 before:rounded-full\">H\u00f6he: 199,1 cm<\/span><span class=\"ml-3xs pl-[15px] relative before:absolute before:w-[8px] before:h-[8px] before:bg-dark before:top-[8px] before:left-0 before:rounded-full\">Breite: 75 cm<\/span><span class=\"ml-3xs pl-[15px] relative before:absolute before:w-[8px] before:h-[8px] before:bg-dark before:top-[8px] before:left-0 before:rounded-full\">Tiefe: 107 cm<\/span><span class=\"ml-3xs pl-[15px] relative before:absolute before:w-[8px] before:h-[8px] before:bg-dark before:top-[8px] before:left-0 before:rounded-full\">Produktgewicht: 155,96 kg<\/span><\/div>\n<\/div>\n<\/li>\n<li class=\"mb-m\">\n<div class=\"flex flex-col m:flex-row gap-s m:gap-xl\">\n<div class=\"text-h3 min-w-[244px] max-w-[244px]\">Lieferumfang<\/div>\n<div class=\"flex flex-col gap-s\"><span class=\"ml-3xs pl-[15px] relative before:absolute before:w-[8px] before:h-[8px] before:bg-dark before:top-[8px] before:left-0 before:rounded-full\">Verbindungselemente<\/span><span class=\"ml-3xs pl-[15px] relative before:absolute before:w-[8px] before:h-[8px] before:bg-dark before:top-[8px] before:left-0 before:rounded-full\">Schl\u00fcssel<\/span><span class=\"ml-3xs pl-[15px] relative before:absolute before:w-[8px] before:h-[8px] before:bg-dark before:top-[8px] before:left-0 before:rounded-full\">T\u00fcren und Seitenverkleidungen mit identischen Schl\u00f6ssern<\/span><span class=\"ml-3xs pl-[15px] relative before:absolute before:w-[8px] before:h-[8px] before:bg-dark before:top-[8px] before:left-0 before:rounded-full\">Ausgleichsf\u00fc\u00dfe<\/span><span class=\"ml-3xs pl-[15px] relative before:absolute before:w-[8px] before:h-[8px] before:bg-dark before:top-[8px] before:left-0 before:rounded-full\">Mounting hardware<\/span><span class=\"ml-3xs pl-[15px] relative before:absolute before:w-[8px] before:h-[8px] before:bg-dark before:top-[8px] before:left-0 before:rounded-full\">Vorinstallierte Rollen<\/span><span class=\"ml-3xs pl-[15px] relative before:absolute before:w-[8px] before:h-[8px] before:bg-dark before:top-[8px] before:left-0 before:rounded-full\">Side Panels<\/span><\/div>\n<\/div>\n<\/li>\n","protected":false},"excerpt":{"rendered":"<li class=\"bullet-list-item\">Standardgeh\u00e4use f\u00fcr Server mit niedriger bis mittlerer Leistungsdichte<\/li>\n<li class=\"bullet-list-item\">H\u00f6he von 42 HE<\/li>\n<li class=\"bullet-list-item\">Inklusive: Verbindungselemente, Dokumentations-CD, Schl\u00fcssel, T\u00fcren<\/li>\n<li class=\"bullet-list-item\">und Seitenverkleidungen mit identischen Schl\u00f6ssern<\/li>\n<li class=\"bullet-list-item\">Ausgleichsf\u00fc\u00dfe, Montagezubeh\u00f6r, Vorinstallierte Rollen, Seitenteile<\/li>\n<p> Herstellernummer AR3150<\/p>","protected":false},"featured_media":44389,"comment_status":"open","ping_status":"closed","template":"","meta":{"_monsterinsights_skip_tracking":false,"_monsterinsights_sitenote_active":false,"_monsterinsights_sitenote_note":"","_monsterinsights_sitenote_category":0,"_uf_show_specific_survey":0,"_uf_disable_surveys":false},"product_brand":[],"product_cat":[459],"product_tag":[],"models":[],"years":[],"class_list":{"0":"post-24059","1":"product","2":"type-product","3":"status-publish","4":"has-post-thumbnail","6":"product_cat-akkus-batterien-usv","8":"first","9":"instock","10":"sale","11":"shipping-taxable","12":"purchasable","13":"product-type-simple"},"aioseo_notices":[],"acf":[],"_links":{"self":[{"href":"https:\/\/amannforg.com\/fr\/wp-json\/wp\/v2\/product\/24059","targetHints":{"allow":["GET"]}}],"collection":[{"href":"https:\/\/amannforg.com\/fr\/wp-json\/wp\/v2\/product"}],"about":[{"href":"https:\/\/amannforg.com\/fr\/wp-json\/wp\/v2\/types\/product"}],"replies":[{"embeddable":true,"href":"https:\/\/amannforg.com\/fr\/wp-json\/wp\/v2\/comments?post=24059"}],"version-history":[{"count":1,"href":"https:\/\/amannforg.com\/fr\/wp-json\/wp\/v2\/product\/24059\/revisions"}],"predecessor-version":[{"id":57579,"href":"https:\/\/amannforg.com\/fr\/wp-json\/wp\/v2\/product\/24059\/revisions\/57579"}],"wp:featuredmedia":[{"embeddable":true,"href":"https:\/\/amannforg.com\/fr\/wp-json\/wp\/v2\/media\/44389"}],"wp:attachment":[{"href":"https:\/\/amannforg.com\/fr\/wp-json\/wp\/v2\/media?parent=24059"}],"wp:term":[{"taxonomy":"product_brand","embeddable":true,"href":"https:\/\/amannforg.com\/fr\/wp-json\/wp\/v2\/product_brand?post=24059"},{"taxonomy":"product_cat","embeddable":true,"href":"https:\/\/amannforg.com\/fr\/wp-json\/wp\/v2\/product_cat?post=24059"},{"taxonomy":"product_tag","embeddable":true,"href":"https:\/\/amannforg.com\/fr\/wp-json\/wp\/v2\/product_tag?post=24059"},{"taxonomy":"models","embeddable":true,"href":"https:\/\/amannforg.com\/fr\/wp-json\/wp\/v2\/models?post=24059"},{"taxonomy":"years","embeddable":true,"href":"https:\/\/amannforg.com\/fr\/wp-json\/wp\/v2\/years?post=24059"}],"curies":[{"name":"wp","href":"https:\/\/api.w.org\/{rel}","templated":true}]}}