{"id":24082,"date":"2026-02-28T15:41:17","date_gmt":"2026-02-28T15:41:17","guid":{"rendered":"https:\/\/amannforg.com\/?post_type=product&#038;p=24082"},"modified":"2026-03-07T16:25:24","modified_gmt":"2026-03-07T16:25:24","slug":"apc-rack-pdu-p7921b-stromverteilung-208-230v-8x-c13-iec-c20","status":"publish","type":"product","link":"https:\/\/amannforg.com\/fr\/produit\/apc-rack-pdu-p7921b-stromverteilung-208-230v-8x-c13-iec-c20\/","title":{"rendered":"APC Rack PDU P7921B Stromverteilung (208\/230V, 8x C13, IEC C20)"},"content":{"rendered":"<div class=\"article\">\n<div class=\"titlepage\">\n<h2 class=\"text-h3 mb-l\">Zuverl\u00e4ssige Rack-Stromverteilung<\/h2>\n<\/div>\n<p class=\"mb-l\">APC Basic Rack-PDUs bieten eine zuverl\u00e4ssige Energieverteilung im Rack mit einem Eingang und mehreren Ausg\u00e4ngen. Die PDUs eignen sich f\u00fcr einphasige, niederamperige Installationen ebenso wie f\u00fcr 3-Phasen-Installationen mit hohen Stromst\u00e4rken.<\/p>\n<p class=\"mb-l\">Rack-PDU mit Schalter bieten neben einer erweiterten Last\u00fcberwachung auch Funktionen f\u00fcr das Ein- und Ausschalten einzelner Ausg\u00e4nge aus der Ferne f\u00fcr gezielte Neustarts, das Starten von Systemen in definierter Reihenfolge und die Nutzungsverwaltung der Ausg\u00e4nge.<\/p>\n<div class=\"itemizedlist\">\n<ul class=\"bullet-list\">\n<li class=\"bullet-list-item\">\n<p class=\"mb-l\">Legen Sie Schwellenwerte f\u00fcr die Ausl\u00f6sung von Alarmen fest, um eine \u00dcberlastung von Stromkreisen zu vermeiden<\/p>\n<\/li>\n<li class=\"bullet-list-item\">\n<p class=\"mb-l\">Anwender k\u00f6nnen die Reihenfolge festlegen, in der die Ger\u00e4te ein- und ausgeschaltet werden.<\/p>\n<\/li>\n<li class=\"bullet-list-item\">\n<p class=\"mb-l\">Anwender k\u00f6nnen unbenutzte Ausg\u00e4nge abschalten (Vermeidung von \u00dcberlastungen) oder die Stromversorgung ausgefallener Ger\u00e4te wiederherstellen (kostspielige Ausfallzeiten werden verk\u00fcrzt und die zeit- und kostenaufw\u00e4ndige Anreise zu Ger\u00e4ten entf\u00e4llt).<\/p>\n<\/li>\n<\/ul>\n<\/div>\n<div class=\"formalpara\">\n<div class=\"titlepage\">\n<h2 class=\"text-h3 mb-l\">Zuverl\u00e4ssige Rack-Stromverteilung<\/h2>\n<\/div>\n<p class=\"mb-l\">Wenn es darum geht maximale IT-Verf\u00fcgbarkeit sicherzustellen, verlassen sich Branchenexperten bei Serverr\u00e4umen und Netzwerkschr\u00e4nken auf Produkte von APC. Sie bieten L\u00f6sungen f\u00fcr unterbrechungsfreie Stromversorgung, Rackeinbau, Stromverteilung, K\u00fchlung und Management beliebiger Server.<\/p>\n<\/p><\/div>\n<div class=\"itemizedlist\">\n<ul class=\"bullet-list\">\n<li class=\"bullet-list-item\">\n<p class=\"mb-l\"> <span class=\"bold\">Alarmschwellenwerte: <\/span>Legen Sie Schwellenwerte f\u00fcr die Ausl\u00f6sung von Alarmen fest, um eine \u00dcberlastung von Stromkreisen zu vermeiden. Optische Alarme sowie Benachrichtigungen, die \u00fcber das Netzwerk verschickt werden, warnen Anwender vor potenziellen Problemen. (Hinweis: Nur erh\u00e4ltlich f\u00fcr Ger\u00e4te mit Strom\u00fcberwachungsfunktion. Informationen zur Verf\u00fcgbarkeit finden Sie in den Spezifikationen der jeweiligen Modelle.) <\/p>\n<\/li>\n<li class=\"bullet-list-item\">\n<p class=\"mb-l\"> <span class=\"bold\">Einschaltverz\u00f6gerungen: <\/span>Anwender k\u00f6nnen die Reihenfolge festlegen, in der die Ger\u00e4te ein- und ausgeschaltet werden. Dadurch werden \u00dcberlastungen sowie Versorgungsprobleme w\u00e4hrend des Hochfahrens des Systems vermieden. Ein weiterer Vorteil bei der Festlegung der Startreihenfolge ist, dass Equipment, das von anderen Einheiten abh\u00e4ngig ist, erst nach deren Start hochgefahren wird und somit die korrekte Funktion sichergestellt wird. <\/p>\n<\/li>\n<li class=\"bullet-list-item\">\n<p class=\"mb-l\"> <span class=\"bold\">Display f\u00fcr lokale Strom\u00fcberwachung: <\/span>Die Gesamtleistungsaufnahme pro Rack-PDU wird im Display des Systems dargestellt. Das Display hilft, die \u00dcberlastung von Stromkreisen zu vermeiden; es gibt optische Warnmeldungen aus, wenn die Leistungsaufnahme sich dem Maximalwert des Abzweigs ann\u00e4hert. (Nur f\u00fcr bestimmte Modelle verf\u00fcgbar) <\/p>\n<\/li>\n<li class=\"bullet-list-item\">\n<p class=\"mb-l\"> <span class=\"bold\">Mehrstufiger Benutzerzugriff: <\/span>Unterst\u00fctzt bis zu vier Benutzerebenen &#8211; Administrator, Ger\u00e4tenutzer, Benutzer mit Nur-Lese-Berechtigung und Benutzer im Netzwerk &#8211; mit Anforderung von Benutzername und Passwort. <\/p>\n<\/li>\n<li class=\"bullet-list-item\">\n<p class=\"mb-l\"> <span class=\"bold\">Integrierbar mit StruxureWare Data Center Expert: <\/span>Ein IT-kompatibles, skalierbares Zugangs\u00fcberwachungssystem, das kritische Alarme, Video\u00fcberwachungs- und andere wichtige Daten erfasst, strukturiert und verteilt. F\u00fcr einen einheitlichen, netzwerkweiten \u00dcberblick \u00fcber komplexe physische IT-Infrastrukturen. <\/p>\n<\/li>\n<li class=\"bullet-list-item\">\n<p class=\"mb-l\"> <span class=\"bold\">Sharing f\u00fcr Netzeingang:<\/span> Erm\u00f6glicht den Anschluss von vier Rack-PDUs mit Ein- und Ausg\u00e4ngen, sodass nur ein Netzeingang erforderlich ist. <\/p>\n<\/li>\n<li class=\"bullet-list-item\">\n<p class=\"mb-l\"> <span class=\"bold\">Fernsteuerung einzelner Ausg\u00e4nge: <\/span>Anwender k\u00f6nnen unbenutzte Ausg\u00e4nge abschalten (Vermeidung von \u00dcberlastungen) oder die Stromversorgung ausgefallener Ger\u00e4te wiederherstellen (kostspielige Ausfallzeiten werden verk\u00fcrzt und die zeit- und kostenaufw\u00e4ndige Anreise zu Ger\u00e4ten entf\u00e4llt). <\/p>\n<\/li>\n<li class=\"bullet-list-item\">\n<p class=\"mb-l\"> <span class=\"bold\">Netzwerkmanagementfunktionen:<\/span> Standardkonforme Netzwerkmanagement-Schnittstellen erm\u00f6glichen eine Verwaltung \u00fcber Webbrowser, SNMP und Telnet. Durch den Fernzugriff bei Konfiguration und Management der Rack-PDUs sparen Anwender wertvolle Zeit. \u00dcber die Schnittstellen kann auch die Firmware installierter Ger\u00e4te schnell und unkompliziert per Netzwerk-Download aktualisiert werden, um neue Produktfunktionen zu implementieren. <\/p>\n<\/li>\n<\/ul>\n<\/div><\/div>\n<li class=\"mb-m\">\n<div class=\"flex flex-col m:flex-row gap-s m:gap-xl\">\n<div class=\"text-h3 min-w-[244px] max-w-[244px]\">Bitte \u00e4ndern!<\/div>\n<div class=\"flex flex-col gap-s\"><span class=\"ml-3xs pl-[15px] relative before:absolute before:w-[8px] before:h-[8px] before:bg-dark before:top-[8px] before:left-0 before:rounded-full\">Ausgang<\/span><span class=\"ml-3xs pl-[15px] relative before:absolute before:w-[8px] before:h-[8px] before:bg-dark before:top-[8px] before:left-0 before:rounded-full\">\u2022 Nominelle Ausgangsspannung: 208V, 230V<\/span><span class=\"ml-3xs pl-[15px] relative before:absolute before:w-[8px] before:h-[8px] before:bg-dark before:top-[8px] before:left-0 before:rounded-full\">\u2022 Ausgangsanschl\u00fcsse: (8) IEC 320 C13 (Netzausfallschutz)<\/span><span class=\"ml-3xs pl-[15px] relative before:absolute before:w-[8px] before:h-[8px] before:bg-dark before:top-[8px] before:left-0 before:rounded-full\">Eingang<\/span><span class=\"ml-3xs pl-[15px] relative before:absolute before:w-[8px] before:h-[8px] before:bg-dark before:top-[8px] before:left-0 before:rounded-full\">\u2022 Nominelle Eingangsspannung: 200V, 208V, 230V<\/span><span class=\"ml-3xs pl-[15px] relative before:absolute before:w-[8px] before:h-[8px] before:bg-dark before:top-[8px] before:left-0 before:rounded-full\">\u2022 Eingangsfrequenz: 50\/60 Hz<\/span><span class=\"ml-3xs pl-[15px] relative before:absolute before:w-[8px] before:h-[8px] before:bg-dark before:top-[8px] before:left-0 before:rounded-full\">\u2022 Eingangsanschlu\u00dfart: IEC-320 C20<\/span><span class=\"ml-3xs pl-[15px] relative before:absolute before:w-[8px] before:h-[8px] before:bg-dark before:top-[8px] before:left-0 before:rounded-full\">\u2022 Kabell\u00e4nge: 2.5 Meter<\/span><span class=\"ml-3xs pl-[15px] relative before:absolute before:w-[8px] before:h-[8px] before:bg-dark before:top-[8px] before:left-0 before:rounded-full\">\u2022 Anzahl der Versorgungsleitungen: 1<\/span><span class=\"ml-3xs pl-[15px] relative before:absolute before:w-[8px] before:h-[8px] before:bg-dark before:top-[8px] before:left-0 before:rounded-full\">\u2022 Maximaler Eingangsstrom: 20A<\/span><\/div>\n<\/div>\n<\/li>\n<li class=\"mb-m\">\n<div class=\"flex flex-col m:flex-row gap-s m:gap-xl\">\n<div class=\"text-h3 min-w-[244px] max-w-[244px]\">Lieferumfang<\/div>\n<div class=\"flex flex-col gap-s\"><span class=\"ml-3xs pl-[15px] relative before:absolute before:w-[8px] before:h-[8px] before:bg-dark before:top-[8px] before:left-0 before:rounded-full\">APC PDU Switched Rack AP7921B<\/span><span class=\"ml-3xs pl-[15px] relative before:absolute before:w-[8px] before:h-[8px] before:bg-dark before:top-[8px] before:left-0 before:rounded-full\">Rack-Montageschienen<\/span><span class=\"ml-3xs pl-[15px] relative before:absolute before:w-[8px] before:h-[8px] before:bg-dark before:top-[8px] before:left-0 before:rounded-full\">Benutzerhandbuch<\/span><\/div>\n<\/div>\n<\/li>\n","protected":false},"excerpt":{"rendered":"<li class=\"bullet-list-item\">Zuverl\u00e4ssige Rack-Stromverteilung<\/li>\n<li class=\"bullet-list-item\">Ausg\u00e4nge: 8x IEC 320 C13 (Netzausfallschutz)<\/li>\n<li class=\"bullet-list-item\">Eingang: IEC-320 C20<\/li>\n<li class=\"bullet-list-item\">Maximaler Eingangsstrom: 20A<\/li>\n<p> Herstellernummer AP7921B<\/p>","protected":false},"featured_media":0,"comment_status":"open","ping_status":"closed","template":"","meta":{"_monsterinsights_skip_tracking":false,"_monsterinsights_sitenote_active":false,"_monsterinsights_sitenote_note":"","_monsterinsights_sitenote_category":0,"_uf_show_specific_survey":0,"_uf_disable_surveys":false},"product_brand":[],"product_cat":[459],"product_tag":[],"models":[],"years":[],"class_list":{"0":"post-24082","1":"product","2":"type-product","3":"status-publish","5":"product_cat-akkus-batterien-usv","7":"first","8":"instock","9":"sale","10":"shipping-taxable","11":"purchasable","12":"product-type-simple"},"aioseo_notices":[],"acf":[],"_links":{"self":[{"href":"https:\/\/amannforg.com\/fr\/wp-json\/wp\/v2\/product\/24082","targetHints":{"allow":["GET"]}}],"collection":[{"href":"https:\/\/amannforg.com\/fr\/wp-json\/wp\/v2\/product"}],"about":[{"href":"https:\/\/amannforg.com\/fr\/wp-json\/wp\/v2\/types\/product"}],"replies":[{"embeddable":true,"href":"https:\/\/amannforg.com\/fr\/wp-json\/wp\/v2\/comments?post=24082"}],"version-history":[{"count":1,"href":"https:\/\/amannforg.com\/fr\/wp-json\/wp\/v2\/product\/24082\/revisions"}],"predecessor-version":[{"id":57580,"href":"https:\/\/amannforg.com\/fr\/wp-json\/wp\/v2\/product\/24082\/revisions\/57580"}],"wp:attachment":[{"href":"https:\/\/amannforg.com\/fr\/wp-json\/wp\/v2\/media?parent=24082"}],"wp:term":[{"taxonomy":"product_brand","embeddable":true,"href":"https:\/\/amannforg.com\/fr\/wp-json\/wp\/v2\/product_brand?post=24082"},{"taxonomy":"product_cat","embeddable":true,"href":"https:\/\/amannforg.com\/fr\/wp-json\/wp\/v2\/product_cat?post=24082"},{"taxonomy":"product_tag","embeddable":true,"href":"https:\/\/amannforg.com\/fr\/wp-json\/wp\/v2\/product_tag?post=24082"},{"taxonomy":"models","embeddable":true,"href":"https:\/\/amannforg.com\/fr\/wp-json\/wp\/v2\/models?post=24082"},{"taxonomy":"years","embeddable":true,"href":"https:\/\/amannforg.com\/fr\/wp-json\/wp\/v2\/years?post=24082"}],"curies":[{"name":"wp","href":"https:\/\/api.w.org\/{rel}","templated":true}]}}