{"id":25099,"date":"2026-02-28T16:23:04","date_gmt":"2026-02-28T16:23:04","guid":{"rendered":"https:\/\/amannforg.com\/?post_type=product&#038;p=25099"},"modified":"2026-03-13T11:31:12","modified_gmt":"2026-03-13T11:31:12","slug":"ergotron-styleview-steh-sitz-combo-schwenkarm-mit-ablageflache-aluminum","status":"publish","type":"product","link":"https:\/\/amannforg.com\/fr\/produit\/ergotron-styleview-steh-sitz-combo-schwenkarm-mit-ablageflache-aluminum\/","title":{"rendered":"Ergotron StyleView\u00ae Steh-Sitz Combo Schwenkarm mit Ablagefl\u00e4che (Aluminum)"},"content":{"rendered":"<div class=\"article\">\n<div class=\"titlepage\">\n<h2 class=\"text-h3 mb-l\">Ergotron StyleView\u00ae Steh-Sitz Combo Schwenkarm mit Ablagefl\u00e4che (Aluminum)<\/h2>\n<\/div>\n<p class=\"mb-l\">Lassen Sie die Betreuer in Ihrer medizinischen Einrichtung sitzend und stehend arbeiten, mit allem zur Hand, was sie brauchen. Dieser Sitz-Steh-Kombiarm h\u00e4lt Monitor, Barcodescanner, Tastatur, Handballenauflage und Maus sowie eine stabile Arbeitsfl\u00e4che auf demselben h\u00f6henverstellbaren Arm f\u00fcr eine ergonomische Passform, die die besten Arbeitsabl\u00e4ufe (und den besten Komfort) unterst\u00fctzt.<\/p>\n<div class=\"formalpara\">\n<div class=\"titlepage\">\n<h2 class=\"text-h3 mb-l\">Vorteile:<\/h2>\n<\/div>\n<p class=\"mb-l\">\n<div class=\"itemizedlist\">\n<ul class=\"bullet-list\">\n<li class=\"bullet-list-item\">\n<p class=\"mb-l\">Komfortables Dokumentieren: Arbeiten sowohl im Sitzen als auch im Stehen dank 51 cm H\u00f6henverstellung<\/p>\n<\/li>\n<li class=\"bullet-list-item\">\n<p class=\"mb-l\">Individuelle Anpassung: Mit 13 cm LCD-Einstellung, plus bis zu 109 cm ausziehbare LCD- und Tastatur<\/p>\n<\/li>\n<li class=\"bullet-list-item\">\n<p class=\"mb-l\">Ergonomischer Aufbau: Hinten neigbarer Tastaturschlitten sch\u00fctzt die Handgelenke vor Schmerzen oder Verletzungen<\/p>\n<\/li>\n<li class=\"bullet-list-item\">\n<p class=\"mb-l\">Infektionskontrolle: Leicht zu reinigen, als Schutzma\u00dfnahme vor Krankheitserregern<\/p>\n<\/li>\n<li class=\"bullet-list-item\">\n<p class=\"mb-l\">Platz sparen: Falten Sie den Arm aus dem Weg und verstauen Sie das Tastaturtablett, wenn nicht in Gebrauch<\/p>\n<\/li>\n<li class=\"bullet-list-item\">\n<p class=\"mb-l\">\u00dcbersichtliches \u00c4u\u00dferes: F\u00fcr einfache Reinigung sind die Kabel verdeckt und sorgsam gef\u00fchrt<\/p>\n<\/li>\n<\/ul>\n<\/div>\n<\/p><\/div>\n<div class=\"formalpara\">\n<div class=\"titlepage\">\n<h2 class=\"text-h3 mb-l\">Features:<\/h2>\n<\/div>\n<p class=\"mb-l\">\n<div class=\"itemizedlist\">\n<ul class=\"bullet-list\">\n<li class=\"bullet-list-item\">\n<p class=\"mb-l\">LCD-Gr\u00f6\u00dfe: \u226424&#8243;<\/p>\n<\/li>\n<li class=\"bullet-list-item\">\n<p class=\"mb-l\">Belastbarkeit: \u226432 lbs (\u226414.5 kg *)<\/p>\n<\/li>\n<li class=\"bullet-list-item\">\n<p class=\"mb-l\">Anhebung: 25&#8243; (63.5 cm)<\/p>\n<\/li>\n<li class=\"bullet-list-item\">\n<p class=\"mb-l\">Neigung: 30\u00b0 <\/p>\n<\/li>\n<li class=\"bullet-list-item\">\n<p class=\"mb-l\">Schwenkung: 360\u00b0<\/p>\n<\/li>\n<li class=\"bullet-list-item\">\n<p class=\"mb-l\">Drehung: 90\u00b0<\/p>\n<\/li>\n<li class=\"bullet-list-item\">\n<p class=\"mb-l\">Vesa: MIS-D<\/p>\n<\/li>\n<li class=\"bullet-list-item\">\n<p class=\"mb-l\">Garantie: 5 Jahre<\/p>\n<\/li>\n<\/ul>\n<\/div>\n<\/p><\/div>\n<p class=\"mb-l\">* Gewichtskapazit\u00e4t: Display = 2,7-8,2 kg (6-18 lbs); Arbeitsfl\u00e4che = 4,5 kg (10 lbs); Tastatur, Maus und Barcodescanner = 1,8 kg (4 lbs)<\/p>\n<\/p><\/div>\n<li class=\"mb-m\">\n<div class=\"flex flex-col m:flex-row gap-s m:gap-xl\">\n<div class=\"text-h3 min-w-[244px] max-w-[244px]\">Befestigungsarten<\/div>\n<div class=\"flex flex-col gap-s\"><span class=\"\"><\/p>\n<ul class=\"flex flex-col gap-s\">\n<li class=\"ml-3xs pl-[15px] relative before:absolute before:w-[8px] before:h-[8px] before:bg-dark before:top-[8px] before:left-0 before:rounded-full\">Wandhalterung<\/li>\n<\/ul>\n<p><\/span><\/div>\n<\/div>\n<\/li>\n<li class=\"mb-m\">\n<div class=\"flex flex-col m:flex-row gap-s m:gap-xl\">\n<div class=\"text-h3 min-w-[244px] max-w-[244px]\">Zubeh\u00f6rkompabilit\u00e4t<\/div>\n<div class=\"flex flex-col gap-s\"><span class=\"\"><\/p>\n<ul class=\"flex flex-col gap-s\">\n<li class=\"ml-3xs pl-[15px] relative before:absolute before:w-[8px] before:h-[8px] before:bg-dark before:top-[8px] before:left-0 before:rounded-full\">Pr\u00fcfen Sie vor dem kauf die Kompatibilit\u00e4t anhand des Handbuches \/ Zubeh\u00f6rliste Ihres Hauptproduktes.<\/li>\n<\/ul>\n<p><\/span><\/div>\n<\/div>\n<\/li>\n","protected":false},"excerpt":{"rendered":"<li class=\"bullet-list-item\">Original Ergotron Zubeh\u00f6rartikel<\/li>\n<li class=\"bullet-list-item\">Herstellerteilenummer \/ SKU: 45-260-026<\/li>\n<li class=\"bullet-list-item\">EAN: 0698833015928<\/li>\n<li class=\"bullet-list-item\">Pr\u00fcfen Sie vor dem kauf die Kompatibilit\u00e4t anhand des Handbuches \/ Zubeh\u00f6rliste Ihres Hauptproduktes.<\/li>\n<p> Herstellernummer 45-260-026<\/p>","protected":false},"featured_media":44483,"comment_status":"open","ping_status":"closed","template":"","meta":{"_monsterinsights_skip_tracking":false,"_monsterinsights_sitenote_active":false,"_monsterinsights_sitenote_note":"","_monsterinsights_sitenote_category":0,"_uf_show_specific_survey":0,"_uf_disable_surveys":false},"product_brand":[],"product_cat":[460],"product_tag":[],"models":[],"years":[],"class_list":{"0":"post-25099","1":"product","2":"type-product","3":"status-publish","4":"has-post-thumbnail","6":"product_cat-beamer","8":"first","9":"instock","10":"sale","11":"featured","12":"shipping-taxable","13":"purchasable","14":"product-type-simple"},"aioseo_notices":[],"acf":[],"_links":{"self":[{"href":"https:\/\/amannforg.com\/fr\/wp-json\/wp\/v2\/product\/25099","targetHints":{"allow":["GET"]}}],"collection":[{"href":"https:\/\/amannforg.com\/fr\/wp-json\/wp\/v2\/product"}],"about":[{"href":"https:\/\/amannforg.com\/fr\/wp-json\/wp\/v2\/types\/product"}],"replies":[{"embeddable":true,"href":"https:\/\/amannforg.com\/fr\/wp-json\/wp\/v2\/comments?post=25099"}],"version-history":[{"count":1,"href":"https:\/\/amannforg.com\/fr\/wp-json\/wp\/v2\/product\/25099\/revisions"}],"predecessor-version":[{"id":57601,"href":"https:\/\/amannforg.com\/fr\/wp-json\/wp\/v2\/product\/25099\/revisions\/57601"}],"wp:featuredmedia":[{"embeddable":true,"href":"https:\/\/amannforg.com\/fr\/wp-json\/wp\/v2\/media\/44483"}],"wp:attachment":[{"href":"https:\/\/amannforg.com\/fr\/wp-json\/wp\/v2\/media?parent=25099"}],"wp:term":[{"taxonomy":"product_brand","embeddable":true,"href":"https:\/\/amannforg.com\/fr\/wp-json\/wp\/v2\/product_brand?post=25099"},{"taxonomy":"product_cat","embeddable":true,"href":"https:\/\/amannforg.com\/fr\/wp-json\/wp\/v2\/product_cat?post=25099"},{"taxonomy":"product_tag","embeddable":true,"href":"https:\/\/amannforg.com\/fr\/wp-json\/wp\/v2\/product_tag?post=25099"},{"taxonomy":"models","embeddable":true,"href":"https:\/\/amannforg.com\/fr\/wp-json\/wp\/v2\/models?post=25099"},{"taxonomy":"years","embeddable":true,"href":"https:\/\/amannforg.com\/fr\/wp-json\/wp\/v2\/years?post=25099"}],"curies":[{"name":"wp","href":"https:\/\/api.w.org\/{rel}","templated":true}]}}