{"id":25163,"date":"2026-02-28T16:23:31","date_gmt":"2026-02-28T16:23:31","guid":{"rendered":"https:\/\/amannforg.com\/?post_type=product&#038;p=25163"},"modified":"2026-03-13T11:30:54","modified_gmt":"2026-03-13T11:30:54","slug":"ergotron-workfit-a-single-steh-sitz-arbeitsplatz-mit-abgesenkter-tastaturablage","status":"publish","type":"product","link":"https:\/\/amannforg.com\/fr\/produit\/ergotron-workfit-a-single-steh-sitz-arbeitsplatz-mit-abgesenkter-tastaturablage\/","title":{"rendered":"Ergotron WorkFit-A Single Steh-Sitz-Arbeitsplatz mit abgesenkter Tastaturablage"},"content":{"rendered":"<div class=\"article\">\n<div class=\"titlepage\">\n<h2 class=\"text-h3 mb-l\">Ergotron WorkFit-A Single Steh-Sitz-Arbeitsplatz mit abgesenkter Tastaturablage<\/h2>\n<\/div>\n<p class=\"mb-l\">Ziehen Sie das gro\u00dfe Ergonomie-Los \u2013 mit dem WorkFit-A. Durch den gro\u00dfen Bewegungsumfang kann Ihr ganzer Arbeitsplatz geschwenkt werden, wo Sie ihn auch brauchen \u2013 arbeiten Sie alleine oder gemeinsam, im Sitzen oder im Stehen. Sie k\u00f6nnen die Position Ihres Monitors und der Tastatur leicht einstellen, um einen bequemen Sitz zu garantieren, der von Arbeitswissenschaftlern empfohlen wird. Sie erhalten zus\u00e4tzliche Arbeitsfl\u00e4che, wenn Sie die Tastatur hochklappen und den Monitorarm zur Seite bewegen.<\/p>\n<div class=\"formalpara\">\n<div class=\"titlepage\">\n<h2 class=\"text-h3 mb-l\">Vorteile:<\/h2>\n<\/div>\n<p class=\"mb-l\">\n<div class=\"itemizedlist\">\n<ul class=\"bullet-list\">\n<li class=\"bullet-list-item\">\n<p class=\"mb-l\">Vielseitigkeit: F\u00fcr eine gro\u00dfe Vielzahl von Benutzern entwickelt, mit 51 cm Hebebereich <\/p>\n<\/li>\n<li class=\"bullet-list-item\">\n<p class=\"mb-l\">Denken Sie gro\u00df: Auch f\u00fcr gr\u00f6\u00dfere Benutzer mit einer Tastaturablage, die beim Sitzen auf einer Ebene mit dem Schreibtisch bleibt<\/p>\n<\/li>\n<li class=\"bullet-list-item\">\n<p class=\"mb-l\">Personalisierte Sicht: Bietet zus\u00e4tzliche 13 cm unabh\u00e4ngiger Anpassung der Bildschirmh\u00f6he<\/p>\n<\/li>\n<li class=\"bullet-list-item\">\n<p class=\"mb-l\">Schnelle Zusammenarbeit: Flexible Konstruktion des Arms erleichtert das Teilen des Bildschirms bei der Gruppenarbeit.<\/p>\n<\/li>\n<li class=\"bullet-list-item\">\n<p class=\"mb-l\">Mehr Platz im Arbeitsbereich: Erg\u00e4nzende Arbeitsfl\u00e4che \u2013 Tablet, Smartphone oder Notizen sind immer in der N\u00e4he<\/p>\n<\/li>\n<li class=\"bullet-list-item\">\n<p class=\"mb-l\">Bleiben Sie organisiert: Kabelf\u00fchrung bringt Ordnung in das Kabelchaos \u2013 f\u00fcr einen ordentlichen Arbeitsplatz.<\/p>\n<\/li>\n<\/ul>\n<\/div>\n<\/p><\/div>\n<div class=\"formalpara\">\n<div class=\"titlepage\">\n<h2 class=\"text-h3 mb-l\">Features:<\/h2>\n<\/div>\n<p class=\"mb-l\">\n<div class=\"itemizedlist\">\n<ul class=\"bullet-list\">\n<li class=\"bullet-list-item\">\n<p class=\"mb-l\">LCD-Gr\u00f6\u00dfe: \u226427&#8243;<\/p>\n<\/li>\n<li class=\"bullet-list-item\">\n<p class=\"mb-l\">Belastbarkeit: \u226420 lbs (\u22649.1 kg *)<\/p>\n<\/li>\n<li class=\"bullet-list-item\">\n<p class=\"mb-l\">Anhebung: 25&#8243; (63.5 cm)<\/p>\n<\/li>\n<li class=\"bullet-list-item\">\n<p class=\"mb-l\">Neigung: 30\u00b0 <\/p>\n<\/li>\n<li class=\"bullet-list-item\">\n<p class=\"mb-l\">Schwenkung: 180\u00b0<\/p>\n<\/li>\n<li class=\"bullet-list-item\">\n<p class=\"mb-l\">Drehung: 360\u00b0<\/p>\n<\/li>\n<li class=\"bullet-list-item\">\n<p class=\"mb-l\">Vesa: MIS-D<\/p>\n<\/li>\n<li class=\"bullet-list-item\">\n<p class=\"mb-l\">Garantie: 5 Jahre<\/p>\n<\/li>\n<\/ul>\n<\/div>\n<\/p><\/div>\n<p class=\"mb-l\">* Gewichtskapazit\u00e4t: Maximale Gesamtbelastung der H\u00f6henverstelleinheit \u2264 9,1 kg (20 lbs). LCD-Gewichtsbereich = 2,3-6,8 kg (5-15 lbs), Arbeitsfl\u00e4che (externes Gewicht) \u2264 2,3 kg (5 lbs), Tastaturablagezubeh\u00f6r \u2264 9 kg (2 lbs). F\u00fcr einen ordnungsgem\u00e4\u00dfen Betrieb sollte das maximale Gesamtgewicht zusammengenommen 9,1 kg (20 lbs) nicht \u00fcberschreiten. Das minimale Gesamtgewicht sollte nicht weniger als 2,7 kg (6 lbs) betragen.<\/p>\n<\/p><\/div>\n<li class=\"mb-m\">\n<div class=\"flex flex-col m:flex-row gap-s m:gap-xl\">\n<div class=\"text-h3 min-w-[244px] max-w-[244px]\">Befestigungsarten<\/div>\n<div class=\"flex flex-col gap-s\"><span class=\"\"><\/p>\n<ul class=\"flex flex-col gap-s\">\n<li class=\"ml-3xs pl-[15px] relative before:absolute before:w-[8px] before:h-[8px] before:bg-dark before:top-[8px] before:left-0 before:rounded-full\">Wandhalterung<\/li>\n<\/ul>\n<p><\/span><\/div>\n<\/div>\n<\/li>\n<li class=\"mb-m\">\n<div class=\"flex flex-col m:flex-row gap-s m:gap-xl\">\n<div class=\"text-h3 min-w-[244px] max-w-[244px]\">Zubeh\u00f6rkompabilit\u00e4t<\/div>\n<div class=\"flex flex-col gap-s\"><span class=\"\"><\/p>\n<ul class=\"flex flex-col gap-s\">\n<li class=\"ml-3xs pl-[15px] relative before:absolute before:w-[8px] before:h-[8px] before:bg-dark before:top-[8px] before:left-0 before:rounded-full\">Pr\u00fcfen Sie vor dem kauf die Kompatibilit\u00e4t anhand des Handbuches \/ Zubeh\u00f6rliste Ihres Hauptproduktes.<\/li>\n<\/ul>\n<p><\/span><\/div>\n<\/div>\n<\/li>\n","protected":false},"excerpt":{"rendered":"<li class=\"bullet-list-item\">Original Ergotron Zubeh\u00f6rartikel<\/li>\n<li class=\"bullet-list-item\">Herstellerteilenummer \/ SKU: 24-317-026<\/li>\n<li class=\"bullet-list-item\">EAN: 0698833025705<\/li>\n<li class=\"bullet-list-item\">Pr\u00fcfen Sie vor dem kauf die Kompatibilit\u00e4t anhand des Handbuches \/ Zubeh\u00f6rliste Ihres Hauptproduktes.<\/li>\n<p> Herstellernummer 24-317-026<\/p>","protected":false},"featured_media":44529,"comment_status":"open","ping_status":"closed","template":"","meta":{"_monsterinsights_skip_tracking":false,"_monsterinsights_sitenote_active":false,"_monsterinsights_sitenote_note":"","_monsterinsights_sitenote_category":0,"_uf_show_specific_survey":0,"_uf_disable_surveys":false},"product_brand":[],"product_cat":[460],"product_tag":[],"models":[],"years":[],"class_list":{"0":"post-25163","1":"product","2":"type-product","3":"status-publish","4":"has-post-thumbnail","6":"product_cat-beamer","8":"first","9":"instock","10":"sale","11":"featured","12":"shipping-taxable","13":"purchasable","14":"product-type-simple"},"aioseo_notices":[],"acf":[],"_links":{"self":[{"href":"https:\/\/amannforg.com\/fr\/wp-json\/wp\/v2\/product\/25163","targetHints":{"allow":["GET"]}}],"collection":[{"href":"https:\/\/amannforg.com\/fr\/wp-json\/wp\/v2\/product"}],"about":[{"href":"https:\/\/amannforg.com\/fr\/wp-json\/wp\/v2\/types\/product"}],"replies":[{"embeddable":true,"href":"https:\/\/amannforg.com\/fr\/wp-json\/wp\/v2\/comments?post=25163"}],"version-history":[{"count":1,"href":"https:\/\/amannforg.com\/fr\/wp-json\/wp\/v2\/product\/25163\/revisions"}],"predecessor-version":[{"id":57609,"href":"https:\/\/amannforg.com\/fr\/wp-json\/wp\/v2\/product\/25163\/revisions\/57609"}],"wp:featuredmedia":[{"embeddable":true,"href":"https:\/\/amannforg.com\/fr\/wp-json\/wp\/v2\/media\/44529"}],"wp:attachment":[{"href":"https:\/\/amannforg.com\/fr\/wp-json\/wp\/v2\/media?parent=25163"}],"wp:term":[{"taxonomy":"product_brand","embeddable":true,"href":"https:\/\/amannforg.com\/fr\/wp-json\/wp\/v2\/product_brand?post=25163"},{"taxonomy":"product_cat","embeddable":true,"href":"https:\/\/amannforg.com\/fr\/wp-json\/wp\/v2\/product_cat?post=25163"},{"taxonomy":"product_tag","embeddable":true,"href":"https:\/\/amannforg.com\/fr\/wp-json\/wp\/v2\/product_tag?post=25163"},{"taxonomy":"models","embeddable":true,"href":"https:\/\/amannforg.com\/fr\/wp-json\/wp\/v2\/models?post=25163"},{"taxonomy":"years","embeddable":true,"href":"https:\/\/amannforg.com\/fr\/wp-json\/wp\/v2\/years?post=25163"}],"curies":[{"name":"wp","href":"https:\/\/api.w.org\/{rel}","templated":true}]}}