{"id":28235,"date":"2026-03-03T08:27:18","date_gmt":"2026-03-03T08:27:18","guid":{"rendered":"https:\/\/amannforg.com\/?post_type=product&#038;p=28235"},"modified":"2026-03-07T16:28:56","modified_gmt":"2026-03-07T16:28:56","slug":"neat-bar-byod-usb-c-hdmi-fur-kleine-huddle-raume","status":"publish","type":"product","link":"https:\/\/amannforg.com\/fr\/produit\/neat-bar-byod-usb-c-hdmi-fur-kleine-huddle-raume\/","title":{"rendered":"Neat Bar (BYOD) USB-C, HDMI | F\u00fcr kleine- &#038; Huddle-R\u00e4ume"},"content":{"rendered":"<p class=\"mb-l\">\n<div class=\"titlepage\">\n<h2 class=\"text-h3 mb-l\">Packs a punch.<\/h2>\n<\/div>\n<p class=\"mb-l\">Neat Bar ist ein einfaches, aber hocheffizientes, vielseitiges Meetingraumger\u00e4t f\u00fcr kleine bis mittelgro\u00dfe R\u00e4ume und bietet ein hervorragendes, problemloses Audio- und Videoerlebnis.<\/p>\n<p class=\"mb-l\">Sie k\u00f6nnen Neat Bar in unserem praktischen NeatSelect (BYOD)-Modus mit oder ohne Neat Padcontroller einsetzen und alles zentral \u00fcber unsere Neat Pulse Cloud-Management-Plattform steuern, die leistungsstarke APIs zur Nutzung wertvoller Einblicke und Managementintegrationen enth\u00e4lt.<\/p>\n<p class=\"mb-l\">\n<div class=\"titlepage\">\n<h2 class=\"text-h3 mb-l\">\u00dcberblick<\/h2>\n<\/div>\n<div class=\"itemizedlist\">\n<ul class=\"bullet-list\">\n<li class=\"bullet-list-item\">120\u00b0 Sichtfeld | Weitwinkel-Kamera<\/li>\n<li class=\"bullet-list-item\">12MP Sensor-Aufl\u00f6sung<\/li>\n<li class=\"bullet-list-item\">4-facher digitaler Zoom<\/li>\n<li class=\"bullet-list-item\">5-Mikrofon-Array<\/li>\n<li class=\"bullet-list-item\">Gegen\u00fcberliegender Breitbandtreiber<\/li>\n<li class=\"bullet-list-item\">WiFi<\/li>\n<li class=\"bullet-list-item\">BYOD Modus | Neat Select Subcription wird ben\u00f6tigt!<\/li>\n<li class=\"bullet-list-item\">Sensoren | Weckfunktion, Licht, Orientierung<\/li>\n<\/ul>\n<\/div>\n<p class=\"mb-l\">\n<div class=\"titlepage\">\n<h2 class=\"text-h3 mb-l\">Treffen Sie sich auf Ihre Art.<\/h2>\n<\/div>\n<p class=\"mb-l\">Neat Bar mit Neat Select bietet mehr Flexibilit\u00e4t und macht qualitativ hochwertige Videokonferenzen f\u00fcr Unternehmen jeder Gr\u00f6\u00dfe zug\u00e4nglich und unterst\u00fctzt so Ihre Hybridteams und Ihren vielf\u00e4ltigen Kundenstamm. Sie k\u00f6nnen sie \u00fcber oder unter Ihrem Monitor montieren und mit oder ohne unseren dynamischen Neat Pad-Touchscreen-Controller verwenden, um anderen Personen die Kamerasteuerung und weitere Funktionen zu erm\u00f6glichen, z. B. das Stummschalten des Tons oder die Lautst\u00e4rkeregelung.<\/p>\n<p class=\"mb-l\">\n<div class=\"titlepage\">\n<h2 class=\"text-h3 mb-l\">Es funktioniert einfach.<\/h2>\n<\/div>\n<p class=\"mb-l\">Dank seiner intelligenten Audio- und Video-Maschinenlernf\u00e4higkeiten erm\u00f6glicht Neat Bar intuitive Meeting-Erlebnisse, die sich kontinuierlich an die Akustik, Ger\u00e4usche und Lichtverh\u00e4ltnisse eines Raums sowie an die Anzahl der Personen im Raum, ihre Position und das Geschehen um sie herum anpassen.<\/p>\n<p class=\"mb-l\">\n<div class=\"titlepage\">\n<h2 class=\"text-h3 mb-l\">Klar und pr\u00e4gnant.<\/h2>\n<\/div>\n<p class=\"mb-l\">Unsere bahnbrechende und patentierte automatische Rahmenfunktion Neat Symmetry erm\u00f6glicht es Personen, die aus der Ferne arbeiten, jeden im Besprechungsraum gleich nah auf ihrem Bildschirm zu sehen, um eine umfassende, detaillierte und lebensgro\u00dfe Interaktion zu erm\u00f6glichen. Das System rahmt jeden Teilnehmer im Raum instinktiv ein und verfolgt ihn, so dass die Teilnehmer aufstehen k\u00f6nnen, um sich zu strecken oder sich zu bewegen, w\u00e4hrend sie voll und ganz bei der Sache bleiben. Das Ergebnis ist, dass sie l\u00e4nger aktiv, konzentriert und produktiv bleiben.<\/p>\n<p class=\"mb-l\">Neat Audio beinhaltet eine fortschrittliche Audioverarbeitung, die die menschliche Stimmaufnahme verbessert und ablenkende Ger\u00e4usche wie Ventilatoren oder Klimaanlagen ausblendet. Gleichzeitig k\u00f6nnen Sie mit Neat Boundary die Breite und Tiefe Ihres Besprechungsraums festlegen, um zu verhindern, dass die Kamera versehentlich Personen erkennt, automatisch einrahmt und verfolgt, die nicht an der Besprechung teilnehmen.<\/p>\n<p class=\"mb-l\">\n<div class=\"titlepage\">\n<h2 class=\"text-h3 mb-l\">Einfacher Beitritt.<\/h2>\n<\/div>\n<p class=\"mb-l\">Im Neat Select-Modus k\u00f6nnen Sie schnell Ihre eigenen Ger\u00e4te, Videokonferenzplattformen und andere Anwendungen verbinden, um an Meetings teilzunehmen. Die Audio- und Videoautomatisierung von Neat Bar k\u00fcmmert sich um den Rest. Mit Neat Select k\u00f6nnen Sie schnell mit Ihren Teamkollegen oder anderen Personen zusammenarbeiten und alle unsere bahnbrechenden Funktionen wie Neat Audio, Neat Symmetry und Neat Boundary nutzen.<\/p>\n<p class=\"mb-l\">\n<div class=\"titlepage\">\n<h2 class=\"text-h3 mb-l\">Einfaches Teilen.<\/h2>\n<\/div>\n<p class=\"mb-l\">Neat Select bietet Vertrautheit und erm\u00f6glicht die einfache Freigabe von Inhalten \u00fcber ein USB-C- und HDMI-Kabel. So k\u00f6nnen Sie alle Vorteile einer robusten und vielseitigen Video-Collaboration-Leiste genie\u00dfen und sich gleichzeitig sicherer, effizienter und produktiver f\u00fchlen.<\/p>\n<p class=\"mb-l\">\n<div class=\"titlepage\">\n<h2 class=\"text-h3 mb-l\">Skalierbar einsetzen.<\/h2>\n<\/div>\n<p class=\"mb-l\">\u00dcber unsere Online-Verwaltungsplattform Neat Pulse k\u00f6nnen Sie Konfigurationen zentral verwalten, anpassen und standardisieren. So k\u00f6nnen Sie Standardeinstellungen f\u00fcr einzelne, gepaarte oder mehrere Neat Bars in einem einzigen Schritt festlegen und eine konsistente Benutzererfahrung auf allen Ger\u00e4ten, eine vollst\u00e4ndige Kontrolle \u00fcber Software-Upgrades und Echtzeit-Raumauslastungs- und Umgebungsdaten \u00fcber APIs genie\u00dfen. Neat Pulse beinhaltet Premium-Support und erweiterte Garantieabdeckung bei unseren Plus- oder Pro-Pl\u00e4nen.<\/p>\n<li class=\"mb-m\">\n<div class=\"flex flex-col m:flex-row gap-s m:gap-xl\">\n<div class=\"text-h3 min-w-[244px] max-w-[244px]\">Allgemein<\/div>\n<div class=\"flex flex-col gap-s\"><span class=\"ml-3xs pl-[15px] relative before:absolute before:w-[8px] before:h-[8px] before:bg-dark before:top-[8px] before:left-0 before:rounded-full\">Kamera-LED<\/span><span class=\"ml-3xs pl-[15px] relative before:absolute before:w-[8px] before:h-[8px] before:bg-dark before:top-[8px] before:left-0 before:rounded-full\">System-LED<\/span><span class=\"ml-3xs pl-[15px] relative before:absolute before:w-[8px] before:h-[8px] before:bg-dark before:top-[8px] before:left-0 before:rounded-full\">Orientierungssensor (Beschleunigungssensor)<\/span><span class=\"ml-3xs pl-[15px] relative before:absolute before:w-[8px] before:h-[8px] before:bg-dark before:top-[8px] before:left-0 before:rounded-full\">Umgebungslichtsensor<\/span><span class=\"ml-3xs pl-[15px] relative before:absolute before:w-[8px] before:h-[8px] before:bg-dark before:top-[8px] before:left-0 before:rounded-full\">Unterst\u00fctzung f\u00fcr zwei Bildschirme<\/span><span class=\"ml-3xs pl-[15px] relative before:absolute before:w-[8px] before:h-[8px] before:bg-dark before:top-[8px] before:left-0 before:rounded-full\">Schlitz f\u00fcr Sicherheitsschloss (Kensington-kompatibel)<\/span><span class=\"ml-3xs pl-[15px] relative before:absolute before:w-[8px] before:h-[8px] before:bg-dark before:top-[8px] before:left-0 before:rounded-full\">Sicheres Booten<\/span><span class=\"ml-3xs pl-[15px] relative before:absolute before:w-[8px] before:h-[8px] before:bg-dark before:top-[8px] before:left-0 before:rounded-full\">BYOD-Modus (USB-Passthrough)<\/span><span class=\"ml-3xs pl-[15px] relative before:absolute before:w-[8px] before:h-[8px] before:bg-dark before:top-[8px] before:left-0 before:rounded-full\">Native Unterst\u00fctzung f\u00fcr Zoom Rooms<\/span><span class=\"ml-3xs pl-[15px] relative before:absolute before:w-[8px] before:h-[8px] before:bg-dark before:top-[8px] before:left-0 before:rounded-full\">Native Unterst\u00fctzung f\u00fcr Microsoft Teams Rooms auf Android<\/span><span class=\"ml-3xs pl-[15px] relative before:absolute before:w-[8px] before:h-[8px] before:bg-dark before:top-[8px] before:left-0 before:rounded-full\">Sensoren f\u00fcr Temperatur, Luftfeuchtigkeit und Luftqualit\u00e4t im Neat Pad (*)<\/span><span class=\"ml-3xs pl-[15px] relative before:absolute before:w-[8px] before:h-[8px] before:bg-dark before:top-[8px] before:left-0 before:rounded-full\">Tischst\u00e4nder, Wandhalterung und Schnapphalterung<\/span><\/div>\n<\/div>\n<\/li>\n<li class=\"mb-m\">\n<div class=\"flex flex-col m:flex-row gap-s m:gap-xl\">\n<div class=\"text-h3 min-w-[244px] max-w-[244px]\">Video<\/div>\n<div class=\"flex flex-col gap-s\"><span class=\"ml-3xs pl-[15px] relative before:absolute before:w-[8px] before:h-[8px] before:bg-dark before:top-[8px] before:left-0 before:rounded-full\">4-facher Digitalzoom (optional 8-facher Digitalzoom)<\/span><span class=\"ml-3xs pl-[15px] relative before:absolute before:w-[8px] before:h-[8px] before:bg-dark before:top-[8px] before:left-0 before:rounded-full\">4056\u00d73040 (12 MP) Aufnahmeaufl\u00f6sung<\/span><span class=\"ml-3xs pl-[15px] relative before:absolute before:w-[8px] before:h-[8px] before:bg-dark before:top-[8px] before:left-0 before:rounded-full\">120 Grad horizontales Sichtfeld<\/span><span class=\"ml-3xs pl-[15px] relative before:absolute before:w-[8px] before:h-[8px] before:bg-dark before:top-[8px] before:left-0 before:rounded-full\">Automatisches People Framing<\/span><span class=\"ml-3xs pl-[15px] relative before:absolute before:w-[8px] before:h-[8px] before:bg-dark before:top-[8px] before:left-0 before:rounded-full\">Hardware-beschleunigte Videokodierung und -dekodierung<\/span><span class=\"ml-3xs pl-[15px] relative before:absolute before:w-[8px] before:h-[8px] before:bg-dark before:top-[8px] before:left-0 before:rounded-full\">Verzerrungskorrektur<\/span><span class=\"ml-3xs pl-[15px] relative before:absolute before:w-[8px] before:h-[8px] before:bg-dark before:top-[8px] before:left-0 before:rounded-full\">Rauschunterdr\u00fcckung<\/span><span class=\"ml-3xs pl-[15px] relative before:absolute before:w-[8px] before:h-[8px] before:bg-dark before:top-[8px] before:left-0 before:rounded-full\">Korrektur chromatischer Aberration<\/span><span class=\"ml-3xs pl-[15px] relative before:absolute before:w-[8px] before:h-[8px] before:bg-dark before:top-[8px] before:left-0 before:rounded-full\">Automatischer Wei\u00dfabgleich und Farbkorrektur<\/span><\/div>\n<\/div>\n<\/li>\n<li class=\"mb-m\">\n<div class=\"flex flex-col m:flex-row gap-s m:gap-xl\">\n<div class=\"text-h3 min-w-[244px] max-w-[244px]\">Audio<\/div>\n<div class=\"flex flex-col gap-s\"><span class=\"ml-3xs pl-[15px] relative before:absolute before:w-[8px] before:h-[8px] before:bg-dark before:top-[8px] before:left-0 before:rounded-full\">Lautsprecherbox f\u00fcr maximalen Tonumfang bei minimaler Verzerrung<\/span><span class=\"ml-3xs pl-[15px] relative before:absolute before:w-[8px] before:h-[8px] before:bg-dark before:top-[8px] before:left-0 before:rounded-full\">Gegen\u00fcberliegende Breitbandtreiber f\u00fcr Vibrationsunterdr\u00fcckung<\/span><span class=\"ml-3xs pl-[15px] relative before:absolute before:w-[8px] before:h-[8px] before:bg-dark before:top-[8px] before:left-0 before:rounded-full\">Ultraschallunterst\u00fctzung f\u00fcr kabelloses Content-Sharing<\/span><span class=\"ml-3xs pl-[15px] relative before:absolute before:w-[8px] before:h-[8px] before:bg-dark before:top-[8px] before:left-0 before:rounded-full\">5 Mikrofone in einem End-Fire-Array<\/span><span class=\"ml-3xs pl-[15px] relative before:absolute before:w-[8px] before:h-[8px] before:bg-dark before:top-[8px] before:left-0 before:rounded-full\">4 Tracking- und Sensormikrofone<\/span><span class=\"ml-3xs pl-[15px] relative before:absolute before:w-[8px] before:h-[8px] before:bg-dark before:top-[8px] before:left-0 before:rounded-full\">Hardware-beschleunigte Audioverarbeitung<\/span><span class=\"ml-3xs pl-[15px] relative before:absolute before:w-[8px] before:h-[8px] before:bg-dark before:top-[8px] before:left-0 before:rounded-full\">Echounterdr\u00fcckung<\/span><span class=\"ml-3xs pl-[15px] relative before:absolute before:w-[8px] before:h-[8px] before:bg-dark before:top-[8px] before:left-0 before:rounded-full\">Rauschunterdr\u00fcckung<\/span><span class=\"ml-3xs pl-[15px] relative before:absolute before:w-[8px] before:h-[8px] before:bg-dark before:top-[8px] before:left-0 before:rounded-full\">Automatische Verst\u00e4rkungsregelung<\/span><span class=\"ml-3xs pl-[15px] relative before:absolute before:w-[8px] before:h-[8px] before:bg-dark before:top-[8px] before:left-0 before:rounded-full\">Dereverberation<\/span><\/div>\n<\/div>\n<\/li>\n<li class=\"mb-m\">\n<div class=\"flex flex-col m:flex-row gap-s m:gap-xl\">\n<div class=\"text-h3 min-w-[244px] max-w-[244px]\">Elektrische und umwelttechnische Anforderungen<\/div>\n<div class=\"flex flex-col gap-s\"><span class=\"ml-3xs pl-[15px] relative before:absolute before:w-[8px] before:h-[8px] before:bg-dark before:top-[8px] before:left-0 before:rounded-full\">Betriebsumgebungstemperatur: 32\u00b0 bis 95\u00b0 F (0\u00b0 bis 35\u00b0 C)<\/span><span class=\"ml-3xs pl-[15px] relative before:absolute before:w-[8px] before:h-[8px] before:bg-dark before:top-[8px] before:left-0 before:rounded-full\">Lagertemperatur: -4\u00b0 bis 140\u00b0 F (-20\u00b0 bis 60\u00b0 C)<\/span><span class=\"ml-3xs pl-[15px] relative before:absolute before:w-[8px] before:h-[8px] before:bg-dark before:top-[8px] before:left-0 before:rounded-full\">Relative Luftfeuchtigkeit: 10% bis 90%<\/span><span class=\"ml-3xs pl-[15px] relative before:absolute before:w-[8px] before:h-[8px] before:bg-dark before:top-[8px] before:left-0 before:rounded-full\">Eingebautes Netzteil<\/span><span class=\"ml-3xs pl-[15px] relative before:absolute before:w-[8px] before:h-[8px] before:bg-dark before:top-[8px] before:left-0 before:rounded-full\">Stromverbrauch: Im Leerlauf: 3,5W | Im Gespr\u00e4ch: 10-11W<\/span><\/div>\n<\/div>\n<\/li>\n<li class=\"mb-m\">\n<div class=\"flex flex-col m:flex-row gap-s m:gap-xl\">\n<div class=\"text-h3 min-w-[244px] max-w-[244px]\">Vernetzung und Anschl\u00fcsse<\/div>\n<div class=\"flex flex-col gap-s\"><span class=\"ml-3xs pl-[15px] relative before:absolute before:w-[8px] before:h-[8px] before:bg-dark before:top-[8px] before:left-0 before:rounded-full\">WiFi<\/span><span class=\"ml-3xs pl-[15px] relative before:absolute before:w-[8px] before:h-[8px] before:bg-dark before:top-[8px] before:left-0 before:rounded-full\">Bluetooth f\u00fcr Proximity Join in Microsoft Teams<\/span><span class=\"ml-3xs pl-[15px] relative before:absolute before:w-[8px] before:h-[8px] before:bg-dark before:top-[8px] before:left-0 before:rounded-full\">AC Power (internes Netzteil)<\/span><span class=\"ml-3xs pl-[15px] relative before:absolute before:w-[8px] before:h-[8px] before:bg-dark before:top-[8px] before:left-0 before:rounded-full\">Ethernet<\/span><span class=\"ml-3xs pl-[15px] relative before:absolute before:w-[8px] before:h-[8px] before:bg-dark before:top-[8px] before:left-0 before:rounded-full\">USB-C f\u00fcr USB-Modus (bring your own device), unterst\u00fctzt dp.alt-Modus oder Eingabe bei Anschluss an einen Touchscreen (*)<\/span><span class=\"ml-3xs pl-[15px] relative before:absolute before:w-[8px] before:h-[8px] before:bg-dark before:top-[8px] before:left-0 before:rounded-full\">2x HDMI-out<\/span><span class=\"ml-3xs pl-[15px] relative before:absolute before:w-[8px] before:h-[8px] before:bg-dark before:top-[8px] before:left-0 before:rounded-full\">HDMI-in f\u00fcr Bildschirmfreigabe<\/span><\/div>\n<\/div>\n<\/li>\n<li class=\"mb-m\">\n<div class=\"flex flex-col m:flex-row gap-s m:gap-xl\">\n<div class=\"text-h3 min-w-[244px] max-w-[244px]\">Abma\u00dfe &amp; Gewicht<\/div>\n<div class=\"flex flex-col gap-s\"><span class=\"ml-3xs pl-[15px] relative before:absolute before:w-[8px] before:h-[8px] before:bg-dark before:top-[8px] before:left-0 before:rounded-full\">BxHxT: 556x76x76 mm<\/span><span class=\"ml-3xs pl-[15px] relative before:absolute before:w-[8px] before:h-[8px] before:bg-dark before:top-[8px] before:left-0 before:rounded-full\">Gewicht: 1,7 kg<\/span><\/div>\n<\/div>\n<\/li>\n<li class=\"mb-m\">\n<div class=\"flex flex-col m:flex-row gap-s m:gap-xl\">\n<div class=\"text-h3 min-w-[244px] max-w-[244px]\">Lieferumfang Neat Bar (BYOD)<\/div>\n<div class=\"flex flex-col gap-s\"><span class=\"ml-3xs pl-[15px] relative before:absolute before:w-[8px] before:h-[8px] before:bg-dark before:top-[8px] before:left-0 before:rounded-full\">HDMI-Kabel (2m))<\/span><span class=\"ml-3xs pl-[15px] relative before:absolute before:w-[8px] before:h-[8px] before:bg-dark before:top-[8px] before:left-0 before:rounded-full\">Ethernet-Kabel (3m)<\/span><span class=\"ml-3xs pl-[15px] relative before:absolute before:w-[8px] before:h-[8px] before:bg-dark before:top-[8px] before:left-0 before:rounded-full\">Netzkabel (3m)<\/span><span class=\"ml-3xs pl-[15px] relative before:absolute before:w-[8px] before:h-[8px] before:bg-dark before:top-[8px] before:left-0 before:rounded-full\">Befestigungsadapter, Wandhalterung, Bildschirmhalterung, Tischst\u00e4nder und Schnapphalterung<\/span><span class=\"ml-3xs pl-[15px] relative before:absolute before:w-[8px] before:h-[8px] before:bg-dark before:top-[8px] before:left-0 before:rounded-full\">4x M6-Schraube (24 mm) f\u00fcr VESA-Halterung<\/span><span class=\"ml-3xs pl-[15px] relative before:absolute before:w-[8px] before:h-[8px] before:bg-dark before:top-[8px] before:left-0 before:rounded-full\">4x M8-Schraube (24 mm) f\u00fcr VESA-Halterung 94 Zoll \/ 24 mm) f\u00fcr VESA-Halterung f\u00fcr die Aufstellung von zwei Bildschirmen<\/span><span class=\"ml-3xs pl-[15px] relative before:absolute before:w-[8px] before:h-[8px] before:bg-dark before:top-[8px] before:left-0 before:rounded-full\">2x Abstandshalter zur Sicherung der parallelen TV-Halterung<\/span><span class=\"ml-3xs pl-[15px] relative before:absolute before:w-[8px] before:h-[8px] before:bg-dark before:top-[8px] before:left-0 before:rounded-full\">2 mm und 5 mm Sechskantschl\u00fcssel<\/span><span class=\"ml-3xs pl-[15px] relative before:absolute before:w-[8px] before:h-[8px] before:bg-dark before:top-[8px] before:left-0 before:rounded-full\">1 zus\u00e4tzlicher Schraubenbeutel f\u00fcr die Aufstellung von zwei Bildschirmen<\/span><span class=\"ml-3xs pl-[15px] relative before:absolute before:w-[8px] before:h-[8px] before:bg-dark before:top-[8px] before:left-0 before:rounded-full\">4x M8-Schraube (0,94 Zoll \/ 24 mm) f\u00fcr VESA-Halterung<\/span><span class=\"ml-3xs pl-[15px] relative before:absolute before:w-[8px] before:h-[8px] before:bg-dark before:top-[8px] before:left-0 before:rounded-full\">4x M6-Schraube (0,94 Zoll \/ 24 mm) f\u00fcr VESA-Halterung<\/span><span class=\"ml-3xs pl-[15px] relative before:absolute before:w-[8px] before:h-[8px] before:bg-dark before:top-[8px] before:left-0 before:rounded-full\">4x Abstandshalter (zur Sicherung der Ausrichtung aller Bildschirme)<\/span><\/div>\n<\/div>\n<\/li>\n<li class=\"mb-m\">\n<div class=\"flex flex-col m:flex-row gap-s m:gap-xl\">\n<div class=\"text-h3 min-w-[244px] max-w-[244px]\">Was Sie ben\u00f6tigen!<\/div>\n<div class=\"flex flex-col gap-s\"><span class=\"ml-3xs pl-[15px] relative before:absolute before:w-[8px] before:h-[8px] before:bg-dark before:top-[8px] before:left-0 before:rounded-full\">Internetverbindung<\/span><span class=\"ml-3xs pl-[15px] relative before:absolute before:w-[8px] before:h-[8px] before:bg-dark before:top-[8px] before:left-0 before:rounded-full\">USB-C- und HDMI-Kabel f\u00fcr den Anschluss eines Laptops<\/span><span class=\"ml-3xs pl-[15px] relative before:absolute before:w-[8px] before:h-[8px] before:bg-dark before:top-[8px] before:left-0 before:rounded-full\">Display (16:9-Seitenverh\u00e4ltnis) mit einer Aufl\u00f6sung von 1080p oder besser<\/span><span class=\"ml-3xs pl-[15px] relative before:absolute before:w-[8px] before:h-[8px] before:bg-dark before:top-[8px] before:left-0 before:rounded-full\">Neat Pulse-Konto (Anmeldecode f\u00fcr die Aktivierung erforderlich)<\/span><span class=\"ml-3xs pl-[15px] relative before:absolute before:w-[8px] before:h-[8px] before:bg-dark before:top-[8px] before:left-0 before:rounded-full\">Neat Select Subscription f\u00fcr 1 Jahr oder 3 Jahre<\/span><\/div>\n<\/div>\n<\/li>\n<li class=\"mb-m\">\n<div class=\"flex flex-col m:flex-row gap-s m:gap-xl\">\n<div class=\"text-h3 min-w-[244px] max-w-[244px]\">Fu\u00dfnoten\/ Hinweise<\/div>\n<div class=\"flex flex-col gap-s\"><span class=\"ml-3xs pl-[15px] relative before:absolute before:w-[8px] before:h-[8px] before:bg-dark before:top-[8px] before:left-0 before:rounded-full\">(*) Funktion wird von Microsoft Teams noch nicht unterst\u00fctzt.<\/span><span class=\"ml-3xs pl-[15px] relative before:absolute before:w-[8px] before:h-[8px] before:bg-dark before:top-[8px] before:left-0 before:rounded-full\">(**) Muss von Zoom oder Microsoft erworben werden<\/span><\/div>\n<\/div>\n<\/li>\n","protected":false},"excerpt":{"rendered":"<li class=\"bullet-list-item\">120\u00b0 Sichtfeld | Weitwinkel-Kamera, 12MP Sensor-Aufl\u00f6sung<\/li>\n<li class=\"bullet-list-item\">4-facher digitaler Zoom<\/li>\n<li class=\"bullet-list-item\">5-Mikrofon-Array<\/li>\n<li class=\"bullet-list-item\">WiFi<\/li>\n<li class=\"bullet-list-item\">Neat Select Subsription f\u00fcr 1 Jahr oder 3 Jahre wird ben\u00f6tigt!<\/li>\n<p> Herstellernummer NEATBAR-BYOD<\/p>","protected":false},"featured_media":44634,"comment_status":"open","ping_status":"closed","template":"","meta":{"_monsterinsights_skip_tracking":false,"_monsterinsights_sitenote_active":false,"_monsterinsights_sitenote_note":"","_monsterinsights_sitenote_category":0,"_uf_show_specific_survey":0,"_uf_disable_surveys":false},"product_brand":[],"product_cat":[466],"product_tag":[],"models":[],"years":[],"class_list":{"0":"post-28235","1":"product","2":"type-product","3":"status-publish","4":"has-post-thumbnail","6":"product_cat-videokonferenztechnik","8":"first","9":"instock","10":"sale","11":"shipping-taxable","12":"purchasable","13":"product-type-simple"},"aioseo_notices":[],"acf":[],"_links":{"self":[{"href":"https:\/\/amannforg.com\/fr\/wp-json\/wp\/v2\/product\/28235","targetHints":{"allow":["GET"]}}],"collection":[{"href":"https:\/\/amannforg.com\/fr\/wp-json\/wp\/v2\/product"}],"about":[{"href":"https:\/\/amannforg.com\/fr\/wp-json\/wp\/v2\/types\/product"}],"replies":[{"embeddable":true,"href":"https:\/\/amannforg.com\/fr\/wp-json\/wp\/v2\/comments?post=28235"}],"version-history":[{"count":1,"href":"https:\/\/amannforg.com\/fr\/wp-json\/wp\/v2\/product\/28235\/revisions"}],"predecessor-version":[{"id":57628,"href":"https:\/\/amannforg.com\/fr\/wp-json\/wp\/v2\/product\/28235\/revisions\/57628"}],"wp:featuredmedia":[{"embeddable":true,"href":"https:\/\/amannforg.com\/fr\/wp-json\/wp\/v2\/media\/44634"}],"wp:attachment":[{"href":"https:\/\/amannforg.com\/fr\/wp-json\/wp\/v2\/media?parent=28235"}],"wp:term":[{"taxonomy":"product_brand","embeddable":true,"href":"https:\/\/amannforg.com\/fr\/wp-json\/wp\/v2\/product_brand?post=28235"},{"taxonomy":"product_cat","embeddable":true,"href":"https:\/\/amannforg.com\/fr\/wp-json\/wp\/v2\/product_cat?post=28235"},{"taxonomy":"product_tag","embeddable":true,"href":"https:\/\/amannforg.com\/fr\/wp-json\/wp\/v2\/product_tag?post=28235"},{"taxonomy":"models","embeddable":true,"href":"https:\/\/amannforg.com\/fr\/wp-json\/wp\/v2\/models?post=28235"},{"taxonomy":"years","embeddable":true,"href":"https:\/\/amannforg.com\/fr\/wp-json\/wp\/v2\/years?post=28235"}],"curies":[{"name":"wp","href":"https:\/\/api.w.org\/{rel}","templated":true}]}}