{"id":28288,"date":"2026-03-03T08:27:36","date_gmt":"2026-03-03T08:27:36","guid":{"rendered":"https:\/\/amannforg.com\/?post_type=product&#038;p=28288"},"modified":"2026-03-13T11:30:38","modified_gmt":"2026-03-13T11:30:38","slug":"2x-owl-labs-meeting-owl-3-bundle-intelligente-360-kamera-mit-mikrofon-lautsprecher-microsoft-teams-zertifiziert","status":"publish","type":"product","link":"https:\/\/amannforg.com\/fr\/produit\/2x-owl-labs-meeting-owl-3-bundle-intelligente-360-kamera-mit-mikrofon-lautsprecher-microsoft-teams-zertifiziert\/","title":{"rendered":"2x OWL LABS Meeting Owl 3 Bundle &#8211; Intelligente 360\u00b0-Kamera mit Mikrofon &#038; Lautsprecher, Microsoft Teams zertifiziert"},"content":{"rendered":"<p class=\"mb-l\"><i><\/i><\/p>\n<div class=\"titlepage\">\n<h2 class=\"text-h3 mb-l\"><i>2x OWL LABS Meeting Owl 3 &#8211; Business-Bundle &#8211; Intelligente 360\u00b0-Kamera mit Mikrofon &amp; Lautsprecher<\/i><\/h2>\n<\/div>\n<p class=\"mb-l\">\n<div class=\"article\"><span class=\"bold\">Schaffen Sie mit der intelligenten 360\u00b0-Kamera, dem Mikrofon und dem Lautsprecher, die im Laufe der Zeit immer mehr dazulernen, ein beeindruckendes hybrides Meeting-Erlebnis in jedem Raum.<\/span> <\/div>\n<\/p>\n<div class=\"article\">\n<div class=\"formalpara\">\n<div class=\"titlepage\">\n<h2 class=\"text-h3 mb-l\">Den ganzen Raum sehen<\/h2>\n<\/div><\/div>\n<\/div>\n<p class=\"mb-l\">\n<div class=\"article\">\n<div class=\"formalpara\">Die 360-Grad-Panoramakamera erfasst einen Radius von 3-m im Raum in 1080p, sodass Ihnen nichts entgeht.<\/div>\n<\/div>\n<div class=\"article\">\n<div class=\"formalpara\">\n<div class=\"titlepage\">\n<h2 class=\"text-h3 mb-l\">Sich Geh\u00f6r verschaffen<\/h2>\n<\/div><\/div>\n<\/div>\n<p class=\"mb-l\">\n<div class=\"article\">\n<div class=\"formalpara\">Der Audio-Aufnahmeradius des Mikrofons betr\u00e4gt 5,5 m und erfasst so Stimmen aus allen Ecken, selbst in gro\u00dfen R\u00e4umen.<\/div>\n<\/div>\n<div class=\"article\">\n<div class=\"formalpara\">\n<div class=\"titlepage\">\n<h2 class=\"text-h3 mb-l\">Alles verstehen, was gesagt wird<\/h2>\n<\/div><\/div>\n<\/div>\n<p class=\"mb-l\">\n<div class=\"article\">\n<div class=\"formalpara\">H\u00f6ren Sie externe Teammitglieder laut und deutlich aus allen Bereichen des Raums mit dem 360\u00b0-Dreifach-Lautsprecher.<\/div>\n<\/div>\n<div class=\"article\">\n<div class=\"formalpara\">\n<div class=\"titlepage\">\n<h2 class=\"text-h3 mb-l\">Owl Intelligence System<\/h2>\n<\/div><\/div>\n<\/div>\n<p class=\"mb-l\">\n<div class=\"article\">\n<div class=\"formalpara\">Hinter den dynamischen Funktionen aller Owl Labs-Ger\u00e4te steckt das Owl Intelligence System, unsere eigene KI-gesteuerte Software, die regelm\u00e4\u00dfig aktualisiert wird, um die Zusammenarbeit noch immersiver und integrativer zu gestalten.<\/div>\n<\/div>\n<div class=\"article\">\n<div class=\"formalpara\">\n<div class=\"titlepage\">\n<h2 class=\"text-h3 mb-l\">Passt sich jedem Raum an<\/h2>\n<\/div><\/div>\n<\/div>\n<p class=\"mb-l\">\n<div class=\"article\">\n<div class=\"formalpara\">Koppeln Sie zwei Meeting Owls oder f\u00fcgen Sie ein Expansion Mic hinzu, um die Video- und Audio-Reichweite in gr\u00f6\u00dferen R\u00e4umen zu erh\u00f6hen. Kompatibel mit Owl Labs&#8217; Whiteboard Owl und Meeting HQ zur Vervollst\u00e4ndigung Ihrer hybriden Raumeinrichtung.<\/div>\n<\/div>\n<div class=\"article\">\n<div class=\"formalpara\">\n<div class=\"titlepage\">\n<h2 class=\"text-h3 mb-l\">Universell Kompatibel <\/h2>\n<\/div><\/div>\n<\/div>\n<p class=\"mb-l\">\n<div class=\"article\">\n<div class=\"formalpara\">Kompatibel mit praktisch allen webbasierten Videokonferenzplattformen, einschlie\u00dflich Zoom, GoToMeeting, Google Meet, Microsoft Teams, Cisco Webex, BlueJeans und vielen anderen.<\/div>\n<\/div>\n<div class=\"article\">\n<div class=\"formalpara\">\n<div class=\"titlepage\">\n<h2 class=\"text-h3 mb-l\">Einfaches Plug-and-Play<\/h2>\n<\/div><\/div>\n<\/div>\n<p class=\"mb-l\">\n<div class=\"article\">\n<div class=\"formalpara\">Vom Auspacken bis zum ersten Meeting vergehen nur 7 Minuten. Einfach den Strom- und USB-Anschluss anschlie\u00dfen, die gew\u00fcnschte Videokonferenzplattform starten und das Meeting beginnen. Verwalten Sie Meetings ganz einfach \u00fcber Desktop-, Handy- oder Tablet-Apps. Laden Sie die Meeting Owl-App herunter, die f\u00fcr Windows, iOS und Android verf\u00fcgbar ist, um die Kamera bei der ersten Verwendung einzurichten, damit Sie die audiovisuellen Einstellungen der Kamera in Echtzeit direkt von Ihrem PC, Smartphone oder Tablet aus anpassen k\u00f6nnen.<\/div>\n<\/div>\n<li class=\"mb-m\">\n<div class=\"flex flex-col m:flex-row gap-s m:gap-xl\">\n<div class=\"text-h3 min-w-[244px] max-w-[244px]\">Kamera<\/div>\n<div class=\"flex flex-col gap-s\"><span class=\"\"><\/p>\n<div class=\"itemizedlist\">\n<ul class=\"flex flex-col gap-s\">\n<li class=\"ml-3xs pl-[15px] relative before:absolute before:w-[8px] before:h-[8px] before:bg-dark before:top-[8px] before:left-0 before:rounded-full\">Ausgangsaufl\u00f6sung: 1080p HD, Sichtfeld: 360\u00b0<\/li>\n<li class=\"ml-3xs pl-[15px] relative before:absolute before:w-[8px] before:h-[8px] before:bg-dark before:top-[8px] before:left-0 before:rounded-full\">Radius der Videoaufnahme: 3 m<\/li>\n<\/ul>\n<\/div>\n<p><\/span><\/div>\n<\/div>\n<\/li>\n<li class=\"mb-m\">\n<div class=\"flex flex-col m:flex-row gap-s m:gap-xl\">\n<div class=\"text-h3 min-w-[244px] max-w-[244px]\">Mikrofon<\/div>\n<div class=\"flex flex-col gap-s\"><span class=\"\"><\/p>\n<div class=\"itemizedlist\">\n<ul class=\"flex flex-col gap-s\">\n<li class=\"ml-3xs pl-[15px] relative before:absolute before:w-[8px] before:h-[8px] before:bg-dark before:top-[8px] before:left-0 before:rounded-full\">8 omnidirektionale intelligente Mikrofone mit Beamforming-Technologie<\/li>\n<li class=\"ml-3xs pl-[15px] relative before:absolute before:w-[8px] before:h-[8px] before:bg-dark before:top-[8px] before:left-0 before:rounded-full\">Radius der Audio-Aufnahme: 5,5 m<\/li>\n<\/ul>\n<\/div>\n<p><\/span><\/div>\n<\/div>\n<\/li>\n<li class=\"mb-m\">\n<div class=\"flex flex-col m:flex-row gap-s m:gap-xl\">\n<div class=\"text-h3 min-w-[244px] max-w-[244px]\">Lautsprecher<\/div>\n<div class=\"flex flex-col gap-s\"><span class=\"\"><\/p>\n<div class=\"itemizedlist\">\n<ul class=\"flex flex-col gap-s\">\n<li class=\"ml-3xs pl-[15px] relative before:absolute before:w-[8px] before:h-[8px] before:bg-dark before:top-[8px] before:left-0 before:rounded-full\">Drei integrierte Lautsprecher f\u00fcr 360\u00b0-Abdeckung und klaren Klang im Raum<\/li>\n<li class=\"ml-3xs pl-[15px] relative before:absolute before:w-[8px] before:h-[8px] before:bg-dark before:top-[8px] before:left-0 before:rounded-full\">Lautsprecher-Ausgangspegel: 80 db SPL<\/li>\n<\/ul>\n<\/div>\n<p><\/span><\/div>\n<\/div>\n<\/li>\n<li class=\"mb-m\">\n<div class=\"flex flex-col m:flex-row gap-s m:gap-xl\">\n<div class=\"text-h3 min-w-[244px] max-w-[244px]\">Verbindung<\/div>\n<div class=\"flex flex-col gap-s\"><span class=\"\"><\/p>\n<div class=\"itemizedlist\">\n<ul class=\"flex flex-col gap-s\">\n<li class=\"ml-3xs pl-[15px] relative before:absolute before:w-[8px] before:h-[8px] before:bg-dark before:top-[8px] before:left-0 before:rounded-full\">Plug-and-Play-Verbindung zum Host-Computer \u00fcber USB-C<\/li>\n<li class=\"ml-3xs pl-[15px] relative before:absolute before:w-[8px] before:h-[8px] before:bg-dark before:top-[8px] before:left-0 before:rounded-full\">Option zum Anschluss an das Expansion Mic \u00fcber Micro-HDMI<\/li>\n<\/ul>\n<\/div>\n<p><\/span><\/div>\n<\/div>\n<\/li>\n<li class=\"mb-m\">\n<div class=\"flex flex-col m:flex-row gap-s m:gap-xl\">\n<div class=\"text-h3 min-w-[244px] max-w-[244px]\">Software<\/div>\n<div class=\"flex flex-col gap-s\"><span class=\"\"><\/p>\n<div class=\"itemizedlist\">\n<ul class=\"flex flex-col gap-s\">\n<li class=\"ml-3xs pl-[15px] relative before:absolute before:w-[8px] before:h-[8px] before:bg-dark before:top-[8px] before:left-0 before:rounded-full\">KI-gest\u00fctztes Owl Intelligence System\u2122 zur intelligenten Fokussierung auf die sprechende Person<\/li>\n<li class=\"ml-3xs pl-[15px] relative before:absolute before:w-[8px] before:h-[8px] before:bg-dark before:top-[8px] before:left-0 before:rounded-full\">M\u00f6glichkeit zur Kopplung der Meeting Owl mit der Owl Bar oder von 2 Meeting Owls \u00fcber die spezielle Technologie f\u00fcr die Kopplung von Ger\u00e4ten zur Erweiterung der Video- und Audio-Abdeckung in gr\u00f6\u00dferen R\u00e4umen<\/li>\n<\/ul>\n<\/div>\n<p><\/span><\/div>\n<\/div>\n<\/li>\n<li class=\"mb-m\">\n<div class=\"flex flex-col m:flex-row gap-s m:gap-xl\">\n<div class=\"text-h3 min-w-[244px] max-w-[244px]\">Kompatibilit\u00e4t<\/div>\n<div class=\"flex flex-col gap-s\"><span class=\"\"><\/p>\n<div class=\"itemizedlist\">\n<ul class=\"flex flex-col gap-s\">\n<li class=\"ml-3xs pl-[15px] relative before:absolute before:w-[8px] before:h-[8px] before:bg-dark before:top-[8px] before:left-0 before:rounded-full\">Plug-and-Play-Verbindung zum Host-Computer \u00fcber USB-C<\/li>\n<li class=\"ml-3xs pl-[15px] relative before:absolute before:w-[8px] before:h-[8px] before:bg-dark before:top-[8px] before:left-0 before:rounded-full\">Funktioniert mit Zoom, Microsoft Teams, Skype for Business, Slack, Webex und praktisch allen webbasierten Videokonferenzplattformen<\/li>\n<\/ul>\n<\/div>\n<p><\/span><\/div>\n<\/div>\n<\/li>\n<li class=\"mb-m\">\n<div class=\"flex flex-col m:flex-row gap-s m:gap-xl\">\n<div class=\"text-h3 min-w-[244px] max-w-[244px]\">Prozessor<\/div>\n<div class=\"flex flex-col gap-s\"><span class=\"\"><\/p>\n<div class=\"itemizedlist\">\n<ul class=\"flex flex-col gap-s\">\n<li class=\"ml-3xs pl-[15px] relative before:absolute before:w-[8px] before:h-[8px] before:bg-dark before:top-[8px] before:left-0 before:rounded-full\">Qualcomm\u00ae Snapdragon\u2122 605 Prozessor<\/li>\n<\/ul>\n<\/div>\n<p><\/span><\/div>\n<\/div>\n<\/li>\n<li class=\"mb-m\">\n<div class=\"flex flex-col m:flex-row gap-s m:gap-xl\">\n<div class=\"text-h3 min-w-[244px] max-w-[244px]\">Ma\u00dfe und Gewicht<\/div>\n<div class=\"flex flex-col gap-s\"><span class=\"\"><\/p>\n<div class=\"itemizedlist\">\n<ul class=\"flex flex-col gap-s\">\n<li class=\"ml-3xs pl-[15px] relative before:absolute before:w-[8px] before:h-[8px] before:bg-dark before:top-[8px] before:left-0 before:rounded-full\">111 mm x 111 mm x 272 mm (BxTxH)<\/li>\n<li class=\"ml-3xs pl-[15px] relative before:absolute before:w-[8px] before:h-[8px] before:bg-dark before:top-[8px] before:left-0 before:rounded-full\">1,2 kg<\/li>\n<\/ul>\n<\/div>\n<p><\/span><\/div>\n<\/div>\n<\/li>\n<li class=\"mb-m\">\n<div class=\"flex flex-col m:flex-row gap-s m:gap-xl\">\n<div class=\"text-h3 min-w-[244px] max-w-[244px]\">Was ist in der Box?<\/div>\n<div class=\"flex flex-col gap-s\"><span class=\"\"><\/p>\n<div class=\"itemizedlist\">\n<ul class=\"flex flex-col gap-s\">\n<li class=\"ml-3xs pl-[15px] relative before:absolute before:w-[8px] before:h-[8px] before:bg-dark before:top-[8px] before:left-0 before:rounded-full\">Meeting Owl 3<\/li>\n<li class=\"ml-3xs pl-[15px] relative before:absolute before:w-[8px] before:h-[8px] before:bg-dark before:top-[8px] before:left-0 before:rounded-full\">Stromversorgung<\/li>\n<li class=\"ml-3xs pl-[15px] relative before:absolute before:w-[8px] before:h-[8px] before:bg-dark before:top-[8px] before:left-0 before:rounded-full\">Gleichstrom-\/Wechselstromkabel<\/li>\n<li class=\"ml-3xs pl-[15px] relative before:absolute before:w-[8px] before:h-[8px] before:bg-dark before:top-[8px] before:left-0 before:rounded-full\">2 m USB-C-Kabel<\/li>\n<li class=\"ml-3xs pl-[15px] relative before:absolute before:w-[8px] before:h-[8px] before:bg-dark before:top-[8px] before:left-0 before:rounded-full\">Schnellstartanleitung f\u00fcr eine einfach Einrichtung<\/li>\n<li class=\"ml-3xs pl-[15px] relative before:absolute before:w-[8px] before:h-[8px] before:bg-dark before:top-[8px] before:left-0 before:rounded-full\">Tischkarte auf Englisch und Franz\u00f6sisch mit einem Kartenhalter in Form einer Eule<\/li>\n<\/ul>\n<\/div>\n<p><\/span><\/div>\n<\/div>\n<\/li>\n","protected":false},"excerpt":{"rendered":"<li class=\"bullet-list-item\">360\u00ba-Sichtfeld mit Panorama Anzeige, 360\u00ba-Sound und Mikrofonabdeckung<\/li>\n<li class=\"bullet-list-item\">Microsoft Teams zertifiziert<\/li>\n<li class=\"bullet-list-item\">Intelligente Technologie mit Autofokus und Smart Zoom<\/li>\n<li class=\"bullet-list-item\">Unterst\u00fctzung aller g\u00e4ngigen Videokonfernzprogramme wie Teams und Zoom<\/li>\n<li class=\"bullet-list-item\">Einfache Bedienung mit Meeting Owl App, USB Verbindung &#8211; Plug &amp; Play<\/li>\n<p> Herstellernummer Eulen-Kit-CPSE-MO3<\/p>","protected":false},"featured_media":44658,"comment_status":"open","ping_status":"closed","template":"","meta":{"_monsterinsights_skip_tracking":false,"_monsterinsights_sitenote_active":false,"_monsterinsights_sitenote_note":"","_monsterinsights_sitenote_category":0,"_uf_show_specific_survey":0,"_uf_disable_surveys":false},"product_brand":[],"product_cat":[466],"product_tag":[],"models":[],"years":[],"class_list":{"0":"post-28288","1":"product","2":"type-product","3":"status-publish","4":"has-post-thumbnail","6":"product_cat-videokonferenztechnik","8":"first","9":"instock","10":"sale","11":"featured","12":"shipping-taxable","13":"purchasable","14":"product-type-simple"},"aioseo_notices":[],"acf":[],"_links":{"self":[{"href":"https:\/\/amannforg.com\/fr\/wp-json\/wp\/v2\/product\/28288","targetHints":{"allow":["GET"]}}],"collection":[{"href":"https:\/\/amannforg.com\/fr\/wp-json\/wp\/v2\/product"}],"about":[{"href":"https:\/\/amannforg.com\/fr\/wp-json\/wp\/v2\/types\/product"}],"replies":[{"embeddable":true,"href":"https:\/\/amannforg.com\/fr\/wp-json\/wp\/v2\/comments?post=28288"}],"version-history":[{"count":1,"href":"https:\/\/amannforg.com\/fr\/wp-json\/wp\/v2\/product\/28288\/revisions"}],"predecessor-version":[{"id":57632,"href":"https:\/\/amannforg.com\/fr\/wp-json\/wp\/v2\/product\/28288\/revisions\/57632"}],"wp:featuredmedia":[{"embeddable":true,"href":"https:\/\/amannforg.com\/fr\/wp-json\/wp\/v2\/media\/44658"}],"wp:attachment":[{"href":"https:\/\/amannforg.com\/fr\/wp-json\/wp\/v2\/media?parent=28288"}],"wp:term":[{"taxonomy":"product_brand","embeddable":true,"href":"https:\/\/amannforg.com\/fr\/wp-json\/wp\/v2\/product_brand?post=28288"},{"taxonomy":"product_cat","embeddable":true,"href":"https:\/\/amannforg.com\/fr\/wp-json\/wp\/v2\/product_cat?post=28288"},{"taxonomy":"product_tag","embeddable":true,"href":"https:\/\/amannforg.com\/fr\/wp-json\/wp\/v2\/product_tag?post=28288"},{"taxonomy":"models","embeddable":true,"href":"https:\/\/amannforg.com\/fr\/wp-json\/wp\/v2\/models?post=28288"},{"taxonomy":"years","embeddable":true,"href":"https:\/\/amannforg.com\/fr\/wp-json\/wp\/v2\/years?post=28288"}],"curies":[{"name":"wp","href":"https:\/\/api.w.org\/{rel}","templated":true}]}}