{"id":28297,"date":"2026-03-03T08:27:40","date_gmt":"2026-03-03T08:27:40","guid":{"rendered":"https:\/\/amannforg.com\/?post_type=product&#038;p=28297"},"modified":"2026-03-13T11:30:33","modified_gmt":"2026-03-13T11:30:33","slug":"epos-expand-80t-smarte-freisprecheinrichtung-teams-zertifiziert","status":"publish","type":"product","link":"https:\/\/amannforg.com\/fr\/produit\/epos-expand-80t-smarte-freisprecheinrichtung-teams-zertifiziert\/","title":{"rendered":"EPOS EXPAND 80T smarte Freisprecheinrichtung Teams zertifiziert"},"content":{"rendered":"<div class=\"article\">\n<div class=\"titlepage\">\n<h2 class=\"text-h3 mb-l\">EPOS EXPAND 80 \/ EXPAND 80T<\/h2>\n<\/div>\n<p class=\"mb-l\">Mit diesem erstklassigen, erweiterbaren Bluetooth\u00ae-Speakerphone, welches f\u00fcr Microsoft Teams zertifiziert ist, sind alle Kollegen vereint. Sechs adaptive Mikrofone mit Beamforming-Technologie sorgen daf\u00fcr, dass Stimmen von Raumhall und Umgebungsger\u00e4uschen isoliert werden, damit alle immer geh\u00f6rt werden. Ein herausragender Lautsprecher f\u00fcr vollen, nat\u00fcrlichen Klang.<\/p>\n<div class=\"formalpara\">\n<div class=\"titlepage\">\n<h2 class=\"text-h3 mb-l\">Optimieren Sie die Teamleistung<\/h2>\n<\/div><\/div>\n<p class=\"mb-l\">F\u00f6rdern Sie die produktive Teamarbeit an verschiedenen Standorten mit dem EXPAND 80 \u2013 einer Reihe hochwertiger, erweiterbarer Speakerphones f\u00fcr bis zu 16 Teilnehmer im Raum.<\/p>\n<p class=\"mb-l\">Sorgen Sie daf\u00fcr, dass Sie auch von Ihren Kollegen im Home Office oder unterwegs geh\u00f6rt werden \u2013 mit fortschrittlichen Mikrofonen, die die Sprachverst\u00e4ndlichkeit verbessern, und mit einem leistungsstarken Lautsprecher, der den Raum mit vollem, nat\u00fcrlichem Klang f\u00fcllt.<\/p>\n<div class=\"formalpara\">\n<div class=\"titlepage\">\n<h2 class=\"text-h3 mb-l\">Schutz f\u00fcr Ihr Ger\u00e4t<\/h2>\n<\/div>\n<p class=\"mb-l\">Unterst\u00fctzung f\u00fcr Kensington-Schloss<\/p>\n<\/p><\/div>\n<div class=\"formalpara\">\n<div class=\"titlepage\">\n<h2 class=\"text-h3 mb-l\">USB-Dongle-Aufbewahrung \u2013 leicht auffindbar<\/h2>\n<\/div>\n<p class=\"mb-l\">Der BTD 800 USB-Dongle gew\u00e4hrleistet unkomplizierten Bluetooth\u00ae-Anschluss an alle Ger\u00e4te<\/p>\n<\/p><\/div>\n<div class=\"formalpara\">\n<div class=\"titlepage\">\n<h2 class=\"text-h3 mb-l\">Ger\u00e4te\u00fcbergreifende Konferenzen<\/h2>\n<\/div>\n<p class=\"mb-l\">F\u00fchrt PC-\/Softphone- und mobile Anrufe in einer Konferenz zusammen<\/p>\n<\/p><\/div>\n<div class=\"formalpara\">\n<div class=\"titlepage\">\n<h2 class=\"text-h3 mb-l\">Damit Ihre Botschaft ankommt: EPOS Voice\u2122<\/h2>\n<\/div><\/div>\n<p class=\"mb-l\">6 adaptive Beamforming-Mikrofone sorgen in Kombination mit DSP daf\u00fcr, dass Stimmen auf intelligente Weise von Raumhall und Umgebungsger\u00e4uschen isoliert werden.<\/p>\n<div class=\"formalpara\">\n<div class=\"titlepage\">\n<h2 class=\"text-h3 mb-l\">Voller, nat\u00fcrlicher Klang<\/h2>\n<\/div><\/div>\n<p class=\"mb-l\">Leistungsstarker, extrem verzerrungsarmer Lautsprecher in einer einzigartigen, zum Patent angemeldeten H\u00e4nge-Lautsprecherbox. Erf\u00fcllt den Raum mit hervorragendem Klang bei bestechender Duplex-Leistung, die gleichzeitiges Sprechen und H\u00f6ren erm\u00f6glicht.<\/p>\n<div class=\"formalpara\">\n<div class=\"titlepage\">\n<h2 class=\"text-h3 mb-l\">Professionelle Verarbeitung, markantes skandinavisches Design<\/h2>\n<\/div><\/div>\n<p class=\"mb-l\">Hergestellt aus hochwertigen Materialien und den Klang optimierenden Stoffen von Kvadrat \u2013 sorgt f\u00fcr eine edle, minimalistische \u00c4sthetik<\/p>\n<div class=\"formalpara\">\n<div class=\"titlepage\">\n<h2 class=\"text-h3 mb-l\">Erweiterter Radius f\u00fcr Ihre Meetings<\/h2>\n<\/div><\/div>\n<p class=\"mb-l\">Anschlie\u00dfen von bis zu zwei Erweiterungsmikrofonen f\u00fcr umfangreichere Meetings<\/p>\n<div class=\"formalpara\">\n<div class=\"titlepage\">\n<h2 class=\"text-h3 mb-l\">Telefonkonferenzen in Sekundenschnelle einrichten<\/h2>\n<\/div><\/div>\n<p class=\"mb-l\">Multi-Konnektivit\u00e4t, intuitive Benutzeroberfl\u00e4che und One-Touch-Zugriff auf den Sprachassistenten oder Microsoft Teams<\/p>\n<\/p><\/div>","protected":false},"excerpt":{"rendered":"<li class=\"bullet-list-item\">leistungsf\u00e4hige Freisprecheinrichtung 6 adaptive Beamforming-Mikrofone<\/li>\n<li class=\"bullet-list-item\">erweiterbar mit zus\u00e4tzlichen Speakerphones<\/li>\n<li class=\"bullet-list-item\">Unterst\u00fctzt USB-Modus, dongle im Ger\u00e4t verstaubar<\/li>\n<li class=\"bullet-list-item\">Zertifizierungen: Microsoft Teams &amp; Zoom<\/li>\n<li class=\"bullet-list-item\">f\u00fcr bis zu 16 Teilnehmer im Raum<\/li>\n<p> Herstellernummer 1000203<\/p>","protected":false},"featured_media":44664,"comment_status":"open","ping_status":"closed","template":"","meta":{"_monsterinsights_skip_tracking":false,"_monsterinsights_sitenote_active":false,"_monsterinsights_sitenote_note":"","_monsterinsights_sitenote_category":0,"_uf_show_specific_survey":0,"_uf_disable_surveys":false},"product_brand":[],"product_cat":[466],"product_tag":[],"models":[],"years":[],"class_list":{"0":"post-28297","1":"product","2":"type-product","3":"status-publish","4":"has-post-thumbnail","6":"product_cat-videokonferenztechnik","8":"first","9":"instock","10":"sale","11":"featured","12":"shipping-taxable","13":"purchasable","14":"product-type-simple"},"aioseo_notices":[],"acf":[],"_links":{"self":[{"href":"https:\/\/amannforg.com\/fr\/wp-json\/wp\/v2\/product\/28297","targetHints":{"allow":["GET"]}}],"collection":[{"href":"https:\/\/amannforg.com\/fr\/wp-json\/wp\/v2\/product"}],"about":[{"href":"https:\/\/amannforg.com\/fr\/wp-json\/wp\/v2\/types\/product"}],"replies":[{"embeddable":true,"href":"https:\/\/amannforg.com\/fr\/wp-json\/wp\/v2\/comments?post=28297"}],"version-history":[{"count":1,"href":"https:\/\/amannforg.com\/fr\/wp-json\/wp\/v2\/product\/28297\/revisions"}],"predecessor-version":[{"id":57633,"href":"https:\/\/amannforg.com\/fr\/wp-json\/wp\/v2\/product\/28297\/revisions\/57633"}],"wp:featuredmedia":[{"embeddable":true,"href":"https:\/\/amannforg.com\/fr\/wp-json\/wp\/v2\/media\/44664"}],"wp:attachment":[{"href":"https:\/\/amannforg.com\/fr\/wp-json\/wp\/v2\/media?parent=28297"}],"wp:term":[{"taxonomy":"product_brand","embeddable":true,"href":"https:\/\/amannforg.com\/fr\/wp-json\/wp\/v2\/product_brand?post=28297"},{"taxonomy":"product_cat","embeddable":true,"href":"https:\/\/amannforg.com\/fr\/wp-json\/wp\/v2\/product_cat?post=28297"},{"taxonomy":"product_tag","embeddable":true,"href":"https:\/\/amannforg.com\/fr\/wp-json\/wp\/v2\/product_tag?post=28297"},{"taxonomy":"models","embeddable":true,"href":"https:\/\/amannforg.com\/fr\/wp-json\/wp\/v2\/models?post=28297"},{"taxonomy":"years","embeddable":true,"href":"https:\/\/amannforg.com\/fr\/wp-json\/wp\/v2\/years?post=28297"}],"curies":[{"name":"wp","href":"https:\/\/api.w.org\/{rel}","templated":true}]}}