{"id":28338,"date":"2026-03-03T08:27:56","date_gmt":"2026-03-03T08:27:56","guid":{"rendered":"https:\/\/amannforg.com\/?post_type=product&#038;p=28338"},"modified":"2026-03-07T16:28:57","modified_gmt":"2026-03-07T16:28:57","slug":"logitech-logi-dock-offwhite-uc-version-all-in-one-usb-c-dockingstation","status":"publish","type":"product","link":"https:\/\/amannforg.com\/fr\/produit\/logitech-logi-dock-offwhite-uc-version-all-in-one-usb-c-dockingstation\/","title":{"rendered":"Logitech Logi Dock Offwhite (UC-Version) &#8211; All-in-one-USB-C-Dockingstation"},"content":{"rendered":"<div class=\"article\">\n<div class=\"titlepage\">\n<h2 class=\"text-h3 mb-l\">DER HOME OFFICE-SUPERHELD<\/h2>\n<\/div>\n<p class=\"mb-l\">Die Arbeit von zu Hause aus sollte kein Kompromiss sein. Logi Dock ist eine All-in-one-USB-C-Dockingstation, welche die Einrichtung des Homeoffice-Arbeitsplatzes vereinfacht, die Unordnung auf dem Schreibtisch verringert und die Produktivit\u00e4t von Mitarbeitern au\u00dferhalb des B\u00fcros steigert. Das f\u00fcr f\u00fchrende Videokonferenzplattformen zertifizierte und einfach einzurichtende Logi Dock verbindet alles in einer einzigen, aufger\u00e4umten Einheit, die zus\u00e4tzliche Peripherieger\u00e4te \u00fcberfl\u00fcssig macht und Kabelsalat beseitigt.<\/p>\n<p class=\"mb-l\"> <span class=\"bold\">MEHR ORDNUNG AUF DEM SCHREIBTISCH<\/span> <\/p>\n<p class=\"mb-l\">Ungehindertes Arbeiten. Als All-in-one-USB-C-Dockingstation erm\u00f6glicht Logi Dock das Anschlie\u00dfen und Laden von bis zu f\u00fcnf USB-Peripherieger\u00e4ten und bis zu zwei Monitoren. Es ersetzt dadurch \u00fcberfl\u00fcssige Ladeger\u00e4te und Stromkabel und sorgt f\u00fcr mehr Ordnung auf dem Schreibtisch. Logi Dock funktioniert nahtlos mit f\u00fchrenden Videokonferenzplattformen und optimiert Ihr Homeoffice, damit Sie produktiver arbeiten k\u00f6nnen.<\/p>\n<div class=\"formalpara\">\n<div class=\"titlepage\">\n<h2 class=\"text-h3 mb-l\">\u00dcBERNEHMEN SIE DIE KONTROLLE \u00dcBER IHRE MEETINGS<\/h2>\n<\/div><\/div>\n<p class=\"mb-l\"> <span class=\"bold\">One-Touch-Funktion f\u00fcr Konferenzteilnahme<\/span> <\/p>\n<p class=\"mb-l\">Nutzen Sie die Vorteile der Kalenderintegration von Logi Dock <sup>1<\/sup>, um durch einfaches Dr\u00fccken einer Taste sofort an einer Konferenz teilzunehmen. <\/p>\n<p class=\"mb-l\"> <sup>1 Logi Tune Desktop-App wird f\u00fcr die Kalenderintegration ben\u00f6tigt; Unterst\u00fctzung von Office 365 und Google Kalender.<\/sup> <\/p>\n<p class=\"mb-l\"> <span class=\"bold\">Bedienelemente zur Stummschaltung<\/span> <\/p>\n<p class=\"mb-l\">Dr\u00fccken Sie die Taste f\u00fcr Stummschaltung, um rasch das Audio ein- oder auszuschalten. Nutzen Sie die Lautst\u00e4rkeregler, um die optimale Lautst\u00e4rke einzustellen.<\/p>\n<p class=\"mb-l\"> <span class=\"bold\">Video ein-\/ausschalten<\/span> <\/p>\n<p class=\"mb-l\">Dr\u00fccken Sie die Videotaste von Logi Dock, um Ihre Kamera sofort ein- oder auszuschalten.<\/p>\n<div class=\"formalpara\">\n<div class=\"titlepage\">\n<h2 class=\"text-h3 mb-l\">KRISTALLKLAR H\u00d6HREN UND GEH\u00d6RT WERDEN<\/h2>\n<\/div><\/div>\n<p class=\"mb-l\"> <span class=\"bold\">Freisprecheinrichtung<\/span> <\/p>\n<p class=\"mb-l\">Die integrierte Freisprecheinrichtung umfasst sechs Beamforming-Mikrofone, die Ihre Stimme klar erfassen, w\u00e4hrend fortschrittliche Algorithmen f\u00fcr einen nat\u00fcrlichen Klang mit reduzierten Hintergrundger\u00e4uschen sorgen.<\/p>\n<p class=\"mb-l\"> <span class=\"bold\">Einfache Audioumschaltung<\/span> <\/p>\n<p class=\"mb-l\">Wenn Sie den Ton von der Freisprecheinrichtung des Logi Dock auf Ihr eigenes Ger\u00e4t umleiten m\u00f6chten, schalten Sie einfach Ihr Zone Wireless (Plus)-Headset ein oder schlie\u00dfen Sie die Zone True Wireless Earbuds an. Logi Dock schaltet dann automatisch um.<\/p>\n<p class=\"mb-l\"> <span class=\"bold\">MIT MUSIK IST DIE ARBEIT LEICHTER<\/span> <\/p>\n<p class=\"mb-l\">Wenn Musik Ihr idealer Arbeitsbegleiter ist, sollten Sie sie mit kleinen, aber leistungsstarken Lautsprechern genie\u00dfen, die einen beeindruckenden, stereophonen Klang, einen kr\u00e4ftigen Bass und eine hohe Lautst\u00e4rke liefern, die Sie bis zum Anschlag aufdrehen k\u00f6nnen. Genie\u00dfen Sie Ihre Lieblingstitel verzerrungsfrei, sorgf\u00e4ltig abgestimmt und kristallklar.<\/p>\n<p class=\"mb-l\"> <span class=\"bold\">VERBINDEN SIE ALLE GER\u00c4TE<\/span> <\/p>\n<p class=\"mb-l\">Mit einer einfachen L\u00f6sung, die Ihre Ger\u00e4te verbindet, Ihren Laptop mit bis zu 100 W versorgt und die Anzahl von Ladeger\u00e4ten, Kabeln und Adaptern reduziert, bleibt Ihr Schreibtisch aufger\u00e4umt und \u00fcbersichtlich. Schlie\u00dfen Sie bis zu f\u00fcnf USB-Peripherieger\u00e4te \u00fcber USB-A und USB-C und bis zu zwei Monitore \u00fcber HDMI und DisplayPort an. Verbinden Sie Ihr Smartphone oder Tablet \u00fcber Bluetooth, um Audio zu streamen.<\/p>\n<p class=\"mb-l\"> <span class=\"bold\">DAS UPGRADE F\u00dcR LOGI DOCK: LOGI TUNE<\/span> <\/p>\n<p class=\"mb-l\">Logi Tune ist die App, mit der Logi Dock von gro\u00dfartig zu au\u00dfergew\u00f6hnlich wird. Durch die Synchronisierung Ihres Kalenders <sup>2<\/sup> mit Logi Dock erleichtert es Ihnen Tune, den \u00dcberblick \u00fcber Ihren Tag zu behalten, informiert Sie \u00fcber anstehende Termine und l\u00e4sst Sie mit einem Tastendruck schnell an Besprechungen teilnehmen. <\/p>\n<p class=\"mb-l\"> <sup>2 Logi Tune Desktop-App wird f\u00fcr die Kalenderintegration ben\u00f6tigt; Unterst\u00fctzung von Office 365 und Google Kalender.<\/sup> <\/p>\n<p class=\"mb-l\"> <span class=\"bold\">UNTERST\u00dcTZUNG DER ARBEIT VON \u00dcBERALL AUS MIT SYNC<\/span> <\/p>\n<p class=\"mb-l\">Ganz gleich, ob Ihre Mitarbeiter im B\u00fcro, zu Hause oder an einem anderen Ort sind: Mit der Sync Ger\u00e4teverwaltungssoftware k\u00f6nnen Sie daf\u00fcr sorgen, dass alle in Verbindung bleiben, indem Sie sicherstellen, dass ihre Logitech Video Collaboration-Ger\u00e4te auf dem neuesten Stand sind und einwandfrei funktionieren.<\/p>\n<p class=\"mb-l\"> <span class=\"bold\">ZERTIFIZIERTE ZUVERL\u00c4SSIGKEIT<\/span> <\/p>\n<p class=\"mb-l\">Logi Dock ist f\u00fcr Microsoft Teams, Zoom, Google Meet und Google Voice zertifiziert und funktioniert daher nahtlos mit Ihren Videokonferenzplattformen. Au\u00dferdem ist es mit den g\u00e4ngigen Telefonanwendungen auf den meisten Plattformen und Betriebssystemen innerhalb Ihrer IT-Umgebung kompatibel. Und da es ganz einfach einzurichten ist, k\u00f6nnen Sie Logi Dock bedenkenlos Ihren Remote- und Hybrid-Mitarbeitern bereitzustellen.<\/p>\n<div class=\"formalpara\">\n<div class=\"titlepage\">\n<h2 class=\"text-h3 mb-l\">ZUS\u00c4TZLICHE FUNKTIONEN<\/h2>\n<\/div><\/div>\n<p class=\"mb-l\"> <span class=\"bold\">100 W-STROMVERSORGUNG<\/span> <\/p>\n<p class=\"mb-l\">Logi Dock liefert eine Leistung von bis zu 100 W f\u00fcr PCs und Macs und l\u00e4dt auch Notebooks, die 85 W oder weniger ben\u00f6tigen, sicher auf. Sie m\u00fcssen kein Netzteil mehr mitnehmen!<\/p>\n<p class=\"mb-l\"> <span class=\"bold\">KEINE TREIBER ERFORDERLICH<\/span> <\/p>\n<p class=\"mb-l\">Logi Dock verwendet USB-C mit DisplayPort, das nativ an externe Monitore angeschlossen werden kann und Dual-Displays unterst\u00fctzt <sup>3<\/sup>. F\u00fcr DisplayLink m\u00fcssen keine Treiber oder sonstige Software installiert werden. <\/p>\n<p class=\"mb-l\"> <sup>3 Wird m\u00f6glicherweise nicht von allen PC-Anbietern unterst\u00fctzt.<\/sup> <\/p>\n<p class=\"mb-l\"> <span class=\"bold\">UMWELTFREUNDLICHE VERPACKUNG<\/span> <\/p>\n<p class=\"mb-l\">Das Papier f\u00fcr die Verpackung des Logi Dock stammt aus FSCTM-zertifizierten W\u00e4ldern und anderen kontrollierten Quellen. Indem du dich f\u00fcr dieses Produkt entscheidest, unterst\u00fctzt du die verantwortungsvolle Waldwirtschaft auf der ganzen Welt.<\/p>\n<\/p><\/div>\n<li class=\"mb-m\">\n<div class=\"flex flex-col m:flex-row gap-s m:gap-xl\">\n<div class=\"text-h3 min-w-[244px] max-w-[244px]\">Lautsprecher<\/div>\n<div class=\"flex flex-col gap-s\"><span class=\"\"><\/p>\n<div class=\"itemizedlist\">\n<ul class=\"flex flex-col gap-s\">\n<li class=\"ml-3xs pl-[15px] relative before:absolute before:w-[8px] before:h-[8px] before:bg-dark before:top-[8px] before:left-0 before:rounded-full\">Frequenzbereich: 60 Hz\u201320 kHz<\/li>\n<li class=\"ml-3xs pl-[15px] relative before:absolute before:w-[8px] before:h-[8px] before:bg-dark before:top-[8px] before:left-0 before:rounded-full\">Gr\u00f6\u00dfe der Lautsprecher: 55 mm<\/li>\n<li class=\"ml-3xs pl-[15px] relative before:absolute before:w-[8px] before:h-[8px] before:bg-dark before:top-[8px] before:left-0 before:rounded-full\">Unterst\u00fctzung der automatischen Audioumschaltung <span class=\"\"> <\/span><\/li>\n<\/ul>\n<\/div>\n<p><\/span><\/div>\n<\/div>\n<\/li>\n<li class=\"mb-m\">\n<div class=\"flex flex-col m:flex-row gap-s m:gap-xl\">\n<div class=\"text-h3 min-w-[244px] max-w-[244px]\">Mikrofone<\/div>\n<div class=\"flex flex-col gap-s\"><span class=\"\"><\/p>\n<div class=\"itemizedlist\">\n<ul class=\"flex flex-col gap-s\">\n<li class=\"ml-3xs pl-[15px] relative before:absolute before:w-[8px] before:h-[8px] before:bg-dark before:top-[8px] before:left-0 before:rounded-full\">Beamforming-Mikrofon-Array mit sechs Mikrofonen<\/li>\n<li class=\"ml-3xs pl-[15px] relative before:absolute before:w-[8px] before:h-[8px] before:bg-dark before:top-[8px] before:left-0 before:rounded-full\">Frequenzbereich: 65 Hz-8000 Hz<\/li>\n<\/ul>\n<\/div>\n<p><\/span><\/div>\n<\/div>\n<\/li>\n<li class=\"mb-m\">\n<div class=\"flex flex-col m:flex-row gap-s m:gap-xl\">\n<div class=\"text-h3 min-w-[244px] max-w-[244px]\">Docking Station<\/div>\n<div class=\"flex flex-col gap-s\"><span class=\"\"><\/p>\n<div class=\"itemizedlist\">\n<ul class=\"flex flex-col gap-s\">\n<li class=\"ml-3xs pl-[15px] relative before:absolute before:w-[8px] before:h-[8px] before:bg-dark before:top-[8px] before:left-0 before:rounded-full\">Docking-Oberfl\u00e4che: USB-C-Alt-Modus Stromversorgung: <span class=\"\"> <\/span><\/li>\n<li class=\"ml-3xs pl-[15px] relative before:absolute before:w-[8px] before:h-[8px] before:bg-dark before:top-[8px] before:left-0 before:rounded-full\">Bis zu 100 W f\u00fcr Aufladungen<\/li>\n<li class=\"ml-3xs pl-[15px] relative before:absolute before:w-[8px] before:h-[8px] before:bg-dark before:top-[8px] before:left-0 before:rounded-full\">Monitoranschl\u00fcsse (1 x HDMI v. 2.0 (unterst\u00fctzt bis zu 4K, d. h. 3840 x 2160 bei 60 Hz HDR), 1 x DisplayPort 1.4 (unterst\u00fctzt bis zu 4K, d. h. 3840 x 2160 bei 60 Hz HDR)<\/li>\n<li class=\"ml-3xs pl-[15px] relative before:absolute before:w-[8px] before:h-[8px] before:bg-dark before:top-[8px] before:left-0 before:rounded-full\"><span class=\"\"> <\/span> <sup> Logi Dock unterst\u00fctzt Notebooks mit USB-C-Spezifikationen. F\u00fcr USB-C-Funktionen m\u00fcssen Notebooks USB Power Delivery 2.0 oder h\u00f6her (f\u00fcr eine Leistungsabgabe von bis zu 100 W), USB 3.1 Gen 2 oder h\u00f6her (f\u00fcr die Daten\u00fcbertragung) und den DisplayPort-Alt-Modus (f\u00fcr die Videoausgabe) unterst\u00fctzen.<\/sup><\/li>\n<li class=\"ml-3xs pl-[15px] relative before:absolute before:w-[8px] before:h-[8px] before:bg-dark before:top-[8px] before:left-0 before:rounded-full\">Peripherieanschl\u00fcsse: 2 x USB-A, 1 x USB 3.1 Gen 3.1 (5 Gbit \/ s) mit 4,5 W Ladeleistung, 1 x USB 3.1 Gen 1 (5 Gbit\/s) mit 7,5 W Schnellladespannung<\/li>\n<li class=\"ml-3xs pl-[15px] relative before:absolute before:w-[8px] before:h-[8px] before:bg-dark before:top-[8px] before:left-0 before:rounded-full\">3 x USB-C (2 x USB 3.1 Gen 1 (5 Gbit\/s) mit 4,5 W Ladeleistung, 1 x USB 3.1 Gen 1 (5 Gbit\/s) mit 7,5 W Schnellladespannung)<\/li>\n<li class=\"ml-3xs pl-[15px] relative before:absolute before:w-[8px] before:h-[8px] before:bg-dark before:top-[8px] before:left-0 before:rounded-full\">1 x USB-C Upstream<\/li>\n<li class=\"ml-3xs pl-[15px] relative before:absolute before:w-[8px] before:h-[8px] before:bg-dark before:top-[8px] before:left-0 before:rounded-full\">Sonstige: 1 x Bluetooth-Sync-Taste, Bluetooth-Version: 5.1, 1 x Netzteil (230 W, 19,5 V), Sicherheitsschlitz-Typ: Kensington-Sicherheits-Slot<\/li>\n<\/ul>\n<\/div>\n<p><\/span><\/div>\n<\/div>\n<\/li>\n<li class=\"mb-m\">\n<div class=\"flex flex-col m:flex-row gap-s m:gap-xl\">\n<div class=\"text-h3 min-w-[244px] max-w-[244px]\">Systemvoraussetzungen<\/div>\n<div class=\"flex flex-col gap-s\"><span class=\"\"><\/p>\n<div class=\"itemizedlist\">\n<ul class=\"flex flex-col gap-s\">\n<li class=\"ml-3xs pl-[15px] relative before:absolute before:w-[8px] before:h-[8px] before:bg-dark before:top-[8px] before:left-0 before:rounded-full\">Windows 10 oder h\u00f6her, macOS 11 oder h\u00f6her oder Chrome-basierter Computer mit Alt-Modus<\/li>\n<li class=\"ml-3xs pl-[15px] relative before:absolute before:w-[8px] before:h-[8px] before:bg-dark before:top-[8px] before:left-0 before:rounded-full\">Bluetooth-f\u00e4hige Ger\u00e4te (iOS oder Android)<\/li>\n<li class=\"ml-3xs pl-[15px] relative before:absolute before:w-[8px] before:h-[8px] before:bg-dark before:top-[8px] before:left-0 before:rounded-full\">Freier USB-C-Anschluss<\/li>\n<li class=\"ml-3xs pl-[15px] relative before:absolute before:w-[8px] before:h-[8px] before:bg-dark before:top-[8px] before:left-0 before:rounded-full\">Stromnetzanschluss<\/li>\n<\/ul>\n<\/div>\n<p><\/span><\/div>\n<\/div>\n<\/li>\n<li class=\"mb-m\">\n<div class=\"flex flex-col m:flex-row gap-s m:gap-xl\">\n<div class=\"text-h3 min-w-[244px] max-w-[244px]\">Software Downloads<\/div>\n<div class=\"flex flex-col gap-s\"><span class=\"\"><\/p>\n<div class=\"itemizedlist\">\n<ul class=\"flex flex-col gap-s\">\n<li class=\"ml-3xs pl-[15px] relative before:absolute before:w-[8px] before:h-[8px] before:bg-dark before:top-[8px] before:left-0 before:rounded-full\">Laden Sie Logi Tune herunter und profitieren Sie von der praktischen Kalenderintegration, One-Touch-Funktion zum Konferenzbeitritt und individuellen Anpassungsoptionen.<\/li>\n<\/ul>\n<\/div>\n<p><\/span><\/div>\n<\/div>\n<\/li>\n<li class=\"mb-m\">\n<div class=\"flex flex-col m:flex-row gap-s m:gap-xl\">\n<div class=\"text-h3 min-w-[244px] max-w-[244px]\">Zertifizierungen<\/div>\n<div class=\"flex flex-col gap-s\"><span class=\"\"><\/p>\n<div class=\"itemizedlist\">\n<ul class=\"flex flex-col gap-s\">\n<li class=\"ml-3xs pl-[15px] relative before:absolute before:w-[8px] before:h-[8px] before:bg-dark before:top-[8px] before:left-0 before:rounded-full\">Microsoft Teams, Google Meet, Google Voice und Zoom<\/li>\n<\/ul>\n<\/div>\n<p><\/span><\/div>\n<\/div>\n<\/li>\n<li class=\"mb-m\">\n<div class=\"flex flex-col m:flex-row gap-s m:gap-xl\">\n<div class=\"text-h3 min-w-[244px] max-w-[244px]\">Abmessungen<\/div>\n<div class=\"flex flex-col gap-s\"><span class=\"\"><\/p>\n<div class=\"itemizedlist\">\n<ul class=\"flex flex-col gap-s\">\n<li class=\"ml-3xs pl-[15px] relative before:absolute before:w-[8px] before:h-[8px] before:bg-dark before:top-[8px] before:left-0 before:rounded-full\">H\u00f6he: 84,8 mm<\/li>\n<li class=\"ml-3xs pl-[15px] relative before:absolute before:w-[8px] before:h-[8px] before:bg-dark before:top-[8px] before:left-0 before:rounded-full\">Breite: 160 mm<\/li>\n<li class=\"ml-3xs pl-[15px] relative before:absolute before:w-[8px] before:h-[8px] before:bg-dark before:top-[8px] before:left-0 before:rounded-full\">Tiefe: 131,5 mm<\/li>\n<li class=\"ml-3xs pl-[15px] relative before:absolute before:w-[8px] before:h-[8px] before:bg-dark before:top-[8px] before:left-0 before:rounded-full\">Kabell\u00e4nge: 1 m<\/li>\n<li class=\"ml-3xs pl-[15px] relative before:absolute before:w-[8px] before:h-[8px] before:bg-dark before:top-[8px] before:left-0 before:rounded-full\">Gewicht: 0,942 kg<\/li>\n<\/ul>\n<\/div>\n<p><\/span><\/div>\n<\/div>\n<\/li>\n<li class=\"mb-m\">\n<div class=\"flex flex-col m:flex-row gap-s m:gap-xl\">\n<div class=\"text-h3 min-w-[244px] max-w-[244px]\">Paketinhalt<\/div>\n<div class=\"flex flex-col gap-s\"><span class=\"\"><\/p>\n<div class=\"itemizedlist\">\n<ul class=\"flex flex-col gap-s\">\n<li class=\"ml-3xs pl-[15px] relative before:absolute before:w-[8px] before:h-[8px] before:bg-dark before:top-[8px] before:left-0 before:rounded-full\">Logi Dock<\/li>\n<li class=\"ml-3xs pl-[15px] relative before:absolute before:w-[8px] before:h-[8px] before:bg-dark before:top-[8px] before:left-0 before:rounded-full\">Netzkabel (1,6 m)<\/li>\n<li class=\"ml-3xs pl-[15px] relative before:absolute before:w-[8px] before:h-[8px] before:bg-dark before:top-[8px] before:left-0 before:rounded-full\">Netzkabel (1,7 m)<\/li>\n<li class=\"ml-3xs pl-[15px] relative before:absolute before:w-[8px] before:h-[8px] before:bg-dark before:top-[8px] before:left-0 before:rounded-full\">USB-C-zu-USB-C-Kabel (1 m)<\/li>\n<li class=\"ml-3xs pl-[15px] relative before:absolute before:w-[8px] before:h-[8px] before:bg-dark before:top-[8px] before:left-0 before:rounded-full\">Bedienungsanleitung<\/li>\n<\/ul>\n<\/div>\n<p><\/span><\/div>\n<\/div>\n<\/li>\n","protected":false},"excerpt":{"rendered":"<li class=\"bullet-list-item\">Freisprecheinrichtung mit Ger\u00e4uschunterdr\u00fcckung<\/li>\n<li class=\"bullet-list-item\">Verbindet bis zu f\u00fcnf USB-Peripherieger\u00e4te und bis zu zwei Monitore<\/li>\n<li class=\"bullet-list-item\">100 Watt PD<\/li>\n<li class=\"bullet-list-item\">Einfache Bedienelemente f\u00fcr Meetings mit visuellen Benachrichtigungen<\/li>\n<li class=\"bullet-list-item\">Zertifizierung: Microsoft Teams, Google Meet und Zoom<\/li>\n<p> Herstellernummer 986-000030<\/p>","protected":false},"featured_media":44682,"comment_status":"open","ping_status":"closed","template":"","meta":{"_monsterinsights_skip_tracking":false,"_monsterinsights_sitenote_active":false,"_monsterinsights_sitenote_note":"","_monsterinsights_sitenote_category":0,"_uf_show_specific_survey":0,"_uf_disable_surveys":false},"product_brand":[],"product_cat":[466],"product_tag":[],"models":[],"years":[],"class_list":{"0":"post-28338","1":"product","2":"type-product","3":"status-publish","4":"has-post-thumbnail","6":"product_cat-videokonferenztechnik","8":"first","9":"instock","10":"sale","11":"shipping-taxable","12":"purchasable","13":"product-type-simple"},"aioseo_notices":[],"acf":[],"_links":{"self":[{"href":"https:\/\/amannforg.com\/fr\/wp-json\/wp\/v2\/product\/28338","targetHints":{"allow":["GET"]}}],"collection":[{"href":"https:\/\/amannforg.com\/fr\/wp-json\/wp\/v2\/product"}],"about":[{"href":"https:\/\/amannforg.com\/fr\/wp-json\/wp\/v2\/types\/product"}],"replies":[{"embeddable":true,"href":"https:\/\/amannforg.com\/fr\/wp-json\/wp\/v2\/comments?post=28338"}],"version-history":[{"count":1,"href":"https:\/\/amannforg.com\/fr\/wp-json\/wp\/v2\/product\/28338\/revisions"}],"predecessor-version":[{"id":57636,"href":"https:\/\/amannforg.com\/fr\/wp-json\/wp\/v2\/product\/28338\/revisions\/57636"}],"wp:featuredmedia":[{"embeddable":true,"href":"https:\/\/amannforg.com\/fr\/wp-json\/wp\/v2\/media\/44682"}],"wp:attachment":[{"href":"https:\/\/amannforg.com\/fr\/wp-json\/wp\/v2\/media?parent=28338"}],"wp:term":[{"taxonomy":"product_brand","embeddable":true,"href":"https:\/\/amannforg.com\/fr\/wp-json\/wp\/v2\/product_brand?post=28338"},{"taxonomy":"product_cat","embeddable":true,"href":"https:\/\/amannforg.com\/fr\/wp-json\/wp\/v2\/product_cat?post=28338"},{"taxonomy":"product_tag","embeddable":true,"href":"https:\/\/amannforg.com\/fr\/wp-json\/wp\/v2\/product_tag?post=28338"},{"taxonomy":"models","embeddable":true,"href":"https:\/\/amannforg.com\/fr\/wp-json\/wp\/v2\/models?post=28338"},{"taxonomy":"years","embeddable":true,"href":"https:\/\/amannforg.com\/fr\/wp-json\/wp\/v2\/years?post=28338"}],"curies":[{"name":"wp","href":"https:\/\/api.w.org\/{rel}","templated":true}]}}