{"id":28476,"date":"2026-03-03T08:29:00","date_gmt":"2026-03-03T08:29:00","guid":{"rendered":"https:\/\/amannforg.com\/?post_type=product&#038;p=28476"},"modified":"2026-03-13T11:35:42","modified_gmt":"2026-03-13T11:35:42","slug":"poly-studio-v12-4k-usb-videobar-ohne-netzteil-zertifiziert-fur-microsoft-teams-und-zoom-byod","status":"publish","type":"product","link":"https:\/\/amannforg.com\/fr\/produit\/poly-studio-v12-4k-usb-videobar-ohne-netzteil-zertifiziert-fur-microsoft-teams-und-zoom-byod\/","title":{"rendered":"Poly Studio V12 4K USB-Videobar (ohne Netzteil), Zertifiziert f\u00fcr Microsoft Teams und Zoom, BYOD"},"content":{"rendered":"<p class=\"mb-l\">Die Poly Studio V12 USB-Videobar sorgt in jedem kleinen Raum f\u00fcr erfolgreiche Konferenzen. Anwender werden sich direkt beim Betreten von BYOD-R\u00e4umen mit \u00fcberlegenen KI-gesteuerten AV-Funktionen, einer einfachen Bereitstellung und einem zentralen Management ganz in ihrem Element f\u00fchlen.<\/p>\n<p class=\"mb-l\">\n<div class=\"titlepage\">\n<h2 class=\"text-h3 mb-l\">Hauptfunktionen<\/h2>\n<\/div>\n<div class=\"itemizedlist\">\n<ul class=\"bullet-list\">\n<li class=\"bullet-list-item\"><i>Eine intelligentere Art der Zusammenarbeit:<\/i> Statten Sie Ihre kleinen Meetingr\u00e4ume mit einer USB-Videobar mit einer 20-MP-Kamera mit einem Sichtwinkel von 120\u00b0 aus, die durch beeindruckende Bildqualit\u00e4t \u00fcberzeugt. Intelligente Kamera- und Audiotechnologie unterst\u00fctzen die Chancengleichheit im Meeting und sorgen f\u00fcr ein reibungsloseres hybrides Meeting.<\/li>\n<li class=\"bullet-list-item\"><i>Kleiner Raum, einfache Einrichtung:<\/i> Vereinfachen Sie die Bereitstellung, indem Sie eine Stromversorgungsmethode w\u00e4hlen, die zu Ihrem Raum passt. Diese Videobar ist mit f\u00fchrenden Plattformen kompatibel und verf\u00fcgt \u00fcber einen integrierten Lautsprecher, ein Mikrofon und eine Kamera. Sie l\u00e4sst sich schnell einrichten und ist einfach zu bedienen.<\/li>\n<li class=\"bullet-list-item\"><i>Professionelle Verwaltung:<\/i> Die Remote-Ger\u00e4teverwaltung von Poly Lens bietet Ihnen einen besseren Einblick in moderne Arbeitsbereiche im gesamten Unternehmen. Mit multiplen Verwaltungsm\u00f6glichkeiten k\u00f6nnen IT-Fachkr\u00e4fte nach eigenen Ma\u00dfgaben Poly Ger\u00e4te aus der Ferne \u00fcberwachen, aktualisieren und Fehler beheben.<\/li>\n<li class=\"bullet-list-item\"><i>F\u00fcr eine bessere Zukunft konzipiert:<\/i> Diese USB-Videobar enth\u00e4lt mindestens 65 % recycelten Kunststoff1 und wird in einer papierbasierten Verpackung2 geliefert. Sie erm\u00f6glicht effektivere Meetings in kleinen R\u00e4umen bei geringeren Umweltbelastungen.<\/li>\n<\/ul>\n<\/div>\n<p class=\"mb-l\">\n<div class=\"titlepage\">\n<h2 class=\"text-h3 mb-l\">Hinweise<\/h2>\n<\/div>\n<div class=\"itemizedlist\">\n<ul class=\"bullet-list\">\n<li class=\"bullet-list-item\">1 Die Prozentangaben bei Recycling-Kunststoff beziehen sich auf das Gesamtkunststoffgewicht. Der prozentuale Anteil an Haushaltskunststoff (PCR) basiert auf der Definition in der Norm IEEE 1680.1-2018 EPEAT.<\/li>\n<li class=\"bullet-list-item\">2 Prozentualer Anteil der papierbasierten Verpackungen aus nachhaltig beschafften, zertifizierten und recycelten Fasern.<\/li>\n<\/ul>\n<\/div>\n<li class=\"mb-m\">\n<div class=\"flex flex-col m:flex-row gap-s m:gap-xl\">\n<div class=\"text-h3 min-w-[244px] max-w-[244px]\">Anschl\u00fcsse<\/div>\n<div class=\"flex flex-col gap-s\"><span class=\"ml-3xs pl-[15px] relative before:absolute before:w-[8px] before:h-[8px] before:bg-dark before:top-[8px] before:left-0 before:rounded-full\">2x USB-C 5 Gbit\/s<\/span><span class=\"ml-3xs pl-[15px] relative before:absolute before:w-[8px] before:h-[8px] before:bg-dark before:top-[8px] before:left-0 before:rounded-full\">2x USB-A 5 Gbit\/s<\/span><span class=\"ml-3xs pl-[15px] relative before:absolute before:w-[8px] before:h-[8px] before:bg-dark before:top-[8px] before:left-0 before:rounded-full\">1x RJ-45 (1000 Mbit\/s)<\/span><\/div>\n<\/div>\n<\/li>\n<li class=\"mb-m\">\n<div class=\"flex flex-col m:flex-row gap-s m:gap-xl\">\n<div class=\"text-h3 min-w-[244px] max-w-[244px]\">Audio<\/div>\n<div class=\"flex flex-col gap-s\"><span class=\"ml-3xs pl-[15px] relative before:absolute before:w-[8px] before:h-[8px] before:bg-dark before:top-[8px] before:left-0 before:rounded-full\">Poly NoiseBlockAI-Technologie<\/span><span class=\"ml-3xs pl-[15px] relative before:absolute before:w-[8px] before:h-[8px] before:bg-dark before:top-[8px] before:left-0 before:rounded-full\">Poly Acoustic Fence-Technologie<\/span><span class=\"ml-3xs pl-[15px] relative before:absolute before:w-[8px] before:h-[8px] before:bg-dark before:top-[8px] before:left-0 before:rounded-full\">Automatische Verst\u00e4rkungsregelung (AGC)<\/span><span class=\"ml-3xs pl-[15px] relative before:absolute before:w-[8px] before:h-[8px] before:bg-dark before:top-[8px] before:left-0 before:rounded-full\">Vier digitale MEMS<\/span><\/div>\n<\/div>\n<\/li>\n<li class=\"mb-m\">\n<div class=\"flex flex-col m:flex-row gap-s m:gap-xl\">\n<div class=\"text-h3 min-w-[244px] max-w-[244px]\">Kamera<\/div>\n<div class=\"flex flex-col gap-s\"><span class=\"ml-3xs pl-[15px] relative before:absolute before:w-[8px] before:h-[8px] before:bg-dark before:top-[8px] before:left-0 before:rounded-full\">2160p, 4K UHD (3840 x 2160)<\/span><span class=\"ml-3xs pl-[15px] relative before:absolute before:w-[8px] before:h-[8px] before:bg-dark before:top-[8px] before:left-0 before:rounded-full\">Kameraaufl\u00f6sung 20 MP<\/span><span class=\"ml-3xs pl-[15px] relative before:absolute before:w-[8px] before:h-[8px] before:bg-dark before:top-[8px] before:left-0 before:rounded-full\">Horizontales Sichtfeld (hFoV) 120\u00b0<\/span><span class=\"ml-3xs pl-[15px] relative before:absolute before:w-[8px] before:h-[8px] before:bg-dark before:top-[8px] before:left-0 before:rounded-full\">Einzelobjektiv<\/span><\/div>\n<\/div>\n<\/li>\n<li class=\"mb-m\">\n<div class=\"flex flex-col m:flex-row gap-s m:gap-xl\">\n<div class=\"text-h3 min-w-[244px] max-w-[244px]\">Lautsprecher<\/div>\n<div class=\"flex flex-col gap-s\"><span class=\"ml-3xs pl-[15px] relative before:absolute before:w-[8px] before:h-[8px] before:bg-dark before:top-[8px] before:left-0 before:rounded-full\">Bandbreite 100 Hz bis 20 kHz<\/span><span class=\"ml-3xs pl-[15px] relative before:absolute before:w-[8px] before:h-[8px] before:bg-dark before:top-[8px] before:left-0 before:rounded-full\">Ausgangsleistung 2 x 5 W<\/span><span class=\"ml-3xs pl-[15px] relative before:absolute before:w-[8px] before:h-[8px] before:bg-dark before:top-[8px] before:left-0 before:rounded-full\">Stereolautsprecher<\/span><\/div>\n<\/div>\n<\/li>\n<li class=\"mb-m\">\n<div class=\"flex flex-col m:flex-row gap-s m:gap-xl\">\n<div class=\"text-h3 min-w-[244px] max-w-[244px]\">Lieferumfang<\/div>\n<div class=\"flex flex-col gap-s\"><span class=\"ml-3xs pl-[15px] relative before:absolute before:w-[8px] before:h-[8px] before:bg-dark before:top-[8px] before:left-0 before:rounded-full\">Poly Studio V12 Videobar<\/span><span class=\"ml-3xs pl-[15px] relative before:absolute before:w-[8px] before:h-[8px] before:bg-dark before:top-[8px] before:left-0 before:rounded-full\">USB-C Kabel (1,83m)<\/span><span class=\"ml-3xs pl-[15px] relative before:absolute before:w-[8px] before:h-[8px] before:bg-dark before:top-[8px] before:left-0 before:rounded-full\">Ethernetkabel (2m)<\/span><span class=\"ml-3xs pl-[15px] relative before:absolute before:w-[8px] before:h-[8px] before:bg-dark before:top-[8px] before:left-0 before:rounded-full\">Abnehmbare Privacy-Kappe<\/span><span class=\"ml-3xs pl-[15px] relative before:absolute before:w-[8px] before:h-[8px] before:bg-dark before:top-[8px] before:left-0 before:rounded-full\">Abnehmbare Monitorhalterung<\/span><\/div>\n<\/div>\n<\/li>\n","protected":false},"excerpt":{"rendered":"<li class=\"bullet-list-item\">4K Ultra HD (3840 x 2160)<\/li>\n<li class=\"bullet-list-item\">5-facher digitaler Zoom<\/li>\n<li class=\"bullet-list-item\">5W Lautsprecher<\/li>\n<li class=\"bullet-list-item\">Bluetooth 5.0<\/li>\n<p> Herstellernummer A9DD8AA#ABB<\/p>","protected":false},"featured_media":44733,"comment_status":"open","ping_status":"closed","template":"","meta":{"_monsterinsights_skip_tracking":false,"_monsterinsights_sitenote_active":false,"_monsterinsights_sitenote_note":"","_monsterinsights_sitenote_category":0,"_uf_show_specific_survey":0,"_uf_disable_surveys":false},"product_brand":[],"product_cat":[466],"product_tag":[],"models":[],"years":[],"class_list":{"0":"post-28476","1":"product","2":"type-product","3":"status-publish","4":"has-post-thumbnail","6":"product_cat-videokonferenztechnik","8":"first","9":"instock","10":"sale","11":"featured","12":"shipping-taxable","13":"purchasable","14":"product-type-simple"},"aioseo_notices":[],"acf":[],"_links":{"self":[{"href":"https:\/\/amannforg.com\/fr\/wp-json\/wp\/v2\/product\/28476","targetHints":{"allow":["GET"]}}],"collection":[{"href":"https:\/\/amannforg.com\/fr\/wp-json\/wp\/v2\/product"}],"about":[{"href":"https:\/\/amannforg.com\/fr\/wp-json\/wp\/v2\/types\/product"}],"replies":[{"embeddable":true,"href":"https:\/\/amannforg.com\/fr\/wp-json\/wp\/v2\/comments?post=28476"}],"version-history":[{"count":1,"href":"https:\/\/amannforg.com\/fr\/wp-json\/wp\/v2\/product\/28476\/revisions"}],"predecessor-version":[{"id":57645,"href":"https:\/\/amannforg.com\/fr\/wp-json\/wp\/v2\/product\/28476\/revisions\/57645"}],"wp:featuredmedia":[{"embeddable":true,"href":"https:\/\/amannforg.com\/fr\/wp-json\/wp\/v2\/media\/44733"}],"wp:attachment":[{"href":"https:\/\/amannforg.com\/fr\/wp-json\/wp\/v2\/media?parent=28476"}],"wp:term":[{"taxonomy":"product_brand","embeddable":true,"href":"https:\/\/amannforg.com\/fr\/wp-json\/wp\/v2\/product_brand?post=28476"},{"taxonomy":"product_cat","embeddable":true,"href":"https:\/\/amannforg.com\/fr\/wp-json\/wp\/v2\/product_cat?post=28476"},{"taxonomy":"product_tag","embeddable":true,"href":"https:\/\/amannforg.com\/fr\/wp-json\/wp\/v2\/product_tag?post=28476"},{"taxonomy":"models","embeddable":true,"href":"https:\/\/amannforg.com\/fr\/wp-json\/wp\/v2\/models?post=28476"},{"taxonomy":"years","embeddable":true,"href":"https:\/\/amannforg.com\/fr\/wp-json\/wp\/v2\/years?post=28476"}],"curies":[{"name":"wp","href":"https:\/\/api.w.org\/{rel}","templated":true}]}}