{"id":29889,"date":"2026-03-03T12:34:53","date_gmt":"2026-03-03T12:34:53","guid":{"rendered":"https:\/\/amannforg.com\/?post_type=product&#038;p=29889"},"modified":"2026-03-07T16:29:04","modified_gmt":"2026-03-07T16:29:04","slug":"sony-playstation-5-pro","status":"publish","type":"product","link":"https:\/\/amannforg.com\/fr\/produit\/sony-playstation-5-pro\/","title":{"rendered":"Sony PlayStation 5 Pro"},"content":{"rendered":"<div class=\"titlepage\">\n<h2 class=\"text-h3 mb-l\">Playstation 5 Pro<\/h2>\n<\/div>\n<p>Erlebe die kraftvollste PlayStation aller Zeiten \u2013 die PlayStation 5 Pro. Diese Konsole bringt dein Gaming-Erlebnis auf das n\u00e4chste Level mit einer atemberaubenden Grafik, blitzschnellen Ladezeiten und fortschrittlicher Technologie, die das Spielerlebnis der PS5 noch weiter verbessert. Mach dich bereit, PS5\u00ae-Spiele in einer Qualit\u00e4t zu erleben, die es so noch nie gab!Vorteile der PlayStation 5 Pro:<\/p>\n<div class=\"titlepage\">\n<h2 class=\"text-h3 mb-l\">PlayStation\u00ae Spectral Super Resolution (PSSR)<\/h2>\n<\/div>\n<p>Genie\u00df gestochen scharfe Bilder auf deinem 4K-Fernseher dank KI-optimierter 4K-Aufl\u00f6sung. Die PSSR-Technologie verbessert ultrahochaufl\u00f6sende Spiele und liefert erstaunliche Details, die dich komplett in deine Spielewelten eintauchen lassen.<\/p>\n<div class=\"titlepage\">\n<h2 class=\"text-h3 mb-l\">Optimierte Konsolenleistung<\/h2>\n<\/div>\n<p>Mit der PS5 Pro erh\u00e4ltst du eine h\u00f6here und konstantere Bildrate f\u00fcr fl\u00fcssiges Gameplay. Die Konsole unterst\u00fctzt VRR (Variable Refresh Rate) und ist mit 60-Hz- und 120-Hz-Displays kompatibel, was f\u00fcr ein unglaublich reaktionsschnelles Spielerlebnis sorgt.<\/p>\n<div class=\"titlepage\">\n<h2 class=\"text-h3 mb-l\">Erweitertes Raytracing<\/h2>\n<\/div>\n<p>Erlebe realistischere Spielewelten durch fortschrittliche Raytracing-Technologie. Reflexionen, Schatten und globales Beleuchtungsdesign (Global Illumination) werden noch intensiver dargestellt und sorgen f\u00fcr ein immersiveres Gameplay.<\/p>\n<div class=\"titlepage\">\n<h2 class=\"text-h3 mb-l\">60 bis 120 Bilder pro Sekunde und 4K-Ausgabe<\/h2>\n<\/div>\n<p>Spiele kompatible Titel mit bis zu 120 Bildern pro Sekunde, um von maximaler Bildrate zu profitieren. Dank der 4K-Ausgabe und Raytracing-Unterst\u00fctzung erlebst du mit der PS5 Pro detailreiche, realistische und fl\u00fcssige Bilddarstellungen.Die PlayStation 5 Pro bietet dir die M\u00f6glichkeit, deine PS5\u00ae-Spiele in nie dagewesener Qualit\u00e4t zu erleben. Dank der PlayStation\u00ae Spectral Super Resolution, einer optimierten Konsolenleistung und erweitertem Raytracing erlebst du noch realistischere und fl\u00fcssigere Gaming-Welten. Mit Unterst\u00fctzung f\u00fcr 60 bis 120 FPS und 4K-Aufl\u00f6sung, kombiniert mit dem innovativen DualSense\u00ae Wireless Controller, setzt die PS5 Pro neue Ma\u00dfst\u00e4be im Gaming.  <\/p>\n<li class=\"mb-m\">\n<div class=\"flex flex-col m:flex-row gap-s m:gap-xl\">\n<div class=\"text-h3 min-w-[244px] max-w-[244px]\">Prozessor<\/div>\n<div class=\"flex flex-col gap-s\"><span class=\"ml-3xs pl-[15px] relative before:absolute before:w-[8px] before:h-[8px] before:bg-dark before:top-[8px] before:left-0 before:rounded-full\">AMD Ryzen &#8220;Zen 2&#8221; mit 8 Kernen \/ 16 Threads<\/span><\/div>\n<\/div>\n<\/li>\n<li class=\"mb-m\">\n<div class=\"flex flex-col m:flex-row gap-s m:gap-xl\">\n<div class=\"text-h3 min-w-[244px] max-w-[244px]\">RAM<\/div>\n<div class=\"flex flex-col gap-s\"><span class=\"ml-3xs pl-[15px] relative before:absolute before:w-[8px] before:h-[8px] before:bg-dark before:top-[8px] before:left-0 before:rounded-full\">16 GB GDDR6<\/span><\/div>\n<\/div>\n<\/li>\n<li class=\"mb-m\">\n<div class=\"flex flex-col m:flex-row gap-s m:gap-xl\">\n<div class=\"text-h3 min-w-[244px] max-w-[244px]\">Festplatte<\/div>\n<div class=\"flex flex-col gap-s\"><span class=\"ml-3xs pl-[15px] relative before:absolute before:w-[8px] before:h-[8px] before:bg-dark before:top-[8px] before:left-0 before:rounded-full\">2 TB<\/span><\/div>\n<\/div>\n<\/li>\n","protected":false},"excerpt":{"rendered":"<li class=\"bullet-list-item\">PSSR-Technologie: Scharfe 4K-Bilder dank KI-optimierter Aufl\u00f6sung.<\/li>\n<li class=\"bullet-list-item\">Optimierte Bildraten: Fl\u00fcssiges Gameplay mit VRR und bis zu 120 Hz.<\/li>\n<li class=\"bullet-list-item\">Erweitertes Raytracing: Realistische Reflexionen und Beleuchtung.<\/li>\n<li class=\"bullet-list-item\">60 bis 120 FPS: Fl\u00fcssige Grafik mit 4K und Raytracing.<\/li>\n<li class=\"bullet-list-item\">mit 2 TB Speicher (2000 GB)<\/li>\n<p> Herstellernummer 453817<\/p>","protected":false},"featured_media":0,"comment_status":"open","ping_status":"closed","template":"","meta":{"_monsterinsights_skip_tracking":false,"_monsterinsights_sitenote_active":false,"_monsterinsights_sitenote_note":"","_monsterinsights_sitenote_category":0,"_uf_show_specific_survey":0,"_uf_disable_surveys":false},"product_brand":[],"product_cat":[470],"product_tag":[],"models":[],"years":[],"class_list":{"0":"post-29889","1":"product","2":"type-product","3":"status-publish","5":"product_cat-playstation","7":"first","8":"instock","9":"sale","10":"shipping-taxable","11":"purchasable","12":"product-type-simple"},"aioseo_notices":[],"acf":[],"_links":{"self":[{"href":"https:\/\/amannforg.com\/fr\/wp-json\/wp\/v2\/product\/29889","targetHints":{"allow":["GET"]}}],"collection":[{"href":"https:\/\/amannforg.com\/fr\/wp-json\/wp\/v2\/product"}],"about":[{"href":"https:\/\/amannforg.com\/fr\/wp-json\/wp\/v2\/types\/product"}],"replies":[{"embeddable":true,"href":"https:\/\/amannforg.com\/fr\/wp-json\/wp\/v2\/comments?post=29889"}],"version-history":[{"count":1,"href":"https:\/\/amannforg.com\/fr\/wp-json\/wp\/v2\/product\/29889\/revisions"}],"predecessor-version":[{"id":57677,"href":"https:\/\/amannforg.com\/fr\/wp-json\/wp\/v2\/product\/29889\/revisions\/57677"}],"wp:attachment":[{"href":"https:\/\/amannforg.com\/fr\/wp-json\/wp\/v2\/media?parent=29889"}],"wp:term":[{"taxonomy":"product_brand","embeddable":true,"href":"https:\/\/amannforg.com\/fr\/wp-json\/wp\/v2\/product_brand?post=29889"},{"taxonomy":"product_cat","embeddable":true,"href":"https:\/\/amannforg.com\/fr\/wp-json\/wp\/v2\/product_cat?post=29889"},{"taxonomy":"product_tag","embeddable":true,"href":"https:\/\/amannforg.com\/fr\/wp-json\/wp\/v2\/product_tag?post=29889"},{"taxonomy":"models","embeddable":true,"href":"https:\/\/amannforg.com\/fr\/wp-json\/wp\/v2\/models?post=29889"},{"taxonomy":"years","embeddable":true,"href":"https:\/\/amannforg.com\/fr\/wp-json\/wp\/v2\/years?post=29889"}],"curies":[{"name":"wp","href":"https:\/\/api.w.org\/{rel}","templated":true}]}}