{"id":32750,"date":"2026-03-03T13:03:20","date_gmt":"2026-03-03T13:03:20","guid":{"rendered":"https:\/\/amannforg.com\/?post_type=product&#038;p=32750"},"modified":"2026-03-07T16:29:08","modified_gmt":"2026-03-07T16:29:08","slug":"asus-rog-strix-b850-f-gaming-wifi-atx-mainboard-sockel-am5-dp-hdmi-usb-c","status":"publish","type":"product","link":"https:\/\/amannforg.com\/fr\/produit\/asus-rog-strix-b850-f-gaming-wifi-atx-mainboard-sockel-am5-dp-hdmi-usb-c\/","title":{"rendered":"ASUS ROG STRIX B850-F GAMING WIFI ATX Mainboard Sockel AM5 DP\/HDMI\/USB-C"},"content":{"rendered":"<p class=\"mb-l\">\n<div class=\"titlepage\">\n<h2 class=\"text-h3 mb-l\">ASUS ROG STRIX B850-F GAMING WIFI ATX Mainboard Sockel AM5 DP\/HDMI\/USB-C<\/h2>\n<\/div>\n<p class=\"mb-l\">Das ROG Strix B850-F Gaming WiFi wurde gebaut, um mit AMD Ryzen\u2122 9000 Series Desktop Prozessoren zu dominieren. Sein fortschrittliches Energiedesign und seine KI-L\u00f6sungen sorgen f\u00fcr Spitzenleistung. Die insgesamt 19 USB-Anschl\u00fcsse, darunter USB 20Gbps, sowie WIFI 7 und 2,5Gbps-Ethernet, sorgen f\u00fcr modernste Konnektivit\u00e4t. Dieses Mainboard liefert die Leistung und Geschwindigkeit, die f\u00fcr Elite-Gaming und die Anforderungen fortschrittlicher KI-PC-Anwendungen erforderlich sind.<\/p>\n<p class=\"mb-l\">ASUS AI ADVISOR<\/p>\n<p class=\"mb-l\">Mithilfe von KI-Technologie, die Fragen oder Szenariobeschreibungen in nat\u00fcrlicher Sprache versteht, erm\u00f6glicht der ASUS AI Advisor den Nutzern, die Funktionalit\u00e4t und die erweiterten Funktionen von ASUS-Mainboards auf einfache und unkomplizierte Weise kennenzulernen.<\/p>\n<p class=\"mb-l\">AI NETWORKING II<\/p>\n<p class=\"mb-l\">AI Networking II kombiniert intelligente Technologien, um die Netzwerkleistung kontinuierlich zu optimieren, eine vertrauensw\u00fcrdige und nahtlose Verbindung zu erm\u00f6glichen und die volle Geschwindigkeit von WiFi 7 zu entfesseln.<\/p>\n<p class=\"mb-l\">PBO ENHANCEMENT<\/p>\n<p class=\"mb-l\">AMD Precision Boost Overdrive (PBO) steigert das Strom- und Spannungsbudget der CPU, um die Leistung opportunistisch zu erh\u00f6hen. Durch aggressives Tuning der PBO-Parameter kann AMDs Algorithmus die robuste Energiel\u00f6sung des Mainboards nutzen, um die Leistung noch weiter zu steigern.<\/p>\n<p class=\"mb-l\">DDR5 ST\u00c4RKE<\/p>\n<p class=\"mb-l\">F\u00fcr diejenigen, die \u00fcber die Standard-DDR5-Geschwindigkeiten hinausgehen wollen, ist das Strix B850-F dank der umfangreichen AMD Extended Profiles for Overclocking (EXPO)-Unterst\u00fctzung bereit f\u00fcr Kits der Extraklasse. Erfahrene Veteranen k\u00f6nnen die Leistung \u00fcber die umfangreichen Einstellungen im UEFI weiter optimieren.<\/p>\n<p class=\"mb-l\">AEMP<\/p>\n<p class=\"mb-l\">Das ASUS Enhanced Memory Profile (AEMP) ist ein exklusives Firmware-Feature f\u00fcr Speichermodule mit PMIC-Beschr\u00e4nkung. AEMP erkennt automatisch die Speicherchips in deinem Kit und pr\u00e4sentiert dann optimierte Frequenz-, Timing- und Spannungsprofile, die du m\u00fchelos anwenden kannst, um die Leistung zu steigern.<\/p>\n<p class=\"mb-l\">M.2-K\u00dcHLK\u00d6RPER<\/p>\n<p class=\"mb-l\">K\u00fchlk\u00f6rper decken jeden Steckplatz ab, um die Onboard-NVME-SSDs bei optimalen Temperaturen zu halten und so eine gleichbleibende Leistung und Zuverl\u00e4ssigkeit zu gew\u00e4hrleisten.<\/p>\n<p class=\"mb-l\">VRM-K\u00dcHLK\u00d6RPER-ARRAY<\/p>\n<p class=\"mb-l\">Zwei dicke VRM-K\u00fchlk\u00f6rper bieten K\u00fchlkapazit\u00e4t f\u00fcr alle VRMs sowie ausreichend Oberfl\u00e4che und Masse, um den Strombedarf der leistungsstarken AMD Ryzen\u2122 Prozessoren der Serie 9000 zu decken.<\/p>\n<p class=\"mb-l\">CPU<\/p>\n<p class=\"mb-l\">CPU-L\u00dcFTER-ANSCHL\u00dcSSE Ein dediziertes Paar PWM\/DC-L\u00fcfteranschl\u00fcsse bietet einfachen Zugang zu den CPU-K\u00fchlern.<\/p>\n<p class=\"mb-l\">AIO-PUMPEN-L\u00dcFTERANSCHLUSS <\/p>\n<p class=\"mb-l\">Ein spezieller PWM\/DC-Header verbindet eigenst\u00e4ndige Wasserk\u00fchlungssysteme.<\/p>\n<p class=\"mb-l\">4-POLIGE L\u00dcFTERANSCHL\u00dcSSE<\/p>\n<p class=\"mb-l\">Das Strix B850-F verf\u00fcgt \u00fcber vier Geh\u00e4usel\u00fcfter-Header, die jeweils eine automatische Erkennung von PWM- oder DC-L\u00fcftern unterst\u00fctzen.<\/p>\n<p class=\"mb-l\">WIFI 7<\/p>\n<p class=\"mb-l\">Das revolution\u00e4re WiFi 7 ist bis zu 4,8-mal schneller als das Standard-WiFi 6, dank Technologien wie 320-MHz-Kan\u00e4len** im 6-GHz-Band und 4K QAM*. Multi-Link Operation (MLO) sorgt f\u00fcr eine stabilere WiFi-Verbindung und eine geringere Latenz, was neue M\u00f6glichkeiten bei Spielen, Streaming und industriellem IoT er\u00f6ffnet.<\/p>\n<p class=\"mb-l\">ASUS WiFi Q-ANTENNA<\/p>\n<p class=\"mb-l\">Zwei Transceiver unterst\u00fctzen das 2,4-, 5- und 6-GHz-Band, um einen schnelleren Datendurchsatz zu erm\u00f6glichen, mit Richtungsempfindlichkeit, um die Signalqualit\u00e4t zu verbessern und gr\u00f6\u00dfere Entfernungen zu \u00fcberbr\u00fccken.Intel<\/p>\n<p class=\"mb-l\">2.5Gb Ethernet<\/p>\n<p class=\"mb-l\">Das integrierte Intel\u00ae 2,5Gb-Ethernet sorgt f\u00fcr einen Geschwindigkeitsschub bei deiner kabelgebundenen Verbindung. Die 2,5-fache Geschwindigkeit im Vergleich zu Standard-Ethernet-Verbindungen erm\u00f6glicht schnelle Datei\u00fcbertragungen, Spiele mit niedriger Latenz und hochaufl\u00f6sendes Video-Streaming.<\/p>\n<p class=\"mb-l\">PCIE 5.0<\/p>\n<p class=\"mb-l\">Das Strix B850-F ist voll und ganz auf den neuen Standard ausgerichtet und bietet durchgehende PCIe 5.0-Unterst\u00fctzung. Der oberste x16-Erweiterungssteckplatz ist au\u00dferdem mit einer SafeSlot-Halterung gesch\u00fctzt, um das Gewicht der neuesten Grafikkarten zu tragen. Zwei der integrierten M.2-Steckpl\u00e4tze sind f\u00fcr rasante Lese- und Schreibgeschwindigkeiten von 16 GB\/s ausgelegt, w\u00e4hrend die \u00fcbrigen Steckpl\u00e4tze immer noch beeindruckende 8 GB\/s liefern k\u00f6nnen. Jeder M.2-Steckplatz ist mit massiven K\u00fchlk\u00f6rpern ausgestattet, um die W\u00e4rme der Next-Gen-Laufwerke abzuleiten.<\/p>\n<p class=\"mb-l\">USB 20Gbps Anschluss<\/p>\n<p class=\"mb-l\">Ein USB 20Gbps Type-C\u00ae-Anschluss erm\u00f6glicht schnelle Daten\u00fcbertragungen mit bis zu 20 Gbit\/s.<\/p>\n<p class=\"mb-l\">UNBESTREITBAR ROG STRIX<\/p>\n<p class=\"mb-l\">Das ROG Strix B850-F ist schlank und unauff\u00e4llig und l\u00e4sst sich nahtlos mit einer Vielzahl von Systemkomponenten kombinieren. Die tiefschwarze Platine und die passenden Metallk\u00fchlk\u00f6rper sorgen f\u00fcr einen dunklen und intensiven Look, w\u00e4hrend die RGB-Beleuchtung auf der I\/O-Abdeckung daf\u00fcr sorgt, dass du entweder unter dem Radar bleibst oder ein mutiges Statement abgibst.<\/p>\n<p class=\"mb-l\">OUTSHINE THE COMPETITION<\/p>\n<p class=\"mb-l\">Die ROG Strix-Mainboards sind mit der ASUS Aura-Technologie ausgestattet, die eine vollst\u00e4ndige Beleuchtungssteuerung und eine Vielzahl von Voreinstellungen f\u00fcr Onboard-RGB-LEDs und Zubeh\u00f6r von Drittanbietern erm\u00f6glicht. Die Effekte k\u00f6nnen ganz einfach mit kompatiblen ROG-Grafikkarten, Monitoren, Tastaturen und M\u00e4usen synchronisiert werden, um deinem Setup einen einheitlichen Look zu verleihen.<\/p>\n<li class=\"mb-m\">\n<div class=\"flex flex-col m:flex-row gap-s m:gap-xl\">\n<div class=\"text-h3 min-w-[244px] max-w-[244px]\">CPU-Sockel<\/div>\n<div class=\"flex flex-col gap-s\"><span class=\"\"><\/p>\n<ul class=\"flex flex-col gap-s\">\n<li class=\"ml-3xs pl-[15px] relative before:absolute before:w-[8px] before:h-[8px] before:bg-dark before:top-[8px] before:left-0 before:rounded-full\">AM5<\/li>\n<\/ul>\n<p><\/span><\/div>\n<\/div>\n<\/li>\n<li class=\"mb-m\">\n<div class=\"flex flex-col m:flex-row gap-s m:gap-xl\">\n<div class=\"text-h3 min-w-[244px] max-w-[244px]\">Audio<\/div>\n<div class=\"flex flex-col gap-s\"><span class=\"\"><\/p>\n<ul class=\"flex flex-col gap-s\">\n<li class=\"ml-3xs pl-[15px] relative before:absolute before:w-[8px] before:h-[8px] before:bg-dark before:top-[8px] before:left-0 before:rounded-full\">Audio-Chipsatz: Realtek ALC4080<\/li>\n<li class=\"ml-3xs pl-[15px] relative before:absolute before:w-[8px] before:h-[8px] before:bg-dark before:top-[8px] before:left-0 before:rounded-full\">Kan\u00e4le: 7.1 St<\/li>\n<\/ul>\n<p><\/span><\/div>\n<\/div>\n<\/li>\n<li class=\"mb-m\">\n<div class=\"flex flex-col m:flex-row gap-s m:gap-xl\">\n<div class=\"text-h3 min-w-[244px] max-w-[244px]\">Formfaktor Mainboard<\/div>\n<div class=\"flex flex-col gap-s\"><span class=\"\"><\/p>\n<ul class=\"flex flex-col gap-s\">\n<li class=\"ml-3xs pl-[15px] relative before:absolute before:w-[8px] before:h-[8px] before:bg-dark before:top-[8px] before:left-0 before:rounded-full\">ATX<\/li>\n<\/ul>\n<p><\/span><\/div>\n<\/div>\n<\/li>\n<li class=\"mb-m\">\n<div class=\"flex flex-col m:flex-row gap-s m:gap-xl\">\n<div class=\"text-h3 min-w-[244px] max-w-[244px]\">Anzahl 2.5 GB LAN Ports (2.5 Gbit\/s)<\/div>\n<div class=\"flex flex-col gap-s\"><span class=\"\"><\/p>\n<ul class=\"flex flex-col gap-s\">\n<li class=\"ml-3xs pl-[15px] relative before:absolute before:w-[8px] before:h-[8px] before:bg-dark before:top-[8px] before:left-0 before:rounded-full\">1 St<\/li>\n<\/ul>\n<p><\/span><\/div>\n<\/div>\n<\/li>\n<li class=\"mb-m\">\n<div class=\"flex flex-col m:flex-row gap-s m:gap-xl\">\n<div class=\"text-h3 min-w-[244px] max-w-[244px]\">Speicher<\/div>\n<div class=\"flex flex-col gap-s\"><span class=\"\"><\/p>\n<ul class=\"flex flex-col gap-s\">\n<li class=\"ml-3xs pl-[15px] relative before:absolute before:w-[8px] before:h-[8px] before:bg-dark before:top-[8px] before:left-0 before:rounded-full\">Anzahl M.2: 4 St<\/li>\n<li class=\"ml-3xs pl-[15px] relative before:absolute before:w-[8px] before:h-[8px] before:bg-dark before:top-[8px] before:left-0 before:rounded-full\">Speicherkan\u00e4le: Dual Channel<\/li>\n<\/ul>\n<p><\/span><\/div>\n<\/div>\n<\/li>\n<li class=\"mb-m\">\n<div class=\"flex flex-col m:flex-row gap-s m:gap-xl\">\n<div class=\"text-h3 min-w-[244px] max-w-[244px]\">Lieferumfang<\/div>\n<div class=\"flex flex-col gap-s\"><span class=\"\"><\/p>\n<ul class=\"flex flex-col gap-s\">\n<li class=\"ml-3xs pl-[15px] relative before:absolute before:w-[8px] before:h-[8px] before:bg-dark before:top-[8px] before:left-0 before:rounded-full\">Kabel<\/li>\n<li class=\"ml-3xs pl-[15px] relative before:absolute before:w-[8px] before:h-[8px] before:bg-dark before:top-[8px] before:left-0 before:rounded-full\">Schnellstart-Anleitung<\/li>\n<\/ul>\n<p><\/span><\/div>\n<\/div>\n<\/li>\n<li class=\"mb-m\">\n<div class=\"flex flex-col m:flex-row gap-s m:gap-xl\">\n<div class=\"text-h3 min-w-[244px] max-w-[244px]\">Einsatzbereich<\/div>\n<div class=\"flex flex-col gap-s\"><span class=\"\"><\/p>\n<ul class=\"flex flex-col gap-s\">\n<li class=\"ml-3xs pl-[15px] relative before:absolute before:w-[8px] before:h-[8px] before:bg-dark before:top-[8px] before:left-0 before:rounded-full\">Anwenderklasse: Mittelklasse<\/li>\n<li class=\"ml-3xs pl-[15px] relative before:absolute before:w-[8px] before:h-[8px] before:bg-dark before:top-[8px] before:left-0 before:rounded-full\">Einsatzzweck: Spielen<\/li>\n<li class=\"ml-3xs pl-[15px] relative before:absolute before:w-[8px] before:h-[8px] before:bg-dark before:top-[8px] before:left-0 before:rounded-full\">Einsatzbereich: Consumer<\/li>\n<li class=\"ml-3xs pl-[15px] relative before:absolute before:w-[8px] before:h-[8px] before:bg-dark before:top-[8px] before:left-0 before:rounded-full\">Anwendungsgebiet: Gaming<\/li>\n<li class=\"ml-3xs pl-[15px] relative before:absolute before:w-[8px] before:h-[8px] before:bg-dark before:top-[8px] before:left-0 before:rounded-full\">Einsatzgebiet: Gaming<\/li>\n<\/ul>\n<p><\/span><\/div>\n<\/div>\n<\/li>\n<li class=\"mb-m\">\n<div class=\"flex flex-col m:flex-row gap-s m:gap-xl\">\n<div class=\"text-h3 min-w-[244px] max-w-[244px]\">interne Anschl\u00fcsse<\/div>\n<div class=\"flex flex-col gap-s\"><span class=\"\"><\/p>\n<ul class=\"flex flex-col gap-s\">\n<li class=\"ml-3xs pl-[15px] relative before:absolute before:w-[8px] before:h-[8px] before:bg-dark before:top-[8px] before:left-0 before:rounded-full\">int. Anschl\u00fcsse: <\/li>\n<div class=\"itemizedlist\">\n<ul class=\"flex flex-col gap-s\">\n<li class=\"ml-3xs pl-[15px] relative before:absolute before:w-[8px] before:h-[8px] before:bg-dark before:top-[8px] before:left-0 before:rounded-full\">SATA600<\/li>\n<li class=\"ml-3xs pl-[15px] relative before:absolute before:w-[8px] before:h-[8px] before:bg-dark before:top-[8px] before:left-0 before:rounded-full\">M.2<\/li>\n<\/ul>\n<\/div>\n<li class=\"ml-3xs pl-[15px] relative before:absolute before:w-[8px] before:h-[8px] before:bg-dark before:top-[8px] before:left-0 before:rounded-full\">Anzahl int. USB 2.0: 4 St<\/li>\n<li class=\"ml-3xs pl-[15px] relative before:absolute before:w-[8px] before:h-[8px] before:bg-dark before:top-[8px] before:left-0 before:rounded-full\">Anzahl int. USB 3.1: 2 St<\/li>\n<li class=\"ml-3xs pl-[15px] relative before:absolute before:w-[8px] before:h-[8px] before:bg-dark before:top-[8px] before:left-0 before:rounded-full\">Anzahl int. USB-C: 1 St<\/li>\n<li class=\"ml-3xs pl-[15px] relative before:absolute before:w-[8px] before:h-[8px] before:bg-dark before:top-[8px] before:left-0 before:rounded-full\">PCIe Generation: 5.0<\/li>\n<li class=\"ml-3xs pl-[15px] relative before:absolute before:w-[8px] before:h-[8px] before:bg-dark before:top-[8px] before:left-0 before:rounded-full\">PCIe Steckpl\u00e4tze: <\/li>\n<div class=\"itemizedlist\">\n<ul class=\"flex flex-col gap-s\">\n<li class=\"ml-3xs pl-[15px] relative before:absolute before:w-[8px] before:h-[8px] before:bg-dark before:top-[8px] before:left-0 before:rounded-full\">PCIe 5.0<\/li>\n<li class=\"ml-3xs pl-[15px] relative before:absolute before:w-[8px] before:h-[8px] before:bg-dark before:top-[8px] before:left-0 before:rounded-full\">PCIe 4.0<\/li>\n<\/ul>\n<\/div>\n<li class=\"ml-3xs pl-[15px] relative before:absolute before:w-[8px] before:h-[8px] before:bg-dark before:top-[8px] before:left-0 before:rounded-full\">Anzahl PCIe 16x: 2 St<\/li>\n<li class=\"ml-3xs pl-[15px] relative before:absolute before:w-[8px] before:h-[8px] before:bg-dark before:top-[8px] before:left-0 before:rounded-full\">Anzahl PCIe 4.0: 1 St<\/li>\n<li class=\"ml-3xs pl-[15px] relative before:absolute before:w-[8px] before:h-[8px] before:bg-dark before:top-[8px] before:left-0 before:rounded-full\">Anzahl PCIe 5.0: 1 St<\/li>\n<li class=\"ml-3xs pl-[15px] relative before:absolute before:w-[8px] before:h-[8px] before:bg-dark before:top-[8px] before:left-0 before:rounded-full\">Anzahl SATA600: 2 St<\/li>\n<li class=\"ml-3xs pl-[15px] relative before:absolute before:w-[8px] before:h-[8px] before:bg-dark before:top-[8px] before:left-0 before:rounded-full\">Anzahl M.2: 4 St<\/li>\n<\/ul>\n<p><\/span><\/div>\n<\/div>\n<\/li>\n<li class=\"mb-m\">\n<div class=\"flex flex-col m:flex-row gap-s m:gap-xl\">\n<div class=\"text-h3 min-w-[244px] max-w-[244px]\">externe Anschl\u00fcsse<\/div>\n<div class=\"flex flex-col gap-s\"><span class=\"\"><\/p>\n<ul class=\"flex flex-col gap-s\">\n<li class=\"ml-3xs pl-[15px] relative before:absolute before:w-[8px] before:h-[8px] before:bg-dark before:top-[8px] before:left-0 before:rounded-full\">Anzahl Displayport: 1 St<\/li>\n<li class=\"ml-3xs pl-[15px] relative before:absolute before:w-[8px] before:h-[8px] before:bg-dark before:top-[8px] before:left-0 before:rounded-full\">Anzahl HDMI: 1 St<\/li>\n<li class=\"ml-3xs pl-[15px] relative before:absolute before:w-[8px] before:h-[8px] before:bg-dark before:top-[8px] before:left-0 before:rounded-full\">HDMI-Standard: HDMI 2.1<\/li>\n<li class=\"ml-3xs pl-[15px] relative before:absolute before:w-[8px] before:h-[8px] before:bg-dark before:top-[8px] before:left-0 before:rounded-full\">USB-Typ: <\/li>\n<div class=\"itemizedlist\">\n<ul class=\"flex flex-col gap-s\">\n<li class=\"ml-3xs pl-[15px] relative before:absolute before:w-[8px] before:h-[8px] before:bg-dark before:top-[8px] before:left-0 before:rounded-full\">USB 3.2 Gen 1<\/li>\n<li class=\"ml-3xs pl-[15px] relative before:absolute before:w-[8px] before:h-[8px] before:bg-dark before:top-[8px] before:left-0 before:rounded-full\">USB 3.2 Gen 2<\/li>\n<li class=\"ml-3xs pl-[15px] relative before:absolute before:w-[8px] before:h-[8px] before:bg-dark before:top-[8px] before:left-0 before:rounded-full\">USB 2.0<\/li>\n<\/ul>\n<\/div>\n<li class=\"ml-3xs pl-[15px] relative before:absolute before:w-[8px] before:h-[8px] before:bg-dark before:top-[8px] before:left-0 before:rounded-full\">Anzahl USB 2.0: 4 St<\/li>\n<li class=\"ml-3xs pl-[15px] relative before:absolute before:w-[8px] before:h-[8px] before:bg-dark before:top-[8px] before:left-0 before:rounded-full\">Anzahl USB 3.2: 6 St<\/li>\n<li class=\"ml-3xs pl-[15px] relative before:absolute before:w-[8px] before:h-[8px] before:bg-dark before:top-[8px] before:left-0 before:rounded-full\">Anzahl USB-C: 2 St<\/li>\n<li class=\"ml-3xs pl-[15px] relative before:absolute before:w-[8px] before:h-[8px] before:bg-dark before:top-[8px] before:left-0 before:rounded-full\">Audio-Eing\u00e4nge: Mic-In<\/li>\n<li class=\"ml-3xs pl-[15px] relative before:absolute before:w-[8px] before:h-[8px] before:bg-dark before:top-[8px] before:left-0 before:rounded-full\">Audio-Ausg\u00e4nge: <\/li>\n<div class=\"itemizedlist\">\n<ul class=\"flex flex-col gap-s\">\n<li class=\"ml-3xs pl-[15px] relative before:absolute before:w-[8px] before:h-[8px] before:bg-dark before:top-[8px] before:left-0 before:rounded-full\">Audio Out<\/li>\n<li class=\"ml-3xs pl-[15px] relative before:absolute before:w-[8px] before:h-[8px] before:bg-dark before:top-[8px] before:left-0 before:rounded-full\">optischer Digitalausgang<\/li>\n<\/ul>\n<\/div>\n<li class=\"ml-3xs pl-[15px] relative before:absolute before:w-[8px] before:h-[8px] before:bg-dark before:top-[8px] before:left-0 before:rounded-full\">ext. Anschl\u00fcsse: LAN<\/li>\n<\/ul>\n<p><\/span><\/div>\n<\/div>\n<\/li>\n<li class=\"mb-m\">\n<div class=\"flex flex-col m:flex-row gap-s m:gap-xl\">\n<div class=\"text-h3 min-w-[244px] max-w-[244px]\">Arbeitsspeicher (RAM)<\/div>\n<div class=\"flex flex-col gap-s\"><span class=\"\"><\/p>\n<ul class=\"flex flex-col gap-s\">\n<li class=\"ml-3xs pl-[15px] relative before:absolute before:w-[8px] before:h-[8px] before:bg-dark before:top-[8px] before:left-0 before:rounded-full\">maximaler Arbeitsspeicher: 192 GB<\/li>\n<li class=\"ml-3xs pl-[15px] relative before:absolute before:w-[8px] before:h-[8px] before:bg-dark before:top-[8px] before:left-0 before:rounded-full\">RAM-Steckpl\u00e4tze frei: 4 St<\/li>\n<li class=\"ml-3xs pl-[15px] relative before:absolute before:w-[8px] before:h-[8px] before:bg-dark before:top-[8px] before:left-0 before:rounded-full\">RAM-Steckpl\u00e4tze gesamt: 4 St<\/li>\n<li class=\"ml-3xs pl-[15px] relative before:absolute before:w-[8px] before:h-[8px] before:bg-dark before:top-[8px] before:left-0 before:rounded-full\">Arbeitsspeicher-Typ: DDR5<\/li>\n<li class=\"ml-3xs pl-[15px] relative before:absolute before:w-[8px] before:h-[8px] before:bg-dark before:top-[8px] before:left-0 before:rounded-full\">PIN Anzahl: 288 PIN<\/li>\n<li class=\"ml-3xs pl-[15px] relative before:absolute before:w-[8px] before:h-[8px] before:bg-dark before:top-[8px] before:left-0 before:rounded-full\">Arbeitspeicher-Taktung: 8000 MHz<\/li>\n<\/ul>\n<p><\/span><\/div>\n<\/div>\n<\/li>\n<li class=\"mb-m\">\n<div class=\"flex flex-col m:flex-row gap-s m:gap-xl\">\n<div class=\"text-h3 min-w-[244px] max-w-[244px]\">Herstellergarantie<\/div>\n<div class=\"flex flex-col gap-s\"><span class=\"\"><\/p>\n<ul class=\"flex flex-col gap-s\">\n<li class=\"ml-3xs pl-[15px] relative before:absolute before:w-[8px] before:h-[8px] before:bg-dark before:top-[8px] before:left-0 before:rounded-full\">3 Jahre<\/li>\n<\/ul>\n<p><\/span><\/div>\n<\/div>\n<\/li>\n<li class=\"mb-m\">\n<div class=\"flex flex-col m:flex-row gap-s m:gap-xl\">\n<div class=\"text-h3 min-w-[244px] max-w-[244px]\">Kabellose Konnektivit\u00e4t<\/div>\n<div class=\"flex flex-col gap-s\"><span class=\"\"><\/p>\n<ul class=\"flex flex-col gap-s\">\n<li class=\"ml-3xs pl-[15px] relative before:absolute before:w-[8px] before:h-[8px] before:bg-dark before:top-[8px] before:left-0 before:rounded-full\">Kabellose \u00dcbertragungsm\u00f6glichkeiten: <\/li>\n<div class=\"itemizedlist\">\n<ul class=\"flex flex-col gap-s\">\n<li class=\"ml-3xs pl-[15px] relative before:absolute before:w-[8px] before:h-[8px] before:bg-dark before:top-[8px] before:left-0 before:rounded-full\">Bluetooth<\/li>\n<li class=\"ml-3xs pl-[15px] relative before:absolute before:w-[8px] before:h-[8px] before:bg-dark before:top-[8px] before:left-0 before:rounded-full\">WLAN<\/li>\n<\/ul>\n<\/div>\n<li class=\"ml-3xs pl-[15px] relative before:absolute before:w-[8px] before:h-[8px] before:bg-dark before:top-[8px] before:left-0 before:rounded-full\">WLAN Standard: Wi-Fi 7<\/li>\n<li class=\"ml-3xs pl-[15px] relative before:absolute before:w-[8px] before:h-[8px] before:bg-dark before:top-[8px] before:left-0 before:rounded-full\">WLAN Frequenzband: <\/li>\n<div class=\"itemizedlist\">\n<ul class=\"flex flex-col gap-s\">\n<li class=\"ml-3xs pl-[15px] relative before:absolute before:w-[8px] before:h-[8px] before:bg-dark before:top-[8px] before:left-0 before:rounded-full\">2,4 GHz<\/li>\n<li class=\"ml-3xs pl-[15px] relative before:absolute before:w-[8px] before:h-[8px] before:bg-dark before:top-[8px] before:left-0 before:rounded-full\">5 GHz<\/li>\n<li class=\"ml-3xs pl-[15px] relative before:absolute before:w-[8px] before:h-[8px] before:bg-dark before:top-[8px] before:left-0 before:rounded-full\">6 GHz<\/li>\n<\/ul>\n<\/div>\n<li class=\"ml-3xs pl-[15px] relative before:absolute before:w-[8px] before:h-[8px] before:bg-dark before:top-[8px] before:left-0 before:rounded-full\">Bluetooth Typ: 5.4<\/li>\n<\/ul>\n<p><\/span><\/div>\n<\/div>\n<\/li>\n<li class=\"mb-m\">\n<div class=\"flex flex-col m:flex-row gap-s m:gap-xl\">\n<div class=\"text-h3 min-w-[244px] max-w-[244px]\">Technische Eigenschaften<\/div>\n<div class=\"flex flex-col gap-s\"><span class=\"\"><\/p>\n<ul class=\"flex flex-col gap-s\">\n<li class=\"ml-3xs pl-[15px] relative before:absolute before:w-[8px] before:h-[8px] before:bg-dark before:top-[8px] before:left-0 before:rounded-full\">sonstige Eigenschaften: <\/li>\n<div class=\"itemizedlist\">\n<ul class=\"flex flex-col gap-s\">\n<li class=\"ml-3xs pl-[15px] relative before:absolute before:w-[8px] before:h-[8px] before:bg-dark before:top-[8px] before:left-0 before:rounded-full\">AMD RYZEN 7000 Serie<\/li>\n<li class=\"ml-3xs pl-[15px] relative before:absolute before:w-[8px] before:h-[8px] before:bg-dark before:top-[8px] before:left-0 before:rounded-full\">AMD RYZEN 8000 Serie<\/li>\n<li class=\"ml-3xs pl-[15px] relative before:absolute before:w-[8px] before:h-[8px] before:bg-dark before:top-[8px] before:left-0 before:rounded-full\">AMD RYZEN 9000 Serie<\/li>\n<\/ul>\n<\/div>\n<li class=\"ml-3xs pl-[15px] relative before:absolute before:w-[8px] before:h-[8px] before:bg-dark before:top-[8px] before:left-0 before:rounded-full\">Chipsatz: AMD B850<\/li>\n<li class=\"ml-3xs pl-[15px] relative before:absolute before:w-[8px] before:h-[8px] before:bg-dark before:top-[8px] before:left-0 before:rounded-full\">Formfaktor: ATX<\/li>\n<li class=\"ml-3xs pl-[15px] relative before:absolute before:w-[8px] before:h-[8px] before:bg-dark before:top-[8px] before:left-0 before:rounded-full\">RAID Level: RAID (0\/1\/5\/10)<\/li>\n<\/ul>\n<p><\/span><\/div>\n<\/div>\n<\/li>\n","protected":false},"excerpt":{"rendered":"<li class=\"bullet-list-item\">ATX Mainboard, Sockel AM5, AMD RYZEN 7000 Serie-AMD RYZEN 8000 Serie-AMD RYZEN 9000 Serie<\/li>\n<li class=\"bullet-list-item\">AMD B850 Chipsatz<\/li>\n<li class=\"bullet-list-item\">192 GB max. RAM, DDR5, bis zu 8000 MHz, 4 Steckpl\u00e4tze<\/li>\n<li class=\"bullet-list-item\">1x HDMI, 1x DP, 6x USB 3.2 <\/li>\n<li class=\"bullet-list-item\">1x PCIe 5.0, 1x PCIe 4.0, 2x SATA600, 4x M.2 <\/li>\n<p> Herstellernummer 90MB1J70-M0EAY0<\/p>","protected":false},"featured_media":45014,"comment_status":"open","ping_status":"closed","template":"","meta":{"_monsterinsights_skip_tracking":false,"_monsterinsights_sitenote_active":false,"_monsterinsights_sitenote_note":"","_monsterinsights_sitenote_category":0,"_uf_show_specific_survey":0,"_uf_disable_surveys":false},"product_brand":[],"product_cat":[476],"product_tag":[],"models":[],"years":[],"class_list":{"0":"post-32750","1":"product","2":"type-product","3":"status-publish","4":"has-post-thumbnail","6":"product_cat-gaming-komponenten","8":"first","9":"instock","10":"sale","11":"shipping-taxable","12":"purchasable","13":"product-type-simple"},"aioseo_notices":[],"acf":[],"_links":{"self":[{"href":"https:\/\/amannforg.com\/fr\/wp-json\/wp\/v2\/product\/32750","targetHints":{"allow":["GET"]}}],"collection":[{"href":"https:\/\/amannforg.com\/fr\/wp-json\/wp\/v2\/product"}],"about":[{"href":"https:\/\/amannforg.com\/fr\/wp-json\/wp\/v2\/types\/product"}],"replies":[{"embeddable":true,"href":"https:\/\/amannforg.com\/fr\/wp-json\/wp\/v2\/comments?post=32750"}],"version-history":[{"count":1,"href":"https:\/\/amannforg.com\/fr\/wp-json\/wp\/v2\/product\/32750\/revisions"}],"predecessor-version":[{"id":57700,"href":"https:\/\/amannforg.com\/fr\/wp-json\/wp\/v2\/product\/32750\/revisions\/57700"}],"wp:featuredmedia":[{"embeddable":true,"href":"https:\/\/amannforg.com\/fr\/wp-json\/wp\/v2\/media\/45014"}],"wp:attachment":[{"href":"https:\/\/amannforg.com\/fr\/wp-json\/wp\/v2\/media?parent=32750"}],"wp:term":[{"taxonomy":"product_brand","embeddable":true,"href":"https:\/\/amannforg.com\/fr\/wp-json\/wp\/v2\/product_brand?post=32750"},{"taxonomy":"product_cat","embeddable":true,"href":"https:\/\/amannforg.com\/fr\/wp-json\/wp\/v2\/product_cat?post=32750"},{"taxonomy":"product_tag","embeddable":true,"href":"https:\/\/amannforg.com\/fr\/wp-json\/wp\/v2\/product_tag?post=32750"},{"taxonomy":"models","embeddable":true,"href":"https:\/\/amannforg.com\/fr\/wp-json\/wp\/v2\/models?post=32750"},{"taxonomy":"years","embeddable":true,"href":"https:\/\/amannforg.com\/fr\/wp-json\/wp\/v2\/years?post=32750"}],"curies":[{"name":"wp","href":"https:\/\/api.w.org\/{rel}","templated":true}]}}