{"id":32879,"date":"2026-03-03T13:04:00","date_gmt":"2026-03-03T13:04:00","guid":{"rendered":"https:\/\/amannforg.com\/?post_type=product&#038;p=32879"},"modified":"2026-03-07T16:29:11","modified_gmt":"2026-03-07T16:29:11","slug":"32gb-2x16gb-kingston-fury-beast-ddr4-3200-cl16-ram-gaming-arbeitsspeicher-kit","status":"publish","type":"product","link":"https:\/\/amannforg.com\/fr\/produit\/32gb-2x16gb-kingston-fury-beast-ddr4-3200-cl16-ram-gaming-arbeitsspeicher-kit\/","title":{"rendered":"32GB (2x16GB) KINGSTON FURY Beast DDR4-3200 CL16 RAM Gaming Arbeitsspeicher Kit"},"content":{"rendered":"<div class=\"article\">\n<p class=\"mb-l\">Kingston FURY\u2122 Beast DDR4 bietet mit Geschwindigkeiten von bis zu 3733MHz1 einen kr\u00e4ftigen Leistungsschub f\u00fcr Spiele, Videobearbeitung und Rendering. Dieses kosteng\u00fcnstige Upgrade bietet Geschwindigkeiten von 2666MHz bis 3733MHz, Latenzen von CL15 bis CL19 und Einzelmodulkapazit\u00e4ten von 4GB bis 32GB sowie Kit-Kapazit\u00e4ten von 8GB bis 128GB. Er verf\u00fcgt \u00fcber eine automatische Plug-N-Play-\u00dcbertaktung mit 2666 MHz1 und ist sowohl mit Intel XMP als auch mit AMD Ryzen kompatibel. FURY Beast DDR4 bleibt k\u00fchl, dank stylischem, schlankem K\u00fchlk\u00f6rper. Das kosteng\u00fcnstige Upgrade ist ein Sorglospaket f\u00fcr jedes Intel- oder AMD-basierte System, 100% geschwindigkeitsgetestet und unterst\u00fctzt von lebenslanger Garantie.<\/p>\n<p class=\"mb-l\">Einige \u00e4ltere Chips\u00e4tze\/Prozessoren von Intel vor der 8. Generation wurden nicht aktualisiert, um Speichermodule mit DDR4-DRAM mit 16 Gbit Dichte zu unterst\u00fctzen. Erkundige dich beim System- oder Motherboard-Hersteller nach einem aktualisierten BIOS zur Unterst\u00fctzung von 16 Gbit-DRAM.<\/p>\n<div class=\"formalpara\">\n<div class=\"titlepage\">\n<h2 class=\"text-h3 mb-l\">Features:<\/h2>\n<\/div><\/div>\n<div class=\"itemizedlist\">\n<ul class=\"bullet-list\">\n<li class=\"bullet-list-item\">\n<p class=\"mb-l\"> Low-Profile-K\u00fchlk\u00f6rper-Design<\/p>\n<\/li>\n<li class=\"bullet-list-item\">\n<p class=\"mb-l\"> Kosteneffizientes, leistungsstarkes DDR4-Upgrade<\/p>\n<\/li>\n<li class=\"bullet-list-item\">\n<p class=\"mb-l\"> Kompatibel mit Intel XMP<\/p>\n<\/li>\n<li class=\"bullet-list-item\">\n<p class=\"mb-l\"> Kompatibel mit AMD Ryzen<\/p>\n<\/li>\n<li class=\"bullet-list-item\">\n<p class=\"mb-l\"> Geschwindigkeiten bis zu 3733MHz1 und Kit-Kapazit\u00e4t bis zu 128GB<\/p>\n<\/li>\n<li class=\"bullet-list-item\">\n<p class=\"mb-l\"> Plug-and-Play-Funktionalit\u00e4t bei 2666MHz1<\/p>\n<\/li>\n<\/ul>\n<\/div><\/div>\n<li class=\"mb-m\">\n<div class=\"flex flex-col m:flex-row gap-s m:gap-xl\">\n<div class=\"text-h3 min-w-[244px] max-w-[244px]\">Speichertechnologie<\/div>\n<div class=\"flex flex-col gap-s\"><span class=\"ml-3xs pl-[15px] relative before:absolute before:w-[8px] before:h-[8px] before:bg-dark before:top-[8px] before:left-0 before:rounded-full\">DDR4-RAM<\/span><\/div>\n<\/div>\n<\/li>\n<li class=\"mb-m\">\n<div class=\"flex flex-col m:flex-row gap-s m:gap-xl\">\n<div class=\"text-h3 min-w-[244px] max-w-[244px]\">Module<\/div>\n<div class=\"flex flex-col gap-s\"><span class=\"ml-3xs pl-[15px] relative before:absolute before:w-[8px] before:h-[8px] before:bg-dark before:top-[8px] before:left-0 before:rounded-full\">2 St\u00fcck<\/span><\/div>\n<\/div>\n<\/li>\n<li class=\"mb-m\">\n<div class=\"flex flex-col m:flex-row gap-s m:gap-xl\">\n<div class=\"text-h3 min-w-[244px] max-w-[244px]\">Gesamtkapazit\u00e4t<\/div>\n<div class=\"flex flex-col gap-s\"><span class=\"ml-3xs pl-[15px] relative before:absolute before:w-[8px] before:h-[8px] before:bg-dark before:top-[8px] before:left-0 before:rounded-full\">32 GB<\/span><\/div>\n<\/div>\n<\/li>\n<li class=\"mb-m\">\n<div class=\"flex flex-col m:flex-row gap-s m:gap-xl\">\n<div class=\"text-h3 min-w-[244px] max-w-[244px]\">Geschwindigkeit<\/div>\n<div class=\"flex flex-col gap-s\"><span class=\"ml-3xs pl-[15px] relative before:absolute before:w-[8px] before:h-[8px] before:bg-dark before:top-[8px] before:left-0 before:rounded-full\">3200 MHz<\/span><\/div>\n<\/div>\n<\/li>\n<li class=\"mb-m\">\n<div class=\"flex flex-col m:flex-row gap-s m:gap-xl\">\n<div class=\"text-h3 min-w-[244px] max-w-[244px]\">Timings<\/div>\n<div class=\"flex flex-col gap-s\"><span class=\"ml-3xs pl-[15px] relative before:absolute before:w-[8px] before:h-[8px] before:bg-dark before:top-[8px] before:left-0 before:rounded-full\">CAS Latency (CL) 16<\/span><\/div>\n<\/div>\n<\/li>\n<li class=\"mb-m\">\n<div class=\"flex flex-col m:flex-row gap-s m:gap-xl\">\n<div class=\"text-h3 min-w-[244px] max-w-[244px]\">ECC-Unterst\u00fctzung<\/div>\n<div class=\"flex flex-col gap-s\"><span class=\"ml-3xs pl-[15px] relative before:absolute before:w-[8px] before:h-[8px] before:bg-dark before:top-[8px] before:left-0 before:rounded-full\">nein<\/span><\/div>\n<\/div>\n<\/li>\n<li class=\"mb-m\">\n<div class=\"flex flex-col m:flex-row gap-s m:gap-xl\">\n<div class=\"text-h3 min-w-[244px] max-w-[244px]\">Registered<\/div>\n<div class=\"flex flex-col gap-s\"><span class=\"ml-3xs pl-[15px] relative before:absolute before:w-[8px] before:h-[8px] before:bg-dark before:top-[8px] before:left-0 before:rounded-full\">nein<\/span><\/div>\n<\/div>\n<\/li>\n<li class=\"mb-m\">\n<div class=\"flex flex-col m:flex-row gap-s m:gap-xl\">\n<div class=\"text-h3 min-w-[244px] max-w-[244px]\">Anschluss<\/div>\n<div class=\"flex flex-col gap-s\"><span class=\"ml-3xs pl-[15px] relative before:absolute before:w-[8px] before:h-[8px] before:bg-dark before:top-[8px] before:left-0 before:rounded-full\">288-pin<\/span><\/div>\n<\/div>\n<\/li>\n<li class=\"mb-m\">\n<div class=\"flex flex-col m:flex-row gap-s m:gap-xl\">\n<div class=\"text-h3 min-w-[244px] max-w-[244px]\">Spannung<\/div>\n<div class=\"flex flex-col gap-s\"><span class=\"ml-3xs pl-[15px] relative before:absolute before:w-[8px] before:h-[8px] before:bg-dark before:top-[8px] before:left-0 before:rounded-full\">1,2 Volt<\/span><\/div>\n<\/div>\n<\/li>\n<li class=\"mb-m\">\n<div class=\"flex flex-col m:flex-row gap-s m:gap-xl\">\n<div class=\"text-h3 min-w-[244px] max-w-[244px]\">Besonderheiten<\/div>\n<div class=\"flex flex-col gap-s\"><span class=\"ml-3xs pl-[15px] relative before:absolute before:w-[8px] before:h-[8px] before:bg-dark before:top-[8px] before:left-0 before:rounded-full\">Intel-XMP-Unterst\u00fctzung 2.0<\/span><\/div>\n<\/div>\n<\/li>\n","protected":false},"excerpt":{"rendered":"<li class=\"bullet-list-item\">32 GB (RAM-Module: 2 St\u00fcck)<\/li>\n<li class=\"bullet-list-item\">DDR4-RAM 3200 MHz  <\/li>\n<li class=\"bullet-list-item\">CAS Latency (CL) 16<\/li>\n<li class=\"bullet-list-item\">Anschluss:288-pin, Spannung:1,2 Volt<\/li>\n<li class=\"bullet-list-item\">Besonderheiten: Intel-XMP-Unterst\u00fctzung 2.0<\/li>\n<p> Herstellernummer KF432C16BBK2\/32<\/p>","protected":false},"featured_media":45085,"comment_status":"open","ping_status":"closed","template":"","meta":{"_monsterinsights_skip_tracking":false,"_monsterinsights_sitenote_active":false,"_monsterinsights_sitenote_note":"","_monsterinsights_sitenote_category":0,"_uf_show_specific_survey":0,"_uf_disable_surveys":false},"product_brand":[],"product_cat":[476],"product_tag":[],"models":[],"years":[],"class_list":{"0":"post-32879","1":"product","2":"type-product","3":"status-publish","4":"has-post-thumbnail","6":"product_cat-gaming-komponenten","8":"first","9":"instock","10":"sale","11":"shipping-taxable","12":"purchasable","13":"product-type-simple"},"aioseo_notices":[],"acf":[],"_links":{"self":[{"href":"https:\/\/amannforg.com\/fr\/wp-json\/wp\/v2\/product\/32879","targetHints":{"allow":["GET"]}}],"collection":[{"href":"https:\/\/amannforg.com\/fr\/wp-json\/wp\/v2\/product"}],"about":[{"href":"https:\/\/amannforg.com\/fr\/wp-json\/wp\/v2\/types\/product"}],"replies":[{"embeddable":true,"href":"https:\/\/amannforg.com\/fr\/wp-json\/wp\/v2\/comments?post=32879"}],"version-history":[{"count":1,"href":"https:\/\/amannforg.com\/fr\/wp-json\/wp\/v2\/product\/32879\/revisions"}],"predecessor-version":[{"id":57713,"href":"https:\/\/amannforg.com\/fr\/wp-json\/wp\/v2\/product\/32879\/revisions\/57713"}],"wp:featuredmedia":[{"embeddable":true,"href":"https:\/\/amannforg.com\/fr\/wp-json\/wp\/v2\/media\/45085"}],"wp:attachment":[{"href":"https:\/\/amannforg.com\/fr\/wp-json\/wp\/v2\/media?parent=32879"}],"wp:term":[{"taxonomy":"product_brand","embeddable":true,"href":"https:\/\/amannforg.com\/fr\/wp-json\/wp\/v2\/product_brand?post=32879"},{"taxonomy":"product_cat","embeddable":true,"href":"https:\/\/amannforg.com\/fr\/wp-json\/wp\/v2\/product_cat?post=32879"},{"taxonomy":"product_tag","embeddable":true,"href":"https:\/\/amannforg.com\/fr\/wp-json\/wp\/v2\/product_tag?post=32879"},{"taxonomy":"models","embeddable":true,"href":"https:\/\/amannforg.com\/fr\/wp-json\/wp\/v2\/models?post=32879"},{"taxonomy":"years","embeddable":true,"href":"https:\/\/amannforg.com\/fr\/wp-json\/wp\/v2\/years?post=32879"}],"curies":[{"name":"wp","href":"https:\/\/api.w.org\/{rel}","templated":true}]}}